{"id":45,"date":"2020-11-30T12:47:57","date_gmt":"2020-11-30T09:47:57","guid":{"rendered":"https:\/\/www.myvize.com.tr\/misir\/?page_id=45"},"modified":"2022-04-22T15:50:18","modified_gmt":"2022-04-22T12:50:18","slug":"misir-oturum-izni","status":"publish","type":"page","link":"https:\/\/www.myvize.com.tr\/misir\/vize-islemleri\/misir-oturum-izni\/","title":{"rendered":"M\u0131s\u0131r Oturum \u0130zni"},"content":{"rendered":"<h2><span style=\"font-family: Roboto; font-size: 27px;\">M\u0131s\u0131r Oturum \u0130zni Alma<\/span><\/h2>\n<p><span style=\"font-family: Roboto; font-size: 14px;\">Belirli bir ama\u00e7 ile uzun s\u00fcreli olarak M\u0131s\u0131r\u2019da kalmak isteyen ki\u015filerin M\u0131s\u0131r, oturum izni almas\u0131 gerekmektedir. <strong>M\u0131s\u0131r oturum izni<\/strong> alacak olan ki\u015filer a\u015fa\u011f\u0131daki durumlarda ba\u015fvuruda bulunabilir.<\/span><\/p>\n<ul>\n<li><span style=\"font-family: Roboto; font-size: 14px;\">M\u0131s\u0131r\u2019da e\u011fitim g\u00f6rmek isteyen ki\u015filer<\/span><\/li>\n<li><span style=\"font-family: Roboto; font-size: 14px;\">M\u0131s\u0131r\u2019da t\u0131bbi tedavi g\u00f6recek olan ki\u015filer<\/span><\/li>\n<li><span style=\"font-family: Roboto; font-size: 14px;\">M\u0131s\u0131r\u2019da bulunan aile \u00fcyesinin yan\u0131nda ya\u015famak yani aile birle\u015fimi yapmak isteyen ki\u015filer<\/span><\/li>\n<li><span style=\"font-family: Roboto; font-size: 14px;\">M\u0131s\u0131r\u2019da \u00e7al\u0131\u015fmak isteyen ki\u015filer<\/span><\/li>\n<li><span style=\"font-family: Roboto; font-size: 14px;\">M\u0131s\u0131r\u2019da i\u015f kurmu\u015f olan ki\u015filer<\/span><\/li>\n<li><span style=\"font-family: Roboto; font-size: 14px;\">M\u0131s\u0131r\u2019dan Gayrimenkul sat\u0131n alm\u0131\u015f ki\u015filer<\/span><\/li>\n<\/ul>\n<p><span style=\"font-family: Roboto; font-size: 14px;\"><strong>M\u0131s\u0131r oturum izni<\/strong> ba\u015fvurular\u0131 T\u00fcrkiye\u2019de bulunan <span style=\"color: #2acec2;\"><strong><a style=\"color: #2acec2;\" href=\"https:\/\/www.myvize.com.tr\/misir\/konsolosluklar\/ankara-buyukelciligi\/\" target=\"_blank\" rel=\"noopener\">M\u0131s\u0131r Ankara B\u00fcy\u00fckel\u00e7ili\u011fi<\/a><\/strong><\/span>\u2019ne ve M\u0131s\u0131r \u0130stanbul Ba\u015fkonsoloslu\u011funa yap\u0131lmal\u0131d\u0131r. <strong>M\u0131s\u0131r oturum izni<\/strong> alacak olan ki\u015filer T\u00fcrkiye\u2019de k\u0131sa s\u00fcreli oturum izni alabilir. M\u0131s\u0131r\u2019a gittikten sonra M\u0131s\u0131r Yabanc\u0131lar Ofisi\u2019ne uzun s\u00fcreli vize ba\u015fvurusunda bulunmal\u0131d\u0131r.<\/span><\/p>\n<p><span style=\"font-family: Roboto; font-size: 14px;\"><strong>M\u0131s\u0131r oturum izni<\/strong> i\u00e7in, M\u0131s\u0131r Konsoloslu\u011fu\u2019na ge\u00e7erli bir neden sunman\u0131z gerekmektedir. Bu nedeninizi belgeler ile kan\u0131tlamal\u0131s\u0131n\u0131z. Ayr\u0131ca oturum izni talebinize uygun olarak davetiye almal\u0131 ve bunu M\u0131s\u0131r temsilciliklerine sunmal\u0131s\u0131n\u0131z.<strong> M\u0131s\u0131r oturum izni<\/strong> ba\u015fvurusunda bulunacak olan ki\u015filer, istenen belgeleri eksiksiz ve g\u00fcncel olarak haz\u0131rlamal\u0131d\u0131r. <strong>M\u0131s\u0131r oturum izni<\/strong> i\u00e7in istenen belgelerin y\u0131pranm\u0131\u015f olmas\u0131 durumunda<span style=\"color: #2acec2;\"><strong><a style=\"color: #2acec2;\" href=\"https:\/\/www.myvize.com.tr\/misir\/vize-islemleri\/misir-vizesi\/\" target=\"_blank\" rel=\"noopener\"> M\u0131s\u0131r vizesi<\/a><\/strong><\/span> ba\u015fvurunuz reddedilir.<\/span><\/p>\n<p><img decoding=\"async\" src=\"https:\/\/www.myvize.com.tr\/misir\/wp-content\/uploads\/2021\/10\/13.jpg\" \/><\/p>\n<h2><span style=\"font-family: Roboto; font-size: 27px;\"><b>M\u0131s\u0131r Oturum \u0130zni Hakk\u0131nda<\/b><\/span><\/h2>\n<p><span style=\"font-family: Roboto; font-size: 14px;\">Bir\u00e7ok birey, \u00e7e\u015fitli nedenler do\u011frultusunda <strong>M\u0131s\u0131r oturum izni<\/strong> almak isteyebilir. Kimi zaman evlilik, kimi zaman e\u011fitim, kimi zamansa i\u015f i\u00e7in M\u0131s\u0131r\u2019a yerle\u015fmek durumunda kalabilirsiniz. Hal b\u00f6yle olunca da <strong>M\u0131s\u0131r oturum izni i\u00e7in<\/strong> ba\u015fvuruda bulunmak ka\u00e7\u0131n\u0131lmaz hale gelecek demektir. M\u0131s\u0131r\u2019da i\u015f kurma, \u00e7al\u0131\u015fma y\u00fcr\u00fctme, ticari bazl\u0131 etkinlikleri ger\u00e7ekle\u015ftirme, e\u011fitim g\u00f6rme gibi uzun s\u00fcreli ikamet plan\u0131 yapmak isteyen her vatanda\u015f, \u00fclkemizden ald\u0131\u011f\u0131 k\u0131sa zamanl\u0131 vizeleri ile \u00fclkeye giri\u015f yapmalar\u0131n\u0131n akabinde zaman kayb\u0131 ya\u015famadan uzun zamanl\u0131 oturum izni ba\u015fvurusu i\u015flemlerini yapmakla y\u00fck\u00fcml\u00fcd\u00fcr. <strong>\u00a0M\u0131s\u0131r oturum izni ba\u015fvuru<\/strong> evraklar\u0131 eksiksiz haz\u0131rlanmad\u0131\u011f\u0131 takdirde t\u00fcrl\u00fc sorunlara neden olabilir. Vize reddi almak istemiyorsan\u0131z gereken belgeleri tamamen eksiksiz olarak ilgili yerlere g\u00f6t\u00fcrmelisiniz. Bu i\u015flemlerin her birini sizin yerinize bir ba\u015fkas\u0131n\u0131n yapmas\u0131n\u0131 istiyorsan\u0131z vize merkezlerinden bir tanesi ile anla\u015fma yapabilirsiniz. B\u00f6ylece<strong> M\u0131s\u0131r\u2019da oturum izni<\/strong> alabilmeniz i\u00e7in sizin yerinize her bir i\u015flemi vize acenteleri halledebilir. Bunun se\u00e7imini yapmak asl\u0131nda tamamen size kalm\u0131\u015f bir durumdur. Dilerseniz i\u015flemleri kendiniz de ger\u00e7ekle\u015ftirebilirsiniz. Ba\u015fvuru formunu doldurmay\u0131 unutmay\u0131n.<\/span><\/p>\n","protected":false},"excerpt":{"rendered":"<p>M\u0131s\u0131r Oturum \u0130zni Alma Belirli bir ama\u00e7 ile uzun s\u00fcreli olarak M\u0131s\u0131r\u2019da kalmak isteyen ki\u015filerin M\u0131s\u0131r, oturum izni almas\u0131 gerekmektedir. M\u0131s\u0131r oturum izni alacak olan ki\u015filer a\u015fa\u011f\u0131daki durumlarda ba\u015fvuruda bulunabilir. M\u0131s\u0131r\u2019da e\u011fitim g\u00f6rmek isteyen ki\u015filer M\u0131s\u0131r\u2019da t\u0131bbi tedavi g\u00f6recek olan ki\u015filer M\u0131s\u0131r\u2019da bulunan aile \u00fcyesinin yan\u0131nda ya\u015famak yani aile birle\u015fimi yapmak isteyen ki\u015filer M\u0131s\u0131r\u2019da \u00e7al\u0131\u015fmak<\/p>\n","protected":false},"author":1,"featured_media":0,"parent":18,"menu_order":0,"comment_status":"closed","ping_status":"closed","template":"","meta":{"footnotes":""},"class_list":["post-45","page","type-page","status-publish","hentry"],"yoast_head":"<!-- This site is optimized with the Yoast SEO plugin v24.0 - https:\/\/yoast.com\/wordpress\/plugins\/seo\/ -->\n<title>M\u0131s\u0131r Oturum \u0130zni - M\u0131s\u0131r Oturum Vize \u0130\u015flemi - MyVize<\/title>\n<meta name=\"description\" content=\"M\u0131s\u0131r oturum vizesi gerekli evrak listesi 2022. M\u0131s\u0131r oturum vizesi nas\u0131l al\u0131n\u0131r? M\u0131s\u0131r oturum vizesine dair her \u015fey.\" \/>\n<meta name=\"robots\" content=\"index, follow, max-snippet:-1, max-image-preview:large, max-video-preview:-1\" \/>\n<link rel=\"canonical\" href=\"https:\/\/www.myvize.com.tr\/misir\/vize-islemleri\/misir-oturum-izni\/\" \/>\n<meta property=\"og:locale\" content=\"tr_TR\" \/>\n<meta property=\"og:type\" content=\"article\" \/>\n<meta property=\"og:title\" content=\"M\u0131s\u0131r Oturum \u0130zni - M\u0131s\u0131r Oturum Vize \u0130\u015flemi - MyVize\" \/>\n<meta property=\"og:description\" content=\"M\u0131s\u0131r oturum vizesi gerekli evrak listesi 2022. M\u0131s\u0131r oturum vizesi nas\u0131l al\u0131n\u0131r? M\u0131s\u0131r oturum vizesine dair her \u015fey.\" \/>\n<meta property=\"og:url\" content=\"https:\/\/www.myvize.com.tr\/misir\/vize-islemleri\/misir-oturum-izni\/\" \/>\n<meta property=\"og:site_name\" content=\"M\u0131s\u0131r Vizesi\" \/>\n<meta property=\"article:modified_time\" content=\"2022-04-22T12:50:18+00:00\" \/>\n<meta property=\"og:image\" content=\"https:\/\/www.myvize.com.tr\/misir\/wp-content\/uploads\/2021\/10\/13.jpg\" \/>\n<meta name=\"twitter:card\" content=\"summary_large_image\" \/>\n<meta name=\"twitter:label1\" content=\"Tahmini okuma s\u00fcresi\" \/>\n\t<meta name=\"twitter:data1\" content=\"2 dakika\" \/>\n<script type=\"application\/ld+json\" class=\"yoast-schema-graph\">{\"@context\":\"https:\/\/schema.org\",\"@graph\":[{\"@type\":\"WebPage\",\"@id\":\"https:\/\/www.myvize.com.tr\/misir\/vize-islemleri\/misir-oturum-izni\/\",\"url\":\"https:\/\/www.myvize.com.tr\/misir\/vize-islemleri\/misir-oturum-izni\/\",\"name\":\"M\u0131s\u0131r Oturum \u0130zni - M\u0131s\u0131r Oturum Vize \u0130\u015flemi - MyVize\",\"isPartOf\":{\"@id\":\"https:\/\/www.myvize.com.tr\/misir\/#website\"},\"primaryImageOfPage\":{\"@id\":\"https:\/\/www.myvize.com.tr\/misir\/vize-islemleri\/misir-oturum-izni\/#primaryimage\"},\"image\":{\"@id\":\"https:\/\/www.myvize.com.tr\/misir\/vize-islemleri\/misir-oturum-izni\/#primaryimage\"},\"thumbnailUrl\":\"https:\/\/www.myvize.com.tr\/misir\/wp-content\/uploads\/2021\/10\/13.jpg\",\"datePublished\":\"2020-11-30T09:47:57+00:00\",\"dateModified\":\"2022-04-22T12:50:18+00:00\",\"description\":\"M\u0131s\u0131r oturum vizesi gerekli evrak listesi 2022. M\u0131s\u0131r oturum vizesi nas\u0131l al\u0131n\u0131r? M\u0131s\u0131r oturum vizesine dair her \u015fey.\",\"breadcrumb\":{\"@id\":\"https:\/\/www.myvize.com.tr\/misir\/vize-islemleri\/misir-oturum-izni\/#breadcrumb\"},\"inLanguage\":\"tr\",\"potentialAction\":[{\"@type\":\"ReadAction\",\"target\":[\"https:\/\/www.myvize.com.tr\/misir\/vize-islemleri\/misir-oturum-izni\/\"]}]},{\"@type\":\"ImageObject\",\"inLanguage\":\"tr\",\"@id\":\"https:\/\/www.myvize.com.tr\/misir\/vize-islemleri\/misir-oturum-izni\/#primaryimage\",\"url\":\"https:\/\/www.myvize.com.tr\/misir\/wp-content\/uploads\/2021\/10\/13.jpg\",\"contentUrl\":\"https:\/\/www.myvize.com.tr\/misir\/wp-content\/uploads\/2021\/10\/13.jpg\",\"width\":800,\"height\":500,\"caption\":\"M\u0131s\u0131r Oturum \u0130zni\"},{\"@type\":\"BreadcrumbList\",\"@id\":\"https:\/\/www.myvize.com.tr\/misir\/vize-islemleri\/misir-oturum-izni\/#breadcrumb\",\"itemListElement\":[{\"@type\":\"ListItem\",\"position\":1,\"name\":\"Anasayfa\",\"item\":\"https:\/\/www.myvize.com.tr\/misir\/\"},{\"@type\":\"ListItem\",\"position\":2,\"name\":\"V\u0130ZE \u0130\u015eLEMLER\u0130\",\"item\":\"https:\/\/www.myvize.com.tr\/misir\/vize-islemleri\/\"},{\"@type\":\"ListItem\",\"position\":3,\"name\":\"M\u0131s\u0131r Oturum \u0130zni\"}]},{\"@type\":\"WebSite\",\"@id\":\"https:\/\/www.myvize.com.tr\/misir\/#website\",\"url\":\"https:\/\/www.myvize.com.tr\/misir\/\",\"name\":\"M\u0131s\u0131r Vizesi\",\"description\":\"\",\"potentialAction\":[{\"@type\":\"SearchAction\",\"target\":{\"@type\":\"EntryPoint\",\"urlTemplate\":\"https:\/\/www.myvize.com.tr\/misir\/?s={search_term_string}\"},\"query-input\":{\"@type\":\"PropertyValueSpecification\",\"valueRequired\":true,\"valueName\":\"search_term_string\"}}],\"inLanguage\":\"tr\"}]}<\/script>\n<!-- \/ Yoast SEO plugin. -->","yoast_head_json":{"title":"M\u0131s\u0131r Oturum \u0130zni - M\u0131s\u0131r Oturum Vize \u0130\u015flemi - MyVize","description":"M\u0131s\u0131r oturum vizesi gerekli evrak listesi 2022. M\u0131s\u0131r oturum vizesi nas\u0131l al\u0131n\u0131r? M\u0131s\u0131r oturum vizesine dair her \u015fey.","robots":{"index":"index","follow":"follow","max-snippet":"max-snippet:-1","max-image-preview":"max-image-preview:large","max-video-preview":"max-video-preview:-1"},"canonical":"https:\/\/www.myvize.com.tr\/misir\/vize-islemleri\/misir-oturum-izni\/","og_locale":"tr_TR","og_type":"article","og_title":"M\u0131s\u0131r Oturum \u0130zni - M\u0131s\u0131r Oturum Vize \u0130\u015flemi - MyVize","og_description":"M\u0131s\u0131r oturum vizesi gerekli evrak listesi 2022. M\u0131s\u0131r oturum vizesi nas\u0131l al\u0131n\u0131r? M\u0131s\u0131r oturum vizesine dair her \u015fey.","og_url":"https:\/\/www.myvize.com.tr\/misir\/vize-islemleri\/misir-oturum-izni\/","og_site_name":"M\u0131s\u0131r Vizesi","article_modified_time":"2022-04-22T12:50:18+00:00","og_image":[{"url":"https:\/\/www.myvize.com.tr\/misir\/wp-content\/uploads\/2021\/10\/13.jpg","type":"","width":"","height":""}],"twitter_card":"summary_large_image","twitter_misc":{"Tahmini okuma s\u00fcresi":"2 dakika"},"schema":{"@context":"https:\/\/schema.org","@graph":[{"@type":"WebPage","@id":"https:\/\/www.myvize.com.tr\/misir\/vize-islemleri\/misir-oturum-izni\/","url":"https:\/\/www.myvize.com.tr\/misir\/vize-islemleri\/misir-oturum-izni\/","name":"M\u0131s\u0131r Oturum \u0130zni - M\u0131s\u0131r Oturum Vize \u0130\u015flemi - MyVize","isPartOf":{"@id":"https:\/\/www.myvize.com.tr\/misir\/#website"},"primaryImageOfPage":{"@id":"https:\/\/www.myvize.com.tr\/misir\/vize-islemleri\/misir-oturum-izni\/#primaryimage"},"image":{"@id":"https:\/\/www.myvize.com.tr\/misir\/vize-islemleri\/misir-oturum-izni\/#primaryimage"},"thumbnailUrl":"https:\/\/www.myvize.com.tr\/misir\/wp-content\/uploads\/2021\/10\/13.jpg","datePublished":"2020-11-30T09:47:57+00:00","dateModified":"2022-04-22T12:50:18+00:00","description":"M\u0131s\u0131r oturum vizesi gerekli evrak listesi 2022. M\u0131s\u0131r oturum vizesi nas\u0131l al\u0131n\u0131r? M\u0131s\u0131r oturum vizesine dair her \u015fey.","breadcrumb":{"@id":"https:\/\/www.myvize.com.tr\/misir\/vize-islemleri\/misir-oturum-izni\/#breadcrumb"},"inLanguage":"tr","potentialAction":[{"@type":"ReadAction","target":["https:\/\/www.myvize.com.tr\/misir\/vize-islemleri\/misir-oturum-izni\/"]}]},{"@type":"ImageObject","inLanguage":"tr","@id":"https:\/\/www.myvize.com.tr\/misir\/vize-islemleri\/misir-oturum-izni\/#primaryimage","url":"https:\/\/www.myvize.com.tr\/misir\/wp-content\/uploads\/2021\/10\/13.jpg","contentUrl":"https:\/\/www.myvize.com.tr\/misir\/wp-content\/uploads\/2021\/10\/13.jpg","width":800,"height":500,"caption":"M\u0131s\u0131r Oturum \u0130zni"},{"@type":"BreadcrumbList","@id":"https:\/\/www.myvize.com.tr\/misir\/vize-islemleri\/misir-oturum-izni\/#breadcrumb","itemListElement":[{"@type":"ListItem","position":1,"name":"Anasayfa","item":"https:\/\/www.myvize.com.tr\/misir\/"},{"@type":"ListItem","position":2,"name":"V\u0130ZE \u0130\u015eLEMLER\u0130","item":"https:\/\/www.myvize.com.tr\/misir\/vize-islemleri\/"},{"@type":"ListItem","position":3,"name":"M\u0131s\u0131r Oturum \u0130zni"}]},{"@type":"WebSite","@id":"https:\/\/www.myvize.com.tr\/misir\/#website","url":"https:\/\/www.myvize.com.tr\/misir\/","name":"M\u0131s\u0131r Vizesi","description":"","potentialAction":[{"@type":"SearchAction","target":{"@type":"EntryPoint","urlTemplate":"https:\/\/www.myvize.com.tr\/misir\/?s={search_term_string}"},"query-input":{"@type":"PropertyValueSpecification","valueRequired":true,"valueName":"search_term_string"}}],"inLanguage":"tr"}]}},"_links":{"self":[{"href":"https:\/\/www.myvize.com.tr\/misir\/wp-json\/wp\/v2\/pages\/45","targetHints":{"allow":["GET"]}}],"collection":[{"href":"https:\/\/www.myvize.com.tr\/misir\/wp-json\/wp\/v2\/pages"}],"about":[{"href":"https:\/\/www.myvize.com.tr\/misir\/wp-json\/wp\/v2\/types\/page"}],"author":[{"embeddable":true,"href":"https:\/\/www.myvize.com.tr\/misir\/wp-json\/wp\/v2\/users\/1"}],"replies":[{"embeddable":true,"href":"https:\/\/www.myvize.com.tr\/misir\/wp-json\/wp\/v2\/comments?post=45"}],"version-history":[{"count":6,"href":"https:\/\/www.myvize.com.tr\/misir\/wp-json\/wp\/v2\/pages\/45\/revisions"}],"predecessor-version":[{"id":625,"href":"https:\/\/www.myvize.com.tr\/misir\/wp-json\/wp\/v2\/pages\/45\/revisions\/625"}],"up":[{"embeddable":true,"href":"https:\/\/www.myvize.com.tr\/misir\/wp-json\/wp\/v2\/pages\/18"}],"wp:attachment":[{"href":"https:\/\/www.myvize.com.tr\/misir\/wp-json\/wp\/v2\/media?parent=45"}],"curies":[{"name":"wp","href":"https:\/\/api.w.org\/{rel}","templated":true}]}}