{"id":49,"date":"2020-11-30T12:48:56","date_gmt":"2020-11-30T09:48:56","guid":{"rendered":"https:\/\/www.myvize.com.tr\/misir\/?page_id=49"},"modified":"2022-01-14T12:36:55","modified_gmt":"2022-01-14T09:36:55","slug":"misir-vize-reddi","status":"publish","type":"page","link":"https:\/\/www.myvize.com.tr\/misir\/vize-islemleri\/misir-vize-reddi\/","title":{"rendered":"M\u0131s\u0131r Vize Reddi"},"content":{"rendered":"<h2><strong><span style=\"font-family: Roboto; font-size: 27px;\">M\u0131s\u0131r Vize Reddi 2022<\/span><\/strong><\/h2>\n<p><span style=\"font-family: Roboto; font-size: 14px;\">M\u0131s\u0131r\u2019a seyahat edecek olan Umuma Mahsus sahipleri seyahatleri \u00f6ncesinde <span style=\"color: #2acec2;\"><strong><a style=\"color: #2acec2;\" href=\"https:\/\/www.myvize.com.tr\/misir\/vize-islemleri\/misir-vizesi\/\" target=\"_blank\" rel=\"noopener\">M\u0131s\u0131r vizesi <\/a><\/strong><\/span>almal\u0131d\u0131r. Diplomatik, Hizmet ve Hususi Pasaport sahibi olan T\u00fcrk vatanda\u015flar\u0131, M\u0131s\u0131r seyahatleri 90 g\u00fcn\u00fc ge\u00e7meyen seyahatlerde M\u0131s\u0131r vizesinden muaft\u0131r.<\/span><\/p>\n<p><span style=\"font-family: Roboto; font-size: 14px;\"><strong>M\u0131s\u0131r vize ba\u015fvurular\u0131<\/strong>, M\u0131s\u0131r Konsoloslu\u011fu taraf\u0131ndan yetkilendirilmi\u015f, M\u0131s\u0131r vize ba\u015fvuru merkezlerine yap\u0131lmaktad\u0131r. Ancak M\u0131s\u0131r vize ba\u015fvurular\u0131n\u0131 inceleme ve de\u011ferlendirme yetkisi M\u0131s\u0131r\u2019\u0131n Ankara B\u00fcy\u00fckel\u00e7ili\u011fi\u2019ne ve M\u0131s\u0131r \u0130stanbul Ba\u015fkonsoloslu\u011funa yap\u0131lmal\u0131d\u0131r.<\/span><\/p>\n<p><span style=\"font-family: Roboto; font-size: 14px;\">M\u0131s\u0131r temsilcilikleri, <strong>M\u0131s\u0131r vize ba\u015fvurular\u0131n\u0131<\/strong> \u00e7ok dikkatli ve titiz bir \u015fekilde incelemektedir. <strong>M\u0131s\u0131r vize ba\u015fvurular\u0131<\/strong> b\u00fcy\u00fck oranda kabul edilse de baz\u0131 durumlarda <strong>M\u0131s\u0131r vize<\/strong> ba\u015fvurular\u0131 reddedilmektedir. M\u0131s\u0131r vize ba\u015fvurular\u0131n\u0131n en \u00e7ok reddedildi\u011fi durumlar a\u015fa\u011f\u0131da verilmi\u015ftir.<\/span><\/p>\n<ul>\n<li><span style=\"font-family: Roboto; font-size: 14px;\"><strong>Evraklardan Kaynakl\u0131 Vize Reddi:\u00a0<\/strong>M\u0131s\u0131r\u2019a seyahat edecek olan T\u00fcrkiye vatanda\u015flar\u0131, <strong>M\u0131s\u0131r vizesi<\/strong> i\u00e7in gerekli olan belgeleri eksiksiz ve do\u011fru bir \u015fekilde haz\u0131rlamal\u0131d\u0131r. <strong>M\u0131s\u0131r vize ba\u015fvurusu<\/strong> incelenirken vize ba\u015fvuru belgeleri aras\u0131nda bir uyu\u015fmazl\u0131k g\u00f6r\u00fcl\u00fcrse <strong>M\u0131s\u0131r vize ba\u015fvurular\u0131<\/strong> reddedilir.<\/span><\/li>\n<li><span style=\"font-family: Roboto; font-size: 14px;\"><strong>Seyahat Sa\u011fl\u0131k Sigortas\u0131:<\/strong>\u00a0M\u0131s\u0131r seyahatleri s\u0131ras\u0131nda, ya\u015fanabilecek acil sa\u011fl\u0131k durumlar\u0131nda kullan\u0131lmas\u0131 i\u00e7in Seyahat Sa\u011fl\u0131k Sigortas\u0131 yapt\u0131rmal\u0131d\u0131r. Bu sigortan\u0131n uluslararas\u0131 ge\u00e7erlili\u011fi olmal\u0131d\u0131r.<\/span><\/li>\n<li><span style=\"font-family: Roboto; font-size: 14px;\"><strong>Foto\u011fraftan Kaynakl\u0131 Vize Reddi:<\/strong>\u00a0M\u0131s\u0131r vize ba\u015fvurusu s\u0131ras\u0131nda istenen foto\u011fraflar biyometrik foto\u011fraft\u0131r. Foto\u011fraflar M\u0131s\u0131r Konsoloslu\u011fu taraf\u0131ndan istenen boyutlarda olmas\u0131 gerekmektedir.<\/span><\/li>\n<li><span style=\"font-family: Roboto; font-size: 14px;\"><strong>Finansal Nedenlerden Vize Reddi:<\/strong>\u00a0M\u0131s\u0131r seyahatleri boyunca, M\u0131s\u0131r\u2019da harcayaca\u011f\u0131n\u0131z masraflar\u0131 kar\u015f\u0131layabilece\u011finizi kan\u0131tlaman\u0131z gerekmektedir. Finansal yeterli\u011finizi banka hesap d\u00f6k\u00fcm\u00fc ile kan\u0131tlayabilirsiniz.<\/span><\/li>\n<\/ul>\n<p><span style=\"font-family: Roboto; font-size: 14px;\"><span style=\"color: #2acec2;\"><strong><a style=\"color: #2acec2;\" href=\"https:\/\/www.myvize.com.tr\/misir\/konsolosluklar\/misir-konsolosluk-islemleri\/\" target=\"_blank\" rel=\"noopener\">M\u0131s\u0131r Konsolosluk \u0130\u015flemleri <\/a><\/strong><\/span>ile ilgili bilgi almak i\u00e7in bizi aray\u0131n.<\/span><\/p>\n<p><img decoding=\"async\" src=\"https:\/\/www.myvize.com.tr\/misir\/wp-content\/uploads\/2021\/10\/15.jpg\" \/><\/p>\n<h2><strong><span style=\"font-family: Roboto; font-size: 27px;\">M\u0131s\u0131r Vize Reddi Hakk\u0131nda<\/span><\/strong><\/h2>\n<p><span style=\"font-family: Roboto; font-size: 14px;\">Bir\u00e7ok ki\u015fi <strong>M\u0131s\u0131r vize reddi <\/strong>alm\u0131\u015ft\u0131r. Bu durumun birden fazla nedeni olabilece\u011fi gibi baz\u0131 zamanlarda tek bir nedeni de olabilir. <strong>M\u0131s\u0131r vize reddi karar\u0131<\/strong>, ba\u015fvuru dosyan\u0131z\u0131n uygunsuz bulunmas\u0131 halinde al\u0131nan bir karar olarak dikkat \u00e7ekmektedir. Bu kararla beraber vize ba\u015fvurusu yapan ki\u015finin M\u0131s\u0131r\u2019a girmesine olanak tan\u0131nmaz. Vize reddine itiraz edebilirsiniz. Fakat vize ba\u015fvurunuzun ilk k\u0131s\u0131mlar\u0131 itibar\u0131 ile \u00f6zenli olman\u0131z laz\u0131md\u0131r. Bu i\u015flemleri alan\u0131nda uzman bir acente ile halledebilirsiniz. B\u00f6ylece vize reddi alma olas\u0131l\u0131\u011f\u0131n\u0131z\u0131 da en aza indirmi\u015f olursunuz. <strong>M\u0131s\u0131r vize reddi karar\u0131<\/strong>, vize ba\u015fvurusu ile alakal\u0131 olan evraklar\u0131n detayl\u0131 olarak incelenmesi neticesinde al\u0131nan \u00f6nemli bir karard\u0131r. <strong>M\u0131s\u0131r vize ba\u015fvuru evraklar\u0131<\/strong> b\u00fcy\u00fck bir dikkat dahilinde haz\u0131rlanmal\u0131d\u0131r. Belgelerin herhangi bir tanesinde eksiklik ya da en ufak bir hata yer almamal\u0131d\u0131r. <strong>M\u0131s\u0131r Vize ba\u015fvurusu<\/strong> yapan bireyin vize dan\u0131\u015fmanlar\u0131yla bir m\u00fclakat ger\u00e7ekle\u015ftirerek vize almaya uygun olup olmad\u0131\u011f\u0131 konusunda de\u011ferlendirmelerden ge\u00e7melidir. Bu de\u011ferlendirmenin ger\u00e7ek\u00e7i bir bi\u00e7imde yap\u0131lmas\u0131 ise tamamen ki\u015finin yarar\u0131na olacak bir durumdur. B\u00f6ylece ger\u00e7ekten ba\u015fvuru yaparken bir p\u00fcr\u00fcz \u00e7\u0131kmaz.<\/span><\/p>\n","protected":false},"excerpt":{"rendered":"<p>M\u0131s\u0131r Vize Reddi 2022 M\u0131s\u0131r\u2019a seyahat edecek olan Umuma Mahsus sahipleri seyahatleri \u00f6ncesinde M\u0131s\u0131r vizesi almal\u0131d\u0131r. Diplomatik, Hizmet ve Hususi Pasaport sahibi olan T\u00fcrk vatanda\u015flar\u0131, M\u0131s\u0131r seyahatleri 90 g\u00fcn\u00fc ge\u00e7meyen seyahatlerde M\u0131s\u0131r vizesinden muaft\u0131r. M\u0131s\u0131r vize ba\u015fvurular\u0131, M\u0131s\u0131r Konsoloslu\u011fu taraf\u0131ndan yetkilendirilmi\u015f, M\u0131s\u0131r vize ba\u015fvuru merkezlerine yap\u0131lmaktad\u0131r. Ancak M\u0131s\u0131r vize ba\u015fvurular\u0131n\u0131 inceleme ve de\u011ferlendirme yetkisi M\u0131s\u0131r\u2019\u0131n<\/p>\n","protected":false},"author":1,"featured_media":0,"parent":18,"menu_order":0,"comment_status":"open","ping_status":"closed","template":"","meta":{"footnotes":""},"class_list":["post-49","page","type-page","status-publish","hentry"],"yoast_head":"<!-- This site is optimized with the Yoast SEO plugin v24.0 - https:\/\/yoast.com\/wordpress\/plugins\/seo\/ -->\n<title>M\u0131s\u0131r Vize Reddi - M\u0131s\u0131r Vizesi - MyVize<\/title>\n<meta name=\"description\" content=\"M\u0131s\u0131r vizesi reddi alman\u0131zda ki sebepler neler? M\u0131s\u0131r vize reddi i\u00e7in detayl\u0131 itiraz dilek\u00e7esi i\u00e7in ileti\u015fime ge\u00e7ebilirsiniz.\" \/>\n<meta name=\"robots\" content=\"index, follow, max-snippet:-1, max-image-preview:large, max-video-preview:-1\" \/>\n<link rel=\"canonical\" href=\"https:\/\/www.myvize.com.tr\/misir\/vize-islemleri\/misir-vize-reddi\/\" \/>\n<meta property=\"og:locale\" content=\"tr_TR\" \/>\n<meta property=\"og:type\" content=\"article\" \/>\n<meta property=\"og:title\" content=\"M\u0131s\u0131r Vize Reddi - M\u0131s\u0131r Vizesi - MyVize\" \/>\n<meta property=\"og:description\" content=\"M\u0131s\u0131r vizesi reddi alman\u0131zda ki sebepler neler? M\u0131s\u0131r vize reddi i\u00e7in detayl\u0131 itiraz dilek\u00e7esi i\u00e7in ileti\u015fime ge\u00e7ebilirsiniz.\" \/>\n<meta property=\"og:url\" content=\"https:\/\/www.myvize.com.tr\/misir\/vize-islemleri\/misir-vize-reddi\/\" \/>\n<meta property=\"og:site_name\" content=\"M\u0131s\u0131r Vizesi\" \/>\n<meta property=\"article:modified_time\" content=\"2022-01-14T09:36:55+00:00\" \/>\n<meta property=\"og:image\" content=\"https:\/\/www.myvize.com.tr\/misir\/wp-content\/uploads\/2021\/10\/15.jpg\" \/>\n<meta name=\"twitter:card\" content=\"summary_large_image\" \/>\n<meta name=\"twitter:label1\" content=\"Tahmini okuma s\u00fcresi\" \/>\n\t<meta name=\"twitter:data1\" content=\"2 dakika\" \/>\n<script type=\"application\/ld+json\" class=\"yoast-schema-graph\">{\"@context\":\"https:\/\/schema.org\",\"@graph\":[{\"@type\":\"WebPage\",\"@id\":\"https:\/\/www.myvize.com.tr\/misir\/vize-islemleri\/misir-vize-reddi\/\",\"url\":\"https:\/\/www.myvize.com.tr\/misir\/vize-islemleri\/misir-vize-reddi\/\",\"name\":\"M\u0131s\u0131r Vize Reddi - M\u0131s\u0131r Vizesi - MyVize\",\"isPartOf\":{\"@id\":\"https:\/\/www.myvize.com.tr\/misir\/#website\"},\"primaryImageOfPage\":{\"@id\":\"https:\/\/www.myvize.com.tr\/misir\/vize-islemleri\/misir-vize-reddi\/#primaryimage\"},\"image\":{\"@id\":\"https:\/\/www.myvize.com.tr\/misir\/vize-islemleri\/misir-vize-reddi\/#primaryimage\"},\"thumbnailUrl\":\"https:\/\/www.myvize.com.tr\/misir\/wp-content\/uploads\/2021\/10\/15.jpg\",\"datePublished\":\"2020-11-30T09:48:56+00:00\",\"dateModified\":\"2022-01-14T09:36:55+00:00\",\"description\":\"M\u0131s\u0131r vizesi reddi alman\u0131zda ki sebepler neler? M\u0131s\u0131r vize reddi i\u00e7in detayl\u0131 itiraz dilek\u00e7esi i\u00e7in ileti\u015fime ge\u00e7ebilirsiniz.\",\"breadcrumb\":{\"@id\":\"https:\/\/www.myvize.com.tr\/misir\/vize-islemleri\/misir-vize-reddi\/#breadcrumb\"},\"inLanguage\":\"tr\",\"potentialAction\":[{\"@type\":\"ReadAction\",\"target\":[\"https:\/\/www.myvize.com.tr\/misir\/vize-islemleri\/misir-vize-reddi\/\"]}]},{\"@type\":\"ImageObject\",\"inLanguage\":\"tr\",\"@id\":\"https:\/\/www.myvize.com.tr\/misir\/vize-islemleri\/misir-vize-reddi\/#primaryimage\",\"url\":\"https:\/\/www.myvize.com.tr\/misir\/wp-content\/uploads\/2021\/10\/15.jpg\",\"contentUrl\":\"https:\/\/www.myvize.com.tr\/misir\/wp-content\/uploads\/2021\/10\/15.jpg\",\"width\":800,\"height\":500,\"caption\":\"M\u0131s\u0131r Vize Reddi\"},{\"@type\":\"BreadcrumbList\",\"@id\":\"https:\/\/www.myvize.com.tr\/misir\/vize-islemleri\/misir-vize-reddi\/#breadcrumb\",\"itemListElement\":[{\"@type\":\"ListItem\",\"position\":1,\"name\":\"Anasayfa\",\"item\":\"https:\/\/www.myvize.com.tr\/misir\/\"},{\"@type\":\"ListItem\",\"position\":2,\"name\":\"V\u0130ZE \u0130\u015eLEMLER\u0130\",\"item\":\"https:\/\/www.myvize.com.tr\/misir\/vize-islemleri\/\"},{\"@type\":\"ListItem\",\"position\":3,\"name\":\"M\u0131s\u0131r Vize Reddi\"}]},{\"@type\":\"WebSite\",\"@id\":\"https:\/\/www.myvize.com.tr\/misir\/#website\",\"url\":\"https:\/\/www.myvize.com.tr\/misir\/\",\"name\":\"M\u0131s\u0131r Vizesi\",\"description\":\"\",\"potentialAction\":[{\"@type\":\"SearchAction\",\"target\":{\"@type\":\"EntryPoint\",\"urlTemplate\":\"https:\/\/www.myvize.com.tr\/misir\/?s={search_term_string}\"},\"query-input\":{\"@type\":\"PropertyValueSpecification\",\"valueRequired\":true,\"valueName\":\"search_term_string\"}}],\"inLanguage\":\"tr\"}]}<\/script>\n<!-- \/ Yoast SEO plugin. -->","yoast_head_json":{"title":"M\u0131s\u0131r Vize Reddi - M\u0131s\u0131r Vizesi - MyVize","description":"M\u0131s\u0131r vizesi reddi alman\u0131zda ki sebepler neler? M\u0131s\u0131r vize reddi i\u00e7in detayl\u0131 itiraz dilek\u00e7esi i\u00e7in ileti\u015fime ge\u00e7ebilirsiniz.","robots":{"index":"index","follow":"follow","max-snippet":"max-snippet:-1","max-image-preview":"max-image-preview:large","max-video-preview":"max-video-preview:-1"},"canonical":"https:\/\/www.myvize.com.tr\/misir\/vize-islemleri\/misir-vize-reddi\/","og_locale":"tr_TR","og_type":"article","og_title":"M\u0131s\u0131r Vize Reddi - M\u0131s\u0131r Vizesi - MyVize","og_description":"M\u0131s\u0131r vizesi reddi alman\u0131zda ki sebepler neler? M\u0131s\u0131r vize reddi i\u00e7in detayl\u0131 itiraz dilek\u00e7esi i\u00e7in ileti\u015fime ge\u00e7ebilirsiniz.","og_url":"https:\/\/www.myvize.com.tr\/misir\/vize-islemleri\/misir-vize-reddi\/","og_site_name":"M\u0131s\u0131r Vizesi","article_modified_time":"2022-01-14T09:36:55+00:00","og_image":[{"url":"https:\/\/www.myvize.com.tr\/misir\/wp-content\/uploads\/2021\/10\/15.jpg","type":"","width":"","height":""}],"twitter_card":"summary_large_image","twitter_misc":{"Tahmini okuma s\u00fcresi":"2 dakika"},"schema":{"@context":"https:\/\/schema.org","@graph":[{"@type":"WebPage","@id":"https:\/\/www.myvize.com.tr\/misir\/vize-islemleri\/misir-vize-reddi\/","url":"https:\/\/www.myvize.com.tr\/misir\/vize-islemleri\/misir-vize-reddi\/","name":"M\u0131s\u0131r Vize Reddi - M\u0131s\u0131r Vizesi - MyVize","isPartOf":{"@id":"https:\/\/www.myvize.com.tr\/misir\/#website"},"primaryImageOfPage":{"@id":"https:\/\/www.myvize.com.tr\/misir\/vize-islemleri\/misir-vize-reddi\/#primaryimage"},"image":{"@id":"https:\/\/www.myvize.com.tr\/misir\/vize-islemleri\/misir-vize-reddi\/#primaryimage"},"thumbnailUrl":"https:\/\/www.myvize.com.tr\/misir\/wp-content\/uploads\/2021\/10\/15.jpg","datePublished":"2020-11-30T09:48:56+00:00","dateModified":"2022-01-14T09:36:55+00:00","description":"M\u0131s\u0131r vizesi reddi alman\u0131zda ki sebepler neler? M\u0131s\u0131r vize reddi i\u00e7in detayl\u0131 itiraz dilek\u00e7esi i\u00e7in ileti\u015fime ge\u00e7ebilirsiniz.","breadcrumb":{"@id":"https:\/\/www.myvize.com.tr\/misir\/vize-islemleri\/misir-vize-reddi\/#breadcrumb"},"inLanguage":"tr","potentialAction":[{"@type":"ReadAction","target":["https:\/\/www.myvize.com.tr\/misir\/vize-islemleri\/misir-vize-reddi\/"]}]},{"@type":"ImageObject","inLanguage":"tr","@id":"https:\/\/www.myvize.com.tr\/misir\/vize-islemleri\/misir-vize-reddi\/#primaryimage","url":"https:\/\/www.myvize.com.tr\/misir\/wp-content\/uploads\/2021\/10\/15.jpg","contentUrl":"https:\/\/www.myvize.com.tr\/misir\/wp-content\/uploads\/2021\/10\/15.jpg","width":800,"height":500,"caption":"M\u0131s\u0131r Vize Reddi"},{"@type":"BreadcrumbList","@id":"https:\/\/www.myvize.com.tr\/misir\/vize-islemleri\/misir-vize-reddi\/#breadcrumb","itemListElement":[{"@type":"ListItem","position":1,"name":"Anasayfa","item":"https:\/\/www.myvize.com.tr\/misir\/"},{"@type":"ListItem","position":2,"name":"V\u0130ZE \u0130\u015eLEMLER\u0130","item":"https:\/\/www.myvize.com.tr\/misir\/vize-islemleri\/"},{"@type":"ListItem","position":3,"name":"M\u0131s\u0131r Vize Reddi"}]},{"@type":"WebSite","@id":"https:\/\/www.myvize.com.tr\/misir\/#website","url":"https:\/\/www.myvize.com.tr\/misir\/","name":"M\u0131s\u0131r Vizesi","description":"","potentialAction":[{"@type":"SearchAction","target":{"@type":"EntryPoint","urlTemplate":"https:\/\/www.myvize.com.tr\/misir\/?s={search_term_string}"},"query-input":{"@type":"PropertyValueSpecification","valueRequired":true,"valueName":"search_term_string"}}],"inLanguage":"tr"}]}},"_links":{"self":[{"href":"https:\/\/www.myvize.com.tr\/misir\/wp-json\/wp\/v2\/pages\/49","targetHints":{"allow":["GET"]}}],"collection":[{"href":"https:\/\/www.myvize.com.tr\/misir\/wp-json\/wp\/v2\/pages"}],"about":[{"href":"https:\/\/www.myvize.com.tr\/misir\/wp-json\/wp\/v2\/types\/page"}],"author":[{"embeddable":true,"href":"https:\/\/www.myvize.com.tr\/misir\/wp-json\/wp\/v2\/users\/1"}],"replies":[{"embeddable":true,"href":"https:\/\/www.myvize.com.tr\/misir\/wp-json\/wp\/v2\/comments?post=49"}],"version-history":[{"count":6,"href":"https:\/\/www.myvize.com.tr\/misir\/wp-json\/wp\/v2\/pages\/49\/revisions"}],"predecessor-version":[{"id":613,"href":"https:\/\/www.myvize.com.tr\/misir\/wp-json\/wp\/v2\/pages\/49\/revisions\/613"}],"up":[{"embeddable":true,"href":"https:\/\/www.myvize.com.tr\/misir\/wp-json\/wp\/v2\/pages\/18"}],"wp:attachment":[{"href":"https:\/\/www.myvize.com.tr\/misir\/wp-json\/wp\/v2\/media?parent=49"}],"curies":[{"name":"wp","href":"https:\/\/api.w.org\/{rel}","templated":true}]}}