{"id":53,"date":"2020-11-30T12:50:00","date_gmt":"2020-11-30T09:50:00","guid":{"rendered":"https:\/\/www.myvize.com.tr\/misir\/?page_id=53"},"modified":"2022-04-22T15:52:13","modified_gmt":"2022-04-22T12:52:13","slug":"misir-universite-egitimi","status":"publish","type":"page","link":"https:\/\/www.myvize.com.tr\/misir\/vize-islemleri\/misir-universite-egitimi\/","title":{"rendered":"M\u0131s\u0131r \u00dcniversite E\u011fitimi"},"content":{"rendered":"<h2><strong><span style=\"font-family: Roboto; font-size: 27px;\">M\u0131s\u0131r \u00dcniversite E\u011fitimi 2022<\/span><\/strong><\/h2>\n<p><span style=\"font-family: Roboto; font-size: 14px;\">M\u0131s\u0131r\u2019da \u00fcniversite okumak isteyen T\u00fcrk vatanda\u015flar\u0131n\u0131n,<strong> M\u0131s\u0131r e\u011fitim vizesi<\/strong> almas\u0131 gerekmektedir. <strong>M\u0131s\u0131r e\u011fitim vizesi<\/strong> ba\u015fvurular\u0131 M\u0131s\u0131r\u2019\u0131n T\u00fcrkiye\u2019de bulunan temsilciliklerine yap\u0131lmal\u0131d\u0131r. Ba\u015fvuru i\u00e7in M\u0131s\u0131r\u2019da bulunan \u00fcniversiteden kabul mektubu alm\u0131\u015f olman\u0131z gerekmektedir.<\/span><\/p>\n<p><span style=\"font-family: Roboto; font-size: 14px;\"><strong>M\u0131s\u0131r\u2019da \u00fcniversite okumak<\/strong> i\u00e7in bir s\u0131nava girmeniz gerekmemektedir. Ancak baz\u0131 \u00fcniversiteler kendi b\u00fcnyelerinde kabul i\u00e7in s\u0131nav yapabilir. Ayr\u0131ca baz\u0131 \u00fcniversiteler sadece imam hatip mezunu kabul etmektedir.<\/span><\/p>\n<p><span style=\"font-family: Roboto; font-size: 14px;\">M\u0131s\u0131r\u2019da \u00fcniversite okumak i\u00e7in e\u011fitim dilini iyi derecede bilmelisiniz. <strong>E\u011fitim dili \u00fcniversite<\/strong> ve b\u00f6l\u00fcme g\u00f6re farkl\u0131l\u0131k g\u00f6stermektedir. <strong>M\u0131s\u0131r\u2019da e\u011fitim dili<\/strong> \u0130ngilizce ve Arap\u00e7ad\u0131r. M\u0131s\u0131r\u2019da bulunan \u00fcniversitelerde lisans e\u011fitimi genellikle 4 y\u0131ld\u0131r. Ancak baz\u0131 b\u00f6l\u00fcmlerde 5 ile 6 y\u0131l e\u011fitim verilmektedir.<\/span><\/p>\n<p><span style=\"font-family: Roboto; font-size: 14px;\">M\u0131s\u0131r\u2019da bulunan \u00fcniversiteler Y\u00d6K taraf\u0131ndan kabul g\u00f6rmektedir. Yani M\u0131s\u0131r \u00fcniversitesinden alm\u0131\u015f oldu\u011funuz diploma T\u00fcrkiye\u2019de ge\u00e7erli olacakt\u0131r. <strong>\u00dcniversite e\u011fitim \u00fccreti<\/strong> b\u00f6l\u00fcme ve \u00fcniversiteye g\u00f6re farkl\u0131l\u0131k g\u00f6sterse de ayl\u0131k olarak 7500 ile 15000 Dolar aras\u0131nda de\u011fi\u015fmektedir.<\/span><\/p>\n<p><span style=\"font-family: Roboto; font-size: 14px;\">M\u0131s\u0131r\u2019da bulunan baz\u0131 \u00fcniversiteler;<\/span><\/p>\n<ul>\n<li><span style=\"font-family: Roboto; font-size: 14px;\">Suez Canal \u00dcniversitesi<\/span><\/li>\n<li><span style=\"font-family: Roboto; font-size: 14px;\">Nahda \u00dcniversitesi<\/span><\/li>\n<li><span style=\"font-family: Roboto; font-size: 14px;\">Y\u00fcksek Teknoloji Enstit\u00fcs\u00fc<\/span><\/li>\n<li><span style=\"font-family: Roboto; font-size: 14px;\">M\u0131s\u0131r \u0130ngiliz \u00dcniversitesi<\/span><\/li>\n<li><span style=\"font-family: Roboto; font-size: 14px;\">Minufiya \u00dcniversitesi<\/span><\/li>\n<li><span style=\"font-family: Roboto; font-size: 14px;\">\u0130skenderiye \u00dcniversitesi<\/span><\/li>\n<li><span style=\"font-family: Roboto; font-size: 14px;\">El Fayyum \u00dcniversitesi<\/span><\/li>\n<li><span style=\"font-family: Roboto; font-size: 14px;\">El Shorouk Akademisi<\/span><\/li>\n<li><span style=\"font-family: Roboto; font-size: 14px;\">Bani Suvayf \u00dcniversitesi<\/span><\/li>\n<li><span style=\"font-family: Roboto; font-size: 14px;\">Kahire \u00dcniversitesi<\/span><\/li>\n<\/ul>\n<p><span style=\"font-family: Roboto; font-size: 14px;\"><span style=\"color: #2acec2;\"><strong><a style=\"color: #2acec2;\" href=\"https:\/\/www.myvize.com.tr\/misir\/vize-islemleri\/misir-vize-randevusu\/\" target=\"_blank\" rel=\"noopener\">M\u0131s\u0131r Vize Randevusu<\/a><\/strong><\/span> ile ilgili bilgi almak i\u00e7in bizi aray\u0131n.<\/span><\/p>\n<p><img decoding=\"async\" src=\"https:\/\/www.myvize.com.tr\/misir\/wp-content\/uploads\/2021\/10\/17.jpg\" \/><\/p>\n<h2><strong><span style=\"font-family: Roboto; font-size: 27px;\">M\u0131s\u0131r \u00dcniversite E\u011fitimi Hakk\u0131nda<\/span><\/strong><\/h2>\n<p><span style=\"font-family: Roboto; font-size: 14px;\"><strong>M\u0131s\u0131r \u00fcniversite e\u011fitimi<\/strong> a\u00e7\u0131s\u0131ndan da \u00e7ok s\u0131k tercih edilen bir \u00fclke olarak herkesin dikkatini \u00e7ekiyor diyebiliriz. M\u0131s\u0131r Y\u00fcksek\u00f6\u011fretim Bakanl\u0131\u011f\u0131, <strong>M\u0131s\u0131r\u2019da \u00fcniversite konulu e\u011fitimi<\/strong> her kulvarda denetleyen bir kurumdur. M\u0131s\u0131r \u00fclkesinde e\u011fitim kalitesi son senelerde daha da y\u00fckselmeye ba\u015flam\u0131\u015ft\u0131r. M\u0131s\u0131r; ilk s\u0131rada turizm sekt\u00f6r\u00fc olacak \u015fekilde bilgi teknolojileri, kimya, m\u00fchendislik ve t\u0131p gibi alanlarda da ilerleme kaydetmeye devam etmektedir. D\u00fcnyan\u0131n bir\u00e7ok yerinden \u00f6\u011frenciler M\u0131s\u0131r\u2019da e\u011fitim g\u00f6rmek i\u00e7in bu \u00fclkeye geliyorlar. M\u0131s\u0131r, kusursuz tarihi birikimleri ile sosyal bilimler alan\u0131nda \u00e7al\u0131\u015fmak isteyen \u00f6\u011frencilerin ilgisini \u00e7ekiyor. Buran\u0131n birden fazla k\u00fclt\u00fcr detay\u0131na sahip ortam\u0131nda kim \u00f6\u011frenim g\u00f6rmek istemez ki? Burada yer alan \u00fcniversitelerde <strong>\u0130ngilizce<\/strong> ve <strong>Arap\u00e7a<\/strong> e\u011fitim sa\u011flan\u0131r. Bahsi ge\u00e7en \u00fcniversitelerde e\u011fitim g\u00f6recek ki\u015filerin \u00fcniversite denklik belgeleri olmal\u0131d\u0131r, bu zorunlu bir kural haline getirilmi\u015ftir. M\u0131s\u0131r\u2019da tam olarak yirmi \u00fc\u00e7 tane devlet, on dokuz tane de \u00f6zel \u00fcniversite yer almaktad\u0131r. En \u00e7ok ra\u011fbet g\u00f6ren \u00f6zel \u00fcniversiteler; El Shorouk Akademisi, Nahda \u00dcniversitesi, International Academy for Media Sciences ve Modern Sciences and Arts University yani MSA olmaktad\u0131r. Devlet \u00fcniversiteleri aras\u0131ndan en \u00e7ok ilgi g\u00f6renler ise Suez Canal \u00dcniversitesi, Kahire \u00dcniversitesi, \u0130skenderiye \u00dcniversitesi ve Benha \u00dcniversitesi olmaktad\u0131r.<\/span><\/p>\n","protected":false},"excerpt":{"rendered":"<p>M\u0131s\u0131r \u00dcniversite E\u011fitimi 2022 M\u0131s\u0131r\u2019da \u00fcniversite okumak isteyen T\u00fcrk vatanda\u015flar\u0131n\u0131n, M\u0131s\u0131r e\u011fitim vizesi almas\u0131 gerekmektedir. M\u0131s\u0131r e\u011fitim vizesi ba\u015fvurular\u0131 M\u0131s\u0131r\u2019\u0131n T\u00fcrkiye\u2019de bulunan temsilciliklerine yap\u0131lmal\u0131d\u0131r. Ba\u015fvuru i\u00e7in M\u0131s\u0131r\u2019da bulunan \u00fcniversiteden kabul mektubu alm\u0131\u015f olman\u0131z gerekmektedir. M\u0131s\u0131r\u2019da \u00fcniversite okumak i\u00e7in bir s\u0131nava girmeniz gerekmemektedir. Ancak baz\u0131 \u00fcniversiteler kendi b\u00fcnyelerinde kabul i\u00e7in s\u0131nav yapabilir. Ayr\u0131ca baz\u0131 \u00fcniversiteler sadece<\/p>\n","protected":false},"author":1,"featured_media":0,"parent":18,"menu_order":0,"comment_status":"open","ping_status":"closed","template":"","meta":{"footnotes":""},"class_list":["post-53","page","type-page","status-publish","hentry"],"yoast_head":"<!-- This site is optimized with the Yoast SEO plugin v24.0 - https:\/\/yoast.com\/wordpress\/plugins\/seo\/ -->\n<title>M\u0131s\u0131r \u00dcniversite E\u011fitim Vizesi - MyVize Vize Ba\u015fvuru Merkezi<\/title>\n<meta name=\"description\" content=\"M\u0131s\u0131r \u00fcniversite e\u011fitim vize ba\u015fvurusu evrak listesi. M\u0131s\u0131r \u00fcniversite e\u011fitim belgeleri ve \u015fartlar\u0131 i\u00e7in ileti\u015fime ge\u00e7ebilirsiniz.\" \/>\n<meta name=\"robots\" content=\"index, follow, max-snippet:-1, max-image-preview:large, max-video-preview:-1\" \/>\n<link rel=\"canonical\" href=\"https:\/\/www.myvize.com.tr\/misir\/vize-islemleri\/misir-universite-egitimi\/\" \/>\n<meta property=\"og:locale\" content=\"tr_TR\" \/>\n<meta property=\"og:type\" content=\"article\" \/>\n<meta property=\"og:title\" content=\"M\u0131s\u0131r \u00dcniversite E\u011fitim Vizesi - MyVize Vize Ba\u015fvuru Merkezi\" \/>\n<meta property=\"og:description\" content=\"M\u0131s\u0131r \u00fcniversite e\u011fitim vize ba\u015fvurusu evrak listesi. M\u0131s\u0131r \u00fcniversite e\u011fitim belgeleri ve \u015fartlar\u0131 i\u00e7in ileti\u015fime ge\u00e7ebilirsiniz.\" \/>\n<meta property=\"og:url\" content=\"https:\/\/www.myvize.com.tr\/misir\/vize-islemleri\/misir-universite-egitimi\/\" \/>\n<meta property=\"og:site_name\" content=\"M\u0131s\u0131r Vizesi\" \/>\n<meta property=\"article:modified_time\" content=\"2022-04-22T12:52:13+00:00\" \/>\n<meta property=\"og:image\" content=\"https:\/\/www.myvize.com.tr\/misir\/wp-content\/uploads\/2021\/10\/17.jpg\" \/>\n<meta name=\"twitter:card\" content=\"summary_large_image\" \/>\n<meta name=\"twitter:label1\" content=\"Tahmini okuma s\u00fcresi\" \/>\n\t<meta name=\"twitter:data1\" content=\"2 dakika\" \/>\n<script type=\"application\/ld+json\" class=\"yoast-schema-graph\">{\"@context\":\"https:\/\/schema.org\",\"@graph\":[{\"@type\":\"WebPage\",\"@id\":\"https:\/\/www.myvize.com.tr\/misir\/vize-islemleri\/misir-universite-egitimi\/\",\"url\":\"https:\/\/www.myvize.com.tr\/misir\/vize-islemleri\/misir-universite-egitimi\/\",\"name\":\"M\u0131s\u0131r \u00dcniversite E\u011fitim Vizesi - MyVize Vize Ba\u015fvuru Merkezi\",\"isPartOf\":{\"@id\":\"https:\/\/www.myvize.com.tr\/misir\/#website\"},\"primaryImageOfPage\":{\"@id\":\"https:\/\/www.myvize.com.tr\/misir\/vize-islemleri\/misir-universite-egitimi\/#primaryimage\"},\"image\":{\"@id\":\"https:\/\/www.myvize.com.tr\/misir\/vize-islemleri\/misir-universite-egitimi\/#primaryimage\"},\"thumbnailUrl\":\"https:\/\/www.myvize.com.tr\/misir\/wp-content\/uploads\/2021\/10\/17.jpg\",\"datePublished\":\"2020-11-30T09:50:00+00:00\",\"dateModified\":\"2022-04-22T12:52:13+00:00\",\"description\":\"M\u0131s\u0131r \u00fcniversite e\u011fitim vize ba\u015fvurusu evrak listesi. M\u0131s\u0131r \u00fcniversite e\u011fitim belgeleri ve \u015fartlar\u0131 i\u00e7in ileti\u015fime ge\u00e7ebilirsiniz.\",\"breadcrumb\":{\"@id\":\"https:\/\/www.myvize.com.tr\/misir\/vize-islemleri\/misir-universite-egitimi\/#breadcrumb\"},\"inLanguage\":\"tr\",\"potentialAction\":[{\"@type\":\"ReadAction\",\"target\":[\"https:\/\/www.myvize.com.tr\/misir\/vize-islemleri\/misir-universite-egitimi\/\"]}]},{\"@type\":\"ImageObject\",\"inLanguage\":\"tr\",\"@id\":\"https:\/\/www.myvize.com.tr\/misir\/vize-islemleri\/misir-universite-egitimi\/#primaryimage\",\"url\":\"https:\/\/www.myvize.com.tr\/misir\/wp-content\/uploads\/2021\/10\/17.jpg\",\"contentUrl\":\"https:\/\/www.myvize.com.tr\/misir\/wp-content\/uploads\/2021\/10\/17.jpg\",\"width\":800,\"height\":500,\"caption\":\"M\u0131s\u0131r \u00dcniversite E\u011fitimi\"},{\"@type\":\"BreadcrumbList\",\"@id\":\"https:\/\/www.myvize.com.tr\/misir\/vize-islemleri\/misir-universite-egitimi\/#breadcrumb\",\"itemListElement\":[{\"@type\":\"ListItem\",\"position\":1,\"name\":\"Anasayfa\",\"item\":\"https:\/\/www.myvize.com.tr\/misir\/\"},{\"@type\":\"ListItem\",\"position\":2,\"name\":\"V\u0130ZE \u0130\u015eLEMLER\u0130\",\"item\":\"https:\/\/www.myvize.com.tr\/misir\/vize-islemleri\/\"},{\"@type\":\"ListItem\",\"position\":3,\"name\":\"M\u0131s\u0131r \u00dcniversite E\u011fitimi\"}]},{\"@type\":\"WebSite\",\"@id\":\"https:\/\/www.myvize.com.tr\/misir\/#website\",\"url\":\"https:\/\/www.myvize.com.tr\/misir\/\",\"name\":\"M\u0131s\u0131r Vizesi\",\"description\":\"\",\"potentialAction\":[{\"@type\":\"SearchAction\",\"target\":{\"@type\":\"EntryPoint\",\"urlTemplate\":\"https:\/\/www.myvize.com.tr\/misir\/?s={search_term_string}\"},\"query-input\":{\"@type\":\"PropertyValueSpecification\",\"valueRequired\":true,\"valueName\":\"search_term_string\"}}],\"inLanguage\":\"tr\"}]}<\/script>\n<!-- \/ Yoast SEO plugin. -->","yoast_head_json":{"title":"M\u0131s\u0131r \u00dcniversite E\u011fitim Vizesi - MyVize Vize Ba\u015fvuru Merkezi","description":"M\u0131s\u0131r \u00fcniversite e\u011fitim vize ba\u015fvurusu evrak listesi. M\u0131s\u0131r \u00fcniversite e\u011fitim belgeleri ve \u015fartlar\u0131 i\u00e7in ileti\u015fime ge\u00e7ebilirsiniz.","robots":{"index":"index","follow":"follow","max-snippet":"max-snippet:-1","max-image-preview":"max-image-preview:large","max-video-preview":"max-video-preview:-1"},"canonical":"https:\/\/www.myvize.com.tr\/misir\/vize-islemleri\/misir-universite-egitimi\/","og_locale":"tr_TR","og_type":"article","og_title":"M\u0131s\u0131r \u00dcniversite E\u011fitim Vizesi - MyVize Vize Ba\u015fvuru Merkezi","og_description":"M\u0131s\u0131r \u00fcniversite e\u011fitim vize ba\u015fvurusu evrak listesi. M\u0131s\u0131r \u00fcniversite e\u011fitim belgeleri ve \u015fartlar\u0131 i\u00e7in ileti\u015fime ge\u00e7ebilirsiniz.","og_url":"https:\/\/www.myvize.com.tr\/misir\/vize-islemleri\/misir-universite-egitimi\/","og_site_name":"M\u0131s\u0131r Vizesi","article_modified_time":"2022-04-22T12:52:13+00:00","og_image":[{"url":"https:\/\/www.myvize.com.tr\/misir\/wp-content\/uploads\/2021\/10\/17.jpg","type":"","width":"","height":""}],"twitter_card":"summary_large_image","twitter_misc":{"Tahmini okuma s\u00fcresi":"2 dakika"},"schema":{"@context":"https:\/\/schema.org","@graph":[{"@type":"WebPage","@id":"https:\/\/www.myvize.com.tr\/misir\/vize-islemleri\/misir-universite-egitimi\/","url":"https:\/\/www.myvize.com.tr\/misir\/vize-islemleri\/misir-universite-egitimi\/","name":"M\u0131s\u0131r \u00dcniversite E\u011fitim Vizesi - MyVize Vize Ba\u015fvuru Merkezi","isPartOf":{"@id":"https:\/\/www.myvize.com.tr\/misir\/#website"},"primaryImageOfPage":{"@id":"https:\/\/www.myvize.com.tr\/misir\/vize-islemleri\/misir-universite-egitimi\/#primaryimage"},"image":{"@id":"https:\/\/www.myvize.com.tr\/misir\/vize-islemleri\/misir-universite-egitimi\/#primaryimage"},"thumbnailUrl":"https:\/\/www.myvize.com.tr\/misir\/wp-content\/uploads\/2021\/10\/17.jpg","datePublished":"2020-11-30T09:50:00+00:00","dateModified":"2022-04-22T12:52:13+00:00","description":"M\u0131s\u0131r \u00fcniversite e\u011fitim vize ba\u015fvurusu evrak listesi. M\u0131s\u0131r \u00fcniversite e\u011fitim belgeleri ve \u015fartlar\u0131 i\u00e7in ileti\u015fime ge\u00e7ebilirsiniz.","breadcrumb":{"@id":"https:\/\/www.myvize.com.tr\/misir\/vize-islemleri\/misir-universite-egitimi\/#breadcrumb"},"inLanguage":"tr","potentialAction":[{"@type":"ReadAction","target":["https:\/\/www.myvize.com.tr\/misir\/vize-islemleri\/misir-universite-egitimi\/"]}]},{"@type":"ImageObject","inLanguage":"tr","@id":"https:\/\/www.myvize.com.tr\/misir\/vize-islemleri\/misir-universite-egitimi\/#primaryimage","url":"https:\/\/www.myvize.com.tr\/misir\/wp-content\/uploads\/2021\/10\/17.jpg","contentUrl":"https:\/\/www.myvize.com.tr\/misir\/wp-content\/uploads\/2021\/10\/17.jpg","width":800,"height":500,"caption":"M\u0131s\u0131r \u00dcniversite E\u011fitimi"},{"@type":"BreadcrumbList","@id":"https:\/\/www.myvize.com.tr\/misir\/vize-islemleri\/misir-universite-egitimi\/#breadcrumb","itemListElement":[{"@type":"ListItem","position":1,"name":"Anasayfa","item":"https:\/\/www.myvize.com.tr\/misir\/"},{"@type":"ListItem","position":2,"name":"V\u0130ZE \u0130\u015eLEMLER\u0130","item":"https:\/\/www.myvize.com.tr\/misir\/vize-islemleri\/"},{"@type":"ListItem","position":3,"name":"M\u0131s\u0131r \u00dcniversite E\u011fitimi"}]},{"@type":"WebSite","@id":"https:\/\/www.myvize.com.tr\/misir\/#website","url":"https:\/\/www.myvize.com.tr\/misir\/","name":"M\u0131s\u0131r Vizesi","description":"","potentialAction":[{"@type":"SearchAction","target":{"@type":"EntryPoint","urlTemplate":"https:\/\/www.myvize.com.tr\/misir\/?s={search_term_string}"},"query-input":{"@type":"PropertyValueSpecification","valueRequired":true,"valueName":"search_term_string"}}],"inLanguage":"tr"}]}},"_links":{"self":[{"href":"https:\/\/www.myvize.com.tr\/misir\/wp-json\/wp\/v2\/pages\/53","targetHints":{"allow":["GET"]}}],"collection":[{"href":"https:\/\/www.myvize.com.tr\/misir\/wp-json\/wp\/v2\/pages"}],"about":[{"href":"https:\/\/www.myvize.com.tr\/misir\/wp-json\/wp\/v2\/types\/page"}],"author":[{"embeddable":true,"href":"https:\/\/www.myvize.com.tr\/misir\/wp-json\/wp\/v2\/users\/1"}],"replies":[{"embeddable":true,"href":"https:\/\/www.myvize.com.tr\/misir\/wp-json\/wp\/v2\/comments?post=53"}],"version-history":[{"count":7,"href":"https:\/\/www.myvize.com.tr\/misir\/wp-json\/wp\/v2\/pages\/53\/revisions"}],"predecessor-version":[{"id":724,"href":"https:\/\/www.myvize.com.tr\/misir\/wp-json\/wp\/v2\/pages\/53\/revisions\/724"}],"up":[{"embeddable":true,"href":"https:\/\/www.myvize.com.tr\/misir\/wp-json\/wp\/v2\/pages\/18"}],"wp:attachment":[{"href":"https:\/\/www.myvize.com.tr\/misir\/wp-json\/wp\/v2\/media?parent=53"}],"curies":[{"name":"wp","href":"https:\/\/api.w.org\/{rel}","templated":true}]}}