{"id":69,"date":"2020-11-30T12:54:37","date_gmt":"2020-11-30T09:54:37","guid":{"rendered":"https:\/\/www.myvize.com.tr\/misir\/?page_id=69"},"modified":"2022-04-22T17:51:23","modified_gmt":"2022-04-22T14:51:23","slug":"konsolosluklar","status":"publish","type":"page","link":"https:\/\/www.myvize.com.tr\/misir\/konsolosluklar\/","title":{"rendered":"KONSOLOSLUKLAR"},"content":{"rendered":"<h2><strong><span style=\"font-family: Roboto; font-size: 27px;\">M\u0131s\u0131r Konsolosluklar\u0131 Hakk\u0131nda<\/span><\/strong><\/h2>\n<p><span style=\"font-family: Roboto; font-size: 14px;\">M\u0131s\u0131r\u2019\u0131n T\u00fcrkiye\u2019de <span style=\"color: #2acec2;\"><strong><a style=\"color: #2acec2;\" href=\"https:\/\/www.myvize.com.tr\/misir\/konsolosluklar\/ankara-buyukelciligi\/\" target=\"_blank\" rel=\"noopener\">M\u0131s\u0131r Ankara B\u00fcy\u00fckel\u00e7ili\u011fi <\/a><\/strong><\/span>ve <span style=\"color: #2acec2;\"><strong><a style=\"color: #2acec2;\" href=\"https:\/\/www.myvize.com.tr\/misir\/konsolosluklar\/misir-istanbul-fahri-konsoloslugu\/\" target=\"_blank\" rel=\"noopener\">M\u0131s\u0131r \u0130stanbul Ba\u015fkonsoloslu\u011fu<\/a><\/strong><\/span> olmak \u00fczere iki adet konsoloslu\u011fu bulunmaktad\u0131r. M\u0131s\u0131r\u2019\u0131n T\u00fcrkiye\u2019deki temsilcilikleri T\u00fcrkiye ve Arap Cumhuriyeti aras\u0131ndaki ili\u015fkileri d\u00fczenlemektedir. Bunun yan\u0131nda T\u00fcrkiye vatanda\u015flar\u0131na ve M\u0131s\u0131r Arap Cumhuriyeti vatanda\u015flar\u0131na Konsolosluk hizmeti sa\u011flamaktad\u0131r.<\/span><\/p>\n<p><span style=\"font-family: Roboto; font-size: 14px;\"><strong>M\u0131s\u0131r Ankara B\u00fcy\u00fckel\u00e7ili\u011fi<\/strong><\/span><\/p>\n<p><span style=\"font-family: Roboto; font-size: 14px;\">Adres: Remzi O\u011fuz Ar\u0131k Mahallesi, Atat\u00fcrk Bulvar\u0131, No 126, PK: 06540, \u00c7ankaya\/Ankara<\/span><\/p>\n<p><span style=\"font-family: Roboto; font-size: 14px;\">\u00c7al\u0131\u015fma Saatleri: <strong>M\u0131s\u0131r Ankara B\u00fcy\u00fckel\u00e7ili\u011fi<\/strong>, M\u0131s\u0131r resmi tatillerinde ve T\u00fcrkiye resmi tatillerinde \u00e7al\u0131\u015fmamaktad\u0131r. Pazartesi ve Per\u015fembe g\u00fcnleri aras\u0131nda saat 09.00 ile 12.00 aras\u0131nda ve 14.00 ile 17.00 aras\u0131nda hizmet vermektedir.<\/span><\/p>\n<p><span style=\"font-family: Roboto; font-size: 14px;\"><strong>M\u0131s\u0131r \u0130stanbul Ba\u015fkonsoloslu\u011fu<\/strong><\/span><\/p>\n<p><span style=\"font-family: Roboto; font-size: 14px;\">Adres: Bebek Mahallesi, Cevdet Pa\u015fa Caddesi, No:12, PK: 34342 Be\u015fikta\u015f\/\u0130stanbul<\/span><\/p>\n<p><span style=\"font-family: Roboto; font-size: 14px;\">\u00c7al\u0131\u015fma Saatleri:<strong> M\u0131s\u0131r \u0130stanbul Ba\u015fkonsoloslu\u011fu<\/strong> T\u00fcrkiye ve M\u0131s\u0131r Arap Cumhuriyeti resmi tatillerinde \u00e7al\u0131\u015fmamaktad\u0131r. M\u0131s\u0131r \u0130stanbul Ba\u015fkonsoloslu\u011fu \u00e7al\u0131\u015fma saatleri Pazartesi ve Cuma g\u00fcnleri aras\u0131nda saat 09.00 ile 16.00 aras\u0131nda hizmet vermektedir.<\/span><\/p>\n<h2><span style=\"font-family: Roboto; font-size: 27px;\"><strong>M\u0131s\u0131r T\u00fcrkiye Konsoloslu\u011fu<\/strong><\/span><\/h2>\n<p><span style=\"font-family: Roboto; font-size: 14px;\"><strong>M\u0131s\u0131r T\u00fcrkiye Konsoloslu\u011fu<\/strong>, T\u00fcrkiye ve M\u0131s\u0131r aras\u0131nda bulunan ili\u015fkiyi geli\u015ftirmeyi ve belirli bir d\u00fczeyde ilerletmeleri ama\u00e7lamaktad\u0131r. T\u00fcrkiye ve M\u0131s\u0131r aras\u0131 bulunan diplomat, sosyal, k\u00fclt\u00fcr, askeri ili\u015fkisi geli\u015ftirmeyi ama\u00e7lamakta.<\/span><\/p>\n<p><span style=\"font-family: Roboto; font-size: 14px;\">M\u0131s\u0131r T\u00fcrkiye Konsoloslu\u011fu\u2019nun bir ba\u015fka amac\u0131ysa T\u00fcrkiye\u2019de yasal olarak ikamet etmekde olan M\u0131s\u0131r vatanda\u015f\u0131na, vatanda\u015fl\u0131k ve konsolosluk hizmetleri vermektedir. <strong>M\u0131s\u0131r vatanda\u015f\u0131<\/strong>, M\u0131s\u0131r T\u00fcrkiye Konsoloslu\u011fu\u2019nda do\u011fum i\u015flemi, tasdik i\u015flemi, \u00f6l\u00fcm i\u015flemi, vergi i\u015flemleri, askerlik i\u015flemi gibi hizmet yapabilmektedir.<\/span><\/p>\n<p><span style=\"font-family: Roboto; font-size: 14px;\">M\u0131s\u0131r\u2019a seyahat edecek olan T\u00fcrk vatanda\u015f\u0131 i\u015flemini, <strong>M\u0131s\u0131r T\u00fcrkiye Konsoloslu\u011fu<\/strong> arac\u0131l\u0131\u011f\u0131 ile sa\u011flamakta. M\u0131s\u0131r\u2019a seyahat edecek olan T\u00fcrk vatanda\u015f\u0131 vize ba\u015fvurusu yapmas\u0131 ve olumlu vize sonucunu almas\u0131 gerekmekte. <span style=\"color: #2acec2;\"><strong><a style=\"color: #2acec2;\" href=\"https:\/\/www.myvize.com.tr\/misir\/vize-islemleri\/misir-vizesi\/\" target=\"_blank\" rel=\"noopener\">M\u0131s\u0131r vizesi <\/a><\/strong><\/span>ba\u015fvurusunu incelemek ve karar vermek yetkisi <strong>M\u0131s\u0131r T\u00fcrkiye Konsoloslu\u011fa<\/strong> aittir.<\/span><\/p>\n<p><span style=\"font-family: Roboto; font-size: 14px;\"><strong>M\u0131s\u0131r T\u00fcrkiye Konsoloslu\u011fu<\/strong>, T\u00fcrkiye ve M\u0131s\u0131r aras\u0131 ticari ili\u015fkinin daha ileri seviye gitmesini ama\u00e7lamakta. T\u00fcrkiye\u2019de i\u015f kurmu\u015f olan M\u0131s\u0131r vatanda\u015f\u0131na i\u015fleri konusunda destek olmakta.<\/span><\/p>\n<p><span style=\"font-family: Roboto; font-size: 14px;\">T\u00fcrkiye\u2019de bulunan ve e\u011fitim alan M\u0131s\u0131r vatanda\u015f\u0131na destek olmaktad\u0131r. <strong>M\u0131s\u0131r T\u00fcrkiye Konsoloslu\u011fu<\/strong>, T\u00fcrkiye\u2019de bulunan ve yasal olarak ikamet eden M\u0131s\u0131r vatanda\u015f\u0131na ayr\u0131ca sosyal alanlarda destek olmaktad\u0131r.<\/span><\/p>\n","protected":false},"excerpt":{"rendered":"<p>M\u0131s\u0131r Konsolosluklar\u0131 Hakk\u0131nda M\u0131s\u0131r\u2019\u0131n T\u00fcrkiye\u2019de M\u0131s\u0131r Ankara B\u00fcy\u00fckel\u00e7ili\u011fi ve M\u0131s\u0131r \u0130stanbul Ba\u015fkonsoloslu\u011fu olmak \u00fczere iki adet konsoloslu\u011fu bulunmaktad\u0131r. M\u0131s\u0131r\u2019\u0131n T\u00fcrkiye\u2019deki temsilcilikleri T\u00fcrkiye ve Arap Cumhuriyeti aras\u0131ndaki ili\u015fkileri d\u00fczenlemektedir. Bunun yan\u0131nda T\u00fcrkiye vatanda\u015flar\u0131na ve M\u0131s\u0131r Arap Cumhuriyeti vatanda\u015flar\u0131na Konsolosluk hizmeti sa\u011flamaktad\u0131r. M\u0131s\u0131r Ankara B\u00fcy\u00fckel\u00e7ili\u011fi Adres: Remzi O\u011fuz Ar\u0131k Mahallesi, Atat\u00fcrk Bulvar\u0131, No 126, PK: 06540, \u00c7ankaya\/Ankara<\/p>\n","protected":false},"author":1,"featured_media":0,"parent":0,"menu_order":0,"comment_status":"closed","ping_status":"closed","template":"","meta":{"footnotes":""},"class_list":["post-69","page","type-page","status-publish","hentry"],"yoast_head":"<!-- This site is optimized with the Yoast SEO plugin v24.0 - https:\/\/yoast.com\/wordpress\/plugins\/seo\/ -->\n<title>M\u0131s\u0131r Konsolosluk \u0130leti\u015fim Bilgileri - M\u0131s\u0131r Vizesi - MyVize<\/title>\n<meta name=\"description\" content=\"M\u0131s\u0131r Konsolosluklar\u0131n harital\u0131 a\u00e7\u0131k adresleri, M\u0131s\u0131r Konsolosluklar ve El\u00e7ilik listeleri. M\u0131s\u0131r Konsolosluklar ve yetki alanlar\u0131.\" \/>\n<meta name=\"robots\" content=\"index, follow, max-snippet:-1, max-image-preview:large, max-video-preview:-1\" \/>\n<link rel=\"canonical\" href=\"https:\/\/www.myvize.com.tr\/misir\/konsolosluklar\/\" \/>\n<meta property=\"og:locale\" content=\"tr_TR\" \/>\n<meta property=\"og:type\" content=\"article\" \/>\n<meta property=\"og:title\" content=\"M\u0131s\u0131r Konsolosluk \u0130leti\u015fim Bilgileri - M\u0131s\u0131r Vizesi - MyVize\" \/>\n<meta property=\"og:description\" content=\"M\u0131s\u0131r Konsolosluklar\u0131n harital\u0131 a\u00e7\u0131k adresleri, M\u0131s\u0131r Konsolosluklar ve El\u00e7ilik listeleri. M\u0131s\u0131r Konsolosluklar ve yetki alanlar\u0131.\" \/>\n<meta property=\"og:url\" content=\"https:\/\/www.myvize.com.tr\/misir\/konsolosluklar\/\" \/>\n<meta property=\"og:site_name\" content=\"M\u0131s\u0131r Vizesi\" \/>\n<meta property=\"article:modified_time\" content=\"2022-04-22T14:51:23+00:00\" \/>\n<meta name=\"twitter:card\" content=\"summary_large_image\" \/>\n<meta name=\"twitter:label1\" content=\"Tahmini okuma s\u00fcresi\" \/>\n\t<meta name=\"twitter:data1\" content=\"2 dakika\" \/>\n<script type=\"application\/ld+json\" class=\"yoast-schema-graph\">{\"@context\":\"https:\/\/schema.org\",\"@graph\":[{\"@type\":\"WebPage\",\"@id\":\"https:\/\/www.myvize.com.tr\/misir\/konsolosluklar\/\",\"url\":\"https:\/\/www.myvize.com.tr\/misir\/konsolosluklar\/\",\"name\":\"M\u0131s\u0131r Konsolosluk \u0130leti\u015fim Bilgileri - M\u0131s\u0131r Vizesi - MyVize\",\"isPartOf\":{\"@id\":\"https:\/\/www.myvize.com.tr\/misir\/#website\"},\"datePublished\":\"2020-11-30T09:54:37+00:00\",\"dateModified\":\"2022-04-22T14:51:23+00:00\",\"description\":\"M\u0131s\u0131r Konsolosluklar\u0131n harital\u0131 a\u00e7\u0131k adresleri, M\u0131s\u0131r Konsolosluklar ve El\u00e7ilik listeleri. M\u0131s\u0131r Konsolosluklar ve yetki alanlar\u0131.\",\"breadcrumb\":{\"@id\":\"https:\/\/www.myvize.com.tr\/misir\/konsolosluklar\/#breadcrumb\"},\"inLanguage\":\"tr\",\"potentialAction\":[{\"@type\":\"ReadAction\",\"target\":[\"https:\/\/www.myvize.com.tr\/misir\/konsolosluklar\/\"]}]},{\"@type\":\"BreadcrumbList\",\"@id\":\"https:\/\/www.myvize.com.tr\/misir\/konsolosluklar\/#breadcrumb\",\"itemListElement\":[{\"@type\":\"ListItem\",\"position\":1,\"name\":\"Anasayfa\",\"item\":\"https:\/\/www.myvize.com.tr\/misir\/\"},{\"@type\":\"ListItem\",\"position\":2,\"name\":\"KONSOLOSLUKLAR\"}]},{\"@type\":\"WebSite\",\"@id\":\"https:\/\/www.myvize.com.tr\/misir\/#website\",\"url\":\"https:\/\/www.myvize.com.tr\/misir\/\",\"name\":\"M\u0131s\u0131r Vizesi\",\"description\":\"\",\"potentialAction\":[{\"@type\":\"SearchAction\",\"target\":{\"@type\":\"EntryPoint\",\"urlTemplate\":\"https:\/\/www.myvize.com.tr\/misir\/?s={search_term_string}\"},\"query-input\":{\"@type\":\"PropertyValueSpecification\",\"valueRequired\":true,\"valueName\":\"search_term_string\"}}],\"inLanguage\":\"tr\"}]}<\/script>\n<!-- \/ Yoast SEO plugin. -->","yoast_head_json":{"title":"M\u0131s\u0131r Konsolosluk \u0130leti\u015fim Bilgileri - M\u0131s\u0131r Vizesi - MyVize","description":"M\u0131s\u0131r Konsolosluklar\u0131n harital\u0131 a\u00e7\u0131k adresleri, M\u0131s\u0131r Konsolosluklar ve El\u00e7ilik listeleri. M\u0131s\u0131r Konsolosluklar ve yetki alanlar\u0131.","robots":{"index":"index","follow":"follow","max-snippet":"max-snippet:-1","max-image-preview":"max-image-preview:large","max-video-preview":"max-video-preview:-1"},"canonical":"https:\/\/www.myvize.com.tr\/misir\/konsolosluklar\/","og_locale":"tr_TR","og_type":"article","og_title":"M\u0131s\u0131r Konsolosluk \u0130leti\u015fim Bilgileri - M\u0131s\u0131r Vizesi - MyVize","og_description":"M\u0131s\u0131r Konsolosluklar\u0131n harital\u0131 a\u00e7\u0131k adresleri, M\u0131s\u0131r Konsolosluklar ve El\u00e7ilik listeleri. M\u0131s\u0131r Konsolosluklar ve yetki alanlar\u0131.","og_url":"https:\/\/www.myvize.com.tr\/misir\/konsolosluklar\/","og_site_name":"M\u0131s\u0131r Vizesi","article_modified_time":"2022-04-22T14:51:23+00:00","twitter_card":"summary_large_image","twitter_misc":{"Tahmini okuma s\u00fcresi":"2 dakika"},"schema":{"@context":"https:\/\/schema.org","@graph":[{"@type":"WebPage","@id":"https:\/\/www.myvize.com.tr\/misir\/konsolosluklar\/","url":"https:\/\/www.myvize.com.tr\/misir\/konsolosluklar\/","name":"M\u0131s\u0131r Konsolosluk \u0130leti\u015fim Bilgileri - M\u0131s\u0131r Vizesi - MyVize","isPartOf":{"@id":"https:\/\/www.myvize.com.tr\/misir\/#website"},"datePublished":"2020-11-30T09:54:37+00:00","dateModified":"2022-04-22T14:51:23+00:00","description":"M\u0131s\u0131r Konsolosluklar\u0131n harital\u0131 a\u00e7\u0131k adresleri, M\u0131s\u0131r Konsolosluklar ve El\u00e7ilik listeleri. M\u0131s\u0131r Konsolosluklar ve yetki alanlar\u0131.","breadcrumb":{"@id":"https:\/\/www.myvize.com.tr\/misir\/konsolosluklar\/#breadcrumb"},"inLanguage":"tr","potentialAction":[{"@type":"ReadAction","target":["https:\/\/www.myvize.com.tr\/misir\/konsolosluklar\/"]}]},{"@type":"BreadcrumbList","@id":"https:\/\/www.myvize.com.tr\/misir\/konsolosluklar\/#breadcrumb","itemListElement":[{"@type":"ListItem","position":1,"name":"Anasayfa","item":"https:\/\/www.myvize.com.tr\/misir\/"},{"@type":"ListItem","position":2,"name":"KONSOLOSLUKLAR"}]},{"@type":"WebSite","@id":"https:\/\/www.myvize.com.tr\/misir\/#website","url":"https:\/\/www.myvize.com.tr\/misir\/","name":"M\u0131s\u0131r Vizesi","description":"","potentialAction":[{"@type":"SearchAction","target":{"@type":"EntryPoint","urlTemplate":"https:\/\/www.myvize.com.tr\/misir\/?s={search_term_string}"},"query-input":{"@type":"PropertyValueSpecification","valueRequired":true,"valueName":"search_term_string"}}],"inLanguage":"tr"}]}},"_links":{"self":[{"href":"https:\/\/www.myvize.com.tr\/misir\/wp-json\/wp\/v2\/pages\/69","targetHints":{"allow":["GET"]}}],"collection":[{"href":"https:\/\/www.myvize.com.tr\/misir\/wp-json\/wp\/v2\/pages"}],"about":[{"href":"https:\/\/www.myvize.com.tr\/misir\/wp-json\/wp\/v2\/types\/page"}],"author":[{"embeddable":true,"href":"https:\/\/www.myvize.com.tr\/misir\/wp-json\/wp\/v2\/users\/1"}],"replies":[{"embeddable":true,"href":"https:\/\/www.myvize.com.tr\/misir\/wp-json\/wp\/v2\/comments?post=69"}],"version-history":[{"count":5,"href":"https:\/\/www.myvize.com.tr\/misir\/wp-json\/wp\/v2\/pages\/69\/revisions"}],"predecessor-version":[{"id":733,"href":"https:\/\/www.myvize.com.tr\/misir\/wp-json\/wp\/v2\/pages\/69\/revisions\/733"}],"wp:attachment":[{"href":"https:\/\/www.myvize.com.tr\/misir\/wp-json\/wp\/v2\/media?parent=69"}],"curies":[{"name":"wp","href":"https:\/\/api.w.org\/{rel}","templated":true}]}}