{"id":74,"date":"2020-11-30T13:02:26","date_gmt":"2020-11-30T10:02:26","guid":{"rendered":"https:\/\/www.myvize.com.tr\/misir\/?page_id=74"},"modified":"2022-04-25T17:36:17","modified_gmt":"2022-04-25T14:36:17","slug":"antalya-konsoloslugu","status":"publish","type":"page","link":"https:\/\/www.myvize.com.tr\/misir\/konsolosluklar\/antalya-konsoloslugu\/","title":{"rendered":"M\u0131s\u0131r Antalya Konsoloslu\u011fu"},"content":{"rendered":"<h2><span style=\"font-family: Roboto; font-size: 27px;\"><strong>M\u0131s\u0131r Antalya Konsoloslu\u011fu Hakk\u0131nda<\/strong><\/span><\/h2>\n<p><span style=\"font-family: Roboto; font-size: 14px;\"><strong>M\u0131s\u0131r Antalya Konsolosluk<\/strong>, M\u0131s\u0131r\u2019\u0131n T\u00fcrkiye\u2019de bulunan en yetkili temsilcili\u011fi. T\u00fcrkiye ve M\u0131s\u0131r aras\u0131nda ki ba\u011f\u0131 her alanda geli\u015ftirme ama\u00e7\u0131 aras\u0131ndad\u0131r. Antalya\u2019da bulunan Antalya M\u0131s\u0131r Konsoloslu\u011fu g\u00f6revi a\u015fa\u011f\u0131da verilmi\u015ftir.<\/span><br \/>\n<span style=\"font-family: Roboto; font-size: 14px;\"><strong>M\u0131s\u0131r Antalya Konsolosluk<\/strong>, Ankara M\u0131s\u0131r B\u00fcy\u00fckel\u00e7ili\u011fi\u2019ne ba\u011fl\u0131 olarak \u00e7al\u0131\u015fmakta.<\/span><br \/>\n<span style=\"font-family: Roboto; font-size: 14px;\">M\u0131s\u0131r\u2019\u0131n ve M\u0131s\u0131r vatanda\u015f\u0131n\u0131n T\u00fcrkiye\u2019deki haklar\u0131n\u0131, T\u00fcrkiye hukuka, M\u0131s\u0131r hukukuna ve uluslararas\u0131 hukuk ba\u011fl\u0131 olarak korumaktad\u0131r.<\/span><br \/>\n<span style=\"font-family: Roboto; font-size: 14px;\">Antalya\u2019da bulunan <strong>M\u0131s\u0131r Konsolosluklar\u0131<\/strong>, T\u00fcrkiye ve M\u0131s\u0131r aras\u0131ndaki ili\u015fkisi ve m\u00fczakeresi y\u00fcr\u00fctmek ve y\u00f6netmektedir.<\/span><br \/>\n<span style=\"font-family: Roboto; font-size: 14px;\">Antalya\u2019daki<strong> M\u0131s\u0131r Konsolosluklar\u0131<\/strong>, T\u00fcrkiye ve M\u0131s\u0131r aras\u0131nda dostluk ba\u011flar\u0131n\u0131n kurulmas\u0131 sa\u011flamaktad\u0131r. Askeri, ekonomik, \u00a0k\u00fclt\u00fcrel, bilimsel ili\u015fkisinin geli\u015ftirilmesi \u00f6nemli rol oynamakta. <strong>M\u0131s\u0131r Antalya Konsoloslu\u011fu<\/strong>, <span style=\"color: #2acec2;\"><strong><a style=\"color: #2acec2;\" href=\"https:\/\/www.myvize.com.tr\/misir\/subelerimiz\/antalya\/\" target=\"_blank\" rel=\"noopener\">Antalya<\/a><\/strong><\/span> ve \u00e7evresi i\u015f kurmu\u015f olan ya da Antalya \u00a0ve \u00e7evresi ticaret yapmak isteyen M\u0131s\u0131r vatanda\u015f\u0131na destek olmaktad\u0131r.<\/span><br \/>\n<span style=\"font-family: Roboto; font-size: 14px;\"><strong>M\u0131s\u0131r Antalya Konsolosluk,<\/strong> T\u00fcrkiye\u2019deki geli\u015fmesi yak\u0131ndan takip ederek, M\u0131s\u0131r kamuoyu bilgilendirmekte. T\u00fcrk kamuoyunu ise M\u0131s\u0131r g\u00fcndemleri hakk\u0131nda bilgilendirmekte.<\/span><br \/>\n<span style=\"font-family: Roboto; font-size: 14px;\">T\u00fcrkiye\u2019de bulunan <strong>M\u0131s\u0131r vatanda\u015f\u0131na<\/strong> konsolosluk ve noter hizmet sa\u011flar.<\/span><br \/>\n<span style=\"font-family: Roboto; font-size: 14px;\">M\u0131s\u0131r\u2019a seyahat etmek isteyen T\u00fcrkiye cumhuriyeti vatanda\u015f\u0131na M\u0131s\u0131r vize hizmeti vermektedir.\u00a0<\/span><br \/>\n<span style=\"font-family: Roboto; font-size: 14px;\">M\u0131s\u0131r Antalya Konsoloslu\u011fu Adres: Yenig\u00f6l Mahallesi, Serik Caddesi, No: 89, Muratpa\u015fa\/Antalya<\/span><\/p>\n<h2><strong><span style=\"font-family: Roboto; font-size: 27px;\">M\u0131s\u0131r Antalya Konsoloslu\u011fu \u0130le \u0130lgili<\/span><\/strong><\/h2>\n<p><span style=\"font-family: Roboto; font-size: 14px;\"><strong>M\u0131s\u0131r Antalya Konsoloslu\u011f<\/strong>u, Antalya\u2019da ve \u00e7evre illerde ikamet eden ki\u015filerin vize ile alakal\u0131 olan i\u015flemlerini yapt\u0131\u011f\u0131 kurum olarak bilinmektedir. <strong>Antalya ilinde<\/strong> ya\u015f\u0131yor ve M\u0131s\u0131r \u00fclkesine gitmek istiyorsan\u0131z vize alman\u0131z gerekti\u011fini biliyor olman\u0131z laz\u0131md\u0131r. Bu vizeyi almak i\u00e7in M\u0131s\u0131r\u2019\u0131n Antalya s\u0131n\u0131rlar\u0131 i\u00e7erisinde yer alan Antalya Konsoloslu\u011fu\u2019na ba\u015fvuruda bulunman\u0131z gerekiyor. Antalya M\u0131s\u0131r Konsoloslu\u011fu taraf\u0131ndan yetkilendirilmi\u015f bir vize merkezi arac\u0131l\u0131\u011f\u0131 ile de i\u015flemlerinizin t\u00fcm\u00fcn\u00fc halledebilirsiniz.<strong> M\u0131s\u0131r vizesi<\/strong> alabilmeniz i\u00e7in gereken evraklar\u0131n tamam\u0131n\u0131 eksiksiz olarak haz\u0131rda bulundurmal\u0131s\u0131n\u0131z. Bu belgeleri dilerseniz \u015fahsen ba\u015fvurarak konsoloslu\u011fa kendiniz g\u00f6t\u00fcrebilirsiniz, dilerseniz de anla\u015ft\u0131\u011f\u0131n\u0131z bir vize merkezi ile bu i\u015flemleri y\u00fcr\u00fctebilirsiniz. Bu konuda karar tamamen size kalm\u0131\u015f oluyor. S\u00fcresi on seneden daha az olmayan bir pasaport, biyometrik foto\u011fraf, n\u00fcfus c\u00fczdan\u0131 fotokopisi ve vize ba\u015fvuru formu gibi bir\u00e7ok belgeyi daha \u015fimdiden haz\u0131r ederseniz herhangi bir sorunla kar\u015f\u0131la\u015fmadan M\u0131s\u0131r vizenizi alma yolunda en \u00f6nemli ad\u0131mlardan birini atm\u0131\u015f olursunuz. Fakat eksik ya da yanl\u0131\u015f belge vermeniz durumunda <strong>M\u0131s\u0131r vize reddi<\/strong> durumuyla kar\u015f\u0131 kar\u015f\u0131ya kalarak zor g\u00fcnler ge\u00e7irebilirsiniz.<\/span><\/p>\n<h2><span style=\"font-family: Roboto; font-size: 27px;\"><strong>M\u0131s\u0131r Antalya Vize Ba\u015fvuru<\/strong><\/span><\/h2>\n<p><span style=\"font-family: Roboto; font-size: 14px;\"><strong>Antalya vize ba\u015fvuru<\/strong>\u00a0i\u015flemlerinde <strong>ticari vize<\/strong> almak i\u00e7in gerekli olan bir\u00e7ok evrak yer al\u0131r. \u00d6ncelikle ki\u015finin vize bitiminden itibaren daha 6 ay ge\u00e7erlili\u011fi bulunan bir pasaporta sahip olmalar\u0131 gerekir. Konsoloslu\u011fun belirtmi\u015f oldu\u011fu \u015fartlar\u0131n yerine getirilerek \u00e7ekilmi\u015f 2 adet biyometrik foto\u011fraf gerekir. Bu foto\u011fraflar\u0131n beyaz arka fon ile \u00e7ekilmesi ve fon da herhangi bir deseninde bulunmamas\u0131 gerekir. Eksiksiz ve do\u011fru bilgiler ile <span style=\"color: #2acec2;\"><strong><a style=\"color: #2acec2;\" href=\"https:\/\/www.myvize.com.tr\/misir\/form-dilekce\/misir-vize-basvuru-formu\/\" target=\"_blank\" rel=\"noopener\">M\u0131s\u0131r vize ba\u015fvuru formu<\/a><\/strong><\/span> doldurulmal\u0131d\u0131r. \u015eirket taraf\u0131ndan antetli ka\u015feli ve ayn\u0131 zaman da imzal\u0131 ka\u011f\u0131t \u00fczerine <span style=\"color: #2acec2;\"><strong><a style=\"color: #2acec2;\" href=\"https:\/\/www.myvize.com.tr\/misir\/vize-islemleri\/misir-vizesi\/\" target=\"_blank\" rel=\"noopener\">M\u0131s\u0131r vizesi<\/a><\/strong><\/span> departman\u0131na mektup yazmas\u0131 gerekir. Mektubun i\u00e7erisinde seyahat detaylar\u0131, vize talebi ve ayn\u0131 zaman da seyahat boyunca masraflar\u0131n kim taraf\u0131ndan kar\u015f\u0131lanaca\u011f\u0131n\u0131 da belirten bir dilek\u00e7e yaz\u0131lmas\u0131 gerekir. M\u0131s\u0131r\u2019da bulunan \u015firketin davetiyesinin ya da fax olmas\u0131 gerekir. \u015eirket imza sirk\u00fcleri bir adet fotokopi ve orijinali, \u015firket vergi levhas\u0131, oda kay\u0131t ve faaliyet belgesi, \u015firket ticaret sicil gazetesi gerekir. Bu evraklar\u0131n her birinin tam ve do\u011fru bir \u015fekilde teslim edilmesi gerekir. Ancak bu sayede<strong> ticari vize<\/strong> al\u0131nabilir.\u00a0<\/span><\/p>\n","protected":false},"excerpt":{"rendered":"<p>M\u0131s\u0131r Antalya Konsoloslu\u011fu Hakk\u0131nda M\u0131s\u0131r Antalya Konsolosluk, M\u0131s\u0131r\u2019\u0131n T\u00fcrkiye\u2019de bulunan en yetkili temsilcili\u011fi. T\u00fcrkiye ve M\u0131s\u0131r aras\u0131nda ki ba\u011f\u0131 her alanda geli\u015ftirme ama\u00e7\u0131 aras\u0131ndad\u0131r. Antalya\u2019da bulunan Antalya M\u0131s\u0131r Konsoloslu\u011fu g\u00f6revi a\u015fa\u011f\u0131da verilmi\u015ftir. M\u0131s\u0131r Antalya Konsolosluk, Ankara M\u0131s\u0131r B\u00fcy\u00fckel\u00e7ili\u011fi\u2019ne ba\u011fl\u0131 olarak \u00e7al\u0131\u015fmakta. M\u0131s\u0131r\u2019\u0131n ve M\u0131s\u0131r vatanda\u015f\u0131n\u0131n T\u00fcrkiye\u2019deki haklar\u0131n\u0131, T\u00fcrkiye hukuka, M\u0131s\u0131r hukukuna ve uluslararas\u0131 hukuk ba\u011fl\u0131<\/p>\n","protected":false},"author":1,"featured_media":0,"parent":69,"menu_order":0,"comment_status":"open","ping_status":"closed","template":"","meta":{"footnotes":""},"class_list":["post-74","page","type-page","status-publish","hentry"],"yoast_head":"<!-- This site is optimized with the Yoast SEO plugin v24.0 - https:\/\/yoast.com\/wordpress\/plugins\/seo\/ -->\n<title>M\u0131s\u0131r Antalya Konsoloslu\u011fu Vize \u0130\u015flemleri - MyVize<\/title>\n<meta name=\"description\" content=\"M\u0131s\u0131r Konsoloslu\u011fu Antalya \u00e7al\u0131\u015fma saatleri. M\u0131s\u0131r Konsoloslu\u011fu Antalya ula\u015f\u0131m, ileti\u015fim bilgileri ve faaliyet alan\u0131.\" \/>\n<meta name=\"robots\" content=\"index, follow, max-snippet:-1, max-image-preview:large, max-video-preview:-1\" \/>\n<link rel=\"canonical\" href=\"https:\/\/www.myvize.com.tr\/misir\/konsolosluklar\/antalya-konsoloslugu\/\" \/>\n<meta property=\"og:locale\" content=\"tr_TR\" \/>\n<meta property=\"og:type\" content=\"article\" \/>\n<meta property=\"og:title\" content=\"M\u0131s\u0131r Antalya Konsoloslu\u011fu Vize \u0130\u015flemleri - MyVize\" \/>\n<meta property=\"og:description\" content=\"M\u0131s\u0131r Konsoloslu\u011fu Antalya \u00e7al\u0131\u015fma saatleri. M\u0131s\u0131r Konsoloslu\u011fu Antalya ula\u015f\u0131m, ileti\u015fim bilgileri ve faaliyet alan\u0131.\" \/>\n<meta property=\"og:url\" content=\"https:\/\/www.myvize.com.tr\/misir\/konsolosluklar\/antalya-konsoloslugu\/\" \/>\n<meta property=\"og:site_name\" content=\"M\u0131s\u0131r Vizesi\" \/>\n<meta property=\"article:modified_time\" content=\"2022-04-25T14:36:17+00:00\" \/>\n<meta name=\"twitter:card\" content=\"summary_large_image\" \/>\n<meta name=\"twitter:label1\" content=\"Tahmini okuma s\u00fcresi\" \/>\n\t<meta name=\"twitter:data1\" content=\"3 dakika\" \/>\n<script type=\"application\/ld+json\" class=\"yoast-schema-graph\">{\"@context\":\"https:\/\/schema.org\",\"@graph\":[{\"@type\":\"WebPage\",\"@id\":\"https:\/\/www.myvize.com.tr\/misir\/konsolosluklar\/antalya-konsoloslugu\/\",\"url\":\"https:\/\/www.myvize.com.tr\/misir\/konsolosluklar\/antalya-konsoloslugu\/\",\"name\":\"M\u0131s\u0131r Antalya Konsoloslu\u011fu Vize \u0130\u015flemleri - MyVize\",\"isPartOf\":{\"@id\":\"https:\/\/www.myvize.com.tr\/misir\/#website\"},\"datePublished\":\"2020-11-30T10:02:26+00:00\",\"dateModified\":\"2022-04-25T14:36:17+00:00\",\"description\":\"M\u0131s\u0131r Konsoloslu\u011fu Antalya \u00e7al\u0131\u015fma saatleri. M\u0131s\u0131r Konsoloslu\u011fu Antalya ula\u015f\u0131m, ileti\u015fim bilgileri ve faaliyet alan\u0131.\",\"breadcrumb\":{\"@id\":\"https:\/\/www.myvize.com.tr\/misir\/konsolosluklar\/antalya-konsoloslugu\/#breadcrumb\"},\"inLanguage\":\"tr\",\"potentialAction\":[{\"@type\":\"ReadAction\",\"target\":[\"https:\/\/www.myvize.com.tr\/misir\/konsolosluklar\/antalya-konsoloslugu\/\"]}]},{\"@type\":\"BreadcrumbList\",\"@id\":\"https:\/\/www.myvize.com.tr\/misir\/konsolosluklar\/antalya-konsoloslugu\/#breadcrumb\",\"itemListElement\":[{\"@type\":\"ListItem\",\"position\":1,\"name\":\"Anasayfa\",\"item\":\"https:\/\/www.myvize.com.tr\/misir\/\"},{\"@type\":\"ListItem\",\"position\":2,\"name\":\"KONSOLOSLUKLAR\",\"item\":\"https:\/\/www.myvize.com.tr\/misir\/konsolosluklar\/\"},{\"@type\":\"ListItem\",\"position\":3,\"name\":\"M\u0131s\u0131r Antalya Konsoloslu\u011fu\"}]},{\"@type\":\"WebSite\",\"@id\":\"https:\/\/www.myvize.com.tr\/misir\/#website\",\"url\":\"https:\/\/www.myvize.com.tr\/misir\/\",\"name\":\"M\u0131s\u0131r Vizesi\",\"description\":\"\",\"potentialAction\":[{\"@type\":\"SearchAction\",\"target\":{\"@type\":\"EntryPoint\",\"urlTemplate\":\"https:\/\/www.myvize.com.tr\/misir\/?s={search_term_string}\"},\"query-input\":{\"@type\":\"PropertyValueSpecification\",\"valueRequired\":true,\"valueName\":\"search_term_string\"}}],\"inLanguage\":\"tr\"}]}<\/script>\n<!-- \/ Yoast SEO plugin. -->","yoast_head_json":{"title":"M\u0131s\u0131r Antalya Konsoloslu\u011fu Vize \u0130\u015flemleri - MyVize","description":"M\u0131s\u0131r Konsoloslu\u011fu Antalya \u00e7al\u0131\u015fma saatleri. M\u0131s\u0131r Konsoloslu\u011fu Antalya ula\u015f\u0131m, ileti\u015fim bilgileri ve faaliyet alan\u0131.","robots":{"index":"index","follow":"follow","max-snippet":"max-snippet:-1","max-image-preview":"max-image-preview:large","max-video-preview":"max-video-preview:-1"},"canonical":"https:\/\/www.myvize.com.tr\/misir\/konsolosluklar\/antalya-konsoloslugu\/","og_locale":"tr_TR","og_type":"article","og_title":"M\u0131s\u0131r Antalya Konsoloslu\u011fu Vize \u0130\u015flemleri - MyVize","og_description":"M\u0131s\u0131r Konsoloslu\u011fu Antalya \u00e7al\u0131\u015fma saatleri. M\u0131s\u0131r Konsoloslu\u011fu Antalya ula\u015f\u0131m, ileti\u015fim bilgileri ve faaliyet alan\u0131.","og_url":"https:\/\/www.myvize.com.tr\/misir\/konsolosluklar\/antalya-konsoloslugu\/","og_site_name":"M\u0131s\u0131r Vizesi","article_modified_time":"2022-04-25T14:36:17+00:00","twitter_card":"summary_large_image","twitter_misc":{"Tahmini okuma s\u00fcresi":"3 dakika"},"schema":{"@context":"https:\/\/schema.org","@graph":[{"@type":"WebPage","@id":"https:\/\/www.myvize.com.tr\/misir\/konsolosluklar\/antalya-konsoloslugu\/","url":"https:\/\/www.myvize.com.tr\/misir\/konsolosluklar\/antalya-konsoloslugu\/","name":"M\u0131s\u0131r Antalya Konsoloslu\u011fu Vize \u0130\u015flemleri - MyVize","isPartOf":{"@id":"https:\/\/www.myvize.com.tr\/misir\/#website"},"datePublished":"2020-11-30T10:02:26+00:00","dateModified":"2022-04-25T14:36:17+00:00","description":"M\u0131s\u0131r Konsoloslu\u011fu Antalya \u00e7al\u0131\u015fma saatleri. M\u0131s\u0131r Konsoloslu\u011fu Antalya ula\u015f\u0131m, ileti\u015fim bilgileri ve faaliyet alan\u0131.","breadcrumb":{"@id":"https:\/\/www.myvize.com.tr\/misir\/konsolosluklar\/antalya-konsoloslugu\/#breadcrumb"},"inLanguage":"tr","potentialAction":[{"@type":"ReadAction","target":["https:\/\/www.myvize.com.tr\/misir\/konsolosluklar\/antalya-konsoloslugu\/"]}]},{"@type":"BreadcrumbList","@id":"https:\/\/www.myvize.com.tr\/misir\/konsolosluklar\/antalya-konsoloslugu\/#breadcrumb","itemListElement":[{"@type":"ListItem","position":1,"name":"Anasayfa","item":"https:\/\/www.myvize.com.tr\/misir\/"},{"@type":"ListItem","position":2,"name":"KONSOLOSLUKLAR","item":"https:\/\/www.myvize.com.tr\/misir\/konsolosluklar\/"},{"@type":"ListItem","position":3,"name":"M\u0131s\u0131r Antalya Konsoloslu\u011fu"}]},{"@type":"WebSite","@id":"https:\/\/www.myvize.com.tr\/misir\/#website","url":"https:\/\/www.myvize.com.tr\/misir\/","name":"M\u0131s\u0131r Vizesi","description":"","potentialAction":[{"@type":"SearchAction","target":{"@type":"EntryPoint","urlTemplate":"https:\/\/www.myvize.com.tr\/misir\/?s={search_term_string}"},"query-input":{"@type":"PropertyValueSpecification","valueRequired":true,"valueName":"search_term_string"}}],"inLanguage":"tr"}]}},"_links":{"self":[{"href":"https:\/\/www.myvize.com.tr\/misir\/wp-json\/wp\/v2\/pages\/74","targetHints":{"allow":["GET"]}}],"collection":[{"href":"https:\/\/www.myvize.com.tr\/misir\/wp-json\/wp\/v2\/pages"}],"about":[{"href":"https:\/\/www.myvize.com.tr\/misir\/wp-json\/wp\/v2\/types\/page"}],"author":[{"embeddable":true,"href":"https:\/\/www.myvize.com.tr\/misir\/wp-json\/wp\/v2\/users\/1"}],"replies":[{"embeddable":true,"href":"https:\/\/www.myvize.com.tr\/misir\/wp-json\/wp\/v2\/comments?post=74"}],"version-history":[{"count":5,"href":"https:\/\/www.myvize.com.tr\/misir\/wp-json\/wp\/v2\/pages\/74\/revisions"}],"predecessor-version":[{"id":643,"href":"https:\/\/www.myvize.com.tr\/misir\/wp-json\/wp\/v2\/pages\/74\/revisions\/643"}],"up":[{"embeddable":true,"href":"https:\/\/www.myvize.com.tr\/misir\/wp-json\/wp\/v2\/pages\/69"}],"wp:attachment":[{"href":"https:\/\/www.myvize.com.tr\/misir\/wp-json\/wp\/v2\/media?parent=74"}],"curies":[{"name":"wp","href":"https:\/\/api.w.org\/{rel}","templated":true}]}}