{"id":76,"date":"2020-11-30T13:03:06","date_gmt":"2020-11-30T10:03:06","guid":{"rendered":"https:\/\/www.myvize.com.tr\/misir\/?page_id=76"},"modified":"2022-04-25T17:37:24","modified_gmt":"2022-04-25T14:37:24","slug":"misir-istanbul-fahri-konsoloslugu","status":"publish","type":"page","link":"https:\/\/www.myvize.com.tr\/misir\/konsolosluklar\/misir-istanbul-fahri-konsoloslugu\/","title":{"rendered":"M\u0131s\u0131r \u0130stanbul Fahri Konsoloslu\u011fu"},"content":{"rendered":"<p><span style=\"font-family: Roboto;\"><\/span><\/p>\r\n<p><span style=\"font-family: Roboto; font-size: 14px;\">\u00a0\u00a0<strong>\u0130stanbul M\u0131s\u0131r Konsoloslu\u011fu,\u00a0<\/strong>T\u00fcrkiye Cumhuriyetinde ikamet eden <strong>M\u0131s\u0131r vatanda\u015flar\u0131na<\/strong> hizmet vermek bu vatanda\u015flar\u0131n resmi meselelerini halletmek ve bu i\u015fleri y\u00fcr\u00fctmekten sorumlu bir kurumdur. Sadece M\u0131s\u0131r vatanda\u015flar\u0131ndan sorumlu olmayan\u00a0<strong>\u0130stanbul M\u0131s\u0131r Konsoloslu\u011fu\u00a0<\/strong>ayn\u0131 zamanda T\u00fcrk vatanda\u015flar\u0131 i\u00e7in B\u00fcy\u00fckel\u00e7ilikten sonra vize ba\u015fvurusu meselesinde en yetkili kurumdur.\u00a0 T\u00fcrkiye Cumhuriyeti vatanda\u015flar\u0131 <strong>\u0130stanbul M\u0131s\u0131r Konsoloslu\u011funa<\/strong> gidip ba\u015fvurular\u0131n\u0131 yapabilirler. Her vize ba\u015fvurusu gibi bu ba\u015fvuru a\u015famas\u0131nda da formlar\u0131n\u0131 eksiksiz doldurmalar\u0131 gerekmektedir. Sadece \u0130stanbul ve \u00e7evresindeki illerin ba\u015fvurusuyla s\u0131n\u0131rl\u0131 olan kurum t\u00fcm illerden ba\u015fvuru almamaktad\u0131r ve birka\u00e7 g\u00fcn i\u00e7erisinde ba\u015fvurular\u0131n de\u011ferlendirilmesi sonu\u00e7lanmaktad\u0131r. <span style=\"color: #2acec2;\"><strong><a style=\"color: #2acec2;\" href=\"https:\/\/www.myvize.com.tr\/misir\/vize-islemleri\/\" target=\"_blank\" rel=\"noopener\">M\u0131s\u0131r Vize i\u015flemleri<\/a><\/strong><\/span> \u00f6ncesi yenilenmi\u015f pasaport avantaj sa\u011flayacakt\u0131r. Ba\u015fvuru formunu eksiksiz doldurman\u0131z ve \u015fartlara da uyman\u0131z halinde \u0130stanbul M\u0131s\u0131r Konsoloslu\u011fundan vize alman\u0131z i\u00e7in akl\u0131n\u0131zda hi\u00e7bir soru i\u015fareti kalmayacak ve <strong>M\u0131s\u0131r i\u00e7in vizenizi<\/strong> s\u0131k\u0131nt\u0131s\u0131z bir \u015fekilde halledeceksiniz.<\/span><\/p>\r\n<h2><strong><span style=\"font-family: Roboto; font-size: 27px;\">M\u0131s\u0131r \u0130stanbul Konsoloslu\u011fu Hakk\u0131nda<\/span><\/strong><\/h2>\r\n<p><span style=\"font-family: Roboto; font-size: 14px;\"><strong>M\u0131s\u0131r \u0130stanbul Fahri Konsoloslu\u011fu<\/strong> hakk\u0131nda herkes taraf\u0131ndan zaman zaman bir\u00e7ok \u00f6nemli \u015fey merak ediliyor. Bu yaz\u0131da sizler i\u00e7in her bir bilgiyi ayr\u0131nt\u0131lar\u0131 ile veriyor olaca\u011f\u0131z. Konsoloslukta bir i\u015finiz varsa ve \u0130stanbul ya da \u0130stanbul\u2019un \u00e7evre illerinde ikamet ediyorsan\u0131z t\u00fcm i\u015flemlerinizi<strong> M\u0131s\u0131r \u0130stanbul Fahri Konsoloslu\u011fu<\/strong> kurumunda ger\u00e7ekle\u015ftirebilirsiniz. <strong>M\u0131s\u0131r Konsolosluklar\u0131n\u0131n<\/strong> hepsi faaliyet b\u00f6lgelerine yak\u0131n alanlarda ya\u015fayan bireylerin <strong>M\u0131s\u0131r vizesi i\u015flemleri<\/strong> konusunda hizmet vermektedir. Bu alanlarda yetkinlikleri b\u00fcy\u00fckt\u00fcr. M\u0131s\u0131r \u00fclkesine gidecek olan T\u00fcrkiye Cumhuriyeti bireyleri ile \u00fclkemizde ikamet izni olan \u00fc\u00e7\u00fcnc\u00fc \u00fclke bireylerinin vize i\u015flemleri mevzusunda karar mercii her zaman <strong>M\u0131s\u0131r \u0130stanbul Fahri Konsoloslu\u011fu<\/strong> olmaktad\u0131r. Bu konsolosluk ayn\u0131 esnada \u00fclkemizde ya\u015famaya devam eden M\u0131s\u0131rl\u0131 vatanda\u015flar\u0131n evlilik, belge tasdiki ve bo\u015fanma gibi konular\u0131nda da onlara yard\u0131mc\u0131 olmaktad\u0131r. Bu gibi konular\u0131n yan\u0131 s\u0131ra daha bir\u00e7ok konsolosluk i\u015flemleri i\u00e7in <strong>M\u0131s\u0131r \u0130stanbul Fahri Konsoloslu\u011fu<\/strong> ile ileti\u015fime ge\u00e7ebilir, ya da direkt olarak konsoloslu\u011fu ziyaret edebilirsiniz. B\u00f6ylece her bir i\u015fleminizi k\u0131sa zaman i\u00e7erisinde tamamen sorunsuzca halledebilir, zamandan en iyi \u015fekilde tasarruf edebilirsiniz.<\/span><\/p>\r\n<p><span style=\"font-family: Roboto; font-size: 14px;\">\r\n\r\n<\/span><\/p>\r\n<p><span style=\"font-size: 20px;\"><strong><span style=\"font-family: Roboto;\">\u0130stanbul M\u0131s\u0131r Konsoloslu\u011fu Mesai Saatleri Ka\u00e7la Ka\u00e7 Aras\u0131d\u0131r?<\/span><\/strong><\/span><\/p>\r\n<p><span style=\"font-family: Roboto; font-size: 14px;\">\r\n\r\n<\/span><\/p>\r\n<p><span style=\"font-family: Roboto; font-size: 14px;\">\u00a0\u00a0\u00a0\u00a0\u00a0\u00a0\u00a0\u00a0\u00a0\u00a0\u00a0\u00a0\u00a0\u00a0\u00a0\u00a0<strong>\u0130stanbul M\u0131s\u0131r Konsoloslu\u011fu\u00a0<\/strong>\u00e7al\u0131\u015fma saatleri sadece hafta i\u00e7i her g\u00fcn 9.00 ile 16.00 aras\u0131 a\u00e7\u0131kt\u0131r ve hizmet vermektedir. Kurum resmi tatillerde ve hafta sonlar\u0131 kapal\u0131d\u0131r ve hizmet vermemektedir. Sadece T\u00fcrkiye Cumhuriyeti resmi tatillerinde olmamakla beraber M\u0131s\u0131r resmi tatillerinde de hizmet veremeyen <strong>\u0130stanbul M\u0131s\u0131r Konsoloslu\u011fu<\/strong> bu d\u00f6nemlerde de kapal\u0131d\u0131r.<\/span><\/p>\r\n<h2><strong><span style=\"font-family: Roboto; font-size: 27px;\">M\u0131s\u0131r \u0130stanbul Konsolosu Kimdir?<\/span><\/strong><\/h2>\r\n<p><span style=\"font-family: Roboto; font-size: 14px;\">M\u0131s\u0131r\u2019\u0131n T\u00fcrkiye\u2019de bulunan temsilcilerinden birisi M\u0131s\u0131r \u0130stanbul Konsolosu\u2019dir. M\u0131s\u0131r \u0130stanbul Konsolosu\u2019nun kim oldu\u011funu ara\u015ft\u0131ran ki\u015filer i\u00e7in bu yaz\u0131da \u201cM\u0131s\u0131r \u0130stanbul Konsolosu kimdir?\u201d sorusuna cevap verilmi\u015ftir.<\/span><\/p>\r\n<p><span style=\"font-family: Roboto; font-size: 14px;\"><strong>M\u0131s\u0131r \u0130stanbul Konsolosu<\/strong> Wafaa Mohamed El-Hadidi\u2019dir. Wafaa Mohamed, <strong>M\u0131s\u0131r ile T\u00fcrkiy<\/strong>e aras\u0131ndaki ili\u015fkileri her alanda geli\u015ftirmeyi ama\u00e7lamaktad\u0131r. M\u0131s\u0131r\u2019\u0131n ve M\u0131s\u0131r vatanda\u015flar\u0131n\u0131n T\u00fcrkiye\u2019deki hak ve \u00e7\u0131karlar\u0131n\u0131 korumay\u0131 ama\u00e7lamaktad\u0131r. M\u0131s\u0131r\u2019\u0131na Ankara B\u00fcy\u00fckel\u00e7ili\u011fi\u2019ne ba\u011fl\u0131 olarak \u00e7al\u0131\u015fmalar\u0131n\u0131 y\u00fcr\u00fctmektedir.<\/span><\/p>\r\n<p><span style=\"font-family: Roboto; font-size: 14px;\"><strong>M\u0131s\u0131r \u0130stanbul Konsolosu<\/strong> Wafaa Mohamed, M\u0131s\u0131r vatanda\u015flar\u0131na T\u00fcrkiye\u2019de vatanda\u015fl\u0131k hizmeti sa\u011flamaktad\u0131r. M\u0131s\u0131r vatanda\u015flar\u0131na e\u011fitim, sa\u011fl\u0131k ve hukuk alanlar\u0131nda destek sa\u011flamaktad\u0131r.<\/span><\/p>\r\n<p><span style=\"font-family: Roboto; font-size: 14px;\"><strong>M\u0131s\u0131r \u0130stanbul Konsolosu<\/strong> M\u0131s\u0131r ile T\u00fcrkiye\u2019deki ekonomik ve ticari ili\u015fkilerini d\u00fczenlemektedir. \u0130stanbul ve \u00e7evresindeki M\u0131s\u0131r yat\u0131r\u0131mlar\u0131n\u0131 art\u0131rmay\u0131 b\u00f6lgedeki M\u0131s\u0131r ticari etkinli\u011fini art\u0131rmay\u0131 ama\u00e7lamaktad\u0131r.<\/span><\/p>\r\n<h2><strong><span style=\"font-family: Roboto; font-size: 27px;\">M\u0131s\u0131r \u0130stanbul Konsoloslu\u011fu Vize \u0130\u015flemleri<\/span><\/strong><\/h2>\r\n<p><span style=\"font-family: Roboto; font-size: 14px;\"><strong>M\u0131s\u0131r\u2019a seyahat etmek<\/strong> isteyen ki\u015filer, M\u0131s\u0131r seyahatleri i\u00e7in ama\u00e7lar\u0131na uygun olan M\u0131s\u0131r vizesini almal\u0131d\u0131r.<span style=\"color: #2acec2;\"><strong><a style=\"color: #2acec2;\" href=\"https:\/\/www.myvize.com.tr\/misir\/vize-islemleri\/misir-vizesi\/\" target=\"_blank\" rel=\"noopener\"> M\u0131s\u0131r vizesi<\/a><\/strong><\/span> alacak olan ki\u015filer, M\u0131s\u0131r \u0130stanbul Konsoloslu\u011fu\u2019nda vize i\u015flemleri yapabilir. Bu yaz\u0131da <strong>M\u0131s\u0131r \u0130stanbul Konsoloslu\u011fu<\/strong> vize i\u015flemleri yapacak olan ki\u015filer i\u00e7in bilgi verilmi\u015ftir.<\/span><\/p>\r\n<ul>\r\n<li><span style=\"font-family: Roboto; font-size: 14px;\">M\u0131s\u0131r \u0130stanbul Konsoloslu\u011fu\u2019nda vize i\u015flemleri i\u00e7in \u00f6ncelikle M\u0131s\u0131r seyahat amac\u0131na uygun olan vize t\u00fcr\u00fc belirlenmelidir.<\/span><\/li>\r\n<li><span style=\"font-family: Roboto; font-size: 14px;\"><strong>M\u0131s\u0131r \u0130stanbul Konsoloslu\u011fu<\/strong> vize i\u015flemleri i\u00e7in randevu al\u0131nmas\u0131na gerek bulunmamaktad\u0131r. Bu nedenle M\u0131s\u0131r \u0130stanbul Konsoloslu\u011fu vize i\u015flemleri i\u00e7in Konsoloslu\u011fu\u2019n a\u00e7\u0131k bulundu\u011fu tarihilerde M\u0131s\u0131r \u0130stanbul Konsoloslu\u011fu\u2019nu ziyaret edebilirsiniz.<\/span><\/li>\r\n<li><span style=\"font-family: Roboto; font-size: 14px;\"><strong>M\u0131s\u0131r \u0130stanbul Konsoloslu\u011fu<\/strong> vize i\u015flemleri i\u00e7in gerekli olan belgeler haz\u0131rlanmal\u0131d\u0131r. Bu evraklar\u0131n M\u0131s\u0131r \u0130stanbul Konsoloslu\u011fu\u2019nun istedi\u011fi formda haz\u0131rlanmas\u0131 gerekmektedir. Ba\u015fvuru yapacak olan ki\u015filer gerekli olan evraklar\u0131 M\u0131s\u0131r \u0130stanbul Konsoloslu\u011fu\u2019na teslim ederek M\u0131s\u0131r \u0130stanbul Konsoloslu\u011fu vize i\u015flemlerini yapabilmektedir.<\/span><\/li>\r\n<\/ul>\r\n<h2><span style=\"font-size: 27px;\"><strong><span style=\"font-family: Roboto;\">M\u0131s\u0131r \u0130stanbul Konsoloslu\u011fu Vize Ba\u015fvurusu<\/span><\/strong><\/span><\/h2>\r\n<p><span style=\"font-family: Roboto; font-size: 14px;\">M\u0131s\u0131r\u2019a seyahat planlayan ki\u015filer, M\u0131s\u0131r seyahatleri i\u00e7in vize almal\u0131d\u0131r. <strong>M\u0131s\u0131r vizesi alacak<\/strong> olan ki\u015filer ba\u015fvurular\u0131n\u0131 M\u0131s\u0131r \u0130stanbul Konsoloslu\u011fu\u2019na ba\u015fvuru yap\u0131labilir. <strong>M\u0131s\u0131r \u0130stanbul Konsoloslu\u011fu vize ba\u015fvurusu<\/strong> yapacak olan ki\u015filer, M\u0131s\u0131r \u0130stanbul Konsoloslu\u011fu vize ba\u015fvurusu hakk\u0131nda ara\u015ft\u0131rma yapmaktad\u0131r. Bu yaz\u0131da M\u0131s\u0131r \u0130stanbul Konsoloslu\u011fu vize ba\u015fvurusu yapacak olan ki\u015filerin ara\u015ft\u0131rd\u0131\u011f\u0131 M\u0131s\u0131r \u0130stanbul Konsoloslu\u011fu vize ba\u015fvurusu hakk\u0131nda bilgi verilmi\u015ftir.<\/span><\/p>\r\n<p><span style=\"font-family: Roboto; font-size: 14px;\">M\u0131s\u0131r \u0130stanbul Konsoloslu\u011fu vize ba\u015fvurusu yapacak olan ki\u015filer, gerekli olan vize belgeleri eksiksiz olarak haz\u0131rlamal\u0131 ve M\u0131s\u0131r \u0130stanbul Konsoloslu\u011fu\u2019na teslim etmelidir. M\u0131s\u0131r \u0130stanbul Konsoloslu\u011fu vize ba\u015fvurusu i\u00e7in randevu al\u0131nmas\u0131na gerek yoktur.<\/span><\/p>\r\n<p><span style=\"font-family: Roboto; font-size: 14px;\"><strong>M\u0131s\u0131r \u0130stanbul Konsoloslu\u011fu vize ba\u015fvurusu<\/strong> i\u00e7in gerekli olan belgelerin eksiksiz olarak haz\u0131rlanmas\u0131 gerekmektedir. Bu evraklar M\u0131s\u0131r seyahat plan\u0131n\u0131 a\u00e7\u0131klayan nitelikte olmal\u0131d\u0131r. Ba\u015fvuru yapacak olan ki\u015filer, M\u0131s\u0131r\u2019da bulundu\u011fu s\u00fcre boyunca <strong>M\u0131s\u0131r konaklama ve seyahat<\/strong> masraflar\u0131n\u0131 kar\u015f\u0131layacak ekonomik duruma sahip olmal\u0131d\u0131r.<\/span><\/p>\r\n<h3><strong><span style=\"font-family: Roboto; font-size: 24px;\">M\u0131s\u0131r \u0130stanbul Konsoloslu\u011fu Vize Randevusu<\/span><\/strong><\/h3>\r\n<p><span style=\"font-family: Roboto; font-size: 14px;\">M\u0131s\u0131r \u0130stanbul Konsoloslu\u011fu\u2019na vize ba\u015fvurusunda bulunacak olan ki\u015filer, M\u0131s\u0131r \u0130stanbul Konsoloslu\u011fu\u2019ndan vize randevusu al\u0131p almamas\u0131 konusunda ara\u015ft\u0131rma yapmaktad\u0131r. M\u0131s\u0131r \u0130stanbul Konsoloslu\u011fu vize ba\u015fvurusu yapacak olan ki\u015filer i\u00e7in bu yaz\u0131da <strong>M\u0131s\u0131r \u0130stanbul Konsoloslu\u011fu randevusu<\/strong> hakk\u0131nda bilgi verilmi\u015ftir.<\/span><\/p>\r\n<p><span style=\"font-family: Roboto; font-size: 14px;\"><strong>M\u0131s\u0131r \u0130stanbul Konsoloslu\u011fu<\/strong> vize ba\u015fvurusu yapacak olan ki\u015filerin ba\u015fvuru i\u00e7in randevu almas\u0131na gerek yoktur. Gerekli olan evraklar haz\u0131rlanarak M\u0131s\u0131r \u0130stanbul Konsoloslu\u011fu ziyaret edilerek ba\u015fvuru yap\u0131lmal\u0131d\u0131r.<\/span><\/p>\r\n<p><span style=\"font-family: Roboto; font-size: 14px;\"><strong>M\u0131s\u0131r \u0130stanbul Konsoloslu\u011fu vize ba\u015fvurusu<\/strong> i\u00e7in randevu gerekmese de M\u0131s\u0131r \u0130stanbul Konsoloslu\u011fu baz\u0131 durumlarda randevu zorunlulu\u011fu getirebilir. M\u0131s\u0131r \u0130stanbul Konsoloslu\u011fu bize ba\u015fvurusu yapacak olan ki\u015filer, M\u0131s\u0131r \u0130stanbul Konsoloslu\u011fu\u2019nun yo\u011funlu\u011funa g\u00f6re randevu almak zorunda kalabilir. Bu nedenle M\u0131s\u0131r \u0130stanbul Konsoloslu\u011fu\u2019nu vize ba\u015fvurusunda bulunmak i\u00e7in i\u00e7in ziyaret etmeden \u00f6nce ileti\u015fime ge\u00e7erek randevu al\u0131n\u0131p al\u0131nmamas\u0131 hakk\u0131nda bilgi alabilirsiniz.<\/span><\/p>\r\n<p><span style=\"font-family: Roboto;\"><\/span><\/p>","protected":false},"excerpt":{"rendered":"<p>\u00a0\u00a0\u0130stanbul M\u0131s\u0131r Konsoloslu\u011fu,\u00a0T\u00fcrkiye Cumhuriyetinde ikamet eden M\u0131s\u0131r vatanda\u015flar\u0131na hizmet vermek bu vatanda\u015flar\u0131n resmi meselelerini halletmek ve bu i\u015fleri y\u00fcr\u00fctmekten sorumlu bir kurumdur. Sadece M\u0131s\u0131r vatanda\u015flar\u0131ndan sorumlu olmayan\u00a0\u0130stanbul M\u0131s\u0131r Konsoloslu\u011fu\u00a0ayn\u0131 zamanda T\u00fcrk vatanda\u015flar\u0131 i\u00e7in B\u00fcy\u00fckel\u00e7ilikten sonra vize ba\u015fvurusu meselesinde en yetkili kurumdur.\u00a0 T\u00fcrkiye Cumhuriyeti vatanda\u015flar\u0131 \u0130stanbul M\u0131s\u0131r Konsoloslu\u011funa gidip ba\u015fvurular\u0131n\u0131 yapabilirler. Her vize ba\u015fvurusu gibi bu<\/p>\n","protected":false},"author":1,"featured_media":0,"parent":69,"menu_order":0,"comment_status":"open","ping_status":"closed","template":"","meta":{"footnotes":""},"class_list":["post-76","page","type-page","status-publish","hentry"],"yoast_head":"<!-- This site is optimized with the Yoast SEO plugin v24.0 - https:\/\/yoast.com\/wordpress\/plugins\/seo\/ -->\n<title>M\u0131s\u0131r \u0130stanbul Fahri Konsoloslu\u011fu - MyVize<\/title>\n<meta name=\"description\" content=\"M\u0131s\u0131r \u0130stanbul Fahri Konsoloslu\u011fu \u00e7al\u0131\u015fma saatleri. M\u0131s\u0131r \u0130stanbul Fahri Konsoloslu\u011fu ula\u015f\u0131m, ileti\u015fim bilgileri ve faaliyet alan\u0131.\" \/>\n<meta name=\"robots\" content=\"index, follow, max-snippet:-1, max-image-preview:large, max-video-preview:-1\" \/>\n<link rel=\"canonical\" href=\"https:\/\/www.myvize.com.tr\/misir\/konsolosluklar\/misir-istanbul-fahri-konsoloslugu\/\" \/>\n<meta property=\"og:locale\" content=\"tr_TR\" \/>\n<meta property=\"og:type\" content=\"article\" \/>\n<meta property=\"og:title\" content=\"M\u0131s\u0131r \u0130stanbul Fahri Konsoloslu\u011fu - MyVize\" \/>\n<meta property=\"og:description\" content=\"M\u0131s\u0131r \u0130stanbul Fahri Konsoloslu\u011fu \u00e7al\u0131\u015fma saatleri. M\u0131s\u0131r \u0130stanbul Fahri Konsoloslu\u011fu ula\u015f\u0131m, ileti\u015fim bilgileri ve faaliyet alan\u0131.\" \/>\n<meta property=\"og:url\" content=\"https:\/\/www.myvize.com.tr\/misir\/konsolosluklar\/misir-istanbul-fahri-konsoloslugu\/\" \/>\n<meta property=\"og:site_name\" content=\"M\u0131s\u0131r Vizesi\" \/>\n<meta property=\"article:modified_time\" content=\"2022-04-25T14:37:24+00:00\" \/>\n<meta name=\"twitter:card\" content=\"summary_large_image\" \/>\n<meta name=\"twitter:label1\" content=\"Tahmini okuma s\u00fcresi\" \/>\n\t<meta name=\"twitter:data1\" content=\"4 dakika\" \/>\n<script type=\"application\/ld+json\" class=\"yoast-schema-graph\">{\"@context\":\"https:\/\/schema.org\",\"@graph\":[{\"@type\":\"WebPage\",\"@id\":\"https:\/\/www.myvize.com.tr\/misir\/konsolosluklar\/misir-istanbul-fahri-konsoloslugu\/\",\"url\":\"https:\/\/www.myvize.com.tr\/misir\/konsolosluklar\/misir-istanbul-fahri-konsoloslugu\/\",\"name\":\"M\u0131s\u0131r \u0130stanbul Fahri Konsoloslu\u011fu - MyVize\",\"isPartOf\":{\"@id\":\"https:\/\/www.myvize.com.tr\/misir\/#website\"},\"datePublished\":\"2020-11-30T10:03:06+00:00\",\"dateModified\":\"2022-04-25T14:37:24+00:00\",\"description\":\"M\u0131s\u0131r \u0130stanbul Fahri Konsoloslu\u011fu \u00e7al\u0131\u015fma saatleri. M\u0131s\u0131r \u0130stanbul Fahri Konsoloslu\u011fu ula\u015f\u0131m, ileti\u015fim bilgileri ve faaliyet alan\u0131.\",\"breadcrumb\":{\"@id\":\"https:\/\/www.myvize.com.tr\/misir\/konsolosluklar\/misir-istanbul-fahri-konsoloslugu\/#breadcrumb\"},\"inLanguage\":\"tr\",\"potentialAction\":[{\"@type\":\"ReadAction\",\"target\":[\"https:\/\/www.myvize.com.tr\/misir\/konsolosluklar\/misir-istanbul-fahri-konsoloslugu\/\"]}]},{\"@type\":\"BreadcrumbList\",\"@id\":\"https:\/\/www.myvize.com.tr\/misir\/konsolosluklar\/misir-istanbul-fahri-konsoloslugu\/#breadcrumb\",\"itemListElement\":[{\"@type\":\"ListItem\",\"position\":1,\"name\":\"Anasayfa\",\"item\":\"https:\/\/www.myvize.com.tr\/misir\/\"},{\"@type\":\"ListItem\",\"position\":2,\"name\":\"KONSOLOSLUKLAR\",\"item\":\"https:\/\/www.myvize.com.tr\/misir\/konsolosluklar\/\"},{\"@type\":\"ListItem\",\"position\":3,\"name\":\"M\u0131s\u0131r \u0130stanbul Fahri Konsoloslu\u011fu\"}]},{\"@type\":\"WebSite\",\"@id\":\"https:\/\/www.myvize.com.tr\/misir\/#website\",\"url\":\"https:\/\/www.myvize.com.tr\/misir\/\",\"name\":\"M\u0131s\u0131r Vizesi\",\"description\":\"\",\"potentialAction\":[{\"@type\":\"SearchAction\",\"target\":{\"@type\":\"EntryPoint\",\"urlTemplate\":\"https:\/\/www.myvize.com.tr\/misir\/?s={search_term_string}\"},\"query-input\":{\"@type\":\"PropertyValueSpecification\",\"valueRequired\":true,\"valueName\":\"search_term_string\"}}],\"inLanguage\":\"tr\"}]}<\/script>\n<!-- \/ Yoast SEO plugin. -->","yoast_head_json":{"title":"M\u0131s\u0131r \u0130stanbul Fahri Konsoloslu\u011fu - MyVize","description":"M\u0131s\u0131r \u0130stanbul Fahri Konsoloslu\u011fu \u00e7al\u0131\u015fma saatleri. M\u0131s\u0131r \u0130stanbul Fahri Konsoloslu\u011fu ula\u015f\u0131m, ileti\u015fim bilgileri ve faaliyet alan\u0131.","robots":{"index":"index","follow":"follow","max-snippet":"max-snippet:-1","max-image-preview":"max-image-preview:large","max-video-preview":"max-video-preview:-1"},"canonical":"https:\/\/www.myvize.com.tr\/misir\/konsolosluklar\/misir-istanbul-fahri-konsoloslugu\/","og_locale":"tr_TR","og_type":"article","og_title":"M\u0131s\u0131r \u0130stanbul Fahri Konsoloslu\u011fu - MyVize","og_description":"M\u0131s\u0131r \u0130stanbul Fahri Konsoloslu\u011fu \u00e7al\u0131\u015fma saatleri. M\u0131s\u0131r \u0130stanbul Fahri Konsoloslu\u011fu ula\u015f\u0131m, ileti\u015fim bilgileri ve faaliyet alan\u0131.","og_url":"https:\/\/www.myvize.com.tr\/misir\/konsolosluklar\/misir-istanbul-fahri-konsoloslugu\/","og_site_name":"M\u0131s\u0131r Vizesi","article_modified_time":"2022-04-25T14:37:24+00:00","twitter_card":"summary_large_image","twitter_misc":{"Tahmini okuma s\u00fcresi":"4 dakika"},"schema":{"@context":"https:\/\/schema.org","@graph":[{"@type":"WebPage","@id":"https:\/\/www.myvize.com.tr\/misir\/konsolosluklar\/misir-istanbul-fahri-konsoloslugu\/","url":"https:\/\/www.myvize.com.tr\/misir\/konsolosluklar\/misir-istanbul-fahri-konsoloslugu\/","name":"M\u0131s\u0131r \u0130stanbul Fahri Konsoloslu\u011fu - MyVize","isPartOf":{"@id":"https:\/\/www.myvize.com.tr\/misir\/#website"},"datePublished":"2020-11-30T10:03:06+00:00","dateModified":"2022-04-25T14:37:24+00:00","description":"M\u0131s\u0131r \u0130stanbul Fahri Konsoloslu\u011fu \u00e7al\u0131\u015fma saatleri. M\u0131s\u0131r \u0130stanbul Fahri Konsoloslu\u011fu ula\u015f\u0131m, ileti\u015fim bilgileri ve faaliyet alan\u0131.","breadcrumb":{"@id":"https:\/\/www.myvize.com.tr\/misir\/konsolosluklar\/misir-istanbul-fahri-konsoloslugu\/#breadcrumb"},"inLanguage":"tr","potentialAction":[{"@type":"ReadAction","target":["https:\/\/www.myvize.com.tr\/misir\/konsolosluklar\/misir-istanbul-fahri-konsoloslugu\/"]}]},{"@type":"BreadcrumbList","@id":"https:\/\/www.myvize.com.tr\/misir\/konsolosluklar\/misir-istanbul-fahri-konsoloslugu\/#breadcrumb","itemListElement":[{"@type":"ListItem","position":1,"name":"Anasayfa","item":"https:\/\/www.myvize.com.tr\/misir\/"},{"@type":"ListItem","position":2,"name":"KONSOLOSLUKLAR","item":"https:\/\/www.myvize.com.tr\/misir\/konsolosluklar\/"},{"@type":"ListItem","position":3,"name":"M\u0131s\u0131r \u0130stanbul Fahri Konsoloslu\u011fu"}]},{"@type":"WebSite","@id":"https:\/\/www.myvize.com.tr\/misir\/#website","url":"https:\/\/www.myvize.com.tr\/misir\/","name":"M\u0131s\u0131r Vizesi","description":"","potentialAction":[{"@type":"SearchAction","target":{"@type":"EntryPoint","urlTemplate":"https:\/\/www.myvize.com.tr\/misir\/?s={search_term_string}"},"query-input":{"@type":"PropertyValueSpecification","valueRequired":true,"valueName":"search_term_string"}}],"inLanguage":"tr"}]}},"_links":{"self":[{"href":"https:\/\/www.myvize.com.tr\/misir\/wp-json\/wp\/v2\/pages\/76","targetHints":{"allow":["GET"]}}],"collection":[{"href":"https:\/\/www.myvize.com.tr\/misir\/wp-json\/wp\/v2\/pages"}],"about":[{"href":"https:\/\/www.myvize.com.tr\/misir\/wp-json\/wp\/v2\/types\/page"}],"author":[{"embeddable":true,"href":"https:\/\/www.myvize.com.tr\/misir\/wp-json\/wp\/v2\/users\/1"}],"replies":[{"embeddable":true,"href":"https:\/\/www.myvize.com.tr\/misir\/wp-json\/wp\/v2\/comments?post=76"}],"version-history":[{"count":9,"href":"https:\/\/www.myvize.com.tr\/misir\/wp-json\/wp\/v2\/pages\/76\/revisions"}],"predecessor-version":[{"id":735,"href":"https:\/\/www.myvize.com.tr\/misir\/wp-json\/wp\/v2\/pages\/76\/revisions\/735"}],"up":[{"embeddable":true,"href":"https:\/\/www.myvize.com.tr\/misir\/wp-json\/wp\/v2\/pages\/69"}],"wp:attachment":[{"href":"https:\/\/www.myvize.com.tr\/misir\/wp-json\/wp\/v2\/media?parent=76"}],"curies":[{"name":"wp","href":"https:\/\/api.w.org\/{rel}","templated":true}]}}