{"id":82,"date":"2020-11-30T13:04:43","date_gmt":"2020-11-30T10:04:43","guid":{"rendered":"https:\/\/www.myvize.com.tr\/misir\/?page_id=82"},"modified":"2022-04-25T17:40:38","modified_gmt":"2022-04-25T14:40:38","slug":"bursa-fahri-konsoloslugu","status":"publish","type":"page","link":"https:\/\/www.myvize.com.tr\/misir\/konsolosluklar\/bursa-fahri-konsoloslugu\/","title":{"rendered":"M\u0131s\u0131r Bursa Konsoloslu\u011fu"},"content":{"rendered":"<h2><span style=\"font-family: Roboto; font-size: 27px;\"><strong>M\u0131s\u0131r Bursa Fahri Konsoloslu\u011fu Hakk\u0131nda<\/strong><\/span><\/h2>\n<p><span style=\"font-family: Roboto; font-size: 14px;\"><strong>M\u0131s\u0131r Bursa Fahri Konsolosluk<\/strong>, T\u00fcrkiye Cumhuriyeti topra\u011f\u0131 i\u00e7erisinde M\u0131s\u0131r Devleti\u2019nin hakk\u0131n\u0131 korumakta ve ayr\u0131ca Bursa ve \u00e7evresi ya\u015fayan M\u0131s\u0131r vatanda\u015f\u0131na destek olmaktad\u0131r. M\u0131s\u0131r Bursa Fahri Konsoloslu\u011fu\u2019nun g\u00f6rev ve yetkisi a\u015fa\u011f\u0131da verilmi\u015ftir.<\/span><\/p>\n<p><span style=\"font-family: Roboto; font-size: 14px;\"><strong>M\u0131s\u0131r Bursa Fahri Konsoloslu\u011fu<\/strong> diplomatik bir yetkisi bulunmamakta.<\/span><\/p>\n<p><span style=\"font-family: Roboto; font-size: 14px;\"><strong>M\u0131s\u0131r Bursa Fahri Konsoloslu\u011fu,<\/strong> \u00e7al\u0131\u015fmas\u0131n\u0131 M\u0131s\u0131r\u2019\u0131n Ankara B\u00fcy\u00fckel\u00e7ili\u011fi\u2019ne ba\u011fl\u0131 olarak \u00e7al\u0131\u015fmalar y\u00fcr\u00fctmektedir. Ankara M\u0131s\u0131r B\u00fcy\u00fckel\u00e7ili\u011fi\u2019nin vermi\u015f oldu\u011fu g\u00f6revi yerine getirmektedir.<\/span><\/p>\n<p><span style=\"font-family: Roboto; font-size: 14px;\">M\u0131s\u0131r Bursa Fahri Konsoloslu\u011fu\u2019nun acil durumda sadece belge tasdiki yapma yetkisi bulunmakta.<\/span><\/p>\n<p><span style=\"font-family: Roboto; font-size: 14px;\"><strong>M\u0131s\u0131r Bursa Fahri Konsoloslu\u011fu<\/strong>, T\u00fcrk vatanda\u015f\u0131na vize hizmeti verme ya da kabul etme yetkileri verilmemi\u015ftir. M\u0131s\u0131r vize ba\u015fvurusunu de\u011ferlendirme yetkisi <span style=\"color: #2acec2;\"><strong><a style=\"color: #2acec2;\" href=\"https:\/\/www.myvize.com.tr\/misir\/konsolosluklar\/ankara-buyukelciligi\/\" target=\"_blank\" rel=\"noopener\">M\u0131s\u0131r Ankara B\u00fcy\u00fckel\u00e7ili\u011fi <\/a><\/strong><\/span>ve M\u0131s\u0131r \u0130stanbul Ba\u015fkonsoloslu\u011fu verilmi\u015ftir.<\/span><\/p>\n<p><span style=\"font-family: Roboto; font-size: 14px;\">M\u0131s\u0131r Bursa Fahri Konsolosluk,<span style=\"color: #2acec2;\"><strong><a style=\"color: #2acec2;\" href=\"https:\/\/www.myvize.com.tr\/misir\/subelerimiz\/bursa\/\" target=\"_blank\" rel=\"noopener\"> Bursa<\/a><\/strong><\/span> ve \u00e7evresi i\u015f kurmu\u015f ya da ticaret yapan M\u0131s\u0131r vatanda\u015f\u0131na destek sa\u011flamaktad\u0131r.<\/span><\/p>\n<p><span style=\"font-family: Roboto; font-size: 14px;\">M\u0131s\u0131r Bursa Fahri Konsolosluk, Bursa ve \u00e7evresinde M\u0131s\u0131r k\u00fclt\u00fcr\u00fc tan\u0131tmaktad\u0131r.<\/span><\/p>\n<p><span style=\"font-family: Roboto;\"><strong><span style=\"font-size: 14px;\">M\u0131s\u0131r Bursa Fahri Konsolosluklar\u0131 \u00c7al\u0131\u015fma Saati ve Adresi<\/span><\/strong><\/span><\/p>\n<p><span style=\"font-family: Roboto; font-size: 14px;\">Adresi: Ebu \u0130shak Mahallesi, Yeni Cumhuriyet Caddesi, No: 4, PK: 16230 Osmangazi\/Bursa<\/span><\/p>\n<p><span style=\"font-family: Roboto; font-size: 14px;\">\u00c7al\u0131\u015fma Saati: Hafta i\u00e7i saat 09.00 ile 17.00 aras\u0131nda \u00e7al\u0131\u015fmaktad\u0131r.<\/span><\/p>\n<h2><span style=\"font-family: Roboto; font-size: 27px;\"><strong>M\u0131s\u0131r Bursa Fahri Konsoloslu\u011fu \u0130le \u0130lgili<\/strong><\/span><\/h2>\n<p><span style=\"font-size: 14px; font-family: Roboto;\"><strong>Bursa Fahri Konsoloslu\u011fu<\/strong>, \u00fclkemizin en sevilen illerinden biri olan Bursa \u015fehrinde bulunan ve M\u0131s\u0131r konulu seyahatleriniz i\u00e7in ger\u00e7ekle\u015ftirmeniz gereken i\u015flemlerin bir k\u0131sm\u0131n\u0131 halledebilece\u011finiz kurumlardan biridir. Bursa ve etraf\u0131nda yer alan \u015fehirlere \u00e7e\u015fitli hizmetler vermesi ile dikkat \u00e7eken bu konsolosluk, \u00fclkemiz s\u0131n\u0131rlar\u0131 i\u00e7erisinde bulunan fahri konsolosluklardan bir tanesi olma \u00f6zelli\u011fini ta\u015f\u0131r. <strong>M\u0131s\u0131r Bursa Fahri Konsoloslu\u011fu,<\/strong> hafta i\u00e7i sabah saat sekiz bu\u00e7uk ve d\u00f6rt bu\u00e7uk aras\u0131nda hizmet vermektedir. Resmi tatil g\u00fcnlerinde hi\u00e7bir \u015fekilde hizmet vermez, bu nedenle resmi tatil tarihlerini dikkatli ve g\u00fczelce \u00f6\u011frenip konsoloslu\u011fu ancak \u00f6yle ziyaret etmenizde b\u00fcy\u00fck fayda olacak demektir. Aksi halde zaman kayb\u0131 ya\u015fayabilir, \u00f6nemli i\u015flerinizin tamam\u0131n\u0131n aksamas\u0131na neden olabilirsiniz. M\u0131s\u0131r\u2019\u0131n e\u015fsiz k\u00fclt\u00fcr\u00fcn\u00fc tan\u0131tma konusunda son derece etkin olan <strong>Bursa Fahri Konsoloslu\u011fu<\/strong>, diplomatik yetkiye sahip de\u011fildir. M\u0131s\u0131r vatanda\u015flar\u0131na belge tasdiki hizmeti vermektedir. Vize hizmeti veremez, \u00e7\u00fcnk\u00fc yetkisi yoktur. <span style=\"color: #2acec2;\"><strong><a style=\"color: #2acec2;\" href=\"https:\/\/www.myvize.com.tr\/misir\/vize-islemleri\/\" target=\"_blank\" rel=\"noopener\">M\u0131s\u0131r Vize i\u015flemleri <\/a><\/strong><\/span>i\u00e7in l\u00fctfen Bursa Fahri Konsoloslu\u011fu\u2019na gitmeyiniz. Kayseri\u2019de i\u015f kuran ve ticaret yapmak isteyen bireylere destek olan bu konsoloslu\u011fun yetki alan\u0131 s\u0131n\u0131rl\u0131d\u0131r.<\/span><\/p>\n<h2><strong><span style=\"font-family: Roboto; font-size: 27px;\">M\u0131s\u0131r Bursa Fahri Konsolosu Kimdir?<\/span><\/strong><\/h2>\n<p><span style=\"font-family: Roboto; font-size: 14px;\">M\u0131s\u0131r ile T\u00fcrkiye aras\u0131ndaki diplomatik temaslar son y\u0131llarda \u00f6nemli \u00f6l\u00e7\u00fcde artm\u0131\u015ft\u0131r. M\u0131s\u0131r ile T\u00fcrkiye aras\u0131ndaki ili\u015fkilerin geli\u015fmesinden en \u00f6nemli rol\u00fc konsolosluklar oynamaktad\u0131r. Bu konsolosluklardan birisi de M\u0131s\u0131r Bursa Fahri Konsoloslu\u011fu\u2019dur. Bu yaz\u0131da \u201cM\u0131s\u0131r Bursa Fahri Konsolosu kimdir?\u201d sorusunun cevab\u0131 verilmi\u015ftir.<\/span><\/p>\n<p><span style=\"font-family: Roboto; font-size: 14px;\">M\u0131s\u0131r Bursa Fahri Konsolosunun kim oldu\u011funa dair bir bilgi bulunmamaktad\u0131r. Ancak M\u0131s\u0131r Bursa Fahri Konsolosunun temel amac\u0131 ticari i\u015fbirlikleri oldu\u011fundan ticari ili\u015fkileri geli\u015ftirmek i\u00e7in b\u00f6lgedeki i\u015f adamlar aras\u0131ndan se\u00e7ilmektedir.<\/span><\/p>\n<p><span style=\"font-family: Roboto; font-size: 14px;\"><strong>M\u0131s\u0131r Bursa Fahri Konsolosu<\/strong>, M\u0131s\u0131r\u2019\u0131n Ankara B\u00fcy\u00fckel\u00e7ili\u011fi\u2019ne ba\u011fl\u0131 olarak \u00e7al\u0131\u015fmaktad\u0131r. Diplomatik bir yetkisi olmayan M\u0131s\u0131r Bursa Fahri Konsolosu gerekli g\u00f6r\u00fcld\u00fc\u011f\u00fc durumlarda konsolosluk himayesi sa\u011flamaktad\u0131r. M\u0131s\u0131r\u2019\u0131n T\u00fcrkiye\u2019de bulunan vatanda\u015flar\u0131na her alanda destek olmaktad\u0131r. M\u0131s\u0131r vatanda\u015flar\u0131na e\u011fitim, sa\u011fl\u0131k ve hukuk alan\u0131nda destek sa\u011flanmaktad\u0131r<\/span><\/p>\n<h2><strong><span style=\"font-family: Roboto; font-size: 27px;\">M\u0131s\u0131r Bursa Fahri Konsoloslu\u011fu Vize \u0130\u015flemleri<\/span><\/strong><\/h2>\n<p><span style=\"font-family: Roboto; font-size: 14px;\"><strong>M\u0131s\u0131r\u2019a seyahat edecek<\/strong> olan ki\u015filer, M\u0131s\u0131r seyahatleri i\u00e7in vize almal\u0131d\u0131r. <strong>M\u0131s\u0131r vizesi<\/strong> alacak olan ki\u015filer, M\u0131s\u0131r vize ba\u015fvurusunu M\u0131s\u0131r Bursa Fahri Konsoloslu\u011fu\u2019na yapabilir. M\u0131s\u0131r Bursa Fahri Konsoloslu\u011fu\u2019na ba\u015fvuru yapacak olan ki\u015filer, M\u0131s\u0131r Bursa Fahri Konsoloslu\u011fu vize i\u015flemleri hakk\u0131nda bilgi verilmi\u015ftir.<\/span><\/p>\n<ul>\n<li><span style=\"font-family: Roboto; font-size: 14px;\">M\u0131s\u0131r Bursa Fahri Konsoloslu\u011fu vize i\u015flemleri i\u00e7in \u00f6ncelikle M\u0131s\u0131r vize t\u00fcr\u00fc belirlenmelidir.<\/span><\/li>\n<li><span style=\"font-family: Roboto; font-size: 14px;\"><strong>M\u0131s\u0131r vize<\/strong> t\u00fcr\u00fcn\u00fc belirleyen ki\u015filer, M\u0131s\u0131r seyahat amac\u0131na uygun ve ba\u015fvuru yap\u0131lacak olan belgeler haz\u0131rlanmal\u0131d\u0131r.<\/span><\/li>\n<li><span style=\"font-family: Roboto; font-size: 14px;\">Haz\u0131rlanan evraklar M\u0131s\u0131r\u2019\u0131n Bursa Fahri Konsoloslu\u011fu\u2019na teslim edilmelidir.<\/span><\/li>\n<li><span style=\"font-family: Roboto; font-size: 14px;\">Ba\u015fvuru yapacak olan ki\u015filer, M\u0131s\u0131r Bursa Fahri Konsoloslu\u011fu\u2019ndan randevu almadan i\u015flemlerini yapabilir.<\/span><\/li>\n<li><span style=\"font-family: Roboto; font-size: 14px;\">M\u0131s\u0131r Bursa Fahri Konsoloslu\u011fu\u2019na yap\u0131lan ba\u015fvurular\u0131 inceleme ve de\u011ferlendirme yetkisine sahip de\u011fildir. M\u0131s\u0131r Bursa Fahri Konsoloslu\u011fu vize i\u015flemlerini inceleme ve de\u011ferlendirme yetkisi M\u0131s\u0131r \u0130stanbul Fahri Konsoloslu\u011fu ve M\u0131s\u0131r Ankara B\u00fcy\u00fckel\u00e7ili\u011fi\u2019ne aittir.<\/span><\/li>\n<\/ul>\n<h2><strong><span style=\"font-family: Roboto; font-size: 27px;\">M\u0131s\u0131r Bursa Fahri Konsoloslu\u011fu Vize Ba\u015fvurusu<\/span><\/strong><\/h2>\n<p><span style=\"font-family: Roboto; font-size: 14px;\">M\u0131s\u0131r\u2019a belirli bir nedenden dolay\u0131 seyahat edecek olan ki\u015filerin M\u0131s\u0131r Bursa Fahri Konsoloslu\u011fu vize ba\u015fvurusu yapmas\u0131 gerekmektedir. M\u0131s\u0131r Bursa Fahri Konsoloslu\u011fu vize ba\u015fvurusu hakk\u0131nda a\u015fa\u011f\u0131da bilgi verilmi\u015ftir.<\/span><\/p>\n<p><span style=\"font-family: Roboto; font-size: 14px;\">M\u0131s\u0131r Bursa Fahri Konsoloslu\u011fu vize ba\u015fvurusu i\u00e7in gerekli olan evraklar haz\u0131rlanmal\u0131 ve M\u0131s\u0131r Bursa Fahri Konsoloslu\u011fu\u2019na teslim edilmelidir. Ba\u015fvuru yapacak olan ki\u015filerin randevu almas\u0131na gerek yoktur.<\/span><\/p>\n<p><span style=\"font-family: Roboto; font-size: 14px;\"><strong>M\u0131s\u0131r Bursa Fahri Konsoloslu\u011fu vize ba\u015fvurusu<\/strong> yapacak olan ki\u015filer, M\u0131s\u0131r\u2019da bulundu\u011fu s\u00fcre boyunca seyahat masraflar\u0131n\u0131 kar\u015f\u0131layacak ekonomik duruma sahip olmal\u0131d\u0131r. Ayr\u0131ca M\u0131s\u0131r\u2019a giri\u015f yapmadan \u00f6nce zorunlu olan a\u015f\u0131lar\u0131n yapt\u0131r\u0131lmas\u0131 gerekmektedir.<\/span><\/p>\n<p><span style=\"font-family: Roboto; font-size: 14px;\">M\u0131s\u0131r Bursa Fahri Konsoloslu\u011fu vize ba\u015fvurusu yapacak olan ki\u015filer, gerekli olan <strong>M\u0131s\u0131r vize evraklar<\/strong>\u0131 ile seyahat amac\u0131n\u0131 M\u0131s\u0131r Bursa Fahri Konsoloslu\u011fu\u2019na kan\u0131tlamal\u0131d\u0131r. Ayr\u0131ca M\u0131s\u0131r vize bitimi \u00f6ncesi \u00fclkeden ayr\u0131laca\u011f\u0131 gerekli olan evraklar ile yetkililere kan\u0131tlanmal\u0131d\u0131r.<\/span><\/p>\n<h3><strong><span style=\"font-family: Roboto; font-size: 24px;\">M\u0131s\u0131r Bursa Fahri Konsoloslu\u011fu Vize Randevusu<\/span><\/strong><\/h3>\n<p><span style=\"font-family: Roboto; font-size: 14px;\"><strong>M\u0131s\u0131r\u2019a seyahat etmek<\/strong> isteyen ve Bursa \u00e7evresinde ikamet eden ki\u015filer, <strong>M\u0131s\u0131r vize<\/strong> ba\u015fvurusunu M\u0131s\u0131r Bursa Fahri Konsoloslu\u011fu\u2019na yapabilir. M\u0131s\u0131r Bursa Fahri Konsoloslu\u011fu\u2019na vize ba\u015fvurusu yapacak olan ki\u015filer, ba\u015fvuru randevusu hakk\u0131nda ara\u015ft\u0131rma yapmaktad\u0131r. Bu yaz\u0131da M\u0131s\u0131r Bursa Fahri Konsoloslu\u011fu vize randevusu hakk\u0131nda bilgi verilmi\u015ftir.<\/span><\/p>\n<p><span style=\"font-family: Roboto; font-size: 14px;\"><strong>M\u0131s\u0131r Bursa Fahri Konsoloslu\u011fu vize ba\u015fvurusu<\/strong> i\u00e7in randevu al\u0131nmas\u0131na gerek bulunmamaktad\u0131r. Gerekli olan vize evraklar\u0131n\u0131n eksiksiz olarak haz\u0131rlanmas\u0131 ve M\u0131s\u0131r Bursa Fahri Konsoloslu\u011fu\u2019na teslim edilmesi yeterlidir.<\/span><\/p>\n<p><span style=\"font-family: Roboto; font-size: 14px;\">Ancak M\u0131s\u0131r Bursa Fahri Konsoloslu\u011fu\u2019na vize ba\u015fvurusu yapacak olan ki\u015filer, M\u0131s\u0131r Bursa Fahri Konsoloslu\u011fu vize ba\u015fvurusu i\u00e7in randevu zorunlulu\u011fu bulunmamaktad\u0131r. Ancak bu konu hakk\u0131nda karar verme yetkisi M\u0131s\u0131r Bursa Fahri Konsoloslu\u011fu\u2019na aittir. Ba\u015fvuru yapacak olan ki\u015filer, M\u0131s\u0131r Bursa Fahri Konsoloslu\u011fu\u2019nu ziyaret etmeden \u00f6nce konsolosluk ile ileti\u015fime ge\u00e7erek detayl\u0131 bilgi alabilir.<\/span><\/p>\n","protected":false},"excerpt":{"rendered":"<p>M\u0131s\u0131r Bursa Fahri Konsoloslu\u011fu Hakk\u0131nda M\u0131s\u0131r Bursa Fahri Konsolosluk, T\u00fcrkiye Cumhuriyeti topra\u011f\u0131 i\u00e7erisinde M\u0131s\u0131r Devleti\u2019nin hakk\u0131n\u0131 korumakta ve ayr\u0131ca Bursa ve \u00e7evresi ya\u015fayan M\u0131s\u0131r vatanda\u015f\u0131na destek olmaktad\u0131r. M\u0131s\u0131r Bursa Fahri Konsoloslu\u011fu\u2019nun g\u00f6rev ve yetkisi a\u015fa\u011f\u0131da verilmi\u015ftir. M\u0131s\u0131r Bursa Fahri Konsoloslu\u011fu diplomatik bir yetkisi bulunmamakta. M\u0131s\u0131r Bursa Fahri Konsoloslu\u011fu, \u00e7al\u0131\u015fmas\u0131n\u0131 M\u0131s\u0131r\u2019\u0131n Ankara B\u00fcy\u00fckel\u00e7ili\u011fi\u2019ne ba\u011fl\u0131 olarak \u00e7al\u0131\u015fmalar<\/p>\n","protected":false},"author":1,"featured_media":0,"parent":69,"menu_order":0,"comment_status":"open","ping_status":"closed","template":"","meta":{"footnotes":""},"class_list":["post-82","page","type-page","status-publish","hentry"],"yoast_head":"<!-- This site is optimized with the Yoast SEO plugin v24.0 - https:\/\/yoast.com\/wordpress\/plugins\/seo\/ -->\n<title>M\u0131s\u0131r Konsoloslu\u011fu Bursa Vize Ba\u015fvurusu - MyVize<\/title>\n<meta name=\"description\" content=\"M\u0131s\u0131r Bursa Fahri Konsoloslu\u011fu \u00e7al\u0131\u015fma saatleri. M\u0131s\u0131r Bursa Fahri Konsoloslu\u011fu ula\u015f\u0131m, ileti\u015fim bilgileri ve faaliyet alan\u0131.\" \/>\n<meta name=\"robots\" content=\"index, follow, max-snippet:-1, max-image-preview:large, max-video-preview:-1\" \/>\n<link rel=\"canonical\" href=\"https:\/\/www.myvize.com.tr\/misir\/konsolosluklar\/bursa-fahri-konsoloslugu\/\" \/>\n<meta property=\"og:locale\" content=\"tr_TR\" \/>\n<meta property=\"og:type\" content=\"article\" \/>\n<meta property=\"og:title\" content=\"M\u0131s\u0131r Konsoloslu\u011fu Bursa Vize Ba\u015fvurusu - MyVize\" \/>\n<meta property=\"og:description\" content=\"M\u0131s\u0131r Bursa Fahri Konsoloslu\u011fu \u00e7al\u0131\u015fma saatleri. M\u0131s\u0131r Bursa Fahri Konsoloslu\u011fu ula\u015f\u0131m, ileti\u015fim bilgileri ve faaliyet alan\u0131.\" \/>\n<meta property=\"og:url\" content=\"https:\/\/www.myvize.com.tr\/misir\/konsolosluklar\/bursa-fahri-konsoloslugu\/\" \/>\n<meta property=\"og:site_name\" content=\"M\u0131s\u0131r Vizesi\" \/>\n<meta property=\"article:modified_time\" content=\"2022-04-25T14:40:38+00:00\" \/>\n<meta name=\"twitter:card\" content=\"summary_large_image\" \/>\n<meta name=\"twitter:label1\" content=\"Tahmini okuma s\u00fcresi\" \/>\n\t<meta name=\"twitter:data1\" content=\"4 dakika\" \/>\n<script type=\"application\/ld+json\" class=\"yoast-schema-graph\">{\"@context\":\"https:\/\/schema.org\",\"@graph\":[{\"@type\":\"WebPage\",\"@id\":\"https:\/\/www.myvize.com.tr\/misir\/konsolosluklar\/bursa-fahri-konsoloslugu\/\",\"url\":\"https:\/\/www.myvize.com.tr\/misir\/konsolosluklar\/bursa-fahri-konsoloslugu\/\",\"name\":\"M\u0131s\u0131r Konsoloslu\u011fu Bursa Vize Ba\u015fvurusu - MyVize\",\"isPartOf\":{\"@id\":\"https:\/\/www.myvize.com.tr\/misir\/#website\"},\"datePublished\":\"2020-11-30T10:04:43+00:00\",\"dateModified\":\"2022-04-25T14:40:38+00:00\",\"description\":\"M\u0131s\u0131r Bursa Fahri Konsoloslu\u011fu \u00e7al\u0131\u015fma saatleri. M\u0131s\u0131r Bursa Fahri Konsoloslu\u011fu ula\u015f\u0131m, ileti\u015fim bilgileri ve faaliyet alan\u0131.\",\"breadcrumb\":{\"@id\":\"https:\/\/www.myvize.com.tr\/misir\/konsolosluklar\/bursa-fahri-konsoloslugu\/#breadcrumb\"},\"inLanguage\":\"tr\",\"potentialAction\":[{\"@type\":\"ReadAction\",\"target\":[\"https:\/\/www.myvize.com.tr\/misir\/konsolosluklar\/bursa-fahri-konsoloslugu\/\"]}]},{\"@type\":\"BreadcrumbList\",\"@id\":\"https:\/\/www.myvize.com.tr\/misir\/konsolosluklar\/bursa-fahri-konsoloslugu\/#breadcrumb\",\"itemListElement\":[{\"@type\":\"ListItem\",\"position\":1,\"name\":\"Anasayfa\",\"item\":\"https:\/\/www.myvize.com.tr\/misir\/\"},{\"@type\":\"ListItem\",\"position\":2,\"name\":\"KONSOLOSLUKLAR\",\"item\":\"https:\/\/www.myvize.com.tr\/misir\/konsolosluklar\/\"},{\"@type\":\"ListItem\",\"position\":3,\"name\":\"M\u0131s\u0131r Bursa Konsoloslu\u011fu\"}]},{\"@type\":\"WebSite\",\"@id\":\"https:\/\/www.myvize.com.tr\/misir\/#website\",\"url\":\"https:\/\/www.myvize.com.tr\/misir\/\",\"name\":\"M\u0131s\u0131r Vizesi\",\"description\":\"\",\"potentialAction\":[{\"@type\":\"SearchAction\",\"target\":{\"@type\":\"EntryPoint\",\"urlTemplate\":\"https:\/\/www.myvize.com.tr\/misir\/?s={search_term_string}\"},\"query-input\":{\"@type\":\"PropertyValueSpecification\",\"valueRequired\":true,\"valueName\":\"search_term_string\"}}],\"inLanguage\":\"tr\"}]}<\/script>\n<!-- \/ Yoast SEO plugin. -->","yoast_head_json":{"title":"M\u0131s\u0131r Konsoloslu\u011fu Bursa Vize Ba\u015fvurusu - MyVize","description":"M\u0131s\u0131r Bursa Fahri Konsoloslu\u011fu \u00e7al\u0131\u015fma saatleri. M\u0131s\u0131r Bursa Fahri Konsoloslu\u011fu ula\u015f\u0131m, ileti\u015fim bilgileri ve faaliyet alan\u0131.","robots":{"index":"index","follow":"follow","max-snippet":"max-snippet:-1","max-image-preview":"max-image-preview:large","max-video-preview":"max-video-preview:-1"},"canonical":"https:\/\/www.myvize.com.tr\/misir\/konsolosluklar\/bursa-fahri-konsoloslugu\/","og_locale":"tr_TR","og_type":"article","og_title":"M\u0131s\u0131r Konsoloslu\u011fu Bursa Vize Ba\u015fvurusu - MyVize","og_description":"M\u0131s\u0131r Bursa Fahri Konsoloslu\u011fu \u00e7al\u0131\u015fma saatleri. M\u0131s\u0131r Bursa Fahri Konsoloslu\u011fu ula\u015f\u0131m, ileti\u015fim bilgileri ve faaliyet alan\u0131.","og_url":"https:\/\/www.myvize.com.tr\/misir\/konsolosluklar\/bursa-fahri-konsoloslugu\/","og_site_name":"M\u0131s\u0131r Vizesi","article_modified_time":"2022-04-25T14:40:38+00:00","twitter_card":"summary_large_image","twitter_misc":{"Tahmini okuma s\u00fcresi":"4 dakika"},"schema":{"@context":"https:\/\/schema.org","@graph":[{"@type":"WebPage","@id":"https:\/\/www.myvize.com.tr\/misir\/konsolosluklar\/bursa-fahri-konsoloslugu\/","url":"https:\/\/www.myvize.com.tr\/misir\/konsolosluklar\/bursa-fahri-konsoloslugu\/","name":"M\u0131s\u0131r Konsoloslu\u011fu Bursa Vize Ba\u015fvurusu - MyVize","isPartOf":{"@id":"https:\/\/www.myvize.com.tr\/misir\/#website"},"datePublished":"2020-11-30T10:04:43+00:00","dateModified":"2022-04-25T14:40:38+00:00","description":"M\u0131s\u0131r Bursa Fahri Konsoloslu\u011fu \u00e7al\u0131\u015fma saatleri. M\u0131s\u0131r Bursa Fahri Konsoloslu\u011fu ula\u015f\u0131m, ileti\u015fim bilgileri ve faaliyet alan\u0131.","breadcrumb":{"@id":"https:\/\/www.myvize.com.tr\/misir\/konsolosluklar\/bursa-fahri-konsoloslugu\/#breadcrumb"},"inLanguage":"tr","potentialAction":[{"@type":"ReadAction","target":["https:\/\/www.myvize.com.tr\/misir\/konsolosluklar\/bursa-fahri-konsoloslugu\/"]}]},{"@type":"BreadcrumbList","@id":"https:\/\/www.myvize.com.tr\/misir\/konsolosluklar\/bursa-fahri-konsoloslugu\/#breadcrumb","itemListElement":[{"@type":"ListItem","position":1,"name":"Anasayfa","item":"https:\/\/www.myvize.com.tr\/misir\/"},{"@type":"ListItem","position":2,"name":"KONSOLOSLUKLAR","item":"https:\/\/www.myvize.com.tr\/misir\/konsolosluklar\/"},{"@type":"ListItem","position":3,"name":"M\u0131s\u0131r Bursa Konsoloslu\u011fu"}]},{"@type":"WebSite","@id":"https:\/\/www.myvize.com.tr\/misir\/#website","url":"https:\/\/www.myvize.com.tr\/misir\/","name":"M\u0131s\u0131r Vizesi","description":"","potentialAction":[{"@type":"SearchAction","target":{"@type":"EntryPoint","urlTemplate":"https:\/\/www.myvize.com.tr\/misir\/?s={search_term_string}"},"query-input":{"@type":"PropertyValueSpecification","valueRequired":true,"valueName":"search_term_string"}}],"inLanguage":"tr"}]}},"_links":{"self":[{"href":"https:\/\/www.myvize.com.tr\/misir\/wp-json\/wp\/v2\/pages\/82","targetHints":{"allow":["GET"]}}],"collection":[{"href":"https:\/\/www.myvize.com.tr\/misir\/wp-json\/wp\/v2\/pages"}],"about":[{"href":"https:\/\/www.myvize.com.tr\/misir\/wp-json\/wp\/v2\/types\/page"}],"author":[{"embeddable":true,"href":"https:\/\/www.myvize.com.tr\/misir\/wp-json\/wp\/v2\/users\/1"}],"replies":[{"embeddable":true,"href":"https:\/\/www.myvize.com.tr\/misir\/wp-json\/wp\/v2\/comments?post=82"}],"version-history":[{"count":6,"href":"https:\/\/www.myvize.com.tr\/misir\/wp-json\/wp\/v2\/pages\/82\/revisions"}],"predecessor-version":[{"id":739,"href":"https:\/\/www.myvize.com.tr\/misir\/wp-json\/wp\/v2\/pages\/82\/revisions\/739"}],"up":[{"embeddable":true,"href":"https:\/\/www.myvize.com.tr\/misir\/wp-json\/wp\/v2\/pages\/69"}],"wp:attachment":[{"href":"https:\/\/www.myvize.com.tr\/misir\/wp-json\/wp\/v2\/media?parent=82"}],"curies":[{"name":"wp","href":"https:\/\/api.w.org\/{rel}","templated":true}]}}