{"id":92,"date":"2020-11-30T13:07:02","date_gmt":"2020-11-30T10:07:02","guid":{"rendered":"https:\/\/www.myvize.com.tr\/misir\/?page_id=92"},"modified":"2022-04-25T17:44:55","modified_gmt":"2022-04-25T14:44:55","slug":"misir-konsolosluk-islemleri","status":"publish","type":"page","link":"https:\/\/www.myvize.com.tr\/misir\/konsolosluklar\/misir-konsolosluk-islemleri\/","title":{"rendered":"M\u0131s\u0131r Konsolosluk \u0130\u015flemleri"},"content":{"rendered":"<h2><span style=\"font-family: Roboto; font-size: 27px;\"><strong>M\u0131s\u0131r Konsolosluk \u0130\u015flemleri Hakk\u0131nda<\/strong><\/span><\/h2>\n<p><span style=\"font-family: Roboto; font-size: 14px;\">M\u0131s\u0131r T\u00fcrkiye Konsoloslu\u011fu\u2019nun bir ba\u015fka amac\u0131ysa T\u00fcrkiye\u2019de yasal olarak ikamet etmekde olan M\u0131s\u0131r vatanda\u015f\u0131na, vatanda\u015fl\u0131k ve konsolosluk hizmetleri vermektedir. <strong>M\u0131s\u0131r vatanda\u015f\u0131<\/strong>, M\u0131s\u0131r T\u00fcrkiye Konsoloslu\u011fu\u2019nda do\u011fum i\u015flemi, tasdik i\u015flemi, \u00f6l\u00fcm i\u015flemi, vergi i\u015flemleri, askerlik i\u015flemi gibi hizmet yapabilmektedir.<\/span><br \/>\n<span style=\"font-family: Roboto; font-size: 14px;\">M\u0131s\u0131r\u2019a seyahat edecek olan T\u00fcrk vatanda\u015f\u0131 i\u015flemini,<strong> M\u0131s\u0131r T\u00fcrkiye Konsoloslu\u011fu<\/strong> arac\u0131l\u0131\u011f\u0131 ile sa\u011flamakta. M\u0131s\u0131r\u2019a seyahat edecek olan T\u00fcrk vatanda\u015f\u0131 vize ba\u015fvurusu yapmas\u0131 ve olumlu vize sonucunu almas\u0131 gerekmekte. <span style=\"color: #2acec2;\"><strong><a style=\"color: #2acec2;\" href=\"https:\/\/www.myvize.com.tr\/misir\/vize-islemleri\/misir-vizesi\/\" target=\"_blank\" rel=\"noopener\">M\u0131s\u0131r vizesi <\/a><\/strong><\/span>ba\u015fvurusunu incelemek ve karar vermek yetkisi<strong> M\u0131s\u0131r T\u00fcrkiye Konsoloslu\u011fa<\/strong> aittir.<\/span><br \/>\n<span style=\"font-family: Roboto; font-size: 14px;\"><strong>M\u0131s\u0131r T\u00fcrkiye Konsoloslu\u011fu<\/strong>, T\u00fcrkiye ve M\u0131s\u0131r aras\u0131nda bulunan ili\u015fkiyi geli\u015ftirmeyi ve belirli bir d\u00fczeyde ilerletmeleri ama\u00e7lamaktad\u0131r. T\u00fcrkiye ve M\u0131s\u0131r aras\u0131 bulunan diplomat, sosyal, k\u00fclt\u00fcr, askeri ili\u015fkisi geli\u015ftirmeyi ama\u00e7lamakta.<\/span><br \/>\n<span style=\"font-family: Roboto; font-size: 14px;\">T\u00fcrkiye\u2019de bulunan ve e\u011fitim alan M\u0131s\u0131r vatanda\u015f\u0131na destek olmaktad\u0131r. <strong>M\u0131s\u0131r T\u00fcrkiye Konsoloslu\u011fu<\/strong>, T\u00fcrkiye\u2019de bulunan ve yasal olarak ikamet eden M\u0131s\u0131r vatanda\u015f\u0131na ayr\u0131ca sosyal alanlarda destek olmaktad\u0131r.<\/span><br \/>\n<span style=\"font-family: Roboto; font-size: 14px;\"><strong>M\u0131s\u0131r T\u00fcrkiye Konsoloslu\u011fu<\/strong>, T\u00fcrkiye ve M\u0131s\u0131r aras\u0131 ticari ili\u015fkinin daha ileri seviye gitmesini ama\u00e7lamakta. T\u00fcrkiye\u2019de i\u015f kurmu\u015f olan M\u0131s\u0131r vatanda\u015f\u0131na i\u015fleri konusunda destek olmakta.<\/span><\/p>\n<h2><span style=\"font-family: Roboto; font-size: 27px;\"><b>M\u0131s\u0131r Konsolosluk \u0130\u015flemleri \u0130le \u0130lgili<\/b><\/span><\/h2>\n<p><span style=\"font-family: Roboto; font-size: 14px;\"><strong>M\u0131s\u0131r konsolosluk i\u015flemleri<\/strong> herkesin s\u0131k s\u0131k merak etti\u011fi konular aras\u0131nda aktif olarak yer almaktad\u0131r. M\u0131s\u0131r \u00fclkesine gitmek istiyorsan\u0131z vize alman\u0131z gerekir. T\u00fcm vize ile alakal\u0131 i\u015flemlerinizi <strong>M\u0131s\u0131r Konsoloslu\u011fu<\/strong> arac\u0131l\u0131\u011f\u0131 ile sonuca ula\u015ft\u0131rman\u0131z m\u00fcmk\u00fcnd\u00fcr. <strong>M\u0131s\u0131r Konsoloslu\u011fu<\/strong> hi\u00e7bir zaman randevu sistemi ile \u00e7al\u0131\u015fma y\u00fcr\u00fctmemektedir. Mesai saatleri i\u00e7erisinde konsoloslu\u011fu ziyaret ederek i\u015flemlerinizin her birini halledebilirsiniz. Gerekli evraklar\u0131n\u0131z\u0131 eksiksiz olarak haz\u0131rlamay\u0131 unutmay\u0131n\u0131z. Konsolosluk i\u015flemleri olduk\u00e7a kolayd\u0131r. Fakat eksik ya da hatal\u0131 bir belgeniz varsa uzun zaman boyunca bu i\u015flerle u\u011fra\u015fmak durumunda kalabilirsiniz. Bu da zaman\u0131n\u0131zdan tasarruf etmeniz kar\u015f\u0131s\u0131nda b\u00fcy\u00fck bir engel olu\u015fturur. M\u0131s\u0131r \u00fclkesine herhangi bir nedenden \u00f6t\u00fcr\u00fc seyahat etmek istiyor olabilirsiniz. Bunun i\u00e7in yapman\u0131z gereken ilk \u015fey konsolosluk i\u015flemlerinizi halletmek olmal\u0131d\u0131r. <strong>M\u0131s\u0131r konsolosluk i\u015flemleri<\/strong> kolayl\u0131kla \u00fcstesinden gelebilece\u011finiz k\u0131sa zamanl\u0131 i\u015flemler olarak s\u0131n\u0131fland\u0131r\u0131l\u0131r. M\u0131s\u0131r\u2019a gitmek isteyen herkes diledi\u011fi zaman konsolosluk i\u015flemlerini y\u00fcz y\u00fcze halledebilir. E\u011fer konsoloslu\u011fu ziyaret edecek zaman\u0131n\u0131z yoksa bir vize acentesi ile de bu i\u015flemlerin yap\u0131lmas\u0131n\u0131 sa\u011flayabilirsiniz. B\u00f6ylece herhangi bir sorunla kar\u015f\u0131la\u015fmam\u0131\u015f olursunuz.<\/span><\/p>\n","protected":false},"excerpt":{"rendered":"<p>M\u0131s\u0131r Konsolosluk \u0130\u015flemleri Hakk\u0131nda M\u0131s\u0131r T\u00fcrkiye Konsoloslu\u011fu\u2019nun bir ba\u015fka amac\u0131ysa T\u00fcrkiye\u2019de yasal olarak ikamet etmekde olan M\u0131s\u0131r vatanda\u015f\u0131na, vatanda\u015fl\u0131k ve konsolosluk hizmetleri vermektedir. M\u0131s\u0131r vatanda\u015f\u0131, M\u0131s\u0131r T\u00fcrkiye Konsoloslu\u011fu\u2019nda do\u011fum i\u015flemi, tasdik i\u015flemi, \u00f6l\u00fcm i\u015flemi, vergi i\u015flemleri, askerlik i\u015flemi gibi hizmet yapabilmektedir. M\u0131s\u0131r\u2019a seyahat edecek olan T\u00fcrk vatanda\u015f\u0131 i\u015flemini, M\u0131s\u0131r T\u00fcrkiye Konsoloslu\u011fu arac\u0131l\u0131\u011f\u0131 ile sa\u011flamakta. M\u0131s\u0131r\u2019a<\/p>\n","protected":false},"author":1,"featured_media":0,"parent":69,"menu_order":0,"comment_status":"open","ping_status":"closed","template":"","meta":{"footnotes":""},"class_list":["post-92","page","type-page","status-publish","hentry"],"yoast_head":"<!-- This site is optimized with the Yoast SEO plugin v24.0 - https:\/\/yoast.com\/wordpress\/plugins\/seo\/ -->\n<title>M\u0131s\u0131r Konsolosluk \u0130\u015flemleri - MyVize Vize Ba\u015fvuru Merkezi<\/title>\n<meta name=\"description\" content=\"M\u0131s\u0131r konsolosluk i\u015flemleri gerekli evraklar g\u00fcncel olarak verilmektedir. M\u0131s\u0131r konsolosluk i\u015flemleri gerekli \u015fartlar.\" \/>\n<meta name=\"robots\" content=\"index, follow, max-snippet:-1, max-image-preview:large, max-video-preview:-1\" \/>\n<link rel=\"canonical\" href=\"https:\/\/www.myvize.com.tr\/misir\/konsolosluklar\/misir-konsolosluk-islemleri\/\" \/>\n<meta property=\"og:locale\" content=\"tr_TR\" \/>\n<meta property=\"og:type\" content=\"article\" \/>\n<meta property=\"og:title\" content=\"M\u0131s\u0131r Konsolosluk \u0130\u015flemleri - MyVize Vize Ba\u015fvuru Merkezi\" \/>\n<meta property=\"og:description\" content=\"M\u0131s\u0131r konsolosluk i\u015flemleri gerekli evraklar g\u00fcncel olarak verilmektedir. M\u0131s\u0131r konsolosluk i\u015flemleri gerekli \u015fartlar.\" \/>\n<meta property=\"og:url\" content=\"https:\/\/www.myvize.com.tr\/misir\/konsolosluklar\/misir-konsolosluk-islemleri\/\" \/>\n<meta property=\"og:site_name\" content=\"M\u0131s\u0131r Vizesi\" \/>\n<meta property=\"article:modified_time\" content=\"2022-04-25T14:44:55+00:00\" \/>\n<meta name=\"twitter:card\" content=\"summary_large_image\" \/>\n<meta name=\"twitter:label1\" content=\"Tahmini okuma s\u00fcresi\" \/>\n\t<meta name=\"twitter:data1\" content=\"2 dakika\" \/>\n<script type=\"application\/ld+json\" class=\"yoast-schema-graph\">{\"@context\":\"https:\/\/schema.org\",\"@graph\":[{\"@type\":\"WebPage\",\"@id\":\"https:\/\/www.myvize.com.tr\/misir\/konsolosluklar\/misir-konsolosluk-islemleri\/\",\"url\":\"https:\/\/www.myvize.com.tr\/misir\/konsolosluklar\/misir-konsolosluk-islemleri\/\",\"name\":\"M\u0131s\u0131r Konsolosluk \u0130\u015flemleri - MyVize Vize Ba\u015fvuru Merkezi\",\"isPartOf\":{\"@id\":\"https:\/\/www.myvize.com.tr\/misir\/#website\"},\"datePublished\":\"2020-11-30T10:07:02+00:00\",\"dateModified\":\"2022-04-25T14:44:55+00:00\",\"description\":\"M\u0131s\u0131r konsolosluk i\u015flemleri gerekli evraklar g\u00fcncel olarak verilmektedir. M\u0131s\u0131r konsolosluk i\u015flemleri gerekli \u015fartlar.\",\"breadcrumb\":{\"@id\":\"https:\/\/www.myvize.com.tr\/misir\/konsolosluklar\/misir-konsolosluk-islemleri\/#breadcrumb\"},\"inLanguage\":\"tr\",\"potentialAction\":[{\"@type\":\"ReadAction\",\"target\":[\"https:\/\/www.myvize.com.tr\/misir\/konsolosluklar\/misir-konsolosluk-islemleri\/\"]}]},{\"@type\":\"BreadcrumbList\",\"@id\":\"https:\/\/www.myvize.com.tr\/misir\/konsolosluklar\/misir-konsolosluk-islemleri\/#breadcrumb\",\"itemListElement\":[{\"@type\":\"ListItem\",\"position\":1,\"name\":\"Anasayfa\",\"item\":\"https:\/\/www.myvize.com.tr\/misir\/\"},{\"@type\":\"ListItem\",\"position\":2,\"name\":\"KONSOLOSLUKLAR\",\"item\":\"https:\/\/www.myvize.com.tr\/misir\/konsolosluklar\/\"},{\"@type\":\"ListItem\",\"position\":3,\"name\":\"M\u0131s\u0131r Konsolosluk \u0130\u015flemleri\"}]},{\"@type\":\"WebSite\",\"@id\":\"https:\/\/www.myvize.com.tr\/misir\/#website\",\"url\":\"https:\/\/www.myvize.com.tr\/misir\/\",\"name\":\"M\u0131s\u0131r Vizesi\",\"description\":\"\",\"potentialAction\":[{\"@type\":\"SearchAction\",\"target\":{\"@type\":\"EntryPoint\",\"urlTemplate\":\"https:\/\/www.myvize.com.tr\/misir\/?s={search_term_string}\"},\"query-input\":{\"@type\":\"PropertyValueSpecification\",\"valueRequired\":true,\"valueName\":\"search_term_string\"}}],\"inLanguage\":\"tr\"}]}<\/script>\n<!-- \/ Yoast SEO plugin. -->","yoast_head_json":{"title":"M\u0131s\u0131r Konsolosluk \u0130\u015flemleri - MyVize Vize Ba\u015fvuru Merkezi","description":"M\u0131s\u0131r konsolosluk i\u015flemleri gerekli evraklar g\u00fcncel olarak verilmektedir. M\u0131s\u0131r konsolosluk i\u015flemleri gerekli \u015fartlar.","robots":{"index":"index","follow":"follow","max-snippet":"max-snippet:-1","max-image-preview":"max-image-preview:large","max-video-preview":"max-video-preview:-1"},"canonical":"https:\/\/www.myvize.com.tr\/misir\/konsolosluklar\/misir-konsolosluk-islemleri\/","og_locale":"tr_TR","og_type":"article","og_title":"M\u0131s\u0131r Konsolosluk \u0130\u015flemleri - MyVize Vize Ba\u015fvuru Merkezi","og_description":"M\u0131s\u0131r konsolosluk i\u015flemleri gerekli evraklar g\u00fcncel olarak verilmektedir. M\u0131s\u0131r konsolosluk i\u015flemleri gerekli \u015fartlar.","og_url":"https:\/\/www.myvize.com.tr\/misir\/konsolosluklar\/misir-konsolosluk-islemleri\/","og_site_name":"M\u0131s\u0131r Vizesi","article_modified_time":"2022-04-25T14:44:55+00:00","twitter_card":"summary_large_image","twitter_misc":{"Tahmini okuma s\u00fcresi":"2 dakika"},"schema":{"@context":"https:\/\/schema.org","@graph":[{"@type":"WebPage","@id":"https:\/\/www.myvize.com.tr\/misir\/konsolosluklar\/misir-konsolosluk-islemleri\/","url":"https:\/\/www.myvize.com.tr\/misir\/konsolosluklar\/misir-konsolosluk-islemleri\/","name":"M\u0131s\u0131r Konsolosluk \u0130\u015flemleri - MyVize Vize Ba\u015fvuru Merkezi","isPartOf":{"@id":"https:\/\/www.myvize.com.tr\/misir\/#website"},"datePublished":"2020-11-30T10:07:02+00:00","dateModified":"2022-04-25T14:44:55+00:00","description":"M\u0131s\u0131r konsolosluk i\u015flemleri gerekli evraklar g\u00fcncel olarak verilmektedir. M\u0131s\u0131r konsolosluk i\u015flemleri gerekli \u015fartlar.","breadcrumb":{"@id":"https:\/\/www.myvize.com.tr\/misir\/konsolosluklar\/misir-konsolosluk-islemleri\/#breadcrumb"},"inLanguage":"tr","potentialAction":[{"@type":"ReadAction","target":["https:\/\/www.myvize.com.tr\/misir\/konsolosluklar\/misir-konsolosluk-islemleri\/"]}]},{"@type":"BreadcrumbList","@id":"https:\/\/www.myvize.com.tr\/misir\/konsolosluklar\/misir-konsolosluk-islemleri\/#breadcrumb","itemListElement":[{"@type":"ListItem","position":1,"name":"Anasayfa","item":"https:\/\/www.myvize.com.tr\/misir\/"},{"@type":"ListItem","position":2,"name":"KONSOLOSLUKLAR","item":"https:\/\/www.myvize.com.tr\/misir\/konsolosluklar\/"},{"@type":"ListItem","position":3,"name":"M\u0131s\u0131r Konsolosluk \u0130\u015flemleri"}]},{"@type":"WebSite","@id":"https:\/\/www.myvize.com.tr\/misir\/#website","url":"https:\/\/www.myvize.com.tr\/misir\/","name":"M\u0131s\u0131r Vizesi","description":"","potentialAction":[{"@type":"SearchAction","target":{"@type":"EntryPoint","urlTemplate":"https:\/\/www.myvize.com.tr\/misir\/?s={search_term_string}"},"query-input":{"@type":"PropertyValueSpecification","valueRequired":true,"valueName":"search_term_string"}}],"inLanguage":"tr"}]}},"_links":{"self":[{"href":"https:\/\/www.myvize.com.tr\/misir\/wp-json\/wp\/v2\/pages\/92","targetHints":{"allow":["GET"]}}],"collection":[{"href":"https:\/\/www.myvize.com.tr\/misir\/wp-json\/wp\/v2\/pages"}],"about":[{"href":"https:\/\/www.myvize.com.tr\/misir\/wp-json\/wp\/v2\/types\/page"}],"author":[{"embeddable":true,"href":"https:\/\/www.myvize.com.tr\/misir\/wp-json\/wp\/v2\/users\/1"}],"replies":[{"embeddable":true,"href":"https:\/\/www.myvize.com.tr\/misir\/wp-json\/wp\/v2\/comments?post=92"}],"version-history":[{"count":5,"href":"https:\/\/www.myvize.com.tr\/misir\/wp-json\/wp\/v2\/pages\/92\/revisions"}],"predecessor-version":[{"id":743,"href":"https:\/\/www.myvize.com.tr\/misir\/wp-json\/wp\/v2\/pages\/92\/revisions\/743"}],"up":[{"embeddable":true,"href":"https:\/\/www.myvize.com.tr\/misir\/wp-json\/wp\/v2\/pages\/69"}],"wp:attachment":[{"href":"https:\/\/www.myvize.com.tr\/misir\/wp-json\/wp\/v2\/media?parent=92"}],"curies":[{"name":"wp","href":"https:\/\/api.w.org\/{rel}","templated":true}]}}