{"id":18,"date":"2020-11-30T08:50:13","date_gmt":"2020-11-30T05:50:13","guid":{"rendered":"https:\/\/www.myvize.com.tr\/nijerya\/?page_id=18"},"modified":"2022-04-26T12:30:14","modified_gmt":"2022-04-26T09:30:14","slug":"vize-islemleri","status":"publish","type":"page","link":"https:\/\/www.myvize.com.tr\/nijerya\/vize-islemleri\/","title":{"rendered":"V\u0130ZE \u0130\u015eLEMLER\u0130"},"content":{"rendered":"\n<p>Bat\u0131 Afrika k\u0131tas\u0131nda yer alan Nijer Cumhuriyeti 8 b\u00f6lgeden olu\u015fan denize k\u0131y\u0131s\u0131 bulunmayan bir \u00fclkedir. Nijer\u2019e seyahat etmek isteyen T.C. vatanda\u015flar\u0131ndan yaln\u0131zca Diplomatik (siyah) pasaport sahipleri vizeden muaft\u0131rlar (90 g\u00fcn\u00fc a\u015fmayan seyahatlerde).&nbsp;<strong>Nijer Vizesi<\/strong>&nbsp;tek veya \u00e7ok giri\u015fli, uzun ya da k\u0131sa s\u00fcreli olarak verilebilmektedir. Vize t\u00fcr\u00fcndeki farkl\u0131l\u0131klar, vize i\u00e7in gereken \u00fccreti de etkilemektedir. Ama \u00fccretler kabaca 150-205 EUR aras\u0131nda de\u011fi\u015fmektedir.&nbsp;<strong>Nijer Vizesi&nbsp;<\/strong>hakk\u0131nda bilinmesi gereken di\u011fer bir husus da s\u0131n\u0131rda kap\u0131 vizesi politikas\u0131n\u0131n bulunmay\u0131\u015f\u0131d\u0131r. Yani vize ya T\u00fcrkiye&#8217;den ya da ba\u015fka \u00fclkelerin ba\u015fkonsolosluklar\u0131ndan al\u0131nmal\u0131d\u0131r. T\u00fcrkiye\u2019den vize alacak olan ki\u015finin Ankara Nijer B\u00fcy\u00fckel\u00e7ili\u011fi\u2019ne ya da b\u00fcy\u00fckel\u00e7ilik taraf\u0131ndan yetkilendirilmi\u015f merkezlere ba\u015fvurmas\u0131 gerekmekte.&nbsp;<strong>Nijer Vizesi&nbsp;<\/strong>ba\u015fvurusu i\u00e7in \u201cPasaport (en az 2 sayfas\u0131 bo\u015f olmal\u0131 ve vizenin sonlanaca\u011f\u0131 tarihten itibaren 6 ay daha ge\u00e7erlili\u011fi olmal\u0131), varsa eski pasaportlar\u0131n fotokopileri,&nbsp;<strong>Nijer Vizesi&nbsp;<\/strong>ba\u015fvuru formu, kimlik fotokopisi, son 6 ayda \u00e7ekilmi\u015f 2 adet biyometrik foto\u011fraf, son 3 ay\u0131n en az 5000 TL bakiyeli banka hesap d\u00f6k\u00fcm\u00fc, konaklama ve ula\u015f\u0131m belgeleri (gidi\u015f-d\u00f6n\u00fc\u015f bileti ya da rezervasyon belgeleri), sar\u0131 humma a\u015f\u0131 kart\u0131 ve seyahat sa\u011fl\u0131k sigortas\u0131 gerekmektedir. Ancak ticari vize alacaklar bunlara ek olarak ticari davetiye; \u00e7al\u0131\u015fan ve i\u015fverenlerden, ek olarak vize talep dilek\u00e7esi ile i\u015f yeri belgeleri; aile ziyareti vizesi alacak olanlardan ek olarak yak\u0131nlar\u0131 taraf\u0131ndan g\u00f6nderilecek davetiye ya da oturma izin belgeleri de istenmektedir.&nbsp;<strong>Nijer vizesi&nbsp;<\/strong>gerekliliklerin eksiksiz yerine getirilmesi durumunda 10-15 g\u00fcn i\u00e7erisinde sonu\u00e7lanmaktad\u0131r.<\/p>\n","protected":false},"excerpt":{"rendered":"<p>Bat\u0131 Afrika k\u0131tas\u0131nda yer alan Nijer Cumhuriyeti 8 b\u00f6lgeden olu\u015fan denize k\u0131y\u0131s\u0131 bulunmayan bir \u00fclkedir. Nijer\u2019e seyahat etmek isteyen T.C. vatanda\u015flar\u0131ndan yaln\u0131zca Diplomatik (siyah) pasaport sahipleri vizeden muaft\u0131rlar (90 g\u00fcn\u00fc a\u015fmayan seyahatlerde).&nbsp;Nijer Vizesi&nbsp;tek veya \u00e7ok giri\u015fli, uzun ya da k\u0131sa s\u00fcreli olarak verilebilmektedir. Vize t\u00fcr\u00fcndeki farkl\u0131l\u0131klar, vize i\u00e7in gereken \u00fccreti de etkilemektedir. Ama \u00fccretler kabaca<\/p>\n","protected":false},"author":1,"featured_media":0,"parent":0,"menu_order":0,"comment_status":"open","ping_status":"closed","template":"","meta":{"footnotes":""},"class_list":["post-18","page","type-page","status-publish","hentry"],"yoast_head":"<!-- This site is optimized with the Yoast SEO plugin v24.0 - https:\/\/yoast.com\/wordpress\/plugins\/seo\/ -->\n<title>Nijerya Vize \u0130\u015flemleri - My Vize Profesyonel Vize Hizmetleri<\/title>\n<meta name=\"description\" content=\"Nijerya vize i\u015flemleri gerekli evraklar g\u00fcncel. Nijerya vize i\u015flemleri randevu al\u0131m\u0131 ve i\u015flem s\u00fcreci g\u00f6rsel anlat\u0131m.\" \/>\n<meta name=\"robots\" content=\"index, follow, max-snippet:-1, max-image-preview:large, max-video-preview:-1\" \/>\n<link rel=\"canonical\" href=\"https:\/\/www.myvize.com.tr\/nijerya\/vize-islemleri\/\" \/>\n<meta property=\"og:locale\" content=\"tr_TR\" \/>\n<meta property=\"og:type\" content=\"article\" \/>\n<meta property=\"og:title\" content=\"Nijerya Vize \u0130\u015flemleri - My Vize Profesyonel Vize Hizmetleri\" \/>\n<meta property=\"og:description\" content=\"Nijerya vize i\u015flemleri gerekli evraklar g\u00fcncel. Nijerya vize i\u015flemleri randevu al\u0131m\u0131 ve i\u015flem s\u00fcreci g\u00f6rsel anlat\u0131m.\" \/>\n<meta property=\"og:url\" content=\"https:\/\/www.myvize.com.tr\/nijerya\/vize-islemleri\/\" \/>\n<meta property=\"og:site_name\" content=\"Nijerya Vizesi\" \/>\n<meta property=\"article:modified_time\" content=\"2022-04-26T09:30:14+00:00\" \/>\n<meta name=\"twitter:card\" content=\"summary_large_image\" \/>\n<meta name=\"twitter:label1\" content=\"Tahmini okuma s\u00fcresi\" \/>\n\t<meta name=\"twitter:data1\" content=\"1 dakika\" \/>\n<script type=\"application\/ld+json\" class=\"yoast-schema-graph\">{\"@context\":\"https:\/\/schema.org\",\"@graph\":[{\"@type\":\"WebPage\",\"@id\":\"https:\/\/www.myvize.com.tr\/nijerya\/vize-islemleri\/\",\"url\":\"https:\/\/www.myvize.com.tr\/nijerya\/vize-islemleri\/\",\"name\":\"Nijerya Vize \u0130\u015flemleri - My Vize Profesyonel Vize Hizmetleri\",\"isPartOf\":{\"@id\":\"https:\/\/www.myvize.com.tr\/nijerya\/#website\"},\"datePublished\":\"2020-11-30T05:50:13+00:00\",\"dateModified\":\"2022-04-26T09:30:14+00:00\",\"description\":\"Nijerya vize i\u015flemleri gerekli evraklar g\u00fcncel. Nijerya vize i\u015flemleri randevu al\u0131m\u0131 ve i\u015flem s\u00fcreci g\u00f6rsel anlat\u0131m.\",\"breadcrumb\":{\"@id\":\"https:\/\/www.myvize.com.tr\/nijerya\/vize-islemleri\/#breadcrumb\"},\"inLanguage\":\"tr\",\"potentialAction\":[{\"@type\":\"ReadAction\",\"target\":[\"https:\/\/www.myvize.com.tr\/nijerya\/vize-islemleri\/\"]}]},{\"@type\":\"BreadcrumbList\",\"@id\":\"https:\/\/www.myvize.com.tr\/nijerya\/vize-islemleri\/#breadcrumb\",\"itemListElement\":[{\"@type\":\"ListItem\",\"position\":1,\"name\":\"Anasayfa\",\"item\":\"https:\/\/www.myvize.com.tr\/nijerya\/\"},{\"@type\":\"ListItem\",\"position\":2,\"name\":\"V\u0130ZE \u0130\u015eLEMLER\u0130\"}]},{\"@type\":\"WebSite\",\"@id\":\"https:\/\/www.myvize.com.tr\/nijerya\/#website\",\"url\":\"https:\/\/www.myvize.com.tr\/nijerya\/\",\"name\":\"Nijerya Vizesi\",\"description\":\"\",\"potentialAction\":[{\"@type\":\"SearchAction\",\"target\":{\"@type\":\"EntryPoint\",\"urlTemplate\":\"https:\/\/www.myvize.com.tr\/nijerya\/?s={search_term_string}\"},\"query-input\":{\"@type\":\"PropertyValueSpecification\",\"valueRequired\":true,\"valueName\":\"search_term_string\"}}],\"inLanguage\":\"tr\"}]}<\/script>\n<!-- \/ Yoast SEO plugin. -->","yoast_head_json":{"title":"Nijerya Vize \u0130\u015flemleri - My Vize Profesyonel Vize Hizmetleri","description":"Nijerya vize i\u015flemleri gerekli evraklar g\u00fcncel. Nijerya vize i\u015flemleri randevu al\u0131m\u0131 ve i\u015flem s\u00fcreci g\u00f6rsel anlat\u0131m.","robots":{"index":"index","follow":"follow","max-snippet":"max-snippet:-1","max-image-preview":"max-image-preview:large","max-video-preview":"max-video-preview:-1"},"canonical":"https:\/\/www.myvize.com.tr\/nijerya\/vize-islemleri\/","og_locale":"tr_TR","og_type":"article","og_title":"Nijerya Vize \u0130\u015flemleri - My Vize Profesyonel Vize Hizmetleri","og_description":"Nijerya vize i\u015flemleri gerekli evraklar g\u00fcncel. Nijerya vize i\u015flemleri randevu al\u0131m\u0131 ve i\u015flem s\u00fcreci g\u00f6rsel anlat\u0131m.","og_url":"https:\/\/www.myvize.com.tr\/nijerya\/vize-islemleri\/","og_site_name":"Nijerya Vizesi","article_modified_time":"2022-04-26T09:30:14+00:00","twitter_card":"summary_large_image","twitter_misc":{"Tahmini okuma s\u00fcresi":"1 dakika"},"schema":{"@context":"https:\/\/schema.org","@graph":[{"@type":"WebPage","@id":"https:\/\/www.myvize.com.tr\/nijerya\/vize-islemleri\/","url":"https:\/\/www.myvize.com.tr\/nijerya\/vize-islemleri\/","name":"Nijerya Vize \u0130\u015flemleri - My Vize Profesyonel Vize Hizmetleri","isPartOf":{"@id":"https:\/\/www.myvize.com.tr\/nijerya\/#website"},"datePublished":"2020-11-30T05:50:13+00:00","dateModified":"2022-04-26T09:30:14+00:00","description":"Nijerya vize i\u015flemleri gerekli evraklar g\u00fcncel. Nijerya vize i\u015flemleri randevu al\u0131m\u0131 ve i\u015flem s\u00fcreci g\u00f6rsel anlat\u0131m.","breadcrumb":{"@id":"https:\/\/www.myvize.com.tr\/nijerya\/vize-islemleri\/#breadcrumb"},"inLanguage":"tr","potentialAction":[{"@type":"ReadAction","target":["https:\/\/www.myvize.com.tr\/nijerya\/vize-islemleri\/"]}]},{"@type":"BreadcrumbList","@id":"https:\/\/www.myvize.com.tr\/nijerya\/vize-islemleri\/#breadcrumb","itemListElement":[{"@type":"ListItem","position":1,"name":"Anasayfa","item":"https:\/\/www.myvize.com.tr\/nijerya\/"},{"@type":"ListItem","position":2,"name":"V\u0130ZE \u0130\u015eLEMLER\u0130"}]},{"@type":"WebSite","@id":"https:\/\/www.myvize.com.tr\/nijerya\/#website","url":"https:\/\/www.myvize.com.tr\/nijerya\/","name":"Nijerya Vizesi","description":"","potentialAction":[{"@type":"SearchAction","target":{"@type":"EntryPoint","urlTemplate":"https:\/\/www.myvize.com.tr\/nijerya\/?s={search_term_string}"},"query-input":{"@type":"PropertyValueSpecification","valueRequired":true,"valueName":"search_term_string"}}],"inLanguage":"tr"}]}},"_links":{"self":[{"href":"https:\/\/www.myvize.com.tr\/nijerya\/wp-json\/wp\/v2\/pages\/18","targetHints":{"allow":["GET"]}}],"collection":[{"href":"https:\/\/www.myvize.com.tr\/nijerya\/wp-json\/wp\/v2\/pages"}],"about":[{"href":"https:\/\/www.myvize.com.tr\/nijerya\/wp-json\/wp\/v2\/types\/page"}],"author":[{"embeddable":true,"href":"https:\/\/www.myvize.com.tr\/nijerya\/wp-json\/wp\/v2\/users\/1"}],"replies":[{"embeddable":true,"href":"https:\/\/www.myvize.com.tr\/nijerya\/wp-json\/wp\/v2\/comments?post=18"}],"version-history":[{"count":5,"href":"https:\/\/www.myvize.com.tr\/nijerya\/wp-json\/wp\/v2\/pages\/18\/revisions"}],"predecessor-version":[{"id":421,"href":"https:\/\/www.myvize.com.tr\/nijerya\/wp-json\/wp\/v2\/pages\/18\/revisions\/421"}],"wp:attachment":[{"href":"https:\/\/www.myvize.com.tr\/nijerya\/wp-json\/wp\/v2\/media?parent=18"}],"curies":[{"name":"wp","href":"https:\/\/api.w.org\/{rel}","templated":true}]}}