{"id":192,"date":"2020-12-28T16:27:24","date_gmt":"2020-12-28T13:27:24","guid":{"rendered":"https:\/\/www.myvize.com.tr\/nijerya\/?page_id=192"},"modified":"2022-01-19T12:56:20","modified_gmt":"2022-01-19T09:56:20","slug":"subelerimiz","status":"publish","type":"page","link":"https:\/\/www.myvize.com.tr\/nijerya\/subelerimiz\/","title":{"rendered":"\u015eUBELER\u0130M\u0130Z"},"content":{"rendered":"","protected":false},"excerpt":{"rendered":"","protected":false},"author":1,"featured_media":0,"parent":0,"menu_order":0,"comment_status":"closed","ping_status":"closed","template":"","meta":{"footnotes":""},"class_list":["post-192","page","type-page","status-publish","hentry"],"yoast_head":"<!-- This site is optimized with the Yoast SEO plugin v24.0 - https:\/\/yoast.com\/wordpress\/plugins\/seo\/ -->\n<title>Nijerya Vizesi \u015eubeleri \u0130leti\u015fim Bilgileri - MyVize<\/title>\n<meta name=\"description\" content=\"Nijerya vizesi i\u00e7in T\u00fcrkiye&#039;nin her yerinden \u015fubelerimizle ileti\u015fime ge\u00e7ebilir, gerekli b\u00fct\u00fcn bilgileri detayl\u0131 alabilirsiniz.\" \/>\n<meta name=\"robots\" content=\"index, follow, max-snippet:-1, max-image-preview:large, max-video-preview:-1\" \/>\n<link rel=\"canonical\" href=\"https:\/\/www.myvize.com.tr\/nijerya\/subelerimiz\/\" \/>\n<meta property=\"og:locale\" content=\"tr_TR\" \/>\n<meta property=\"og:type\" content=\"article\" \/>\n<meta property=\"og:title\" content=\"Nijerya Vizesi \u015eubeleri \u0130leti\u015fim Bilgileri - MyVize\" \/>\n<meta property=\"og:description\" content=\"Nijerya vizesi i\u00e7in T\u00fcrkiye&#039;nin her yerinden \u015fubelerimizle ileti\u015fime ge\u00e7ebilir, gerekli b\u00fct\u00fcn bilgileri detayl\u0131 alabilirsiniz.\" \/>\n<meta property=\"og:url\" content=\"https:\/\/www.myvize.com.tr\/nijerya\/subelerimiz\/\" \/>\n<meta property=\"og:site_name\" content=\"Nijerya Vizesi\" \/>\n<meta property=\"article:modified_time\" content=\"2022-01-19T09:56:20+00:00\" \/>\n<meta name=\"twitter:card\" content=\"summary_large_image\" \/>\n<script type=\"application\/ld+json\" class=\"yoast-schema-graph\">{\"@context\":\"https:\/\/schema.org\",\"@graph\":[{\"@type\":\"WebPage\",\"@id\":\"https:\/\/www.myvize.com.tr\/nijerya\/subelerimiz\/\",\"url\":\"https:\/\/www.myvize.com.tr\/nijerya\/subelerimiz\/\",\"name\":\"Nijerya Vizesi \u015eubeleri \u0130leti\u015fim Bilgileri - MyVize\",\"isPartOf\":{\"@id\":\"https:\/\/www.myvize.com.tr\/nijerya\/#website\"},\"datePublished\":\"2020-12-28T13:27:24+00:00\",\"dateModified\":\"2022-01-19T09:56:20+00:00\",\"description\":\"Nijerya vizesi i\u00e7in T\u00fcrkiye'nin her yerinden \u015fubelerimizle ileti\u015fime ge\u00e7ebilir, gerekli b\u00fct\u00fcn bilgileri detayl\u0131 alabilirsiniz.\",\"breadcrumb\":{\"@id\":\"https:\/\/www.myvize.com.tr\/nijerya\/subelerimiz\/#breadcrumb\"},\"inLanguage\":\"tr\",\"potentialAction\":[{\"@type\":\"ReadAction\",\"target\":[\"https:\/\/www.myvize.com.tr\/nijerya\/subelerimiz\/\"]}]},{\"@type\":\"BreadcrumbList\",\"@id\":\"https:\/\/www.myvize.com.tr\/nijerya\/subelerimiz\/#breadcrumb\",\"itemListElement\":[{\"@type\":\"ListItem\",\"position\":1,\"name\":\"Anasayfa\",\"item\":\"https:\/\/www.myvize.com.tr\/nijerya\/\"},{\"@type\":\"ListItem\",\"position\":2,\"name\":\"\u015eUBELER\u0130M\u0130Z\"}]},{\"@type\":\"WebSite\",\"@id\":\"https:\/\/www.myvize.com.tr\/nijerya\/#website\",\"url\":\"https:\/\/www.myvize.com.tr\/nijerya\/\",\"name\":\"Nijerya Vizesi\",\"description\":\"\",\"potentialAction\":[{\"@type\":\"SearchAction\",\"target\":{\"@type\":\"EntryPoint\",\"urlTemplate\":\"https:\/\/www.myvize.com.tr\/nijerya\/?s={search_term_string}\"},\"query-input\":{\"@type\":\"PropertyValueSpecification\",\"valueRequired\":true,\"valueName\":\"search_term_string\"}}],\"inLanguage\":\"tr\"}]}<\/script>\n<!-- \/ Yoast SEO plugin. -->","yoast_head_json":{"title":"Nijerya Vizesi \u015eubeleri \u0130leti\u015fim Bilgileri - MyVize","description":"Nijerya vizesi i\u00e7in T\u00fcrkiye'nin her yerinden \u015fubelerimizle ileti\u015fime ge\u00e7ebilir, gerekli b\u00fct\u00fcn bilgileri detayl\u0131 alabilirsiniz.","robots":{"index":"index","follow":"follow","max-snippet":"max-snippet:-1","max-image-preview":"max-image-preview:large","max-video-preview":"max-video-preview:-1"},"canonical":"https:\/\/www.myvize.com.tr\/nijerya\/subelerimiz\/","og_locale":"tr_TR","og_type":"article","og_title":"Nijerya Vizesi \u015eubeleri \u0130leti\u015fim Bilgileri - MyVize","og_description":"Nijerya vizesi i\u00e7in T\u00fcrkiye'nin her yerinden \u015fubelerimizle ileti\u015fime ge\u00e7ebilir, gerekli b\u00fct\u00fcn bilgileri detayl\u0131 alabilirsiniz.","og_url":"https:\/\/www.myvize.com.tr\/nijerya\/subelerimiz\/","og_site_name":"Nijerya Vizesi","article_modified_time":"2022-01-19T09:56:20+00:00","twitter_card":"summary_large_image","schema":{"@context":"https:\/\/schema.org","@graph":[{"@type":"WebPage","@id":"https:\/\/www.myvize.com.tr\/nijerya\/subelerimiz\/","url":"https:\/\/www.myvize.com.tr\/nijerya\/subelerimiz\/","name":"Nijerya Vizesi \u015eubeleri \u0130leti\u015fim Bilgileri - MyVize","isPartOf":{"@id":"https:\/\/www.myvize.com.tr\/nijerya\/#website"},"datePublished":"2020-12-28T13:27:24+00:00","dateModified":"2022-01-19T09:56:20+00:00","description":"Nijerya vizesi i\u00e7in T\u00fcrkiye'nin her yerinden \u015fubelerimizle ileti\u015fime ge\u00e7ebilir, gerekli b\u00fct\u00fcn bilgileri detayl\u0131 alabilirsiniz.","breadcrumb":{"@id":"https:\/\/www.myvize.com.tr\/nijerya\/subelerimiz\/#breadcrumb"},"inLanguage":"tr","potentialAction":[{"@type":"ReadAction","target":["https:\/\/www.myvize.com.tr\/nijerya\/subelerimiz\/"]}]},{"@type":"BreadcrumbList","@id":"https:\/\/www.myvize.com.tr\/nijerya\/subelerimiz\/#breadcrumb","itemListElement":[{"@type":"ListItem","position":1,"name":"Anasayfa","item":"https:\/\/www.myvize.com.tr\/nijerya\/"},{"@type":"ListItem","position":2,"name":"\u015eUBELER\u0130M\u0130Z"}]},{"@type":"WebSite","@id":"https:\/\/www.myvize.com.tr\/nijerya\/#website","url":"https:\/\/www.myvize.com.tr\/nijerya\/","name":"Nijerya Vizesi","description":"","potentialAction":[{"@type":"SearchAction","target":{"@type":"EntryPoint","urlTemplate":"https:\/\/www.myvize.com.tr\/nijerya\/?s={search_term_string}"},"query-input":{"@type":"PropertyValueSpecification","valueRequired":true,"valueName":"search_term_string"}}],"inLanguage":"tr"}]}},"_links":{"self":[{"href":"https:\/\/www.myvize.com.tr\/nijerya\/wp-json\/wp\/v2\/pages\/192","targetHints":{"allow":["GET"]}}],"collection":[{"href":"https:\/\/www.myvize.com.tr\/nijerya\/wp-json\/wp\/v2\/pages"}],"about":[{"href":"https:\/\/www.myvize.com.tr\/nijerya\/wp-json\/wp\/v2\/types\/page"}],"author":[{"embeddable":true,"href":"https:\/\/www.myvize.com.tr\/nijerya\/wp-json\/wp\/v2\/users\/1"}],"replies":[{"embeddable":true,"href":"https:\/\/www.myvize.com.tr\/nijerya\/wp-json\/wp\/v2\/comments?post=192"}],"version-history":[{"count":3,"href":"https:\/\/www.myvize.com.tr\/nijerya\/wp-json\/wp\/v2\/pages\/192\/revisions"}],"predecessor-version":[{"id":335,"href":"https:\/\/www.myvize.com.tr\/nijerya\/wp-json\/wp\/v2\/pages\/192\/revisions\/335"}],"wp:attachment":[{"href":"https:\/\/www.myvize.com.tr\/nijerya\/wp-json\/wp\/v2\/media?parent=192"}],"curies":[{"name":"wp","href":"https:\/\/api.w.org\/{rel}","templated":true}]}}