{"id":21,"date":"2021-06-01T12:00:01","date_gmt":"2021-06-01T09:00:01","guid":{"rendered":"https:\/\/www.myvize.com.tr\/nijerya\/?page_id=21"},"modified":"2022-04-26T12:33:17","modified_gmt":"2022-04-26T09:33:17","slug":"nijerya-turistik-vize","status":"publish","type":"page","link":"https:\/\/www.myvize.com.tr\/nijerya\/vize-islemleri\/nijerya-turistik-vize\/","title":{"rendered":"Nijerya Turistik Vize"},"content":{"rendered":"<p><span style=\"font-family: Roboto;\"><\/span><\/p>\r\n<p><span style=\"font-family: Roboto; font-size: 14px;\">Nijerya Federal Cumhuriyeti, \u00fclkesine gelen yabanc\u0131 vatanda\u015flardan vize talebinde bulunur. Bir\u00e7ok \u00fclke gibi T\u00fcrkiye Cumhuriyeti\u2019nden yap\u0131lacak olan seyahatlerde de vatanda\u015flar\u0131n\u00a0<strong>Nijerya turistik vize<\/strong>\u00a0sahibi olmalar\u0131 gerekmektedir. \u00dclkemizden Nijerya\u2019ya gidecek olan bordo pasaport sahibi vatanda\u015flar her ko\u015fulda turistik vize \u00e7\u0131kartmak zorundad\u0131r. Al\u0131nacak olan turistik vize ile Nijerya\u2019ya giri\u015f m\u00fcmk\u00fcn olur.<\/span><\/p>\r\n<p><span style=\"font-family: Roboto; font-size: 14px;\">\r\n\r\n<\/span><span style=\"font-family: Roboto; font-size: 14px;\">\r\n\r\n<\/span><\/p>\r\n<h2 class=\"wp-block-heading\"><span style=\"font-family: Roboto; font-size: 27px;\"><strong>Nijerya Turistik Vizesi Nas\u0131l Al\u0131n\u0131r?<\/strong><\/span><\/h2>\r\n<p><span style=\"font-family: Roboto; font-size: 14px;\">\r\n\r\n<\/span><\/p>\r\n<p><span style=\"font-family: Roboto; font-size: 14px;\"><strong>Nijerya vize ba\u015fvurusu<\/strong>\u00a0yapmak isteyen vatandalar, i\u015fleri daha kolayla\u015ft\u0131rmak amac\u0131 ile kurumun yetkilendirdi\u011fi arac\u0131 vize acenteleri ile ileti\u015fime ge\u00e7ebilir. Profesyonel hizmet sunan acenteler arac\u0131l\u0131\u011f\u0131 ile vizenin her ad\u0131m\u0131nda destek alabilir ve b\u00fct\u00fcn s\u00fcre\u00e7leri sorunsuz bir \u015fekilde ger\u00e7ekle\u015ftirebilir. Ba\u015fvuru ile evraklar\u0131n tamamlanmas\u0131n\u0131n ard\u0131ndan evraklar b\u00fcy\u00fckel\u00e7ili\u011fe g\u00f6nderilerek de\u011ferlendirme s\u00fcrecine al\u0131n\u0131r.<\/span><\/p>\r\n<h2><span style=\"font-family: Roboto; font-size: 27px;\"><strong>Nijerya Turistik Vizesi Nereden Al\u0131n\u0131r?<\/strong><\/span><\/h2>\r\n<p><span style=\"font-family: Roboto; font-size: 14px;\">\r\n\r\n<\/span><\/p>\r\n<p><span style=\"font-family: Roboto; font-size: 14px;\"><strong>Nijerya turistik vizesi<\/strong>\u00a0Ankara\u2019da bulunan Nijerya B\u00fcy\u00fckel\u00e7ili\u011fi\u2019ne yap\u0131lacak olan ba\u015fvuru ile \u00e7\u0131kartt\u0131r\u0131labilir. Ankara\u2019da Gaziosmanpa\u015fa semtinde bulunan b\u00fcy\u00fckel\u00e7ili\u011fe yap\u0131lan\u00a0<span style=\"color: #2acec2;\"><strong><a style=\"color: #2acec2;\" href=\"https:\/\/www.myvize.com.tr\/nijerya\/vize-islemleri\/nijerya-vizesi\/\" target=\"_blank\" rel=\"noopener\">Nijerya vizesi<\/a><\/strong><\/span>\u00a0ba\u015fvurular\u0131 burada de\u011ferlendirilir ve ard\u0131ndan ki\u015filer de\u011ferlendirmeden olumlu yan\u0131t alarak vizelerine sahip olabilir.<\/span><\/p>\r\n<p><span style=\"font-family: Roboto; font-size: 14px;\">\r\n\r\n<\/span><\/p>\r\n<p><span style=\"font-family: Roboto; font-size: 14px;\">T\u00fcrkiye\u2019de sadece bir noktada bulunan b\u00fcy\u00fckel\u00e7ilik T\u00fcrkiye genelinde yap\u0131lacak olan b\u00fct\u00fcn ba\u015fvurularda yetkili olan kurumdur. \u00dclkenin her yerinden, ba\u015fvuru \u00f6ncesinde vatanda\u015flar telefon ile \u00f6n bilgi ve randevu alabilir.<\/span><\/p>\r\n<h2><span style=\"font-family: Roboto; font-size: 27px;\"><strong>Nijer Turistik Vize Ba\u015fvurusu<\/strong><\/span><\/h2>\r\n<p><span style=\"font-family: Roboto; font-size: 14px;\">\r\n\r\n<\/span><\/p>\r\n<p><span style=\"font-family: Roboto; font-size: 14px;\">Nijer turizm a\u00e7\u0131s\u0131ndan ziyaret alan \u00fclkelerdendir. Vize almas\u0131 gereken ki\u015filerin haz\u0131rlamas\u0131 gereken evraklar\u0131 bulunuyor. Bu evraklar i\u00e7erisinde de vize ba\u015fvuru formu ve dilek\u00e7esi son derece \u00f6nemlidir. Ba\u015fvuru formunun ve dilek\u00e7esinin\u00a0<strong>Nijer turistik vize ba\u015fvurusu<\/strong>\u00a0s\u0131ras\u0131nda tutarl\u0131 olmas\u0131 dikkat edilecek bir konudur.\u00a0<strong>Nijer turistik vize ba\u015fvurusu<\/strong>\u00a0Nijer b\u00fcy\u00fckel\u00e7ili\u011fi, konsolosluklar\u0131 ve yetkilendirilen vize merkezlerine yap\u0131lmaktad\u0131r.<\/span><\/p>\r\n<p><span style=\"font-family: Roboto; font-size: 14px;\">\r\n\r\n<\/span><\/p>\r\n<h2 class=\"wp-block-heading\"><span style=\"font-family: Roboto; font-size: 27px;\"><strong>Nijerya Turistik Vizesi \u0130\u00e7in Gerekli Evraklar Nelerdir?<\/strong><\/span><\/h2>\r\n<p><span style=\"font-family: Roboto; font-size: 14px;\">\r\n\r\n<\/span><\/p>\r\n<ul class=\"wp-block-list\">\r\n<li><span style=\"font-family: Roboto; font-size: 14px;\">Pasaport asl\u0131 ve fotokopisi,<\/span><\/li>\r\n<li><span style=\"font-family: Roboto; font-size: 14px;\">Vize ba\u015fvuru ve dilek\u00e7e formu,<\/span><\/li>\r\n<li><span style=\"font-family: Roboto; font-size: 14px;\">2 adet biyometrik foto\u011fraf,<\/span><\/li>\r\n<li><span style=\"font-family: Roboto; font-size: 14px;\">U\u00e7ak bileti ve konaklama rezervasyon belgeleri,<\/span><\/li>\r\n<li><span style=\"font-family: Roboto; font-size: 14px;\">Nijerya\u2019dan gelecek bir davetiye,<\/span><\/li>\r\n<li><span style=\"font-family: Roboto; font-size: 14px;\">Banka hesap dok\u00fcman\u0131,<\/span><\/li>\r\n<li><span style=\"font-family: Roboto; font-size: 14px;\">Kimlik fotokopisi<\/span><\/li>\r\n<li><span style=\"font-family: Roboto; font-size: 14px;\">Vukuatl\u0131 n\u00fcfus \u00f6rne\u011fi.<\/span><\/li>\r\n<\/ul>\r\n<p><span style=\"font-family: Roboto; font-size: 14px;\">\r\n\r\n<\/span><\/p>\r\n<p><span style=\"font-family: Roboto; font-size: 14px;\">\r\n\r\n<\/span><\/p>\r\n<h3 class=\"wp-block-heading\"><span style=\"font-family: Roboto; font-size: 24px;\"><strong>Nijer Turistik Vize Talep Dilek\u00e7esi Nas\u0131l Yaz\u0131l\u0131r?<\/strong><\/span><\/h3>\r\n<p><span style=\"font-family: Roboto; font-size: 14px;\">\r\n\r\n<\/span><\/p>\r\n<p><span style=\"font-family: Roboto; font-size: 14px;\"><strong>Nijer turistik vize ba\u015fvurusu<\/strong>\u00a0s\u0131ras\u0131nda haz\u0131rlanmas\u0131 gereken dilek\u00e7enin A4 ka\u011f\u0131d\u0131na yaz\u0131lmas\u0131 gerekiyor. Resmi bir dil kullan\u0131lmal\u0131 elle ya da bilgisayar ile yaz\u0131lmal\u0131d\u0131r. Her iki yaz\u0131m \u015feklinde de mutlaka dilek\u00e7e \u00fczerinde \u0131slak imza ve tarih olmal\u0131d\u0131r.\u00a0<strong>Nijer turistik vize ba\u015fvurusu<\/strong>\u00a0s\u0131ras\u0131nda istenilen dil kriterlerine uygun olmas\u0131na \u00f6zen g\u00f6sterilmeli ve seyahatin t\u00fcm detaylar\u0131 dilek\u00e7ede yer almal\u0131d\u0131r.<\/span><\/p>\r\n<p><span style=\"font-family: Roboto;\"><\/span><\/p>","protected":false},"excerpt":{"rendered":"<p>Nijerya Federal Cumhuriyeti, \u00fclkesine gelen yabanc\u0131 vatanda\u015flardan vize talebinde bulunur. Bir\u00e7ok \u00fclke gibi T\u00fcrkiye Cumhuriyeti\u2019nden yap\u0131lacak olan seyahatlerde de vatanda\u015flar\u0131n\u00a0Nijerya turistik vize\u00a0sahibi olmalar\u0131 gerekmektedir. \u00dclkemizden Nijerya\u2019ya gidecek olan bordo pasaport sahibi vatanda\u015flar her ko\u015fulda turistik vize \u00e7\u0131kartmak zorundad\u0131r. Al\u0131nacak olan turistik vize ile Nijerya\u2019ya giri\u015f m\u00fcmk\u00fcn olur. Nijerya Turistik Vizesi Nas\u0131l Al\u0131n\u0131r? Nijerya vize ba\u015fvurusu\u00a0yapmak<\/p>\n","protected":false},"author":1,"featured_media":0,"parent":18,"menu_order":0,"comment_status":"open","ping_status":"closed","template":"","meta":{"footnotes":""},"class_list":["post-21","page","type-page","status-publish","hentry"],"yoast_head":"<!-- This site is optimized with the Yoast SEO plugin v24.0 - https:\/\/yoast.com\/wordpress\/plugins\/seo\/ -->\n<title>Nijerya Turistik Vize - MyVize Vize Ba\u015fvuru Merkezi<\/title>\n<meta name=\"description\" content=\"Nijerya Turistik Vize i\u015flemlerine dair her \u015fey. Nijerya Turistik Vize nas\u0131l al\u0131n\u0131r? Nijerya Turistik evrak listesi 2021.\" \/>\n<meta name=\"robots\" content=\"index, follow, max-snippet:-1, max-image-preview:large, max-video-preview:-1\" \/>\n<link rel=\"canonical\" href=\"https:\/\/www.myvize.com.tr\/nijerya\/vize-islemleri\/nijerya-turistik-vize\/\" \/>\n<meta property=\"og:locale\" content=\"tr_TR\" \/>\n<meta property=\"og:type\" content=\"article\" \/>\n<meta property=\"og:title\" content=\"Nijerya Turistik Vize - MyVize Vize Ba\u015fvuru Merkezi\" \/>\n<meta property=\"og:description\" content=\"Nijerya Turistik Vize i\u015flemlerine dair her \u015fey. Nijerya Turistik Vize nas\u0131l al\u0131n\u0131r? Nijerya Turistik evrak listesi 2021.\" \/>\n<meta property=\"og:url\" content=\"https:\/\/www.myvize.com.tr\/nijerya\/vize-islemleri\/nijerya-turistik-vize\/\" \/>\n<meta property=\"og:site_name\" content=\"Nijerya Vizesi\" \/>\n<meta property=\"article:modified_time\" content=\"2022-04-26T09:33:17+00:00\" \/>\n<meta name=\"twitter:card\" content=\"summary_large_image\" \/>\n<meta name=\"twitter:label1\" content=\"Tahmini okuma s\u00fcresi\" \/>\n\t<meta name=\"twitter:data1\" content=\"2 dakika\" \/>\n<script type=\"application\/ld+json\" class=\"yoast-schema-graph\">{\"@context\":\"https:\/\/schema.org\",\"@graph\":[{\"@type\":\"WebPage\",\"@id\":\"https:\/\/www.myvize.com.tr\/nijerya\/vize-islemleri\/nijerya-turistik-vize\/\",\"url\":\"https:\/\/www.myvize.com.tr\/nijerya\/vize-islemleri\/nijerya-turistik-vize\/\",\"name\":\"Nijerya Turistik Vize - MyVize Vize Ba\u015fvuru Merkezi\",\"isPartOf\":{\"@id\":\"https:\/\/www.myvize.com.tr\/nijerya\/#website\"},\"datePublished\":\"2021-06-01T09:00:01+00:00\",\"dateModified\":\"2022-04-26T09:33:17+00:00\",\"description\":\"Nijerya Turistik Vize i\u015flemlerine dair her \u015fey. Nijerya Turistik Vize nas\u0131l al\u0131n\u0131r? Nijerya Turistik evrak listesi 2021.\",\"breadcrumb\":{\"@id\":\"https:\/\/www.myvize.com.tr\/nijerya\/vize-islemleri\/nijerya-turistik-vize\/#breadcrumb\"},\"inLanguage\":\"tr\",\"potentialAction\":[{\"@type\":\"ReadAction\",\"target\":[\"https:\/\/www.myvize.com.tr\/nijerya\/vize-islemleri\/nijerya-turistik-vize\/\"]}]},{\"@type\":\"BreadcrumbList\",\"@id\":\"https:\/\/www.myvize.com.tr\/nijerya\/vize-islemleri\/nijerya-turistik-vize\/#breadcrumb\",\"itemListElement\":[{\"@type\":\"ListItem\",\"position\":1,\"name\":\"Anasayfa\",\"item\":\"https:\/\/www.myvize.com.tr\/nijerya\/\"},{\"@type\":\"ListItem\",\"position\":2,\"name\":\"V\u0130ZE \u0130\u015eLEMLER\u0130\",\"item\":\"https:\/\/www.myvize.com.tr\/nijerya\/vize-islemleri\/\"},{\"@type\":\"ListItem\",\"position\":3,\"name\":\"Nijerya Turistik Vize\"}]},{\"@type\":\"WebSite\",\"@id\":\"https:\/\/www.myvize.com.tr\/nijerya\/#website\",\"url\":\"https:\/\/www.myvize.com.tr\/nijerya\/\",\"name\":\"Nijerya Vizesi\",\"description\":\"\",\"potentialAction\":[{\"@type\":\"SearchAction\",\"target\":{\"@type\":\"EntryPoint\",\"urlTemplate\":\"https:\/\/www.myvize.com.tr\/nijerya\/?s={search_term_string}\"},\"query-input\":{\"@type\":\"PropertyValueSpecification\",\"valueRequired\":true,\"valueName\":\"search_term_string\"}}],\"inLanguage\":\"tr\"}]}<\/script>\n<!-- \/ Yoast SEO plugin. -->","yoast_head_json":{"title":"Nijerya Turistik Vize - MyVize Vize Ba\u015fvuru Merkezi","description":"Nijerya Turistik Vize i\u015flemlerine dair her \u015fey. Nijerya Turistik Vize nas\u0131l al\u0131n\u0131r? Nijerya Turistik evrak listesi 2021.","robots":{"index":"index","follow":"follow","max-snippet":"max-snippet:-1","max-image-preview":"max-image-preview:large","max-video-preview":"max-video-preview:-1"},"canonical":"https:\/\/www.myvize.com.tr\/nijerya\/vize-islemleri\/nijerya-turistik-vize\/","og_locale":"tr_TR","og_type":"article","og_title":"Nijerya Turistik Vize - MyVize Vize Ba\u015fvuru Merkezi","og_description":"Nijerya Turistik Vize i\u015flemlerine dair her \u015fey. Nijerya Turistik Vize nas\u0131l al\u0131n\u0131r? Nijerya Turistik evrak listesi 2021.","og_url":"https:\/\/www.myvize.com.tr\/nijerya\/vize-islemleri\/nijerya-turistik-vize\/","og_site_name":"Nijerya Vizesi","article_modified_time":"2022-04-26T09:33:17+00:00","twitter_card":"summary_large_image","twitter_misc":{"Tahmini okuma s\u00fcresi":"2 dakika"},"schema":{"@context":"https:\/\/schema.org","@graph":[{"@type":"WebPage","@id":"https:\/\/www.myvize.com.tr\/nijerya\/vize-islemleri\/nijerya-turistik-vize\/","url":"https:\/\/www.myvize.com.tr\/nijerya\/vize-islemleri\/nijerya-turistik-vize\/","name":"Nijerya Turistik Vize - MyVize Vize Ba\u015fvuru Merkezi","isPartOf":{"@id":"https:\/\/www.myvize.com.tr\/nijerya\/#website"},"datePublished":"2021-06-01T09:00:01+00:00","dateModified":"2022-04-26T09:33:17+00:00","description":"Nijerya Turistik Vize i\u015flemlerine dair her \u015fey. Nijerya Turistik Vize nas\u0131l al\u0131n\u0131r? Nijerya Turistik evrak listesi 2021.","breadcrumb":{"@id":"https:\/\/www.myvize.com.tr\/nijerya\/vize-islemleri\/nijerya-turistik-vize\/#breadcrumb"},"inLanguage":"tr","potentialAction":[{"@type":"ReadAction","target":["https:\/\/www.myvize.com.tr\/nijerya\/vize-islemleri\/nijerya-turistik-vize\/"]}]},{"@type":"BreadcrumbList","@id":"https:\/\/www.myvize.com.tr\/nijerya\/vize-islemleri\/nijerya-turistik-vize\/#breadcrumb","itemListElement":[{"@type":"ListItem","position":1,"name":"Anasayfa","item":"https:\/\/www.myvize.com.tr\/nijerya\/"},{"@type":"ListItem","position":2,"name":"V\u0130ZE \u0130\u015eLEMLER\u0130","item":"https:\/\/www.myvize.com.tr\/nijerya\/vize-islemleri\/"},{"@type":"ListItem","position":3,"name":"Nijerya Turistik Vize"}]},{"@type":"WebSite","@id":"https:\/\/www.myvize.com.tr\/nijerya\/#website","url":"https:\/\/www.myvize.com.tr\/nijerya\/","name":"Nijerya Vizesi","description":"","potentialAction":[{"@type":"SearchAction","target":{"@type":"EntryPoint","urlTemplate":"https:\/\/www.myvize.com.tr\/nijerya\/?s={search_term_string}"},"query-input":{"@type":"PropertyValueSpecification","valueRequired":true,"valueName":"search_term_string"}}],"inLanguage":"tr"}]}},"_links":{"self":[{"href":"https:\/\/www.myvize.com.tr\/nijerya\/wp-json\/wp\/v2\/pages\/21","targetHints":{"allow":["GET"]}}],"collection":[{"href":"https:\/\/www.myvize.com.tr\/nijerya\/wp-json\/wp\/v2\/pages"}],"about":[{"href":"https:\/\/www.myvize.com.tr\/nijerya\/wp-json\/wp\/v2\/types\/page"}],"author":[{"embeddable":true,"href":"https:\/\/www.myvize.com.tr\/nijerya\/wp-json\/wp\/v2\/users\/1"}],"replies":[{"embeddable":true,"href":"https:\/\/www.myvize.com.tr\/nijerya\/wp-json\/wp\/v2\/comments?post=21"}],"version-history":[{"count":7,"href":"https:\/\/www.myvize.com.tr\/nijerya\/wp-json\/wp\/v2\/pages\/21\/revisions"}],"predecessor-version":[{"id":422,"href":"https:\/\/www.myvize.com.tr\/nijerya\/wp-json\/wp\/v2\/pages\/21\/revisions\/422"}],"up":[{"embeddable":true,"href":"https:\/\/www.myvize.com.tr\/nijerya\/wp-json\/wp\/v2\/pages\/18"}],"wp:attachment":[{"href":"https:\/\/www.myvize.com.tr\/nijerya\/wp-json\/wp\/v2\/media?parent=21"}],"curies":[{"name":"wp","href":"https:\/\/api.w.org\/{rel}","templated":true}]}}