{"id":271,"date":"2021-06-25T12:00:00","date_gmt":"2021-06-25T09:00:00","guid":{"rendered":"https:\/\/www.myvize.com.tr\/nijerya\/?page_id=271"},"modified":"2022-04-26T12:48:10","modified_gmt":"2022-04-26T09:48:10","slug":"nijerya-transit-vize","status":"publish","type":"page","link":"https:\/\/www.myvize.com.tr\/nijerya\/vize-islemleri\/nijerya-transit-vize\/","title":{"rendered":"Nijerya Transit Vize"},"content":{"rendered":"\n<p>Nijerya, bir Bat\u0131 Afrika \u00fclkesidir. Bir\u00e7ok Afrika \u00fclkesi gibi Nijerya giri\u015flerinde de T\u00fcrk vatanda\u015flar\u0131ndan vize talep edilmektedir. &nbsp;Nijerya\u2019y\u0131 aktarma \u00fclkesi olarak kullanacak olan vatanda\u015flar\u0131n da bu \u00fclkede giri\u015f \u00e7\u0131k\u0131\u015f yapabilmeleri i\u00e7in Nijerya transit vize ihtiyac\u0131 bulunur.&nbsp; Vatanda\u015flarda e\u011fer umumi, hizmet ya da hususi bir pasaport varsa,&nbsp;<strong>Nijerya transit vize<\/strong>&nbsp;sahibi olarak bu \u00fclkeye rahatl\u0131kla giri\u015f ve \u00e7\u0131k\u0131\u015f yapabilirler.<\/p>\n\n\n\n<p><strong>Nijerya Transit Vize Ba\u015fvurusu Nas\u0131l Yap\u0131l\u0131r?<\/strong><\/p>\n\n\n\n<p>Nijerya\u2019ya e\u011fer k\u0131sa s\u00fcreli giri\u015f ve \u00e7\u0131k\u0131\u015f yap\u0131lacaksa bunun i\u00e7in Nijerya transit vize ba\u015fvurusu yap\u0131l\u0131r. &nbsp;Nijerya vizesi i\u00e7in gerekli olan evraklar\u0131 tamamlayan vatanda\u015flar \u00fclkenin konsolosluk ve b\u00fcy\u00fckel\u00e7ili\u011fi ile ileti\u015fime ge\u00e7erek bu evraklar\u0131 ilgili birimlere ula\u015ft\u0131rabilirler.<\/p>\n\n\n\n<p>Nijerya Ankara B\u00fcy\u00fckel\u00e7ili\u011fi,&nbsp;<strong>Nijerya transit vize<\/strong>&nbsp;ba\u015fvurusunu bizzat kabul etmemektedir. Kurum sadece de\u011ferlendirmeleri incelemek ve sonuca vard\u0131rmak ile m\u00fckelleftir. Vatanda\u015flar ya\u015fad\u0131klar\u0131 \u015fehirlerde bulunan fahri konsolosluklar ya da resmi acenteler ile ileti\u015fime ge\u00e7erek resmi Nijerya transit vize ba\u015fvuru s\u00fcrecini ba\u015flatabilirler. Resmi acenteler vatanda\u015flara bu s\u00fcre\u00e7te gerekli olacak her t\u00fcrl\u00fc hizmeti vererek, vizenin al\u0131nmas\u0131nda her t\u00fcrl\u00fc deste\u011fi sa\u011flamaktad\u0131r.<\/p>\n\n\n\n<p><strong>Nijerya Transit vize Ba\u015fvuru Evraklar\u0131 Nelerdir?<\/strong><\/p>\n\n\n\n<p><strong>Nijerya transit vize&nbsp;<\/strong>ba\u015fvurusu yapacak olan vatanda\u015flar\u0131n haz\u0131r bulundurmas\u0131 gereken evraklar;<\/p>\n\n\n\n<ul class=\"wp-block-list\"><li>6 ay ge\u00e7erli pasaport,<\/li><li>2 adet g\u00fcncel biyometrik foto\u011fraf,<\/li><li>Vize ba\u015fvuru formu,<\/li><li>Gidilecek as\u0131l \u00fclkeye ait vize bilgileri,<\/li><li>Konaklama ve ikamet bilgileri<\/li><\/ul>\n\n\n\n<p>\u015eeklindedir. Bu belgelere ek olarak ilave belgelerin de istenmesi s\u00f6z konusu olabilir. Vatanda\u015flar b\u00fct\u00fcn belgeleri haz\u0131rlad\u0131ktan sonra vize s\u00fcrecinin olumlu sonu\u00e7lanmas\u0131n\u0131n ard\u0131ndan Nijerya transit vize sahibi olabilir.<\/p>\n","protected":false},"excerpt":{"rendered":"<p>Nijerya, bir Bat\u0131 Afrika \u00fclkesidir. Bir\u00e7ok Afrika \u00fclkesi gibi Nijerya giri\u015flerinde de T\u00fcrk vatanda\u015flar\u0131ndan vize talep edilmektedir. &nbsp;Nijerya\u2019y\u0131 aktarma \u00fclkesi olarak kullanacak olan vatanda\u015flar\u0131n da bu \u00fclkede giri\u015f \u00e7\u0131k\u0131\u015f yapabilmeleri i\u00e7in Nijerya transit vize ihtiyac\u0131 bulunur.&nbsp; Vatanda\u015flarda e\u011fer umumi, hizmet ya da hususi bir pasaport varsa,&nbsp;Nijerya transit vize&nbsp;sahibi olarak bu \u00fclkeye rahatl\u0131kla giri\u015f ve \u00e7\u0131k\u0131\u015f<\/p>\n","protected":false},"author":1,"featured_media":0,"parent":18,"menu_order":0,"comment_status":"open","ping_status":"closed","template":"","meta":{"footnotes":""},"class_list":["post-271","page","type-page","status-publish","hentry"],"yoast_head":"<!-- This site is optimized with the Yoast SEO plugin v24.0 - https:\/\/yoast.com\/wordpress\/plugins\/seo\/ -->\n<title>Nijerya Transit Vize - Nijer Vize Ba\u015fvurusu - MyVize<\/title>\n<meta name=\"description\" content=\"Nijerya transit vizesi i\u00e7in gerekli evraklar. Nijerya transit vize ba\u015fvuru i\u015flemleri. Nijerya transit vize s\u00fcresi ka\u00e7 g\u00fcnde \u00e7\u0131kar?\" \/>\n<meta name=\"robots\" content=\"index, follow, max-snippet:-1, max-image-preview:large, max-video-preview:-1\" \/>\n<link rel=\"canonical\" href=\"https:\/\/www.myvize.com.tr\/nijerya\/vize-islemleri\/nijerya-transit-vize\/\" \/>\n<meta property=\"og:locale\" content=\"tr_TR\" \/>\n<meta property=\"og:type\" content=\"article\" \/>\n<meta property=\"og:title\" content=\"Nijerya Transit Vize - Nijer Vize Ba\u015fvurusu - MyVize\" \/>\n<meta property=\"og:description\" content=\"Nijerya transit vizesi i\u00e7in gerekli evraklar. Nijerya transit vize ba\u015fvuru i\u015flemleri. Nijerya transit vize s\u00fcresi ka\u00e7 g\u00fcnde \u00e7\u0131kar?\" \/>\n<meta property=\"og:url\" content=\"https:\/\/www.myvize.com.tr\/nijerya\/vize-islemleri\/nijerya-transit-vize\/\" \/>\n<meta property=\"og:site_name\" content=\"Nijerya Vizesi\" \/>\n<meta property=\"article:modified_time\" content=\"2022-04-26T09:48:10+00:00\" \/>\n<meta name=\"twitter:card\" content=\"summary_large_image\" \/>\n<meta name=\"twitter:label1\" content=\"Tahmini okuma s\u00fcresi\" \/>\n\t<meta name=\"twitter:data1\" content=\"1 dakika\" \/>\n<script type=\"application\/ld+json\" class=\"yoast-schema-graph\">{\"@context\":\"https:\/\/schema.org\",\"@graph\":[{\"@type\":\"WebPage\",\"@id\":\"https:\/\/www.myvize.com.tr\/nijerya\/vize-islemleri\/nijerya-transit-vize\/\",\"url\":\"https:\/\/www.myvize.com.tr\/nijerya\/vize-islemleri\/nijerya-transit-vize\/\",\"name\":\"Nijerya Transit Vize - Nijer Vize Ba\u015fvurusu - MyVize\",\"isPartOf\":{\"@id\":\"https:\/\/www.myvize.com.tr\/nijerya\/#website\"},\"datePublished\":\"2021-06-25T09:00:00+00:00\",\"dateModified\":\"2022-04-26T09:48:10+00:00\",\"description\":\"Nijerya transit vizesi i\u00e7in gerekli evraklar. Nijerya transit vize ba\u015fvuru i\u015flemleri. Nijerya transit vize s\u00fcresi ka\u00e7 g\u00fcnde \u00e7\u0131kar?\",\"breadcrumb\":{\"@id\":\"https:\/\/www.myvize.com.tr\/nijerya\/vize-islemleri\/nijerya-transit-vize\/#breadcrumb\"},\"inLanguage\":\"tr\",\"potentialAction\":[{\"@type\":\"ReadAction\",\"target\":[\"https:\/\/www.myvize.com.tr\/nijerya\/vize-islemleri\/nijerya-transit-vize\/\"]}]},{\"@type\":\"BreadcrumbList\",\"@id\":\"https:\/\/www.myvize.com.tr\/nijerya\/vize-islemleri\/nijerya-transit-vize\/#breadcrumb\",\"itemListElement\":[{\"@type\":\"ListItem\",\"position\":1,\"name\":\"Anasayfa\",\"item\":\"https:\/\/www.myvize.com.tr\/nijerya\/\"},{\"@type\":\"ListItem\",\"position\":2,\"name\":\"V\u0130ZE \u0130\u015eLEMLER\u0130\",\"item\":\"https:\/\/www.myvize.com.tr\/nijerya\/vize-islemleri\/\"},{\"@type\":\"ListItem\",\"position\":3,\"name\":\"Nijerya Transit Vize\"}]},{\"@type\":\"WebSite\",\"@id\":\"https:\/\/www.myvize.com.tr\/nijerya\/#website\",\"url\":\"https:\/\/www.myvize.com.tr\/nijerya\/\",\"name\":\"Nijerya Vizesi\",\"description\":\"\",\"potentialAction\":[{\"@type\":\"SearchAction\",\"target\":{\"@type\":\"EntryPoint\",\"urlTemplate\":\"https:\/\/www.myvize.com.tr\/nijerya\/?s={search_term_string}\"},\"query-input\":{\"@type\":\"PropertyValueSpecification\",\"valueRequired\":true,\"valueName\":\"search_term_string\"}}],\"inLanguage\":\"tr\"}]}<\/script>\n<!-- \/ Yoast SEO plugin. -->","yoast_head_json":{"title":"Nijerya Transit Vize - Nijer Vize Ba\u015fvurusu - MyVize","description":"Nijerya transit vizesi i\u00e7in gerekli evraklar. Nijerya transit vize ba\u015fvuru i\u015flemleri. Nijerya transit vize s\u00fcresi ka\u00e7 g\u00fcnde \u00e7\u0131kar?","robots":{"index":"index","follow":"follow","max-snippet":"max-snippet:-1","max-image-preview":"max-image-preview:large","max-video-preview":"max-video-preview:-1"},"canonical":"https:\/\/www.myvize.com.tr\/nijerya\/vize-islemleri\/nijerya-transit-vize\/","og_locale":"tr_TR","og_type":"article","og_title":"Nijerya Transit Vize - Nijer Vize Ba\u015fvurusu - MyVize","og_description":"Nijerya transit vizesi i\u00e7in gerekli evraklar. Nijerya transit vize ba\u015fvuru i\u015flemleri. Nijerya transit vize s\u00fcresi ka\u00e7 g\u00fcnde \u00e7\u0131kar?","og_url":"https:\/\/www.myvize.com.tr\/nijerya\/vize-islemleri\/nijerya-transit-vize\/","og_site_name":"Nijerya Vizesi","article_modified_time":"2022-04-26T09:48:10+00:00","twitter_card":"summary_large_image","twitter_misc":{"Tahmini okuma s\u00fcresi":"1 dakika"},"schema":{"@context":"https:\/\/schema.org","@graph":[{"@type":"WebPage","@id":"https:\/\/www.myvize.com.tr\/nijerya\/vize-islemleri\/nijerya-transit-vize\/","url":"https:\/\/www.myvize.com.tr\/nijerya\/vize-islemleri\/nijerya-transit-vize\/","name":"Nijerya Transit Vize - Nijer Vize Ba\u015fvurusu - MyVize","isPartOf":{"@id":"https:\/\/www.myvize.com.tr\/nijerya\/#website"},"datePublished":"2021-06-25T09:00:00+00:00","dateModified":"2022-04-26T09:48:10+00:00","description":"Nijerya transit vizesi i\u00e7in gerekli evraklar. Nijerya transit vize ba\u015fvuru i\u015flemleri. Nijerya transit vize s\u00fcresi ka\u00e7 g\u00fcnde \u00e7\u0131kar?","breadcrumb":{"@id":"https:\/\/www.myvize.com.tr\/nijerya\/vize-islemleri\/nijerya-transit-vize\/#breadcrumb"},"inLanguage":"tr","potentialAction":[{"@type":"ReadAction","target":["https:\/\/www.myvize.com.tr\/nijerya\/vize-islemleri\/nijerya-transit-vize\/"]}]},{"@type":"BreadcrumbList","@id":"https:\/\/www.myvize.com.tr\/nijerya\/vize-islemleri\/nijerya-transit-vize\/#breadcrumb","itemListElement":[{"@type":"ListItem","position":1,"name":"Anasayfa","item":"https:\/\/www.myvize.com.tr\/nijerya\/"},{"@type":"ListItem","position":2,"name":"V\u0130ZE \u0130\u015eLEMLER\u0130","item":"https:\/\/www.myvize.com.tr\/nijerya\/vize-islemleri\/"},{"@type":"ListItem","position":3,"name":"Nijerya Transit Vize"}]},{"@type":"WebSite","@id":"https:\/\/www.myvize.com.tr\/nijerya\/#website","url":"https:\/\/www.myvize.com.tr\/nijerya\/","name":"Nijerya Vizesi","description":"","potentialAction":[{"@type":"SearchAction","target":{"@type":"EntryPoint","urlTemplate":"https:\/\/www.myvize.com.tr\/nijerya\/?s={search_term_string}"},"query-input":{"@type":"PropertyValueSpecification","valueRequired":true,"valueName":"search_term_string"}}],"inLanguage":"tr"}]}},"_links":{"self":[{"href":"https:\/\/www.myvize.com.tr\/nijerya\/wp-json\/wp\/v2\/pages\/271","targetHints":{"allow":["GET"]}}],"collection":[{"href":"https:\/\/www.myvize.com.tr\/nijerya\/wp-json\/wp\/v2\/pages"}],"about":[{"href":"https:\/\/www.myvize.com.tr\/nijerya\/wp-json\/wp\/v2\/types\/page"}],"author":[{"embeddable":true,"href":"https:\/\/www.myvize.com.tr\/nijerya\/wp-json\/wp\/v2\/users\/1"}],"replies":[{"embeddable":true,"href":"https:\/\/www.myvize.com.tr\/nijerya\/wp-json\/wp\/v2\/comments?post=271"}],"version-history":[{"count":3,"href":"https:\/\/www.myvize.com.tr\/nijerya\/wp-json\/wp\/v2\/pages\/271\/revisions"}],"predecessor-version":[{"id":427,"href":"https:\/\/www.myvize.com.tr\/nijerya\/wp-json\/wp\/v2\/pages\/271\/revisions\/427"}],"up":[{"embeddable":true,"href":"https:\/\/www.myvize.com.tr\/nijerya\/wp-json\/wp\/v2\/pages\/18"}],"wp:attachment":[{"href":"https:\/\/www.myvize.com.tr\/nijerya\/wp-json\/wp\/v2\/media?parent=271"}],"curies":[{"name":"wp","href":"https:\/\/api.w.org\/{rel}","templated":true}]}}