{"id":290,"date":"2021-07-16T23:05:36","date_gmt":"2021-07-16T20:05:36","guid":{"rendered":"https:\/\/www.myvize.com.tr\/nijerya\/?page_id=290"},"modified":"2022-04-26T12:57:22","modified_gmt":"2022-04-26T09:57:22","slug":"nijer-ticari-vize-basvuru-formu","status":"publish","type":"page","link":"https:\/\/www.myvize.com.tr\/nijerya\/basvuru-formu\/nijer-ticari-vize-basvuru-formu\/","title":{"rendered":"Nijer Ticari Vize Ba\u015fvuru Formu"},"content":{"rendered":"<p><span style=\"font-family: Roboto;\"><\/span><\/p>\r\n<h2 class=\"wp-block-heading\"><strong><span style=\"font-family: Roboto; font-size: 27px;\">Nijer Ticari Vize Ba\u015fvuru Formu Hakk\u0131nda<\/span><\/strong><\/h2>\r\n<p><span style=\"font-family: Roboto; font-size: 14px;\">\r\n\r\n<\/span><\/p>\r\n<p><span style=\"font-family: Roboto; font-size: 14px;\">Nijer \u00fclkesinde ticaret yapabilmek, i\u015f g\u00f6r\u00fc\u015fmelerine ve meslek odakl\u0131 bir\u00e7ok organizasyona kat\u0131l\u0131m yapmak amac\u0131 ile ticaret vizesi al\u0131nmas\u0131 \u015fartt\u0131r.\u00a0<strong>Nijer\u00a0Ticari Vize Ba\u015fvuru Formu<\/strong>\u00a0ile ticari vize beyan\u0131nda bulunabilirsiniz. Ba\u015fvuru formu Nijer konsolosluklar\u0131ndan ve online olarak doldurulabilmektedir. Ancak online doldurulan ba\u015fvurularda kesinlikle \u00e7\u0131kt\u0131 al\u0131nmas\u0131 gerekmektedir. \u0130stenilen evraklar aras\u0131nda bu belge \u00e7ok \u00f6nem ta\u015f\u0131maktad\u0131r. Bununla birlikte <span style=\"color: #2acec2;\"><strong><a style=\"color: #2acec2;\" href=\"https:\/\/www.myvize.com.tr\/nijerya\/vize-islemleri\/nijerya-ticari-vize\/\" target=\"_blank\" rel=\"noopener\">Nijer ticari vize<\/a><\/strong><\/span> ba\u015fvurusu i\u00e7in \u00f6ncelikle \u00fclkeden i\u015f daveti mektubu gelmesi gerekir. Bu davetiye al\u0131nd\u0131ktan sonra ba\u015fvuru formu doldurularak beyanat verilmelidir. Ki\u015fisel ve mesleki unvanlar bu forum arac\u0131l\u0131\u011f\u0131 ile yetkililere sunulmal\u0131d\u0131r. Ayr\u0131ca davet eden ki\u015fi ya da kurumun bilgileri a\u00e7\u0131k\u00e7a ifade edilmesi gerekir. Elbette ki ticari vizenin olu\u015fturulabilmesi ad\u0131na seyahat niyetinize dair bilgi forumda bildirilmelidir.<\/span><\/p>\r\n<p><span style=\"font-family: Roboto; font-size: 14px;\">\r\n\r\n<\/span><\/p>\r\n<p><span style=\"font-family: Roboto; font-size: 14px;\"><strong>Nijer Ticari Vize Ba\u015fvuru Formu\u00a0<\/strong>d\u00fcr\u00fcst bir \u015fekilde haz\u0131rlanmal\u0131d\u0131r. E\u011fer bilgilerde yalan beyana rastlan\u0131rsa bu vize al\u0131m\u0131n\u0131 engelleyecektir. Ayr\u0131ca eksik evrak ve ba\u015fvuru forumunun uygunsuz olarak doldurulmas\u0131 vize reddine yol a\u00e7an etkenlerdir. Bununla birlikte form <strong>\u0130ngiliz dili<\/strong> ile doldurulmas\u0131 gerekmektedir. \u00a0Davet mektubu al\u0131nd\u0131ktan sonra i\u015flemlerin ba\u015flamas\u0131 \u00f6nemlidir. Ticari vize bir ay \u00f6ncesinden i\u015fleme sokulmas\u0131 do\u011fru bir yakla\u015f\u0131md\u0131r.\u00a0 Bu vize t\u00fcr\u00fc on be\u015f g\u00fcnde sonu\u00e7lanabilir. Ancak de\u011ferlendirme s\u00fcreci uzun oldu\u011fundan bir ay yeterli olacakt\u0131r.\u00a0 Ancak acil olarak g\u00f6r\u00fc\u015f\u00fclmesi gereken ticari durumlarda V\u0130P hizmetlerinden yararlanarak vize \u00e7\u0131k\u0131\u015f\u0131 bir g\u00fcnde sa\u011flanmas\u0131 ak\u0131ll\u0131ca olacakt\u0131r.<\/span><\/p>\r\n<p><span style=\"font-family: Roboto;\"><\/span><\/p>","protected":false},"excerpt":{"rendered":"<p>Nijer Ticari Vize Ba\u015fvuru Formu Hakk\u0131nda Nijer \u00fclkesinde ticaret yapabilmek, i\u015f g\u00f6r\u00fc\u015fmelerine ve meslek odakl\u0131 bir\u00e7ok organizasyona kat\u0131l\u0131m yapmak amac\u0131 ile ticaret vizesi al\u0131nmas\u0131 \u015fartt\u0131r.\u00a0Nijer\u00a0Ticari Vize Ba\u015fvuru Formu\u00a0ile ticari vize beyan\u0131nda bulunabilirsiniz. Ba\u015fvuru formu Nijer konsolosluklar\u0131ndan ve online olarak doldurulabilmektedir. Ancak online doldurulan ba\u015fvurularda kesinlikle \u00e7\u0131kt\u0131 al\u0131nmas\u0131 gerekmektedir. \u0130stenilen evraklar aras\u0131nda bu belge \u00e7ok \u00f6nem<\/p>\n","protected":false},"author":1,"featured_media":0,"parent":195,"menu_order":0,"comment_status":"open","ping_status":"closed","template":"","meta":{"footnotes":""},"class_list":["post-290","page","type-page","status-publish","hentry"],"yoast_head":"<!-- This site is optimized with the Yoast SEO plugin v24.0 - https:\/\/yoast.com\/wordpress\/plugins\/seo\/ -->\n<title>Nijer Ticari Vize Ba\u015fvuru Formu - Ticari Vize - MyVize<\/title>\n<meta name=\"description\" content=\"Nijer Ticari Vize Ba\u015fvuru Formu nas\u0131l doldurulur? Nijer Ticari Vize Ba\u015fvuru Formu 2022 g\u00fcncel bilgileri. Bilgi \u0130\u00e7in Aray\u0131n: 0850 346 84 93\" \/>\n<meta name=\"robots\" content=\"index, follow, max-snippet:-1, max-image-preview:large, max-video-preview:-1\" \/>\n<link rel=\"canonical\" href=\"https:\/\/www.myvize.com.tr\/nijerya\/basvuru-formu\/nijer-ticari-vize-basvuru-formu\/\" \/>\n<meta property=\"og:locale\" content=\"tr_TR\" \/>\n<meta property=\"og:type\" content=\"article\" \/>\n<meta property=\"og:title\" content=\"Nijer Ticari Vize Ba\u015fvuru Formu - Ticari Vize - MyVize\" \/>\n<meta property=\"og:description\" content=\"Nijer Ticari Vize Ba\u015fvuru Formu nas\u0131l doldurulur? Nijer Ticari Vize Ba\u015fvuru Formu 2022 g\u00fcncel bilgileri. Bilgi \u0130\u00e7in Aray\u0131n: 0850 346 84 93\" \/>\n<meta property=\"og:url\" content=\"https:\/\/www.myvize.com.tr\/nijerya\/basvuru-formu\/nijer-ticari-vize-basvuru-formu\/\" \/>\n<meta property=\"og:site_name\" content=\"Nijerya Vizesi\" \/>\n<meta property=\"article:modified_time\" content=\"2022-04-26T09:57:22+00:00\" \/>\n<meta name=\"twitter:card\" content=\"summary_large_image\" \/>\n<meta name=\"twitter:label1\" content=\"Tahmini okuma s\u00fcresi\" \/>\n\t<meta name=\"twitter:data1\" content=\"1 dakika\" \/>\n<script type=\"application\/ld+json\" class=\"yoast-schema-graph\">{\"@context\":\"https:\/\/schema.org\",\"@graph\":[{\"@type\":\"WebPage\",\"@id\":\"https:\/\/www.myvize.com.tr\/nijerya\/basvuru-formu\/nijer-ticari-vize-basvuru-formu\/\",\"url\":\"https:\/\/www.myvize.com.tr\/nijerya\/basvuru-formu\/nijer-ticari-vize-basvuru-formu\/\",\"name\":\"Nijer Ticari Vize Ba\u015fvuru Formu - Ticari Vize - MyVize\",\"isPartOf\":{\"@id\":\"https:\/\/www.myvize.com.tr\/nijerya\/#website\"},\"datePublished\":\"2021-07-16T20:05:36+00:00\",\"dateModified\":\"2022-04-26T09:57:22+00:00\",\"description\":\"Nijer Ticari Vize Ba\u015fvuru Formu nas\u0131l doldurulur? Nijer Ticari Vize Ba\u015fvuru Formu 2022 g\u00fcncel bilgileri. Bilgi \u0130\u00e7in Aray\u0131n: 0850 346 84 93\",\"breadcrumb\":{\"@id\":\"https:\/\/www.myvize.com.tr\/nijerya\/basvuru-formu\/nijer-ticari-vize-basvuru-formu\/#breadcrumb\"},\"inLanguage\":\"tr\",\"potentialAction\":[{\"@type\":\"ReadAction\",\"target\":[\"https:\/\/www.myvize.com.tr\/nijerya\/basvuru-formu\/nijer-ticari-vize-basvuru-formu\/\"]}]},{\"@type\":\"BreadcrumbList\",\"@id\":\"https:\/\/www.myvize.com.tr\/nijerya\/basvuru-formu\/nijer-ticari-vize-basvuru-formu\/#breadcrumb\",\"itemListElement\":[{\"@type\":\"ListItem\",\"position\":1,\"name\":\"Anasayfa\",\"item\":\"https:\/\/www.myvize.com.tr\/nijerya\/\"},{\"@type\":\"ListItem\",\"position\":2,\"name\":\"BA\u015eVURU FORMU\",\"item\":\"https:\/\/www.myvize.com.tr\/nijerya\/basvuru-formu\/\"},{\"@type\":\"ListItem\",\"position\":3,\"name\":\"Nijer Ticari Vize Ba\u015fvuru Formu\"}]},{\"@type\":\"WebSite\",\"@id\":\"https:\/\/www.myvize.com.tr\/nijerya\/#website\",\"url\":\"https:\/\/www.myvize.com.tr\/nijerya\/\",\"name\":\"Nijerya Vizesi\",\"description\":\"\",\"potentialAction\":[{\"@type\":\"SearchAction\",\"target\":{\"@type\":\"EntryPoint\",\"urlTemplate\":\"https:\/\/www.myvize.com.tr\/nijerya\/?s={search_term_string}\"},\"query-input\":{\"@type\":\"PropertyValueSpecification\",\"valueRequired\":true,\"valueName\":\"search_term_string\"}}],\"inLanguage\":\"tr\"}]}<\/script>\n<!-- \/ Yoast SEO plugin. -->","yoast_head_json":{"title":"Nijer Ticari Vize Ba\u015fvuru Formu - Ticari Vize - MyVize","description":"Nijer Ticari Vize Ba\u015fvuru Formu nas\u0131l doldurulur? Nijer Ticari Vize Ba\u015fvuru Formu 2022 g\u00fcncel bilgileri. Bilgi \u0130\u00e7in Aray\u0131n: 0850 346 84 93","robots":{"index":"index","follow":"follow","max-snippet":"max-snippet:-1","max-image-preview":"max-image-preview:large","max-video-preview":"max-video-preview:-1"},"canonical":"https:\/\/www.myvize.com.tr\/nijerya\/basvuru-formu\/nijer-ticari-vize-basvuru-formu\/","og_locale":"tr_TR","og_type":"article","og_title":"Nijer Ticari Vize Ba\u015fvuru Formu - Ticari Vize - MyVize","og_description":"Nijer Ticari Vize Ba\u015fvuru Formu nas\u0131l doldurulur? Nijer Ticari Vize Ba\u015fvuru Formu 2022 g\u00fcncel bilgileri. Bilgi \u0130\u00e7in Aray\u0131n: 0850 346 84 93","og_url":"https:\/\/www.myvize.com.tr\/nijerya\/basvuru-formu\/nijer-ticari-vize-basvuru-formu\/","og_site_name":"Nijerya Vizesi","article_modified_time":"2022-04-26T09:57:22+00:00","twitter_card":"summary_large_image","twitter_misc":{"Tahmini okuma s\u00fcresi":"1 dakika"},"schema":{"@context":"https:\/\/schema.org","@graph":[{"@type":"WebPage","@id":"https:\/\/www.myvize.com.tr\/nijerya\/basvuru-formu\/nijer-ticari-vize-basvuru-formu\/","url":"https:\/\/www.myvize.com.tr\/nijerya\/basvuru-formu\/nijer-ticari-vize-basvuru-formu\/","name":"Nijer Ticari Vize Ba\u015fvuru Formu - Ticari Vize - MyVize","isPartOf":{"@id":"https:\/\/www.myvize.com.tr\/nijerya\/#website"},"datePublished":"2021-07-16T20:05:36+00:00","dateModified":"2022-04-26T09:57:22+00:00","description":"Nijer Ticari Vize Ba\u015fvuru Formu nas\u0131l doldurulur? Nijer Ticari Vize Ba\u015fvuru Formu 2022 g\u00fcncel bilgileri. Bilgi \u0130\u00e7in Aray\u0131n: 0850 346 84 93","breadcrumb":{"@id":"https:\/\/www.myvize.com.tr\/nijerya\/basvuru-formu\/nijer-ticari-vize-basvuru-formu\/#breadcrumb"},"inLanguage":"tr","potentialAction":[{"@type":"ReadAction","target":["https:\/\/www.myvize.com.tr\/nijerya\/basvuru-formu\/nijer-ticari-vize-basvuru-formu\/"]}]},{"@type":"BreadcrumbList","@id":"https:\/\/www.myvize.com.tr\/nijerya\/basvuru-formu\/nijer-ticari-vize-basvuru-formu\/#breadcrumb","itemListElement":[{"@type":"ListItem","position":1,"name":"Anasayfa","item":"https:\/\/www.myvize.com.tr\/nijerya\/"},{"@type":"ListItem","position":2,"name":"BA\u015eVURU FORMU","item":"https:\/\/www.myvize.com.tr\/nijerya\/basvuru-formu\/"},{"@type":"ListItem","position":3,"name":"Nijer Ticari Vize Ba\u015fvuru Formu"}]},{"@type":"WebSite","@id":"https:\/\/www.myvize.com.tr\/nijerya\/#website","url":"https:\/\/www.myvize.com.tr\/nijerya\/","name":"Nijerya Vizesi","description":"","potentialAction":[{"@type":"SearchAction","target":{"@type":"EntryPoint","urlTemplate":"https:\/\/www.myvize.com.tr\/nijerya\/?s={search_term_string}"},"query-input":{"@type":"PropertyValueSpecification","valueRequired":true,"valueName":"search_term_string"}}],"inLanguage":"tr"}]}},"_links":{"self":[{"href":"https:\/\/www.myvize.com.tr\/nijerya\/wp-json\/wp\/v2\/pages\/290","targetHints":{"allow":["GET"]}}],"collection":[{"href":"https:\/\/www.myvize.com.tr\/nijerya\/wp-json\/wp\/v2\/pages"}],"about":[{"href":"https:\/\/www.myvize.com.tr\/nijerya\/wp-json\/wp\/v2\/types\/page"}],"author":[{"embeddable":true,"href":"https:\/\/www.myvize.com.tr\/nijerya\/wp-json\/wp\/v2\/users\/1"}],"replies":[{"embeddable":true,"href":"https:\/\/www.myvize.com.tr\/nijerya\/wp-json\/wp\/v2\/comments?post=290"}],"version-history":[{"count":3,"href":"https:\/\/www.myvize.com.tr\/nijerya\/wp-json\/wp\/v2\/pages\/290\/revisions"}],"predecessor-version":[{"id":432,"href":"https:\/\/www.myvize.com.tr\/nijerya\/wp-json\/wp\/v2\/pages\/290\/revisions\/432"}],"up":[{"embeddable":true,"href":"https:\/\/www.myvize.com.tr\/nijerya\/wp-json\/wp\/v2\/pages\/195"}],"wp:attachment":[{"href":"https:\/\/www.myvize.com.tr\/nijerya\/wp-json\/wp\/v2\/media?parent=290"}],"curies":[{"name":"wp","href":"https:\/\/api.w.org\/{rel}","templated":true}]}}