{"id":35,"date":"2020-11-30T12:44:42","date_gmt":"2020-11-30T09:44:42","guid":{"rendered":"https:\/\/www.myvize.com.tr\/nijerya\/?page_id=35"},"modified":"2022-04-26T12:39:18","modified_gmt":"2022-04-26T09:39:18","slug":"nijerya-ticari-vize","status":"publish","type":"page","link":"https:\/\/www.myvize.com.tr\/nijerya\/vize-islemleri\/nijerya-ticari-vize\/","title":{"rendered":"Nijerya Ticari Vize"},"content":{"rendered":"<p><span style=\"font-family: Roboto;\"><\/span><\/p>\r\n<h2 class=\"wp-block-heading\" style=\"font-size: 27px;\"><span style=\"font-family: Roboto;\"><strong>Nijerya Ticari Vize Nas\u0131l Al\u0131n\u0131r?<\/strong><\/span><\/h2>\r\n<p><span style=\"font-family: Roboto;\">\r\n\r\n<\/span><\/p>\r\n<p style=\"font-size: 14px;\"><span style=\"font-family: Roboto;\">D\u00fcnyan\u0131n \u00e7ok \u00e7e\u015fitli yerlerinde ticaret yapmak bir\u00e7ok \u015firket i\u00e7in olduk\u00e7a \u00f6nemli bir \u015fey diyebiliriz. \u00c7\u00fcnk\u00fc bu durum s\u00f6z konusu \u015firketin ne denli b\u00fcy\u00fck oldu\u011funu, bunun yan\u0131nda ne kadar b\u00fcy\u00fck bir potansiyele sahip oldu\u011funu g\u00f6sterecektir. Tabi ki de uzun d\u00f6nemli d\u00fc\u015f\u00fcn\u00fcld\u00fc\u011f\u00fcnde \u00e7ok verimsiz bir \u00fclkeye yat\u0131r\u0131m yapmak sa\u00e7ma olacakt\u0131r ancak bu konuda \u00f6n yarg\u0131l\u0131 olmakta \u00e7ok yanl\u0131\u015f. Bug\u00fcn konu edinece\u011fimiz Nijerya bir\u00e7ok a\u00e7\u0131dan bak\u0131ld\u0131\u011f\u0131nda \u00f6n yarg\u0131l\u0131 olmaya \u00e7ok m\u00fcsait ancak \u00e7o\u011funlukla bu \u00fclkenin iyi bir potansiyele sahip oldu\u011fu biliniyor. <strong>Nijerya Ticari Vize Almak\u00a0<\/strong>i\u00e7in giri\u015fimler yapmak bu a\u00e7\u0131dan bak\u0131ld\u0131\u011f\u0131nda \u00e7ok mant\u0131kl\u0131 ve anla\u015f\u0131labilir \u015feyler. Bunun fark\u0131nda olmak ve bu \u00fclkedeki potansiyeli kullanmak i\u00e7in h\u0131zl\u0131 davranmak mant\u0131kl\u0131 olacakt\u0131r.<\/span><\/p>\r\n<p><span style=\"font-family: Roboto;\">\r\n\r\n<\/span><\/p>\r\n<blockquote class=\"wp-block-quote is-style-default is-layout-flow wp-block-quote-is-layout-flow\">\r\n<p><span style=\"font-family: Roboto;\"><strong><a href=\"https:\/\/www.myvize.com.tr\/nijerya\/vize-islemleri\/nijerya-vizesi\/\" target=\"_blank\" rel=\"noreferrer noopener\"><span class=\"has-inline-color\" style=\"color: #2acec2;\">Nijerya Vizesi<\/span><\/a><\/strong><\/span><\/p>\r\n<\/blockquote>\r\n<p><span style=\"font-family: Roboto;\">\r\n\r\n<\/span><\/p>\r\n<h2 class=\"wp-block-heading\" style=\"font-size: 27px;\"><span style=\"font-family: Roboto;\"><strong>Nijerya Ticari Vize Al\u0131rken Dikkat Edilmesi Gerekenler<\/strong><\/span><\/h2>\r\n<p><span style=\"font-family: Roboto;\">\r\n\r\n<\/span><\/p>\r\n<p style=\"font-size: 14px;\"><span style=\"font-family: Roboto;\"><strong>Nijerya\u2019dan ticari vize<\/strong> almaya karar verdiyseniz yapman\u0131z gereken ilk \u015fey tabi ki de vize randevusu almakt\u0131r. <span style=\"color: #2acec2;\"><strong><a style=\"color: #2acec2;\" href=\"https:\/\/www.myvize.com.tr\/nijerya\/vize-islemleri\/nijerya-vize-randevusu\/\" target=\"_blank\" rel=\"noopener\">Nijerya Vize randevusu <\/a><\/strong><\/span>almad\u0131\u011f\u0131n\u0131z takdir de s\u00fcreci ba\u015flatamazs\u0131n\u0131z. Tabi ki de bu s\u00fcre\u00e7leri daha detayl\u0131 bir \u015fekilde \u00f6\u011frenmek i\u00e7in konsolosluk ile yak\u0131n temas halinde olman\u0131z \u00e7ok daha mant\u0131kl\u0131 bir davran\u0131\u015f olacakt\u0131r. Ancak \u00f6zet ge\u00e7mek gerekirse ilk ad\u0131m olarak randevu almak devam\u0131ndaysa bu randevu s\u00fcresi gelmeden \u00f6nce evraklar\u0131 haz\u0131rlamak gerekir. Tabi ki de evraklar\u0131 haz\u0131rlama s\u00fcreci devam ederken olduk\u00e7a titiz bir tav\u0131r g\u00f6stermek \u015fart. Bunun yan\u0131nda t\u00fcm bu s\u00fcre\u00e7lerin tamam\u0131nda \u00f6zel bir dikkate sahip olmak sizin i\u00e7in \u00e7ok ak\u0131ll\u0131ca olacakt\u0131r \u00e7\u00fcnk\u00fc bu s\u00fcre\u00e7 tamamlanmadan hemen \u00f6nce bile sorunlar \u00e7\u0131kabilir ve sizi ma\u011fdur edebilir. Bu tip bir ma\u011fduriyet ya\u015famaktan kimse memnun olmayacakt\u0131r.<\/span><\/p>\r\n<p><span style=\"font-family: Roboto;\">\r\n\r\n<\/span><span class=\"is-layout-flow wp-block-quote-is-layout-flow\" style=\"font-family: Roboto;\">\r\n\r\n<\/span><\/p>\r\n<h2 class=\"wp-block-heading\" style=\"font-size: 27px;\"><span style=\"font-family: Roboto;\"><strong>My Vize Arac\u0131l\u0131\u011f\u0131yla Nijerya Ticari Vize<\/strong><\/span><\/h2>\r\n<p><span style=\"font-family: Roboto;\">\r\n\r\n<\/span><\/p>\r\n<p style=\"font-size: 14px;\"><span style=\"font-family: Roboto;\">\u00c7e\u015fitli vize alma arac\u0131l\u0131\u011f\u0131 yapan kurumlarla ileti\u015fim kurmak ve bu kurumlar\u0131 iyi bir \u015fekilde g\u00f6zden ge\u00e7irmek son derece mant\u0131kl\u0131 ve yap\u0131lmas\u0131 gereken hareketlerin ba\u015f\u0131nda geliyor. <strong>Uzun vadeli bir vize alma<\/strong> tecr\u00fcbesi pe\u015findeyseniz bu tip kurumlarla \u00e7al\u0131\u015fman\u0131z mant\u0131kl\u0131 de\u011fil. Ancak vizeyi tek bir defal\u0131\u011f\u0131na almak istiyorsan\u0131z ya da belirli bir \u00fccret \u00f6deyerek yard\u0131m almak sizi rahats\u0131z etmiyorsa My<strong> Vize Arac\u0131l\u0131\u011f\u0131yla Nijerya Ticari Vizesi Almak\u00a0<\/strong>mant\u0131kl\u0131 ve ak\u0131lc\u0131 bir hareket olacakt\u0131r. T\u00fcm bunlar\u0131n yan\u0131nda s\u00fcre\u00e7 i\u00e7erisinde \u00e7\u0131kabilecek olan problemleri \u00f6nceden kestirmeleri ve siz bunlarla kar\u015f\u0131la\u015fmadan bu sorunlar\u0131 engellemeleri, evraklar\u0131n\u0131zda sorun olup olmad\u0131\u011f\u0131n\u0131 en iyi \u015fekilde kontrol etmeleri gibi \u00e7ok olumlu \u00f6zellikleri oldu\u011funu da bilmelisiniz. \u00c7\u00fcnk\u00fc s\u00fcre\u00e7 i\u00e7erisinde bu tip ekstralar sizin i\u015finizi \u00e7ok kolayla\u015ft\u0131racakt\u0131r.<\/span><\/p>\r\n<p><span style=\"font-family: Roboto;\"><\/span><\/p>","protected":false},"excerpt":{"rendered":"<p>Nijerya Ticari Vize Nas\u0131l Al\u0131n\u0131r? D\u00fcnyan\u0131n \u00e7ok \u00e7e\u015fitli yerlerinde ticaret yapmak bir\u00e7ok \u015firket i\u00e7in olduk\u00e7a \u00f6nemli bir \u015fey diyebiliriz. \u00c7\u00fcnk\u00fc bu durum s\u00f6z konusu \u015firketin ne denli b\u00fcy\u00fck oldu\u011funu, bunun yan\u0131nda ne kadar b\u00fcy\u00fck bir potansiyele sahip oldu\u011funu g\u00f6sterecektir. Tabi ki de uzun d\u00f6nemli d\u00fc\u015f\u00fcn\u00fcld\u00fc\u011f\u00fcnde \u00e7ok verimsiz bir \u00fclkeye yat\u0131r\u0131m yapmak sa\u00e7ma olacakt\u0131r ancak bu<\/p>\n","protected":false},"author":1,"featured_media":0,"parent":18,"menu_order":0,"comment_status":"open","ping_status":"closed","template":"","meta":{"footnotes":""},"class_list":["post-35","page","type-page","status-publish","hentry"],"yoast_head":"<!-- This site is optimized with the Yoast SEO plugin v24.0 - https:\/\/yoast.com\/wordpress\/plugins\/seo\/ -->\n<title>Nijerya Ticari Vize - My Vize Profesyonel Vize Hizmetleri<\/title>\n<meta name=\"description\" content=\"Nijerya ticari vizesi evrak listesi. Nijerya ticari vize randevusu nas\u0131l al\u0131n\u0131r? Vize ile ihtiyac\u0131n\u0131z olan t\u00fcm bilgi bu sayfada.\" \/>\n<meta name=\"robots\" content=\"index, follow, max-snippet:-1, max-image-preview:large, max-video-preview:-1\" \/>\n<link rel=\"canonical\" href=\"https:\/\/www.myvize.com.tr\/nijerya\/vize-islemleri\/nijerya-ticari-vize\/\" \/>\n<meta property=\"og:locale\" content=\"tr_TR\" \/>\n<meta property=\"og:type\" content=\"article\" \/>\n<meta property=\"og:title\" content=\"Nijerya Ticari Vize - My Vize Profesyonel Vize Hizmetleri\" \/>\n<meta property=\"og:description\" content=\"Nijerya ticari vizesi evrak listesi. Nijerya ticari vize randevusu nas\u0131l al\u0131n\u0131r? Vize ile ihtiyac\u0131n\u0131z olan t\u00fcm bilgi bu sayfada.\" \/>\n<meta property=\"og:url\" content=\"https:\/\/www.myvize.com.tr\/nijerya\/vize-islemleri\/nijerya-ticari-vize\/\" \/>\n<meta property=\"og:site_name\" content=\"Nijerya Vizesi\" \/>\n<meta property=\"article:modified_time\" content=\"2022-04-26T09:39:18+00:00\" \/>\n<meta name=\"twitter:card\" content=\"summary_large_image\" \/>\n<meta name=\"twitter:label1\" content=\"Tahmini okuma s\u00fcresi\" \/>\n\t<meta name=\"twitter:data1\" content=\"2 dakika\" \/>\n<script type=\"application\/ld+json\" class=\"yoast-schema-graph\">{\"@context\":\"https:\/\/schema.org\",\"@graph\":[{\"@type\":\"WebPage\",\"@id\":\"https:\/\/www.myvize.com.tr\/nijerya\/vize-islemleri\/nijerya-ticari-vize\/\",\"url\":\"https:\/\/www.myvize.com.tr\/nijerya\/vize-islemleri\/nijerya-ticari-vize\/\",\"name\":\"Nijerya Ticari Vize - My Vize Profesyonel Vize Hizmetleri\",\"isPartOf\":{\"@id\":\"https:\/\/www.myvize.com.tr\/nijerya\/#website\"},\"datePublished\":\"2020-11-30T09:44:42+00:00\",\"dateModified\":\"2022-04-26T09:39:18+00:00\",\"description\":\"Nijerya ticari vizesi evrak listesi. Nijerya ticari vize randevusu nas\u0131l al\u0131n\u0131r? Vize ile ihtiyac\u0131n\u0131z olan t\u00fcm bilgi bu sayfada.\",\"breadcrumb\":{\"@id\":\"https:\/\/www.myvize.com.tr\/nijerya\/vize-islemleri\/nijerya-ticari-vize\/#breadcrumb\"},\"inLanguage\":\"tr\",\"potentialAction\":[{\"@type\":\"ReadAction\",\"target\":[\"https:\/\/www.myvize.com.tr\/nijerya\/vize-islemleri\/nijerya-ticari-vize\/\"]}]},{\"@type\":\"BreadcrumbList\",\"@id\":\"https:\/\/www.myvize.com.tr\/nijerya\/vize-islemleri\/nijerya-ticari-vize\/#breadcrumb\",\"itemListElement\":[{\"@type\":\"ListItem\",\"position\":1,\"name\":\"Anasayfa\",\"item\":\"https:\/\/www.myvize.com.tr\/nijerya\/\"},{\"@type\":\"ListItem\",\"position\":2,\"name\":\"V\u0130ZE \u0130\u015eLEMLER\u0130\",\"item\":\"https:\/\/www.myvize.com.tr\/nijerya\/vize-islemleri\/\"},{\"@type\":\"ListItem\",\"position\":3,\"name\":\"Nijerya Ticari Vize\"}]},{\"@type\":\"WebSite\",\"@id\":\"https:\/\/www.myvize.com.tr\/nijerya\/#website\",\"url\":\"https:\/\/www.myvize.com.tr\/nijerya\/\",\"name\":\"Nijerya Vizesi\",\"description\":\"\",\"potentialAction\":[{\"@type\":\"SearchAction\",\"target\":{\"@type\":\"EntryPoint\",\"urlTemplate\":\"https:\/\/www.myvize.com.tr\/nijerya\/?s={search_term_string}\"},\"query-input\":{\"@type\":\"PropertyValueSpecification\",\"valueRequired\":true,\"valueName\":\"search_term_string\"}}],\"inLanguage\":\"tr\"}]}<\/script>\n<!-- \/ Yoast SEO plugin. -->","yoast_head_json":{"title":"Nijerya Ticari Vize - My Vize Profesyonel Vize Hizmetleri","description":"Nijerya ticari vizesi evrak listesi. Nijerya ticari vize randevusu nas\u0131l al\u0131n\u0131r? Vize ile ihtiyac\u0131n\u0131z olan t\u00fcm bilgi bu sayfada.","robots":{"index":"index","follow":"follow","max-snippet":"max-snippet:-1","max-image-preview":"max-image-preview:large","max-video-preview":"max-video-preview:-1"},"canonical":"https:\/\/www.myvize.com.tr\/nijerya\/vize-islemleri\/nijerya-ticari-vize\/","og_locale":"tr_TR","og_type":"article","og_title":"Nijerya Ticari Vize - My Vize Profesyonel Vize Hizmetleri","og_description":"Nijerya ticari vizesi evrak listesi. Nijerya ticari vize randevusu nas\u0131l al\u0131n\u0131r? Vize ile ihtiyac\u0131n\u0131z olan t\u00fcm bilgi bu sayfada.","og_url":"https:\/\/www.myvize.com.tr\/nijerya\/vize-islemleri\/nijerya-ticari-vize\/","og_site_name":"Nijerya Vizesi","article_modified_time":"2022-04-26T09:39:18+00:00","twitter_card":"summary_large_image","twitter_misc":{"Tahmini okuma s\u00fcresi":"2 dakika"},"schema":{"@context":"https:\/\/schema.org","@graph":[{"@type":"WebPage","@id":"https:\/\/www.myvize.com.tr\/nijerya\/vize-islemleri\/nijerya-ticari-vize\/","url":"https:\/\/www.myvize.com.tr\/nijerya\/vize-islemleri\/nijerya-ticari-vize\/","name":"Nijerya Ticari Vize - My Vize Profesyonel Vize Hizmetleri","isPartOf":{"@id":"https:\/\/www.myvize.com.tr\/nijerya\/#website"},"datePublished":"2020-11-30T09:44:42+00:00","dateModified":"2022-04-26T09:39:18+00:00","description":"Nijerya ticari vizesi evrak listesi. Nijerya ticari vize randevusu nas\u0131l al\u0131n\u0131r? Vize ile ihtiyac\u0131n\u0131z olan t\u00fcm bilgi bu sayfada.","breadcrumb":{"@id":"https:\/\/www.myvize.com.tr\/nijerya\/vize-islemleri\/nijerya-ticari-vize\/#breadcrumb"},"inLanguage":"tr","potentialAction":[{"@type":"ReadAction","target":["https:\/\/www.myvize.com.tr\/nijerya\/vize-islemleri\/nijerya-ticari-vize\/"]}]},{"@type":"BreadcrumbList","@id":"https:\/\/www.myvize.com.tr\/nijerya\/vize-islemleri\/nijerya-ticari-vize\/#breadcrumb","itemListElement":[{"@type":"ListItem","position":1,"name":"Anasayfa","item":"https:\/\/www.myvize.com.tr\/nijerya\/"},{"@type":"ListItem","position":2,"name":"V\u0130ZE \u0130\u015eLEMLER\u0130","item":"https:\/\/www.myvize.com.tr\/nijerya\/vize-islemleri\/"},{"@type":"ListItem","position":3,"name":"Nijerya Ticari Vize"}]},{"@type":"WebSite","@id":"https:\/\/www.myvize.com.tr\/nijerya\/#website","url":"https:\/\/www.myvize.com.tr\/nijerya\/","name":"Nijerya Vizesi","description":"","potentialAction":[{"@type":"SearchAction","target":{"@type":"EntryPoint","urlTemplate":"https:\/\/www.myvize.com.tr\/nijerya\/?s={search_term_string}"},"query-input":{"@type":"PropertyValueSpecification","valueRequired":true,"valueName":"search_term_string"}}],"inLanguage":"tr"}]}},"_links":{"self":[{"href":"https:\/\/www.myvize.com.tr\/nijerya\/wp-json\/wp\/v2\/pages\/35","targetHints":{"allow":["GET"]}}],"collection":[{"href":"https:\/\/www.myvize.com.tr\/nijerya\/wp-json\/wp\/v2\/pages"}],"about":[{"href":"https:\/\/www.myvize.com.tr\/nijerya\/wp-json\/wp\/v2\/types\/page"}],"author":[{"embeddable":true,"href":"https:\/\/www.myvize.com.tr\/nijerya\/wp-json\/wp\/v2\/users\/1"}],"replies":[{"embeddable":true,"href":"https:\/\/www.myvize.com.tr\/nijerya\/wp-json\/wp\/v2\/comments?post=35"}],"version-history":[{"count":6,"href":"https:\/\/www.myvize.com.tr\/nijerya\/wp-json\/wp\/v2\/pages\/35\/revisions"}],"predecessor-version":[{"id":425,"href":"https:\/\/www.myvize.com.tr\/nijerya\/wp-json\/wp\/v2\/pages\/35\/revisions\/425"}],"up":[{"embeddable":true,"href":"https:\/\/www.myvize.com.tr\/nijerya\/wp-json\/wp\/v2\/pages\/18"}],"wp:attachment":[{"href":"https:\/\/www.myvize.com.tr\/nijerya\/wp-json\/wp\/v2\/media?parent=35"}],"curies":[{"name":"wp","href":"https:\/\/api.w.org\/{rel}","templated":true}]}}