{"id":39,"date":"2020-11-30T12:46:14","date_gmt":"2020-11-30T09:46:14","guid":{"rendered":"https:\/\/www.myvize.com.tr\/nijerya\/?page_id=39"},"modified":"2022-04-26T12:52:03","modified_gmt":"2022-04-26T09:52:03","slug":"nijerya-vize-randevusu","status":"publish","type":"page","link":"https:\/\/www.myvize.com.tr\/nijerya\/vize-islemleri\/nijerya-vize-randevusu\/","title":{"rendered":"Nijerya Vize Randevusu"},"content":{"rendered":"<p><span style=\"font-family: Roboto;\"><\/span><\/p>\r\n<p><span style=\"font-family: Roboto; font-size: 14px;\">Nijer vize ba\u015fvurusunda bulunmak isteyen ki\u015filerin\u00a0<strong>Nijer vize randevusu\u00a0<\/strong>almalar\u0131 gerekmektedir.\u00a0<strong>Nijer vize i\u015flemleri<\/strong>\u00a0Nijer Ankara B\u00fcy\u00fckel\u00e7ili\u011fi taraf\u0131ndan y\u00fcr\u00fct\u00fclmektedir.\u00a0<strong>Nijer vize randevusu<\/strong>\u00a0almadan \u00f6nce Nijer vize tipini belirlemeniz gerekir. Nijer b\u00fcy\u00fckel\u00e7ili\u011finin web sitesinden bilgisayar\u0131n\u0131za indirip \u00e7\u0131kt\u0131s\u0131n\u0131 alaca\u011f\u0131n\u0131z\u00a0<strong>Nijer vize ba\u015fvuru formu<\/strong>, uygun oldu\u011funuz vize tipine g\u00f6re dikkatlice doldurulmal\u0131d\u0131r. <strong>Nijer k\u0131sa s\u00fcreli vize<\/strong> ba\u015fvuru\u015f yapmak i\u00e7in se\u00e7ebilece\u011finiz 2 tip vize vard\u0131r:<\/span><\/p>\r\n<p><span style=\"font-family: Roboto; font-size: 14px;\">\r\n\r\n<\/span><\/p>\r\n<p><span style=\"font-family: Roboto; font-size: 14px;\"><strong>Ticari Nijer Vizesi<\/strong>\u00a0\u2013 K\u0131sa s\u00fcreli ticaret vizesidir. \u0130\u015f i\u00e7in Nijer\u2019e gidiyorsan\u0131z ve Nijer\u2019de en fazla 90 g\u00fcn kalacaksan\u0131z bu vize tipine ba\u015fvurmal\u0131s\u0131n\u0131z.<\/span><\/p>\r\n<p><span style=\"font-family: Roboto; font-size: 14px;\">\r\n\r\n<\/span><\/p>\r\n<p><span style=\"font-family: Roboto; font-size: 14px;\"><strong>Turistik Nijer Vizesi<\/strong>\u00a0\u2013 K\u0131sa s\u00fcreli turist vizesidir. Nijer\u2019de turistik, fuar, gezi, arkada\u015f ziyareti gibi nedenler i\u00e7in ben fazla 90 g\u00fcn kalacaksan\u0131z bu vize tipine ba\u015fvurmal\u0131s\u0131n\u0131z.<\/span><\/p>\r\n<p><span style=\"font-family: Roboto; font-size: 14px;\">\r\n\r\n<\/span><\/p>\r\n<h2 class=\"wp-block-heading\"><span style=\"font-family: Roboto; font-size: 27px;\"><strong>Nijer Vize Randevusu Nas\u0131l Al\u0131n\u0131r?<\/strong><\/span><\/h2>\r\n<p><span style=\"font-family: Roboto; font-size: 14px;\">\r\n\r\n<\/span><\/p>\r\n<p><span style=\"font-family: Roboto; font-size: 14px;\"><strong>Nijer vize randevusu,<\/strong> Nijer\u2019e ilk kez seyahat edecek ki\u015filer i\u00e7in parmak izi ve biometrik foto\u011fraflar\u0131n\u0131n al\u0131nmas\u0131 i\u00e7in verilen bir randevudur. Son 5 y\u0131l i\u00e7inde <span style=\"color: #2acec2;\"><strong><a style=\"color: #2acec2;\" href=\"https:\/\/www.myvize.com.tr\/nijerya\/vize-islemleri\/nijerya-vizesi\/\" target=\"_blank\" rel=\"noopener\">Nijer vizesi<\/a><\/strong><\/span> alm\u0131\u015f olan ki\u015filerin randevular\u0131na \u015fahsen gitmeleri zorunlu de\u011fildir. Bu ki\u015filer gerekli belge ve evraklar\u0131n\u0131 ve vek\u00e2letnamelerini vize dan\u0131\u015fmanl\u0131k kurumlar\u0131na ve acentelerine teslim ederek Nijer vize ba\u015fvuru i\u015flemlerini uzaktan ger\u00e7ekle\u015ftirebilmektedir.\u00a0<strong>Nijer vize randevusu<\/strong>, Nijer Ankara B\u00fcy\u00fckel\u00e7ili\u011fini 09:00 ile 17:00 saatleri aras\u0131nda telefonla arayarak veya Nijer Ankara B\u00fcy\u00fckel\u00e7ili\u011finin internet sitesinden online olarak al\u0131nmaktad\u0131r.\u00a0<strong>Nijer vize randevusu<\/strong>\u00a0almak i\u00e7in Nijer vize \u00fccretini Nijer B\u00fcy\u00fckel\u00e7ili\u011finin resmi web sitesindeki konsolosluk (consular) b\u00f6l\u00fcm\u00fcndeki vize k\u0131sm\u0131nda yazan hesap numaras\u0131na yat\u0131r\u0131lmas\u0131 gerekmektedir.<\/span><\/p>\r\n<p><span style=\"font-family: Roboto;\"><\/span><\/p>","protected":false},"excerpt":{"rendered":"<p>Nijer vize ba\u015fvurusunda bulunmak isteyen ki\u015filerin\u00a0Nijer vize randevusu\u00a0almalar\u0131 gerekmektedir.\u00a0Nijer vize i\u015flemleri\u00a0Nijer Ankara B\u00fcy\u00fckel\u00e7ili\u011fi taraf\u0131ndan y\u00fcr\u00fct\u00fclmektedir.\u00a0Nijer vize randevusu\u00a0almadan \u00f6nce Nijer vize tipini belirlemeniz gerekir. Nijer b\u00fcy\u00fckel\u00e7ili\u011finin web sitesinden bilgisayar\u0131n\u0131za indirip \u00e7\u0131kt\u0131s\u0131n\u0131 alaca\u011f\u0131n\u0131z\u00a0Nijer vize ba\u015fvuru formu, uygun oldu\u011funuz vize tipine g\u00f6re dikkatlice doldurulmal\u0131d\u0131r. Nijer k\u0131sa s\u00fcreli vize ba\u015fvuru\u015f yapmak i\u00e7in se\u00e7ebilece\u011finiz 2 tip vize vard\u0131r: Ticari Nijer<\/p>\n","protected":false},"author":1,"featured_media":0,"parent":18,"menu_order":0,"comment_status":"open","ping_status":"closed","template":"","meta":{"footnotes":""},"class_list":["post-39","page","type-page","status-publish","hentry"],"yoast_head":"<!-- This site is optimized with the Yoast SEO plugin v24.0 - https:\/\/yoast.com\/wordpress\/plugins\/seo\/ -->\n<title>Nijerya Vize Randevusu - My Vize Profesyonel Vize Hizmetleri<\/title>\n<meta name=\"description\" content=\"Nijerya vize randevusu i\u00e7in ileti\u015fim. Nijerya vize randevusu i\u00e7in g\u00f6rsel anlat\u0131m ve detayl\u0131 bilgiler i\u00e7in sayfam\u0131z\u0131 ziyaret edebilirsiniz.\" \/>\n<meta name=\"robots\" content=\"index, follow, max-snippet:-1, max-image-preview:large, max-video-preview:-1\" \/>\n<link rel=\"canonical\" href=\"https:\/\/www.myvize.com.tr\/nijerya\/vize-islemleri\/nijerya-vize-randevusu\/\" \/>\n<meta property=\"og:locale\" content=\"tr_TR\" \/>\n<meta property=\"og:type\" content=\"article\" \/>\n<meta property=\"og:title\" content=\"Nijerya Vize Randevusu - My Vize Profesyonel Vize Hizmetleri\" \/>\n<meta property=\"og:description\" content=\"Nijerya vize randevusu i\u00e7in ileti\u015fim. Nijerya vize randevusu i\u00e7in g\u00f6rsel anlat\u0131m ve detayl\u0131 bilgiler i\u00e7in sayfam\u0131z\u0131 ziyaret edebilirsiniz.\" \/>\n<meta property=\"og:url\" content=\"https:\/\/www.myvize.com.tr\/nijerya\/vize-islemleri\/nijerya-vize-randevusu\/\" \/>\n<meta property=\"og:site_name\" content=\"Nijerya Vizesi\" \/>\n<meta property=\"article:modified_time\" content=\"2022-04-26T09:52:03+00:00\" \/>\n<meta name=\"twitter:card\" content=\"summary_large_image\" \/>\n<meta name=\"twitter:label1\" content=\"Tahmini okuma s\u00fcresi\" \/>\n\t<meta name=\"twitter:data1\" content=\"1 dakika\" \/>\n<script type=\"application\/ld+json\" class=\"yoast-schema-graph\">{\"@context\":\"https:\/\/schema.org\",\"@graph\":[{\"@type\":\"WebPage\",\"@id\":\"https:\/\/www.myvize.com.tr\/nijerya\/vize-islemleri\/nijerya-vize-randevusu\/\",\"url\":\"https:\/\/www.myvize.com.tr\/nijerya\/vize-islemleri\/nijerya-vize-randevusu\/\",\"name\":\"Nijerya Vize Randevusu - My Vize Profesyonel Vize Hizmetleri\",\"isPartOf\":{\"@id\":\"https:\/\/www.myvize.com.tr\/nijerya\/#website\"},\"datePublished\":\"2020-11-30T09:46:14+00:00\",\"dateModified\":\"2022-04-26T09:52:03+00:00\",\"description\":\"Nijerya vize randevusu i\u00e7in ileti\u015fim. Nijerya vize randevusu i\u00e7in g\u00f6rsel anlat\u0131m ve detayl\u0131 bilgiler i\u00e7in sayfam\u0131z\u0131 ziyaret edebilirsiniz.\",\"breadcrumb\":{\"@id\":\"https:\/\/www.myvize.com.tr\/nijerya\/vize-islemleri\/nijerya-vize-randevusu\/#breadcrumb\"},\"inLanguage\":\"tr\",\"potentialAction\":[{\"@type\":\"ReadAction\",\"target\":[\"https:\/\/www.myvize.com.tr\/nijerya\/vize-islemleri\/nijerya-vize-randevusu\/\"]}]},{\"@type\":\"BreadcrumbList\",\"@id\":\"https:\/\/www.myvize.com.tr\/nijerya\/vize-islemleri\/nijerya-vize-randevusu\/#breadcrumb\",\"itemListElement\":[{\"@type\":\"ListItem\",\"position\":1,\"name\":\"Anasayfa\",\"item\":\"https:\/\/www.myvize.com.tr\/nijerya\/\"},{\"@type\":\"ListItem\",\"position\":2,\"name\":\"V\u0130ZE \u0130\u015eLEMLER\u0130\",\"item\":\"https:\/\/www.myvize.com.tr\/nijerya\/vize-islemleri\/\"},{\"@type\":\"ListItem\",\"position\":3,\"name\":\"Nijerya Vize Randevusu\"}]},{\"@type\":\"WebSite\",\"@id\":\"https:\/\/www.myvize.com.tr\/nijerya\/#website\",\"url\":\"https:\/\/www.myvize.com.tr\/nijerya\/\",\"name\":\"Nijerya Vizesi\",\"description\":\"\",\"potentialAction\":[{\"@type\":\"SearchAction\",\"target\":{\"@type\":\"EntryPoint\",\"urlTemplate\":\"https:\/\/www.myvize.com.tr\/nijerya\/?s={search_term_string}\"},\"query-input\":{\"@type\":\"PropertyValueSpecification\",\"valueRequired\":true,\"valueName\":\"search_term_string\"}}],\"inLanguage\":\"tr\"}]}<\/script>\n<!-- \/ Yoast SEO plugin. -->","yoast_head_json":{"title":"Nijerya Vize Randevusu - My Vize Profesyonel Vize Hizmetleri","description":"Nijerya vize randevusu i\u00e7in ileti\u015fim. Nijerya vize randevusu i\u00e7in g\u00f6rsel anlat\u0131m ve detayl\u0131 bilgiler i\u00e7in sayfam\u0131z\u0131 ziyaret edebilirsiniz.","robots":{"index":"index","follow":"follow","max-snippet":"max-snippet:-1","max-image-preview":"max-image-preview:large","max-video-preview":"max-video-preview:-1"},"canonical":"https:\/\/www.myvize.com.tr\/nijerya\/vize-islemleri\/nijerya-vize-randevusu\/","og_locale":"tr_TR","og_type":"article","og_title":"Nijerya Vize Randevusu - My Vize Profesyonel Vize Hizmetleri","og_description":"Nijerya vize randevusu i\u00e7in ileti\u015fim. Nijerya vize randevusu i\u00e7in g\u00f6rsel anlat\u0131m ve detayl\u0131 bilgiler i\u00e7in sayfam\u0131z\u0131 ziyaret edebilirsiniz.","og_url":"https:\/\/www.myvize.com.tr\/nijerya\/vize-islemleri\/nijerya-vize-randevusu\/","og_site_name":"Nijerya Vizesi","article_modified_time":"2022-04-26T09:52:03+00:00","twitter_card":"summary_large_image","twitter_misc":{"Tahmini okuma s\u00fcresi":"1 dakika"},"schema":{"@context":"https:\/\/schema.org","@graph":[{"@type":"WebPage","@id":"https:\/\/www.myvize.com.tr\/nijerya\/vize-islemleri\/nijerya-vize-randevusu\/","url":"https:\/\/www.myvize.com.tr\/nijerya\/vize-islemleri\/nijerya-vize-randevusu\/","name":"Nijerya Vize Randevusu - My Vize Profesyonel Vize Hizmetleri","isPartOf":{"@id":"https:\/\/www.myvize.com.tr\/nijerya\/#website"},"datePublished":"2020-11-30T09:46:14+00:00","dateModified":"2022-04-26T09:52:03+00:00","description":"Nijerya vize randevusu i\u00e7in ileti\u015fim. Nijerya vize randevusu i\u00e7in g\u00f6rsel anlat\u0131m ve detayl\u0131 bilgiler i\u00e7in sayfam\u0131z\u0131 ziyaret edebilirsiniz.","breadcrumb":{"@id":"https:\/\/www.myvize.com.tr\/nijerya\/vize-islemleri\/nijerya-vize-randevusu\/#breadcrumb"},"inLanguage":"tr","potentialAction":[{"@type":"ReadAction","target":["https:\/\/www.myvize.com.tr\/nijerya\/vize-islemleri\/nijerya-vize-randevusu\/"]}]},{"@type":"BreadcrumbList","@id":"https:\/\/www.myvize.com.tr\/nijerya\/vize-islemleri\/nijerya-vize-randevusu\/#breadcrumb","itemListElement":[{"@type":"ListItem","position":1,"name":"Anasayfa","item":"https:\/\/www.myvize.com.tr\/nijerya\/"},{"@type":"ListItem","position":2,"name":"V\u0130ZE \u0130\u015eLEMLER\u0130","item":"https:\/\/www.myvize.com.tr\/nijerya\/vize-islemleri\/"},{"@type":"ListItem","position":3,"name":"Nijerya Vize Randevusu"}]},{"@type":"WebSite","@id":"https:\/\/www.myvize.com.tr\/nijerya\/#website","url":"https:\/\/www.myvize.com.tr\/nijerya\/","name":"Nijerya Vizesi","description":"","potentialAction":[{"@type":"SearchAction","target":{"@type":"EntryPoint","urlTemplate":"https:\/\/www.myvize.com.tr\/nijerya\/?s={search_term_string}"},"query-input":{"@type":"PropertyValueSpecification","valueRequired":true,"valueName":"search_term_string"}}],"inLanguage":"tr"}]}},"_links":{"self":[{"href":"https:\/\/www.myvize.com.tr\/nijerya\/wp-json\/wp\/v2\/pages\/39","targetHints":{"allow":["GET"]}}],"collection":[{"href":"https:\/\/www.myvize.com.tr\/nijerya\/wp-json\/wp\/v2\/pages"}],"about":[{"href":"https:\/\/www.myvize.com.tr\/nijerya\/wp-json\/wp\/v2\/types\/page"}],"author":[{"embeddable":true,"href":"https:\/\/www.myvize.com.tr\/nijerya\/wp-json\/wp\/v2\/users\/1"}],"replies":[{"embeddable":true,"href":"https:\/\/www.myvize.com.tr\/nijerya\/wp-json\/wp\/v2\/comments?post=39"}],"version-history":[{"count":6,"href":"https:\/\/www.myvize.com.tr\/nijerya\/wp-json\/wp\/v2\/pages\/39\/revisions"}],"predecessor-version":[{"id":429,"href":"https:\/\/www.myvize.com.tr\/nijerya\/wp-json\/wp\/v2\/pages\/39\/revisions\/429"}],"up":[{"embeddable":true,"href":"https:\/\/www.myvize.com.tr\/nijerya\/wp-json\/wp\/v2\/pages\/18"}],"wp:attachment":[{"href":"https:\/\/www.myvize.com.tr\/nijerya\/wp-json\/wp\/v2\/media?parent=39"}],"curies":[{"name":"wp","href":"https:\/\/api.w.org\/{rel}","templated":true}]}}