{"id":51,"date":"2020-11-30T12:49:31","date_gmt":"2020-11-30T09:49:31","guid":{"rendered":"https:\/\/www.myvize.com.tr\/nijerya\/?page_id=51"},"modified":"2022-01-19T12:53:01","modified_gmt":"2022-01-19T09:53:01","slug":"nijerya-vatandaslik-islemleri","status":"publish","type":"page","link":"https:\/\/www.myvize.com.tr\/nijerya\/vize-islemleri\/nijerya-vatandaslik-islemleri\/","title":{"rendered":"Nijerya Vatanda\u015fl\u0131k \u0130\u015flemleri"},"content":{"rendered":"\n<h2 class=\"wp-block-heading\"><strong>Nijerya Vatanda\u015fl\u0131k \u0130\u015flemleri Hakk\u0131nda<\/strong><\/h2>\n","protected":false},"excerpt":{"rendered":"<p>Nijerya Vatanda\u015fl\u0131k \u0130\u015flemleri Hakk\u0131nda<\/p>\n","protected":false},"author":1,"featured_media":0,"parent":18,"menu_order":0,"comment_status":"open","ping_status":"closed","template":"","meta":{"footnotes":""},"class_list":["post-51","page","type-page","status-publish","hentry"],"yoast_head":"<!-- This site is optimized with the Yoast SEO plugin v24.0 - https:\/\/yoast.com\/wordpress\/plugins\/seo\/ -->\n<title>Nijerya Vatanda\u015fl\u0131k \u0130\u015flemleri - Nijerya Vatanda\u015fl\u0131k - MyVize<\/title>\n<meta name=\"description\" content=\"Nijerya vatanda\u015fl\u0131\u011f\u0131 ba\u015fvuru belgeleri. Nijerya vatanda\u015fl\u0131\u011f\u0131 i\u00e7in gerekli \u015fartlar. Nijerya vatanda\u015fl\u0131k i\u015flemleri nelerdir?\" \/>\n<meta name=\"robots\" content=\"index, follow, max-snippet:-1, max-image-preview:large, max-video-preview:-1\" \/>\n<link rel=\"canonical\" href=\"https:\/\/www.myvize.com.tr\/nijerya\/vize-islemleri\/nijerya-vatandaslik-islemleri\/\" \/>\n<meta property=\"og:locale\" content=\"tr_TR\" \/>\n<meta property=\"og:type\" content=\"article\" \/>\n<meta property=\"og:title\" content=\"Nijerya Vatanda\u015fl\u0131k \u0130\u015flemleri - Nijerya Vatanda\u015fl\u0131k - MyVize\" \/>\n<meta property=\"og:description\" content=\"Nijerya vatanda\u015fl\u0131\u011f\u0131 ba\u015fvuru belgeleri. Nijerya vatanda\u015fl\u0131\u011f\u0131 i\u00e7in gerekli \u015fartlar. Nijerya vatanda\u015fl\u0131k i\u015flemleri nelerdir?\" \/>\n<meta property=\"og:url\" content=\"https:\/\/www.myvize.com.tr\/nijerya\/vize-islemleri\/nijerya-vatandaslik-islemleri\/\" \/>\n<meta property=\"og:site_name\" content=\"Nijerya Vizesi\" \/>\n<meta property=\"article:modified_time\" content=\"2022-01-19T09:53:01+00:00\" \/>\n<meta name=\"twitter:card\" content=\"summary_large_image\" \/>\n<meta name=\"twitter:label1\" content=\"Tahmini okuma s\u00fcresi\" \/>\n\t<meta name=\"twitter:data1\" content=\"1 dakika\" \/>\n<script type=\"application\/ld+json\" class=\"yoast-schema-graph\">{\"@context\":\"https:\/\/schema.org\",\"@graph\":[{\"@type\":\"WebPage\",\"@id\":\"https:\/\/www.myvize.com.tr\/nijerya\/vize-islemleri\/nijerya-vatandaslik-islemleri\/\",\"url\":\"https:\/\/www.myvize.com.tr\/nijerya\/vize-islemleri\/nijerya-vatandaslik-islemleri\/\",\"name\":\"Nijerya Vatanda\u015fl\u0131k \u0130\u015flemleri - Nijerya Vatanda\u015fl\u0131k - MyVize\",\"isPartOf\":{\"@id\":\"https:\/\/www.myvize.com.tr\/nijerya\/#website\"},\"datePublished\":\"2020-11-30T09:49:31+00:00\",\"dateModified\":\"2022-01-19T09:53:01+00:00\",\"description\":\"Nijerya vatanda\u015fl\u0131\u011f\u0131 ba\u015fvuru belgeleri. Nijerya vatanda\u015fl\u0131\u011f\u0131 i\u00e7in gerekli \u015fartlar. Nijerya vatanda\u015fl\u0131k i\u015flemleri nelerdir?\",\"breadcrumb\":{\"@id\":\"https:\/\/www.myvize.com.tr\/nijerya\/vize-islemleri\/nijerya-vatandaslik-islemleri\/#breadcrumb\"},\"inLanguage\":\"tr\",\"potentialAction\":[{\"@type\":\"ReadAction\",\"target\":[\"https:\/\/www.myvize.com.tr\/nijerya\/vize-islemleri\/nijerya-vatandaslik-islemleri\/\"]}]},{\"@type\":\"BreadcrumbList\",\"@id\":\"https:\/\/www.myvize.com.tr\/nijerya\/vize-islemleri\/nijerya-vatandaslik-islemleri\/#breadcrumb\",\"itemListElement\":[{\"@type\":\"ListItem\",\"position\":1,\"name\":\"Anasayfa\",\"item\":\"https:\/\/www.myvize.com.tr\/nijerya\/\"},{\"@type\":\"ListItem\",\"position\":2,\"name\":\"V\u0130ZE \u0130\u015eLEMLER\u0130\",\"item\":\"https:\/\/www.myvize.com.tr\/nijerya\/vize-islemleri\/\"},{\"@type\":\"ListItem\",\"position\":3,\"name\":\"Nijerya Vatanda\u015fl\u0131k \u0130\u015flemleri\"}]},{\"@type\":\"WebSite\",\"@id\":\"https:\/\/www.myvize.com.tr\/nijerya\/#website\",\"url\":\"https:\/\/www.myvize.com.tr\/nijerya\/\",\"name\":\"Nijerya Vizesi\",\"description\":\"\",\"potentialAction\":[{\"@type\":\"SearchAction\",\"target\":{\"@type\":\"EntryPoint\",\"urlTemplate\":\"https:\/\/www.myvize.com.tr\/nijerya\/?s={search_term_string}\"},\"query-input\":{\"@type\":\"PropertyValueSpecification\",\"valueRequired\":true,\"valueName\":\"search_term_string\"}}],\"inLanguage\":\"tr\"}]}<\/script>\n<!-- \/ Yoast SEO plugin. -->","yoast_head_json":{"title":"Nijerya Vatanda\u015fl\u0131k \u0130\u015flemleri - Nijerya Vatanda\u015fl\u0131k - MyVize","description":"Nijerya vatanda\u015fl\u0131\u011f\u0131 ba\u015fvuru belgeleri. Nijerya vatanda\u015fl\u0131\u011f\u0131 i\u00e7in gerekli \u015fartlar. Nijerya vatanda\u015fl\u0131k i\u015flemleri nelerdir?","robots":{"index":"index","follow":"follow","max-snippet":"max-snippet:-1","max-image-preview":"max-image-preview:large","max-video-preview":"max-video-preview:-1"},"canonical":"https:\/\/www.myvize.com.tr\/nijerya\/vize-islemleri\/nijerya-vatandaslik-islemleri\/","og_locale":"tr_TR","og_type":"article","og_title":"Nijerya Vatanda\u015fl\u0131k \u0130\u015flemleri - Nijerya Vatanda\u015fl\u0131k - MyVize","og_description":"Nijerya vatanda\u015fl\u0131\u011f\u0131 ba\u015fvuru belgeleri. Nijerya vatanda\u015fl\u0131\u011f\u0131 i\u00e7in gerekli \u015fartlar. Nijerya vatanda\u015fl\u0131k i\u015flemleri nelerdir?","og_url":"https:\/\/www.myvize.com.tr\/nijerya\/vize-islemleri\/nijerya-vatandaslik-islemleri\/","og_site_name":"Nijerya Vizesi","article_modified_time":"2022-01-19T09:53:01+00:00","twitter_card":"summary_large_image","twitter_misc":{"Tahmini okuma s\u00fcresi":"1 dakika"},"schema":{"@context":"https:\/\/schema.org","@graph":[{"@type":"WebPage","@id":"https:\/\/www.myvize.com.tr\/nijerya\/vize-islemleri\/nijerya-vatandaslik-islemleri\/","url":"https:\/\/www.myvize.com.tr\/nijerya\/vize-islemleri\/nijerya-vatandaslik-islemleri\/","name":"Nijerya Vatanda\u015fl\u0131k \u0130\u015flemleri - Nijerya Vatanda\u015fl\u0131k - MyVize","isPartOf":{"@id":"https:\/\/www.myvize.com.tr\/nijerya\/#website"},"datePublished":"2020-11-30T09:49:31+00:00","dateModified":"2022-01-19T09:53:01+00:00","description":"Nijerya vatanda\u015fl\u0131\u011f\u0131 ba\u015fvuru belgeleri. Nijerya vatanda\u015fl\u0131\u011f\u0131 i\u00e7in gerekli \u015fartlar. Nijerya vatanda\u015fl\u0131k i\u015flemleri nelerdir?","breadcrumb":{"@id":"https:\/\/www.myvize.com.tr\/nijerya\/vize-islemleri\/nijerya-vatandaslik-islemleri\/#breadcrumb"},"inLanguage":"tr","potentialAction":[{"@type":"ReadAction","target":["https:\/\/www.myvize.com.tr\/nijerya\/vize-islemleri\/nijerya-vatandaslik-islemleri\/"]}]},{"@type":"BreadcrumbList","@id":"https:\/\/www.myvize.com.tr\/nijerya\/vize-islemleri\/nijerya-vatandaslik-islemleri\/#breadcrumb","itemListElement":[{"@type":"ListItem","position":1,"name":"Anasayfa","item":"https:\/\/www.myvize.com.tr\/nijerya\/"},{"@type":"ListItem","position":2,"name":"V\u0130ZE \u0130\u015eLEMLER\u0130","item":"https:\/\/www.myvize.com.tr\/nijerya\/vize-islemleri\/"},{"@type":"ListItem","position":3,"name":"Nijerya Vatanda\u015fl\u0131k \u0130\u015flemleri"}]},{"@type":"WebSite","@id":"https:\/\/www.myvize.com.tr\/nijerya\/#website","url":"https:\/\/www.myvize.com.tr\/nijerya\/","name":"Nijerya Vizesi","description":"","potentialAction":[{"@type":"SearchAction","target":{"@type":"EntryPoint","urlTemplate":"https:\/\/www.myvize.com.tr\/nijerya\/?s={search_term_string}"},"query-input":{"@type":"PropertyValueSpecification","valueRequired":true,"valueName":"search_term_string"}}],"inLanguage":"tr"}]}},"_links":{"self":[{"href":"https:\/\/www.myvize.com.tr\/nijerya\/wp-json\/wp\/v2\/pages\/51","targetHints":{"allow":["GET"]}}],"collection":[{"href":"https:\/\/www.myvize.com.tr\/nijerya\/wp-json\/wp\/v2\/pages"}],"about":[{"href":"https:\/\/www.myvize.com.tr\/nijerya\/wp-json\/wp\/v2\/types\/page"}],"author":[{"embeddable":true,"href":"https:\/\/www.myvize.com.tr\/nijerya\/wp-json\/wp\/v2\/users\/1"}],"replies":[{"embeddable":true,"href":"https:\/\/www.myvize.com.tr\/nijerya\/wp-json\/wp\/v2\/comments?post=51"}],"version-history":[{"count":6,"href":"https:\/\/www.myvize.com.tr\/nijerya\/wp-json\/wp\/v2\/pages\/51\/revisions"}],"predecessor-version":[{"id":353,"href":"https:\/\/www.myvize.com.tr\/nijerya\/wp-json\/wp\/v2\/pages\/51\/revisions\/353"}],"up":[{"embeddable":true,"href":"https:\/\/www.myvize.com.tr\/nijerya\/wp-json\/wp\/v2\/pages\/18"}],"wp:attachment":[{"href":"https:\/\/www.myvize.com.tr\/nijerya\/wp-json\/wp\/v2\/media?parent=51"}],"curies":[{"name":"wp","href":"https:\/\/api.w.org\/{rel}","templated":true}]}}