{"id":72,"date":"2020-11-30T12:59:09","date_gmt":"2020-11-30T09:59:09","guid":{"rendered":"https:\/\/www.myvize.com.tr\/nijerya\/?page_id=72"},"modified":"2022-04-26T13:09:29","modified_gmt":"2022-04-26T10:09:29","slug":"ankara-buyukelciligi","status":"publish","type":"page","link":"https:\/\/www.myvize.com.tr\/nijerya\/konsolosluklar\/ankara-buyukelciligi\/","title":{"rendered":"Ankara B\u00fcy\u00fckel\u00e7ili\u011fi"},"content":{"rendered":"\n<p>Nijer Ankara konsoloslu\u011fu, Nijer vatanda\u015flar\u0131n T\u00fcrkiye s\u0131n\u0131rlar\u0131 i\u00e7erisinde daha refah ve huzurlu bir \u015fekilde ya\u015fayabilmeleri ad\u0131na gerek sosyal gerekse hukuki her t\u00fcrl\u00fc haklar\u0131n\u0131n korunmas\u0131nda etkilidir.&nbsp;&nbsp;<strong>Nijer&nbsp;<\/strong><a><strong>konsoloslu\u011fu vize<\/strong><\/a>ba\u015fvurular\u0131n\u0131n her \u00fclke vatanda\u015flar\u0131n\u0131 ad\u0131na kabul etmektedir. Her t\u00fcrl\u00fc vize i\u015flemlerinizi \u00e7abucak i\u015fleme koyan konsolosluk s\u00fcrecinin sa\u011fl\u0131kl\u0131 i\u015flemesi i\u00e7in \u00e7al\u0131\u015f\u0131r. Ancak \u015fartlar\u0131n durumuna g\u00f6re konsolosluk Nijer vizesini onaylayabilir veya reddedebilmektedir. Nijer vatanda\u015flar\u0131n\u0131n kimlik \u00e7\u0131karabilmesi veyahut yenileyebilmesi i\u00e7in konsoloslu\u011fa ba\u015fvurmalar\u0131 gerekir. Konsolosluk Nijer uyruklu vatanda\u015flar\u0131n her t\u00fcrl\u00fc resm\u00ee belgenin d\u00fczenlenmesinde etkilidir. Do\u011fum ve \u00f6l\u00fcm halinin bildirilmesi ile d\u00fczenlenen belgeler iki \u00fclkede de ge\u00e7erlilik kazan\u0131r. Ayr\u0131ca konsoloslukta evlilik ve bo\u015fanma i\u015flemlerinin de sonu\u00e7lanmas\u0131 m\u00fcmk\u00fcnd\u00fcr.<\/p>\n\n\n\n<p>Ayr\u0131ca iki \u00fclkede olu\u015fabilecek bir su\u00e7 durumunda konsolosluk devreye girmektedir. B\u00f6yle bir durumda dava takibi yapmak, olay\u0131n \u00e7\u00f6z\u00fclebilmesi i\u00e7in faaliyette bulunmak konsoloslu\u011fun g\u00f6revidir.<strong>&nbsp;Nijer&nbsp;<\/strong><a><strong>konsoloslu\u011fu telefon&nbsp;<\/strong><\/a><strong>numaras\u0131<\/strong>ile akl\u0131n\u0131zdaki sorular hakk\u0131nda bilgi alabilirsiniz. Nijer&nbsp;<a>konsoloslu\u011fu adresi<\/a>&nbsp;sayesinde resmiyet ta\u015f\u0131yan evraklar\u0131n\u0131z\u0131 posta yolu ile iletebilirsiniz. Ayr\u0131ca randevulu g\u00f6r\u00fc\u015fmelerinizde vaktince gelmeniz \u00e7ok \u00f6nemlidir.<\/p>\n","protected":false},"excerpt":{"rendered":"<p>Nijer Ankara konsoloslu\u011fu, Nijer vatanda\u015flar\u0131n T\u00fcrkiye s\u0131n\u0131rlar\u0131 i\u00e7erisinde daha refah ve huzurlu bir \u015fekilde ya\u015fayabilmeleri ad\u0131na gerek sosyal gerekse hukuki her t\u00fcrl\u00fc haklar\u0131n\u0131n korunmas\u0131nda etkilidir.&nbsp;&nbsp;Nijer&nbsp;konsoloslu\u011fu vizeba\u015fvurular\u0131n\u0131n her \u00fclke vatanda\u015flar\u0131n\u0131 ad\u0131na kabul etmektedir. Her t\u00fcrl\u00fc vize i\u015flemlerinizi \u00e7abucak i\u015fleme koyan konsolosluk s\u00fcrecinin sa\u011fl\u0131kl\u0131 i\u015flemesi i\u00e7in \u00e7al\u0131\u015f\u0131r. Ancak \u015fartlar\u0131n durumuna g\u00f6re konsolosluk Nijer vizesini onaylayabilir veya reddedebilmektedir.<\/p>\n","protected":false},"author":1,"featured_media":0,"parent":69,"menu_order":0,"comment_status":"open","ping_status":"closed","template":"","meta":{"footnotes":""},"class_list":["post-72","page","type-page","status-publish","hentry"],"yoast_head":"<!-- This site is optimized with the Yoast SEO plugin v24.0 - https:\/\/yoast.com\/wordpress\/plugins\/seo\/ -->\n<title>Nijerya B\u00fcy\u00fckel\u00e7ili\u011fi Ankara - My Vize<\/title>\n<meta name=\"description\" content=\"Nijerya B\u00fcy\u00fckel\u00e7ili\u011fi Ankara \u00e7al\u0131\u015fma saatleri. Nijerya B\u00fcy\u00fckel\u00e7ili\u011fi Ankara ula\u015f\u0131m, ileti\u015fim bilgileri ve faaliyet alan\u0131.\" \/>\n<meta name=\"robots\" content=\"index, follow, max-snippet:-1, max-image-preview:large, max-video-preview:-1\" \/>\n<link rel=\"canonical\" href=\"https:\/\/www.myvize.com.tr\/nijerya\/konsolosluklar\/ankara-buyukelciligi\/\" \/>\n<meta property=\"og:locale\" content=\"tr_TR\" \/>\n<meta property=\"og:type\" content=\"article\" \/>\n<meta property=\"og:title\" content=\"Nijerya B\u00fcy\u00fckel\u00e7ili\u011fi Ankara - My Vize\" \/>\n<meta property=\"og:description\" content=\"Nijerya B\u00fcy\u00fckel\u00e7ili\u011fi Ankara \u00e7al\u0131\u015fma saatleri. Nijerya B\u00fcy\u00fckel\u00e7ili\u011fi Ankara ula\u015f\u0131m, ileti\u015fim bilgileri ve faaliyet alan\u0131.\" \/>\n<meta property=\"og:url\" content=\"https:\/\/www.myvize.com.tr\/nijerya\/konsolosluklar\/ankara-buyukelciligi\/\" \/>\n<meta property=\"og:site_name\" content=\"Nijerya Vizesi\" \/>\n<meta property=\"article:modified_time\" content=\"2022-04-26T10:09:29+00:00\" \/>\n<meta name=\"twitter:card\" content=\"summary_large_image\" \/>\n<meta name=\"twitter:label1\" content=\"Tahmini okuma s\u00fcresi\" \/>\n\t<meta name=\"twitter:data1\" content=\"1 dakika\" \/>\n<script type=\"application\/ld+json\" class=\"yoast-schema-graph\">{\"@context\":\"https:\/\/schema.org\",\"@graph\":[{\"@type\":\"WebPage\",\"@id\":\"https:\/\/www.myvize.com.tr\/nijerya\/konsolosluklar\/ankara-buyukelciligi\/\",\"url\":\"https:\/\/www.myvize.com.tr\/nijerya\/konsolosluklar\/ankara-buyukelciligi\/\",\"name\":\"Nijerya B\u00fcy\u00fckel\u00e7ili\u011fi Ankara - My Vize\",\"isPartOf\":{\"@id\":\"https:\/\/www.myvize.com.tr\/nijerya\/#website\"},\"datePublished\":\"2020-11-30T09:59:09+00:00\",\"dateModified\":\"2022-04-26T10:09:29+00:00\",\"description\":\"Nijerya B\u00fcy\u00fckel\u00e7ili\u011fi Ankara \u00e7al\u0131\u015fma saatleri. Nijerya B\u00fcy\u00fckel\u00e7ili\u011fi Ankara ula\u015f\u0131m, ileti\u015fim bilgileri ve faaliyet alan\u0131.\",\"breadcrumb\":{\"@id\":\"https:\/\/www.myvize.com.tr\/nijerya\/konsolosluklar\/ankara-buyukelciligi\/#breadcrumb\"},\"inLanguage\":\"tr\",\"potentialAction\":[{\"@type\":\"ReadAction\",\"target\":[\"https:\/\/www.myvize.com.tr\/nijerya\/konsolosluklar\/ankara-buyukelciligi\/\"]}]},{\"@type\":\"BreadcrumbList\",\"@id\":\"https:\/\/www.myvize.com.tr\/nijerya\/konsolosluklar\/ankara-buyukelciligi\/#breadcrumb\",\"itemListElement\":[{\"@type\":\"ListItem\",\"position\":1,\"name\":\"Anasayfa\",\"item\":\"https:\/\/www.myvize.com.tr\/nijerya\/\"},{\"@type\":\"ListItem\",\"position\":2,\"name\":\"KONSOLOSLUKLAR\",\"item\":\"https:\/\/www.myvize.com.tr\/nijerya\/konsolosluklar\/\"},{\"@type\":\"ListItem\",\"position\":3,\"name\":\"Ankara B\u00fcy\u00fckel\u00e7ili\u011fi\"}]},{\"@type\":\"WebSite\",\"@id\":\"https:\/\/www.myvize.com.tr\/nijerya\/#website\",\"url\":\"https:\/\/www.myvize.com.tr\/nijerya\/\",\"name\":\"Nijerya Vizesi\",\"description\":\"\",\"potentialAction\":[{\"@type\":\"SearchAction\",\"target\":{\"@type\":\"EntryPoint\",\"urlTemplate\":\"https:\/\/www.myvize.com.tr\/nijerya\/?s={search_term_string}\"},\"query-input\":{\"@type\":\"PropertyValueSpecification\",\"valueRequired\":true,\"valueName\":\"search_term_string\"}}],\"inLanguage\":\"tr\"}]}<\/script>\n<!-- \/ Yoast SEO plugin. -->","yoast_head_json":{"title":"Nijerya B\u00fcy\u00fckel\u00e7ili\u011fi Ankara - My Vize","description":"Nijerya B\u00fcy\u00fckel\u00e7ili\u011fi Ankara \u00e7al\u0131\u015fma saatleri. Nijerya B\u00fcy\u00fckel\u00e7ili\u011fi Ankara ula\u015f\u0131m, ileti\u015fim bilgileri ve faaliyet alan\u0131.","robots":{"index":"index","follow":"follow","max-snippet":"max-snippet:-1","max-image-preview":"max-image-preview:large","max-video-preview":"max-video-preview:-1"},"canonical":"https:\/\/www.myvize.com.tr\/nijerya\/konsolosluklar\/ankara-buyukelciligi\/","og_locale":"tr_TR","og_type":"article","og_title":"Nijerya B\u00fcy\u00fckel\u00e7ili\u011fi Ankara - My Vize","og_description":"Nijerya B\u00fcy\u00fckel\u00e7ili\u011fi Ankara \u00e7al\u0131\u015fma saatleri. Nijerya B\u00fcy\u00fckel\u00e7ili\u011fi Ankara ula\u015f\u0131m, ileti\u015fim bilgileri ve faaliyet alan\u0131.","og_url":"https:\/\/www.myvize.com.tr\/nijerya\/konsolosluklar\/ankara-buyukelciligi\/","og_site_name":"Nijerya Vizesi","article_modified_time":"2022-04-26T10:09:29+00:00","twitter_card":"summary_large_image","twitter_misc":{"Tahmini okuma s\u00fcresi":"1 dakika"},"schema":{"@context":"https:\/\/schema.org","@graph":[{"@type":"WebPage","@id":"https:\/\/www.myvize.com.tr\/nijerya\/konsolosluklar\/ankara-buyukelciligi\/","url":"https:\/\/www.myvize.com.tr\/nijerya\/konsolosluklar\/ankara-buyukelciligi\/","name":"Nijerya B\u00fcy\u00fckel\u00e7ili\u011fi Ankara - My Vize","isPartOf":{"@id":"https:\/\/www.myvize.com.tr\/nijerya\/#website"},"datePublished":"2020-11-30T09:59:09+00:00","dateModified":"2022-04-26T10:09:29+00:00","description":"Nijerya B\u00fcy\u00fckel\u00e7ili\u011fi Ankara \u00e7al\u0131\u015fma saatleri. Nijerya B\u00fcy\u00fckel\u00e7ili\u011fi Ankara ula\u015f\u0131m, ileti\u015fim bilgileri ve faaliyet alan\u0131.","breadcrumb":{"@id":"https:\/\/www.myvize.com.tr\/nijerya\/konsolosluklar\/ankara-buyukelciligi\/#breadcrumb"},"inLanguage":"tr","potentialAction":[{"@type":"ReadAction","target":["https:\/\/www.myvize.com.tr\/nijerya\/konsolosluklar\/ankara-buyukelciligi\/"]}]},{"@type":"BreadcrumbList","@id":"https:\/\/www.myvize.com.tr\/nijerya\/konsolosluklar\/ankara-buyukelciligi\/#breadcrumb","itemListElement":[{"@type":"ListItem","position":1,"name":"Anasayfa","item":"https:\/\/www.myvize.com.tr\/nijerya\/"},{"@type":"ListItem","position":2,"name":"KONSOLOSLUKLAR","item":"https:\/\/www.myvize.com.tr\/nijerya\/konsolosluklar\/"},{"@type":"ListItem","position":3,"name":"Ankara B\u00fcy\u00fckel\u00e7ili\u011fi"}]},{"@type":"WebSite","@id":"https:\/\/www.myvize.com.tr\/nijerya\/#website","url":"https:\/\/www.myvize.com.tr\/nijerya\/","name":"Nijerya Vizesi","description":"","potentialAction":[{"@type":"SearchAction","target":{"@type":"EntryPoint","urlTemplate":"https:\/\/www.myvize.com.tr\/nijerya\/?s={search_term_string}"},"query-input":{"@type":"PropertyValueSpecification","valueRequired":true,"valueName":"search_term_string"}}],"inLanguage":"tr"}]}},"_links":{"self":[{"href":"https:\/\/www.myvize.com.tr\/nijerya\/wp-json\/wp\/v2\/pages\/72","targetHints":{"allow":["GET"]}}],"collection":[{"href":"https:\/\/www.myvize.com.tr\/nijerya\/wp-json\/wp\/v2\/pages"}],"about":[{"href":"https:\/\/www.myvize.com.tr\/nijerya\/wp-json\/wp\/v2\/types\/page"}],"author":[{"embeddable":true,"href":"https:\/\/www.myvize.com.tr\/nijerya\/wp-json\/wp\/v2\/users\/1"}],"replies":[{"embeddable":true,"href":"https:\/\/www.myvize.com.tr\/nijerya\/wp-json\/wp\/v2\/comments?post=72"}],"version-history":[{"count":5,"href":"https:\/\/www.myvize.com.tr\/nijerya\/wp-json\/wp\/v2\/pages\/72\/revisions"}],"predecessor-version":[{"id":435,"href":"https:\/\/www.myvize.com.tr\/nijerya\/wp-json\/wp\/v2\/pages\/72\/revisions\/435"}],"up":[{"embeddable":true,"href":"https:\/\/www.myvize.com.tr\/nijerya\/wp-json\/wp\/v2\/pages\/69"}],"wp:attachment":[{"href":"https:\/\/www.myvize.com.tr\/nijerya\/wp-json\/wp\/v2\/media?parent=72"}],"curies":[{"name":"wp","href":"https:\/\/api.w.org\/{rel}","templated":true}]}}