{"id":76,"date":"2020-11-30T13:03:06","date_gmt":"2020-11-30T10:03:06","guid":{"rendered":"https:\/\/www.myvize.com.tr\/nijerya\/?page_id=76"},"modified":"2022-04-26T13:13:33","modified_gmt":"2022-04-26T10:13:33","slug":"nijerya-istanbul-fahri-konsoloslugu","status":"publish","type":"page","link":"https:\/\/www.myvize.com.tr\/nijerya\/konsolosluklar\/nijerya-istanbul-fahri-konsoloslugu\/","title":{"rendered":"Nijerya \u0130stanbul Fahri Konsoloslu\u011fu"},"content":{"rendered":"\n<h1 class=\"wp-block-heading\">\u0130STANBUL N\u0130JERYA KONSOLOSLU\u011eU<\/h1>\n\n\n\n<p>&nbsp;&nbsp;&nbsp;&nbsp;&nbsp;&nbsp;&nbsp;&nbsp;&nbsp;&nbsp;&nbsp;&nbsp;&nbsp;&nbsp;&nbsp;&nbsp;<strong>\u0130stanbul Nijerya Konsoloslu\u011fu,&nbsp;<\/strong>T\u00fcrkiye Cumhuriyetinde ikamet eden Nijerya vatanda\u015flar\u0131na hizmet vermek bu vatanda\u015flar\u0131n resmi meselelerini halletmek ve bu i\u015fleri y\u00fcr\u00fctmekten sorumlu bir kurumdur. Sadece Nijerya vatanda\u015flar\u0131ndan sorumlu olmayan&nbsp;<strong>\u0130stanbul Nijerya Konsoloslu\u011fu&nbsp;<\/strong>ayn\u0131 zamanda T\u00fcrk vatanda\u015flar\u0131 i\u00e7in B\u00fcy\u00fckel\u00e7ilikten sonra vize ba\u015fvurusu meselesinde en yetkili kurumdur.&nbsp; T\u00fcrkiye Cumhuriyeti vatanda\u015flar\u0131 \u0130stanbul Nijerya Konsoloslu\u011funa gidip ba\u015fvurular\u0131n\u0131 yapabilirler. Her vize ba\u015fvurusu gibi bu ba\u015fvuru a\u015famas\u0131nda da formlar\u0131n\u0131 eksiksiz doldurmalar\u0131 gerekmektedir. \u0130stanbul ve \u00e7evre illerin de vize ba\u015fvurular\u0131n\u0131 kabul eden Konsolosluk bu ba\u011flamda vize ba\u015fvurular\u0131nda b\u00fcy\u00fckel\u00e7ilikten sonra en etkili ikinci kurumdur. T\u00fcrkiye Cumhuriyeti vatanda\u015flar\u0131 vize ba\u015fvurular\u0131n\u0131 yapt\u0131ktan hemen sonra 8 g\u00fcn i\u00e7erisinde ba\u015fvuru durumu belli olmaktad\u0131r. Ayr\u0131ca ba\u015fvururken formu T\u00fcrk\u00e7e de doldurma imkan\u0131n\u0131 veren bu kurum T\u00fcrk vatanda\u015flar\u0131 i\u00e7in kolayl\u0131kta sa\u011flamaktad\u0131r.<\/p>\n\n\n\n<h2 class=\"wp-block-heading\">\u0130STANBUL N\u0130JERYA KONSOLOSLU\u011eU MESA\u0130 SAATLER\u0130 KA\u00c7LA KA\u00c7 ARASIDIR?<\/h2>\n\n\n\n<p>&nbsp;&nbsp;&nbsp;&nbsp;&nbsp;&nbsp;&nbsp;&nbsp;&nbsp;&nbsp;&nbsp;&nbsp;&nbsp;&nbsp;&nbsp;&nbsp;<strong>\u0130stanbul Nijerya Konsoloslu\u011fu&nbsp;<\/strong>\u00e7al\u0131\u015fma saatleri hafta i\u00e7i her g\u00fcn 9.00 ve 17.00 aras\u0131ndad\u0131r. Hafta sonu hizmet veremeyen kurum resmi tatillerde de hizmet vermemektedir. Sadece T\u00fcrkiye Cumhuriyeti resmi tatillerinde de\u011fil Nijerya resmi tatillerinde de hizmet veremeyen \u0130stanbul Nijerya Konsoloslu\u011fu bu d\u00f6nemlerde de kapal\u0131d\u0131r.<\/p>\n","protected":false},"excerpt":{"rendered":"<p>\u0130STANBUL N\u0130JERYA KONSOLOSLU\u011eU &nbsp;&nbsp;&nbsp;&nbsp;&nbsp;&nbsp;&nbsp;&nbsp;&nbsp;&nbsp;&nbsp;&nbsp;&nbsp;&nbsp;&nbsp;&nbsp;\u0130stanbul Nijerya Konsoloslu\u011fu,&nbsp;T\u00fcrkiye Cumhuriyetinde ikamet eden Nijerya vatanda\u015flar\u0131na hizmet vermek bu vatanda\u015flar\u0131n resmi meselelerini halletmek ve bu i\u015fleri y\u00fcr\u00fctmekten sorumlu bir kurumdur. Sadece Nijerya vatanda\u015flar\u0131ndan sorumlu olmayan&nbsp;\u0130stanbul Nijerya Konsoloslu\u011fu&nbsp;ayn\u0131 zamanda T\u00fcrk vatanda\u015flar\u0131 i\u00e7in B\u00fcy\u00fckel\u00e7ilikten sonra vize ba\u015fvurusu meselesinde en yetkili kurumdur.&nbsp; T\u00fcrkiye Cumhuriyeti vatanda\u015flar\u0131 \u0130stanbul Nijerya Konsoloslu\u011funa gidip ba\u015fvurular\u0131n\u0131 yapabilirler. Her vize<\/p>\n","protected":false},"author":1,"featured_media":0,"parent":69,"menu_order":0,"comment_status":"open","ping_status":"closed","template":"","meta":{"footnotes":""},"class_list":["post-76","page","type-page","status-publish","hentry"],"yoast_head":"<!-- This site is optimized with the Yoast SEO plugin v24.0 - https:\/\/yoast.com\/wordpress\/plugins\/seo\/ -->\n<title>Nijerya \u0130stanbul Fahri Konsoloslu\u011fu Vize \u0130\u015flemi - MyVize<\/title>\n<meta name=\"description\" content=\"Nijerya \u0130stanbul Fahri Konsoloslu\u011fu \u00e7al\u0131\u015fma saatleri. Nijerya \u0130stanbul Fahri Konsoloslu\u011fu ula\u015f\u0131m, ileti\u015fim bilgileri ve faaliyet alan\u0131.\" \/>\n<meta name=\"robots\" content=\"index, follow, max-snippet:-1, max-image-preview:large, max-video-preview:-1\" \/>\n<link rel=\"canonical\" href=\"https:\/\/www.myvize.com.tr\/nijerya\/konsolosluklar\/nijerya-istanbul-fahri-konsoloslugu\/\" \/>\n<meta property=\"og:locale\" content=\"tr_TR\" \/>\n<meta property=\"og:type\" content=\"article\" \/>\n<meta property=\"og:title\" content=\"Nijerya \u0130stanbul Fahri Konsoloslu\u011fu Vize \u0130\u015flemi - MyVize\" \/>\n<meta property=\"og:description\" content=\"Nijerya \u0130stanbul Fahri Konsoloslu\u011fu \u00e7al\u0131\u015fma saatleri. Nijerya \u0130stanbul Fahri Konsoloslu\u011fu ula\u015f\u0131m, ileti\u015fim bilgileri ve faaliyet alan\u0131.\" \/>\n<meta property=\"og:url\" content=\"https:\/\/www.myvize.com.tr\/nijerya\/konsolosluklar\/nijerya-istanbul-fahri-konsoloslugu\/\" \/>\n<meta property=\"og:site_name\" content=\"Nijerya Vizesi\" \/>\n<meta property=\"article:modified_time\" content=\"2022-04-26T10:13:33+00:00\" \/>\n<meta name=\"twitter:card\" content=\"summary_large_image\" \/>\n<meta name=\"twitter:label1\" content=\"Tahmini okuma s\u00fcresi\" \/>\n\t<meta name=\"twitter:data1\" content=\"1 dakika\" \/>\n<script type=\"application\/ld+json\" class=\"yoast-schema-graph\">{\"@context\":\"https:\/\/schema.org\",\"@graph\":[{\"@type\":\"WebPage\",\"@id\":\"https:\/\/www.myvize.com.tr\/nijerya\/konsolosluklar\/nijerya-istanbul-fahri-konsoloslugu\/\",\"url\":\"https:\/\/www.myvize.com.tr\/nijerya\/konsolosluklar\/nijerya-istanbul-fahri-konsoloslugu\/\",\"name\":\"Nijerya \u0130stanbul Fahri Konsoloslu\u011fu Vize \u0130\u015flemi - MyVize\",\"isPartOf\":{\"@id\":\"https:\/\/www.myvize.com.tr\/nijerya\/#website\"},\"datePublished\":\"2020-11-30T10:03:06+00:00\",\"dateModified\":\"2022-04-26T10:13:33+00:00\",\"description\":\"Nijerya \u0130stanbul Fahri Konsoloslu\u011fu \u00e7al\u0131\u015fma saatleri. Nijerya \u0130stanbul Fahri Konsoloslu\u011fu ula\u015f\u0131m, ileti\u015fim bilgileri ve faaliyet alan\u0131.\",\"breadcrumb\":{\"@id\":\"https:\/\/www.myvize.com.tr\/nijerya\/konsolosluklar\/nijerya-istanbul-fahri-konsoloslugu\/#breadcrumb\"},\"inLanguage\":\"tr\",\"potentialAction\":[{\"@type\":\"ReadAction\",\"target\":[\"https:\/\/www.myvize.com.tr\/nijerya\/konsolosluklar\/nijerya-istanbul-fahri-konsoloslugu\/\"]}]},{\"@type\":\"BreadcrumbList\",\"@id\":\"https:\/\/www.myvize.com.tr\/nijerya\/konsolosluklar\/nijerya-istanbul-fahri-konsoloslugu\/#breadcrumb\",\"itemListElement\":[{\"@type\":\"ListItem\",\"position\":1,\"name\":\"Anasayfa\",\"item\":\"https:\/\/www.myvize.com.tr\/nijerya\/\"},{\"@type\":\"ListItem\",\"position\":2,\"name\":\"KONSOLOSLUKLAR\",\"item\":\"https:\/\/www.myvize.com.tr\/nijerya\/konsolosluklar\/\"},{\"@type\":\"ListItem\",\"position\":3,\"name\":\"Nijerya \u0130stanbul Fahri Konsoloslu\u011fu\"}]},{\"@type\":\"WebSite\",\"@id\":\"https:\/\/www.myvize.com.tr\/nijerya\/#website\",\"url\":\"https:\/\/www.myvize.com.tr\/nijerya\/\",\"name\":\"Nijerya Vizesi\",\"description\":\"\",\"potentialAction\":[{\"@type\":\"SearchAction\",\"target\":{\"@type\":\"EntryPoint\",\"urlTemplate\":\"https:\/\/www.myvize.com.tr\/nijerya\/?s={search_term_string}\"},\"query-input\":{\"@type\":\"PropertyValueSpecification\",\"valueRequired\":true,\"valueName\":\"search_term_string\"}}],\"inLanguage\":\"tr\"}]}<\/script>\n<!-- \/ Yoast SEO plugin. -->","yoast_head_json":{"title":"Nijerya \u0130stanbul Fahri Konsoloslu\u011fu Vize \u0130\u015flemi - MyVize","description":"Nijerya \u0130stanbul Fahri Konsoloslu\u011fu \u00e7al\u0131\u015fma saatleri. Nijerya \u0130stanbul Fahri Konsoloslu\u011fu ula\u015f\u0131m, ileti\u015fim bilgileri ve faaliyet alan\u0131.","robots":{"index":"index","follow":"follow","max-snippet":"max-snippet:-1","max-image-preview":"max-image-preview:large","max-video-preview":"max-video-preview:-1"},"canonical":"https:\/\/www.myvize.com.tr\/nijerya\/konsolosluklar\/nijerya-istanbul-fahri-konsoloslugu\/","og_locale":"tr_TR","og_type":"article","og_title":"Nijerya \u0130stanbul Fahri Konsoloslu\u011fu Vize \u0130\u015flemi - MyVize","og_description":"Nijerya \u0130stanbul Fahri Konsoloslu\u011fu \u00e7al\u0131\u015fma saatleri. Nijerya \u0130stanbul Fahri Konsoloslu\u011fu ula\u015f\u0131m, ileti\u015fim bilgileri ve faaliyet alan\u0131.","og_url":"https:\/\/www.myvize.com.tr\/nijerya\/konsolosluklar\/nijerya-istanbul-fahri-konsoloslugu\/","og_site_name":"Nijerya Vizesi","article_modified_time":"2022-04-26T10:13:33+00:00","twitter_card":"summary_large_image","twitter_misc":{"Tahmini okuma s\u00fcresi":"1 dakika"},"schema":{"@context":"https:\/\/schema.org","@graph":[{"@type":"WebPage","@id":"https:\/\/www.myvize.com.tr\/nijerya\/konsolosluklar\/nijerya-istanbul-fahri-konsoloslugu\/","url":"https:\/\/www.myvize.com.tr\/nijerya\/konsolosluklar\/nijerya-istanbul-fahri-konsoloslugu\/","name":"Nijerya \u0130stanbul Fahri Konsoloslu\u011fu Vize \u0130\u015flemi - MyVize","isPartOf":{"@id":"https:\/\/www.myvize.com.tr\/nijerya\/#website"},"datePublished":"2020-11-30T10:03:06+00:00","dateModified":"2022-04-26T10:13:33+00:00","description":"Nijerya \u0130stanbul Fahri Konsoloslu\u011fu \u00e7al\u0131\u015fma saatleri. Nijerya \u0130stanbul Fahri Konsoloslu\u011fu ula\u015f\u0131m, ileti\u015fim bilgileri ve faaliyet alan\u0131.","breadcrumb":{"@id":"https:\/\/www.myvize.com.tr\/nijerya\/konsolosluklar\/nijerya-istanbul-fahri-konsoloslugu\/#breadcrumb"},"inLanguage":"tr","potentialAction":[{"@type":"ReadAction","target":["https:\/\/www.myvize.com.tr\/nijerya\/konsolosluklar\/nijerya-istanbul-fahri-konsoloslugu\/"]}]},{"@type":"BreadcrumbList","@id":"https:\/\/www.myvize.com.tr\/nijerya\/konsolosluklar\/nijerya-istanbul-fahri-konsoloslugu\/#breadcrumb","itemListElement":[{"@type":"ListItem","position":1,"name":"Anasayfa","item":"https:\/\/www.myvize.com.tr\/nijerya\/"},{"@type":"ListItem","position":2,"name":"KONSOLOSLUKLAR","item":"https:\/\/www.myvize.com.tr\/nijerya\/konsolosluklar\/"},{"@type":"ListItem","position":3,"name":"Nijerya \u0130stanbul Fahri Konsoloslu\u011fu"}]},{"@type":"WebSite","@id":"https:\/\/www.myvize.com.tr\/nijerya\/#website","url":"https:\/\/www.myvize.com.tr\/nijerya\/","name":"Nijerya Vizesi","description":"","potentialAction":[{"@type":"SearchAction","target":{"@type":"EntryPoint","urlTemplate":"https:\/\/www.myvize.com.tr\/nijerya\/?s={search_term_string}"},"query-input":{"@type":"PropertyValueSpecification","valueRequired":true,"valueName":"search_term_string"}}],"inLanguage":"tr"}]}},"_links":{"self":[{"href":"https:\/\/www.myvize.com.tr\/nijerya\/wp-json\/wp\/v2\/pages\/76","targetHints":{"allow":["GET"]}}],"collection":[{"href":"https:\/\/www.myvize.com.tr\/nijerya\/wp-json\/wp\/v2\/pages"}],"about":[{"href":"https:\/\/www.myvize.com.tr\/nijerya\/wp-json\/wp\/v2\/types\/page"}],"author":[{"embeddable":true,"href":"https:\/\/www.myvize.com.tr\/nijerya\/wp-json\/wp\/v2\/users\/1"}],"replies":[{"embeddable":true,"href":"https:\/\/www.myvize.com.tr\/nijerya\/wp-json\/wp\/v2\/comments?post=76"}],"version-history":[{"count":5,"href":"https:\/\/www.myvize.com.tr\/nijerya\/wp-json\/wp\/v2\/pages\/76\/revisions"}],"predecessor-version":[{"id":436,"href":"https:\/\/www.myvize.com.tr\/nijerya\/wp-json\/wp\/v2\/pages\/76\/revisions\/436"}],"up":[{"embeddable":true,"href":"https:\/\/www.myvize.com.tr\/nijerya\/wp-json\/wp\/v2\/pages\/69"}],"wp:attachment":[{"href":"https:\/\/www.myvize.com.tr\/nijerya\/wp-json\/wp\/v2\/media?parent=76"}],"curies":[{"name":"wp","href":"https:\/\/api.w.org\/{rel}","templated":true}]}}