{"id":84,"date":"2020-11-30T13:05:08","date_gmt":"2020-11-30T10:05:08","guid":{"rendered":"https:\/\/www.myvize.com.tr\/nijerya\/?page_id=84"},"modified":"2022-01-19T12:56:39","modified_gmt":"2022-01-19T09:56:39","slug":"trabzon-fahri-konsoloslugu","status":"publish","type":"page","link":"https:\/\/www.myvize.com.tr\/nijerya\/konsolosluklar\/trabzon-fahri-konsoloslugu\/","title":{"rendered":"Trabzon Fahri Konsoloslu\u011fu"},"content":{"rendered":"","protected":false},"excerpt":{"rendered":"","protected":false},"author":1,"featured_media":0,"parent":69,"menu_order":0,"comment_status":"open","ping_status":"closed","template":"","meta":{"footnotes":""},"class_list":["post-84","page","type-page","status-publish","hentry"],"yoast_head":"<!-- This site is optimized with the Yoast SEO plugin v24.0 - https:\/\/yoast.com\/wordpress\/plugins\/seo\/ -->\n<title>Nijerya Konsoloslu\u011fu Trabzon Vize \u0130\u015flemleri - MyVize<\/title>\n<meta name=\"description\" content=\"Nijerya Trabzon Fahri Konsoloslu\u011fu \u00e7al\u0131\u015fma saatleri. Nijerya Trabzon Fahri Konsoloslu\u011fu ula\u015f\u0131m, ileti\u015fim bilgileri ve faaliyet alan\u0131.\" \/>\n<meta name=\"robots\" content=\"index, follow, max-snippet:-1, max-image-preview:large, max-video-preview:-1\" \/>\n<link rel=\"canonical\" href=\"https:\/\/www.myvize.com.tr\/nijerya\/konsolosluklar\/trabzon-fahri-konsoloslugu\/\" \/>\n<meta property=\"og:locale\" content=\"tr_TR\" \/>\n<meta property=\"og:type\" content=\"article\" \/>\n<meta property=\"og:title\" content=\"Nijerya Konsoloslu\u011fu Trabzon Vize \u0130\u015flemleri - MyVize\" \/>\n<meta property=\"og:description\" content=\"Nijerya Trabzon Fahri Konsoloslu\u011fu \u00e7al\u0131\u015fma saatleri. Nijerya Trabzon Fahri Konsoloslu\u011fu ula\u015f\u0131m, ileti\u015fim bilgileri ve faaliyet alan\u0131.\" \/>\n<meta property=\"og:url\" content=\"https:\/\/www.myvize.com.tr\/nijerya\/konsolosluklar\/trabzon-fahri-konsoloslugu\/\" \/>\n<meta property=\"og:site_name\" content=\"Nijerya Vizesi\" \/>\n<meta property=\"article:modified_time\" content=\"2022-01-19T09:56:39+00:00\" \/>\n<meta name=\"twitter:card\" content=\"summary_large_image\" \/>\n<script type=\"application\/ld+json\" class=\"yoast-schema-graph\">{\"@context\":\"https:\/\/schema.org\",\"@graph\":[{\"@type\":\"WebPage\",\"@id\":\"https:\/\/www.myvize.com.tr\/nijerya\/konsolosluklar\/trabzon-fahri-konsoloslugu\/\",\"url\":\"https:\/\/www.myvize.com.tr\/nijerya\/konsolosluklar\/trabzon-fahri-konsoloslugu\/\",\"name\":\"Nijerya Konsoloslu\u011fu Trabzon Vize \u0130\u015flemleri - MyVize\",\"isPartOf\":{\"@id\":\"https:\/\/www.myvize.com.tr\/nijerya\/#website\"},\"datePublished\":\"2020-11-30T10:05:08+00:00\",\"dateModified\":\"2022-01-19T09:56:39+00:00\",\"description\":\"Nijerya Trabzon Fahri Konsoloslu\u011fu \u00e7al\u0131\u015fma saatleri. Nijerya Trabzon Fahri Konsoloslu\u011fu ula\u015f\u0131m, ileti\u015fim bilgileri ve faaliyet alan\u0131.\",\"breadcrumb\":{\"@id\":\"https:\/\/www.myvize.com.tr\/nijerya\/konsolosluklar\/trabzon-fahri-konsoloslugu\/#breadcrumb\"},\"inLanguage\":\"tr\",\"potentialAction\":[{\"@type\":\"ReadAction\",\"target\":[\"https:\/\/www.myvize.com.tr\/nijerya\/konsolosluklar\/trabzon-fahri-konsoloslugu\/\"]}]},{\"@type\":\"BreadcrumbList\",\"@id\":\"https:\/\/www.myvize.com.tr\/nijerya\/konsolosluklar\/trabzon-fahri-konsoloslugu\/#breadcrumb\",\"itemListElement\":[{\"@type\":\"ListItem\",\"position\":1,\"name\":\"Anasayfa\",\"item\":\"https:\/\/www.myvize.com.tr\/nijerya\/\"},{\"@type\":\"ListItem\",\"position\":2,\"name\":\"KONSOLOSLUKLAR\",\"item\":\"https:\/\/www.myvize.com.tr\/nijerya\/konsolosluklar\/\"},{\"@type\":\"ListItem\",\"position\":3,\"name\":\"Trabzon Fahri Konsoloslu\u011fu\"}]},{\"@type\":\"WebSite\",\"@id\":\"https:\/\/www.myvize.com.tr\/nijerya\/#website\",\"url\":\"https:\/\/www.myvize.com.tr\/nijerya\/\",\"name\":\"Nijerya Vizesi\",\"description\":\"\",\"potentialAction\":[{\"@type\":\"SearchAction\",\"target\":{\"@type\":\"EntryPoint\",\"urlTemplate\":\"https:\/\/www.myvize.com.tr\/nijerya\/?s={search_term_string}\"},\"query-input\":{\"@type\":\"PropertyValueSpecification\",\"valueRequired\":true,\"valueName\":\"search_term_string\"}}],\"inLanguage\":\"tr\"}]}<\/script>\n<!-- \/ Yoast SEO plugin. -->","yoast_head_json":{"title":"Nijerya Konsoloslu\u011fu Trabzon Vize \u0130\u015flemleri - MyVize","description":"Nijerya Trabzon Fahri Konsoloslu\u011fu \u00e7al\u0131\u015fma saatleri. Nijerya Trabzon Fahri Konsoloslu\u011fu ula\u015f\u0131m, ileti\u015fim bilgileri ve faaliyet alan\u0131.","robots":{"index":"index","follow":"follow","max-snippet":"max-snippet:-1","max-image-preview":"max-image-preview:large","max-video-preview":"max-video-preview:-1"},"canonical":"https:\/\/www.myvize.com.tr\/nijerya\/konsolosluklar\/trabzon-fahri-konsoloslugu\/","og_locale":"tr_TR","og_type":"article","og_title":"Nijerya Konsoloslu\u011fu Trabzon Vize \u0130\u015flemleri - MyVize","og_description":"Nijerya Trabzon Fahri Konsoloslu\u011fu \u00e7al\u0131\u015fma saatleri. Nijerya Trabzon Fahri Konsoloslu\u011fu ula\u015f\u0131m, ileti\u015fim bilgileri ve faaliyet alan\u0131.","og_url":"https:\/\/www.myvize.com.tr\/nijerya\/konsolosluklar\/trabzon-fahri-konsoloslugu\/","og_site_name":"Nijerya Vizesi","article_modified_time":"2022-01-19T09:56:39+00:00","twitter_card":"summary_large_image","schema":{"@context":"https:\/\/schema.org","@graph":[{"@type":"WebPage","@id":"https:\/\/www.myvize.com.tr\/nijerya\/konsolosluklar\/trabzon-fahri-konsoloslugu\/","url":"https:\/\/www.myvize.com.tr\/nijerya\/konsolosluklar\/trabzon-fahri-konsoloslugu\/","name":"Nijerya Konsoloslu\u011fu Trabzon Vize \u0130\u015flemleri - MyVize","isPartOf":{"@id":"https:\/\/www.myvize.com.tr\/nijerya\/#website"},"datePublished":"2020-11-30T10:05:08+00:00","dateModified":"2022-01-19T09:56:39+00:00","description":"Nijerya Trabzon Fahri Konsoloslu\u011fu \u00e7al\u0131\u015fma saatleri. Nijerya Trabzon Fahri Konsoloslu\u011fu ula\u015f\u0131m, ileti\u015fim bilgileri ve faaliyet alan\u0131.","breadcrumb":{"@id":"https:\/\/www.myvize.com.tr\/nijerya\/konsolosluklar\/trabzon-fahri-konsoloslugu\/#breadcrumb"},"inLanguage":"tr","potentialAction":[{"@type":"ReadAction","target":["https:\/\/www.myvize.com.tr\/nijerya\/konsolosluklar\/trabzon-fahri-konsoloslugu\/"]}]},{"@type":"BreadcrumbList","@id":"https:\/\/www.myvize.com.tr\/nijerya\/konsolosluklar\/trabzon-fahri-konsoloslugu\/#breadcrumb","itemListElement":[{"@type":"ListItem","position":1,"name":"Anasayfa","item":"https:\/\/www.myvize.com.tr\/nijerya\/"},{"@type":"ListItem","position":2,"name":"KONSOLOSLUKLAR","item":"https:\/\/www.myvize.com.tr\/nijerya\/konsolosluklar\/"},{"@type":"ListItem","position":3,"name":"Trabzon Fahri Konsoloslu\u011fu"}]},{"@type":"WebSite","@id":"https:\/\/www.myvize.com.tr\/nijerya\/#website","url":"https:\/\/www.myvize.com.tr\/nijerya\/","name":"Nijerya Vizesi","description":"","potentialAction":[{"@type":"SearchAction","target":{"@type":"EntryPoint","urlTemplate":"https:\/\/www.myvize.com.tr\/nijerya\/?s={search_term_string}"},"query-input":{"@type":"PropertyValueSpecification","valueRequired":true,"valueName":"search_term_string"}}],"inLanguage":"tr"}]}},"_links":{"self":[{"href":"https:\/\/www.myvize.com.tr\/nijerya\/wp-json\/wp\/v2\/pages\/84","targetHints":{"allow":["GET"]}}],"collection":[{"href":"https:\/\/www.myvize.com.tr\/nijerya\/wp-json\/wp\/v2\/pages"}],"about":[{"href":"https:\/\/www.myvize.com.tr\/nijerya\/wp-json\/wp\/v2\/types\/page"}],"author":[{"embeddable":true,"href":"https:\/\/www.myvize.com.tr\/nijerya\/wp-json\/wp\/v2\/users\/1"}],"replies":[{"embeddable":true,"href":"https:\/\/www.myvize.com.tr\/nijerya\/wp-json\/wp\/v2\/comments?post=84"}],"version-history":[{"count":2,"href":"https:\/\/www.myvize.com.tr\/nijerya\/wp-json\/wp\/v2\/pages\/84\/revisions"}],"predecessor-version":[{"id":331,"href":"https:\/\/www.myvize.com.tr\/nijerya\/wp-json\/wp\/v2\/pages\/84\/revisions\/331"}],"up":[{"embeddable":true,"href":"https:\/\/www.myvize.com.tr\/nijerya\/wp-json\/wp\/v2\/pages\/69"}],"wp:attachment":[{"href":"https:\/\/www.myvize.com.tr\/nijerya\/wp-json\/wp\/v2\/media?parent=84"}],"curies":[{"name":"wp","href":"https:\/\/api.w.org\/{rel}","templated":true}]}}