{"id":182,"date":"2020-12-28T17:31:13","date_gmt":"2020-12-28T14:31:13","guid":{"rendered":"https:\/\/www.myvize.com.tr\/norvec\/?page_id=182"},"modified":"2022-08-15T15:00:45","modified_gmt":"2022-08-15T12:00:45","slug":"aile-birlesimi","status":"publish","type":"page","link":"https:\/\/www.myvize.com.tr\/norvec\/oturum-2\/aile-birlesimi\/","title":{"rendered":"Norve\u00e7 Aile Birle\u015fimi"},"content":{"rendered":"<h2><strong><span style=\"font-size: 27px; font-family: Roboto;\">Norve\u00e7 Aile Birle\u015fimi Hakk\u0131nda<\/span><\/strong><\/h2>\n<p><img decoding=\"async\" src=\"https:\/\/www.myvize.com.tr\/norvec\/wp-content\/uploads\/2021\/09\/27.jpg\" \/><\/p>\n","protected":false},"excerpt":{"rendered":"<p>Norve\u00e7 Aile Birle\u015fimi Hakk\u0131nda<\/p>\n","protected":false},"author":1,"featured_media":0,"parent":161,"menu_order":0,"comment_status":"open","ping_status":"closed","template":"","meta":{"footnotes":""},"class_list":["post-182","page","type-page","status-publish","hentry"],"yoast_head":"<!-- This site is optimized with the Yoast SEO plugin v26.8 - https:\/\/yoast.com\/product\/yoast-seo-wordpress\/ -->\n<title>Norve\u00e7 Aile Birle\u015fimi Vizesi - Norve\u00e7 Vize - MyVize<\/title>\n<meta name=\"description\" content=\"Norve\u00e7 aile birle\u015fimi i\u00e7in gerekli evrak listesi. Norve\u00e7 aile birle\u015fimi gerekli \u015fartlar 2022. Norve\u00e7 aile birle\u015fimi i\u00e7in g\u00f6rsel anlat\u0131m.\" \/>\n<meta name=\"robots\" content=\"index, follow, max-snippet:-1, max-image-preview:large, max-video-preview:-1\" \/>\n<link rel=\"canonical\" href=\"https:\/\/www.myvize.com.tr\/norvec\/oturum-2\/aile-birlesimi\/\" \/>\n<meta property=\"og:locale\" content=\"tr_TR\" \/>\n<meta property=\"og:type\" content=\"article\" \/>\n<meta property=\"og:title\" content=\"Norve\u00e7 Aile Birle\u015fimi Vizesi - Norve\u00e7 Vize - MyVize\" \/>\n<meta property=\"og:description\" content=\"Norve\u00e7 aile birle\u015fimi i\u00e7in gerekli evrak listesi. Norve\u00e7 aile birle\u015fimi gerekli \u015fartlar 2022. Norve\u00e7 aile birle\u015fimi i\u00e7in g\u00f6rsel anlat\u0131m.\" \/>\n<meta property=\"og:url\" content=\"https:\/\/www.myvize.com.tr\/norvec\/oturum-2\/aile-birlesimi\/\" \/>\n<meta property=\"og:site_name\" content=\"Norve\u00e7 Vize &amp; Norve\u00e7 Vizesi \u0130\u00e7in Gerekli Evraklar\" \/>\n<meta property=\"article:modified_time\" content=\"2022-08-15T12:00:45+00:00\" \/>\n<meta property=\"og:image\" content=\"https:\/\/www.myvize.com.tr\/norvec\/wp-content\/uploads\/2021\/09\/27.jpg\" \/>\n<meta name=\"twitter:card\" content=\"summary_large_image\" \/>\n<meta name=\"twitter:label1\" content=\"Tahmini okuma s\u00fcresi\" \/>\n\t<meta name=\"twitter:data1\" content=\"1 dakika\" \/>\n<script type=\"application\/ld+json\" class=\"yoast-schema-graph\">{\"@context\":\"https:\/\/schema.org\",\"@graph\":[{\"@type\":\"WebPage\",\"@id\":\"https:\/\/www.myvize.com.tr\/norvec\/oturum-2\/aile-birlesimi\/\",\"url\":\"https:\/\/www.myvize.com.tr\/norvec\/oturum-2\/aile-birlesimi\/\",\"name\":\"Norve\u00e7 Aile Birle\u015fimi Vizesi - Norve\u00e7 Vize - MyVize\",\"isPartOf\":{\"@id\":\"https:\/\/www.myvize.com.tr\/norvec\/#website\"},\"primaryImageOfPage\":{\"@id\":\"https:\/\/www.myvize.com.tr\/norvec\/oturum-2\/aile-birlesimi\/#primaryimage\"},\"image\":{\"@id\":\"https:\/\/www.myvize.com.tr\/norvec\/oturum-2\/aile-birlesimi\/#primaryimage\"},\"thumbnailUrl\":\"https:\/\/www.myvize.com.tr\/norvec\/wp-content\/uploads\/2021\/09\/27.jpg\",\"datePublished\":\"2020-12-28T14:31:13+00:00\",\"dateModified\":\"2022-08-15T12:00:45+00:00\",\"description\":\"Norve\u00e7 aile birle\u015fimi i\u00e7in gerekli evrak listesi. Norve\u00e7 aile birle\u015fimi gerekli \u015fartlar 2022. Norve\u00e7 aile birle\u015fimi i\u00e7in g\u00f6rsel anlat\u0131m.\",\"breadcrumb\":{\"@id\":\"https:\/\/www.myvize.com.tr\/norvec\/oturum-2\/aile-birlesimi\/#breadcrumb\"},\"inLanguage\":\"tr\",\"potentialAction\":[{\"@type\":\"ReadAction\",\"target\":[\"https:\/\/www.myvize.com.tr\/norvec\/oturum-2\/aile-birlesimi\/\"]}]},{\"@type\":\"ImageObject\",\"inLanguage\":\"tr\",\"@id\":\"https:\/\/www.myvize.com.tr\/norvec\/oturum-2\/aile-birlesimi\/#primaryimage\",\"url\":\"https:\/\/www.myvize.com.tr\/norvec\/wp-content\/uploads\/2021\/09\/27.jpg\",\"contentUrl\":\"https:\/\/www.myvize.com.tr\/norvec\/wp-content\/uploads\/2021\/09\/27.jpg\",\"width\":800,\"height\":500,\"caption\":\"Norve\u00e7 Aile Birle\u015fimi\"},{\"@type\":\"BreadcrumbList\",\"@id\":\"https:\/\/www.myvize.com.tr\/norvec\/oturum-2\/aile-birlesimi\/#breadcrumb\",\"itemListElement\":[{\"@type\":\"ListItem\",\"position\":1,\"name\":\"Anasayfa\",\"item\":\"https:\/\/www.myvize.com.tr\/norvec\/\"},{\"@type\":\"ListItem\",\"position\":2,\"name\":\"NORVE\u00c7 OTURUM \u0130ZN\u0130 V\u0130ZES\u0130\",\"item\":\"https:\/\/www.myvize.com.tr\/norvec\/oturum-2\/\"},{\"@type\":\"ListItem\",\"position\":3,\"name\":\"Norve\u00e7 Aile Birle\u015fimi\"}]},{\"@type\":\"WebSite\",\"@id\":\"https:\/\/www.myvize.com.tr\/norvec\/#website\",\"url\":\"https:\/\/www.myvize.com.tr\/norvec\/\",\"name\":\"Norve\u00e7 Vize &amp; Norve\u00e7 Vizesi \u0130\u00e7in Gerekli Evraklar\",\"description\":\"\",\"potentialAction\":[{\"@type\":\"SearchAction\",\"target\":{\"@type\":\"EntryPoint\",\"urlTemplate\":\"https:\/\/www.myvize.com.tr\/norvec\/?s={search_term_string}\"},\"query-input\":{\"@type\":\"PropertyValueSpecification\",\"valueRequired\":true,\"valueName\":\"search_term_string\"}}],\"inLanguage\":\"tr\"}]}<\/script>\n<!-- \/ Yoast SEO plugin. -->","yoast_head_json":{"title":"Norve\u00e7 Aile Birle\u015fimi Vizesi - Norve\u00e7 Vize - MyVize","description":"Norve\u00e7 aile birle\u015fimi i\u00e7in gerekli evrak listesi. Norve\u00e7 aile birle\u015fimi gerekli \u015fartlar 2022. Norve\u00e7 aile birle\u015fimi i\u00e7in g\u00f6rsel anlat\u0131m.","robots":{"index":"index","follow":"follow","max-snippet":"max-snippet:-1","max-image-preview":"max-image-preview:large","max-video-preview":"max-video-preview:-1"},"canonical":"https:\/\/www.myvize.com.tr\/norvec\/oturum-2\/aile-birlesimi\/","og_locale":"tr_TR","og_type":"article","og_title":"Norve\u00e7 Aile Birle\u015fimi Vizesi - Norve\u00e7 Vize - MyVize","og_description":"Norve\u00e7 aile birle\u015fimi i\u00e7in gerekli evrak listesi. Norve\u00e7 aile birle\u015fimi gerekli \u015fartlar 2022. Norve\u00e7 aile birle\u015fimi i\u00e7in g\u00f6rsel anlat\u0131m.","og_url":"https:\/\/www.myvize.com.tr\/norvec\/oturum-2\/aile-birlesimi\/","og_site_name":"Norve\u00e7 Vize &amp; Norve\u00e7 Vizesi \u0130\u00e7in Gerekli Evraklar","article_modified_time":"2022-08-15T12:00:45+00:00","og_image":[{"url":"https:\/\/www.myvize.com.tr\/norvec\/wp-content\/uploads\/2021\/09\/27.jpg","type":"","width":"","height":""}],"twitter_card":"summary_large_image","twitter_misc":{"Tahmini okuma s\u00fcresi":"1 dakika"},"schema":{"@context":"https:\/\/schema.org","@graph":[{"@type":"WebPage","@id":"https:\/\/www.myvize.com.tr\/norvec\/oturum-2\/aile-birlesimi\/","url":"https:\/\/www.myvize.com.tr\/norvec\/oturum-2\/aile-birlesimi\/","name":"Norve\u00e7 Aile Birle\u015fimi Vizesi - Norve\u00e7 Vize - MyVize","isPartOf":{"@id":"https:\/\/www.myvize.com.tr\/norvec\/#website"},"primaryImageOfPage":{"@id":"https:\/\/www.myvize.com.tr\/norvec\/oturum-2\/aile-birlesimi\/#primaryimage"},"image":{"@id":"https:\/\/www.myvize.com.tr\/norvec\/oturum-2\/aile-birlesimi\/#primaryimage"},"thumbnailUrl":"https:\/\/www.myvize.com.tr\/norvec\/wp-content\/uploads\/2021\/09\/27.jpg","datePublished":"2020-12-28T14:31:13+00:00","dateModified":"2022-08-15T12:00:45+00:00","description":"Norve\u00e7 aile birle\u015fimi i\u00e7in gerekli evrak listesi. Norve\u00e7 aile birle\u015fimi gerekli \u015fartlar 2022. Norve\u00e7 aile birle\u015fimi i\u00e7in g\u00f6rsel anlat\u0131m.","breadcrumb":{"@id":"https:\/\/www.myvize.com.tr\/norvec\/oturum-2\/aile-birlesimi\/#breadcrumb"},"inLanguage":"tr","potentialAction":[{"@type":"ReadAction","target":["https:\/\/www.myvize.com.tr\/norvec\/oturum-2\/aile-birlesimi\/"]}]},{"@type":"ImageObject","inLanguage":"tr","@id":"https:\/\/www.myvize.com.tr\/norvec\/oturum-2\/aile-birlesimi\/#primaryimage","url":"https:\/\/www.myvize.com.tr\/norvec\/wp-content\/uploads\/2021\/09\/27.jpg","contentUrl":"https:\/\/www.myvize.com.tr\/norvec\/wp-content\/uploads\/2021\/09\/27.jpg","width":800,"height":500,"caption":"Norve\u00e7 Aile Birle\u015fimi"},{"@type":"BreadcrumbList","@id":"https:\/\/www.myvize.com.tr\/norvec\/oturum-2\/aile-birlesimi\/#breadcrumb","itemListElement":[{"@type":"ListItem","position":1,"name":"Anasayfa","item":"https:\/\/www.myvize.com.tr\/norvec\/"},{"@type":"ListItem","position":2,"name":"NORVE\u00c7 OTURUM \u0130ZN\u0130 V\u0130ZES\u0130","item":"https:\/\/www.myvize.com.tr\/norvec\/oturum-2\/"},{"@type":"ListItem","position":3,"name":"Norve\u00e7 Aile Birle\u015fimi"}]},{"@type":"WebSite","@id":"https:\/\/www.myvize.com.tr\/norvec\/#website","url":"https:\/\/www.myvize.com.tr\/norvec\/","name":"Norve\u00e7 Vize &amp; Norve\u00e7 Vizesi \u0130\u00e7in Gerekli Evraklar","description":"","potentialAction":[{"@type":"SearchAction","target":{"@type":"EntryPoint","urlTemplate":"https:\/\/www.myvize.com.tr\/norvec\/?s={search_term_string}"},"query-input":{"@type":"PropertyValueSpecification","valueRequired":true,"valueName":"search_term_string"}}],"inLanguage":"tr"}]}},"_links":{"self":[{"href":"https:\/\/www.myvize.com.tr\/norvec\/wp-json\/wp\/v2\/pages\/182","targetHints":{"allow":["GET"]}}],"collection":[{"href":"https:\/\/www.myvize.com.tr\/norvec\/wp-json\/wp\/v2\/pages"}],"about":[{"href":"https:\/\/www.myvize.com.tr\/norvec\/wp-json\/wp\/v2\/types\/page"}],"author":[{"embeddable":true,"href":"https:\/\/www.myvize.com.tr\/norvec\/wp-json\/wp\/v2\/users\/1"}],"replies":[{"embeddable":true,"href":"https:\/\/www.myvize.com.tr\/norvec\/wp-json\/wp\/v2\/comments?post=182"}],"version-history":[{"count":5,"href":"https:\/\/www.myvize.com.tr\/norvec\/wp-json\/wp\/v2\/pages\/182\/revisions"}],"predecessor-version":[{"id":856,"href":"https:\/\/www.myvize.com.tr\/norvec\/wp-json\/wp\/v2\/pages\/182\/revisions\/856"}],"up":[{"embeddable":true,"href":"https:\/\/www.myvize.com.tr\/norvec\/wp-json\/wp\/v2\/pages\/161"}],"wp:attachment":[{"href":"https:\/\/www.myvize.com.tr\/norvec\/wp-json\/wp\/v2\/media?parent=182"}],"curies":[{"name":"wp","href":"https:\/\/api.w.org\/{rel}","templated":true}]}}