{"id":232,"date":"2020-12-28T17:41:55","date_gmt":"2020-12-28T14:41:55","guid":{"rendered":"https:\/\/www.myvize.com.tr\/norvec\/?page_id=232"},"modified":"2022-08-15T15:10:02","modified_gmt":"2022-08-15T12:10:02","slug":"ankara","status":"publish","type":"page","link":"https:\/\/www.myvize.com.tr\/norvec\/subelerimiz\/ankara\/","title":{"rendered":"Norve\u00e7 Vizesi , Ankara"},"content":{"rendered":"<p><span style=\"font-family: Roboto;\"><\/span><\/p>\r\n<p><span style=\"font-family: Roboto; font-size: 14px;\"><strong>Norve\u00e7 Ankara vize merkezi\u00a0<\/strong>sitemize ho\u015f geldiniz.<\/span><\/p>\r\n<p><span style=\"font-family: Roboto; font-size: 14px;\">\r\n\r\n<\/span><\/p>\r\n<p><span style=\"font-family: Roboto; font-size: 14px;\">Say\u0131n misafirimiz\u00a0<strong>Norve\u00e7 Ankara vize merkezi\u00a0<\/strong>sitesi size vize i\u015flemleri hakk\u0131nda akl\u0131n\u0131za tak\u0131lan b\u00fct\u00fcn sorular\u0131 yan\u0131tlamak ve vize konusunda size yard\u0131mc\u0131 olmak i\u00e7in olu\u015fturulmu\u015ftur. Ankara vize merkezimize Ankara\u2019ya yak\u0131n illerden ve il\u00e7elerden ba\u015fvuru yapabilirsiniz.<\/span><\/p>\r\n<p><span style=\"font-family: Roboto; font-size: 14px;\">\r\n\r\n<\/span><\/p>\r\n<p><span style=\"font-family: Roboto; font-size: 14px;\"><strong>Norve\u00e7 Ankara vize merkezi\u00a0<\/strong>ofisimiz Norve\u00e7 Schengen \u00fcyesi oldu\u011fu i\u00e7in vize i\u015flemlerinizin her a\u015famas\u0131n\u0131 \u00e7ok ince ayr\u0131nt\u0131lar ile inceleyerek ba\u015fvurular\u0131n\u0131z\u0131 yapar ve takip eder. Norve\u00e7 vizeniz 15 ile 20 g\u00fcn aras\u0131nda bir s\u00fcre ile sonu\u00e7lanmaktad\u0131r. Merkezimizin ne kadar s\u00fcreli vize \u00e7\u0131kaca\u011f\u0131 a\u015famas\u0131nda bir etkisi yoktur bu sadece Konsoloslu\u011fun taktirinde bir durumdur.<\/span><\/p>\r\n<p><span style=\"font-family: Roboto; font-size: 14px;\"><\/span><\/p>\r\n<p><span style=\"font-family: Roboto; font-size: 14px;\"><img decoding=\"async\" src=\"https:\/\/www.myvize.com.tr\/norvec\/wp-content\/uploads\/2021\/09\/4-3.jpg\" \/><\/span><\/p>\r\n<p><span style=\"font-family: Roboto; font-size: 14px;\"><\/span><\/p>\r\n<h2 class=\"wp-block-heading\"><span style=\"font-family: Roboto; font-size: 27px;\"><strong>NORVE\u00c7 V\u0130ZES\u0130 BA\u015eVURU A\u015eAMASI<\/strong><\/span><\/h2>\r\n<p><span style=\"font-family: Roboto; font-size: 14px;\">\r\n\r\n<\/span><\/p>\r\n<p><span style=\"font-family: Roboto; font-size: 14px;\"><strong>Norve\u00e7 Ankara vize merkezi\u00a0<\/strong>vize uzman ekiplerimiz taraf\u0131ndan vize i\u015flemleri i\u00e7in bilgilendirilirsiniz.<\/span><\/p>\r\n<p><span style=\"font-family: Roboto; font-size: 14px;\">\r\n\r\n<\/span><\/p>\r\n<p><span style=\"font-family: Roboto; font-size: 14px;\">Sizden istenilen bilgileri eksiksiz bir \u015fekilde tamamlaman\u0131z gerekmektedir. Bu belgeleri hafta i\u00e7i 08.30 \u2013 18.00 ve cumartesi g\u00fcn\u00fc 10.00 \u2013 14.00 saatleri aras\u0131nda kurye ile veya elden merkezimize teslim etmelisiniz. Daha sonra Konsolosluktan sizin ad\u0131n\u0131za al\u0131nm\u0131\u015f olan biyometrik randevunuza zaman\u0131nda gitmeli ve bilgilerinizi beyan etmelisiniz.\u00a0<strong>Norve\u00e7 Ankara vize merkezi\u00a0<\/strong>vize \u00e7\u0131kt\u0131\u011f\u0131 zaman sizi bilgilendirir ve vizenizi elden telim almaya gidebilirsiniz.<\/span><\/p>\r\n<p><span style=\"font-family: Roboto;\"><\/span><\/p>","protected":false},"excerpt":{"rendered":"<p>Norve\u00e7 Ankara vize merkezi\u00a0sitemize ho\u015f geldiniz. Say\u0131n misafirimiz\u00a0Norve\u00e7 Ankara vize merkezi\u00a0sitesi size vize i\u015flemleri hakk\u0131nda akl\u0131n\u0131za tak\u0131lan b\u00fct\u00fcn sorular\u0131 yan\u0131tlamak ve vize konusunda size yard\u0131mc\u0131 olmak i\u00e7in olu\u015fturulmu\u015ftur. Ankara vize merkezimize Ankara\u2019ya yak\u0131n illerden ve il\u00e7elerden ba\u015fvuru yapabilirsiniz. Norve\u00e7 Ankara vize merkezi\u00a0ofisimiz Norve\u00e7 Schengen \u00fcyesi oldu\u011fu i\u00e7in vize i\u015flemlerinizin her a\u015famas\u0131n\u0131 \u00e7ok ince ayr\u0131nt\u0131lar ile<\/p>\n","protected":false},"author":1,"featured_media":0,"parent":173,"menu_order":0,"comment_status":"open","ping_status":"closed","template":"","meta":{"footnotes":""},"class_list":["post-232","page","type-page","status-publish","hentry"],"yoast_head":"<!-- This site is optimized with the Yoast SEO plugin v26.8 - https:\/\/yoast.com\/product\/yoast-seo-wordpress\/ -->\n<title>Norve\u00e7 Vize Ba\u015fvuru \u015eubesi Ankara - MyVize<\/title>\n<meta name=\"description\" content=\"Norve\u00e7 vizesi Ankara ofisimiz, hangi \u00fclkeye seyahat etmek isterseniz gerekli b\u00fct\u00fcn bilgilere ula\u015fabilirsiniz: 0850 346 84 93\" \/>\n<meta name=\"robots\" content=\"index, follow, max-snippet:-1, max-image-preview:large, max-video-preview:-1\" \/>\n<link rel=\"canonical\" href=\"https:\/\/www.myvize.com.tr\/norvec\/subelerimiz\/ankara\/\" \/>\n<meta property=\"og:locale\" content=\"tr_TR\" \/>\n<meta property=\"og:type\" content=\"article\" \/>\n<meta property=\"og:title\" content=\"Norve\u00e7 Vize Ba\u015fvuru \u015eubesi Ankara - MyVize\" \/>\n<meta property=\"og:description\" content=\"Norve\u00e7 vizesi Ankara ofisimiz, hangi \u00fclkeye seyahat etmek isterseniz gerekli b\u00fct\u00fcn bilgilere ula\u015fabilirsiniz: 0850 346 84 93\" \/>\n<meta property=\"og:url\" content=\"https:\/\/www.myvize.com.tr\/norvec\/subelerimiz\/ankara\/\" \/>\n<meta property=\"og:site_name\" content=\"Norve\u00e7 Vize &amp; Norve\u00e7 Vizesi \u0130\u00e7in Gerekli Evraklar\" \/>\n<meta property=\"article:modified_time\" content=\"2022-08-15T12:10:02+00:00\" \/>\n<meta property=\"og:image\" content=\"https:\/\/www.myvize.com.tr\/norvec\/wp-content\/uploads\/2021\/09\/4-3.jpg\" \/>\n<meta name=\"twitter:card\" content=\"summary_large_image\" \/>\n<meta name=\"twitter:label1\" content=\"Tahmini okuma s\u00fcresi\" \/>\n\t<meta name=\"twitter:data1\" content=\"1 dakika\" \/>\n<script type=\"application\/ld+json\" class=\"yoast-schema-graph\">{\"@context\":\"https:\/\/schema.org\",\"@graph\":[{\"@type\":\"WebPage\",\"@id\":\"https:\/\/www.myvize.com.tr\/norvec\/subelerimiz\/ankara\/\",\"url\":\"https:\/\/www.myvize.com.tr\/norvec\/subelerimiz\/ankara\/\",\"name\":\"Norve\u00e7 Vize Ba\u015fvuru \u015eubesi Ankara - MyVize\",\"isPartOf\":{\"@id\":\"https:\/\/www.myvize.com.tr\/norvec\/#website\"},\"primaryImageOfPage\":{\"@id\":\"https:\/\/www.myvize.com.tr\/norvec\/subelerimiz\/ankara\/#primaryimage\"},\"image\":{\"@id\":\"https:\/\/www.myvize.com.tr\/norvec\/subelerimiz\/ankara\/#primaryimage\"},\"thumbnailUrl\":\"https:\/\/www.myvize.com.tr\/norvec\/wp-content\/uploads\/2021\/09\/4-3.jpg\",\"datePublished\":\"2020-12-28T14:41:55+00:00\",\"dateModified\":\"2022-08-15T12:10:02+00:00\",\"description\":\"Norve\u00e7 vizesi Ankara ofisimiz, hangi \u00fclkeye seyahat etmek isterseniz gerekli b\u00fct\u00fcn bilgilere ula\u015fabilirsiniz: 0850 346 84 93\",\"breadcrumb\":{\"@id\":\"https:\/\/www.myvize.com.tr\/norvec\/subelerimiz\/ankara\/#breadcrumb\"},\"inLanguage\":\"tr\",\"potentialAction\":[{\"@type\":\"ReadAction\",\"target\":[\"https:\/\/www.myvize.com.tr\/norvec\/subelerimiz\/ankara\/\"]}]},{\"@type\":\"ImageObject\",\"inLanguage\":\"tr\",\"@id\":\"https:\/\/www.myvize.com.tr\/norvec\/subelerimiz\/ankara\/#primaryimage\",\"url\":\"https:\/\/www.myvize.com.tr\/norvec\/wp-content\/uploads\/2021\/09\/4-3.jpg\",\"contentUrl\":\"https:\/\/www.myvize.com.tr\/norvec\/wp-content\/uploads\/2021\/09\/4-3.jpg\",\"width\":800,\"height\":500,\"caption\":\"Norve\u00e7 \u015eubelerimiz Ankara\"},{\"@type\":\"BreadcrumbList\",\"@id\":\"https:\/\/www.myvize.com.tr\/norvec\/subelerimiz\/ankara\/#breadcrumb\",\"itemListElement\":[{\"@type\":\"ListItem\",\"position\":1,\"name\":\"Anasayfa\",\"item\":\"https:\/\/www.myvize.com.tr\/norvec\/\"},{\"@type\":\"ListItem\",\"position\":2,\"name\":\"\u015eUBELER\u0130M\u0130Z\",\"item\":\"https:\/\/www.myvize.com.tr\/norvec\/subelerimiz\/\"},{\"@type\":\"ListItem\",\"position\":3,\"name\":\"Norve\u00e7 Vizesi , Ankara\"}]},{\"@type\":\"WebSite\",\"@id\":\"https:\/\/www.myvize.com.tr\/norvec\/#website\",\"url\":\"https:\/\/www.myvize.com.tr\/norvec\/\",\"name\":\"Norve\u00e7 Vize &amp; Norve\u00e7 Vizesi \u0130\u00e7in Gerekli Evraklar\",\"description\":\"\",\"potentialAction\":[{\"@type\":\"SearchAction\",\"target\":{\"@type\":\"EntryPoint\",\"urlTemplate\":\"https:\/\/www.myvize.com.tr\/norvec\/?s={search_term_string}\"},\"query-input\":{\"@type\":\"PropertyValueSpecification\",\"valueRequired\":true,\"valueName\":\"search_term_string\"}}],\"inLanguage\":\"tr\"}]}<\/script>\n<!-- \/ Yoast SEO plugin. -->","yoast_head_json":{"title":"Norve\u00e7 Vize Ba\u015fvuru \u015eubesi Ankara - MyVize","description":"Norve\u00e7 vizesi Ankara ofisimiz, hangi \u00fclkeye seyahat etmek isterseniz gerekli b\u00fct\u00fcn bilgilere ula\u015fabilirsiniz: 0850 346 84 93","robots":{"index":"index","follow":"follow","max-snippet":"max-snippet:-1","max-image-preview":"max-image-preview:large","max-video-preview":"max-video-preview:-1"},"canonical":"https:\/\/www.myvize.com.tr\/norvec\/subelerimiz\/ankara\/","og_locale":"tr_TR","og_type":"article","og_title":"Norve\u00e7 Vize Ba\u015fvuru \u015eubesi Ankara - MyVize","og_description":"Norve\u00e7 vizesi Ankara ofisimiz, hangi \u00fclkeye seyahat etmek isterseniz gerekli b\u00fct\u00fcn bilgilere ula\u015fabilirsiniz: 0850 346 84 93","og_url":"https:\/\/www.myvize.com.tr\/norvec\/subelerimiz\/ankara\/","og_site_name":"Norve\u00e7 Vize &amp; Norve\u00e7 Vizesi \u0130\u00e7in Gerekli Evraklar","article_modified_time":"2022-08-15T12:10:02+00:00","og_image":[{"url":"https:\/\/www.myvize.com.tr\/norvec\/wp-content\/uploads\/2021\/09\/4-3.jpg","type":"","width":"","height":""}],"twitter_card":"summary_large_image","twitter_misc":{"Tahmini okuma s\u00fcresi":"1 dakika"},"schema":{"@context":"https:\/\/schema.org","@graph":[{"@type":"WebPage","@id":"https:\/\/www.myvize.com.tr\/norvec\/subelerimiz\/ankara\/","url":"https:\/\/www.myvize.com.tr\/norvec\/subelerimiz\/ankara\/","name":"Norve\u00e7 Vize Ba\u015fvuru \u015eubesi Ankara - MyVize","isPartOf":{"@id":"https:\/\/www.myvize.com.tr\/norvec\/#website"},"primaryImageOfPage":{"@id":"https:\/\/www.myvize.com.tr\/norvec\/subelerimiz\/ankara\/#primaryimage"},"image":{"@id":"https:\/\/www.myvize.com.tr\/norvec\/subelerimiz\/ankara\/#primaryimage"},"thumbnailUrl":"https:\/\/www.myvize.com.tr\/norvec\/wp-content\/uploads\/2021\/09\/4-3.jpg","datePublished":"2020-12-28T14:41:55+00:00","dateModified":"2022-08-15T12:10:02+00:00","description":"Norve\u00e7 vizesi Ankara ofisimiz, hangi \u00fclkeye seyahat etmek isterseniz gerekli b\u00fct\u00fcn bilgilere ula\u015fabilirsiniz: 0850 346 84 93","breadcrumb":{"@id":"https:\/\/www.myvize.com.tr\/norvec\/subelerimiz\/ankara\/#breadcrumb"},"inLanguage":"tr","potentialAction":[{"@type":"ReadAction","target":["https:\/\/www.myvize.com.tr\/norvec\/subelerimiz\/ankara\/"]}]},{"@type":"ImageObject","inLanguage":"tr","@id":"https:\/\/www.myvize.com.tr\/norvec\/subelerimiz\/ankara\/#primaryimage","url":"https:\/\/www.myvize.com.tr\/norvec\/wp-content\/uploads\/2021\/09\/4-3.jpg","contentUrl":"https:\/\/www.myvize.com.tr\/norvec\/wp-content\/uploads\/2021\/09\/4-3.jpg","width":800,"height":500,"caption":"Norve\u00e7 \u015eubelerimiz Ankara"},{"@type":"BreadcrumbList","@id":"https:\/\/www.myvize.com.tr\/norvec\/subelerimiz\/ankara\/#breadcrumb","itemListElement":[{"@type":"ListItem","position":1,"name":"Anasayfa","item":"https:\/\/www.myvize.com.tr\/norvec\/"},{"@type":"ListItem","position":2,"name":"\u015eUBELER\u0130M\u0130Z","item":"https:\/\/www.myvize.com.tr\/norvec\/subelerimiz\/"},{"@type":"ListItem","position":3,"name":"Norve\u00e7 Vizesi , Ankara"}]},{"@type":"WebSite","@id":"https:\/\/www.myvize.com.tr\/norvec\/#website","url":"https:\/\/www.myvize.com.tr\/norvec\/","name":"Norve\u00e7 Vize &amp; Norve\u00e7 Vizesi \u0130\u00e7in Gerekli Evraklar","description":"","potentialAction":[{"@type":"SearchAction","target":{"@type":"EntryPoint","urlTemplate":"https:\/\/www.myvize.com.tr\/norvec\/?s={search_term_string}"},"query-input":{"@type":"PropertyValueSpecification","valueRequired":true,"valueName":"search_term_string"}}],"inLanguage":"tr"}]}},"_links":{"self":[{"href":"https:\/\/www.myvize.com.tr\/norvec\/wp-json\/wp\/v2\/pages\/232","targetHints":{"allow":["GET"]}}],"collection":[{"href":"https:\/\/www.myvize.com.tr\/norvec\/wp-json\/wp\/v2\/pages"}],"about":[{"href":"https:\/\/www.myvize.com.tr\/norvec\/wp-json\/wp\/v2\/types\/page"}],"author":[{"embeddable":true,"href":"https:\/\/www.myvize.com.tr\/norvec\/wp-json\/wp\/v2\/users\/1"}],"replies":[{"embeddable":true,"href":"https:\/\/www.myvize.com.tr\/norvec\/wp-json\/wp\/v2\/comments?post=232"}],"version-history":[{"count":5,"href":"https:\/\/www.myvize.com.tr\/norvec\/wp-json\/wp\/v2\/pages\/232\/revisions"}],"predecessor-version":[{"id":857,"href":"https:\/\/www.myvize.com.tr\/norvec\/wp-json\/wp\/v2\/pages\/232\/revisions\/857"}],"up":[{"embeddable":true,"href":"https:\/\/www.myvize.com.tr\/norvec\/wp-json\/wp\/v2\/pages\/173"}],"wp:attachment":[{"href":"https:\/\/www.myvize.com.tr\/norvec\/wp-json\/wp\/v2\/media?parent=232"}],"curies":[{"name":"wp","href":"https:\/\/api.w.org\/{rel}","templated":true}]}}