{"id":239,"date":"2020-12-28T17:42:50","date_gmt":"2020-12-28T14:42:50","guid":{"rendered":"https:\/\/www.myvize.com.tr\/norvec\/?page_id=239"},"modified":"2022-01-10T15:26:55","modified_gmt":"2022-01-10T12:26:55","slug":"corlu","status":"publish","type":"page","link":"https:\/\/www.myvize.com.tr\/norvec\/subelerimiz\/corlu\/","title":{"rendered":"Norve\u00e7 Vizesi , \u00c7orlu"},"content":{"rendered":"<h2><strong><span style=\"font-size: 27px; font-family: Roboto;\">Norve\u00e7 Vize Ba\u015fvuru Merkezi , \u00c7orlu<\/span><\/strong><\/h2>\n<p><img decoding=\"async\" src=\"https:\/\/www.myvize.com.tr\/norvec\/wp-content\/uploads\/2021\/09\/4-10.jpg\" \/><\/p>\n","protected":false},"excerpt":{"rendered":"<p>Norve\u00e7 Vize Ba\u015fvuru Merkezi , \u00c7orlu<\/p>\n","protected":false},"author":1,"featured_media":0,"parent":173,"menu_order":0,"comment_status":"closed","ping_status":"closed","template":"","meta":{"footnotes":""},"class_list":["post-239","page","type-page","status-publish","hentry"],"yoast_head":"<!-- This site is optimized with the Yoast SEO plugin v26.8 - https:\/\/yoast.com\/product\/yoast-seo-wordpress\/ -->\n<title>Norve\u00e7 Vize Ba\u015fvuru \u015eubesi \u00c7orlu - MyVize<\/title>\n<meta name=\"description\" content=\"Norve\u00e7 vizesi \u00c7orlu ofisimiz, hangi \u00fclkeye seyahat etmek isterseniz gerekli b\u00fct\u00fcn bilgilere ula\u015fabilirsiniz: 0850 346 84 93\" \/>\n<meta name=\"robots\" content=\"index, follow, max-snippet:-1, max-image-preview:large, max-video-preview:-1\" \/>\n<link rel=\"canonical\" href=\"https:\/\/www.myvize.com.tr\/norvec\/subelerimiz\/corlu\/\" \/>\n<meta property=\"og:locale\" content=\"tr_TR\" \/>\n<meta property=\"og:type\" content=\"article\" \/>\n<meta property=\"og:title\" content=\"Norve\u00e7 Vize Ba\u015fvuru \u015eubesi \u00c7orlu - MyVize\" \/>\n<meta property=\"og:description\" content=\"Norve\u00e7 vizesi \u00c7orlu ofisimiz, hangi \u00fclkeye seyahat etmek isterseniz gerekli b\u00fct\u00fcn bilgilere ula\u015fabilirsiniz: 0850 346 84 93\" \/>\n<meta property=\"og:url\" content=\"https:\/\/www.myvize.com.tr\/norvec\/subelerimiz\/corlu\/\" \/>\n<meta property=\"og:site_name\" content=\"Norve\u00e7 Vize &amp; Norve\u00e7 Vizesi \u0130\u00e7in Gerekli Evraklar\" \/>\n<meta property=\"article:modified_time\" content=\"2022-01-10T12:26:55+00:00\" \/>\n<meta property=\"og:image\" content=\"https:\/\/www.myvize.com.tr\/norvec\/wp-content\/uploads\/2021\/09\/4-10.jpg\" \/>\n<meta name=\"twitter:card\" content=\"summary_large_image\" \/>\n<meta name=\"twitter:label1\" content=\"Tahmini okuma s\u00fcresi\" \/>\n\t<meta name=\"twitter:data1\" content=\"1 dakika\" \/>\n<script type=\"application\/ld+json\" class=\"yoast-schema-graph\">{\"@context\":\"https:\/\/schema.org\",\"@graph\":[{\"@type\":\"WebPage\",\"@id\":\"https:\/\/www.myvize.com.tr\/norvec\/subelerimiz\/corlu\/\",\"url\":\"https:\/\/www.myvize.com.tr\/norvec\/subelerimiz\/corlu\/\",\"name\":\"Norve\u00e7 Vize Ba\u015fvuru \u015eubesi \u00c7orlu - MyVize\",\"isPartOf\":{\"@id\":\"https:\/\/www.myvize.com.tr\/norvec\/#website\"},\"primaryImageOfPage\":{\"@id\":\"https:\/\/www.myvize.com.tr\/norvec\/subelerimiz\/corlu\/#primaryimage\"},\"image\":{\"@id\":\"https:\/\/www.myvize.com.tr\/norvec\/subelerimiz\/corlu\/#primaryimage\"},\"thumbnailUrl\":\"https:\/\/www.myvize.com.tr\/norvec\/wp-content\/uploads\/2021\/09\/4-10.jpg\",\"datePublished\":\"2020-12-28T14:42:50+00:00\",\"dateModified\":\"2022-01-10T12:26:55+00:00\",\"description\":\"Norve\u00e7 vizesi \u00c7orlu ofisimiz, hangi \u00fclkeye seyahat etmek isterseniz gerekli b\u00fct\u00fcn bilgilere ula\u015fabilirsiniz: 0850 346 84 93\",\"breadcrumb\":{\"@id\":\"https:\/\/www.myvize.com.tr\/norvec\/subelerimiz\/corlu\/#breadcrumb\"},\"inLanguage\":\"tr\",\"potentialAction\":[{\"@type\":\"ReadAction\",\"target\":[\"https:\/\/www.myvize.com.tr\/norvec\/subelerimiz\/corlu\/\"]}]},{\"@type\":\"ImageObject\",\"inLanguage\":\"tr\",\"@id\":\"https:\/\/www.myvize.com.tr\/norvec\/subelerimiz\/corlu\/#primaryimage\",\"url\":\"https:\/\/www.myvize.com.tr\/norvec\/wp-content\/uploads\/2021\/09\/4-10.jpg\",\"contentUrl\":\"https:\/\/www.myvize.com.tr\/norvec\/wp-content\/uploads\/2021\/09\/4-10.jpg\",\"width\":800,\"height\":500,\"caption\":\"Norve\u00e7 \u015eubelerimiz \u00c7orlu\"},{\"@type\":\"BreadcrumbList\",\"@id\":\"https:\/\/www.myvize.com.tr\/norvec\/subelerimiz\/corlu\/#breadcrumb\",\"itemListElement\":[{\"@type\":\"ListItem\",\"position\":1,\"name\":\"Anasayfa\",\"item\":\"https:\/\/www.myvize.com.tr\/norvec\/\"},{\"@type\":\"ListItem\",\"position\":2,\"name\":\"\u015eUBELER\u0130M\u0130Z\",\"item\":\"https:\/\/www.myvize.com.tr\/norvec\/subelerimiz\/\"},{\"@type\":\"ListItem\",\"position\":3,\"name\":\"Norve\u00e7 Vizesi , \u00c7orlu\"}]},{\"@type\":\"WebSite\",\"@id\":\"https:\/\/www.myvize.com.tr\/norvec\/#website\",\"url\":\"https:\/\/www.myvize.com.tr\/norvec\/\",\"name\":\"Norve\u00e7 Vize &amp; Norve\u00e7 Vizesi \u0130\u00e7in Gerekli Evraklar\",\"description\":\"\",\"potentialAction\":[{\"@type\":\"SearchAction\",\"target\":{\"@type\":\"EntryPoint\",\"urlTemplate\":\"https:\/\/www.myvize.com.tr\/norvec\/?s={search_term_string}\"},\"query-input\":{\"@type\":\"PropertyValueSpecification\",\"valueRequired\":true,\"valueName\":\"search_term_string\"}}],\"inLanguage\":\"tr\"}]}<\/script>\n<!-- \/ Yoast SEO plugin. -->","yoast_head_json":{"title":"Norve\u00e7 Vize Ba\u015fvuru \u015eubesi \u00c7orlu - MyVize","description":"Norve\u00e7 vizesi \u00c7orlu ofisimiz, hangi \u00fclkeye seyahat etmek isterseniz gerekli b\u00fct\u00fcn bilgilere ula\u015fabilirsiniz: 0850 346 84 93","robots":{"index":"index","follow":"follow","max-snippet":"max-snippet:-1","max-image-preview":"max-image-preview:large","max-video-preview":"max-video-preview:-1"},"canonical":"https:\/\/www.myvize.com.tr\/norvec\/subelerimiz\/corlu\/","og_locale":"tr_TR","og_type":"article","og_title":"Norve\u00e7 Vize Ba\u015fvuru \u015eubesi \u00c7orlu - MyVize","og_description":"Norve\u00e7 vizesi \u00c7orlu ofisimiz, hangi \u00fclkeye seyahat etmek isterseniz gerekli b\u00fct\u00fcn bilgilere ula\u015fabilirsiniz: 0850 346 84 93","og_url":"https:\/\/www.myvize.com.tr\/norvec\/subelerimiz\/corlu\/","og_site_name":"Norve\u00e7 Vize &amp; Norve\u00e7 Vizesi \u0130\u00e7in Gerekli Evraklar","article_modified_time":"2022-01-10T12:26:55+00:00","og_image":[{"url":"https:\/\/www.myvize.com.tr\/norvec\/wp-content\/uploads\/2021\/09\/4-10.jpg","type":"","width":"","height":""}],"twitter_card":"summary_large_image","twitter_misc":{"Tahmini okuma s\u00fcresi":"1 dakika"},"schema":{"@context":"https:\/\/schema.org","@graph":[{"@type":"WebPage","@id":"https:\/\/www.myvize.com.tr\/norvec\/subelerimiz\/corlu\/","url":"https:\/\/www.myvize.com.tr\/norvec\/subelerimiz\/corlu\/","name":"Norve\u00e7 Vize Ba\u015fvuru \u015eubesi \u00c7orlu - MyVize","isPartOf":{"@id":"https:\/\/www.myvize.com.tr\/norvec\/#website"},"primaryImageOfPage":{"@id":"https:\/\/www.myvize.com.tr\/norvec\/subelerimiz\/corlu\/#primaryimage"},"image":{"@id":"https:\/\/www.myvize.com.tr\/norvec\/subelerimiz\/corlu\/#primaryimage"},"thumbnailUrl":"https:\/\/www.myvize.com.tr\/norvec\/wp-content\/uploads\/2021\/09\/4-10.jpg","datePublished":"2020-12-28T14:42:50+00:00","dateModified":"2022-01-10T12:26:55+00:00","description":"Norve\u00e7 vizesi \u00c7orlu ofisimiz, hangi \u00fclkeye seyahat etmek isterseniz gerekli b\u00fct\u00fcn bilgilere ula\u015fabilirsiniz: 0850 346 84 93","breadcrumb":{"@id":"https:\/\/www.myvize.com.tr\/norvec\/subelerimiz\/corlu\/#breadcrumb"},"inLanguage":"tr","potentialAction":[{"@type":"ReadAction","target":["https:\/\/www.myvize.com.tr\/norvec\/subelerimiz\/corlu\/"]}]},{"@type":"ImageObject","inLanguage":"tr","@id":"https:\/\/www.myvize.com.tr\/norvec\/subelerimiz\/corlu\/#primaryimage","url":"https:\/\/www.myvize.com.tr\/norvec\/wp-content\/uploads\/2021\/09\/4-10.jpg","contentUrl":"https:\/\/www.myvize.com.tr\/norvec\/wp-content\/uploads\/2021\/09\/4-10.jpg","width":800,"height":500,"caption":"Norve\u00e7 \u015eubelerimiz \u00c7orlu"},{"@type":"BreadcrumbList","@id":"https:\/\/www.myvize.com.tr\/norvec\/subelerimiz\/corlu\/#breadcrumb","itemListElement":[{"@type":"ListItem","position":1,"name":"Anasayfa","item":"https:\/\/www.myvize.com.tr\/norvec\/"},{"@type":"ListItem","position":2,"name":"\u015eUBELER\u0130M\u0130Z","item":"https:\/\/www.myvize.com.tr\/norvec\/subelerimiz\/"},{"@type":"ListItem","position":3,"name":"Norve\u00e7 Vizesi , \u00c7orlu"}]},{"@type":"WebSite","@id":"https:\/\/www.myvize.com.tr\/norvec\/#website","url":"https:\/\/www.myvize.com.tr\/norvec\/","name":"Norve\u00e7 Vize &amp; Norve\u00e7 Vizesi \u0130\u00e7in Gerekli Evraklar","description":"","potentialAction":[{"@type":"SearchAction","target":{"@type":"EntryPoint","urlTemplate":"https:\/\/www.myvize.com.tr\/norvec\/?s={search_term_string}"},"query-input":{"@type":"PropertyValueSpecification","valueRequired":true,"valueName":"search_term_string"}}],"inLanguage":"tr"}]}},"_links":{"self":[{"href":"https:\/\/www.myvize.com.tr\/norvec\/wp-json\/wp\/v2\/pages\/239","targetHints":{"allow":["GET"]}}],"collection":[{"href":"https:\/\/www.myvize.com.tr\/norvec\/wp-json\/wp\/v2\/pages"}],"about":[{"href":"https:\/\/www.myvize.com.tr\/norvec\/wp-json\/wp\/v2\/types\/page"}],"author":[{"embeddable":true,"href":"https:\/\/www.myvize.com.tr\/norvec\/wp-json\/wp\/v2\/users\/1"}],"replies":[{"embeddable":true,"href":"https:\/\/www.myvize.com.tr\/norvec\/wp-json\/wp\/v2\/comments?post=239"}],"version-history":[{"count":5,"href":"https:\/\/www.myvize.com.tr\/norvec\/wp-json\/wp\/v2\/pages\/239\/revisions"}],"predecessor-version":[{"id":747,"href":"https:\/\/www.myvize.com.tr\/norvec\/wp-json\/wp\/v2\/pages\/239\/revisions\/747"}],"up":[{"embeddable":true,"href":"https:\/\/www.myvize.com.tr\/norvec\/wp-json\/wp\/v2\/pages\/173"}],"wp:attachment":[{"href":"https:\/\/www.myvize.com.tr\/norvec\/wp-json\/wp\/v2\/media?parent=239"}],"curies":[{"name":"wp","href":"https:\/\/api.w.org\/{rel}","templated":true}]}}