{"id":372,"date":"2021-08-19T10:40:34","date_gmt":"2021-08-19T07:40:34","guid":{"rendered":"https:\/\/www.myvize.com.tr\/norvec\/?page_id=372"},"modified":"2022-04-26T14:31:30","modified_gmt":"2022-04-26T11:31:30","slug":"norvec-ticari-vize-davetiye-mektubu","status":"publish","type":"page","link":"https:\/\/www.myvize.com.tr\/norvec\/norvec-ticari-vize-davetiye-mektubu\/","title":{"rendered":"Norve\u00e7 Ticari Vize Davetiye Mektubu"},"content":{"rendered":"<h2><strong><span style=\"font-size: 27px; font-family: Roboto;\">Norve\u00e7 Ticari Vize Davetiye Mektubu Hakk\u0131nda<\/span><\/strong><\/h2>\n<p><span style=\"font-family: Roboto; font-size: 14px;\">\u0130skandinavya Yar\u0131madas\u0131\u2019nda bulunan ve Avrupa\u2019n\u0131n kuzeyinde yer alan Norve\u00e7 \u00fclkesi; Rusya, Finlandiya ve \u0130sve\u00e7\u00a0ile kom\u015fu \u00fclkelerdir. Norve\u00e7\u2019e k\u0131sa s\u00fcreli yahut turistik ama\u00e7l\u0131 seyahat edecek Hususi Pasaport (Ye\u015fil), Hizmet Pasaport (Gri) ve Diplomatik Pasaport (Siyah) hamilleri 90 g\u00fcn s\u0131n\u0131r\u0131 ile vizeden muaf tutulmaktad\u0131r. Fakat bunun d\u0131\u015f\u0131nda kalan vize t\u00fcrleri i\u00e7in \u00e7e\u015fitli pasaport hamilleri fark etmeksizin herkes vizeden sorumlu tutulmaktad\u0131r.\u00a0\u00a0<\/span><\/p>\n<p><span style=\"font-family: Roboto; font-size: 14px;\"><span style=\"color: #2acec2;\"><strong><a style=\"color: #2acec2;\" href=\"https:\/\/www.myvize.com.tr\/norvec\/vize-islemleri\/norvec-ticari-vize\/\" target=\"_blank\" rel=\"noopener\">\u00a0Norve\u00e7 ticari vize<\/a><\/strong><\/span> almak isteyenler i\u00e7in standart s\u00fcre\u00e7 y\u00fcr\u00fct\u00fclmektedir. Bu standart s\u00fcre\u00e7te sizden istenecek en \u00f6nemli evrak ise davetiye mektubunuz olacakt\u0131r.\u00a0\u00a0<\/span><\/p>\n<p><img decoding=\"async\" src=\"https:\/\/www.myvize.com.tr\/norvec\/wp-content\/uploads\/2021\/09\/19.jpg\" \/><\/p>\n<p><span style=\"font-size: 16px;\"><strong><span style=\"font-family: Roboto;\">Davetiye mektubu \u00f6rne\u011fi nas\u0131l yaz\u0131l\u0131r:\u00a0<\/span><\/strong><\/span><\/p>\n<ul>\n<li><span style=\"font-family: Roboto; font-size: 14px;\">Mektubun ba\u015f\u0131na tarih atmal\u0131s\u0131n\u0131z\u00a0<\/span><\/li>\n<li><span style=\"font-family: Roboto; font-size: 14px;\">Ard\u0131ndan <strong>Norve\u00e7 B\u00fcy\u00fckel\u00e7ili\u011fine<\/strong>, diye hitap ederek mektuba ba\u015flamal\u0131s\u0131n\u0131z.\u00a0<\/span><\/li>\n<li><span style=\"font-family: Roboto; font-size: 14px;\">Norve\u00e7\u2019e gidecek ki\u015finin ad\u0131 soyad\u0131 ve pasaport numaras\u0131 yaz\u0131l\u0131r. Sonra bir sonraki paragrafa Norve\u00e7\u2019e gidecek ki\u015finin nerede ya\u015fad\u0131\u011f\u0131, ziyaret eden ki\u015fi ile aralar\u0131ndaki ili\u015fki belirtilir ve ard\u0131ndan neden \u0130srail&#8217;e davet edildi\u011fine dair gerek\u00e7e yaz\u0131l\u0131r.\u00a0<\/span><\/li>\n<li><span style=\"font-family: Roboto; font-size: 14px;\">Mektubun bitiminde davet eden ki\u015fi ad\u0131n\u0131, do\u011fum tarihini, adresini, telefon numaras\u0131n\u0131 ve imzas\u0131n\u0131 b\u0131rakmal\u0131d\u0131r.\u00a0\u00a0<\/span><\/li>\n<\/ul>\n<p><span style=\"font-family: Roboto; font-size: 14px;\">\u00a0\u00a0 Mektup onay al\u0131rsa <strong>Konsolosluk<\/strong> taraf\u0131ndan ka\u015fe ve m\u00fch\u00fcrlenerek evraklar\u0131n\u0131z\u0131n aras\u0131na konulup dikkate al\u0131nacakt\u0131r.\u00a0<\/span><\/p>\n<h2><strong><span style=\"font-family: Roboto; font-size: 27px;\">Norve\u00e7 Ticari Vize \u0130\u015flemleri<\/span><\/strong><\/h2>\n<p><span style=\"font-family: Roboto; font-size: 14px;\">Norve\u00e7\u2019e ticari ama\u00e7l\u0131 olarak seyahat edecek ki\u015filerin <strong>Norve\u00e7 ticari vizesi almas\u0131<\/strong> gerekmektedir. Norve\u00e7 ticari vizesi alacak olan ki\u015filer, Norve\u00e7 ticari vize i\u015flemleri hakk\u0131nda ara\u015ft\u0131rma yapmaktad\u0131r. Bu yaz\u0131da Norve\u00e7 ticari vizesi alacak olan ki\u015filer i\u00e7in <strong>Norve\u00e7 ticari vize i\u015flemleri<\/strong> hakk\u0131nda bilgi verilmi\u015ftir.<\/span><\/p>\n<ul>\n<li><span style=\"font-family: Roboto; font-size: 14px;\"><strong>Norve\u00e7 ticari vize i\u015flemleri<\/strong> i\u00e7in Norve\u00e7 ticari vizesi ba\u015fvurusu yap\u0131lacak olan yerden randevu almal\u0131d\u0131r. Norve\u00e7 ticari vize ba\u015fvurular\u0131 VFS Global\u2019e yap\u0131lmal\u0131d\u0131r.<\/span><\/li>\n<li><span style=\"font-family: Roboto; font-size: 14px;\">Randevu al\u0131nd\u0131ktan sonra Norve\u00e7 ticari vize ba\u015fvurusu i\u00e7in gerekli olan evraklar haz\u0131rlanmal\u0131d\u0131r.<\/span><\/li>\n<li><span style=\"font-family: Roboto; font-size: 14px;\">Haz\u0131rlanan evraklar<span style=\"color: #2acec2;\"><strong><a style=\"color: #2acec2;\" href=\"https:\/\/www.myvize.com.tr\/norvec\/norvec-vize-basvurusu\/\" target=\"_blank\" rel=\"noopener\"> Norve\u00e7 vize ba\u015fvurusu<\/a><\/strong><\/span> yap\u0131lacak olan vize ba\u015fvuru merkezine randevu tarihinde teslim edilmelidir.<\/span><\/li>\n<li><span style=\"font-family: Roboto; font-size: 14px;\">Norve\u00e7 ticari vize i\u015flemleri yukar\u0131daki gibi yap\u0131labilmektedir. Ba\u015fvurular\u0131 inceleme ve de\u011ferlendirme yetkisi Norve\u00e7 temsilciliklerine aittir.<\/span><\/li>\n<\/ul>\n<h2><strong><span style=\"font-family: Roboto; font-size: 27px;\">Norve\u00e7 Ticari Vize Davetiye Mektubu Nas\u0131l Yaz\u0131l\u0131r?<\/span><\/strong><\/h2>\n<p><span style=\"font-family: Roboto; font-size: 14px;\">Bir davete ya da i\u015f g\u00f6r\u00fc\u015fmesine kat\u0131lmak i\u00e7in Norve\u00e7\u2019e seyahat edecek olan ki\u015filerin Norve\u00e7 ticari vizesi almas\u0131 gerekmektedir. Norve\u00e7 ticari vizesi alacak olan ki\u015filerin ba\u015fvuru i\u00e7in davetiye almas\u0131 gerekmektedir. Bu yaz\u0131da Norve\u00e7 ticari vizesi alacak olan ki\u015filer i\u00e7in \u201cNorve\u00e7 ticari vize davetiye mektubu nas\u0131l yaz\u0131l\u0131r?\u201d sorusu hakk\u0131nda bilgi verilmi\u015ftir.<\/span><\/p>\n<p><span style=\"font-family: Roboto; font-size: 14px;\"><strong>Norve\u00e7 ticari vize davetiye mektubu<\/strong> Norve\u00e7\u2019te bulunan ve ba\u015fvuru yapacak olan ki\u015fiyi davetiye eden ki\u015fi, kurum ya da \u015firket taraf\u0131ndan yaz\u0131lmal\u0131d\u0131r.<\/span><\/p>\n<p><span style=\"font-family: Roboto; font-size: 14px;\">Norve\u00e7 ticari vize davetiye mektubunda Norve\u00e7\u2019e seyahat edecek olan ki\u015fi, \u015firket ve seyahat amac\u0131 hakk\u0131nda detayl\u0131 bilgi verilmelidir. Seyahat tarihleri net bir \u015fekilde Norve\u00e7 ticari vize davetiye mektubunda belirtilmelidir. Norve\u00e7 ticari vize davetiye mektubu el ile ya da bilgisayar ile yaz\u0131labilir.<\/span><\/p>\n<h2><strong><span style=\"font-family: Roboto; font-size: 27px;\">Norve\u00e7 Ticari Vize Davetiye Mektubu Yaz\u0131l\u0131rken Dikkat Edilmesi Gerekenler<\/span><\/strong><\/h2>\n<p><span style=\"font-family: Roboto; font-size: 14px;\">Norve\u00e7\u2019e bir davete, kongreye, seminere kat\u0131lmak i\u00e7in ya da i\u015f g\u00f6r\u00fc\u015fmesi yapmak i\u00e7in seyahat edecek olan ki\u015filerin almas\u0131 gereken vize Norve\u00e7 ticari vizesidir. Norve\u00e7 ticari vizesi alacak olan ki\u015filerin Norve\u00e7 ticari vize davetiye mektubu almas\u0131 gerekmektedir. Bu yaz\u0131da Norve\u00e7 ticari vize davetiye mektubu yaz\u0131l\u0131rken dikkat edilmesi gerekenler hakk\u0131nda bilgi verilmi\u015ftir.<\/span><\/p>\n<ul>\n<li><span style=\"font-family: Roboto; font-size: 14px;\">Norve\u00e7 ticari vize davetiye mektubu el ile ya da bilgisayar ile yaz\u0131labilir.<\/span><\/li>\n<li><span style=\"font-family: Roboto; font-size: 14px;\">Mektup<strong> \u0130ngilizce ya da Norve\u00e7\u00e7e<\/strong> yaz\u0131labilir.<\/span><\/li>\n<li><span style=\"font-family: Roboto; font-size: 14px;\">Norve\u00e7 ticari vize davetiye mektubu A4 ka\u011f\u0131d\u0131na yaz\u0131lmal\u0131d\u0131r.<\/span><\/li>\n<li><span style=\"font-family: Roboto; font-size: 14px;\">Davetiye mektubunun y\u0131pranmam\u0131\u015f ya da lekesiz olmal\u0131d\u0131r.<\/span><\/li>\n<li><span style=\"font-family: Roboto; font-size: 14px;\">Norve\u00e7 ticari vize davetiye mektubu Norve\u00e7\u2019te bulunan ve ba\u015fvuru sahibini davet eden ki\u015fi taraf\u0131ndan yaz\u0131lmal\u0131d\u0131r.<\/span><\/li>\n<li><span style=\"font-family: Roboto; font-size: 14px;\">Norve\u00e7 ticari vize ba\u015fvurusu yapacak olan ki\u015filerin davetiye mektubundaki bilgileri eksiksiz ve do\u011fru olmal\u0131d\u0131r.<\/span><\/li>\n<\/ul>\n<h3><strong><span style=\"font-family: Roboto; font-size: 24px;\">Norve\u00e7 Ticari Vize Davetiye Mektubu \u00d6rne\u011fi<\/span><\/strong><\/h3>\n<p><span style=\"font-family: Roboto; font-size: 14px;\"><strong>Norve\u00e7 ticari seyahatleri<\/strong> i\u00e7in Norve\u00e7 ticari vize davetiye mektubu almal\u0131d\u0131r. Bu yaz\u0131da Norve\u00e7 ticari vizesi alacak olan ki\u015filer i\u00e7in Norve\u00e7 ticari vize davetiye \u00f6rne\u011fi verilmi\u015ftir. A\u015fa\u011f\u0131da T\u00fcrk\u00e7e olarak verilmi\u015ftir. Ancak davetiye mektubunun <strong>\u0130ngilizce ya da Norve\u00e7\u00e7e<\/strong> olmas\u0131 gerekmektedir.<\/span><\/p>\n<p><span style=\"font-family: Roboto; font-size: 16px;\"><strong>Norve\u00e7 \u0130stanbul Konsoloslu\u011fu<\/strong><\/span><\/p>\n<p><span style=\"font-family: Roboto; font-size: 16px;\"><strong>Vize B\u00f6l\u00fcm\u00fc<\/strong><\/span><\/p>\n<p><span style=\"font-family: Roboto; font-size: 14px;\">10.05.2022-10.07.2022 tarihleri aras\u0131nda Norve\u00e7\u2019e \u015firketimiz ABC Firmas\u0131 ile i\u015f g\u00f6r\u00fc\u015fmesi yapmak i\u00e7in T\u00fcrkiye Cumhuriyeti vatanda\u015f\u0131 Yunus Kaplan seyahatte bulunacakt\u0131r.<\/span><\/p>\n<p><span style=\"font-family: Roboto; font-size: 14px;\">ABC Firmas\u0131 olarak Yunus Kaplan ile ticari anla\u015fmalar konusunda g\u00f6r\u00fc\u015fmeler yap\u0131lacakt\u0131r. Bu nedenle Yunus Kaplan\u2019a Norve\u00e7 ticari vizesi verilmesini talep ediyoruz. Yunus Kaplan\u2019\u0131n seyahat masraflar\u0131 \u015firketimiz taraf\u0131ndan kar\u015f\u0131lanacakt\u0131r.<\/span><\/p>\n<p><span style=\"font-family: Roboto; font-size: 14px;\">Yunus Kaplan\u2019\u0131n Norve\u00e7 ticari vizesi bitiminden \u00f6nce \u00fclkenden ayr\u0131laca\u011f\u0131n\u0131 garanti etmekteyiz.<\/span><\/p>\n","protected":false},"excerpt":{"rendered":"<p>Norve\u00e7 Ticari Vize Davetiye Mektubu Hakk\u0131nda \u0130skandinavya Yar\u0131madas\u0131\u2019nda bulunan ve Avrupa\u2019n\u0131n kuzeyinde yer alan Norve\u00e7 \u00fclkesi; Rusya, Finlandiya ve \u0130sve\u00e7\u00a0ile kom\u015fu \u00fclkelerdir. Norve\u00e7\u2019e k\u0131sa s\u00fcreli yahut turistik ama\u00e7l\u0131 seyahat edecek Hususi Pasaport (Ye\u015fil), Hizmet Pasaport (Gri) ve Diplomatik Pasaport (Siyah) hamilleri 90 g\u00fcn s\u0131n\u0131r\u0131 ile vizeden muaf tutulmaktad\u0131r. Fakat bunun d\u0131\u015f\u0131nda kalan vize t\u00fcrleri i\u00e7in<\/p>\n","protected":false},"author":1,"featured_media":0,"parent":0,"menu_order":0,"comment_status":"open","ping_status":"closed","template":"","meta":{"footnotes":""},"class_list":["post-372","page","type-page","status-publish","hentry"],"yoast_head":"<!-- This site is optimized with the Yoast SEO plugin v26.8 - https:\/\/yoast.com\/product\/yoast-seo-wordpress\/ -->\n<title>Norve\u00e7 Ticari Vize Davetiye Mektubu - MyVize<\/title>\n<meta name=\"description\" content=\"Norve\u00e7 Ticari Vize Davetiye Mektubu Nas\u0131l Yaz\u0131l\u0131r? Norve\u00e7 Ticari Vize Davetiye Mektubu \u00d6rne\u011fi 2022. Bilgi \u0130\u00e7in Hemen Aray\u0131n: 0850 346 84 93\" \/>\n<meta name=\"robots\" content=\"index, follow, max-snippet:-1, max-image-preview:large, max-video-preview:-1\" \/>\n<link rel=\"canonical\" href=\"https:\/\/www.myvize.com.tr\/norvec\/norvec-ticari-vize-davetiye-mektubu\/\" \/>\n<meta property=\"og:locale\" content=\"tr_TR\" \/>\n<meta property=\"og:type\" content=\"article\" \/>\n<meta property=\"og:title\" content=\"Norve\u00e7 Ticari Vize Davetiye Mektubu - MyVize\" \/>\n<meta property=\"og:description\" content=\"Norve\u00e7 Ticari Vize Davetiye Mektubu Nas\u0131l Yaz\u0131l\u0131r? Norve\u00e7 Ticari Vize Davetiye Mektubu \u00d6rne\u011fi 2022. Bilgi \u0130\u00e7in Hemen Aray\u0131n: 0850 346 84 93\" \/>\n<meta property=\"og:url\" content=\"https:\/\/www.myvize.com.tr\/norvec\/norvec-ticari-vize-davetiye-mektubu\/\" \/>\n<meta property=\"og:site_name\" content=\"Norve\u00e7 Vize &amp; Norve\u00e7 Vizesi \u0130\u00e7in Gerekli Evraklar\" \/>\n<meta property=\"article:modified_time\" content=\"2022-04-26T11:31:30+00:00\" \/>\n<meta property=\"og:image\" content=\"https:\/\/www.myvize.com.tr\/norvec\/wp-content\/uploads\/2021\/09\/19.jpg\" \/>\n<meta name=\"twitter:card\" content=\"summary_large_image\" \/>\n<meta name=\"twitter:label1\" content=\"Tahmini okuma s\u00fcresi\" \/>\n\t<meta name=\"twitter:data1\" content=\"4 dakika\" \/>\n<script type=\"application\/ld+json\" class=\"yoast-schema-graph\">{\"@context\":\"https:\/\/schema.org\",\"@graph\":[{\"@type\":\"WebPage\",\"@id\":\"https:\/\/www.myvize.com.tr\/norvec\/norvec-ticari-vize-davetiye-mektubu\/\",\"url\":\"https:\/\/www.myvize.com.tr\/norvec\/norvec-ticari-vize-davetiye-mektubu\/\",\"name\":\"Norve\u00e7 Ticari Vize Davetiye Mektubu - MyVize\",\"isPartOf\":{\"@id\":\"https:\/\/www.myvize.com.tr\/norvec\/#website\"},\"primaryImageOfPage\":{\"@id\":\"https:\/\/www.myvize.com.tr\/norvec\/norvec-ticari-vize-davetiye-mektubu\/#primaryimage\"},\"image\":{\"@id\":\"https:\/\/www.myvize.com.tr\/norvec\/norvec-ticari-vize-davetiye-mektubu\/#primaryimage\"},\"thumbnailUrl\":\"https:\/\/www.myvize.com.tr\/norvec\/wp-content\/uploads\/2021\/09\/19.jpg\",\"datePublished\":\"2021-08-19T07:40:34+00:00\",\"dateModified\":\"2022-04-26T11:31:30+00:00\",\"description\":\"Norve\u00e7 Ticari Vize Davetiye Mektubu Nas\u0131l Yaz\u0131l\u0131r? Norve\u00e7 Ticari Vize Davetiye Mektubu \u00d6rne\u011fi 2022. Bilgi \u0130\u00e7in Hemen Aray\u0131n: 0850 346 84 93\",\"breadcrumb\":{\"@id\":\"https:\/\/www.myvize.com.tr\/norvec\/norvec-ticari-vize-davetiye-mektubu\/#breadcrumb\"},\"inLanguage\":\"tr\",\"potentialAction\":[{\"@type\":\"ReadAction\",\"target\":[\"https:\/\/www.myvize.com.tr\/norvec\/norvec-ticari-vize-davetiye-mektubu\/\"]}]},{\"@type\":\"ImageObject\",\"inLanguage\":\"tr\",\"@id\":\"https:\/\/www.myvize.com.tr\/norvec\/norvec-ticari-vize-davetiye-mektubu\/#primaryimage\",\"url\":\"https:\/\/www.myvize.com.tr\/norvec\/wp-content\/uploads\/2021\/09\/19.jpg\",\"contentUrl\":\"https:\/\/www.myvize.com.tr\/norvec\/wp-content\/uploads\/2021\/09\/19.jpg\",\"width\":800,\"height\":500,\"caption\":\"Norve\u00e7 Ticari Vize Davetiye Mektubu\"},{\"@type\":\"BreadcrumbList\",\"@id\":\"https:\/\/www.myvize.com.tr\/norvec\/norvec-ticari-vize-davetiye-mektubu\/#breadcrumb\",\"itemListElement\":[{\"@type\":\"ListItem\",\"position\":1,\"name\":\"Anasayfa\",\"item\":\"https:\/\/www.myvize.com.tr\/norvec\/\"},{\"@type\":\"ListItem\",\"position\":2,\"name\":\"Norve\u00e7 Ticari Vize Davetiye Mektubu\"}]},{\"@type\":\"WebSite\",\"@id\":\"https:\/\/www.myvize.com.tr\/norvec\/#website\",\"url\":\"https:\/\/www.myvize.com.tr\/norvec\/\",\"name\":\"Norve\u00e7 Vize &amp; Norve\u00e7 Vizesi \u0130\u00e7in Gerekli Evraklar\",\"description\":\"\",\"potentialAction\":[{\"@type\":\"SearchAction\",\"target\":{\"@type\":\"EntryPoint\",\"urlTemplate\":\"https:\/\/www.myvize.com.tr\/norvec\/?s={search_term_string}\"},\"query-input\":{\"@type\":\"PropertyValueSpecification\",\"valueRequired\":true,\"valueName\":\"search_term_string\"}}],\"inLanguage\":\"tr\"}]}<\/script>\n<!-- \/ Yoast SEO plugin. -->","yoast_head_json":{"title":"Norve\u00e7 Ticari Vize Davetiye Mektubu - MyVize","description":"Norve\u00e7 Ticari Vize Davetiye Mektubu Nas\u0131l Yaz\u0131l\u0131r? Norve\u00e7 Ticari Vize Davetiye Mektubu \u00d6rne\u011fi 2022. Bilgi \u0130\u00e7in Hemen Aray\u0131n: 0850 346 84 93","robots":{"index":"index","follow":"follow","max-snippet":"max-snippet:-1","max-image-preview":"max-image-preview:large","max-video-preview":"max-video-preview:-1"},"canonical":"https:\/\/www.myvize.com.tr\/norvec\/norvec-ticari-vize-davetiye-mektubu\/","og_locale":"tr_TR","og_type":"article","og_title":"Norve\u00e7 Ticari Vize Davetiye Mektubu - MyVize","og_description":"Norve\u00e7 Ticari Vize Davetiye Mektubu Nas\u0131l Yaz\u0131l\u0131r? Norve\u00e7 Ticari Vize Davetiye Mektubu \u00d6rne\u011fi 2022. Bilgi \u0130\u00e7in Hemen Aray\u0131n: 0850 346 84 93","og_url":"https:\/\/www.myvize.com.tr\/norvec\/norvec-ticari-vize-davetiye-mektubu\/","og_site_name":"Norve\u00e7 Vize &amp; Norve\u00e7 Vizesi \u0130\u00e7in Gerekli Evraklar","article_modified_time":"2022-04-26T11:31:30+00:00","og_image":[{"url":"https:\/\/www.myvize.com.tr\/norvec\/wp-content\/uploads\/2021\/09\/19.jpg","type":"","width":"","height":""}],"twitter_card":"summary_large_image","twitter_misc":{"Tahmini okuma s\u00fcresi":"4 dakika"},"schema":{"@context":"https:\/\/schema.org","@graph":[{"@type":"WebPage","@id":"https:\/\/www.myvize.com.tr\/norvec\/norvec-ticari-vize-davetiye-mektubu\/","url":"https:\/\/www.myvize.com.tr\/norvec\/norvec-ticari-vize-davetiye-mektubu\/","name":"Norve\u00e7 Ticari Vize Davetiye Mektubu - MyVize","isPartOf":{"@id":"https:\/\/www.myvize.com.tr\/norvec\/#website"},"primaryImageOfPage":{"@id":"https:\/\/www.myvize.com.tr\/norvec\/norvec-ticari-vize-davetiye-mektubu\/#primaryimage"},"image":{"@id":"https:\/\/www.myvize.com.tr\/norvec\/norvec-ticari-vize-davetiye-mektubu\/#primaryimage"},"thumbnailUrl":"https:\/\/www.myvize.com.tr\/norvec\/wp-content\/uploads\/2021\/09\/19.jpg","datePublished":"2021-08-19T07:40:34+00:00","dateModified":"2022-04-26T11:31:30+00:00","description":"Norve\u00e7 Ticari Vize Davetiye Mektubu Nas\u0131l Yaz\u0131l\u0131r? Norve\u00e7 Ticari Vize Davetiye Mektubu \u00d6rne\u011fi 2022. Bilgi \u0130\u00e7in Hemen Aray\u0131n: 0850 346 84 93","breadcrumb":{"@id":"https:\/\/www.myvize.com.tr\/norvec\/norvec-ticari-vize-davetiye-mektubu\/#breadcrumb"},"inLanguage":"tr","potentialAction":[{"@type":"ReadAction","target":["https:\/\/www.myvize.com.tr\/norvec\/norvec-ticari-vize-davetiye-mektubu\/"]}]},{"@type":"ImageObject","inLanguage":"tr","@id":"https:\/\/www.myvize.com.tr\/norvec\/norvec-ticari-vize-davetiye-mektubu\/#primaryimage","url":"https:\/\/www.myvize.com.tr\/norvec\/wp-content\/uploads\/2021\/09\/19.jpg","contentUrl":"https:\/\/www.myvize.com.tr\/norvec\/wp-content\/uploads\/2021\/09\/19.jpg","width":800,"height":500,"caption":"Norve\u00e7 Ticari Vize Davetiye Mektubu"},{"@type":"BreadcrumbList","@id":"https:\/\/www.myvize.com.tr\/norvec\/norvec-ticari-vize-davetiye-mektubu\/#breadcrumb","itemListElement":[{"@type":"ListItem","position":1,"name":"Anasayfa","item":"https:\/\/www.myvize.com.tr\/norvec\/"},{"@type":"ListItem","position":2,"name":"Norve\u00e7 Ticari Vize Davetiye Mektubu"}]},{"@type":"WebSite","@id":"https:\/\/www.myvize.com.tr\/norvec\/#website","url":"https:\/\/www.myvize.com.tr\/norvec\/","name":"Norve\u00e7 Vize &amp; Norve\u00e7 Vizesi \u0130\u00e7in Gerekli Evraklar","description":"","potentialAction":[{"@type":"SearchAction","target":{"@type":"EntryPoint","urlTemplate":"https:\/\/www.myvize.com.tr\/norvec\/?s={search_term_string}"},"query-input":{"@type":"PropertyValueSpecification","valueRequired":true,"valueName":"search_term_string"}}],"inLanguage":"tr"}]}},"_links":{"self":[{"href":"https:\/\/www.myvize.com.tr\/norvec\/wp-json\/wp\/v2\/pages\/372","targetHints":{"allow":["GET"]}}],"collection":[{"href":"https:\/\/www.myvize.com.tr\/norvec\/wp-json\/wp\/v2\/pages"}],"about":[{"href":"https:\/\/www.myvize.com.tr\/norvec\/wp-json\/wp\/v2\/types\/page"}],"author":[{"embeddable":true,"href":"https:\/\/www.myvize.com.tr\/norvec\/wp-json\/wp\/v2\/users\/1"}],"replies":[{"embeddable":true,"href":"https:\/\/www.myvize.com.tr\/norvec\/wp-json\/wp\/v2\/comments?post=372"}],"version-history":[{"count":5,"href":"https:\/\/www.myvize.com.tr\/norvec\/wp-json\/wp\/v2\/pages\/372\/revisions"}],"predecessor-version":[{"id":715,"href":"https:\/\/www.myvize.com.tr\/norvec\/wp-json\/wp\/v2\/pages\/372\/revisions\/715"}],"wp:attachment":[{"href":"https:\/\/www.myvize.com.tr\/norvec\/wp-json\/wp\/v2\/media?parent=372"}],"curies":[{"name":"wp","href":"https:\/\/api.w.org\/{rel}","templated":true}]}}