{"id":39,"date":"2020-11-30T12:46:14","date_gmt":"2020-11-30T09:46:14","guid":{"rendered":"https:\/\/www.myvize.com.tr\/norvec\/?page_id=39"},"modified":"2022-08-11T11:41:48","modified_gmt":"2022-08-11T08:41:48","slug":"norvec-vize-randevusu","status":"publish","type":"page","link":"https:\/\/www.myvize.com.tr\/norvec\/vize-islemleri\/norvec-vize-randevusu\/","title":{"rendered":"Norve\u00e7 Vize Randevusu"},"content":{"rendered":"<h2><strong><span style=\"font-size: 27px; font-family: Roboto;\">Norve\u00e7 Vize Randevusu Hakk\u0131nda<\/span><\/strong><\/h2>\n<p><span style=\"font-size: 14px; font-family: Roboto;\"><span style=\"color: #2acec2;\"><a style=\"color: #2acec2;\" href=\"https:\/\/www.myvize.com.tr\/norvec\/vize-islemleri\/norvec-vizesi\/\" target=\"_blank\" rel=\"noopener\"><strong>Norve\u00e7 vizesi<\/strong> <\/a><\/span>randevunuzu konsolosluk.gov.tr adresinden veya Norve\u00e7 B\u00fcy\u00fckel\u00e7ili\u011fi&#8217;nden alabilirsiniz. Ayn\u0131 adresten randevu durumunuzu sorgulayabilir ve iptal de edebilirsiniz.<\/span><\/p>\n<p><span style=\"font-size: 14px; font-family: Roboto;\">Konsolosluk.gov.tr adresine girdi\u011finizde; &#8216;Randevu al&#8217; sekmesine t\u0131klay\u0131n\u0131z. A\u015fa\u011f\u0131daki sekmeler \u00f6n\u00fcn\u00fcze \u00e7\u0131kacakt\u0131r:<\/span><\/p>\n<p><span style=\"font-size: 14px; font-family: Roboto;\">&#8211; T\u00fcrk Vatanda\u015flar\u0131 \u0130\u00e7in Konsolosluk \u0130\u015flemleri<\/span><\/p>\n<p><span style=\"font-size: 14px; font-family: Roboto;\">&#8211; Yabanc\u0131lar i\u00e7in Vize \u00d6n Ba\u015fvuru<\/span><\/p>\n<p><span style=\"font-size: 14px; font-family: Roboto;\">Buradan herhangi bir sekmeyi se\u00e7ti\u011finizde; ilk ad\u0131mda uyruk, pasaport numaran\u0131z ve seyahatinizin detaylar\u0131n\u0131n (seyahat amac\u0131n\u0131z, tek \/m\u00fcteaddit (\u00e7oklu) giri\u015fin sorguland\u0131\u011f\u0131 bir ba\u015fvuru formu \u00e7\u0131kacakt\u0131r. Ba\u015fvuru formundaki sorulara ger\u00e7ek\u00e7i yan\u0131tlar veriniz. Verdi\u011finiz bilgileri belgeyle kan\u0131tlaman\u0131z istenmektedir.<\/span><\/p>\n<p><span style=\"font-size: 14px; font-family: Roboto;\">Randevu g\u00f6r\u00fc\u015fmesine bizzat kendiniz gidiniz ve tam randevu saatinde orada bulunmaya \u00f6zen g\u00f6steriniz.<\/span><\/p>\n<p><img decoding=\"async\" src=\"https:\/\/www.myvize.com.tr\/norvec\/wp-content\/uploads\/2021\/09\/9.jpg\" \/><\/p>\n<p><span style=\"font-size: 14px; font-family: Roboto;\">Size vize verilebilmesi i\u00e7in &#8216;istenilen evraklar listesi&#8217; verilecektir, bu evraklar\u0131 bir sonraki randevu tarihine kadar haz\u0131rlay\u0131n\u0131z.<\/span><\/p>\n<p><span style=\"font-size: 14px; font-family: Roboto;\">Vize ba\u015fvurusunda en \u00f6nemli unsur, seyahatinizin amac\u0131 olmaktad\u0131r, \u00e7\u00fcnk\u00fc buna g\u00f6re verilen vize tipi de\u011fi\u015fmektedir.<\/span><\/p>\n<p><span style=\"font-size: 14px; font-family: Roboto;\">Daimi ikametgah\u0131n\u0131z hangi \u015fehirde ise, bulundu\u011funuz yere en yak\u0131n temsilciliklere vize ba\u015fvurusu yapman\u0131z gerekmektedir. Ankara\u00a0<strong>Norve\u00e7<\/strong>\u00a0B\u00fcy\u00fckel\u00e7ili\u011fi ve \u0130stanbul Macaristan Konsoloslu\u011fu diplomatik temsilciliklerdir. Vize ba\u015fvurunuzu &#8216;vize ba\u015fvuru merkezlerine&#8217; de yapabilirsiniz. Vize Ba\u015fvuru Merkezleri; <a href=\"https:\/\/www.myvize.com.tr\/norvec\/subelerimiz\/ankara\/\" target=\"_blank\" rel=\"noopener\"><strong><span style=\"color: #2acec2;\">Ankara<\/span><\/strong><\/a>, <span style=\"color: #2acec2;\"><a style=\"color: #2acec2;\" href=\"https:\/\/www.myvize.com.tr\/norvec\/subelerimiz\/istanbul\/\" target=\"_blank\" rel=\"noopener\"><strong>\u0130stanbul<\/strong><\/a><\/span>, \u0130zmir ve Antalya&#8217;da bulunmaktad\u0131r.<\/span><\/p>\n<p><span style=\"font-family: Roboto; font-size: 14px;\"><strong>Norve\u00e7 vize<\/strong> i\u00e7in ba\u015fvuruda bulunacak ki\u015finin randevu almas\u0131 gerekmektedir.<strong> Norve\u00e7 vize<\/strong> ba\u015fvurusu i\u00e7in randevu Norve\u00e7 Konsoloslu\u011fu yo\u011funlu\u011fu g\u00f6re ileri bir tarih de verilebilir. Bu nedenle vize ba\u015fvurusu seyahat tarihinde 1 ay \u00f6ncesi yap\u0131lmas\u0131 tavsiye edilir.<strong> Norve\u00e7 vize<\/strong> ba\u015fvurusu i\u00e7in yetkili olan ba\u015fvuru merkezi ya da Konsolosluk \u00fczerinde randevu alman\u0131z gerekmekte<strong>. Norve\u00e7 vizesi<\/strong> randevu tarih ve saati m\u00fcracaat\u0131 ger\u00e7ekle\u015ftiremedi\u011fi takdirde vakit kaybetmede yeni bir vize randevusu tarih almal\u0131s\u0131n\u0131z.<strong> Norve\u00e7 vize<\/strong> ba\u015fvurunuz i\u00e7in seyahat tarihine uygun randevu tarihi ve saat konusunda vize merkezi temsilcimizden destek alabilirsiniz.<\/span><br \/>\n<span style=\"font-family: Roboto; font-size: 14px;\">25 Eyl\u00fcl 2014 tarihinde di\u011fer Schengen \u00fclkesiyle birlikte biyometrik bilgi sistemi ge\u00e7en <strong>Norve\u00e7 vizesi<\/strong> ba\u015fvurusunda biyometrik parmak iz (VIS) talep edilmektedir.<strong> Norve\u00e7 vizesi<\/strong> i\u015fleminde verdi\u011finiz bu parmak izleri verisi 5 y\u0131l s\u00fcreyle di\u011fer Schengen vizesi ba\u015fvurunuzda da ge\u00e7erli olacakt\u0131r. Fakat Schengen \u00fclkesinden baz\u0131s\u0131 kendisinin ald\u0131\u011f\u0131 VIS bilgisi d\u0131\u015f\u0131nda biyometrik parmak izi verisi tan\u0131mad\u0131\u011f\u0131 i\u00e7in yeniden parmak iz talep edebilmektedir. <strong>Norve\u00e7 Vizesi<\/strong> al\u0131rken vizeniz i\u015flenece\u011fi pasaportunuz seyahatinizin sonlanaca\u011f\u0131 tarihden sonra en az 90 g\u00fcnl\u00fck ge\u00e7erlili\u011fi ve en az 3 bo\u015f sayfas\u0131 bulunmas\u0131 dikkat etmeniz gerekir.<\/span><\/p>\n<h2><span style=\"font-family: Roboto; font-size: 27px;\"><strong>Norve\u00e7 Vize Randevusu Nas\u0131l Al\u0131n\u0131r?<\/strong><\/span><\/h2>\n<p><span style=\"font-family: Roboto; font-size: 14px;\">T\u00fcrkiye Cumhuriyeti ile <strong>Norve\u00e7 Krall\u0131\u011f\u0131<\/strong> aras\u0131ndaki ili\u015fkileri en \u00fcst seviyeye \u00e7\u0131kartmak, T\u00fcrkiye&#8217;de oturan Norve\u00e7 vatanda\u015flar\u0131n\u0131n b\u00fct\u00fcn resmi i\u015flemlerini yapmakt\u0131r. T\u00fcrkiye&#8217;den Norve\u00e7&#8217;e seyahat edecek T\u00fcrk vatanda\u015flar\u0131n\u0131n vize i\u015flemlerini ger\u00e7ekle\u015ftiren resmi kurumdur.<\/span><\/p>\n<p><span style=\"font-family: Roboto; font-size: 14px;\"><strong>Norve\u00e7&#8217;e seyahat<\/strong> edecek olan T\u00fcrk vatanda\u015flar\u0131, Norve\u00e7 vizesi almalar\u0131 gerekir.\u00a0 Norve\u00e7 vizesi ba\u015fvurusu yap\u0131lmadan \u00f6nce randevu al\u0131nmas\u0131 gerekir. Norve\u00e7 vize randevusu i\u015flemleri yap\u0131l\u0131rken dikkat edilecek hususlar bulunmaktad\u0131r. Dikkat edilecek hususlar olarak haz\u0131rlanacak evraklar\u0131n eksiksiz ve do\u011fru olmas\u0131 gerekir.<\/span><\/p>\n<p><span style=\"font-family: Roboto; font-size: 14px;\"><strong>Norve\u00e7 vize<\/strong> randevusunun al\u0131nmas\u0131 i\u00e7in kurumlar\u0131n internet sitelerinden veya kurumlara gidilmesi ile randevular al\u0131nmaktad\u0131r. Norve\u00e7 vize randevusu Norve\u00e7 Ba\u015fkonsoloslu\u011fu ve Norve\u00e7 Ankara B\u00fcy\u00fckel\u00e7ili\u011fi taraf\u0131ndan verilmektedir.<\/span><\/p>\n<p><span style=\"font-family: Roboto; font-size: 14px;\">Norve\u00e7 vize randevusu al\u0131nd\u0131ktan sonra, randevu tarihinde ve saatinde mutlaka gidilmesi gerekir. Randevu s\u0131ras\u0131nda sorulan sorulara do\u011fru ve net cevaplar verilmesi gerekir.<\/span><\/p>\n<p><span style=\"font-family: Roboto; font-size: 14px;\">Randevu evraklar\u0131n\u0131n teslim edilmesiyle Norve\u00e7 vize ba\u015fvurusu ba\u015flam\u0131\u015f olur. Vize sonu\u00e7lar\u0131 en ge\u00e7 15 g\u00fcn i\u00e7inde sonu\u00e7lan\u0131r.<\/span><\/p>\n<h2><span style=\"font-family: Roboto; font-size: 27px;\"><strong>Norve\u00e7 Vize Randevusu Nereden Al\u0131n\u0131r?<\/strong><\/span><\/h2>\n<p><span style=\"font-family: Roboto; font-size: 14px;\">Norve\u00e7 vize randevusu, T\u00fcrkiye&#8217;den Norve\u00e7&#8217;e gitmek isteyen ki\u015filerin yapacaklar\u0131 seyahatleri \u00f6ncesinde vize ba\u015fvuru i\u015flemlerinin \u00f6nemli \u015fartlar\u0131ndan biridir. T\u00fcrkiye Cumhuriyeti vatanda\u015flar\u0131ndan ye\u015fil, gri ve siyah pasaportu bulunan ki\u015filer, Norve\u00e7&#8217;e yapacaklar\u0131 k\u0131sa s\u00fcreli olan seyahatleri i\u00e7in vize almalar\u0131na gerek olmaz.<\/span><\/p>\n<p><span style=\"font-family: Roboto; font-size: 14px;\">Fakat Bordo renkli pasaporta sahip olan ki\u015filer, Norve\u00e7&#8217;e yapacaklar\u0131 her t\u00fcrl\u00fc seyahatleri i\u00e7in vize ba\u015fvurusunda bulunmalar\u0131 gereklidir. Vize ba\u015fvurular\u0131 yap\u0131l\u0131rken vize randevusu almalar\u0131 gerekir.<\/span><\/p>\n<p><span style=\"font-family: Roboto; font-size: 14px;\"><strong>Norve\u00e7 vize randevular\u0131<\/strong>, T\u00fcrkiye&#8217;de bulunan Norve\u00e7 temsilcilikleri ile Norve\u00e7 B\u00fcy\u00fckel\u00e7ili\u011fi&#8217;nin yetkilendirdi\u011fi ba\u015fvuru merkezleri arac\u0131l\u0131\u011f\u0131yla randevular al\u0131nmaktad\u0131r. Baz\u0131 durumlarda vize randevular\u0131n\u0131 direkt olarak Norve\u00e7 B\u00fcy\u00fckel\u00e7ili\u011fi&#8217;ne teslim edilmesinin bir imkan\u0131 yoktur. <strong>Norve\u00e7 vize ba\u015fvuru<\/strong> randevular\u0131 vize ba\u015fvuru merkezleri taraf\u0131ndan verilmektedir. Norve\u00e7 vize randevusu al\u0131nd\u0131ktan sonra randevu g\u00fcn\u00fc mutlaka randevu merkezlerinde bulunulmas\u0131 gerekir. Randevu tarihini unutanlar\u0131n randevular\u0131 iptal olur ve yeniden ba\u015fvuru yapmalar\u0131 gerekir.<\/span><\/p>\n<h2><span style=\"font-family: Roboto; font-size: 27px;\"><strong>Norve\u00e7 Vize Randevusu Nas\u0131l Sorgulan\u0131r?<\/strong><\/span><\/h2>\n<p><span style=\"font-family: Roboto; font-size: 14px;\"><strong>Norve\u00e7\u2019e seyahat<\/strong> edecek ki\u015filer mutlaka vize almalar\u0131 gerekir ve vize ba\u015fvurular\u0131nda bulunmalar\u0131 gerekir. Norve\u00e7 vize ba\u015fvurusunda bulunmadan \u00f6nce randevu almalar\u0131 gerekir. Norve\u00e7 vize randevusu, Norve\u00e7 vize ba\u015fvurusu i\u00e7in yap\u0131lmas\u0131 gereken baz\u0131 i\u015flemler aras\u0131nda en \u00f6nemli olanlardan biridir. T\u00fcrkiye&#8217;den Norve\u00e7&#8217;e seyahat amac\u0131yla gitmek isteyen vatanda\u015flar, planlam\u0131\u015f olduklar\u0131 seyahatin amac\u0131na g\u00f6re vize ba\u015fvurusu yapmalar\u0131 gerekir. Norve\u00e7 Ankara B\u00fcy\u00fckel\u00e7ili\u011fi istisnai durumlar hari\u00e7 vize ba\u015fvurular\u0131n\u0131 kabul etmemektedir. <strong>Norve\u00e7 vize ba\u015fvurular\u0131<\/strong> Norve\u00e7 Ankara B\u00fcy\u00fckel\u00e7ili\u011fi taraf\u0131ndan yetki verilen vize ba\u015fvuru merkezleri taraf\u0131ndan randevu talepleri de al\u0131nmaktad\u0131r. Norve\u00e7 vize randevular\u0131 vize ba\u015fvuru merkezleri taraf\u0131ndan sorgulanmaktad\u0131r. Norve\u00e7 B\u00fcy\u00fckel\u00e7ili\u011fi&#8217;nden al\u0131nan vize randevular\u0131nda istenen vizenin yap\u0131lacak seyahat tarihine yeti\u015fmesi i\u00e7in ge\u00e7 kal\u0131nmamal\u0131. Yap\u0131lacak seyahatten 1 ay \u00f6nce vize randevular\u0131 talep edilmelidir. Randevu tarihinde ve saatinde randevu merkezlerinde bulunulmas\u0131 gerekir. Norve\u00e7 vize randevular\u0131 vize ba\u015fvuru merkezlerinde sorgulan\u0131r ve sonu\u00e7lar ba\u015fvuru sahibine mail adresleri \u00fczerinden bilgilendirme yap\u0131l\u0131r.<\/span><\/p>\n<h3><span style=\"font-family: Roboto; font-size: 24px;\"><strong>Norve\u00e7 Vize Randevusuna Gecikirsem&#8230;<\/strong><\/span><\/h3>\n<p><span style=\"font-family: Roboto; font-size: 14px;\">Norve\u00e7 vize randevusu, Norve\u00e7&#8217;e yap\u0131lacak olan seyahatler \u00f6ncesinde vize ba\u015fvurular\u0131 i\u00e7in yap\u0131lacak olan en \u00f6nemli ad\u0131mlardan biri olmaktad\u0131r. Norve\u00e7 \u00fclkesine seyahat ama\u00e7l\u0131 olarak gidecek T\u00fcrk vatanda\u015flar\u0131 yapacaklar\u0131 seyahatin amac\u0131na g\u00f6re vize ba\u015fvurusunda bulunmalar\u0131 gerekir. Vize ba\u015fvurusu yap\u0131l\u0131rken <strong>Norve\u00e7 Ankara B\u00fcy\u00fckel\u00e7ili\u011fi<\/strong> vize ba\u015fvurular\u0131 yap\u0131l\u0131rken di\u011fer vize i\u015flemlerinde y\u00fcz y\u00fcze ileti\u015fime ge\u00e7medi\u011fi durumlarda vize ba\u015fvuru merkezleri direkt olarak randevu almaktad\u0131rlar.<\/span><\/p>\n<p><span style=\"font-family: Roboto; font-size: 14px;\"><span style=\"color: #2acec2;\"><strong><a style=\"color: #2acec2;\" href=\"https:\/\/www.myvize.com.tr\/norvec\/norvec-vize-basvurusu\/\" target=\"_blank\" rel=\"noopener\">Norve\u00e7 vize ba\u015fvurusu <\/a><\/strong><\/span>i\u00e7in yap\u0131lacak ba\u015fvuru \u00f6ncesi al\u0131nan randevu tarihi ve saati ge\u00e7irilmemeli. Norve\u00e7 B\u00fcy\u00fckel\u00e7ili\u011fi&#8217;nde mutlaka bulunmak gerekir Randevu saatinde ve g\u00fcn\u00fcnde gerekli olan b\u00fct\u00fcn evraklar eksiksiz ve hatas\u0131z olarak doldurulmal\u0131d\u0131r. Eksik ve hatal\u0131 olmayan evraklar randevu tarihinde gerekli olan yere teslim edilir. Teslim edilen evraklar yap\u0131lacak incelemelerin ard\u0131ndan olumlu veya olumsuz olarak cevapland\u0131r\u0131l\u0131r. Al\u0131nan randevu ve saatine gecikirseniz veya zaman\u0131nda Norve\u00e7 Ankara B\u00fcy\u00fckel\u00e7ili\u011finde bulunmaz iseniz randevunuz iptal olur. Tekrar yeniden vize ba\u015fvurusu i\u00e7in randevu al\u0131nmas\u0131 gerekir.<\/span><\/p>\n","protected":false},"excerpt":{"rendered":"<p>Norve\u00e7 Vize Randevusu Hakk\u0131nda Norve\u00e7 vizesi randevunuzu konsolosluk.gov.tr adresinden veya Norve\u00e7 B\u00fcy\u00fckel\u00e7ili\u011fi&#8217;nden alabilirsiniz. Ayn\u0131 adresten randevu durumunuzu sorgulayabilir ve iptal de edebilirsiniz. Konsolosluk.gov.tr adresine girdi\u011finizde; &#8216;Randevu al&#8217; sekmesine t\u0131klay\u0131n\u0131z. A\u015fa\u011f\u0131daki sekmeler \u00f6n\u00fcn\u00fcze \u00e7\u0131kacakt\u0131r: &#8211; T\u00fcrk Vatanda\u015flar\u0131 \u0130\u00e7in Konsolosluk \u0130\u015flemleri &#8211; Yabanc\u0131lar i\u00e7in Vize \u00d6n Ba\u015fvuru Buradan herhangi bir sekmeyi se\u00e7ti\u011finizde; ilk ad\u0131mda uyruk, pasaport numaran\u0131z<\/p>\n","protected":false},"author":1,"featured_media":0,"parent":18,"menu_order":0,"comment_status":"open","ping_status":"closed","template":"","meta":{"footnotes":""},"class_list":["post-39","page","type-page","status-publish","hentry"],"yoast_head":"<!-- This site is optimized with the Yoast SEO plugin v26.8 - https:\/\/yoast.com\/product\/yoast-seo-wordpress\/ -->\n<title>Norve\u00e7 Vize Randevusu - Norve\u00e7 Vizesi - MyVize<\/title>\n<meta name=\"description\" content=\"Norve\u00e7 vize randevusu i\u00e7in ileti\u015fim. Norve\u00e7 vize randevusu i\u00e7in g\u00f6rsel anlat\u0131m ve detayl\u0131 bilgiler i\u00e7in sayfam\u0131z\u0131 ziyaret edebilirsiniz.\" \/>\n<meta name=\"robots\" content=\"index, follow, max-snippet:-1, max-image-preview:large, max-video-preview:-1\" \/>\n<link rel=\"canonical\" href=\"https:\/\/www.myvize.com.tr\/norvec\/vize-islemleri\/norvec-vize-randevusu\/\" \/>\n<meta property=\"og:locale\" content=\"tr_TR\" \/>\n<meta property=\"og:type\" content=\"article\" \/>\n<meta property=\"og:title\" content=\"Norve\u00e7 Vize Randevusu - Norve\u00e7 Vizesi - MyVize\" \/>\n<meta property=\"og:description\" content=\"Norve\u00e7 vize randevusu i\u00e7in ileti\u015fim. Norve\u00e7 vize randevusu i\u00e7in g\u00f6rsel anlat\u0131m ve detayl\u0131 bilgiler i\u00e7in sayfam\u0131z\u0131 ziyaret edebilirsiniz.\" \/>\n<meta property=\"og:url\" content=\"https:\/\/www.myvize.com.tr\/norvec\/vize-islemleri\/norvec-vize-randevusu\/\" \/>\n<meta property=\"og:site_name\" content=\"Norve\u00e7 Vize &amp; Norve\u00e7 Vizesi \u0130\u00e7in Gerekli Evraklar\" \/>\n<meta property=\"article:modified_time\" content=\"2022-08-11T08:41:48+00:00\" \/>\n<meta property=\"og:image\" content=\"https:\/\/www.myvize.com.tr\/norvec\/wp-content\/uploads\/2021\/09\/9.jpg\" \/>\n<meta name=\"twitter:card\" content=\"summary_large_image\" \/>\n<meta name=\"twitter:label1\" content=\"Tahmini okuma s\u00fcresi\" \/>\n\t<meta name=\"twitter:data1\" content=\"6 dakika\" \/>\n<script type=\"application\/ld+json\" class=\"yoast-schema-graph\">{\"@context\":\"https:\/\/schema.org\",\"@graph\":[{\"@type\":\"WebPage\",\"@id\":\"https:\/\/www.myvize.com.tr\/norvec\/vize-islemleri\/norvec-vize-randevusu\/\",\"url\":\"https:\/\/www.myvize.com.tr\/norvec\/vize-islemleri\/norvec-vize-randevusu\/\",\"name\":\"Norve\u00e7 Vize Randevusu - Norve\u00e7 Vizesi - MyVize\",\"isPartOf\":{\"@id\":\"https:\/\/www.myvize.com.tr\/norvec\/#website\"},\"primaryImageOfPage\":{\"@id\":\"https:\/\/www.myvize.com.tr\/norvec\/vize-islemleri\/norvec-vize-randevusu\/#primaryimage\"},\"image\":{\"@id\":\"https:\/\/www.myvize.com.tr\/norvec\/vize-islemleri\/norvec-vize-randevusu\/#primaryimage\"},\"thumbnailUrl\":\"https:\/\/www.myvize.com.tr\/norvec\/wp-content\/uploads\/2021\/09\/9.jpg\",\"datePublished\":\"2020-11-30T09:46:14+00:00\",\"dateModified\":\"2022-08-11T08:41:48+00:00\",\"description\":\"Norve\u00e7 vize randevusu i\u00e7in ileti\u015fim. Norve\u00e7 vize randevusu i\u00e7in g\u00f6rsel anlat\u0131m ve detayl\u0131 bilgiler i\u00e7in sayfam\u0131z\u0131 ziyaret edebilirsiniz.\",\"breadcrumb\":{\"@id\":\"https:\/\/www.myvize.com.tr\/norvec\/vize-islemleri\/norvec-vize-randevusu\/#breadcrumb\"},\"inLanguage\":\"tr\",\"potentialAction\":[{\"@type\":\"ReadAction\",\"target\":[\"https:\/\/www.myvize.com.tr\/norvec\/vize-islemleri\/norvec-vize-randevusu\/\"]}]},{\"@type\":\"ImageObject\",\"inLanguage\":\"tr\",\"@id\":\"https:\/\/www.myvize.com.tr\/norvec\/vize-islemleri\/norvec-vize-randevusu\/#primaryimage\",\"url\":\"https:\/\/www.myvize.com.tr\/norvec\/wp-content\/uploads\/2021\/09\/9.jpg\",\"contentUrl\":\"https:\/\/www.myvize.com.tr\/norvec\/wp-content\/uploads\/2021\/09\/9.jpg\",\"width\":800,\"height\":500,\"caption\":\"Norve\u00e7 Vize Randevusu\"},{\"@type\":\"BreadcrumbList\",\"@id\":\"https:\/\/www.myvize.com.tr\/norvec\/vize-islemleri\/norvec-vize-randevusu\/#breadcrumb\",\"itemListElement\":[{\"@type\":\"ListItem\",\"position\":1,\"name\":\"Anasayfa\",\"item\":\"https:\/\/www.myvize.com.tr\/norvec\/\"},{\"@type\":\"ListItem\",\"position\":2,\"name\":\"V\u0130ZE \u0130\u015eLEMLER\u0130\",\"item\":\"https:\/\/www.myvize.com.tr\/norvec\/vize-islemleri\/\"},{\"@type\":\"ListItem\",\"position\":3,\"name\":\"Norve\u00e7 Vize Randevusu\"}]},{\"@type\":\"WebSite\",\"@id\":\"https:\/\/www.myvize.com.tr\/norvec\/#website\",\"url\":\"https:\/\/www.myvize.com.tr\/norvec\/\",\"name\":\"Norve\u00e7 Vize &amp; Norve\u00e7 Vizesi \u0130\u00e7in Gerekli Evraklar\",\"description\":\"\",\"potentialAction\":[{\"@type\":\"SearchAction\",\"target\":{\"@type\":\"EntryPoint\",\"urlTemplate\":\"https:\/\/www.myvize.com.tr\/norvec\/?s={search_term_string}\"},\"query-input\":{\"@type\":\"PropertyValueSpecification\",\"valueRequired\":true,\"valueName\":\"search_term_string\"}}],\"inLanguage\":\"tr\"}]}<\/script>\n<!-- \/ Yoast SEO plugin. -->","yoast_head_json":{"title":"Norve\u00e7 Vize Randevusu - Norve\u00e7 Vizesi - MyVize","description":"Norve\u00e7 vize randevusu i\u00e7in ileti\u015fim. Norve\u00e7 vize randevusu i\u00e7in g\u00f6rsel anlat\u0131m ve detayl\u0131 bilgiler i\u00e7in sayfam\u0131z\u0131 ziyaret edebilirsiniz.","robots":{"index":"index","follow":"follow","max-snippet":"max-snippet:-1","max-image-preview":"max-image-preview:large","max-video-preview":"max-video-preview:-1"},"canonical":"https:\/\/www.myvize.com.tr\/norvec\/vize-islemleri\/norvec-vize-randevusu\/","og_locale":"tr_TR","og_type":"article","og_title":"Norve\u00e7 Vize Randevusu - Norve\u00e7 Vizesi - MyVize","og_description":"Norve\u00e7 vize randevusu i\u00e7in ileti\u015fim. Norve\u00e7 vize randevusu i\u00e7in g\u00f6rsel anlat\u0131m ve detayl\u0131 bilgiler i\u00e7in sayfam\u0131z\u0131 ziyaret edebilirsiniz.","og_url":"https:\/\/www.myvize.com.tr\/norvec\/vize-islemleri\/norvec-vize-randevusu\/","og_site_name":"Norve\u00e7 Vize &amp; Norve\u00e7 Vizesi \u0130\u00e7in Gerekli Evraklar","article_modified_time":"2022-08-11T08:41:48+00:00","og_image":[{"url":"https:\/\/www.myvize.com.tr\/norvec\/wp-content\/uploads\/2021\/09\/9.jpg","type":"","width":"","height":""}],"twitter_card":"summary_large_image","twitter_misc":{"Tahmini okuma s\u00fcresi":"6 dakika"},"schema":{"@context":"https:\/\/schema.org","@graph":[{"@type":"WebPage","@id":"https:\/\/www.myvize.com.tr\/norvec\/vize-islemleri\/norvec-vize-randevusu\/","url":"https:\/\/www.myvize.com.tr\/norvec\/vize-islemleri\/norvec-vize-randevusu\/","name":"Norve\u00e7 Vize Randevusu - Norve\u00e7 Vizesi - MyVize","isPartOf":{"@id":"https:\/\/www.myvize.com.tr\/norvec\/#website"},"primaryImageOfPage":{"@id":"https:\/\/www.myvize.com.tr\/norvec\/vize-islemleri\/norvec-vize-randevusu\/#primaryimage"},"image":{"@id":"https:\/\/www.myvize.com.tr\/norvec\/vize-islemleri\/norvec-vize-randevusu\/#primaryimage"},"thumbnailUrl":"https:\/\/www.myvize.com.tr\/norvec\/wp-content\/uploads\/2021\/09\/9.jpg","datePublished":"2020-11-30T09:46:14+00:00","dateModified":"2022-08-11T08:41:48+00:00","description":"Norve\u00e7 vize randevusu i\u00e7in ileti\u015fim. Norve\u00e7 vize randevusu i\u00e7in g\u00f6rsel anlat\u0131m ve detayl\u0131 bilgiler i\u00e7in sayfam\u0131z\u0131 ziyaret edebilirsiniz.","breadcrumb":{"@id":"https:\/\/www.myvize.com.tr\/norvec\/vize-islemleri\/norvec-vize-randevusu\/#breadcrumb"},"inLanguage":"tr","potentialAction":[{"@type":"ReadAction","target":["https:\/\/www.myvize.com.tr\/norvec\/vize-islemleri\/norvec-vize-randevusu\/"]}]},{"@type":"ImageObject","inLanguage":"tr","@id":"https:\/\/www.myvize.com.tr\/norvec\/vize-islemleri\/norvec-vize-randevusu\/#primaryimage","url":"https:\/\/www.myvize.com.tr\/norvec\/wp-content\/uploads\/2021\/09\/9.jpg","contentUrl":"https:\/\/www.myvize.com.tr\/norvec\/wp-content\/uploads\/2021\/09\/9.jpg","width":800,"height":500,"caption":"Norve\u00e7 Vize Randevusu"},{"@type":"BreadcrumbList","@id":"https:\/\/www.myvize.com.tr\/norvec\/vize-islemleri\/norvec-vize-randevusu\/#breadcrumb","itemListElement":[{"@type":"ListItem","position":1,"name":"Anasayfa","item":"https:\/\/www.myvize.com.tr\/norvec\/"},{"@type":"ListItem","position":2,"name":"V\u0130ZE \u0130\u015eLEMLER\u0130","item":"https:\/\/www.myvize.com.tr\/norvec\/vize-islemleri\/"},{"@type":"ListItem","position":3,"name":"Norve\u00e7 Vize Randevusu"}]},{"@type":"WebSite","@id":"https:\/\/www.myvize.com.tr\/norvec\/#website","url":"https:\/\/www.myvize.com.tr\/norvec\/","name":"Norve\u00e7 Vize &amp; Norve\u00e7 Vizesi \u0130\u00e7in Gerekli Evraklar","description":"","potentialAction":[{"@type":"SearchAction","target":{"@type":"EntryPoint","urlTemplate":"https:\/\/www.myvize.com.tr\/norvec\/?s={search_term_string}"},"query-input":{"@type":"PropertyValueSpecification","valueRequired":true,"valueName":"search_term_string"}}],"inLanguage":"tr"}]}},"_links":{"self":[{"href":"https:\/\/www.myvize.com.tr\/norvec\/wp-json\/wp\/v2\/pages\/39","targetHints":{"allow":["GET"]}}],"collection":[{"href":"https:\/\/www.myvize.com.tr\/norvec\/wp-json\/wp\/v2\/pages"}],"about":[{"href":"https:\/\/www.myvize.com.tr\/norvec\/wp-json\/wp\/v2\/types\/page"}],"author":[{"embeddable":true,"href":"https:\/\/www.myvize.com.tr\/norvec\/wp-json\/wp\/v2\/users\/1"}],"replies":[{"embeddable":true,"href":"https:\/\/www.myvize.com.tr\/norvec\/wp-json\/wp\/v2\/comments?post=39"}],"version-history":[{"count":8,"href":"https:\/\/www.myvize.com.tr\/norvec\/wp-json\/wp\/v2\/pages\/39\/revisions"}],"predecessor-version":[{"id":848,"href":"https:\/\/www.myvize.com.tr\/norvec\/wp-json\/wp\/v2\/pages\/39\/revisions\/848"}],"up":[{"embeddable":true,"href":"https:\/\/www.myvize.com.tr\/norvec\/wp-json\/wp\/v2\/pages\/18"}],"wp:attachment":[{"href":"https:\/\/www.myvize.com.tr\/norvec\/wp-json\/wp\/v2\/media?parent=39"}],"curies":[{"name":"wp","href":"https:\/\/api.w.org\/{rel}","templated":true}]}}