{"id":41,"date":"2020-11-30T12:46:51","date_gmt":"2020-11-30T09:46:51","guid":{"rendered":"https:\/\/www.myvize.com.tr\/norvec\/?page_id=41"},"modified":"2022-08-12T17:15:06","modified_gmt":"2022-08-12T14:15:06","slug":"norvec-dil-okulu-vizesi","status":"publish","type":"page","link":"https:\/\/www.myvize.com.tr\/norvec\/vize-islemleri\/norvec-dil-okulu-vizesi\/","title":{"rendered":"Norve\u00e7 Dil Okulu Vizesi"},"content":{"rendered":"<p><span style=\"font-family: Roboto;\"><\/span><\/p>\r\n<h2><strong><span style=\"font-size: 27px; font-family: Roboto;\">Norve\u00e7 Dil Okulu Vizesi Hakk\u0131nda<\/span><\/strong><\/h2>\r\n<p><span style=\"font-family: Roboto; font-size: 14px;\"><strong>Norve\u00e7, yabanc\u0131 dil e\u011fitimi<\/strong> sa\u011flayabilece\u011finiz \u00fclkeler aras\u0131nda yer almaktad\u0131r.\u00a0<strong>Norve\u00e7<a> Dil Okulu\u00a0<\/a><\/strong>Norve\u00e7ce olmak \u00fczere pek \u00e7ok dilin \u00f6\u011frenilmesinde size yard\u0131mc\u0131 olacakt\u0131r. Genel anlamda yabanc\u0131 bir \u00fclkede lisan \u00f6\u011frenmek \u00e7ok daha kolay olmaktad\u0131r. Bu y\u00fczden kendisini dil konusunda geli\u015ftirmek isteyenler\u00a0<strong>Norve\u00e7 Dil Okulu<\/strong>\u00a0konusunda gerekli ara\u015ft\u0131rmalar\u0131 yapmal\u0131d\u0131r. Ara\u015ft\u0131rma yaparak dil okulu tercihini yapmak \u00e7ok ak\u0131ll\u0131cad\u0131r. Okul deneyimi kazanm\u0131\u015f ki\u015filerden bilgi almak, okul programlar\u0131 hakk\u0131nda inceleme yapmak \u00f6\u011frenece\u011finiz dilin kalitesini artt\u0131racakt\u0131r. Sonu\u00e7ta yabanc\u0131 dil \u00f6\u011frenimi s\u00fcrekli konu\u015farak ve duyarak ger\u00e7ekle\u015fir.\u00a0<strong>Norve\u00e7 Dil Okulu<\/strong>\u00a0olarak Language Champ AS, Private Norwegian Lessons ve Live in Your Teacher&#8217;s Home en \u00e7ok tercih edilenler aras\u0131nda yer almaktad\u0131r.<strong>Norve\u00e7 Dil Okulu\u00a0<\/strong>i\u00e7in vize ba\u015fvurusu e\u011fitim ba\u015flamadan bir veya \u00fc\u00e7 ay \u00f6ncesinden yap\u0131lmas\u0131 gerekir. E\u011fitim program\u0131n\u0131n s\u00fcresine g\u00f6re uzun veya k\u0131sa vize ba\u015fvurusu yap\u0131lmal\u0131d\u0131r. E\u011fitim s\u00fcrecini dikkate alarak vize ba\u015fvurusu yap\u0131lmas\u0131 sorun ya\u015famamak ad\u0131na \u00e7ok \u00f6nemlidir.\u00a0<strong>Norve\u00e7 Dil Okulu\u00a0<\/strong>vize ba\u015fvurular\u0131nda okul kayd\u0131n\u0131 ve \u00f6deme dekontu evraklar\u0131n\u0131zda haz\u0131r bulundurulmas\u0131 gerekmektedir.<\/span><\/p>\r\n<h2><span style=\"font-family: Roboto; font-size: 27px;\"><strong>Norve\u00e7 Dil Okulu Vizesi Nedir?<\/strong><\/span><\/h2>\r\n<p><span style=\"font-family: Roboto; font-size: 14px;\">Norve\u00e7 dil okullar\u0131 g\u00fcn\u00fcm\u00fczde en \u00e7ok \u00f6\u011frenci taraf\u0131ndan tercih edilen okullar aras\u0131nda bulunmaktad\u0131r. Bu okullarda farkl\u0131 kategorilerde ve ya\u015f gruplar\u0131na g\u00f6re e\u011fitim verilir. Ba\u015fta \u0130ngilizce olmak \u00fczere d\u00fcnyada en fazla konu\u015fulan dillerde e\u011fitim vermektedirler. Norve\u00e7 dil okullar\u0131nda e\u011fitim almak isteyen \u00f6\u011frenciler ilk olarak e\u011fitim vizesi almalar\u0131 zorunludur. Bu vizeyi almak i\u00e7in baz\u0131 evraklar\u0131n haz\u0131rlanmas\u0131 gerekir.<\/span><\/p>\r\n<p><span style=\"font-family: Roboto; font-size: 14px;\"><strong>Norve\u00e7 dil e\u011fitim vizesi almak<\/strong> i\u00e7in Norve\u00e7\u2019te bulunan okullardan birinden kabul edildi\u011finizi g\u00f6steren bir belgenizin olmas\u0131 gerekir. Elinizde bulunacak bu belge vize i\u015flemlerinde davetiye yerine ge\u00e7er. Di\u011fer yandan Davetiyenin \u00fczerinde okul bilgileri ile size ait bilgiler yer almaktad\u0131r. Ayn\u0131 zamanda kendinizin okulundan veya i\u015fyerinizden bir belge alman\u0131z gerekir. 18 ya\u015f\u0131ndan k\u00fc\u00e7\u00fckler i\u00e7in ailelerinden izin belgesi almalar\u0131 gereklidir. Norve\u00e7 dil okullar\u0131nda e\u011fitim almak i\u00e7in vize alacak ki\u015filer dikkat edecekleri baz\u0131 konular bulunmaktad\u0131r. Vize i\u015flemlerinde kendinize ait bir pasaportun olmas\u0131 gerekir.<\/span><\/p>\r\n<h2><span style=\"font-family: Roboto; font-size: 27px;\"><strong>Norve\u00e7 Dil Okulu Vizesi Nas\u0131l Al\u0131n\u0131r?<\/strong><\/span><\/h2>\r\n<p><span style=\"font-family: Roboto; font-size: 14px;\">Norve\u00e7 dil okulu vizesi <strong>Norve\u00e7\u2019te e\u011fitim g\u00f6rmek<\/strong> i\u00e7in Norve\u00e7\u2019e seyahat edilmeden \u00f6nce ba\u015fvurulacak bir vize t\u00fcr\u00fc olarak \u00f6n\u00fcm\u00fcze \u00e7\u0131kmaktad\u0131r. Vize ba\u015fvurusunda s\u00fcre gidilecek olan okul ile onun e\u011fitim s\u00fcresine g\u00f6re belirlenir. Norve\u00e7 dil okullar\u0131 son zamanlarda yabanc\u0131 \u00fclke \u00f6\u011frencileri taraf\u0131ndan en \u00e7ok tercih edilen okullardan biri haline geldi. Norve\u00e7 dil okullar\u0131ndan birinde e\u011fitim alacaksan\u0131z ilk olarak Norve\u00e7\u2019te bulunan bir okula kay\u0131t yapt\u0131rman\u0131z ve bu okul taraf\u0131ndan size davet g\u00f6nderilmesi gerekir.<\/span><\/p>\r\n<p><span style=\"font-family: Roboto; font-size: 14px;\">Norve\u00e7 dil okulu vizesine ba\u015fvuru yap\u0131l\u0131rken al\u0131nacak vizenin s\u00fcresi kabul edilen e\u011fitim s\u00fcrelerine g\u00f6re farkl\u0131 olur. Vize ba\u015fvurular\u0131 Norve\u00e7 Konsolosluklar\u0131ndan veya yetki verilen vize ba\u015fvuru merkezlerinden yap\u0131l\u0131r. Norve\u00e7 dil okulu vizesi almak i\u00e7in baz\u0131 evraklar\u0131n haz\u0131rlanmas\u0131 gerekir. Bu evraklar \u015funlard\u0131r.<\/span><\/p>\r\n<ul>\r\n<li><span style=\"font-family: Roboto; font-size: 14px;\">Dil e\u011fitim vize ba\u015fvuru formu<\/span><\/li>\r\n<li><span style=\"font-family: Roboto; font-size: 14px;\">2 adet biyometrik foto\u011fraf<\/span><\/li>\r\n<li><span style=\"font-family: Roboto; font-size: 14px;\">T\u00fcrkiye\u2019deki kurumdan izin belgesi<\/span><\/li>\r\n<li><span style=\"font-family: Roboto; font-size: 14px;\">Banka hesap d\u00f6k\u00fcm\u00fc<\/span><\/li>\r\n<li><span style=\"font-family: Roboto; font-size: 14px;\">Pasaport<\/span><\/li>\r\n<li><span style=\"font-family: Roboto; font-size: 14px;\">Seyahat sa\u011fl\u0131k sigortas\u0131<\/span><\/li>\r\n<li><span style=\"font-family: Roboto; font-size: 14px;\">Norve\u00e7\u2019te kal\u0131nacak s\u00fcre i\u00e7in konaklama bilgisi<\/span><\/li>\r\n<li><span style=\"font-family: Roboto; font-size: 14px;\">U\u00e7ak biletleri<\/span><\/li>\r\n<\/ul>\r\n<h2><span style=\"font-family: Roboto; font-size: 27px;\"><strong>Norve\u00e7 Dil Okulu Vizesi Nereden Al\u0131n\u0131r?<\/strong><\/span><\/h2>\r\n<p><span style=\"font-family: Roboto; font-size: 14px;\"><strong>Norve\u00e7 dil okulu vizeleri<\/strong> Norve\u00e7 T\u00fcrkiye Konsolosluklar\u0131ndan ve konsolosluklar\u0131n yetki verdi\u011fi vize dan\u0131\u015fmanl\u0131k hizmeti sunan firmalardan al\u0131nmaktad\u0131r. Dil e\u011fitimi vize ba\u015fvuru sonu\u00e7lanmas\u0131 s\u00fcrecinde tek yetkili kurum Norve\u00e7 T\u00fcrkiye konsolosluklar\u0131 olmaktad\u0131r. Konsoloslukta bulunan yetkililer vize ba\u015fvurular\u0131nda teslim yap\u0131lan evraklar\u0131n kontrol\u00fcnde ilk olarak dil okulundan g\u00f6nderilen davet yaz\u0131s\u0131n\u0131n bulunmas\u0131na dikkat \u00e7ekerler. Davet yaz\u0131s\u0131 olmayan vize ba\u015fvurular\u0131 kabul olmamaktad\u0131r. Vize ba\u015fvurular\u0131nda bulunan vize formu eksik veya hatal\u0131 olarak doldurulmamas\u0131 gerekir. Form \u00fczerinde bulunan bilgiler di\u011fer evraklardaki bilgiler ile ayn\u0131 olmas\u0131 gerekir.<\/span><\/p>\r\n<p><span style=\"font-family: Roboto; font-size: 14px;\">Dil e\u011fitimi vizelerinin olumlu olmas\u0131 i\u00e7in vize ba\u015fvuru s\u00fcrecinin fazla uzun olmamas\u0131 i\u00e7in vize dan\u0131\u015fmanl\u0131\u011f\u0131 merkezlerinden bilgi al\u0131nmas\u0131 uygun olur. Norve\u00e7 dil okulu vizesi ba\u015fvurular\u0131nda gerekli evraklar hatas\u0131z ve do\u011fru olacak \u015fekilde g\u00fcncel bilgiler olmas\u0131 zorunludur. 18 ya\u015f\u0131ndan k\u00fc\u00e7\u00fck \u00f6\u011frenciler ailelerinden birinin izin verdi\u011fi yaz\u0131y\u0131 g\u00f6stermeleri gerekir.<\/span><\/p>\r\n<h3><span style=\"font-family: Roboto; font-size: 24px;\"><strong>Norve\u00e7 Dil Okulu Vizesi Ka\u00e7 G\u00fcnde \u00c7\u0131kar?<\/strong><\/span><\/h3>\r\n<p><span style=\"font-family: Roboto; font-size: 14px;\"><strong>Norve\u00e7 dil okulu vizesi almak<\/strong> i\u00e7in Norve\u00e7 konsoloslu\u011fu ile Norve\u00e7 B\u00fcy\u00fckel\u00e7ili\u011fi\u2019ne veya Norve\u00e7 Konsoloslu\u011fu\u2019nun yetki verdi\u011fi vize dan\u0131\u015fmanl\u0131k merkezlerine ba\u015fvuru yap\u0131lmas\u0131 uygun olur. Norve\u00e7 dil okulu vizesi i\u00e7in, <strong>Norve\u00e7 dil okulu vize ba\u015fvuru formu<\/strong> doldurulmas\u0131 gerekir. Doldurulan form ile di\u011fer gerekli evraklar Norve\u00e7 Konsoloslu\u011fu\u2019na, Norve\u00e7 Ankara B\u00fcy\u00fckel\u00e7ili\u011fi\u2019ne teslim edilmesi gerekir. Bunun haricinde vize dan\u0131\u015fmanl\u0131\u011f\u0131 hizmeti veren acentelerde ba\u015fvuru i\u015flemlerini yapmaktad\u0131r. <span style=\"color: #2acec2;\"><strong><a style=\"color: #2acec2;\" href=\"https:\/\/www.myvize.com.tr\/norvec\/form-ve-dilekce\/norvec-vize-basvuru-formu\/\" target=\"_blank\" rel=\"noopener\">Norve\u00e7 vize ba\u015fvuru formu <\/a><\/strong><\/span>i\u00e7in gerekli belgeler \u015funlard\u0131r.<\/span><\/p>\r\n<ul>\r\n<li><span style=\"font-family: Roboto; font-size: 14px;\">1 adet biyometrik foto\u011fraf<\/span><\/li>\r\n<li><span style=\"font-family: Roboto; font-size: 14px;\">Okul taraf\u0131ndan g\u00f6nderilen davetiye<\/span><\/li>\r\n<li><span style=\"font-family: Roboto; font-size: 14px;\">\u0130zin onay belgesi<\/span><\/li>\r\n<li><span style=\"font-family: Roboto; font-size: 14px;\">Son 3 aya ait banka hesap i\u015flemleri<\/span><\/li>\r\n<li><span style=\"font-family: Roboto; font-size: 14px;\">10 y\u0131ldan eski olmayan pasaport<\/span><\/li>\r\n<li><span style=\"font-family: Roboto; font-size: 14px;\">Norve\u00e7\u2019te kal\u0131nacak otel rezervasyonu<\/span><\/li>\r\n<li><span style=\"font-family: Roboto; font-size: 14px;\">U\u00e7ak bileti<\/span><\/li>\r\n<li><span style=\"font-family: Roboto; font-size: 14px;\">Evde kal\u0131nacaksa kira s\u00f6zle\u015fmesi<\/span><\/li>\r\n<li><span style=\"font-family: Roboto; font-size: 14px;\">Daha sonralar\u0131 \u00fclkesine d\u00f6nece\u011fi tarihi belirten belge<\/span><\/li>\r\n<\/ul>\r\n<p><span style=\"font-family: Roboto; font-size: 14px;\">Norve\u00e7 dil okulu vize ba\u015fvuru sonu\u00e7lar\u0131 15 g\u00fcn i\u00e7erisinde sonu\u00e7lan\u0131r. Seyahat yap\u0131lmadan \u00f6nce 90 g\u00fcn \u00f6nceden ba\u015fvuru yap\u0131lmas\u0131 gerekir.<\/span><\/p>\r\n<p><span style=\"font-family: Roboto; font-size: 14px;\"><\/span><\/p>\r\n<p><span style=\"font-family: Roboto; font-size: 14px;\"><img decoding=\"async\" src=\"https:\/\/www.myvize.com.tr\/norvec\/wp-content\/uploads\/2021\/09\/11.jpg\" \/><\/span><\/p>","protected":false},"excerpt":{"rendered":"<p>Norve\u00e7 Dil Okulu Vizesi Hakk\u0131nda Norve\u00e7, yabanc\u0131 dil e\u011fitimi sa\u011flayabilece\u011finiz \u00fclkeler aras\u0131nda yer almaktad\u0131r.\u00a0Norve\u00e7 Dil Okulu\u00a0Norve\u00e7ce olmak \u00fczere pek \u00e7ok dilin \u00f6\u011frenilmesinde size yard\u0131mc\u0131 olacakt\u0131r. Genel anlamda yabanc\u0131 bir \u00fclkede lisan \u00f6\u011frenmek \u00e7ok daha kolay olmaktad\u0131r. Bu y\u00fczden kendisini dil konusunda geli\u015ftirmek isteyenler\u00a0Norve\u00e7 Dil Okulu\u00a0konusunda gerekli ara\u015ft\u0131rmalar\u0131 yapmal\u0131d\u0131r. Ara\u015ft\u0131rma yaparak dil okulu tercihini yapmak \u00e7ok<\/p>\n","protected":false},"author":1,"featured_media":0,"parent":18,"menu_order":0,"comment_status":"open","ping_status":"closed","template":"","meta":{"footnotes":""},"class_list":["post-41","page","type-page","status-publish","hentry"],"yoast_head":"<!-- This site is optimized with the Yoast SEO plugin v26.8 - https:\/\/yoast.com\/product\/yoast-seo-wordpress\/ -->\n<title>Norve\u00e7 Dil Okulu Vizesi - MyVize Vize Ba\u015fvuru Merkezi<\/title>\n<meta name=\"description\" content=\"Norve\u00e7 dil okulu vize gerekli olan evraklar\u0131 ve \u015fartlar\u0131 neler? Norve\u00e7 dil okulu vizesi i\u015flem s\u00fcreci ve ba\u015fvuruda dikkat edilmesi gerekenler.\" \/>\n<meta name=\"robots\" content=\"index, follow, max-snippet:-1, max-image-preview:large, max-video-preview:-1\" \/>\n<link rel=\"canonical\" href=\"https:\/\/www.myvize.com.tr\/norvec\/vize-islemleri\/norvec-dil-okulu-vizesi\/\" \/>\n<meta property=\"og:locale\" content=\"tr_TR\" \/>\n<meta property=\"og:type\" content=\"article\" \/>\n<meta property=\"og:title\" content=\"Norve\u00e7 Dil Okulu Vizesi - MyVize Vize Ba\u015fvuru Merkezi\" \/>\n<meta property=\"og:description\" content=\"Norve\u00e7 dil okulu vize gerekli olan evraklar\u0131 ve \u015fartlar\u0131 neler? Norve\u00e7 dil okulu vizesi i\u015flem s\u00fcreci ve ba\u015fvuruda dikkat edilmesi gerekenler.\" \/>\n<meta property=\"og:url\" content=\"https:\/\/www.myvize.com.tr\/norvec\/vize-islemleri\/norvec-dil-okulu-vizesi\/\" \/>\n<meta property=\"og:site_name\" content=\"Norve\u00e7 Vize &amp; Norve\u00e7 Vizesi \u0130\u00e7in Gerekli Evraklar\" \/>\n<meta property=\"article:modified_time\" content=\"2022-08-12T14:15:06+00:00\" \/>\n<meta property=\"og:image\" content=\"https:\/\/www.myvize.com.tr\/norvec\/wp-content\/uploads\/2021\/09\/11.jpg\" \/>\n<meta name=\"twitter:card\" content=\"summary_large_image\" \/>\n<meta name=\"twitter:label1\" content=\"Tahmini okuma s\u00fcresi\" \/>\n\t<meta name=\"twitter:data1\" content=\"2 dakika\" \/>\n<script type=\"application\/ld+json\" class=\"yoast-schema-graph\">{\"@context\":\"https:\/\/schema.org\",\"@graph\":[{\"@type\":\"WebPage\",\"@id\":\"https:\/\/www.myvize.com.tr\/norvec\/vize-islemleri\/norvec-dil-okulu-vizesi\/\",\"url\":\"https:\/\/www.myvize.com.tr\/norvec\/vize-islemleri\/norvec-dil-okulu-vizesi\/\",\"name\":\"Norve\u00e7 Dil Okulu Vizesi - MyVize Vize Ba\u015fvuru Merkezi\",\"isPartOf\":{\"@id\":\"https:\/\/www.myvize.com.tr\/norvec\/#website\"},\"primaryImageOfPage\":{\"@id\":\"https:\/\/www.myvize.com.tr\/norvec\/vize-islemleri\/norvec-dil-okulu-vizesi\/#primaryimage\"},\"image\":{\"@id\":\"https:\/\/www.myvize.com.tr\/norvec\/vize-islemleri\/norvec-dil-okulu-vizesi\/#primaryimage\"},\"thumbnailUrl\":\"https:\/\/www.myvize.com.tr\/norvec\/wp-content\/uploads\/2021\/09\/11.jpg\",\"datePublished\":\"2020-11-30T09:46:51+00:00\",\"dateModified\":\"2022-08-12T14:15:06+00:00\",\"description\":\"Norve\u00e7 dil okulu vize gerekli olan evraklar\u0131 ve \u015fartlar\u0131 neler? Norve\u00e7 dil okulu vizesi i\u015flem s\u00fcreci ve ba\u015fvuruda dikkat edilmesi gerekenler.\",\"breadcrumb\":{\"@id\":\"https:\/\/www.myvize.com.tr\/norvec\/vize-islemleri\/norvec-dil-okulu-vizesi\/#breadcrumb\"},\"inLanguage\":\"tr\",\"potentialAction\":[{\"@type\":\"ReadAction\",\"target\":[\"https:\/\/www.myvize.com.tr\/norvec\/vize-islemleri\/norvec-dil-okulu-vizesi\/\"]}]},{\"@type\":\"ImageObject\",\"inLanguage\":\"tr\",\"@id\":\"https:\/\/www.myvize.com.tr\/norvec\/vize-islemleri\/norvec-dil-okulu-vizesi\/#primaryimage\",\"url\":\"https:\/\/www.myvize.com.tr\/norvec\/wp-content\/uploads\/2021\/09\/11.jpg\",\"contentUrl\":\"https:\/\/www.myvize.com.tr\/norvec\/wp-content\/uploads\/2021\/09\/11.jpg\",\"width\":800,\"height\":500,\"caption\":\"Norve\u00e7 Dil Okulu Vizesi\"},{\"@type\":\"BreadcrumbList\",\"@id\":\"https:\/\/www.myvize.com.tr\/norvec\/vize-islemleri\/norvec-dil-okulu-vizesi\/#breadcrumb\",\"itemListElement\":[{\"@type\":\"ListItem\",\"position\":1,\"name\":\"Anasayfa\",\"item\":\"https:\/\/www.myvize.com.tr\/norvec\/\"},{\"@type\":\"ListItem\",\"position\":2,\"name\":\"V\u0130ZE \u0130\u015eLEMLER\u0130\",\"item\":\"https:\/\/www.myvize.com.tr\/norvec\/vize-islemleri\/\"},{\"@type\":\"ListItem\",\"position\":3,\"name\":\"Norve\u00e7 Dil Okulu Vizesi\"}]},{\"@type\":\"WebSite\",\"@id\":\"https:\/\/www.myvize.com.tr\/norvec\/#website\",\"url\":\"https:\/\/www.myvize.com.tr\/norvec\/\",\"name\":\"Norve\u00e7 Vize &amp; Norve\u00e7 Vizesi \u0130\u00e7in Gerekli Evraklar\",\"description\":\"\",\"potentialAction\":[{\"@type\":\"SearchAction\",\"target\":{\"@type\":\"EntryPoint\",\"urlTemplate\":\"https:\/\/www.myvize.com.tr\/norvec\/?s={search_term_string}\"},\"query-input\":{\"@type\":\"PropertyValueSpecification\",\"valueRequired\":true,\"valueName\":\"search_term_string\"}}],\"inLanguage\":\"tr\"}]}<\/script>\n<!-- \/ Yoast SEO plugin. -->","yoast_head_json":{"title":"Norve\u00e7 Dil Okulu Vizesi - MyVize Vize Ba\u015fvuru Merkezi","description":"Norve\u00e7 dil okulu vize gerekli olan evraklar\u0131 ve \u015fartlar\u0131 neler? Norve\u00e7 dil okulu vizesi i\u015flem s\u00fcreci ve ba\u015fvuruda dikkat edilmesi gerekenler.","robots":{"index":"index","follow":"follow","max-snippet":"max-snippet:-1","max-image-preview":"max-image-preview:large","max-video-preview":"max-video-preview:-1"},"canonical":"https:\/\/www.myvize.com.tr\/norvec\/vize-islemleri\/norvec-dil-okulu-vizesi\/","og_locale":"tr_TR","og_type":"article","og_title":"Norve\u00e7 Dil Okulu Vizesi - MyVize Vize Ba\u015fvuru Merkezi","og_description":"Norve\u00e7 dil okulu vize gerekli olan evraklar\u0131 ve \u015fartlar\u0131 neler? Norve\u00e7 dil okulu vizesi i\u015flem s\u00fcreci ve ba\u015fvuruda dikkat edilmesi gerekenler.","og_url":"https:\/\/www.myvize.com.tr\/norvec\/vize-islemleri\/norvec-dil-okulu-vizesi\/","og_site_name":"Norve\u00e7 Vize &amp; Norve\u00e7 Vizesi \u0130\u00e7in Gerekli Evraklar","article_modified_time":"2022-08-12T14:15:06+00:00","og_image":[{"url":"https:\/\/www.myvize.com.tr\/norvec\/wp-content\/uploads\/2021\/09\/11.jpg","type":"","width":"","height":""}],"twitter_card":"summary_large_image","twitter_misc":{"Tahmini okuma s\u00fcresi":"2 dakika"},"schema":{"@context":"https:\/\/schema.org","@graph":[{"@type":"WebPage","@id":"https:\/\/www.myvize.com.tr\/norvec\/vize-islemleri\/norvec-dil-okulu-vizesi\/","url":"https:\/\/www.myvize.com.tr\/norvec\/vize-islemleri\/norvec-dil-okulu-vizesi\/","name":"Norve\u00e7 Dil Okulu Vizesi - MyVize Vize Ba\u015fvuru Merkezi","isPartOf":{"@id":"https:\/\/www.myvize.com.tr\/norvec\/#website"},"primaryImageOfPage":{"@id":"https:\/\/www.myvize.com.tr\/norvec\/vize-islemleri\/norvec-dil-okulu-vizesi\/#primaryimage"},"image":{"@id":"https:\/\/www.myvize.com.tr\/norvec\/vize-islemleri\/norvec-dil-okulu-vizesi\/#primaryimage"},"thumbnailUrl":"https:\/\/www.myvize.com.tr\/norvec\/wp-content\/uploads\/2021\/09\/11.jpg","datePublished":"2020-11-30T09:46:51+00:00","dateModified":"2022-08-12T14:15:06+00:00","description":"Norve\u00e7 dil okulu vize gerekli olan evraklar\u0131 ve \u015fartlar\u0131 neler? Norve\u00e7 dil okulu vizesi i\u015flem s\u00fcreci ve ba\u015fvuruda dikkat edilmesi gerekenler.","breadcrumb":{"@id":"https:\/\/www.myvize.com.tr\/norvec\/vize-islemleri\/norvec-dil-okulu-vizesi\/#breadcrumb"},"inLanguage":"tr","potentialAction":[{"@type":"ReadAction","target":["https:\/\/www.myvize.com.tr\/norvec\/vize-islemleri\/norvec-dil-okulu-vizesi\/"]}]},{"@type":"ImageObject","inLanguage":"tr","@id":"https:\/\/www.myvize.com.tr\/norvec\/vize-islemleri\/norvec-dil-okulu-vizesi\/#primaryimage","url":"https:\/\/www.myvize.com.tr\/norvec\/wp-content\/uploads\/2021\/09\/11.jpg","contentUrl":"https:\/\/www.myvize.com.tr\/norvec\/wp-content\/uploads\/2021\/09\/11.jpg","width":800,"height":500,"caption":"Norve\u00e7 Dil Okulu Vizesi"},{"@type":"BreadcrumbList","@id":"https:\/\/www.myvize.com.tr\/norvec\/vize-islemleri\/norvec-dil-okulu-vizesi\/#breadcrumb","itemListElement":[{"@type":"ListItem","position":1,"name":"Anasayfa","item":"https:\/\/www.myvize.com.tr\/norvec\/"},{"@type":"ListItem","position":2,"name":"V\u0130ZE \u0130\u015eLEMLER\u0130","item":"https:\/\/www.myvize.com.tr\/norvec\/vize-islemleri\/"},{"@type":"ListItem","position":3,"name":"Norve\u00e7 Dil Okulu Vizesi"}]},{"@type":"WebSite","@id":"https:\/\/www.myvize.com.tr\/norvec\/#website","url":"https:\/\/www.myvize.com.tr\/norvec\/","name":"Norve\u00e7 Vize &amp; Norve\u00e7 Vizesi \u0130\u00e7in Gerekli Evraklar","description":"","potentialAction":[{"@type":"SearchAction","target":{"@type":"EntryPoint","urlTemplate":"https:\/\/www.myvize.com.tr\/norvec\/?s={search_term_string}"},"query-input":{"@type":"PropertyValueSpecification","valueRequired":true,"valueName":"search_term_string"}}],"inLanguage":"tr"}]}},"_links":{"self":[{"href":"https:\/\/www.myvize.com.tr\/norvec\/wp-json\/wp\/v2\/pages\/41","targetHints":{"allow":["GET"]}}],"collection":[{"href":"https:\/\/www.myvize.com.tr\/norvec\/wp-json\/wp\/v2\/pages"}],"about":[{"href":"https:\/\/www.myvize.com.tr\/norvec\/wp-json\/wp\/v2\/types\/page"}],"author":[{"embeddable":true,"href":"https:\/\/www.myvize.com.tr\/norvec\/wp-json\/wp\/v2\/users\/1"}],"replies":[{"embeddable":true,"href":"https:\/\/www.myvize.com.tr\/norvec\/wp-json\/wp\/v2\/comments?post=41"}],"version-history":[{"count":9,"href":"https:\/\/www.myvize.com.tr\/norvec\/wp-json\/wp\/v2\/pages\/41\/revisions"}],"predecessor-version":[{"id":855,"href":"https:\/\/www.myvize.com.tr\/norvec\/wp-json\/wp\/v2\/pages\/41\/revisions\/855"}],"up":[{"embeddable":true,"href":"https:\/\/www.myvize.com.tr\/norvec\/wp-json\/wp\/v2\/pages\/18"}],"wp:attachment":[{"href":"https:\/\/www.myvize.com.tr\/norvec\/wp-json\/wp\/v2\/media?parent=41"}],"curies":[{"name":"wp","href":"https:\/\/api.w.org\/{rel}","templated":true}]}}