{"id":49,"date":"2020-11-30T12:48:56","date_gmt":"2020-11-30T09:48:56","guid":{"rendered":"https:\/\/www.myvize.com.tr\/norvec\/?page_id=49"},"modified":"2022-04-26T14:19:29","modified_gmt":"2022-04-26T11:19:29","slug":"norvec-vize-reddi","status":"publish","type":"page","link":"https:\/\/www.myvize.com.tr\/norvec\/vize-islemleri\/norvec-vize-reddi\/","title":{"rendered":"Norve\u00e7 Vize Reddi"},"content":{"rendered":"<h2><span style=\"font-family: Roboto; font-size: 27px;\"><b>Norve\u00e7 Vize Reddi Hakk\u0131nda<\/b><\/span><\/h2>\n<p><span style=\"font-size: 14px; font-family: Roboto;\">&#8211; Norve\u00e7, Schengen sistemine dahildir. Daha \u00f6nceden Schengen vizesiyle, sisteme dahil olan \u00fclkelerden birine gitmi\u015f, 180 g\u00fcnl\u00fck s\u00fcre i\u00e7erisinde 90 g\u00fcn Schengen B\u00f6lgesi&#8217;nde konaklam\u0131\u015fsa, <strong>vize red<\/strong> edilmektedir.<\/span><\/p>\n<p><span style=\"font-size: 14px; font-family: Roboto;\">&#8211; Vize tarihlerini i\u00e7eren Sa\u011fl\u0131k Sigortas\u0131 yapt\u0131r\u0131lmal\u0131d\u0131r. Sa\u011fl\u0131k Sigortas\u0131, Norve\u00e7 Konsoloslu\u011fu&#8217;nun belirtilen teminatta yapt\u0131r\u0131lmas\u0131 gerekmektedir.\u00a0<\/span><\/p>\n<p><span style=\"font-size: 14px; font-family: Roboto;\"><strong>&#8211;\u00a0<\/strong>Daha \u00f6nceden Schengen B\u00f6lgesi&#8217;ne seyahat etmi\u015f ki\u015filerin, kendilerine verilen vize tarihlerine uyarak bulundu\u011fu \u00fclkeden ayr\u0131lm\u0131\u015f olmalar\u0131 \u00f6nemlidir. Ki\u015fi vize tarihlerine daha \u00f6nceki seyahatlerinde riayet etmemi\u015f ise, ba\u015fvurunun red ihtimali olu\u015fabilmektedir.<\/span><\/p>\n<p><span style=\"font-size: 14px; font-family: Roboto;\">&#8211; <span style=\"color: #2acec2;\"><a style=\"color: #2acec2;\" href=\"https:\/\/www.myvize.com.tr\/norvec\/vize-islemleri\/norvec-vizesi\/\" target=\"_blank\" rel=\"noopener\"><strong>Norve\u00e7 vizesi<\/strong><\/a><\/span> ba\u015fvurusunda bulunan ki\u015filer, seyahatleri bittiklerinde \u00fclkelerine d\u00f6n\u00fc\u015f yapacaklar\u0131 hususunda Konsoloslu\u011fu ikna etmelidirler. \u00dclkelerine geri d\u00f6n\u00fc\u015flerini g\u00f6steren belgeler, u\u00e7ak bileti olabilir.\u00a0<\/span><\/p>\n<p><span style=\"font-size: 14px; font-family: Roboto;\">&#8211; <strong>Schengen vizesi<\/strong> i\u00e7in ba\u015fvuruda bulunan ki\u015fiye, Schengen vizesine tabi \u00fclkelerden biri giri\u015f yasa\u011f\u0131 uygulam\u0131\u015f ise, bu durum yeni ba\u015fvuru i\u00e7in de ba\u011flay\u0131c\u0131 olabilmektedir. Ki\u015finin vize ba\u015fvurusu b\u00fcy\u00fck bir ihtimalle red edilecektir.<\/span><\/p>\n<p><span style=\"font-size: 14px; font-family: Roboto;\">&#8211; <strong>Norve\u00e7 vize<\/strong> ba\u015fvurusunda bulunan ki\u015filer finansal durumunu belgelemeleri gerekmektedir. Bu nedenle Konsolosluk, 3 ayl\u0131k banka hesap d\u00f6k\u00fcm\u00fcn\u00fc istemektedir. Kira gelirleri, d\u00fczenli bir i\u015ften kazan\u0131lan gelirler, yap\u0131lan s\u00f6zle\u015fmelerden elde edilen gelirler, hisse senedi gelirleri ibraz edilmelidir. Burada ama\u00e7, seyahat s\u00fcresince t\u00fcm masraflar\u0131n kar\u015f\u0131l\u0131\u011f\u0131n\u0131n bulundu\u011fundan emin olunmak istenmesidir. Konsolosluk gelirin yasal yollarla kazan\u0131ld\u0131\u011f\u0131ndan emin olmak istemektedir. Maddi olankalr\u0131n yasal oldu\u011fu \u015f\u00fcphesi olu\u015fursa, bu durumda vize ba\u015fvurusu reddedilmektedir.<\/span><\/p>\n<p><span style=\"font-size: 14px; font-family: Roboto;\">&#8211; Ba\u015fvuru yapan ki\u015finin, Schengen B\u00f6lgesi&#8217;nde bulunan \u00fclkelerin g\u00fcvenli\u011fini, kamu d\u00fczenini, kamu sa\u011fl\u0131\u011f\u0131n\u0131 bozucu y\u00f6nde risk ta\u015f\u0131d\u0131\u011f\u0131na y\u00f6nelik ispatlay\u0131c\u0131 deliller var ise, vize ba\u015fvurusu red edilecektir.<\/span><\/p>\n<blockquote><p><a href=\"https:\/\/www.myvize.com.tr\/norvec\/form-ve-dilekce\/norvec-vize-basvuru-formu\/\" target=\"_blank\" rel=\"noopener\"><span style=\"font-family: Roboto; font-size: 14px; color: #2acec2;\"><strong>Norve\u00e7 Vize Ba\u015fvuru Formu<\/strong><\/span><\/a><\/p><\/blockquote>\n<p><img decoding=\"async\" src=\"https:\/\/www.myvize.com.tr\/norvec\/wp-content\/uploads\/2021\/09\/21.jpg\" \/><\/p>\n<h2><strong><span style=\"font-size: 27px; font-family: Roboto;\">Norve\u00e7 Vize Reddi Nedir?<\/span><\/strong><\/h2>\n<p><span style=\"font-family: Roboto; font-size: 14px;\">Konsolosluk, Norve\u00e7 B\u00fcy\u00fckel\u00e7ili\u011fi ve Norve\u00e7 Konsoloslu\u011fu taraf\u0131ndan belirlenen \u015fartlar\u0131 ta\u015f\u0131mamakta olan ba\u015fvuru sahiplerinin <strong>Norve\u00e7 vizesi<\/strong> ba\u015fvurular\u0131n\u0131 reddetme hakk\u0131na sahiptir. Ba\u015fvuru sahiplerinin seyahat ama\u00e7lar\u0131n\u0131 kan\u0131tlayamamas\u0131, sahte veya eksik belge sunamamas\u0131, \u00fclkede kamu d\u00fczenini tehdit etmesi veya Norve\u00e7 seyahatinin sonunda \u00fclkeden ayr\u0131laca\u011f\u0131n\u0131 kan\u0131tlayan belgeleri ibraz etmemesi halinde vize reddedilecektir.<\/span><\/p>\n<p><span style=\"font-family: Roboto; font-size: 14px;\"><strong>Norve\u00e7&#8217;e ikamet ama\u00e7l\u0131 D vizesi<\/strong> veya Schengen vizesi isteyenler T\u00fcrkiye&#8217;deki<strong> Norve\u00e7 konsolosluklar\u0131<\/strong> taraf\u0131ndan de\u011ferlendirmeye al\u0131n\u0131r. Vize incelemesinin sonucuna ba\u011fl\u0131 olarak konsolosluk elbette vizenin reddine karar verme hakk\u0131na sahiptir. Fakat sizin de karar verilmi\u015f vize reddine itiraz etme hakk\u0131n\u0131z elbette vard\u0131r. Ki\u015finin, ret karar\u0131n\u0131n kendisine ula\u015ft\u0131\u011f\u0131 tarihten itibaren, ba\u015fvurdu\u011fu Norve\u00e7 Konsoloslu\u011funa itiraz dilek\u00e7esi vermesi i\u00e7in 30 g\u00fcn\u00fc vard\u0131r.<\/span><\/p>\n<p><span style=\"font-family: Roboto; font-size: 14px;\"><strong>Norve\u00e7 Konsoloslu\u011fu<\/strong>, vizenin giri\u015f say\u0131s\u0131n\u0131, s\u00fcresini ve sonucunu belirleyen tek yetkilidir. E\u011fer daha \u00f6nce vize reddi ile kar\u015f\u0131 kar\u015f\u0131ya kald\u0131ysan\u0131z, yeniden ba\u015fvurma konusunda herhangi bir k\u0131s\u0131tlama yap\u0131lmamaktad\u0131r. Vize reddi sonras\u0131nda veya di\u011fer Schengen \u00fcye \u00fclkelerinden vize ba\u015fvurular\u0131 i\u00e7in \u00f6denmi\u015f olan vize ba\u015fvuru merkezi i\u015flem masraflar\u0131 ve vize \u00fccretleri iade edilmemektedir.<\/span><\/p>\n<h2><span style=\"font-family: Roboto; font-size: 27px;\"><strong>Norve\u00e7 Vize Reddi Nedenleri<\/strong><\/span><\/h2>\n<p><span style=\"font-family: Roboto; font-size: 14px;\">Norve\u00e7&#8217;de kamu g\u00fcvenli\u011fi endi\u015feleri nedeniyle vize reddi<\/span><\/p>\n<p><span style=\"font-family: Roboto; font-size: 14px;\"><strong>Norve\u00e7 vizesi<\/strong> i\u00e7in ba\u015fvuran ki\u015finin vize talebi, ki\u015finin mevcut kurallar \u00e7er\u00e7evesinde bir veya daha fazla Schengen \u00fcyesi \u00fclkede kamu d\u00fczeni ve g\u00fcvenli\u011fi i\u00e7in tehdit olu\u015fturmas\u0131 halinde reddedilecektir.<\/span><\/p>\n<p><span style=\"font-family: Roboto; font-size: 14px;\">Ki\u015finin kendi \u00fclkesine d\u00f6nme durumuna ba\u011fl\u0131 endi\u015fe edilecek nedenler elbette <strong>Norve\u00e7&#8217;de vize reddi<\/strong> riskine yol a\u00e7abilmektedir.<\/span><\/p>\n<p><span style=\"font-family: Roboto; font-size: 14px;\"><strong>Norve\u00e7 vizesi i\u00e7in ba\u015fvurmak<\/strong> isteyenler, \u00dclkede kalacaklar\u0131 s\u00fcre tamamland\u0131ktan sonra \u00dclkeden \u00e7\u0131kacaklar\u0131na dair mutlaka fazlas\u0131yla ikna edici kan\u0131tlar sunmak zorundad\u0131r. Norve\u00e7 seyahatleri sonras\u0131nda kendi \u00fclkelerine d\u00f6necekleri konusunda ikna edemeyen veya durumu kan\u0131tlayamayan adaylar\u0131n vize ba\u015fvurular\u0131 do\u011fal olarak reddedilecektir.<\/span><\/p>\n<p><span style=\"font-family: Roboto; font-size: 14px;\">Yetersiz seyahat belgeleri<\/span><\/p>\n<p><span style=\"font-family: Roboto; font-size: 14px;\"><strong>Norve\u00e7&#8217;e vize almak<\/strong> isteyen adaylar orijinal, g\u00fcncel belgeler sunmal\u0131d\u0131r. Ba\u015fvuru sahibinin belgeleri eski, tahrif edilmi\u015f veya eksik ise, Norve\u00e7 b\u00fcy\u00fckel\u00e7ili\u011fi ba\u015fvuru sahibinin Norve\u00e7 vize ba\u015fvurusunu reddedebilir.<\/span><\/p>\n<p><span style=\"font-family: Roboto; font-size: 14px;\">Norve\u00e7&#8217;de seyahat k\u0131s\u0131tlamalar\u0131 ve seyahatin amac\u0131 nedeniyle vize reddedilir.<\/span><\/p>\n<p><span style=\"font-family: Roboto; font-size: 14px;\">Norve\u00e7 Konsoloslu\u011fu&#8217;nda, Norve\u00e7 vizesi i\u00e7in ba\u015fvuranlar, seyahatlerinin amac\u0131na ve seyahat kriterlerine uygun olduklar\u0131n\u0131 g\u00f6steren belgeler sunmal\u0131d\u0131r. Adaylar, seyahatlerinin amac\u0131n\u0131 ve ko\u015fullar\u0131n\u0131 a\u00e7\u0131klayan belgeleri ibraz etmelidir. Bunu yapamayan veya belgeleri durum ile alakal\u0131 ikna edici olmayan adaylar do\u011fal olarak vize reddi riski ile kar\u015f\u0131 kar\u015f\u0131yad\u0131r.<\/span><\/p>\n<h2><span style=\"font-family: Roboto; font-size: 27px;\"><strong>T\u00fcrlerine g\u00f6re Norve\u00e7 Vizesi Retleri<\/strong><\/span><\/h2>\n<p><span style=\"font-family: Roboto; font-size: 14px;\">Schengen&#8217;e giri\u015f yasa\u011f\u0131 nedeniyle <strong>Norve\u00e7 vize reddi<\/strong><\/span><\/p>\n<p><span style=\"font-family: Roboto; font-size: 14px;\">Herhangi bir Schengen B\u00f6lgesi \u00fcyesi \u00dclkenin verece\u011fi vize karar\u0131, di\u011fer Schengen B\u00f6lgesi \u00fcye \u00dclkeleri i\u00e7in de ba\u011flay\u0131c\u0131 olabilmektedir. Bu y\u00fczden t\u00fcm detaylar\u0131 d\u00fc\u015f\u00fcnmeniz gerekmektedir. Bu \u00fclkelerinden herhangi birini ziyaret edemeyen veya yasa\u011f\u0131 olan adaylar\u0131n vize ba\u015fvurular\u0131n\u0131n reddedilme olas\u0131l\u0131\u011f\u0131 d\u00fc\u015f\u00fcnd\u00fc\u011f\u00fcn\u00fczden daha fazlad\u0131r.<\/span><\/p>\n<p><span style=\"font-family: Roboto; font-size: 14px;\">Adalaylar\u0131n mevcut maddi durumu sebebiyle yap\u0131lan vize reddi<\/span><\/p>\n<p><span style=\"font-family: Roboto; font-size: 14px;\"><strong>Norve\u00e7 vizesi ba\u015fvuru sahipleri,<\/strong> Norve\u00e7&#8217;de kald\u0131klar\u0131 s\u00fcre boyunca ihtiya\u00e7lar\u0131n\u0131 kar\u015f\u0131layacak mali kaynaklara sahip olduklar\u0131n\u0131 ve gelirlerinin me\u015fru oldu\u011funu g\u00f6steren t\u00fcm belgeleri mutlaka ibraz etmelidir. Norve\u00e7 Konsoloslu\u011fu, Norve\u00e7 vizesi ba\u015fvurusunda bulunan ki\u015finin seyahat etmek i\u00e7in mali imkanlar\u0131n\u0131n bulunmad\u0131\u011f\u0131n\u0131 veya me\u015fru mali se\u00e7enekleri bulunmad\u0131\u011f\u0131n\u0131 tespit ederse, <strong>Norve\u00e7 vizesi ba\u015fvurusu<\/strong> reddedilecektir.<\/span><\/p>\n<p><span style=\"font-family: Roboto; font-size: 14px;\">Schengen vizesinin sona erme tarihi nedeniyle Norve\u00e7 vizesi reddi<\/span><\/p>\n<p><span style=\"font-family: Roboto; font-size: 14px;\">E\u011fer<strong><span style=\"color: #2acec2;\"><a style=\"color: #2acec2;\" href=\"https:\/\/www.myvize.com.tr\/norvec\/vize-islemleri\/norvec-schengen-vize\/\" target=\"_blank\" rel=\"noopener\"> Norve\u00e7 Schengen vizesi<\/a><\/span> almak<\/strong> isteyen adaylar, bir \u00f6nceki alt\u0131 ayl\u0131k s\u00fcre i\u00e7inde Schengen B\u00f6lgesi&#8217;nde zaten 90 g\u00fcnden daha fazla bir \u015fekilde zaman ge\u00e7irmi\u015fse, di\u011fer vize ba\u015fvurular\u0131 elbette reddedilmeye a\u00e7\u0131kt\u0131r.<\/span><\/p>\n<h3><span style=\"font-family: Roboto; font-size: 24px;\"><strong>Norve\u00e7 Turistik Vize Reddi<\/strong><\/span><\/h3>\n<p><span style=\"font-family: Roboto; font-size: 14px;\">Olumsuz veya olumlu bir vize al\u0131p almayaca\u011f\u0131n\u0131za karar verilebilmesi i\u00e7in, Norve\u00e7&#8217;den veya ba\u015fka bir Schengen \u00fclkesinden al\u0131nan \u00f6nceki vizelerinizi mutlaka s\u0131k\u0131nt\u0131s\u0131z atlatman\u0131z gerekmektedir. Elbette do\u011fal olarak Schengen b\u00f6lgesine girmek i\u00e7in \u00f6ncelikle ba\u015fvurdu\u011funuz Schengen \u00fclkesine seyahat etmeniz gerekiyor. Ticari faaliyetlerde bulunmak, Turist vizesiyle ziyaret etmek gibi \u00f6rnekler verilebilir. Fakat seyahatinizin amac\u0131 ile alakas\u0131z bir \u015fey asla yapmamal\u0131s\u0131n\u0131z.<\/span><\/p>\n<p><span style=\"font-family: Roboto; font-size: 14px;\"><strong>Norve\u00e7 Schengen vizesi<\/strong> i\u00e7in ko\u015fullar belirli ko\u015fullarda,\u00a0 vizeyi ald\u0131\u011f\u0131n\u0131z \u00fclkeden giri\u015f kriterlerini esnek tutabilmektedir. Hollanda&#8217;da iki, Norve\u00e7&#8217;de d\u00f6rt g\u00fcn ge\u00e7irmek istiyorsan\u0131z Norve\u00e7 Konsoloslu\u011funa ba\u015fvurman\u0131z gerekir; ancak, bu t\u00fcr talepler, otel rezervasyonlar\u0131 gibi belgelerle desteklenmelidir.<\/span><\/p>\n<p><span style=\"font-family: Roboto; font-size: 14px;\"><strong>Norve\u00e7 Konsoloslu\u011fu<\/strong>, vize t\u00fcr\u00fcn\u00fcz\u00fcn daha d\u0131\u015f\u0131nda bir sebep ile, \u00f6rne\u011fin Norve\u00e7&#8217;e yerle\u015fip hayat\u0131n\u0131z\u0131 orada kurma gibi bir sebep ile geldi\u011finizi d\u00fc\u015f\u00fcn\u00fcrse elbette ba\u015fvurunuz reddedilme riskiyle kar\u015f\u0131 kar\u015f\u0131ya kalacakt\u0131r.<\/span><\/p>\n<p><span style=\"font-family: Roboto; font-size: 14px;\">Norve\u00e7 vizenizin zaman\u0131nda ula\u015ft\u0131\u011f\u0131ndan mutlaka emin olmak zorundas\u0131n\u0131z. Bu duruma emin yakla\u015fmak i\u00e7in seyahatinizden 5 ila 7 i\u015f g\u00fcn\u00fc \u00f6ncesinde ba\u015fvurunuzu yapabilirsiniz. <strong>Norve\u00e7 Konsoloslu\u011fu<\/strong> ek belge veya m\u00fclakat talep ederse, i\u015flem s\u00fcreleri uzayabilir ve vize seyahatinize zaman\u0131nda gelmeyebilir.<\/span><\/p>\n","protected":false},"excerpt":{"rendered":"<p>Norve\u00e7 Vize Reddi Hakk\u0131nda &#8211; Norve\u00e7, Schengen sistemine dahildir. Daha \u00f6nceden Schengen vizesiyle, sisteme dahil olan \u00fclkelerden birine gitmi\u015f, 180 g\u00fcnl\u00fck s\u00fcre i\u00e7erisinde 90 g\u00fcn Schengen B\u00f6lgesi&#8217;nde konaklam\u0131\u015fsa, vize red edilmektedir. &#8211; Vize tarihlerini i\u00e7eren Sa\u011fl\u0131k Sigortas\u0131 yapt\u0131r\u0131lmal\u0131d\u0131r. Sa\u011fl\u0131k Sigortas\u0131, Norve\u00e7 Konsoloslu\u011fu&#8217;nun belirtilen teminatta yapt\u0131r\u0131lmas\u0131 gerekmektedir.\u00a0 &#8211;\u00a0Daha \u00f6nceden Schengen B\u00f6lgesi&#8217;ne seyahat etmi\u015f ki\u015filerin, kendilerine verilen<\/p>\n","protected":false},"author":1,"featured_media":0,"parent":18,"menu_order":0,"comment_status":"open","ping_status":"closed","template":"","meta":{"footnotes":""},"class_list":["post-49","page","type-page","status-publish","hentry"],"yoast_head":"<!-- This site is optimized with the Yoast SEO plugin v26.8 - https:\/\/yoast.com\/product\/yoast-seo-wordpress\/ -->\n<title>Norve\u00e7 Vize Reddi - Norve\u00e7 Vizesi - MyVize<\/title>\n<meta name=\"description\" content=\"Norve\u00e7 vizesi reddi alman\u0131zda ki sebepler neler? Norve\u00e7 vize reddi i\u00e7in detayl\u0131 itiraz dilek\u00e7esi i\u00e7in ileti\u015fime ge\u00e7ebilirsiniz.\" \/>\n<meta name=\"robots\" content=\"index, follow, max-snippet:-1, max-image-preview:large, max-video-preview:-1\" \/>\n<link rel=\"canonical\" href=\"https:\/\/www.myvize.com.tr\/norvec\/vize-islemleri\/norvec-vize-reddi\/\" \/>\n<meta property=\"og:locale\" content=\"tr_TR\" \/>\n<meta property=\"og:type\" content=\"article\" \/>\n<meta property=\"og:title\" content=\"Norve\u00e7 Vize Reddi - Norve\u00e7 Vizesi - MyVize\" \/>\n<meta property=\"og:description\" content=\"Norve\u00e7 vizesi reddi alman\u0131zda ki sebepler neler? Norve\u00e7 vize reddi i\u00e7in detayl\u0131 itiraz dilek\u00e7esi i\u00e7in ileti\u015fime ge\u00e7ebilirsiniz.\" \/>\n<meta property=\"og:url\" content=\"https:\/\/www.myvize.com.tr\/norvec\/vize-islemleri\/norvec-vize-reddi\/\" \/>\n<meta property=\"og:site_name\" content=\"Norve\u00e7 Vize &amp; Norve\u00e7 Vizesi \u0130\u00e7in Gerekli Evraklar\" \/>\n<meta property=\"article:modified_time\" content=\"2022-04-26T11:19:29+00:00\" \/>\n<meta property=\"og:image\" content=\"https:\/\/www.myvize.com.tr\/norvec\/wp-content\/uploads\/2021\/09\/21.jpg\" \/>\n<meta name=\"twitter:card\" content=\"summary_large_image\" \/>\n<meta name=\"twitter:label1\" content=\"Tahmini okuma s\u00fcresi\" \/>\n\t<meta name=\"twitter:data1\" content=\"6 dakika\" \/>\n<script type=\"application\/ld+json\" class=\"yoast-schema-graph\">{\"@context\":\"https:\/\/schema.org\",\"@graph\":[{\"@type\":\"WebPage\",\"@id\":\"https:\/\/www.myvize.com.tr\/norvec\/vize-islemleri\/norvec-vize-reddi\/\",\"url\":\"https:\/\/www.myvize.com.tr\/norvec\/vize-islemleri\/norvec-vize-reddi\/\",\"name\":\"Norve\u00e7 Vize Reddi - Norve\u00e7 Vizesi - MyVize\",\"isPartOf\":{\"@id\":\"https:\/\/www.myvize.com.tr\/norvec\/#website\"},\"primaryImageOfPage\":{\"@id\":\"https:\/\/www.myvize.com.tr\/norvec\/vize-islemleri\/norvec-vize-reddi\/#primaryimage\"},\"image\":{\"@id\":\"https:\/\/www.myvize.com.tr\/norvec\/vize-islemleri\/norvec-vize-reddi\/#primaryimage\"},\"thumbnailUrl\":\"https:\/\/www.myvize.com.tr\/norvec\/wp-content\/uploads\/2021\/09\/21.jpg\",\"datePublished\":\"2020-11-30T09:48:56+00:00\",\"dateModified\":\"2022-04-26T11:19:29+00:00\",\"description\":\"Norve\u00e7 vizesi reddi alman\u0131zda ki sebepler neler? Norve\u00e7 vize reddi i\u00e7in detayl\u0131 itiraz dilek\u00e7esi i\u00e7in ileti\u015fime ge\u00e7ebilirsiniz.\",\"breadcrumb\":{\"@id\":\"https:\/\/www.myvize.com.tr\/norvec\/vize-islemleri\/norvec-vize-reddi\/#breadcrumb\"},\"inLanguage\":\"tr\",\"potentialAction\":[{\"@type\":\"ReadAction\",\"target\":[\"https:\/\/www.myvize.com.tr\/norvec\/vize-islemleri\/norvec-vize-reddi\/\"]}]},{\"@type\":\"ImageObject\",\"inLanguage\":\"tr\",\"@id\":\"https:\/\/www.myvize.com.tr\/norvec\/vize-islemleri\/norvec-vize-reddi\/#primaryimage\",\"url\":\"https:\/\/www.myvize.com.tr\/norvec\/wp-content\/uploads\/2021\/09\/21.jpg\",\"contentUrl\":\"https:\/\/www.myvize.com.tr\/norvec\/wp-content\/uploads\/2021\/09\/21.jpg\",\"width\":800,\"height\":500,\"caption\":\"Norve\u00e7 Vize Reddi\"},{\"@type\":\"BreadcrumbList\",\"@id\":\"https:\/\/www.myvize.com.tr\/norvec\/vize-islemleri\/norvec-vize-reddi\/#breadcrumb\",\"itemListElement\":[{\"@type\":\"ListItem\",\"position\":1,\"name\":\"Anasayfa\",\"item\":\"https:\/\/www.myvize.com.tr\/norvec\/\"},{\"@type\":\"ListItem\",\"position\":2,\"name\":\"V\u0130ZE \u0130\u015eLEMLER\u0130\",\"item\":\"https:\/\/www.myvize.com.tr\/norvec\/vize-islemleri\/\"},{\"@type\":\"ListItem\",\"position\":3,\"name\":\"Norve\u00e7 Vize Reddi\"}]},{\"@type\":\"WebSite\",\"@id\":\"https:\/\/www.myvize.com.tr\/norvec\/#website\",\"url\":\"https:\/\/www.myvize.com.tr\/norvec\/\",\"name\":\"Norve\u00e7 Vize &amp; Norve\u00e7 Vizesi \u0130\u00e7in Gerekli Evraklar\",\"description\":\"\",\"potentialAction\":[{\"@type\":\"SearchAction\",\"target\":{\"@type\":\"EntryPoint\",\"urlTemplate\":\"https:\/\/www.myvize.com.tr\/norvec\/?s={search_term_string}\"},\"query-input\":{\"@type\":\"PropertyValueSpecification\",\"valueRequired\":true,\"valueName\":\"search_term_string\"}}],\"inLanguage\":\"tr\"}]}<\/script>\n<!-- \/ Yoast SEO plugin. -->","yoast_head_json":{"title":"Norve\u00e7 Vize Reddi - Norve\u00e7 Vizesi - MyVize","description":"Norve\u00e7 vizesi reddi alman\u0131zda ki sebepler neler? Norve\u00e7 vize reddi i\u00e7in detayl\u0131 itiraz dilek\u00e7esi i\u00e7in ileti\u015fime ge\u00e7ebilirsiniz.","robots":{"index":"index","follow":"follow","max-snippet":"max-snippet:-1","max-image-preview":"max-image-preview:large","max-video-preview":"max-video-preview:-1"},"canonical":"https:\/\/www.myvize.com.tr\/norvec\/vize-islemleri\/norvec-vize-reddi\/","og_locale":"tr_TR","og_type":"article","og_title":"Norve\u00e7 Vize Reddi - Norve\u00e7 Vizesi - MyVize","og_description":"Norve\u00e7 vizesi reddi alman\u0131zda ki sebepler neler? Norve\u00e7 vize reddi i\u00e7in detayl\u0131 itiraz dilek\u00e7esi i\u00e7in ileti\u015fime ge\u00e7ebilirsiniz.","og_url":"https:\/\/www.myvize.com.tr\/norvec\/vize-islemleri\/norvec-vize-reddi\/","og_site_name":"Norve\u00e7 Vize &amp; Norve\u00e7 Vizesi \u0130\u00e7in Gerekli Evraklar","article_modified_time":"2022-04-26T11:19:29+00:00","og_image":[{"url":"https:\/\/www.myvize.com.tr\/norvec\/wp-content\/uploads\/2021\/09\/21.jpg","type":"","width":"","height":""}],"twitter_card":"summary_large_image","twitter_misc":{"Tahmini okuma s\u00fcresi":"6 dakika"},"schema":{"@context":"https:\/\/schema.org","@graph":[{"@type":"WebPage","@id":"https:\/\/www.myvize.com.tr\/norvec\/vize-islemleri\/norvec-vize-reddi\/","url":"https:\/\/www.myvize.com.tr\/norvec\/vize-islemleri\/norvec-vize-reddi\/","name":"Norve\u00e7 Vize Reddi - Norve\u00e7 Vizesi - MyVize","isPartOf":{"@id":"https:\/\/www.myvize.com.tr\/norvec\/#website"},"primaryImageOfPage":{"@id":"https:\/\/www.myvize.com.tr\/norvec\/vize-islemleri\/norvec-vize-reddi\/#primaryimage"},"image":{"@id":"https:\/\/www.myvize.com.tr\/norvec\/vize-islemleri\/norvec-vize-reddi\/#primaryimage"},"thumbnailUrl":"https:\/\/www.myvize.com.tr\/norvec\/wp-content\/uploads\/2021\/09\/21.jpg","datePublished":"2020-11-30T09:48:56+00:00","dateModified":"2022-04-26T11:19:29+00:00","description":"Norve\u00e7 vizesi reddi alman\u0131zda ki sebepler neler? Norve\u00e7 vize reddi i\u00e7in detayl\u0131 itiraz dilek\u00e7esi i\u00e7in ileti\u015fime ge\u00e7ebilirsiniz.","breadcrumb":{"@id":"https:\/\/www.myvize.com.tr\/norvec\/vize-islemleri\/norvec-vize-reddi\/#breadcrumb"},"inLanguage":"tr","potentialAction":[{"@type":"ReadAction","target":["https:\/\/www.myvize.com.tr\/norvec\/vize-islemleri\/norvec-vize-reddi\/"]}]},{"@type":"ImageObject","inLanguage":"tr","@id":"https:\/\/www.myvize.com.tr\/norvec\/vize-islemleri\/norvec-vize-reddi\/#primaryimage","url":"https:\/\/www.myvize.com.tr\/norvec\/wp-content\/uploads\/2021\/09\/21.jpg","contentUrl":"https:\/\/www.myvize.com.tr\/norvec\/wp-content\/uploads\/2021\/09\/21.jpg","width":800,"height":500,"caption":"Norve\u00e7 Vize Reddi"},{"@type":"BreadcrumbList","@id":"https:\/\/www.myvize.com.tr\/norvec\/vize-islemleri\/norvec-vize-reddi\/#breadcrumb","itemListElement":[{"@type":"ListItem","position":1,"name":"Anasayfa","item":"https:\/\/www.myvize.com.tr\/norvec\/"},{"@type":"ListItem","position":2,"name":"V\u0130ZE \u0130\u015eLEMLER\u0130","item":"https:\/\/www.myvize.com.tr\/norvec\/vize-islemleri\/"},{"@type":"ListItem","position":3,"name":"Norve\u00e7 Vize Reddi"}]},{"@type":"WebSite","@id":"https:\/\/www.myvize.com.tr\/norvec\/#website","url":"https:\/\/www.myvize.com.tr\/norvec\/","name":"Norve\u00e7 Vize &amp; Norve\u00e7 Vizesi \u0130\u00e7in Gerekli Evraklar","description":"","potentialAction":[{"@type":"SearchAction","target":{"@type":"EntryPoint","urlTemplate":"https:\/\/www.myvize.com.tr\/norvec\/?s={search_term_string}"},"query-input":{"@type":"PropertyValueSpecification","valueRequired":true,"valueName":"search_term_string"}}],"inLanguage":"tr"}]}},"_links":{"self":[{"href":"https:\/\/www.myvize.com.tr\/norvec\/wp-json\/wp\/v2\/pages\/49","targetHints":{"allow":["GET"]}}],"collection":[{"href":"https:\/\/www.myvize.com.tr\/norvec\/wp-json\/wp\/v2\/pages"}],"about":[{"href":"https:\/\/www.myvize.com.tr\/norvec\/wp-json\/wp\/v2\/types\/page"}],"author":[{"embeddable":true,"href":"https:\/\/www.myvize.com.tr\/norvec\/wp-json\/wp\/v2\/users\/1"}],"replies":[{"embeddable":true,"href":"https:\/\/www.myvize.com.tr\/norvec\/wp-json\/wp\/v2\/comments?post=49"}],"version-history":[{"count":9,"href":"https:\/\/www.myvize.com.tr\/norvec\/wp-json\/wp\/v2\/pages\/49\/revisions"}],"predecessor-version":[{"id":821,"href":"https:\/\/www.myvize.com.tr\/norvec\/wp-json\/wp\/v2\/pages\/49\/revisions\/821"}],"up":[{"embeddable":true,"href":"https:\/\/www.myvize.com.tr\/norvec\/wp-json\/wp\/v2\/pages\/18"}],"wp:attachment":[{"href":"https:\/\/www.myvize.com.tr\/norvec\/wp-json\/wp\/v2\/media?parent=49"}],"curies":[{"name":"wp","href":"https:\/\/api.w.org\/{rel}","templated":true}]}}