{"id":6,"date":"2020-11-30T08:45:13","date_gmt":"2020-11-30T05:45:13","guid":{"rendered":"https:\/\/www.myvize.com.tr\/norvec\/?page_id=6"},"modified":"2022-10-26T15:17:02","modified_gmt":"2022-10-26T12:17:02","slug":"norvec","status":"publish","type":"page","link":"https:\/\/www.myvize.com.tr\/norvec\/","title":{"rendered":"NORVE\u00c7 V\u0130ZE"},"content":{"rendered":"<h2><strong><span style=\"font-size: 27px; font-family: Roboto;\">Norve\u00e7 Vizesi Hakk\u0131nda<\/span><\/strong><\/h2>\n","protected":false},"excerpt":{"rendered":"<p>Norve\u00e7 Vizesi Hakk\u0131nda<\/p>\n","protected":false},"author":1,"featured_media":0,"parent":0,"menu_order":0,"comment_status":"closed","ping_status":"closed","template":"","meta":{"footnotes":""},"class_list":["post-6","page","type-page","status-publish","hentry"],"yoast_head":"<!-- This site is optimized with the Yoast SEO plugin v26.8 - https:\/\/yoast.com\/product\/yoast-seo-wordpress\/ -->\n<title>Norve\u00e7 Vize \u0130\u015flemi - Norve\u00e7 Vizesi - MyVize<\/title>\n<meta name=\"description\" content=\"Norve\u00e7 vizesi nas\u0131l al\u0131n\u0131r? Norve\u00e7 vize ba\u015fvurusu nas\u0131l yap\u0131l\u0131r? Norve\u00e7 vizesi i\u00e7in gerekli evraklar 2022 y\u0131l\u0131nda de\u011fi\u015fti mi? En g\u00fcncel...\" \/>\n<meta name=\"robots\" content=\"index, follow, max-snippet:-1, max-image-preview:large, max-video-preview:-1\" \/>\n<link rel=\"canonical\" href=\"https:\/\/www.myvize.com.tr\/norvec\/\" \/>\n<meta property=\"og:locale\" content=\"tr_TR\" \/>\n<meta property=\"og:type\" content=\"article\" \/>\n<meta property=\"og:title\" content=\"Norve\u00e7 Vize \u0130\u015flemi - Norve\u00e7 Vizesi - MyVize\" \/>\n<meta property=\"og:description\" content=\"Norve\u00e7 vizesi nas\u0131l al\u0131n\u0131r? Norve\u00e7 vize ba\u015fvurusu nas\u0131l yap\u0131l\u0131r? Norve\u00e7 vizesi i\u00e7in gerekli evraklar 2022 y\u0131l\u0131nda de\u011fi\u015fti mi? En g\u00fcncel...\" \/>\n<meta property=\"og:url\" content=\"https:\/\/www.myvize.com.tr\/norvec\/\" \/>\n<meta property=\"og:site_name\" content=\"Norve\u00e7 Vize &amp; Norve\u00e7 Vizesi \u0130\u00e7in Gerekli Evraklar\" \/>\n<meta property=\"article:modified_time\" content=\"2022-10-26T12:17:02+00:00\" \/>\n<meta name=\"twitter:card\" content=\"summary_large_image\" \/>\n<meta name=\"twitter:label1\" content=\"Tahmini okuma s\u00fcresi\" \/>\n\t<meta name=\"twitter:data1\" content=\"1 dakika\" \/>\n<script type=\"application\/ld+json\" class=\"yoast-schema-graph\">{\"@context\":\"https:\/\/schema.org\",\"@graph\":[{\"@type\":\"WebPage\",\"@id\":\"https:\/\/www.myvize.com.tr\/norvec\/\",\"url\":\"https:\/\/www.myvize.com.tr\/norvec\/\",\"name\":\"Norve\u00e7 Vize \u0130\u015flemi - Norve\u00e7 Vizesi - MyVize\",\"isPartOf\":{\"@id\":\"https:\/\/www.myvize.com.tr\/norvec\/#website\"},\"datePublished\":\"2020-11-30T05:45:13+00:00\",\"dateModified\":\"2022-10-26T12:17:02+00:00\",\"description\":\"Norve\u00e7 vizesi nas\u0131l al\u0131n\u0131r? Norve\u00e7 vize ba\u015fvurusu nas\u0131l yap\u0131l\u0131r? Norve\u00e7 vizesi i\u00e7in gerekli evraklar 2022 y\u0131l\u0131nda de\u011fi\u015fti mi? En g\u00fcncel...\",\"breadcrumb\":{\"@id\":\"https:\/\/www.myvize.com.tr\/norvec\/#breadcrumb\"},\"inLanguage\":\"tr\",\"potentialAction\":[{\"@type\":\"ReadAction\",\"target\":[\"https:\/\/www.myvize.com.tr\/norvec\/\"]}]},{\"@type\":\"BreadcrumbList\",\"@id\":\"https:\/\/www.myvize.com.tr\/norvec\/#breadcrumb\",\"itemListElement\":[{\"@type\":\"ListItem\",\"position\":1,\"name\":\"Anasayfa\",\"item\":\"https:\/\/www.myvize.com.tr\/norvec\/\"},{\"@type\":\"ListItem\",\"position\":2,\"name\":\"NORVE\u00c7 V\u0130ZE\"}]},{\"@type\":\"WebSite\",\"@id\":\"https:\/\/www.myvize.com.tr\/norvec\/#website\",\"url\":\"https:\/\/www.myvize.com.tr\/norvec\/\",\"name\":\"Norve\u00e7 Vize &amp; Norve\u00e7 Vizesi \u0130\u00e7in Gerekli Evraklar\",\"description\":\"\",\"potentialAction\":[{\"@type\":\"SearchAction\",\"target\":{\"@type\":\"EntryPoint\",\"urlTemplate\":\"https:\/\/www.myvize.com.tr\/norvec\/?s={search_term_string}\"},\"query-input\":{\"@type\":\"PropertyValueSpecification\",\"valueRequired\":true,\"valueName\":\"search_term_string\"}}],\"inLanguage\":\"tr\"}]}<\/script>\n<!-- \/ Yoast SEO plugin. -->","yoast_head_json":{"title":"Norve\u00e7 Vize \u0130\u015flemi - Norve\u00e7 Vizesi - MyVize","description":"Norve\u00e7 vizesi nas\u0131l al\u0131n\u0131r? Norve\u00e7 vize ba\u015fvurusu nas\u0131l yap\u0131l\u0131r? Norve\u00e7 vizesi i\u00e7in gerekli evraklar 2022 y\u0131l\u0131nda de\u011fi\u015fti mi? En g\u00fcncel...","robots":{"index":"index","follow":"follow","max-snippet":"max-snippet:-1","max-image-preview":"max-image-preview:large","max-video-preview":"max-video-preview:-1"},"canonical":"https:\/\/www.myvize.com.tr\/norvec\/","og_locale":"tr_TR","og_type":"article","og_title":"Norve\u00e7 Vize \u0130\u015flemi - Norve\u00e7 Vizesi - MyVize","og_description":"Norve\u00e7 vizesi nas\u0131l al\u0131n\u0131r? Norve\u00e7 vize ba\u015fvurusu nas\u0131l yap\u0131l\u0131r? Norve\u00e7 vizesi i\u00e7in gerekli evraklar 2022 y\u0131l\u0131nda de\u011fi\u015fti mi? En g\u00fcncel...","og_url":"https:\/\/www.myvize.com.tr\/norvec\/","og_site_name":"Norve\u00e7 Vize &amp; Norve\u00e7 Vizesi \u0130\u00e7in Gerekli Evraklar","article_modified_time":"2022-10-26T12:17:02+00:00","twitter_card":"summary_large_image","twitter_misc":{"Tahmini okuma s\u00fcresi":"1 dakika"},"schema":{"@context":"https:\/\/schema.org","@graph":[{"@type":"WebPage","@id":"https:\/\/www.myvize.com.tr\/norvec\/","url":"https:\/\/www.myvize.com.tr\/norvec\/","name":"Norve\u00e7 Vize \u0130\u015flemi - Norve\u00e7 Vizesi - MyVize","isPartOf":{"@id":"https:\/\/www.myvize.com.tr\/norvec\/#website"},"datePublished":"2020-11-30T05:45:13+00:00","dateModified":"2022-10-26T12:17:02+00:00","description":"Norve\u00e7 vizesi nas\u0131l al\u0131n\u0131r? Norve\u00e7 vize ba\u015fvurusu nas\u0131l yap\u0131l\u0131r? Norve\u00e7 vizesi i\u00e7in gerekli evraklar 2022 y\u0131l\u0131nda de\u011fi\u015fti mi? En g\u00fcncel...","breadcrumb":{"@id":"https:\/\/www.myvize.com.tr\/norvec\/#breadcrumb"},"inLanguage":"tr","potentialAction":[{"@type":"ReadAction","target":["https:\/\/www.myvize.com.tr\/norvec\/"]}]},{"@type":"BreadcrumbList","@id":"https:\/\/www.myvize.com.tr\/norvec\/#breadcrumb","itemListElement":[{"@type":"ListItem","position":1,"name":"Anasayfa","item":"https:\/\/www.myvize.com.tr\/norvec\/"},{"@type":"ListItem","position":2,"name":"NORVE\u00c7 V\u0130ZE"}]},{"@type":"WebSite","@id":"https:\/\/www.myvize.com.tr\/norvec\/#website","url":"https:\/\/www.myvize.com.tr\/norvec\/","name":"Norve\u00e7 Vize &amp; Norve\u00e7 Vizesi \u0130\u00e7in Gerekli Evraklar","description":"","potentialAction":[{"@type":"SearchAction","target":{"@type":"EntryPoint","urlTemplate":"https:\/\/www.myvize.com.tr\/norvec\/?s={search_term_string}"},"query-input":{"@type":"PropertyValueSpecification","valueRequired":true,"valueName":"search_term_string"}}],"inLanguage":"tr"}]}},"_links":{"self":[{"href":"https:\/\/www.myvize.com.tr\/norvec\/wp-json\/wp\/v2\/pages\/6","targetHints":{"allow":["GET"]}}],"collection":[{"href":"https:\/\/www.myvize.com.tr\/norvec\/wp-json\/wp\/v2\/pages"}],"about":[{"href":"https:\/\/www.myvize.com.tr\/norvec\/wp-json\/wp\/v2\/types\/page"}],"author":[{"embeddable":true,"href":"https:\/\/www.myvize.com.tr\/norvec\/wp-json\/wp\/v2\/users\/1"}],"replies":[{"embeddable":true,"href":"https:\/\/www.myvize.com.tr\/norvec\/wp-json\/wp\/v2\/comments?post=6"}],"version-history":[{"count":5,"href":"https:\/\/www.myvize.com.tr\/norvec\/wp-json\/wp\/v2\/pages\/6\/revisions"}],"predecessor-version":[{"id":880,"href":"https:\/\/www.myvize.com.tr\/norvec\/wp-json\/wp\/v2\/pages\/6\/revisions\/880"}],"wp:attachment":[{"href":"https:\/\/www.myvize.com.tr\/norvec\/wp-json\/wp\/v2\/media?parent=6"}],"curies":[{"name":"wp","href":"https:\/\/api.w.org\/{rel}","templated":true}]}}