{"id":69,"date":"2020-11-30T12:54:37","date_gmt":"2020-11-30T09:54:37","guid":{"rendered":"https:\/\/www.myvize.com.tr\/norvec\/?page_id=69"},"modified":"2022-08-09T13:08:25","modified_gmt":"2022-08-09T10:08:25","slug":"konsolosluklar","status":"publish","type":"page","link":"https:\/\/www.myvize.com.tr\/norvec\/konsolosluklar\/","title":{"rendered":"KONSOLOSLUKLAR"},"content":{"rendered":"<p><span style=\"font-size: 14px;\"><\/span><\/p>\r\n<h2><span style=\"font-size: 27px; font-family: Roboto;\"><strong>Norve\u00e7<\/strong> <strong>Konsoloslu\u011fu<\/strong><\/span><\/h2>\r\n<p><span style=\"font-size: 14px; font-family: Roboto;\">\r\n\r\n<\/span><\/p>\r\n<p><span style=\"font-size: 14px; font-family: Roboto;\">\u00a0Bir \u00fclkenin ba\u015fka \u00fclkelerin toprak s\u0131n\u0131rlar\u0131 i\u00e7erisinde kurdu\u011fu d\u0131\u015f temsilciliklerine konsolosluk ad\u0131 verilmi\u015ftir. Bu resmi daireler, bir Ba\u015fkonsolos taraf\u0131ndan y\u00f6netilirler. Konsolosluklardaki g\u00f6revlerin d\u00fczenli bir \u015fekilde y\u00fcr\u00fcmesini sa\u011flayan personeller ise konsolos olarak bilinir. Konsolosluklar, \u00fclkelerini temsil etmenin yan\u0131 s\u0131ra iki \u00fclke aras\u0131ndaki ticari, sosyal ve k\u00fclt\u00fcrel faaliyetlere de katk\u0131da bulunmay\u0131 ama\u00e7 edinirler. \u00dclkeleri ad\u0131na herhangi b\u00fcy\u00fck bir karar verme yetkisine sahip de\u011fillerdir. Son yetki mercii Ankara B\u00fcy\u00fckel\u00e7ilikleridir.<\/span><\/p>\r\n<blockquote>\r\n<p><span style=\"font-size: 14px; font-family: Roboto;\"><a href=\"https:\/\/www.myvize.com.tr\/norvec\/vize-islemleri\/norvec-vizesi\/\" target=\"_blank\" rel=\"noopener\"><strong><span style=\"color: #2acec2;\">Norve\u00e7 Vizesi<\/span><\/strong><\/a><\/span><\/p>\r\n<\/blockquote>\r\n<p><span style=\"font-size: 14px; font-family: Roboto;\"> <img decoding=\"async\" src=\"https:\/\/www.myvize.com.tr\/norvec\/wp-content\/uploads\/2021\/09\/34.jpg\" \/> <\/span><\/p>\r\n<h2><span style=\"font-size: 27px; font-family: Roboto;\">\u00a0<strong>Norve\u00e7<\/strong> <strong>Konsoloslu\u011fu&#8217;nun<\/strong> <strong>G\u00f6revleri<\/strong><\/span><\/h2>\r\n<p><span style=\"font-size: 14px; font-family: Roboto;\">\r\n\r\n<\/span><\/p>\r\n<p><strong><span style=\"font-size: 14px; font-family: Roboto;\">\u00a0Norve\u00e7 Konsoloslu\u011funun g\u00f6revleri aras\u0131nda \u015fu maddeler yer al\u0131r:<\/span><\/strong><\/p>\r\n<p><span style=\"font-size: 14px; font-family: Roboto;\">\r\n\r\n<\/span><\/p>\r\n<p><span style=\"font-size: 14px; font-family: Roboto;\">\u00a0*Norve\u00e7 vatanda\u015flar\u0131n\u0131n do\u011fum, \u00f6l\u00fcm, evlilik, bo\u015fanma, sgk, askerlik, oturma ile \u00e7a\u0131\u015fma izinleri ve hukuki meselelerinde onlara yard\u0131mc\u0131 olmak,<\/span><\/p>\r\n<p><span style=\"font-size: 14px; font-family: Roboto;\">\r\n\r\n<\/span><\/p>\r\n<p><span style=\"font-size: 14px; font-family: Roboto;\">\u00a0*Hem T\u00fcrk hem de Norve\u00e7 vatanda\u015flar\u0131na pasaport \u00e7\u0131kar\u0131m\u0131 ve yenileme yapmak,<\/span><\/p>\r\n<p><span style=\"font-size: 14px; font-family: Roboto;\">\r\n\r\n<\/span><\/p>\r\n<p><span style=\"font-size: 14px; font-family: Roboto;\">\u00a0*Norve\u00e7 ile T\u00fcrkiye Cumhuriyeti aras\u0131nda diplomatik ili\u015fkileri geli\u015ftirmede katk\u0131 sa\u011flamak.<\/span><\/p>\r\n<p><span style=\"font-size: 14px; font-family: Roboto;\">\r\n\r\n<\/span><\/p>\r\n<h2><strong><span style=\"font-size: 27px; font-family: Roboto;\">\u00a0Norve\u00e7 Konsoloslu\u011fu&#8217;nun G\u00f6rev B\u00f6lgeleri<\/span><\/strong><\/h2>\r\n<p><span style=\"font-size: 14px; font-family: Roboto;\">\r\n\r\n<\/span><\/p>\r\n<p><span style=\"font-size: 14px; font-family: Roboto;\">\u00a0\u0130stanbul&#8217;da Fahri Konsoloslu\u011fu bulunan Norve\u00e7 g\u00f6rev b\u00f6lgeleri aras\u0131nda yer alan iller \u015fu \u015fekildedir: \u00c7orum, Kastamonu, <span style=\"color: #2acec2;\"><a style=\"color: #2acec2;\" href=\"https:\/\/www.myvize.com.tr\/norvec\/subelerimiz\/istanbul\/\" target=\"_blank\" rel=\"noopener\"><strong>\u0130stanbul<\/strong><\/a><\/span> , Giresun, Samsun, Ordu, Trabzon, Rize ve Zonguldak. Bu illerde ikamet etmekte olan vatanda\u015flar, Norve\u00e7 \u0130stanbul Fahri Konsoloslu\u011fu&#8217;na m\u00fcracaat edebilirler. Ayr\u0131ca Norve\u00e7 \u00fclkesinin \u0130zmir ilinde de Fahri Konsoloslu\u011fu bulunmaktad\u0131r. \u0130zmir ve \u00e7evresinde ya\u015fayan vatanda\u015flar da bu konsolosluk ile ileti\u015fime ge\u00e7ebilir. Fahri Konsolosluklardan vize dan\u0131\u015fmanl\u0131k hizmeti al\u0131nabilmektedir. Ba\u015fvurular\u0131 kabul eden bu kurumlar, karar verme yetkisine sahip de\u011fillerdir. Ankara&#8217;da bulunan <strong>Norve\u00e7 B\u00fcy\u00fckel\u00e7ili\u011fi ,<\/strong> hem Fahri Konsolosluklar\u0131 denetlemekte hem de i\u015flemleri bir sonuca ba\u011flamaktad\u0131r.<\/span><\/p>\r\n<p><img decoding=\"async\" src=\"https:\/\/www.myvize.com.tr\/norvec\/wp-content\/uploads\/2021\/09\/35.jpg\" \/><\/p>\r\n<h2><span style=\"font-size: 27px; font-family: Roboto;\"><b>Norve\u00e7 Vizesi \u0130le Hangi \u00dclkelere Gidilir?<\/b><\/span><\/h2>\r\n<p><span style=\"font-size: 14px; font-family: Roboto;\"><a href=\"https:\/\/www.myvize.com.tr\/norvec\/vize-islemleri\/norvec-schengen-vize\/\" target=\"_blank\" rel=\"noopener\"><span style=\"color: #2acec2;\"><strong>Norve\u00e7 Schengen vize<\/strong> <\/span><\/a>ile gidebilece\u011finiz bir \u00fclkedir. Ancak Schengen vizesinin \u015f\u00f6yle bir \u00f6zelli\u011fi bulunmaktad\u0131r. Schengen vizenizi Norve\u00e7 Konsolsolu\u011fu&#8217;ndan alm\u0131\u015fsan\u0131z, o zaman seyahat program\u0131n\u0131zda ilk durak Norve\u00e7 olmal\u0131d\u0131r. Veya seyahatiniz boyunca en uzun konaklayaca\u011f\u0131n\u0131z \u00fclke Norve\u00e7 olmal\u0131d\u0131r<strong>. Schengen vize<\/strong> sistemine dahil olan pek \u00e7ok \u00fclkede i\u015flerlik ayn\u0131 \u015fekildedir diyebiliriz.\u00a0<\/span><\/p>\r\n<p><span style=\"font-size: 14px; font-family: Roboto;\">AB \u00fcyelerinin \u00e7o\u011fu\u00a0<strong>Schengen vize<\/strong> sistemine dahildir. AB \u00fcyesi olan ve Schengen vizesine dahil olan \u00fclkeler: Yunanistan,\u00a0Slovenya,\u00a0Slovakya,\u00a0Portekiz,\u00a0Polonya,\u00a0Macaristan, L\u00fcksemburg,\u00a0Malta,\u00a0\u0130talya, Letonya,\u00a0Litvanya, \u0130sve\u00e7, Danimarka,\u00a0 \u0130spanya,\u00a0Hollanda,\u00a0Fransa, Finlandiya, Estonya,\u00a0\u00c7ek Cumhuriyeti,\u00a0Bel\u00e7ika,\u00a0Avusturya,\u00a0Almanya. AB \u00fcyesi olmayan ancak Schengen vize anla\u015fmas\u0131 olan \u00fclkeler: \u0130zlanda, Norve\u00e7,\u00a0Lichtenstein, \u0130svi\u00e7re. (Bu \u00fclkeler Schengen m\u00fcktebasat\u0131n\u0131 yerine getirmi\u015f ve sisteme dahil olmak i\u00e7in \u00f6zel anla\u015fmalar yapm\u0131\u015flard\u0131r.)<\/span><\/p>\r\n<p><span style=\"font-size: 14px; font-family: Roboto;\">Bunun yan\u0131s\u0131ra AB&#8217;nin \u00f6zel \u00fcyeleri olup,<strong> Schengen vize<\/strong> sistemine dahil olanlar: Kanarya Adalar\u0131, Azorlar, Maderia.<\/span><\/p>\r\n<p><span style=\"font-size: 14px; font-family: Roboto;\"><strong>Schengen vize<\/strong> sistemine dahil olmay\u0131p, s\u0131n\u0131rlar\u0131n\u0131 a\u00e7an \u00fclkeler de bulunmaktad\u0131r: Vatikan, Monako, San Maarino<\/span><\/p>\r\n<p><span style=\"font-size: 14px; font-family: Roboto;\">Seyahat esnekli\u011fi ve turizmden daha fazla pay alabilme \u015fans\u0131 nedeniyle her ge\u00e7en g\u00fcn <strong>Schengen vize<\/strong> sistemine dahil olan \u00fclkeler artmaktad\u0131r.<\/span><\/p>\r\n<p><span style=\"font-size: 14px;\"><\/span><\/p>","protected":false},"excerpt":{"rendered":"<p>Norve\u00e7 Konsoloslu\u011fu \u00a0Bir \u00fclkenin ba\u015fka \u00fclkelerin toprak s\u0131n\u0131rlar\u0131 i\u00e7erisinde kurdu\u011fu d\u0131\u015f temsilciliklerine konsolosluk ad\u0131 verilmi\u015ftir. Bu resmi daireler, bir Ba\u015fkonsolos taraf\u0131ndan y\u00f6netilirler. Konsolosluklardaki g\u00f6revlerin d\u00fczenli bir \u015fekilde y\u00fcr\u00fcmesini sa\u011flayan personeller ise konsolos olarak bilinir. Konsolosluklar, \u00fclkelerini temsil etmenin yan\u0131 s\u0131ra iki \u00fclke aras\u0131ndaki ticari, sosyal ve k\u00fclt\u00fcrel faaliyetlere de katk\u0131da bulunmay\u0131 ama\u00e7 edinirler. \u00dclkeleri ad\u0131na<\/p>\n","protected":false},"author":1,"featured_media":0,"parent":0,"menu_order":0,"comment_status":"closed","ping_status":"closed","template":"","meta":{"footnotes":""},"class_list":["post-69","page","type-page","status-publish","hentry"],"yoast_head":"<!-- This site is optimized with the Yoast SEO plugin v26.8 - https:\/\/yoast.com\/product\/yoast-seo-wordpress\/ -->\n<title>Norve\u00e7 Konsolosluk \u0130leti\u015fim Bilgileri - MyVize<\/title>\n<meta name=\"description\" content=\"Norve\u00e7 Konsolosluklar\u0131n harital\u0131 a\u00e7\u0131k adresleri, Norve\u00e7 Konsolosluklar ve El\u00e7ilik listeleri. Norve\u00e7 Konsolosluklar ve yetki alanlar\u0131.\" \/>\n<meta name=\"robots\" content=\"index, follow, max-snippet:-1, max-image-preview:large, max-video-preview:-1\" \/>\n<link rel=\"canonical\" href=\"https:\/\/www.myvize.com.tr\/norvec\/konsolosluklar\/\" \/>\n<meta property=\"og:locale\" content=\"tr_TR\" \/>\n<meta property=\"og:type\" content=\"article\" \/>\n<meta property=\"og:title\" content=\"Norve\u00e7 Konsolosluk \u0130leti\u015fim Bilgileri - MyVize\" \/>\n<meta property=\"og:description\" content=\"Norve\u00e7 Konsolosluklar\u0131n harital\u0131 a\u00e7\u0131k adresleri, Norve\u00e7 Konsolosluklar ve El\u00e7ilik listeleri. Norve\u00e7 Konsolosluklar ve yetki alanlar\u0131.\" \/>\n<meta property=\"og:url\" content=\"https:\/\/www.myvize.com.tr\/norvec\/konsolosluklar\/\" \/>\n<meta property=\"og:site_name\" content=\"Norve\u00e7 Vize &amp; Norve\u00e7 Vizesi \u0130\u00e7in Gerekli Evraklar\" \/>\n<meta property=\"article:modified_time\" content=\"2022-08-09T10:08:25+00:00\" \/>\n<meta property=\"og:image\" content=\"https:\/\/www.myvize.com.tr\/norvec\/wp-content\/uploads\/2021\/09\/34.jpg\" \/>\n<meta name=\"twitter:card\" content=\"summary_large_image\" \/>\n<meta name=\"twitter:label1\" content=\"Tahmini okuma s\u00fcresi\" \/>\n\t<meta name=\"twitter:data1\" content=\"3 dakika\" \/>\n<script type=\"application\/ld+json\" class=\"yoast-schema-graph\">{\"@context\":\"https:\/\/schema.org\",\"@graph\":[{\"@type\":\"WebPage\",\"@id\":\"https:\/\/www.myvize.com.tr\/norvec\/konsolosluklar\/\",\"url\":\"https:\/\/www.myvize.com.tr\/norvec\/konsolosluklar\/\",\"name\":\"Norve\u00e7 Konsolosluk \u0130leti\u015fim Bilgileri - MyVize\",\"isPartOf\":{\"@id\":\"https:\/\/www.myvize.com.tr\/norvec\/#website\"},\"primaryImageOfPage\":{\"@id\":\"https:\/\/www.myvize.com.tr\/norvec\/konsolosluklar\/#primaryimage\"},\"image\":{\"@id\":\"https:\/\/www.myvize.com.tr\/norvec\/konsolosluklar\/#primaryimage\"},\"thumbnailUrl\":\"https:\/\/www.myvize.com.tr\/norvec\/wp-content\/uploads\/2021\/09\/34.jpg\",\"datePublished\":\"2020-11-30T09:54:37+00:00\",\"dateModified\":\"2022-08-09T10:08:25+00:00\",\"description\":\"Norve\u00e7 Konsolosluklar\u0131n harital\u0131 a\u00e7\u0131k adresleri, Norve\u00e7 Konsolosluklar ve El\u00e7ilik listeleri. Norve\u00e7 Konsolosluklar ve yetki alanlar\u0131.\",\"breadcrumb\":{\"@id\":\"https:\/\/www.myvize.com.tr\/norvec\/konsolosluklar\/#breadcrumb\"},\"inLanguage\":\"tr\",\"potentialAction\":[{\"@type\":\"ReadAction\",\"target\":[\"https:\/\/www.myvize.com.tr\/norvec\/konsolosluklar\/\"]}]},{\"@type\":\"ImageObject\",\"inLanguage\":\"tr\",\"@id\":\"https:\/\/www.myvize.com.tr\/norvec\/konsolosluklar\/#primaryimage\",\"url\":\"https:\/\/www.myvize.com.tr\/norvec\/wp-content\/uploads\/2021\/09\/34.jpg\",\"contentUrl\":\"https:\/\/www.myvize.com.tr\/norvec\/wp-content\/uploads\/2021\/09\/34.jpg\",\"width\":800,\"height\":500,\"caption\":\"Norve\u00e7 Konsolosluklar\"},{\"@type\":\"BreadcrumbList\",\"@id\":\"https:\/\/www.myvize.com.tr\/norvec\/konsolosluklar\/#breadcrumb\",\"itemListElement\":[{\"@type\":\"ListItem\",\"position\":1,\"name\":\"Anasayfa\",\"item\":\"https:\/\/www.myvize.com.tr\/norvec\/\"},{\"@type\":\"ListItem\",\"position\":2,\"name\":\"KONSOLOSLUKLAR\"}]},{\"@type\":\"WebSite\",\"@id\":\"https:\/\/www.myvize.com.tr\/norvec\/#website\",\"url\":\"https:\/\/www.myvize.com.tr\/norvec\/\",\"name\":\"Norve\u00e7 Vize &amp; Norve\u00e7 Vizesi \u0130\u00e7in Gerekli Evraklar\",\"description\":\"\",\"potentialAction\":[{\"@type\":\"SearchAction\",\"target\":{\"@type\":\"EntryPoint\",\"urlTemplate\":\"https:\/\/www.myvize.com.tr\/norvec\/?s={search_term_string}\"},\"query-input\":{\"@type\":\"PropertyValueSpecification\",\"valueRequired\":true,\"valueName\":\"search_term_string\"}}],\"inLanguage\":\"tr\"}]}<\/script>\n<!-- \/ Yoast SEO plugin. -->","yoast_head_json":{"title":"Norve\u00e7 Konsolosluk \u0130leti\u015fim Bilgileri - MyVize","description":"Norve\u00e7 Konsolosluklar\u0131n harital\u0131 a\u00e7\u0131k adresleri, Norve\u00e7 Konsolosluklar ve El\u00e7ilik listeleri. Norve\u00e7 Konsolosluklar ve yetki alanlar\u0131.","robots":{"index":"index","follow":"follow","max-snippet":"max-snippet:-1","max-image-preview":"max-image-preview:large","max-video-preview":"max-video-preview:-1"},"canonical":"https:\/\/www.myvize.com.tr\/norvec\/konsolosluklar\/","og_locale":"tr_TR","og_type":"article","og_title":"Norve\u00e7 Konsolosluk \u0130leti\u015fim Bilgileri - MyVize","og_description":"Norve\u00e7 Konsolosluklar\u0131n harital\u0131 a\u00e7\u0131k adresleri, Norve\u00e7 Konsolosluklar ve El\u00e7ilik listeleri. Norve\u00e7 Konsolosluklar ve yetki alanlar\u0131.","og_url":"https:\/\/www.myvize.com.tr\/norvec\/konsolosluklar\/","og_site_name":"Norve\u00e7 Vize &amp; Norve\u00e7 Vizesi \u0130\u00e7in Gerekli Evraklar","article_modified_time":"2022-08-09T10:08:25+00:00","og_image":[{"url":"https:\/\/www.myvize.com.tr\/norvec\/wp-content\/uploads\/2021\/09\/34.jpg","type":"","width":"","height":""}],"twitter_card":"summary_large_image","twitter_misc":{"Tahmini okuma s\u00fcresi":"3 dakika"},"schema":{"@context":"https:\/\/schema.org","@graph":[{"@type":"WebPage","@id":"https:\/\/www.myvize.com.tr\/norvec\/konsolosluklar\/","url":"https:\/\/www.myvize.com.tr\/norvec\/konsolosluklar\/","name":"Norve\u00e7 Konsolosluk \u0130leti\u015fim Bilgileri - MyVize","isPartOf":{"@id":"https:\/\/www.myvize.com.tr\/norvec\/#website"},"primaryImageOfPage":{"@id":"https:\/\/www.myvize.com.tr\/norvec\/konsolosluklar\/#primaryimage"},"image":{"@id":"https:\/\/www.myvize.com.tr\/norvec\/konsolosluklar\/#primaryimage"},"thumbnailUrl":"https:\/\/www.myvize.com.tr\/norvec\/wp-content\/uploads\/2021\/09\/34.jpg","datePublished":"2020-11-30T09:54:37+00:00","dateModified":"2022-08-09T10:08:25+00:00","description":"Norve\u00e7 Konsolosluklar\u0131n harital\u0131 a\u00e7\u0131k adresleri, Norve\u00e7 Konsolosluklar ve El\u00e7ilik listeleri. Norve\u00e7 Konsolosluklar ve yetki alanlar\u0131.","breadcrumb":{"@id":"https:\/\/www.myvize.com.tr\/norvec\/konsolosluklar\/#breadcrumb"},"inLanguage":"tr","potentialAction":[{"@type":"ReadAction","target":["https:\/\/www.myvize.com.tr\/norvec\/konsolosluklar\/"]}]},{"@type":"ImageObject","inLanguage":"tr","@id":"https:\/\/www.myvize.com.tr\/norvec\/konsolosluklar\/#primaryimage","url":"https:\/\/www.myvize.com.tr\/norvec\/wp-content\/uploads\/2021\/09\/34.jpg","contentUrl":"https:\/\/www.myvize.com.tr\/norvec\/wp-content\/uploads\/2021\/09\/34.jpg","width":800,"height":500,"caption":"Norve\u00e7 Konsolosluklar"},{"@type":"BreadcrumbList","@id":"https:\/\/www.myvize.com.tr\/norvec\/konsolosluklar\/#breadcrumb","itemListElement":[{"@type":"ListItem","position":1,"name":"Anasayfa","item":"https:\/\/www.myvize.com.tr\/norvec\/"},{"@type":"ListItem","position":2,"name":"KONSOLOSLUKLAR"}]},{"@type":"WebSite","@id":"https:\/\/www.myvize.com.tr\/norvec\/#website","url":"https:\/\/www.myvize.com.tr\/norvec\/","name":"Norve\u00e7 Vize &amp; Norve\u00e7 Vizesi \u0130\u00e7in Gerekli Evraklar","description":"","potentialAction":[{"@type":"SearchAction","target":{"@type":"EntryPoint","urlTemplate":"https:\/\/www.myvize.com.tr\/norvec\/?s={search_term_string}"},"query-input":{"@type":"PropertyValueSpecification","valueRequired":true,"valueName":"search_term_string"}}],"inLanguage":"tr"}]}},"_links":{"self":[{"href":"https:\/\/www.myvize.com.tr\/norvec\/wp-json\/wp\/v2\/pages\/69","targetHints":{"allow":["GET"]}}],"collection":[{"href":"https:\/\/www.myvize.com.tr\/norvec\/wp-json\/wp\/v2\/pages"}],"about":[{"href":"https:\/\/www.myvize.com.tr\/norvec\/wp-json\/wp\/v2\/types\/page"}],"author":[{"embeddable":true,"href":"https:\/\/www.myvize.com.tr\/norvec\/wp-json\/wp\/v2\/users\/1"}],"replies":[{"embeddable":true,"href":"https:\/\/www.myvize.com.tr\/norvec\/wp-json\/wp\/v2\/comments?post=69"}],"version-history":[{"count":5,"href":"https:\/\/www.myvize.com.tr\/norvec\/wp-json\/wp\/v2\/pages\/69\/revisions"}],"predecessor-version":[{"id":847,"href":"https:\/\/www.myvize.com.tr\/norvec\/wp-json\/wp\/v2\/pages\/69\/revisions\/847"}],"wp:attachment":[{"href":"https:\/\/www.myvize.com.tr\/norvec\/wp-json\/wp\/v2\/media?parent=69"}],"curies":[{"name":"wp","href":"https:\/\/api.w.org\/{rel}","templated":true}]}}