{"id":86,"date":"2020-11-30T13:05:31","date_gmt":"2020-11-30T10:05:31","guid":{"rendered":"https:\/\/www.myvize.com.tr\/norvec\/?page_id=86"},"modified":"2022-01-10T15:41:35","modified_gmt":"2022-01-10T12:41:35","slug":"edirne-fahri-konsoloslugu","status":"publish","type":"page","link":"https:\/\/www.myvize.com.tr\/norvec\/konsolosluklar\/edirne-fahri-konsoloslugu\/","title":{"rendered":"Norve\u00e7 Edirne Fahri Konsoloslu\u011fu"},"content":{"rendered":"<h2><strong><span style=\"font-size: 27px; font-family: Roboto;\">Norve\u00e7 Edirne Fahri Konsoloslu\u011fu \u0130leti\u015fim Bilgileri<\/span><\/strong><\/h2>\n<p><img decoding=\"async\" src=\"https:\/\/www.myvize.com.tr\/norvec\/wp-content\/uploads\/2021\/09\/42.jpg\" \/><\/p>\n","protected":false},"excerpt":{"rendered":"<p>Norve\u00e7 Edirne Fahri Konsoloslu\u011fu \u0130leti\u015fim Bilgileri<\/p>\n","protected":false},"author":1,"featured_media":0,"parent":69,"menu_order":0,"comment_status":"open","ping_status":"closed","template":"","meta":{"footnotes":""},"class_list":["post-86","page","type-page","status-publish","hentry"],"yoast_head":"<!-- This site is optimized with the Yoast SEO plugin v26.8 - https:\/\/yoast.com\/product\/yoast-seo-wordpress\/ -->\n<title>Norve\u00e7 Fahri Konsoloslu\u011fu Edirne - MyVize<\/title>\n<meta name=\"description\" content=\"Norve\u00e7 Edirne Fahri Konsoloslu\u011fu \u00e7al\u0131\u015fma saatleri. Norve\u00e7 Edirne Fahri Konsoloslu\u011fu ula\u015f\u0131m, ileti\u015fim bilgileri ve faaliyet alan\u0131.\" \/>\n<meta name=\"robots\" content=\"index, follow, max-snippet:-1, max-image-preview:large, max-video-preview:-1\" \/>\n<link rel=\"canonical\" href=\"https:\/\/www.myvize.com.tr\/norvec\/konsolosluklar\/edirne-fahri-konsoloslugu\/\" \/>\n<meta property=\"og:locale\" content=\"tr_TR\" \/>\n<meta property=\"og:type\" content=\"article\" \/>\n<meta property=\"og:title\" content=\"Norve\u00e7 Fahri Konsoloslu\u011fu Edirne - MyVize\" \/>\n<meta property=\"og:description\" content=\"Norve\u00e7 Edirne Fahri Konsoloslu\u011fu \u00e7al\u0131\u015fma saatleri. Norve\u00e7 Edirne Fahri Konsoloslu\u011fu ula\u015f\u0131m, ileti\u015fim bilgileri ve faaliyet alan\u0131.\" \/>\n<meta property=\"og:url\" content=\"https:\/\/www.myvize.com.tr\/norvec\/konsolosluklar\/edirne-fahri-konsoloslugu\/\" \/>\n<meta property=\"og:site_name\" content=\"Norve\u00e7 Vize &amp; Norve\u00e7 Vizesi \u0130\u00e7in Gerekli Evraklar\" \/>\n<meta property=\"article:modified_time\" content=\"2022-01-10T12:41:35+00:00\" \/>\n<meta property=\"og:image\" content=\"https:\/\/www.myvize.com.tr\/norvec\/wp-content\/uploads\/2021\/09\/42.jpg\" \/>\n<meta name=\"twitter:card\" content=\"summary_large_image\" \/>\n<meta name=\"twitter:label1\" content=\"Tahmini okuma s\u00fcresi\" \/>\n\t<meta name=\"twitter:data1\" content=\"1 dakika\" \/>\n<script type=\"application\/ld+json\" class=\"yoast-schema-graph\">{\"@context\":\"https:\/\/schema.org\",\"@graph\":[{\"@type\":\"WebPage\",\"@id\":\"https:\/\/www.myvize.com.tr\/norvec\/konsolosluklar\/edirne-fahri-konsoloslugu\/\",\"url\":\"https:\/\/www.myvize.com.tr\/norvec\/konsolosluklar\/edirne-fahri-konsoloslugu\/\",\"name\":\"Norve\u00e7 Fahri Konsoloslu\u011fu Edirne - MyVize\",\"isPartOf\":{\"@id\":\"https:\/\/www.myvize.com.tr\/norvec\/#website\"},\"primaryImageOfPage\":{\"@id\":\"https:\/\/www.myvize.com.tr\/norvec\/konsolosluklar\/edirne-fahri-konsoloslugu\/#primaryimage\"},\"image\":{\"@id\":\"https:\/\/www.myvize.com.tr\/norvec\/konsolosluklar\/edirne-fahri-konsoloslugu\/#primaryimage\"},\"thumbnailUrl\":\"https:\/\/www.myvize.com.tr\/norvec\/wp-content\/uploads\/2021\/09\/42.jpg\",\"datePublished\":\"2020-11-30T10:05:31+00:00\",\"dateModified\":\"2022-01-10T12:41:35+00:00\",\"description\":\"Norve\u00e7 Edirne Fahri Konsoloslu\u011fu \u00e7al\u0131\u015fma saatleri. Norve\u00e7 Edirne Fahri Konsoloslu\u011fu ula\u015f\u0131m, ileti\u015fim bilgileri ve faaliyet alan\u0131.\",\"breadcrumb\":{\"@id\":\"https:\/\/www.myvize.com.tr\/norvec\/konsolosluklar\/edirne-fahri-konsoloslugu\/#breadcrumb\"},\"inLanguage\":\"tr\",\"potentialAction\":[{\"@type\":\"ReadAction\",\"target\":[\"https:\/\/www.myvize.com.tr\/norvec\/konsolosluklar\/edirne-fahri-konsoloslugu\/\"]}]},{\"@type\":\"ImageObject\",\"inLanguage\":\"tr\",\"@id\":\"https:\/\/www.myvize.com.tr\/norvec\/konsolosluklar\/edirne-fahri-konsoloslugu\/#primaryimage\",\"url\":\"https:\/\/www.myvize.com.tr\/norvec\/wp-content\/uploads\/2021\/09\/42.jpg\",\"contentUrl\":\"https:\/\/www.myvize.com.tr\/norvec\/wp-content\/uploads\/2021\/09\/42.jpg\",\"width\":800,\"height\":500,\"caption\":\"Norve\u00e7 Edirne Fahri Konsoloslu\u011fu\"},{\"@type\":\"BreadcrumbList\",\"@id\":\"https:\/\/www.myvize.com.tr\/norvec\/konsolosluklar\/edirne-fahri-konsoloslugu\/#breadcrumb\",\"itemListElement\":[{\"@type\":\"ListItem\",\"position\":1,\"name\":\"Anasayfa\",\"item\":\"https:\/\/www.myvize.com.tr\/norvec\/\"},{\"@type\":\"ListItem\",\"position\":2,\"name\":\"KONSOLOSLUKLAR\",\"item\":\"https:\/\/www.myvize.com.tr\/norvec\/konsolosluklar\/\"},{\"@type\":\"ListItem\",\"position\":3,\"name\":\"Norve\u00e7 Edirne Fahri Konsoloslu\u011fu\"}]},{\"@type\":\"WebSite\",\"@id\":\"https:\/\/www.myvize.com.tr\/norvec\/#website\",\"url\":\"https:\/\/www.myvize.com.tr\/norvec\/\",\"name\":\"Norve\u00e7 Vize &amp; Norve\u00e7 Vizesi \u0130\u00e7in Gerekli Evraklar\",\"description\":\"\",\"potentialAction\":[{\"@type\":\"SearchAction\",\"target\":{\"@type\":\"EntryPoint\",\"urlTemplate\":\"https:\/\/www.myvize.com.tr\/norvec\/?s={search_term_string}\"},\"query-input\":{\"@type\":\"PropertyValueSpecification\",\"valueRequired\":true,\"valueName\":\"search_term_string\"}}],\"inLanguage\":\"tr\"}]}<\/script>\n<!-- \/ Yoast SEO plugin. -->","yoast_head_json":{"title":"Norve\u00e7 Fahri Konsoloslu\u011fu Edirne - MyVize","description":"Norve\u00e7 Edirne Fahri Konsoloslu\u011fu \u00e7al\u0131\u015fma saatleri. Norve\u00e7 Edirne Fahri Konsoloslu\u011fu ula\u015f\u0131m, ileti\u015fim bilgileri ve faaliyet alan\u0131.","robots":{"index":"index","follow":"follow","max-snippet":"max-snippet:-1","max-image-preview":"max-image-preview:large","max-video-preview":"max-video-preview:-1"},"canonical":"https:\/\/www.myvize.com.tr\/norvec\/konsolosluklar\/edirne-fahri-konsoloslugu\/","og_locale":"tr_TR","og_type":"article","og_title":"Norve\u00e7 Fahri Konsoloslu\u011fu Edirne - MyVize","og_description":"Norve\u00e7 Edirne Fahri Konsoloslu\u011fu \u00e7al\u0131\u015fma saatleri. Norve\u00e7 Edirne Fahri Konsoloslu\u011fu ula\u015f\u0131m, ileti\u015fim bilgileri ve faaliyet alan\u0131.","og_url":"https:\/\/www.myvize.com.tr\/norvec\/konsolosluklar\/edirne-fahri-konsoloslugu\/","og_site_name":"Norve\u00e7 Vize &amp; Norve\u00e7 Vizesi \u0130\u00e7in Gerekli Evraklar","article_modified_time":"2022-01-10T12:41:35+00:00","og_image":[{"url":"https:\/\/www.myvize.com.tr\/norvec\/wp-content\/uploads\/2021\/09\/42.jpg","type":"","width":"","height":""}],"twitter_card":"summary_large_image","twitter_misc":{"Tahmini okuma s\u00fcresi":"1 dakika"},"schema":{"@context":"https:\/\/schema.org","@graph":[{"@type":"WebPage","@id":"https:\/\/www.myvize.com.tr\/norvec\/konsolosluklar\/edirne-fahri-konsoloslugu\/","url":"https:\/\/www.myvize.com.tr\/norvec\/konsolosluklar\/edirne-fahri-konsoloslugu\/","name":"Norve\u00e7 Fahri Konsoloslu\u011fu Edirne - MyVize","isPartOf":{"@id":"https:\/\/www.myvize.com.tr\/norvec\/#website"},"primaryImageOfPage":{"@id":"https:\/\/www.myvize.com.tr\/norvec\/konsolosluklar\/edirne-fahri-konsoloslugu\/#primaryimage"},"image":{"@id":"https:\/\/www.myvize.com.tr\/norvec\/konsolosluklar\/edirne-fahri-konsoloslugu\/#primaryimage"},"thumbnailUrl":"https:\/\/www.myvize.com.tr\/norvec\/wp-content\/uploads\/2021\/09\/42.jpg","datePublished":"2020-11-30T10:05:31+00:00","dateModified":"2022-01-10T12:41:35+00:00","description":"Norve\u00e7 Edirne Fahri Konsoloslu\u011fu \u00e7al\u0131\u015fma saatleri. Norve\u00e7 Edirne Fahri Konsoloslu\u011fu ula\u015f\u0131m, ileti\u015fim bilgileri ve faaliyet alan\u0131.","breadcrumb":{"@id":"https:\/\/www.myvize.com.tr\/norvec\/konsolosluklar\/edirne-fahri-konsoloslugu\/#breadcrumb"},"inLanguage":"tr","potentialAction":[{"@type":"ReadAction","target":["https:\/\/www.myvize.com.tr\/norvec\/konsolosluklar\/edirne-fahri-konsoloslugu\/"]}]},{"@type":"ImageObject","inLanguage":"tr","@id":"https:\/\/www.myvize.com.tr\/norvec\/konsolosluklar\/edirne-fahri-konsoloslugu\/#primaryimage","url":"https:\/\/www.myvize.com.tr\/norvec\/wp-content\/uploads\/2021\/09\/42.jpg","contentUrl":"https:\/\/www.myvize.com.tr\/norvec\/wp-content\/uploads\/2021\/09\/42.jpg","width":800,"height":500,"caption":"Norve\u00e7 Edirne Fahri Konsoloslu\u011fu"},{"@type":"BreadcrumbList","@id":"https:\/\/www.myvize.com.tr\/norvec\/konsolosluklar\/edirne-fahri-konsoloslugu\/#breadcrumb","itemListElement":[{"@type":"ListItem","position":1,"name":"Anasayfa","item":"https:\/\/www.myvize.com.tr\/norvec\/"},{"@type":"ListItem","position":2,"name":"KONSOLOSLUKLAR","item":"https:\/\/www.myvize.com.tr\/norvec\/konsolosluklar\/"},{"@type":"ListItem","position":3,"name":"Norve\u00e7 Edirne Fahri Konsoloslu\u011fu"}]},{"@type":"WebSite","@id":"https:\/\/www.myvize.com.tr\/norvec\/#website","url":"https:\/\/www.myvize.com.tr\/norvec\/","name":"Norve\u00e7 Vize &amp; Norve\u00e7 Vizesi \u0130\u00e7in Gerekli Evraklar","description":"","potentialAction":[{"@type":"SearchAction","target":{"@type":"EntryPoint","urlTemplate":"https:\/\/www.myvize.com.tr\/norvec\/?s={search_term_string}"},"query-input":{"@type":"PropertyValueSpecification","valueRequired":true,"valueName":"search_term_string"}}],"inLanguage":"tr"}]}},"_links":{"self":[{"href":"https:\/\/www.myvize.com.tr\/norvec\/wp-json\/wp\/v2\/pages\/86","targetHints":{"allow":["GET"]}}],"collection":[{"href":"https:\/\/www.myvize.com.tr\/norvec\/wp-json\/wp\/v2\/pages"}],"about":[{"href":"https:\/\/www.myvize.com.tr\/norvec\/wp-json\/wp\/v2\/types\/page"}],"author":[{"embeddable":true,"href":"https:\/\/www.myvize.com.tr\/norvec\/wp-json\/wp\/v2\/users\/1"}],"replies":[{"embeddable":true,"href":"https:\/\/www.myvize.com.tr\/norvec\/wp-json\/wp\/v2\/comments?post=86"}],"version-history":[{"count":5,"href":"https:\/\/www.myvize.com.tr\/norvec\/wp-json\/wp\/v2\/pages\/86\/revisions"}],"predecessor-version":[{"id":735,"href":"https:\/\/www.myvize.com.tr\/norvec\/wp-json\/wp\/v2\/pages\/86\/revisions\/735"}],"up":[{"embeddable":true,"href":"https:\/\/www.myvize.com.tr\/norvec\/wp-json\/wp\/v2\/pages\/69"}],"wp:attachment":[{"href":"https:\/\/www.myvize.com.tr\/norvec\/wp-json\/wp\/v2\/media?parent=86"}],"curies":[{"name":"wp","href":"https:\/\/api.w.org\/{rel}","templated":true}]}}