{"id":173,"date":"2020-12-29T14:46:58","date_gmt":"2020-12-29T11:46:58","guid":{"rendered":"https:\/\/www.myvize.com.tr\/ozbekistan\/?page_id=173"},"modified":"2022-01-14T12:28:35","modified_gmt":"2022-01-14T09:28:35","slug":"form-ve-dilekce","status":"publish","type":"page","link":"https:\/\/www.myvize.com.tr\/ozbekistan\/form-ve-dilekce\/","title":{"rendered":"FORM VE D\u0130LEK\u00c7E"},"content":{"rendered":"\r\n<h2 class=\"wp-block-heading\"><strong>\u00d6zbekistan Vizesi Form Ve Dilek\u00e7e<\/strong><\/h2>\r\n","protected":false},"excerpt":{"rendered":"<p>\u00d6zbekistan Vizesi Form Ve Dilek\u00e7e<\/p>\n","protected":false},"author":1,"featured_media":0,"parent":0,"menu_order":0,"comment_status":"closed","ping_status":"closed","template":"","meta":{"footnotes":""},"class_list":["post-173","page","type-page","status-publish","hentry"],"yoast_head":"<!-- This site is optimized with the Yoast SEO plugin v24.0 - https:\/\/yoast.com\/wordpress\/plugins\/seo\/ -->\n<title>\u00d6zbekistan Vizesi Form Ve Dilek\u00e7e - MyVize<\/title>\n<meta name=\"description\" content=\"\u00d6zbekistan form ve dilek\u00e7e g\u00fcncel payla\u015f\u0131mlar. \u00d6zbekistan form doldurma ve dilek\u00e7e yaz\u0131m\u0131na dair do\u011fru bilgiler.\" \/>\n<meta name=\"robots\" content=\"index, follow, max-snippet:-1, max-image-preview:large, max-video-preview:-1\" \/>\n<link rel=\"canonical\" href=\"https:\/\/www.myvize.com.tr\/ozbekistan\/form-ve-dilekce\/\" \/>\n<meta property=\"og:locale\" content=\"tr_TR\" \/>\n<meta property=\"og:type\" content=\"article\" \/>\n<meta property=\"og:title\" content=\"\u00d6zbekistan Vizesi Form Ve Dilek\u00e7e - MyVize\" \/>\n<meta property=\"og:description\" content=\"\u00d6zbekistan form ve dilek\u00e7e g\u00fcncel payla\u015f\u0131mlar. \u00d6zbekistan form doldurma ve dilek\u00e7e yaz\u0131m\u0131na dair do\u011fru bilgiler.\" \/>\n<meta property=\"og:url\" content=\"https:\/\/www.myvize.com.tr\/ozbekistan\/form-ve-dilekce\/\" \/>\n<meta property=\"og:site_name\" content=\"\u00d6zbekistan Vizesi\" \/>\n<meta property=\"article:modified_time\" content=\"2022-01-14T09:28:35+00:00\" \/>\n<meta name=\"twitter:card\" content=\"summary_large_image\" \/>\n<meta name=\"twitter:label1\" content=\"Tahmini okuma s\u00fcresi\" \/>\n\t<meta name=\"twitter:data1\" content=\"1 dakika\" \/>\n<script type=\"application\/ld+json\" class=\"yoast-schema-graph\">{\"@context\":\"https:\/\/schema.org\",\"@graph\":[{\"@type\":\"WebPage\",\"@id\":\"https:\/\/www.myvize.com.tr\/ozbekistan\/form-ve-dilekce\/\",\"url\":\"https:\/\/www.myvize.com.tr\/ozbekistan\/form-ve-dilekce\/\",\"name\":\"\u00d6zbekistan Vizesi Form Ve Dilek\u00e7e - MyVize\",\"isPartOf\":{\"@id\":\"https:\/\/www.myvize.com.tr\/ozbekistan\/#website\"},\"datePublished\":\"2020-12-29T11:46:58+00:00\",\"dateModified\":\"2022-01-14T09:28:35+00:00\",\"description\":\"\u00d6zbekistan form ve dilek\u00e7e g\u00fcncel payla\u015f\u0131mlar. \u00d6zbekistan form doldurma ve dilek\u00e7e yaz\u0131m\u0131na dair do\u011fru bilgiler.\",\"breadcrumb\":{\"@id\":\"https:\/\/www.myvize.com.tr\/ozbekistan\/form-ve-dilekce\/#breadcrumb\"},\"inLanguage\":\"tr\",\"potentialAction\":[{\"@type\":\"ReadAction\",\"target\":[\"https:\/\/www.myvize.com.tr\/ozbekistan\/form-ve-dilekce\/\"]}]},{\"@type\":\"BreadcrumbList\",\"@id\":\"https:\/\/www.myvize.com.tr\/ozbekistan\/form-ve-dilekce\/#breadcrumb\",\"itemListElement\":[{\"@type\":\"ListItem\",\"position\":1,\"name\":\"Anasayfa\",\"item\":\"https:\/\/www.myvize.com.tr\/ozbekistan\/\"},{\"@type\":\"ListItem\",\"position\":2,\"name\":\"FORM VE D\u0130LEK\u00c7E\"}]},{\"@type\":\"WebSite\",\"@id\":\"https:\/\/www.myvize.com.tr\/ozbekistan\/#website\",\"url\":\"https:\/\/www.myvize.com.tr\/ozbekistan\/\",\"name\":\"\u00d6zbekistan Vizesi\",\"description\":\"\",\"potentialAction\":[{\"@type\":\"SearchAction\",\"target\":{\"@type\":\"EntryPoint\",\"urlTemplate\":\"https:\/\/www.myvize.com.tr\/ozbekistan\/?s={search_term_string}\"},\"query-input\":{\"@type\":\"PropertyValueSpecification\",\"valueRequired\":true,\"valueName\":\"search_term_string\"}}],\"inLanguage\":\"tr\"}]}<\/script>\n<!-- \/ Yoast SEO plugin. -->","yoast_head_json":{"title":"\u00d6zbekistan Vizesi Form Ve Dilek\u00e7e - MyVize","description":"\u00d6zbekistan form ve dilek\u00e7e g\u00fcncel payla\u015f\u0131mlar. \u00d6zbekistan form doldurma ve dilek\u00e7e yaz\u0131m\u0131na dair do\u011fru bilgiler.","robots":{"index":"index","follow":"follow","max-snippet":"max-snippet:-1","max-image-preview":"max-image-preview:large","max-video-preview":"max-video-preview:-1"},"canonical":"https:\/\/www.myvize.com.tr\/ozbekistan\/form-ve-dilekce\/","og_locale":"tr_TR","og_type":"article","og_title":"\u00d6zbekistan Vizesi Form Ve Dilek\u00e7e - MyVize","og_description":"\u00d6zbekistan form ve dilek\u00e7e g\u00fcncel payla\u015f\u0131mlar. \u00d6zbekistan form doldurma ve dilek\u00e7e yaz\u0131m\u0131na dair do\u011fru bilgiler.","og_url":"https:\/\/www.myvize.com.tr\/ozbekistan\/form-ve-dilekce\/","og_site_name":"\u00d6zbekistan Vizesi","article_modified_time":"2022-01-14T09:28:35+00:00","twitter_card":"summary_large_image","twitter_misc":{"Tahmini okuma s\u00fcresi":"1 dakika"},"schema":{"@context":"https:\/\/schema.org","@graph":[{"@type":"WebPage","@id":"https:\/\/www.myvize.com.tr\/ozbekistan\/form-ve-dilekce\/","url":"https:\/\/www.myvize.com.tr\/ozbekistan\/form-ve-dilekce\/","name":"\u00d6zbekistan Vizesi Form Ve Dilek\u00e7e - MyVize","isPartOf":{"@id":"https:\/\/www.myvize.com.tr\/ozbekistan\/#website"},"datePublished":"2020-12-29T11:46:58+00:00","dateModified":"2022-01-14T09:28:35+00:00","description":"\u00d6zbekistan form ve dilek\u00e7e g\u00fcncel payla\u015f\u0131mlar. \u00d6zbekistan form doldurma ve dilek\u00e7e yaz\u0131m\u0131na dair do\u011fru bilgiler.","breadcrumb":{"@id":"https:\/\/www.myvize.com.tr\/ozbekistan\/form-ve-dilekce\/#breadcrumb"},"inLanguage":"tr","potentialAction":[{"@type":"ReadAction","target":["https:\/\/www.myvize.com.tr\/ozbekistan\/form-ve-dilekce\/"]}]},{"@type":"BreadcrumbList","@id":"https:\/\/www.myvize.com.tr\/ozbekistan\/form-ve-dilekce\/#breadcrumb","itemListElement":[{"@type":"ListItem","position":1,"name":"Anasayfa","item":"https:\/\/www.myvize.com.tr\/ozbekistan\/"},{"@type":"ListItem","position":2,"name":"FORM VE D\u0130LEK\u00c7E"}]},{"@type":"WebSite","@id":"https:\/\/www.myvize.com.tr\/ozbekistan\/#website","url":"https:\/\/www.myvize.com.tr\/ozbekistan\/","name":"\u00d6zbekistan Vizesi","description":"","potentialAction":[{"@type":"SearchAction","target":{"@type":"EntryPoint","urlTemplate":"https:\/\/www.myvize.com.tr\/ozbekistan\/?s={search_term_string}"},"query-input":{"@type":"PropertyValueSpecification","valueRequired":true,"valueName":"search_term_string"}}],"inLanguage":"tr"}]}},"_links":{"self":[{"href":"https:\/\/www.myvize.com.tr\/ozbekistan\/wp-json\/wp\/v2\/pages\/173","targetHints":{"allow":["GET"]}}],"collection":[{"href":"https:\/\/www.myvize.com.tr\/ozbekistan\/wp-json\/wp\/v2\/pages"}],"about":[{"href":"https:\/\/www.myvize.com.tr\/ozbekistan\/wp-json\/wp\/v2\/types\/page"}],"author":[{"embeddable":true,"href":"https:\/\/www.myvize.com.tr\/ozbekistan\/wp-json\/wp\/v2\/users\/1"}],"replies":[{"embeddable":true,"href":"https:\/\/www.myvize.com.tr\/ozbekistan\/wp-json\/wp\/v2\/comments?post=173"}],"version-history":[{"count":3,"href":"https:\/\/www.myvize.com.tr\/ozbekistan\/wp-json\/wp\/v2\/pages\/173\/revisions"}],"predecessor-version":[{"id":394,"href":"https:\/\/www.myvize.com.tr\/ozbekistan\/wp-json\/wp\/v2\/pages\/173\/revisions\/394"}],"wp:attachment":[{"href":"https:\/\/www.myvize.com.tr\/ozbekistan\/wp-json\/wp\/v2\/media?parent=173"}],"curies":[{"name":"wp","href":"https:\/\/api.w.org\/{rel}","templated":true}]}}