{"id":41,"date":"2020-11-30T12:46:51","date_gmt":"2020-11-30T09:46:51","guid":{"rendered":"https:\/\/www.myvize.com.tr\/ozbekistan\/?page_id=41"},"modified":"2022-01-10T15:08:49","modified_gmt":"2022-01-10T12:08:49","slug":"ozbekistan-dil-okulu-vizesi","status":"publish","type":"page","link":"https:\/\/www.myvize.com.tr\/ozbekistan\/vize-islemleri\/ozbekistan-dil-okulu-vizesi\/","title":{"rendered":"\u00d6zbekistan Dil Okulu Vizesi"},"content":{"rendered":"\r\n<h2 class=\"wp-block-heading\"><strong>\u00d6zbekistan Dil Okulu Vizesi Hakk\u0131nda<\/strong><\/h2>\r\n","protected":false},"excerpt":{"rendered":"<p>\u00d6zbekistan Dil Okulu Vizesi Hakk\u0131nda<\/p>\n","protected":false},"author":1,"featured_media":0,"parent":18,"menu_order":0,"comment_status":"open","ping_status":"closed","template":"","meta":{"footnotes":""},"class_list":["post-41","page","type-page","status-publish","hentry"],"yoast_head":"<!-- This site is optimized with the Yoast SEO plugin v24.0 - https:\/\/yoast.com\/wordpress\/plugins\/seo\/ -->\n<title>\u00d6zbekistan Dil Okulu Vizesi - \u00d6zbekistan Vize - MyVize<\/title>\n<meta name=\"description\" content=\"\u00d6zbekistan dil okulu vizesi gerekli olan evraklar ve \u015fartlar neler? \u00d6zbekistan dil okulu vizesi i\u015flem s\u00fcrecinde dikkat edilmesi gerekenler.\" \/>\n<meta name=\"robots\" content=\"index, follow, max-snippet:-1, max-image-preview:large, max-video-preview:-1\" \/>\n<link rel=\"canonical\" href=\"https:\/\/www.myvize.com.tr\/ozbekistan\/vize-islemleri\/ozbekistan-dil-okulu-vizesi\/\" \/>\n<meta property=\"og:locale\" content=\"tr_TR\" \/>\n<meta property=\"og:type\" content=\"article\" \/>\n<meta property=\"og:title\" content=\"\u00d6zbekistan Dil Okulu Vizesi - \u00d6zbekistan Vize - MyVize\" \/>\n<meta property=\"og:description\" content=\"\u00d6zbekistan dil okulu vizesi gerekli olan evraklar ve \u015fartlar neler? \u00d6zbekistan dil okulu vizesi i\u015flem s\u00fcrecinde dikkat edilmesi gerekenler.\" \/>\n<meta property=\"og:url\" content=\"https:\/\/www.myvize.com.tr\/ozbekistan\/vize-islemleri\/ozbekistan-dil-okulu-vizesi\/\" \/>\n<meta property=\"og:site_name\" content=\"\u00d6zbekistan Vizesi\" \/>\n<meta property=\"article:modified_time\" content=\"2022-01-10T12:08:49+00:00\" \/>\n<meta name=\"twitter:card\" content=\"summary_large_image\" \/>\n<meta name=\"twitter:label1\" content=\"Tahmini okuma s\u00fcresi\" \/>\n\t<meta name=\"twitter:data1\" content=\"1 dakika\" \/>\n<script type=\"application\/ld+json\" class=\"yoast-schema-graph\">{\"@context\":\"https:\/\/schema.org\",\"@graph\":[{\"@type\":\"WebPage\",\"@id\":\"https:\/\/www.myvize.com.tr\/ozbekistan\/vize-islemleri\/ozbekistan-dil-okulu-vizesi\/\",\"url\":\"https:\/\/www.myvize.com.tr\/ozbekistan\/vize-islemleri\/ozbekistan-dil-okulu-vizesi\/\",\"name\":\"\u00d6zbekistan Dil Okulu Vizesi - \u00d6zbekistan Vize - MyVize\",\"isPartOf\":{\"@id\":\"https:\/\/www.myvize.com.tr\/ozbekistan\/#website\"},\"datePublished\":\"2020-11-30T09:46:51+00:00\",\"dateModified\":\"2022-01-10T12:08:49+00:00\",\"description\":\"\u00d6zbekistan dil okulu vizesi gerekli olan evraklar ve \u015fartlar neler? \u00d6zbekistan dil okulu vizesi i\u015flem s\u00fcrecinde dikkat edilmesi gerekenler.\",\"breadcrumb\":{\"@id\":\"https:\/\/www.myvize.com.tr\/ozbekistan\/vize-islemleri\/ozbekistan-dil-okulu-vizesi\/#breadcrumb\"},\"inLanguage\":\"tr\",\"potentialAction\":[{\"@type\":\"ReadAction\",\"target\":[\"https:\/\/www.myvize.com.tr\/ozbekistan\/vize-islemleri\/ozbekistan-dil-okulu-vizesi\/\"]}]},{\"@type\":\"BreadcrumbList\",\"@id\":\"https:\/\/www.myvize.com.tr\/ozbekistan\/vize-islemleri\/ozbekistan-dil-okulu-vizesi\/#breadcrumb\",\"itemListElement\":[{\"@type\":\"ListItem\",\"position\":1,\"name\":\"Anasayfa\",\"item\":\"https:\/\/www.myvize.com.tr\/ozbekistan\/\"},{\"@type\":\"ListItem\",\"position\":2,\"name\":\"V\u0130ZE \u0130\u015eLEMLER\u0130\",\"item\":\"https:\/\/www.myvize.com.tr\/ozbekistan\/vize-islemleri\/\"},{\"@type\":\"ListItem\",\"position\":3,\"name\":\"\u00d6zbekistan Dil Okulu Vizesi\"}]},{\"@type\":\"WebSite\",\"@id\":\"https:\/\/www.myvize.com.tr\/ozbekistan\/#website\",\"url\":\"https:\/\/www.myvize.com.tr\/ozbekistan\/\",\"name\":\"\u00d6zbekistan Vizesi\",\"description\":\"\",\"potentialAction\":[{\"@type\":\"SearchAction\",\"target\":{\"@type\":\"EntryPoint\",\"urlTemplate\":\"https:\/\/www.myvize.com.tr\/ozbekistan\/?s={search_term_string}\"},\"query-input\":{\"@type\":\"PropertyValueSpecification\",\"valueRequired\":true,\"valueName\":\"search_term_string\"}}],\"inLanguage\":\"tr\"}]}<\/script>\n<!-- \/ Yoast SEO plugin. -->","yoast_head_json":{"title":"\u00d6zbekistan Dil Okulu Vizesi - \u00d6zbekistan Vize - MyVize","description":"\u00d6zbekistan dil okulu vizesi gerekli olan evraklar ve \u015fartlar neler? \u00d6zbekistan dil okulu vizesi i\u015flem s\u00fcrecinde dikkat edilmesi gerekenler.","robots":{"index":"index","follow":"follow","max-snippet":"max-snippet:-1","max-image-preview":"max-image-preview:large","max-video-preview":"max-video-preview:-1"},"canonical":"https:\/\/www.myvize.com.tr\/ozbekistan\/vize-islemleri\/ozbekistan-dil-okulu-vizesi\/","og_locale":"tr_TR","og_type":"article","og_title":"\u00d6zbekistan Dil Okulu Vizesi - \u00d6zbekistan Vize - MyVize","og_description":"\u00d6zbekistan dil okulu vizesi gerekli olan evraklar ve \u015fartlar neler? \u00d6zbekistan dil okulu vizesi i\u015flem s\u00fcrecinde dikkat edilmesi gerekenler.","og_url":"https:\/\/www.myvize.com.tr\/ozbekistan\/vize-islemleri\/ozbekistan-dil-okulu-vizesi\/","og_site_name":"\u00d6zbekistan Vizesi","article_modified_time":"2022-01-10T12:08:49+00:00","twitter_card":"summary_large_image","twitter_misc":{"Tahmini okuma s\u00fcresi":"1 dakika"},"schema":{"@context":"https:\/\/schema.org","@graph":[{"@type":"WebPage","@id":"https:\/\/www.myvize.com.tr\/ozbekistan\/vize-islemleri\/ozbekistan-dil-okulu-vizesi\/","url":"https:\/\/www.myvize.com.tr\/ozbekistan\/vize-islemleri\/ozbekistan-dil-okulu-vizesi\/","name":"\u00d6zbekistan Dil Okulu Vizesi - \u00d6zbekistan Vize - MyVize","isPartOf":{"@id":"https:\/\/www.myvize.com.tr\/ozbekistan\/#website"},"datePublished":"2020-11-30T09:46:51+00:00","dateModified":"2022-01-10T12:08:49+00:00","description":"\u00d6zbekistan dil okulu vizesi gerekli olan evraklar ve \u015fartlar neler? \u00d6zbekistan dil okulu vizesi i\u015flem s\u00fcrecinde dikkat edilmesi gerekenler.","breadcrumb":{"@id":"https:\/\/www.myvize.com.tr\/ozbekistan\/vize-islemleri\/ozbekistan-dil-okulu-vizesi\/#breadcrumb"},"inLanguage":"tr","potentialAction":[{"@type":"ReadAction","target":["https:\/\/www.myvize.com.tr\/ozbekistan\/vize-islemleri\/ozbekistan-dil-okulu-vizesi\/"]}]},{"@type":"BreadcrumbList","@id":"https:\/\/www.myvize.com.tr\/ozbekistan\/vize-islemleri\/ozbekistan-dil-okulu-vizesi\/#breadcrumb","itemListElement":[{"@type":"ListItem","position":1,"name":"Anasayfa","item":"https:\/\/www.myvize.com.tr\/ozbekistan\/"},{"@type":"ListItem","position":2,"name":"V\u0130ZE \u0130\u015eLEMLER\u0130","item":"https:\/\/www.myvize.com.tr\/ozbekistan\/vize-islemleri\/"},{"@type":"ListItem","position":3,"name":"\u00d6zbekistan Dil Okulu Vizesi"}]},{"@type":"WebSite","@id":"https:\/\/www.myvize.com.tr\/ozbekistan\/#website","url":"https:\/\/www.myvize.com.tr\/ozbekistan\/","name":"\u00d6zbekistan Vizesi","description":"","potentialAction":[{"@type":"SearchAction","target":{"@type":"EntryPoint","urlTemplate":"https:\/\/www.myvize.com.tr\/ozbekistan\/?s={search_term_string}"},"query-input":{"@type":"PropertyValueSpecification","valueRequired":true,"valueName":"search_term_string"}}],"inLanguage":"tr"}]}},"_links":{"self":[{"href":"https:\/\/www.myvize.com.tr\/ozbekistan\/wp-json\/wp\/v2\/pages\/41","targetHints":{"allow":["GET"]}}],"collection":[{"href":"https:\/\/www.myvize.com.tr\/ozbekistan\/wp-json\/wp\/v2\/pages"}],"about":[{"href":"https:\/\/www.myvize.com.tr\/ozbekistan\/wp-json\/wp\/v2\/types\/page"}],"author":[{"embeddable":true,"href":"https:\/\/www.myvize.com.tr\/ozbekistan\/wp-json\/wp\/v2\/users\/1"}],"replies":[{"embeddable":true,"href":"https:\/\/www.myvize.com.tr\/ozbekistan\/wp-json\/wp\/v2\/comments?post=41"}],"version-history":[{"count":4,"href":"https:\/\/www.myvize.com.tr\/ozbekistan\/wp-json\/wp\/v2\/pages\/41\/revisions"}],"predecessor-version":[{"id":280,"href":"https:\/\/www.myvize.com.tr\/ozbekistan\/wp-json\/wp\/v2\/pages\/41\/revisions\/280"}],"up":[{"embeddable":true,"href":"https:\/\/www.myvize.com.tr\/ozbekistan\/wp-json\/wp\/v2\/pages\/18"}],"wp:attachment":[{"href":"https:\/\/www.myvize.com.tr\/ozbekistan\/wp-json\/wp\/v2\/media?parent=41"}],"curies":[{"name":"wp","href":"https:\/\/api.w.org\/{rel}","templated":true}]}}