{"id":88,"date":"2020-11-30T13:05:51","date_gmt":"2020-11-30T10:05:51","guid":{"rendered":"https:\/\/www.myvize.com.tr\/ozbekistan\/?page_id=88"},"modified":"2022-01-10T15:20:48","modified_gmt":"2022-01-10T12:20:48","slug":"bodrum-fahri-konsoloslugu","status":"publish","type":"page","link":"https:\/\/www.myvize.com.tr\/ozbekistan\/konsolosluklar\/bodrum-fahri-konsoloslugu\/","title":{"rendered":"\u00d6zbekistan Bodrum Fahri Konsoloslu\u011fu"},"content":{"rendered":"\r\n<h2 class=\"wp-block-heading\"><strong>\u00d6zbekistan Bodrum Fahri Konsoloslu\u011fu \u0130leti\u015fim Bilgileri<\/strong><\/h2>\r\n","protected":false},"excerpt":{"rendered":"<p>\u00d6zbekistan Bodrum Fahri Konsoloslu\u011fu \u0130leti\u015fim Bilgileri<\/p>\n","protected":false},"author":1,"featured_media":0,"parent":69,"menu_order":0,"comment_status":"open","ping_status":"closed","template":"","meta":{"footnotes":""},"class_list":["post-88","page","type-page","status-publish","hentry"],"yoast_head":"<!-- This site is optimized with the Yoast SEO plugin v24.0 - https:\/\/yoast.com\/wordpress\/plugins\/seo\/ -->\n<title>\u00d6zbekistan Bodrum Konsoloslu\u011fu Vize \u0130\u015flemleri - MyVize<\/title>\n<meta name=\"description\" content=\"\u00d6zbekistan Bodrum Fahri Konsoloslu\u011fu \u00e7al\u0131\u015fma saatleri. \u00d6zbekistan Bodrum Fahri Konsoloslu\u011fu ula\u015f\u0131m, ileti\u015fim bilgileri ve faaliyet alan\u0131.\" \/>\n<meta name=\"robots\" content=\"index, follow, max-snippet:-1, max-image-preview:large, max-video-preview:-1\" \/>\n<link rel=\"canonical\" href=\"https:\/\/www.myvize.com.tr\/ozbekistan\/konsolosluklar\/bodrum-fahri-konsoloslugu\/\" \/>\n<meta property=\"og:locale\" content=\"tr_TR\" \/>\n<meta property=\"og:type\" content=\"article\" \/>\n<meta property=\"og:title\" content=\"\u00d6zbekistan Bodrum Konsoloslu\u011fu Vize \u0130\u015flemleri - MyVize\" \/>\n<meta property=\"og:description\" content=\"\u00d6zbekistan Bodrum Fahri Konsoloslu\u011fu \u00e7al\u0131\u015fma saatleri. \u00d6zbekistan Bodrum Fahri Konsoloslu\u011fu ula\u015f\u0131m, ileti\u015fim bilgileri ve faaliyet alan\u0131.\" \/>\n<meta property=\"og:url\" content=\"https:\/\/www.myvize.com.tr\/ozbekistan\/konsolosluklar\/bodrum-fahri-konsoloslugu\/\" \/>\n<meta property=\"og:site_name\" content=\"\u00d6zbekistan Vizesi\" \/>\n<meta property=\"article:modified_time\" content=\"2022-01-10T12:20:48+00:00\" \/>\n<meta name=\"twitter:card\" content=\"summary_large_image\" \/>\n<meta name=\"twitter:label1\" content=\"Tahmini okuma s\u00fcresi\" \/>\n\t<meta name=\"twitter:data1\" content=\"1 dakika\" \/>\n<script type=\"application\/ld+json\" class=\"yoast-schema-graph\">{\"@context\":\"https:\/\/schema.org\",\"@graph\":[{\"@type\":\"WebPage\",\"@id\":\"https:\/\/www.myvize.com.tr\/ozbekistan\/konsolosluklar\/bodrum-fahri-konsoloslugu\/\",\"url\":\"https:\/\/www.myvize.com.tr\/ozbekistan\/konsolosluklar\/bodrum-fahri-konsoloslugu\/\",\"name\":\"\u00d6zbekistan Bodrum Konsoloslu\u011fu Vize \u0130\u015flemleri - MyVize\",\"isPartOf\":{\"@id\":\"https:\/\/www.myvize.com.tr\/ozbekistan\/#website\"},\"datePublished\":\"2020-11-30T10:05:51+00:00\",\"dateModified\":\"2022-01-10T12:20:48+00:00\",\"description\":\"\u00d6zbekistan Bodrum Fahri Konsoloslu\u011fu \u00e7al\u0131\u015fma saatleri. \u00d6zbekistan Bodrum Fahri Konsoloslu\u011fu ula\u015f\u0131m, ileti\u015fim bilgileri ve faaliyet alan\u0131.\",\"breadcrumb\":{\"@id\":\"https:\/\/www.myvize.com.tr\/ozbekistan\/konsolosluklar\/bodrum-fahri-konsoloslugu\/#breadcrumb\"},\"inLanguage\":\"tr\",\"potentialAction\":[{\"@type\":\"ReadAction\",\"target\":[\"https:\/\/www.myvize.com.tr\/ozbekistan\/konsolosluklar\/bodrum-fahri-konsoloslugu\/\"]}]},{\"@type\":\"BreadcrumbList\",\"@id\":\"https:\/\/www.myvize.com.tr\/ozbekistan\/konsolosluklar\/bodrum-fahri-konsoloslugu\/#breadcrumb\",\"itemListElement\":[{\"@type\":\"ListItem\",\"position\":1,\"name\":\"Anasayfa\",\"item\":\"https:\/\/www.myvize.com.tr\/ozbekistan\/\"},{\"@type\":\"ListItem\",\"position\":2,\"name\":\"KONSOLOSLUKLAR\",\"item\":\"https:\/\/www.myvize.com.tr\/ozbekistan\/konsolosluklar\/\"},{\"@type\":\"ListItem\",\"position\":3,\"name\":\"\u00d6zbekistan Bodrum Fahri Konsoloslu\u011fu\"}]},{\"@type\":\"WebSite\",\"@id\":\"https:\/\/www.myvize.com.tr\/ozbekistan\/#website\",\"url\":\"https:\/\/www.myvize.com.tr\/ozbekistan\/\",\"name\":\"\u00d6zbekistan Vizesi\",\"description\":\"\",\"potentialAction\":[{\"@type\":\"SearchAction\",\"target\":{\"@type\":\"EntryPoint\",\"urlTemplate\":\"https:\/\/www.myvize.com.tr\/ozbekistan\/?s={search_term_string}\"},\"query-input\":{\"@type\":\"PropertyValueSpecification\",\"valueRequired\":true,\"valueName\":\"search_term_string\"}}],\"inLanguage\":\"tr\"}]}<\/script>\n<!-- \/ Yoast SEO plugin. -->","yoast_head_json":{"title":"\u00d6zbekistan Bodrum Konsoloslu\u011fu Vize \u0130\u015flemleri - MyVize","description":"\u00d6zbekistan Bodrum Fahri Konsoloslu\u011fu \u00e7al\u0131\u015fma saatleri. \u00d6zbekistan Bodrum Fahri Konsoloslu\u011fu ula\u015f\u0131m, ileti\u015fim bilgileri ve faaliyet alan\u0131.","robots":{"index":"index","follow":"follow","max-snippet":"max-snippet:-1","max-image-preview":"max-image-preview:large","max-video-preview":"max-video-preview:-1"},"canonical":"https:\/\/www.myvize.com.tr\/ozbekistan\/konsolosluklar\/bodrum-fahri-konsoloslugu\/","og_locale":"tr_TR","og_type":"article","og_title":"\u00d6zbekistan Bodrum Konsoloslu\u011fu Vize \u0130\u015flemleri - MyVize","og_description":"\u00d6zbekistan Bodrum Fahri Konsoloslu\u011fu \u00e7al\u0131\u015fma saatleri. \u00d6zbekistan Bodrum Fahri Konsoloslu\u011fu ula\u015f\u0131m, ileti\u015fim bilgileri ve faaliyet alan\u0131.","og_url":"https:\/\/www.myvize.com.tr\/ozbekistan\/konsolosluklar\/bodrum-fahri-konsoloslugu\/","og_site_name":"\u00d6zbekistan Vizesi","article_modified_time":"2022-01-10T12:20:48+00:00","twitter_card":"summary_large_image","twitter_misc":{"Tahmini okuma s\u00fcresi":"1 dakika"},"schema":{"@context":"https:\/\/schema.org","@graph":[{"@type":"WebPage","@id":"https:\/\/www.myvize.com.tr\/ozbekistan\/konsolosluklar\/bodrum-fahri-konsoloslugu\/","url":"https:\/\/www.myvize.com.tr\/ozbekistan\/konsolosluklar\/bodrum-fahri-konsoloslugu\/","name":"\u00d6zbekistan Bodrum Konsoloslu\u011fu Vize \u0130\u015flemleri - MyVize","isPartOf":{"@id":"https:\/\/www.myvize.com.tr\/ozbekistan\/#website"},"datePublished":"2020-11-30T10:05:51+00:00","dateModified":"2022-01-10T12:20:48+00:00","description":"\u00d6zbekistan Bodrum Fahri Konsoloslu\u011fu \u00e7al\u0131\u015fma saatleri. \u00d6zbekistan Bodrum Fahri Konsoloslu\u011fu ula\u015f\u0131m, ileti\u015fim bilgileri ve faaliyet alan\u0131.","breadcrumb":{"@id":"https:\/\/www.myvize.com.tr\/ozbekistan\/konsolosluklar\/bodrum-fahri-konsoloslugu\/#breadcrumb"},"inLanguage":"tr","potentialAction":[{"@type":"ReadAction","target":["https:\/\/www.myvize.com.tr\/ozbekistan\/konsolosluklar\/bodrum-fahri-konsoloslugu\/"]}]},{"@type":"BreadcrumbList","@id":"https:\/\/www.myvize.com.tr\/ozbekistan\/konsolosluklar\/bodrum-fahri-konsoloslugu\/#breadcrumb","itemListElement":[{"@type":"ListItem","position":1,"name":"Anasayfa","item":"https:\/\/www.myvize.com.tr\/ozbekistan\/"},{"@type":"ListItem","position":2,"name":"KONSOLOSLUKLAR","item":"https:\/\/www.myvize.com.tr\/ozbekistan\/konsolosluklar\/"},{"@type":"ListItem","position":3,"name":"\u00d6zbekistan Bodrum Fahri Konsoloslu\u011fu"}]},{"@type":"WebSite","@id":"https:\/\/www.myvize.com.tr\/ozbekistan\/#website","url":"https:\/\/www.myvize.com.tr\/ozbekistan\/","name":"\u00d6zbekistan Vizesi","description":"","potentialAction":[{"@type":"SearchAction","target":{"@type":"EntryPoint","urlTemplate":"https:\/\/www.myvize.com.tr\/ozbekistan\/?s={search_term_string}"},"query-input":{"@type":"PropertyValueSpecification","valueRequired":true,"valueName":"search_term_string"}}],"inLanguage":"tr"}]}},"_links":{"self":[{"href":"https:\/\/www.myvize.com.tr\/ozbekistan\/wp-json\/wp\/v2\/pages\/88","targetHints":{"allow":["GET"]}}],"collection":[{"href":"https:\/\/www.myvize.com.tr\/ozbekistan\/wp-json\/wp\/v2\/pages"}],"about":[{"href":"https:\/\/www.myvize.com.tr\/ozbekistan\/wp-json\/wp\/v2\/types\/page"}],"author":[{"embeddable":true,"href":"https:\/\/www.myvize.com.tr\/ozbekistan\/wp-json\/wp\/v2\/users\/1"}],"replies":[{"embeddable":true,"href":"https:\/\/www.myvize.com.tr\/ozbekistan\/wp-json\/wp\/v2\/comments?post=88"}],"version-history":[{"count":2,"href":"https:\/\/www.myvize.com.tr\/ozbekistan\/wp-json\/wp\/v2\/pages\/88\/revisions"}],"predecessor-version":[{"id":317,"href":"https:\/\/www.myvize.com.tr\/ozbekistan\/wp-json\/wp\/v2\/pages\/88\/revisions\/317"}],"up":[{"embeddable":true,"href":"https:\/\/www.myvize.com.tr\/ozbekistan\/wp-json\/wp\/v2\/pages\/69"}],"wp:attachment":[{"href":"https:\/\/www.myvize.com.tr\/ozbekistan\/wp-json\/wp\/v2\/media?parent=88"}],"curies":[{"name":"wp","href":"https:\/\/api.w.org\/{rel}","templated":true}]}}