{"id":161,"date":"2020-12-29T12:18:18","date_gmt":"2020-12-29T09:18:18","guid":{"rendered":"https:\/\/www.myvize.com.tr\/pakistan\/?page_id=161"},"modified":"2022-04-30T13:10:53","modified_gmt":"2022-04-30T10:10:53","slug":"oturum-2","status":"publish","type":"page","link":"https:\/\/www.myvize.com.tr\/pakistan\/oturum-2\/","title":{"rendered":"PAK\u0130STAN OTURUM KARTI"},"content":{"rendered":"<p><span style=\"font-family: Roboto;\"><\/span><\/p>\r\n<p><span style=\"font-family: Roboto; font-size: 14px;\">Yurtd\u0131\u015f\u0131nda ya\u015famak ya da seyahat etmek neredeyse herkesin hayalleri i\u00e7erisinde yer alan bir durumdur. \u00d6zellikle de i\u015f i\u00e7in, kurulu bir d\u00fczen i\u00e7in ba\u015fka bir \u00fclkeye yerle\u015fmek isteyenlerin almas\u0131 gereken bir <strong>oturum vizesi<\/strong> mevcuttur. En \u00e7ok tercih edilen ve yerle\u015filen \u00fclkeler aras\u0131nda Pakistan\u2019da yer al\u0131yor. Buraya seyahat etmek ve ard\u0131ndan k\u0131sa s\u00fcre sonra d\u00f6n\u00fc\u015f\u00fc olmayan bir yerle\u015fim i\u00e7in oturum vizesi almak gerekiyor. Oturum vizesi bir nevi izindir ve bu vizeyi almak i\u00e7in de ba\u015fvuru yap\u0131lmas\u0131 gereken \u015fartlar ve gerekli baz\u0131 belgeler mevcuttur.<\/span><\/p>\r\n<h2><span style=\"font-size: 27px;\"><strong><span style=\"font-family: Roboto;\">Pakistan Oturum Kart\u0131 Hakk\u0131nda<\/span><\/strong><\/span><\/h2>\r\n<p><span style=\"font-family: Roboto; font-size: 14px;\"><span style=\"color: #2acec2;\"><strong><a style=\"color: #2acec2;\" href=\"https:\/\/www.myvize.com.tr\/pakistan\/vize-islemleri\/pakistan-calisma-izni\/\" target=\"_blank\" rel=\"noopener\">Pakistan oturum izni<\/a><\/strong><\/span> alan ki\u015filerin, Pakistan\u2019a giri\u015f yapt\u0131ktan sonra en k\u0131sa s\u00fcre i\u00e7erisinde Pakistan, G\u00f6\u00e7 \u0130daresi\u2019ne ba\u015fvurup <strong>Pakistan oturum kart\u0131<\/strong> almas\u0131 gerekmektedir.<strong> Pakistan oturum kart\u0131<\/strong> ba\u015fvurusunda bulunacak olan ki\u015filerin haz\u0131rlamas\u0131 gereken baz\u0131 belgeler vard\u0131r. Bu belgeler \u015fu \u015fekildedir;<\/span><\/p>\r\n<ul>\r\n<li><span style=\"font-family: Roboto; font-size: 14px;\">Ge\u00e7ici oturum izni vizesi ve kopyas\u0131<\/span><\/li>\r\n<li><span style=\"font-family: Roboto; font-size: 14px;\">Y\u00fcz\u00fcn tamam\u0131n\u0131 g\u00f6steren 45X35 mm boyutunda biyometrik foto\u011fraf<\/span><\/li>\r\n<li><span style=\"font-family: Roboto; font-size: 14px;\">Ge\u00e7ici oturum kayd\u0131 teyidi<\/span><\/li>\r\n<li><span style=\"font-family: Roboto; font-size: 14px;\">Ge\u00e7ici seyahat belgesi fotokopisi<\/span><\/li>\r\n<li><span style=\"font-family: Roboto; font-size: 14px;\">Pasaport<\/span><\/li>\r\n<li><span style=\"font-family: Roboto; font-size: 14px;\">Damga vergisinin \u00f6dendi\u011fini g\u00f6steren dekont<\/span><\/li>\r\n<\/ul>\r\n<p><span style=\"font-family: Roboto; font-size: 14px;\">Pakistan oturum kart\u0131nda, oturum izni sahibinin ad\u0131 soyad\u0131, vatanda\u015fl\u0131k numaras\u0131, <strong>Pakistan oturum s\u00fcresi<\/strong>, Pakistan oturum izni tarihleri, biyometrik foto\u011fraf, vatanda\u015fl\u0131\u011f\u0131n\u0131z, Pakistan g\u00f6\u00e7men numaras\u0131 gibi bilgiler yer almaktad\u0131r.<\/span><\/p>\r\n<p><span style=\"font-family: Roboto; font-size: 14px;\"><strong>Pakistan oturum kart\u0131<\/strong> alabilmek i\u00e7in, Pakistan oturum vizenizin olmas\u0131 gerekmektedir. \u00a0Pakistan\u2019da bulundu\u011funuz s\u00fcre boyunca bu kart\u0131 yan\u0131n\u0131zdan ay\u0131rmamal\u0131s\u0131n\u0131z. <strong>Pakistan oturum kart\u0131<\/strong>, Pakistan\u2019da yasal olarak kalma hakk\u0131n\u0131z oldu\u011funu g\u00f6stermektedir. Bu durumu kan\u0131tlayabilmek i\u00e7in de kart\u0131n\u0131z\u0131n yan\u0131n\u0131zda bulunmas\u0131 gerekmektedir.<\/span><\/p>\r\n<p><span style=\"font-family: Roboto; font-size: 14px;\"><strong>Pakistan oturum kart\u0131<\/strong> ile Pakistan s\u0131n\u0131rlar\u0131ndan serbest\u00e7e giri\u015f \u00e7\u0131k\u0131\u015f yapabilirsiniz. <strong>Pakistan oturum kart\u0131<\/strong> s\u00fcresi dolmadan \u00f6nce Pakistan G\u00f6\u00e7 \u0130daresine yenileme talebinde bulunman\u0131z gerekmektedir.<\/span><\/p>\r\n<p><span style=\"font-family: Roboto; font-size: 14px;\"><span style=\"color: #2acec2;\"><strong><a style=\"color: #2acec2;\" href=\"https:\/\/www.myvize.com.tr\/pakistan\/vize-islemleri\/pakistan-vize-randevusu\/\" target=\"_blank\" rel=\"noopener\">Pakistan Vize Randevusu<\/a><\/strong><\/span> ile ilgili bilgi almak i\u00e7in bizi aray\u0131n.<\/span><\/p>\r\n<p><img decoding=\"async\" src=\"https:\/\/www.myvize.com.tr\/pakistan\/wp-content\/uploads\/2021\/10\/29.jpg\" \/><\/p>\r\n<h2><span style=\"font-family: Roboto; font-size: 27px;\"><strong>Pakistan Oturum Kart\u0131 \u0130le \u0130lgili<\/strong><\/span><\/h2>\r\n<p><span style=\"font-family: Roboto; font-size: 14px;\">Baz\u0131 ki\u015filer Pakistan&#8217;a seyahat ger\u00e7ekle\u015ftirmek isterken, baz\u0131lar\u0131 Pakistan&#8217;da ya\u015famak isteyebilir. Bu durumda<strong>\u00a0Pakistan oturum kart\u0131<\/strong>\u00a0al\u0131nmas\u0131 gerekir. Bunun i\u00e7in baz\u0131 prosed\u00fcrlerin yerine getirilmesi gerekir.<\/span><\/p>\r\n<p><span style=\"font-family: Roboto; font-size: 14px;\">Pakistan&#8217;da oturmak isteyen T\u00fcrk vatanda\u015flar\u0131 oturum kart\u0131 almakla y\u00fck\u00fcml\u00fcd\u00fcrler.\u00a0 <strong>Oturum kart\u0131<\/strong> alarak Pakistan&#8217;da ya\u015fayabilmek m\u00fcmk\u00fcnd\u00fcr.<strong> Oturum kart\u0131<\/strong> genellikle 4 ya da 6 hafta i\u00e7erisinde \u00e7\u0131kar\u0131labilir. Oturum kart\u0131yla alakal\u0131 herhangi bir sorun olmamas\u0131 i\u00e7in ba\u015fvuru formunun eksiksiz doldurulmas\u0131 \u00e7ok \u00f6nemlidir. \u0130\u015f ya da e\u011fitim nedeniyle Pakistan&#8217;da bulunmak isteyenler oturum kart\u0131 alarak bu isteklerini yerine getirebilirler. Pakistan\u2019a yap\u0131lan seyahatler \u00e7o\u011funlukla e\u011fitim almak, \u00e7al\u0131\u015fmak ya da aile ziyareti ger\u00e7ekle\u015ftirmek amac\u0131yla yap\u0131l\u0131r.<\/span><\/p>\r\n<p><span style=\"font-family: Roboto; font-size: 14px;\"><strong>Pakistan oturum kart\u0131<\/strong> almak isteyenler ayr\u0131ca baz\u0131 evraklar\u0131 haz\u0131rlamakla da y\u00fck\u00fcml\u00fcd\u00fcrler. Oturum izni al\u0131nabilmesi i\u00e7in gerekli olan evraklardan baz\u0131lar\u0131 \u015funlard\u0131r;<\/span><\/p>\r\n<ul>\r\n<li><span style=\"font-family: Roboto; font-size: 14px;\">4 tane biometrik foto\u011fraf<\/span><\/li>\r\n<li><span style=\"font-family: Roboto; font-size: 14px;\">Oturma izni harc\u0131 makbuzu<\/span><\/li>\r\n<li><span style=\"font-family: Roboto; font-size: 14px;\">1 y\u0131ll\u0131k \u00f6zel sa\u011fl\u0131k sigortas\u0131<\/span><\/li>\r\n<li><span style=\"font-family: Roboto; font-size: 14px;\">E ikamet arac\u0131l\u0131\u011f\u0131yla al\u0131nan oturum izni ba\u015fvuru formu<\/span><\/li>\r\n<\/ul>\r\n<p><span style=\"font-family: Roboto; font-size: 14px;\">\u0130\u015flem g\u00f6ren her sayfalar dahil olacak \u015fekilde pasaport fotokopisi gibi evraklar\u0131n haz\u0131rlanmas\u0131 gerekir. Bu evraklar haz\u0131rland\u0131ktan sonra oturum izni al\u0131nmas\u0131 i\u00e7in ba\u015fvuru ger\u00e7ekle\u015ftirebilmek m\u00fcmk\u00fcnd\u00fcr.<\/span><\/p>\r\n<h2><span style=\"font-family: Roboto; font-size: 27px;\"><strong>Pakistan Oturum Vizesi Nas\u0131l Al\u0131n\u0131r?<\/strong><\/span><\/h2>\r\n<p><span style=\"font-family: Roboto; font-size: 14px;\">\r\n\r\n<\/span><\/p>\r\n<p><span style=\"font-family: Roboto; font-size: 14px;\">Gerekli olan resmi evraklar topland\u0131ktan ve Ba\u015f Konsoloslu\u011fa teslim edildikten sonra 1 ay i\u00e7erisinde Pakistan oturum vizeniz haz\u0131r olacakt\u0131r. Verilen s\u00fcreye ba\u011fl\u0131 olarak vizenizi kullanabilir ve seyahatinize sorunsuzca ba\u015flayarak yerle\u015fimi sa\u011flayabilirsiniz. Vize i\u015flemlerinde ki\u015filerin do\u011fru evrak beyan etmesi b\u00fcy\u00fck \u00f6nem ta\u015f\u0131yor.<\/span><\/p>\r\n<h2><span style=\"font-family: Roboto; font-size: 27px;\"><strong>Pakistan Oturum Vizesi Ka\u00e7 G\u00fcnde \u00c7\u0131k\u0131yor?<\/strong><\/span><\/h2>\r\n<p><span style=\"font-family: Roboto; font-size: 14px;\">\r\n\r\n<\/span><\/p>\r\n<p><span style=\"font-family: Roboto; font-size: 14px;\">Gerekli olan t\u00fcm belge ve evraklar\u0131 toparlay\u0131p Pakistan a\u015f Konsoloslu\u011funa teslim etmeniz gerekiyor. Yap\u0131lan incelemelerden sonra, oturum vizesi alman\u0131z i\u00e7in herhangi bir engel te\u015fkili yoksa, yakla\u015f\u0131k olarak 4 ile 6 hafta aras\u0131nda \u00e7\u0131kacakt\u0131r.<\/span><\/p>\r\n<p><span style=\"font-family: Roboto; font-size: 14px;\">\r\n\r\n<\/span><\/p>\r\n<h3><span style=\"font-family: Roboto; font-size: 24px;\"><strong>Pakistan Oturum \u0130zni \u0130\u00e7in Nereye Ba\u015fvuru Yap\u0131l\u0131r?<\/strong><\/span><\/h3>\r\n<p><span style=\"font-family: Roboto; font-size: 14px;\">\r\n\r\n<\/span><\/p>\r\n<p><span style=\"font-family: Roboto; font-size: 14px;\"><strong>Pakistan\u2019da oturmak<\/strong> i\u00e7in ve buraya temelli yerle\u015fmek i\u00e7in al\u0131nmas\u0131 gereken <strong>Pakistan oturum vizesi<\/strong> i\u00e7in T\u00fcrkiye\u2019de yer alan Pakistan Ba\u015f Konsoloslu\u011funa m\u00fcracaat edilmesi gerekiyor. Burada \u00e7al\u0131\u015fan personel ve memurlar, ilgili alanda sizlere yard\u0131mc\u0131 olur ve gerekli olan belgeleri toplaman\u0131z i\u00e7in size detayl\u0131 bilgilendirme yaparlar.<\/span><\/p>\r\n<p><span style=\"font-family: Roboto; font-size: 14px;\">\r\n\r\n<\/span><\/p>\r\n<h3><span style=\"font-family: Roboto; font-size: 24px;\"><strong>Pakistan Oturum Vizesi \u0130\u00e7in Gerekli Evraklar Nelerdir?<\/strong><\/span><\/h3>\r\n<p><span style=\"font-family: Roboto; font-size: 14px;\">\r\n\r\n<\/span><\/p>\r\n<p><span style=\"font-family: Roboto; font-size: 14px;\"><strong>Pakistan oturum vizesi<\/strong> alabilmeniz i\u00e7in gerekli olan belgeler aras\u0131nda pasaportunuz ya da ge\u00e7erli olan seyahat belgeniz, 5 adet foto\u011fraf\u0131n\u0131z, e\u011fer evliyseniz evlilik c\u00fczdan\u0131n\u0131z, T\u00fcrkiye\u2019de ikamet etti\u011finiz yerin adres bilgileri ve \u00f6zellikle de kimlik fotokopiniz gereklidir.<\/span><\/p>\r\n<p><span style=\"font-family: Roboto; font-size: 14px;\">\r\n\r\n<\/span><\/p>\r\n<p><span style=\"font-family: Roboto; font-size: 14px;\"> <img decoding=\"async\" src=\"https:\/\/www.myvize.com.tr\/pakistan\/wp-content\/uploads\/2021\/10\/28.jpg\" \/> <\/span><\/p>\r\n<p><span style=\"font-family: Roboto;\"><\/span><\/p>","protected":false},"excerpt":{"rendered":"<p>Yurtd\u0131\u015f\u0131nda ya\u015famak ya da seyahat etmek neredeyse herkesin hayalleri i\u00e7erisinde yer alan bir durumdur. \u00d6zellikle de i\u015f i\u00e7in, kurulu bir d\u00fczen i\u00e7in ba\u015fka bir \u00fclkeye yerle\u015fmek isteyenlerin almas\u0131 gereken bir oturum vizesi mevcuttur. En \u00e7ok tercih edilen ve yerle\u015filen \u00fclkeler aras\u0131nda Pakistan\u2019da yer al\u0131yor. Buraya seyahat etmek ve ard\u0131ndan k\u0131sa s\u00fcre sonra d\u00f6n\u00fc\u015f\u00fc olmayan bir<\/p>\n","protected":false},"author":1,"featured_media":0,"parent":0,"menu_order":0,"comment_status":"open","ping_status":"closed","template":"","meta":{"footnotes":""},"class_list":["post-161","page","type-page","status-publish","hentry"],"yoast_head":"<!-- This site is optimized with the Yoast SEO plugin v24.0 - https:\/\/yoast.com\/wordpress\/plugins\/seo\/ -->\n<title>Pakistan Oturum Kart\u0131 - Pakistan Oturum Vizesi - MyVize<\/title>\n<meta name=\"description\" content=\"Pakistan oturum vizesi i\u00e7in gerekli evraklar ve \u015fartlar g\u00fcncel. Pakistan oturum vizesi ba\u015fvurusunda dikkat edilmesi gerekenler.\" \/>\n<meta name=\"robots\" content=\"index, follow, max-snippet:-1, max-image-preview:large, max-video-preview:-1\" \/>\n<link rel=\"canonical\" href=\"https:\/\/www.myvize.com.tr\/pakistan\/oturum-2\/\" \/>\n<meta property=\"og:locale\" content=\"tr_TR\" \/>\n<meta property=\"og:type\" content=\"article\" \/>\n<meta property=\"og:title\" content=\"Pakistan Oturum Kart\u0131 - Pakistan Oturum Vizesi - MyVize\" \/>\n<meta property=\"og:description\" content=\"Pakistan oturum vizesi i\u00e7in gerekli evraklar ve \u015fartlar g\u00fcncel. Pakistan oturum vizesi ba\u015fvurusunda dikkat edilmesi gerekenler.\" \/>\n<meta property=\"og:url\" content=\"https:\/\/www.myvize.com.tr\/pakistan\/oturum-2\/\" \/>\n<meta property=\"og:site_name\" content=\"Pakistan Vizesi\" \/>\n<meta property=\"article:modified_time\" content=\"2022-04-30T10:10:53+00:00\" \/>\n<meta property=\"og:image\" content=\"https:\/\/www.myvize.com.tr\/pakistan\/wp-content\/uploads\/2021\/10\/29.jpg\" \/>\n<meta name=\"twitter:card\" content=\"summary_large_image\" \/>\n<meta name=\"twitter:label1\" content=\"Tahmini okuma s\u00fcresi\" \/>\n\t<meta name=\"twitter:data1\" content=\"3 dakika\" \/>\n<script type=\"application\/ld+json\" class=\"yoast-schema-graph\">{\"@context\":\"https:\/\/schema.org\",\"@graph\":[{\"@type\":\"WebPage\",\"@id\":\"https:\/\/www.myvize.com.tr\/pakistan\/oturum-2\/\",\"url\":\"https:\/\/www.myvize.com.tr\/pakistan\/oturum-2\/\",\"name\":\"Pakistan Oturum Kart\u0131 - Pakistan Oturum Vizesi - MyVize\",\"isPartOf\":{\"@id\":\"https:\/\/www.myvize.com.tr\/pakistan\/#website\"},\"primaryImageOfPage\":{\"@id\":\"https:\/\/www.myvize.com.tr\/pakistan\/oturum-2\/#primaryimage\"},\"image\":{\"@id\":\"https:\/\/www.myvize.com.tr\/pakistan\/oturum-2\/#primaryimage\"},\"thumbnailUrl\":\"https:\/\/www.myvize.com.tr\/pakistan\/wp-content\/uploads\/2021\/10\/29.jpg\",\"datePublished\":\"2020-12-29T09:18:18+00:00\",\"dateModified\":\"2022-04-30T10:10:53+00:00\",\"description\":\"Pakistan oturum vizesi i\u00e7in gerekli evraklar ve \u015fartlar g\u00fcncel. Pakistan oturum vizesi ba\u015fvurusunda dikkat edilmesi gerekenler.\",\"breadcrumb\":{\"@id\":\"https:\/\/www.myvize.com.tr\/pakistan\/oturum-2\/#breadcrumb\"},\"inLanguage\":\"tr\",\"potentialAction\":[{\"@type\":\"ReadAction\",\"target\":[\"https:\/\/www.myvize.com.tr\/pakistan\/oturum-2\/\"]}]},{\"@type\":\"ImageObject\",\"inLanguage\":\"tr\",\"@id\":\"https:\/\/www.myvize.com.tr\/pakistan\/oturum-2\/#primaryimage\",\"url\":\"https:\/\/www.myvize.com.tr\/pakistan\/wp-content\/uploads\/2021\/10\/29.jpg\",\"contentUrl\":\"https:\/\/www.myvize.com.tr\/pakistan\/wp-content\/uploads\/2021\/10\/29.jpg\",\"width\":800,\"height\":500,\"caption\":\"Pakistan Oturum Kart\u0131\"},{\"@type\":\"BreadcrumbList\",\"@id\":\"https:\/\/www.myvize.com.tr\/pakistan\/oturum-2\/#breadcrumb\",\"itemListElement\":[{\"@type\":\"ListItem\",\"position\":1,\"name\":\"Anasayfa\",\"item\":\"https:\/\/www.myvize.com.tr\/pakistan\/\"},{\"@type\":\"ListItem\",\"position\":2,\"name\":\"PAK\u0130STAN OTURUM KARTI\"}]},{\"@type\":\"WebSite\",\"@id\":\"https:\/\/www.myvize.com.tr\/pakistan\/#website\",\"url\":\"https:\/\/www.myvize.com.tr\/pakistan\/\",\"name\":\"Pakistan Vizesi\",\"description\":\"\",\"potentialAction\":[{\"@type\":\"SearchAction\",\"target\":{\"@type\":\"EntryPoint\",\"urlTemplate\":\"https:\/\/www.myvize.com.tr\/pakistan\/?s={search_term_string}\"},\"query-input\":{\"@type\":\"PropertyValueSpecification\",\"valueRequired\":true,\"valueName\":\"search_term_string\"}}],\"inLanguage\":\"tr\"}]}<\/script>\n<!-- \/ Yoast SEO plugin. -->","yoast_head_json":{"title":"Pakistan Oturum Kart\u0131 - Pakistan Oturum Vizesi - MyVize","description":"Pakistan oturum vizesi i\u00e7in gerekli evraklar ve \u015fartlar g\u00fcncel. Pakistan oturum vizesi ba\u015fvurusunda dikkat edilmesi gerekenler.","robots":{"index":"index","follow":"follow","max-snippet":"max-snippet:-1","max-image-preview":"max-image-preview:large","max-video-preview":"max-video-preview:-1"},"canonical":"https:\/\/www.myvize.com.tr\/pakistan\/oturum-2\/","og_locale":"tr_TR","og_type":"article","og_title":"Pakistan Oturum Kart\u0131 - Pakistan Oturum Vizesi - MyVize","og_description":"Pakistan oturum vizesi i\u00e7in gerekli evraklar ve \u015fartlar g\u00fcncel. Pakistan oturum vizesi ba\u015fvurusunda dikkat edilmesi gerekenler.","og_url":"https:\/\/www.myvize.com.tr\/pakistan\/oturum-2\/","og_site_name":"Pakistan Vizesi","article_modified_time":"2022-04-30T10:10:53+00:00","og_image":[{"url":"https:\/\/www.myvize.com.tr\/pakistan\/wp-content\/uploads\/2021\/10\/29.jpg","type":"","width":"","height":""}],"twitter_card":"summary_large_image","twitter_misc":{"Tahmini okuma s\u00fcresi":"3 dakika"},"schema":{"@context":"https:\/\/schema.org","@graph":[{"@type":"WebPage","@id":"https:\/\/www.myvize.com.tr\/pakistan\/oturum-2\/","url":"https:\/\/www.myvize.com.tr\/pakistan\/oturum-2\/","name":"Pakistan Oturum Kart\u0131 - Pakistan Oturum Vizesi - MyVize","isPartOf":{"@id":"https:\/\/www.myvize.com.tr\/pakistan\/#website"},"primaryImageOfPage":{"@id":"https:\/\/www.myvize.com.tr\/pakistan\/oturum-2\/#primaryimage"},"image":{"@id":"https:\/\/www.myvize.com.tr\/pakistan\/oturum-2\/#primaryimage"},"thumbnailUrl":"https:\/\/www.myvize.com.tr\/pakistan\/wp-content\/uploads\/2021\/10\/29.jpg","datePublished":"2020-12-29T09:18:18+00:00","dateModified":"2022-04-30T10:10:53+00:00","description":"Pakistan oturum vizesi i\u00e7in gerekli evraklar ve \u015fartlar g\u00fcncel. Pakistan oturum vizesi ba\u015fvurusunda dikkat edilmesi gerekenler.","breadcrumb":{"@id":"https:\/\/www.myvize.com.tr\/pakistan\/oturum-2\/#breadcrumb"},"inLanguage":"tr","potentialAction":[{"@type":"ReadAction","target":["https:\/\/www.myvize.com.tr\/pakistan\/oturum-2\/"]}]},{"@type":"ImageObject","inLanguage":"tr","@id":"https:\/\/www.myvize.com.tr\/pakistan\/oturum-2\/#primaryimage","url":"https:\/\/www.myvize.com.tr\/pakistan\/wp-content\/uploads\/2021\/10\/29.jpg","contentUrl":"https:\/\/www.myvize.com.tr\/pakistan\/wp-content\/uploads\/2021\/10\/29.jpg","width":800,"height":500,"caption":"Pakistan Oturum Kart\u0131"},{"@type":"BreadcrumbList","@id":"https:\/\/www.myvize.com.tr\/pakistan\/oturum-2\/#breadcrumb","itemListElement":[{"@type":"ListItem","position":1,"name":"Anasayfa","item":"https:\/\/www.myvize.com.tr\/pakistan\/"},{"@type":"ListItem","position":2,"name":"PAK\u0130STAN OTURUM KARTI"}]},{"@type":"WebSite","@id":"https:\/\/www.myvize.com.tr\/pakistan\/#website","url":"https:\/\/www.myvize.com.tr\/pakistan\/","name":"Pakistan Vizesi","description":"","potentialAction":[{"@type":"SearchAction","target":{"@type":"EntryPoint","urlTemplate":"https:\/\/www.myvize.com.tr\/pakistan\/?s={search_term_string}"},"query-input":{"@type":"PropertyValueSpecification","valueRequired":true,"valueName":"search_term_string"}}],"inLanguage":"tr"}]}},"_links":{"self":[{"href":"https:\/\/www.myvize.com.tr\/pakistan\/wp-json\/wp\/v2\/pages\/161","targetHints":{"allow":["GET"]}}],"collection":[{"href":"https:\/\/www.myvize.com.tr\/pakistan\/wp-json\/wp\/v2\/pages"}],"about":[{"href":"https:\/\/www.myvize.com.tr\/pakistan\/wp-json\/wp\/v2\/types\/page"}],"author":[{"embeddable":true,"href":"https:\/\/www.myvize.com.tr\/pakistan\/wp-json\/wp\/v2\/users\/1"}],"replies":[{"embeddable":true,"href":"https:\/\/www.myvize.com.tr\/pakistan\/wp-json\/wp\/v2\/comments?post=161"}],"version-history":[{"count":9,"href":"https:\/\/www.myvize.com.tr\/pakistan\/wp-json\/wp\/v2\/pages\/161\/revisions"}],"predecessor-version":[{"id":638,"href":"https:\/\/www.myvize.com.tr\/pakistan\/wp-json\/wp\/v2\/pages\/161\/revisions\/638"}],"wp:attachment":[{"href":"https:\/\/www.myvize.com.tr\/pakistan\/wp-json\/wp\/v2\/media?parent=161"}],"curies":[{"name":"wp","href":"https:\/\/api.w.org\/{rel}","templated":true}]}}