{"id":164,"date":"2020-12-29T12:18:34","date_gmt":"2020-12-29T09:18:34","guid":{"rendered":"https:\/\/www.myvize.com.tr\/pakistan\/?page_id=164"},"modified":"2022-04-30T13:11:31","modified_gmt":"2022-04-30T10:11:31","slug":"vatandaslik","status":"publish","type":"page","link":"https:\/\/www.myvize.com.tr\/pakistan\/vatandaslik\/","title":{"rendered":"VATANDA\u015eLIK"},"content":{"rendered":"<h2><strong><span style=\"font-family: Roboto; font-size: 27px;\">Pakistan Vatanda\u015fl\u0131\u011f\u0131<\/span><\/strong><\/h2>\n<p><span style=\"font-family: Roboto; font-size: 14px;\"><strong>Pakistan vatanda\u015fl\u0131k<\/strong> \u015fartlar\u0131, Pakistan H\u00fck\u00fcmeti taraf\u0131ndan \u00e7e\u015fitli yasalar ile belirlenmi\u015ftir. Pakistan vatanda\u015f\u0131 olmak isteyen ki\u015filer, yasalardaki \u015fartlar\u0131 yerine getirmelidir. \u015eartlar yerine getirildikten sonra ise <strong>Pakistan vatanda\u015fl\u0131k ba\u015fvurusu<\/strong> yap\u0131labilir. Pakistan vatanda\u015fl\u0131k ba\u015fvurusu yapacak olan ki\u015filer ba\u015fvurular\u0131n\u0131 Pakistan\u2019\u0131n T\u00fcrkiye\u2019de bulunan diplomatik temsilciliklerine yapabilirler. <strong>Pakistan vatanda\u015fl\u0131\u011f\u0131<\/strong>; soy ba\u011f\u0131, oturum, evlilik gibi nedenler ile al\u0131nabilmektedir.<\/span><\/p>\n<p><span style=\"font-family: Roboto; font-size: 14px;\"><strong>Pakistan vatanda\u015fl\u0131\u011f\u0131<\/strong> al\u0131nabilecek durumlar;<\/span><\/p>\n<ul>\n<li><span style=\"font-family: Roboto; font-size: 14px;\"><strong>Oturum Yolu:\u00a0<\/strong>Pakistan\u2019da 5 y\u0131l yasal olarak ikamet etmi\u015f ve hi\u00e7bir su\u00e7a kar\u0131\u015fmam\u0131\u015f olan ki\u015filer Pakistan vatanda\u015fl\u0131k ba\u015fvurusunda bulunabilir. Bunun i\u00e7in Pakistan sosyal ya\u015fam\u0131na ve anayasas\u0131na uyum sa\u011flayabildi\u011fini kan\u0131tlamal\u0131 ve Pakistan resmi dili olan Urduca ya da \u0130ngilizceyi iyi derecede bilmelidir.<\/span><\/li>\n<li><span style=\"font-family: Roboto; font-size: 14px;\"><strong>Soya Ba\u011fl\u0131:<\/strong>\u00a0Pakistanl\u0131 bir anne ya da babas\u0131 olan \u00e7ocuklar do\u011fdu\u011funda <strong>Pakistan vatanda\u015f\u0131<\/strong> olarak kaydedilmektedir.<\/span><\/li>\n<li><span style=\"font-family: Roboto; font-size: 14px;\"><strong>Evlilik Yolu:<\/strong>\u00a0Pakistan vatanda\u015f\u0131 olan birisi ile evlenmi\u015f iseniz ve belirli bir s\u00fcre Pakistan topraklar\u0131nda yasal olarak ikamet etmi\u015fseniz, Pakistan vatanda\u015fl\u0131k ba\u015fvurusunda bulunabilirsiniz.<\/span><\/li>\n<li><span style=\"font-family: Roboto; font-size: 14px;\"><strong>Di\u011fer Nedenler:<\/strong> Pakistan Devleti\u2019nin itibar\u0131 artt\u0131racak bir konumda iseniz Pakistan vatanda\u015fl\u0131\u011f\u0131 ba\u015fvurusunda bulunabilir.<\/span><\/li>\n<\/ul>\n<p><span style=\"font-family: Roboto; font-size: 14px;\"><span style=\"color: #2acec2;\"><strong><a style=\"color: #2acec2;\" href=\"https:\/\/www.myvize.com.tr\/pakistan\/vize-islemleri\/\" target=\"_blank\" rel=\"noopener\">Pakistan Vize \u0130\u015flemleri<\/a><\/strong><\/span> ile ilgili bilgi almak i\u00e7in bizi aray\u0131n.<\/span><\/p>\n<h2><span style=\"font-family: Roboto; font-size: 27px;\"><strong>Pakistan Vatanda\u015fl\u0131\u011f\u0131 Hakk\u0131nda<\/strong><\/span><\/h2>\n<p><span style=\"font-family: Roboto; font-size: 14px;\"><strong>Pakistan vatanda\u015fl\u0131\u011f\u0131<\/strong>\u00a0hayali kuran ki\u015filer vard\u0131r. Bu ki\u015filerin bu hayali ger\u00e7ekle\u015ftirebilmesi i\u00e7in yapmas\u0131 gereken baz\u0131 i\u015flemler vard\u0131r. Bu i\u015flemler yap\u0131ld\u0131\u011f\u0131 takdirde, <strong>Pakistan vatanda\u015fl\u0131\u011f\u0131<\/strong> al\u0131nabilir. Vatanda\u015fl\u0131k alamayan ki\u015filer, k\u0131sa s\u00fcreli vizeler alarak seyahat ger\u00e7ekle\u015ftirebilirler. Bu seyahatlerin ama\u00e7lar\u0131 \u00e7o\u011funlukla \u00e7al\u0131\u015fmak, e\u011fitim almak ya da aile ziyaretidir. Bunun i\u00e7in gerekli ara\u015ft\u0131rmalar yap\u0131lmal\u0131 ve bu durumlara uygun olan vizelerin al\u0131nmas\u0131 gerekir.<\/span><\/p>\n<p><span style=\"font-family: Roboto; font-size: 14px;\">Pakistan vizelerinin \u00e7\u0131k\u0131\u015f s\u00fcresi genellikle 4 ya da 6 haftad\u0131r. Seyahat ger\u00e7ekle\u015ftirecek olanlar her t\u00fcrl\u00fc konuya dikkat ederek vizelerini alma imk\u00e2n\u0131na sahiptir. <strong>Vize alma i\u015flemlerinde<\/strong> herhangi bir olumsuzluk olmamas\u0131 i\u00e7in, evraklar\u0131n eksiksiz olmas\u0131 ve ba\u015fvuru formlar\u0131n\u0131n do\u011fru bilgilerle doldurulmas\u0131 gerekir. Bu \u015fekilde vizeler sorun ya\u015fanmadan al\u0131nabilir. <strong>Vize sistemi<\/strong> vatanda\u015fl\u0131k alamayan ya da k\u0131sa s\u00fcreli seyahat edecek olanlar\u0131n ba\u015fvurdu\u011fu y\u00f6ntemlerden baz\u0131lar\u0131d\u0131r.<\/span><\/p>\n<p><span style=\"font-family: Roboto; font-size: 14px;\"><a href=\"https:\/\/www.myvize.com.tr\/pakistan\/vize-islemleri\/pakistan-vizesi\/\" target=\"_blank\" rel=\"noopener\"><span style=\"color: #2acec2;\"><strong>\u00a0Pakistan vizesi<\/strong> <\/span><\/a>alacak olanlar<strong> vize \u00fccreti<\/strong> \u00f6demekle de y\u00fck\u00fcml\u00fcd\u00fcrler. Vizeler i\u00e7in \u00f6denecek olan \u00fccretler, vize s\u00fcrelerine ve vize t\u00fcrlerine g\u00f6re de\u011fi\u015fiklik g\u00f6sterebilir. Buna g\u00f6re ortaya farkl\u0131 fiyatlar \u00e7\u0131kar. Bunun yan\u0131 s\u0131ra, Nepal, Samoa gibi \u00fclkeler vizeye ihtiya\u00e7 duymadan Pakistan\u2019a giri\u015f sa\u011flayabilirler.<\/span><\/p>\n","protected":false},"excerpt":{"rendered":"<p>Pakistan Vatanda\u015fl\u0131\u011f\u0131 Pakistan vatanda\u015fl\u0131k \u015fartlar\u0131, Pakistan H\u00fck\u00fcmeti taraf\u0131ndan \u00e7e\u015fitli yasalar ile belirlenmi\u015ftir. Pakistan vatanda\u015f\u0131 olmak isteyen ki\u015filer, yasalardaki \u015fartlar\u0131 yerine getirmelidir. \u015eartlar yerine getirildikten sonra ise Pakistan vatanda\u015fl\u0131k ba\u015fvurusu yap\u0131labilir. Pakistan vatanda\u015fl\u0131k ba\u015fvurusu yapacak olan ki\u015filer ba\u015fvurular\u0131n\u0131 Pakistan\u2019\u0131n T\u00fcrkiye\u2019de bulunan diplomatik temsilciliklerine yapabilirler. Pakistan vatanda\u015fl\u0131\u011f\u0131; soy ba\u011f\u0131, oturum, evlilik gibi nedenler ile al\u0131nabilmektedir. Pakistan vatanda\u015fl\u0131\u011f\u0131<\/p>\n","protected":false},"author":1,"featured_media":0,"parent":0,"menu_order":0,"comment_status":"open","ping_status":"closed","template":"","meta":{"footnotes":""},"class_list":["post-164","page","type-page","status-publish","hentry"],"yoast_head":"<!-- This site is optimized with the Yoast SEO plugin v24.0 - https:\/\/yoast.com\/wordpress\/plugins\/seo\/ -->\n<title>Pakistan Vatanda\u015fl\u0131\u011f\u0131 Alma - Pakistan Vatanda\u015fl\u0131k - MyVize<\/title>\n<meta name=\"description\" content=\"Pakistan vatanda\u015fl\u0131\u011f\u0131 ba\u015fvuru belgeleri. Pakistan vatanda\u015fl\u0131\u011f\u0131 i\u00e7in gerekli \u015fartlar. Pakistan vatanda\u015fl\u0131k i\u015flemleri nelerdir?\" \/>\n<meta name=\"robots\" content=\"index, follow, max-snippet:-1, max-image-preview:large, max-video-preview:-1\" \/>\n<link rel=\"canonical\" href=\"https:\/\/www.myvize.com.tr\/pakistan\/vatandaslik\/\" \/>\n<meta property=\"og:locale\" content=\"tr_TR\" \/>\n<meta property=\"og:type\" content=\"article\" \/>\n<meta property=\"og:title\" content=\"Pakistan Vatanda\u015fl\u0131\u011f\u0131 Alma - Pakistan Vatanda\u015fl\u0131k - MyVize\" \/>\n<meta property=\"og:description\" content=\"Pakistan vatanda\u015fl\u0131\u011f\u0131 ba\u015fvuru belgeleri. Pakistan vatanda\u015fl\u0131\u011f\u0131 i\u00e7in gerekli \u015fartlar. Pakistan vatanda\u015fl\u0131k i\u015flemleri nelerdir?\" \/>\n<meta property=\"og:url\" content=\"https:\/\/www.myvize.com.tr\/pakistan\/vatandaslik\/\" \/>\n<meta property=\"og:site_name\" content=\"Pakistan Vizesi\" \/>\n<meta property=\"article:modified_time\" content=\"2022-04-30T10:11:31+00:00\" \/>\n<meta name=\"twitter:card\" content=\"summary_large_image\" \/>\n<meta name=\"twitter:label1\" content=\"Tahmini okuma s\u00fcresi\" \/>\n\t<meta name=\"twitter:data1\" content=\"2 dakika\" \/>\n<script type=\"application\/ld+json\" class=\"yoast-schema-graph\">{\"@context\":\"https:\/\/schema.org\",\"@graph\":[{\"@type\":\"WebPage\",\"@id\":\"https:\/\/www.myvize.com.tr\/pakistan\/vatandaslik\/\",\"url\":\"https:\/\/www.myvize.com.tr\/pakistan\/vatandaslik\/\",\"name\":\"Pakistan Vatanda\u015fl\u0131\u011f\u0131 Alma - Pakistan Vatanda\u015fl\u0131k - MyVize\",\"isPartOf\":{\"@id\":\"https:\/\/www.myvize.com.tr\/pakistan\/#website\"},\"datePublished\":\"2020-12-29T09:18:34+00:00\",\"dateModified\":\"2022-04-30T10:11:31+00:00\",\"description\":\"Pakistan vatanda\u015fl\u0131\u011f\u0131 ba\u015fvuru belgeleri. Pakistan vatanda\u015fl\u0131\u011f\u0131 i\u00e7in gerekli \u015fartlar. Pakistan vatanda\u015fl\u0131k i\u015flemleri nelerdir?\",\"breadcrumb\":{\"@id\":\"https:\/\/www.myvize.com.tr\/pakistan\/vatandaslik\/#breadcrumb\"},\"inLanguage\":\"tr\",\"potentialAction\":[{\"@type\":\"ReadAction\",\"target\":[\"https:\/\/www.myvize.com.tr\/pakistan\/vatandaslik\/\"]}]},{\"@type\":\"BreadcrumbList\",\"@id\":\"https:\/\/www.myvize.com.tr\/pakistan\/vatandaslik\/#breadcrumb\",\"itemListElement\":[{\"@type\":\"ListItem\",\"position\":1,\"name\":\"Anasayfa\",\"item\":\"https:\/\/www.myvize.com.tr\/pakistan\/\"},{\"@type\":\"ListItem\",\"position\":2,\"name\":\"VATANDA\u015eLIK\"}]},{\"@type\":\"WebSite\",\"@id\":\"https:\/\/www.myvize.com.tr\/pakistan\/#website\",\"url\":\"https:\/\/www.myvize.com.tr\/pakistan\/\",\"name\":\"Pakistan Vizesi\",\"description\":\"\",\"potentialAction\":[{\"@type\":\"SearchAction\",\"target\":{\"@type\":\"EntryPoint\",\"urlTemplate\":\"https:\/\/www.myvize.com.tr\/pakistan\/?s={search_term_string}\"},\"query-input\":{\"@type\":\"PropertyValueSpecification\",\"valueRequired\":true,\"valueName\":\"search_term_string\"}}],\"inLanguage\":\"tr\"}]}<\/script>\n<!-- \/ Yoast SEO plugin. -->","yoast_head_json":{"title":"Pakistan Vatanda\u015fl\u0131\u011f\u0131 Alma - Pakistan Vatanda\u015fl\u0131k - MyVize","description":"Pakistan vatanda\u015fl\u0131\u011f\u0131 ba\u015fvuru belgeleri. Pakistan vatanda\u015fl\u0131\u011f\u0131 i\u00e7in gerekli \u015fartlar. Pakistan vatanda\u015fl\u0131k i\u015flemleri nelerdir?","robots":{"index":"index","follow":"follow","max-snippet":"max-snippet:-1","max-image-preview":"max-image-preview:large","max-video-preview":"max-video-preview:-1"},"canonical":"https:\/\/www.myvize.com.tr\/pakistan\/vatandaslik\/","og_locale":"tr_TR","og_type":"article","og_title":"Pakistan Vatanda\u015fl\u0131\u011f\u0131 Alma - Pakistan Vatanda\u015fl\u0131k - MyVize","og_description":"Pakistan vatanda\u015fl\u0131\u011f\u0131 ba\u015fvuru belgeleri. Pakistan vatanda\u015fl\u0131\u011f\u0131 i\u00e7in gerekli \u015fartlar. Pakistan vatanda\u015fl\u0131k i\u015flemleri nelerdir?","og_url":"https:\/\/www.myvize.com.tr\/pakistan\/vatandaslik\/","og_site_name":"Pakistan Vizesi","article_modified_time":"2022-04-30T10:11:31+00:00","twitter_card":"summary_large_image","twitter_misc":{"Tahmini okuma s\u00fcresi":"2 dakika"},"schema":{"@context":"https:\/\/schema.org","@graph":[{"@type":"WebPage","@id":"https:\/\/www.myvize.com.tr\/pakistan\/vatandaslik\/","url":"https:\/\/www.myvize.com.tr\/pakistan\/vatandaslik\/","name":"Pakistan Vatanda\u015fl\u0131\u011f\u0131 Alma - Pakistan Vatanda\u015fl\u0131k - MyVize","isPartOf":{"@id":"https:\/\/www.myvize.com.tr\/pakistan\/#website"},"datePublished":"2020-12-29T09:18:34+00:00","dateModified":"2022-04-30T10:11:31+00:00","description":"Pakistan vatanda\u015fl\u0131\u011f\u0131 ba\u015fvuru belgeleri. Pakistan vatanda\u015fl\u0131\u011f\u0131 i\u00e7in gerekli \u015fartlar. Pakistan vatanda\u015fl\u0131k i\u015flemleri nelerdir?","breadcrumb":{"@id":"https:\/\/www.myvize.com.tr\/pakistan\/vatandaslik\/#breadcrumb"},"inLanguage":"tr","potentialAction":[{"@type":"ReadAction","target":["https:\/\/www.myvize.com.tr\/pakistan\/vatandaslik\/"]}]},{"@type":"BreadcrumbList","@id":"https:\/\/www.myvize.com.tr\/pakistan\/vatandaslik\/#breadcrumb","itemListElement":[{"@type":"ListItem","position":1,"name":"Anasayfa","item":"https:\/\/www.myvize.com.tr\/pakistan\/"},{"@type":"ListItem","position":2,"name":"VATANDA\u015eLIK"}]},{"@type":"WebSite","@id":"https:\/\/www.myvize.com.tr\/pakistan\/#website","url":"https:\/\/www.myvize.com.tr\/pakistan\/","name":"Pakistan Vizesi","description":"","potentialAction":[{"@type":"SearchAction","target":{"@type":"EntryPoint","urlTemplate":"https:\/\/www.myvize.com.tr\/pakistan\/?s={search_term_string}"},"query-input":{"@type":"PropertyValueSpecification","valueRequired":true,"valueName":"search_term_string"}}],"inLanguage":"tr"}]}},"_links":{"self":[{"href":"https:\/\/www.myvize.com.tr\/pakistan\/wp-json\/wp\/v2\/pages\/164","targetHints":{"allow":["GET"]}}],"collection":[{"href":"https:\/\/www.myvize.com.tr\/pakistan\/wp-json\/wp\/v2\/pages"}],"about":[{"href":"https:\/\/www.myvize.com.tr\/pakistan\/wp-json\/wp\/v2\/types\/page"}],"author":[{"embeddable":true,"href":"https:\/\/www.myvize.com.tr\/pakistan\/wp-json\/wp\/v2\/users\/1"}],"replies":[{"embeddable":true,"href":"https:\/\/www.myvize.com.tr\/pakistan\/wp-json\/wp\/v2\/comments?post=164"}],"version-history":[{"count":5,"href":"https:\/\/www.myvize.com.tr\/pakistan\/wp-json\/wp\/v2\/pages\/164\/revisions"}],"predecessor-version":[{"id":639,"href":"https:\/\/www.myvize.com.tr\/pakistan\/wp-json\/wp\/v2\/pages\/164\/revisions\/639"}],"wp:attachment":[{"href":"https:\/\/www.myvize.com.tr\/pakistan\/wp-json\/wp\/v2\/media?parent=164"}],"curies":[{"name":"wp","href":"https:\/\/api.w.org\/{rel}","templated":true}]}}