{"id":167,"date":"2020-12-29T12:18:59","date_gmt":"2020-12-29T09:18:59","guid":{"rendered":"https:\/\/www.myvize.com.tr\/pakistan\/?page_id=167"},"modified":"2022-09-12T12:11:51","modified_gmt":"2022-09-12T09:11:51","slug":"form-ve-dilekce","status":"publish","type":"page","link":"https:\/\/www.myvize.com.tr\/pakistan\/form-ve-dilekce\/","title":{"rendered":"FORM VE D\u0130LEK\u00c7E"},"content":{"rendered":"<p><span style=\"font-family: Roboto;\"><\/span><\/p>\r\n<p><span style=\"font-family: Roboto; font-size: 14px;\">E\u011fer diplomatik ve hususi pasaport sahibi bir T\u00fcrkiye vatanda\u015f\u0131 de\u011filseniz Pakistan\u2019 a girerken vize alman\u0131z gereklidir. Diplomatik ve hususi pasaporta sahip olan insanlar Pakistan\u2019 da 90 ya da 180 g\u00fcn s\u00fcreyle vizesiz kalabilirler.<strong> Pakistan vizesi<\/strong> i\u00e7in Pakistan B\u00fcy\u00fckel\u00e7ili\u011fi\u2019 ne ve Pakistan Ba\u015fkonsoloslu\u011fu\u2019 na vize ba\u015fvurusunda bulunabilirsiniz. Vize ba\u015fvurusu yaparken belgelerinizin eksiksiz olmas\u0131 gereklidir. Bilgilerinizin do\u011fru olmas\u0131 da <strong>Pakistan vizesi<\/strong> ba\u015fvurusu yaparken \u00f6nemlidir. <strong>Pakistan B\u00fcy\u00fckel\u00e7ili\u011fi<\/strong> ve <strong>Pakistan Ba\u015fkonsoloslu\u011fu<\/strong> baz\u0131 durumlarda bilgileri do\u011frulamak ad\u0131na vize ba\u015fvurusu yapan ki\u015fiyi m\u00fclakata \u00e7a\u011f\u0131rabilirler. Bu m\u00fclakkata sorulan sorulara belgelerle ayn\u0131 cevaplar\u0131 vermeyen ki\u015filere ceza i\u015flemi uygulanabilir. Peki bu belgeler nelerdir. \u0130\u015fte Pakistan\u2019 a vize ba\u015fvurusunda gerekli belgeler:<\/span><\/p>\r\n<p><span style=\"font-family: Roboto; font-size: 14px;\">\r\n\r\n<\/span><\/p>\r\n<ul class=\"wp-block-list\">\r\n<li><span style=\"font-family: Roboto; font-size: 14px;\">Pakistan\u2019 a vize ba\u015fvurusunda bulundu\u011funuzda <strong>Pakistan Konsoloslu\u011fu<\/strong> taraf\u0131ndan haz\u0131rlanan bir vize ba\u015fvurusu formu doldurmal\u0131s\u0131n\u0131z. Bu form siz ba\u015fvuru yaparken Pakistan H\u00fck\u00fcmeti\u2019 nin sizi tan\u0131mas\u0131n\u0131 sa\u011flar. Bu formdaki bilgileri eksiksiz ve do\u011fru doldurman\u0131z gerekir. Bu form \u00fczerinde Pakistan\u2019 a geli\u015f amac\u0131n\u0131zdan da bahsetmelisiniz. Geri kalan belgelerden baz\u0131lar\u0131 ziyaret amac\u0131n\u0131za g\u00f6re de\u011fi\u015fiklik g\u00f6sterebilir.<\/span><\/li>\r\n<li><span style=\"font-family: Roboto; font-size: 14px;\">Pakistan\u2019 a gitmek i\u00e7in pasaportunuz olmas\u0131 gereklidir. Vize i\u015flemleriniz tamamland\u0131ktan sonra pasaportunuza vize etiketi yap\u0131l\u0131r. Pasaportunuzda bilgilerinizin bulundu\u011fu iki sayfan\u0131n fotokopisini de belgelerinizin aras\u0131na eklemeniz gereklidir. Pasaportunuzun orijinal olmas\u0131 gereklidir. Ve en az 6 ay daha kullan\u0131m s\u00fcresi olmal\u0131d\u0131r.<\/span><\/li>\r\n<li><span style=\"font-family: Roboto; font-size: 14px;\">Pasaportunuzda yer alan foto\u011fraf b\u00fcy\u00fckl\u00fc\u011f\u00fcnde en g\u00fcncel halinizin foto\u011fraf\u0131 olmal\u0131d\u0131r. Foto\u011fraf\u0131n\u0131zda y\u00fcz\u00fcn\u00fcz tam olarak g\u00f6r\u00fcnmelidir.<\/span><\/li>\r\n<li><span style=\"font-family: Roboto; font-size: 14px;\">Pakistan ziyaret amac\u0131n\u0131z turistik ya da ticari ise bir davetiye formuna ihtiyac\u0131n\u0131z vard\u0131r. Bu davetiye formu Pakistan\u2019 da ikamet eden <strong>Pakistan vatanda\u015f\u0131<\/strong> biri taraf\u0131ndan yaz\u0131lmal\u0131d\u0131r.<\/span><\/li>\r\n<li><span style=\"font-family: Roboto; font-size: 14px;\">Pakistan\u2019 a ne zaman gidip ne zaman d\u00f6nece\u011finiz, ne kadar kalaca\u011f\u0131n\u0131z da gidi\u015f d\u00f6n\u00fc\u015f u\u00e7ak biletlerinizle beraber belgelerinizin aras\u0131nda olmal\u0131d\u0131r.<\/span><\/li>\r\n<\/ul>\r\n<h2><strong><span style=\"font-family: Roboto; font-size: 27px;\">Pakistan Konsoloslu\u011fu Form ve Dilek\u00e7e<\/span><\/strong><\/h2>\r\n<p><span style=\"font-family: Roboto; font-size: 14px;\"><strong>Pakistan Konsoloslu\u011fu<\/strong>, vize ba\u015fvurular\u0131 s\u0131ras\u0131nda baz\u0131 form ve dilek\u00e7eler istemektedir. Bu form ve dilek\u00e7elerin olmad\u0131\u011f\u0131 Pakistan vize ba\u015fvurular\u0131 reddedilmekte ve baz\u0131 durumlarda kabul dahi edilmemektedir. <strong>Pakistan vize ba\u015fvurular\u0131<\/strong> s\u0131ras\u0131nda istenen Form ve dilek\u00e7eler \u015fu \u015fekildedir.<\/span><\/p>\r\n<ul>\r\n<li><span style=\"font-family: Roboto; font-size: 14px;\"><strong><span style=\"color: #2acec2;\"><a style=\"color: #2acec2;\" href=\"https:\/\/www.myvize.com.tr\/pakistan\/vize-islemleri\/pakistan-vize-basvuru-formu\/\" target=\"_blank\" rel=\"noopener\">Pakistan Vize Ba\u015fvuru Formu<\/a><\/span>:\u00a0<\/strong>Bu formda ki\u015fisel ilgileriniz ve seyahatiniz ile ilgili her t\u00fcrl\u00fc bilgi detayl\u0131 bir \u015fekilde yer almal\u0131d\u0131r. Pakistan vize ba\u015fvuru formu, Pakistan Konsoloslu\u011fu\u2019nun ba\u015fvuru sahibini daha iyi tan\u0131mas\u0131n\u0131 sa\u011flamaktad\u0131r. Vize ba\u015fvurular\u0131 bu form olmadan kabul edilmemektedir. Her Pakistan vize t\u00fcr\u00fcnde teslim edilmesi gereken belgelerdendir. Pakistan vize ba\u015fvuru formuna <strong>Pakistan Konsoloslu\u011fu<\/strong> resmi internet sitesi ya da <strong>Pakistan vize ba\u015fvuru<\/strong> merkezleri arac\u0131l\u0131\u011f\u0131 ile ula\u015fabilirsiniz. Form \u0130ngilizce ya da T\u00fcrk\u00e7e doldurulmal\u0131d\u0131r. Doldurulduktan sonra tarih at\u0131l\u0131p imzalanmal\u0131d\u0131r. Ayr\u0131ca forma bir adet biyometrik foto\u011fraf yap\u0131\u015ft\u0131rmal\u0131s\u0131n\u0131z.\u00a0<\/span><\/li>\r\n<li><span style=\"font-family: Roboto; font-size: 14px;\"><strong>Pakistan Vize Talep Dilek\u00e7esi:<\/strong>\u00a0Bu dilek\u00e7e talep edece\u011finiz Pakistan vize t\u00fcr\u00fcne g\u00f6re yaz\u0131lmal\u0131d\u0131r. Dilek\u00e7ede kendinizi tan\u0131tmal\u0131, seyahat amac\u0131n\u0131z\u0131 ve plan\u0131n\u0131z\u0131 a\u00e7\u0131klamal\u0131s\u0131n\u0131z. Ayr\u0131ca Pakistan\u2019dan vize s\u00fcresi bitimi \u00f6ncesinde \u00e7\u0131kaca\u011f\u0131n\u0131z\u0131 belirtmelisiniz. Dilek\u00e7e ba\u015fvuru sahibi taraf\u0131ndan \u015fahsen imzalanmal\u0131d\u0131r. \u0130mzas\u0131z olan dilek\u00e7eler kabul edilmemektedir.<\/span><\/li>\r\n<\/ul>\r\n<p><span style=\"font-family: Roboto; font-size: 14px;\"><span style=\"color: #2acec2;\"><strong><a style=\"color: #2acec2;\" href=\"https:\/\/www.myvize.com.tr\/pakistan\/vize-islemleri\/pakistan-vize-randevusu\/\" target=\"_blank\" rel=\"noopener\">Pakistan Vize Randevusu <\/a><\/strong><\/span>ile ilgili bilgi almak i\u00e7in bizi aray\u0131n.<\/span><\/p>\r\n<p><span style=\"font-family: Roboto;\"><\/span><\/p>","protected":false},"excerpt":{"rendered":"<p>E\u011fer diplomatik ve hususi pasaport sahibi bir T\u00fcrkiye vatanda\u015f\u0131 de\u011filseniz Pakistan\u2019 a girerken vize alman\u0131z gereklidir. Diplomatik ve hususi pasaporta sahip olan insanlar Pakistan\u2019 da 90 ya da 180 g\u00fcn s\u00fcreyle vizesiz kalabilirler. Pakistan vizesi i\u00e7in Pakistan B\u00fcy\u00fckel\u00e7ili\u011fi\u2019 ne ve Pakistan Ba\u015fkonsoloslu\u011fu\u2019 na vize ba\u015fvurusunda bulunabilirsiniz. Vize ba\u015fvurusu yaparken belgelerinizin eksiksiz olmas\u0131 gereklidir. Bilgilerinizin do\u011fru<\/p>\n","protected":false},"author":1,"featured_media":0,"parent":0,"menu_order":0,"comment_status":"closed","ping_status":"closed","template":"","meta":{"footnotes":""},"class_list":["post-167","page","type-page","status-publish","hentry"],"yoast_head":"<!-- This site is optimized with the Yoast SEO plugin v24.0 - https:\/\/yoast.com\/wordpress\/plugins\/seo\/ -->\n<title>Pakistan Form Ve Dilek\u00e7esi - Pakistan Vizesi - MyVize<\/title>\n<meta name=\"description\" content=\"Pakistan form ve dilek\u00e7e 2022 g\u00fcncel payla\u015f\u0131mlar. Pakistan form doldurma ve dilek\u00e7e yaz\u0131m\u0131na dair do\u011fru bilgiler.\" \/>\n<meta name=\"robots\" content=\"index, follow, max-snippet:-1, max-image-preview:large, max-video-preview:-1\" \/>\n<link rel=\"canonical\" href=\"https:\/\/www.myvize.com.tr\/pakistan\/form-ve-dilekce\/\" \/>\n<meta property=\"og:locale\" content=\"tr_TR\" \/>\n<meta property=\"og:type\" content=\"article\" \/>\n<meta property=\"og:title\" content=\"Pakistan Form Ve Dilek\u00e7esi - Pakistan Vizesi - MyVize\" \/>\n<meta property=\"og:description\" content=\"Pakistan form ve dilek\u00e7e 2022 g\u00fcncel payla\u015f\u0131mlar. Pakistan form doldurma ve dilek\u00e7e yaz\u0131m\u0131na dair do\u011fru bilgiler.\" \/>\n<meta property=\"og:url\" content=\"https:\/\/www.myvize.com.tr\/pakistan\/form-ve-dilekce\/\" \/>\n<meta property=\"og:site_name\" content=\"Pakistan Vizesi\" \/>\n<meta property=\"article:modified_time\" content=\"2022-09-12T09:11:51+00:00\" \/>\n<meta name=\"twitter:card\" content=\"summary_large_image\" \/>\n<meta name=\"twitter:label1\" content=\"Tahmini okuma s\u00fcresi\" \/>\n\t<meta name=\"twitter:data1\" content=\"2 dakika\" \/>\n<script type=\"application\/ld+json\" class=\"yoast-schema-graph\">{\"@context\":\"https:\/\/schema.org\",\"@graph\":[{\"@type\":\"WebPage\",\"@id\":\"https:\/\/www.myvize.com.tr\/pakistan\/form-ve-dilekce\/\",\"url\":\"https:\/\/www.myvize.com.tr\/pakistan\/form-ve-dilekce\/\",\"name\":\"Pakistan Form Ve Dilek\u00e7esi - Pakistan Vizesi - MyVize\",\"isPartOf\":{\"@id\":\"https:\/\/www.myvize.com.tr\/pakistan\/#website\"},\"datePublished\":\"2020-12-29T09:18:59+00:00\",\"dateModified\":\"2022-09-12T09:11:51+00:00\",\"description\":\"Pakistan form ve dilek\u00e7e 2022 g\u00fcncel payla\u015f\u0131mlar. Pakistan form doldurma ve dilek\u00e7e yaz\u0131m\u0131na dair do\u011fru bilgiler.\",\"breadcrumb\":{\"@id\":\"https:\/\/www.myvize.com.tr\/pakistan\/form-ve-dilekce\/#breadcrumb\"},\"inLanguage\":\"tr\",\"potentialAction\":[{\"@type\":\"ReadAction\",\"target\":[\"https:\/\/www.myvize.com.tr\/pakistan\/form-ve-dilekce\/\"]}]},{\"@type\":\"BreadcrumbList\",\"@id\":\"https:\/\/www.myvize.com.tr\/pakistan\/form-ve-dilekce\/#breadcrumb\",\"itemListElement\":[{\"@type\":\"ListItem\",\"position\":1,\"name\":\"Anasayfa\",\"item\":\"https:\/\/www.myvize.com.tr\/pakistan\/\"},{\"@type\":\"ListItem\",\"position\":2,\"name\":\"FORM VE D\u0130LEK\u00c7E\"}]},{\"@type\":\"WebSite\",\"@id\":\"https:\/\/www.myvize.com.tr\/pakistan\/#website\",\"url\":\"https:\/\/www.myvize.com.tr\/pakistan\/\",\"name\":\"Pakistan Vizesi\",\"description\":\"\",\"potentialAction\":[{\"@type\":\"SearchAction\",\"target\":{\"@type\":\"EntryPoint\",\"urlTemplate\":\"https:\/\/www.myvize.com.tr\/pakistan\/?s={search_term_string}\"},\"query-input\":{\"@type\":\"PropertyValueSpecification\",\"valueRequired\":true,\"valueName\":\"search_term_string\"}}],\"inLanguage\":\"tr\"}]}<\/script>\n<!-- \/ Yoast SEO plugin. -->","yoast_head_json":{"title":"Pakistan Form Ve Dilek\u00e7esi - Pakistan Vizesi - MyVize","description":"Pakistan form ve dilek\u00e7e 2022 g\u00fcncel payla\u015f\u0131mlar. Pakistan form doldurma ve dilek\u00e7e yaz\u0131m\u0131na dair do\u011fru bilgiler.","robots":{"index":"index","follow":"follow","max-snippet":"max-snippet:-1","max-image-preview":"max-image-preview:large","max-video-preview":"max-video-preview:-1"},"canonical":"https:\/\/www.myvize.com.tr\/pakistan\/form-ve-dilekce\/","og_locale":"tr_TR","og_type":"article","og_title":"Pakistan Form Ve Dilek\u00e7esi - Pakistan Vizesi - MyVize","og_description":"Pakistan form ve dilek\u00e7e 2022 g\u00fcncel payla\u015f\u0131mlar. Pakistan form doldurma ve dilek\u00e7e yaz\u0131m\u0131na dair do\u011fru bilgiler.","og_url":"https:\/\/www.myvize.com.tr\/pakistan\/form-ve-dilekce\/","og_site_name":"Pakistan Vizesi","article_modified_time":"2022-09-12T09:11:51+00:00","twitter_card":"summary_large_image","twitter_misc":{"Tahmini okuma s\u00fcresi":"2 dakika"},"schema":{"@context":"https:\/\/schema.org","@graph":[{"@type":"WebPage","@id":"https:\/\/www.myvize.com.tr\/pakistan\/form-ve-dilekce\/","url":"https:\/\/www.myvize.com.tr\/pakistan\/form-ve-dilekce\/","name":"Pakistan Form Ve Dilek\u00e7esi - Pakistan Vizesi - MyVize","isPartOf":{"@id":"https:\/\/www.myvize.com.tr\/pakistan\/#website"},"datePublished":"2020-12-29T09:18:59+00:00","dateModified":"2022-09-12T09:11:51+00:00","description":"Pakistan form ve dilek\u00e7e 2022 g\u00fcncel payla\u015f\u0131mlar. Pakistan form doldurma ve dilek\u00e7e yaz\u0131m\u0131na dair do\u011fru bilgiler.","breadcrumb":{"@id":"https:\/\/www.myvize.com.tr\/pakistan\/form-ve-dilekce\/#breadcrumb"},"inLanguage":"tr","potentialAction":[{"@type":"ReadAction","target":["https:\/\/www.myvize.com.tr\/pakistan\/form-ve-dilekce\/"]}]},{"@type":"BreadcrumbList","@id":"https:\/\/www.myvize.com.tr\/pakistan\/form-ve-dilekce\/#breadcrumb","itemListElement":[{"@type":"ListItem","position":1,"name":"Anasayfa","item":"https:\/\/www.myvize.com.tr\/pakistan\/"},{"@type":"ListItem","position":2,"name":"FORM VE D\u0130LEK\u00c7E"}]},{"@type":"WebSite","@id":"https:\/\/www.myvize.com.tr\/pakistan\/#website","url":"https:\/\/www.myvize.com.tr\/pakistan\/","name":"Pakistan Vizesi","description":"","potentialAction":[{"@type":"SearchAction","target":{"@type":"EntryPoint","urlTemplate":"https:\/\/www.myvize.com.tr\/pakistan\/?s={search_term_string}"},"query-input":{"@type":"PropertyValueSpecification","valueRequired":true,"valueName":"search_term_string"}}],"inLanguage":"tr"}]}},"_links":{"self":[{"href":"https:\/\/www.myvize.com.tr\/pakistan\/wp-json\/wp\/v2\/pages\/167","targetHints":{"allow":["GET"]}}],"collection":[{"href":"https:\/\/www.myvize.com.tr\/pakistan\/wp-json\/wp\/v2\/pages"}],"about":[{"href":"https:\/\/www.myvize.com.tr\/pakistan\/wp-json\/wp\/v2\/types\/page"}],"author":[{"embeddable":true,"href":"https:\/\/www.myvize.com.tr\/pakistan\/wp-json\/wp\/v2\/users\/1"}],"replies":[{"embeddable":true,"href":"https:\/\/www.myvize.com.tr\/pakistan\/wp-json\/wp\/v2\/comments?post=167"}],"version-history":[{"count":5,"href":"https:\/\/www.myvize.com.tr\/pakistan\/wp-json\/wp\/v2\/pages\/167\/revisions"}],"predecessor-version":[{"id":693,"href":"https:\/\/www.myvize.com.tr\/pakistan\/wp-json\/wp\/v2\/pages\/167\/revisions\/693"}],"wp:attachment":[{"href":"https:\/\/www.myvize.com.tr\/pakistan\/wp-json\/wp\/v2\/media?parent=167"}],"curies":[{"name":"wp","href":"https:\/\/api.w.org\/{rel}","templated":true}]}}