{"id":170,"date":"2021-06-17T12:00:22","date_gmt":"2021-06-17T09:00:22","guid":{"rendered":"https:\/\/www.myvize.com.tr\/pakistan\/?page_id=170"},"modified":"2022-04-30T15:06:52","modified_gmt":"2022-04-30T12:06:52","slug":"duyurular","status":"publish","type":"page","link":"https:\/\/www.myvize.com.tr\/pakistan\/duyurular\/","title":{"rendered":"DUYURULAR"},"content":{"rendered":"<p><span style=\"font-family: Roboto;\"><\/span><\/p>\r\n<h2><span style=\"font-family: Roboto; font-size: 27px;\"><strong>Pakistan Covid19 Sonras\u0131 Vize S\u00fcreci<\/strong><\/span><\/h2>\r\n<p><span style=\"font-family: Roboto; font-size: 14px;\">\r\n\r\n<\/span><\/p>\r\n<p><span style=\"font-family: Roboto; font-size: 14px;\">D\u00fcnya\u2019n\u0131n bir\u00e7ok yerinde <strong>Covid19 dolay\u0131s<\/strong>\u0131 ile k\u0131s\u0131tlamalar olu\u015fturmu\u015ftu. Bu k\u0131s\u0131tlamalar, vize ba\u015fvurular\u0131n\u0131n da ertelenmesine yol a\u00e7m\u0131\u015ft\u0131r. K\u0131s\u0131tlamalar\u0131n kalkmas\u0131 ile vize i\u015flemleri tekrardan y\u00fcr\u00fcrl\u00fck kazanm\u0131\u015ft\u0131r.\u00a0<strong>Pakistan Covid19 Sonras\u0131 Vize S\u00fcreci,\u00a0<\/strong>kurallar dahilinde s\u00fcrd\u00fcr\u00fclmektedir.\u00a0 \u00dclkede halen karantina uygulanmakta olsa da vize \u00e7\u0131k\u0131\u015f\u0131na onay verilmektedir.\u00a0 Ancak Pakistan \u00fclkesine giri\u015f yapabilmek i\u00e7in \u015fartlara uygun olmak gerekmektedir. \u00d6zellikle <strong>Pakistan ziyareti <\/strong>\u00f6ncesinde C kategorisinden bir \u00fclke ziyaret edilmi\u015fse ne yaz\u0131k ki Pakistan\u2019a girmek olanaks\u0131zd\u0131r.<strong> Pakistan vatanda\u015f\u0131<\/strong> dahi olsa bu \u00fclkelere giri\u015f \u00e7\u0131k\u0131\u015f yapmas\u0131 halinde \u00fclkesine giri\u015fi sa\u011flanamaz. <strong>Pakistan risk ta\u015f\u0131y\u0131c\u0131 fakt\u00f6rlerin<\/strong> \u00f6n\u00fcne ge\u00e7mek i\u00e7in kat\u0131 kurallar\u0131 ile \u00fclke sa\u011fl\u0131\u011f\u0131n\u0131 kontrol alt\u0131nda tutmaktad\u0131r.<\/span><\/p>\r\n<p><span style=\"font-family: Roboto; font-size: 14px;\">\r\n\r\n<\/span><\/p>\r\n<p><span style=\"font-family: Roboto; font-size: 14px;\"><strong>\u00a0Pakistan Covid19 Sonras\u0131 Vize S\u00fcreci\u00a0<\/strong>\u00e7\u0131k\u0131\u015f niteli\u011fine g\u00f6re farkl\u0131l\u0131k g\u00f6stermektedir. Vize alan vatanda\u015flar\u0131n yetmi\u015f iki saat \u00f6ncesinden yap\u0131lan <strong>PCR testi<\/strong> ile kendi \u00fclkesinden \u00e7\u0131k\u0131\u015f yapmas\u0131 gerekir. Bununla birlikte Pakistan\u2019a inen yolcular mutlaka tekrar test k\u00fclt\u00fcr\u00fc verecekleri gibi kendilerini on g\u00fcn boyunca karantina alt\u0131na almalar\u0131 \u015fartt\u0131r. Negatif \u00e7\u0131kan yolcular kendi sa\u011fl\u0131k masraflar\u0131n\u0131 \u00f6deyerek, \u00f6zel sa\u011fl\u0131k merkezlerinde yat\u0131\u015f\u0131 sa\u011flanacakt\u0131r. Vize i\u015flemlerinin i\u015fleyi\u015fi kurallara uyuldu\u011fu takdirde devaml\u0131l\u0131\u011f\u0131 sa\u011flanmaktad\u0131r.<\/span><\/p>\r\n<h2><span style=\"font-family: Roboto; font-size: 27px;\"><strong>Pakistan Konsoloslu\u011fu Duyurular\u0131<\/strong><\/span><\/h2>\r\n<p><span style=\"font-family: Roboto; font-size: 14px;\"><strong>Pakistan Konsoloslu\u011fu<\/strong>, Pakistan\u2019a gidecek olan vatanda\u015flar\u0131n vize i\u015flemlerinin yap\u0131lmas\u0131n\u0131 sa\u011flayan bir kurumdur. <span style=\"color: #2acec2;\"><strong><a style=\"color: #2acec2;\" href=\"https:\/\/www.myvize.com.tr\/pakistan\/vize-islemleri\/\" target=\"_blank\" rel=\"noopener\">Vize i\u015flemleri<\/a><\/strong><\/span> ya da farkl\u0131 konularla alakal\u0131 olarak zaman zaman duyurular olabilir.\u00a0<strong>Pakistan Konsoloslu\u011fu Duyurular\u0131\u00a0<\/strong>vize ile ilgili vatanda\u015flar\u0131n bilgilenmesine yard\u0131mc\u0131 olur. Duyurular kapsam\u0131nda Konsoloslu\u011fun \u00e7al\u0131\u015fma saatleri, resmi tatil ya da kapal\u0131 oldu\u011fu zamanlarda vard\u0131r. Vize i\u015flemlerini yapacak olanlar\u0131n buna g\u00f6re yapmas\u0131 gerekir.<\/span><\/p>\r\n<p><span style=\"font-family: Roboto; font-size: 14px;\">Konsolosluk arac\u0131l\u0131\u011f\u0131yla pasaport alma i\u015flemleri de yap\u0131l\u0131r. Pasaport alacak olanlar\u0131n Konsolosluklar\u0131n belirleyece\u011fi saatlere g\u00f6re hareket etmesi gerekir. <span style=\"color: #2acec2;\"><strong><a style=\"color: #2acec2;\" href=\"https:\/\/www.myvize.com.tr\/pakistan\/vize-islemleri\/pakistan-ticari-vize\/\" target=\"_blank\" rel=\"noopener\">Pakistan Ticari vize<\/a><\/strong><\/span>, aile ziyareti vizesi gibi vize i\u015flemleriyle ilgili bilgi sahibi olmayanlar dan\u0131\u015fmanl\u0131k hizmetleri veren yerlerden konu hakk\u0131nda yard\u0131m alabilirler. Bu sayede vizelerle alakal\u0131 yap\u0131labilecek i\u015flemlerde kolayca takip edilebilir.<\/span><\/p>\r\n<p><span style=\"font-family: Roboto; font-size: 14px;\"><strong>Vize ba\u015fvurular\u0131<\/strong>, vize \u00e7\u0131k\u0131\u015f s\u00fcreleri, vize \u00fccretleri duyurular alan\u0131ndan s\u0131k s\u0131k belirtilir. Bu sayede <strong>vize ba\u015fvurusu<\/strong> yapacak olanlar konuya daha h\u00e2kim bir \u015fekilde hareket edebilirler. B\u00f6ylece ev ya da ofisten vize ba\u015fvurular\u0131 kolayca ger\u00e7ekle\u015ftirilebilir. Sonras\u0131nda ise vizenin sonu\u00e7lanmas\u0131 i\u00e7in beklemek gerekir. Konsolosluk duyurular\u0131n\u0131 takip edenler, i\u015flerini daha kolay bir \u015fekilde y\u00fcr\u00fctebilirler.<\/span><\/p>\r\n<p><span style=\"font-family: Roboto;\"><\/span><\/p>","protected":false},"excerpt":{"rendered":"<p>Pakistan Covid19 Sonras\u0131 Vize S\u00fcreci D\u00fcnya\u2019n\u0131n bir\u00e7ok yerinde Covid19 dolay\u0131s\u0131 ile k\u0131s\u0131tlamalar olu\u015fturmu\u015ftu. Bu k\u0131s\u0131tlamalar, vize ba\u015fvurular\u0131n\u0131n da ertelenmesine yol a\u00e7m\u0131\u015ft\u0131r. K\u0131s\u0131tlamalar\u0131n kalkmas\u0131 ile vize i\u015flemleri tekrardan y\u00fcr\u00fcrl\u00fck kazanm\u0131\u015ft\u0131r.\u00a0Pakistan Covid19 Sonras\u0131 Vize S\u00fcreci,\u00a0kurallar dahilinde s\u00fcrd\u00fcr\u00fclmektedir.\u00a0 \u00dclkede halen karantina uygulanmakta olsa da vize \u00e7\u0131k\u0131\u015f\u0131na onay verilmektedir.\u00a0 Ancak Pakistan \u00fclkesine giri\u015f yapabilmek i\u00e7in \u015fartlara uygun olmak gerekmektedir.<\/p>\n","protected":false},"author":1,"featured_media":0,"parent":0,"menu_order":0,"comment_status":"closed","ping_status":"closed","template":"","meta":{"footnotes":""},"class_list":["post-170","page","type-page","status-publish","hentry"],"yoast_head":"<!-- This site is optimized with the Yoast SEO plugin v24.0 - https:\/\/yoast.com\/wordpress\/plugins\/seo\/ -->\n<title>Pakistan Konsoloslu\u011fu Duyurular\u0131 Hakk\u0131nda - MyVize<\/title>\n<meta name=\"description\" content=\"Pakistan vizesi duyurular\u0131 hakk\u0131nda g\u00fcncel haberler i\u00e7in ileti\u015fime ge\u00e7in. Pakistan vizesi COVID-19 duyurular\u0131.\" \/>\n<meta name=\"robots\" content=\"index, follow, max-snippet:-1, max-image-preview:large, max-video-preview:-1\" \/>\n<link rel=\"canonical\" href=\"https:\/\/www.myvize.com.tr\/pakistan\/duyurular\/\" \/>\n<meta property=\"og:locale\" content=\"tr_TR\" \/>\n<meta property=\"og:type\" content=\"article\" \/>\n<meta property=\"og:title\" content=\"Pakistan Konsoloslu\u011fu Duyurular\u0131 Hakk\u0131nda - MyVize\" \/>\n<meta property=\"og:description\" content=\"Pakistan vizesi duyurular\u0131 hakk\u0131nda g\u00fcncel haberler i\u00e7in ileti\u015fime ge\u00e7in. Pakistan vizesi COVID-19 duyurular\u0131.\" \/>\n<meta property=\"og:url\" content=\"https:\/\/www.myvize.com.tr\/pakistan\/duyurular\/\" \/>\n<meta property=\"og:site_name\" content=\"Pakistan Vizesi\" \/>\n<meta property=\"article:modified_time\" content=\"2022-04-30T12:06:52+00:00\" \/>\n<meta name=\"twitter:card\" content=\"summary_large_image\" \/>\n<meta name=\"twitter:label1\" content=\"Tahmini okuma s\u00fcresi\" \/>\n\t<meta name=\"twitter:data1\" content=\"2 dakika\" \/>\n<script type=\"application\/ld+json\" class=\"yoast-schema-graph\">{\"@context\":\"https:\/\/schema.org\",\"@graph\":[{\"@type\":\"WebPage\",\"@id\":\"https:\/\/www.myvize.com.tr\/pakistan\/duyurular\/\",\"url\":\"https:\/\/www.myvize.com.tr\/pakistan\/duyurular\/\",\"name\":\"Pakistan Konsoloslu\u011fu Duyurular\u0131 Hakk\u0131nda - MyVize\",\"isPartOf\":{\"@id\":\"https:\/\/www.myvize.com.tr\/pakistan\/#website\"},\"datePublished\":\"2021-06-17T09:00:22+00:00\",\"dateModified\":\"2022-04-30T12:06:52+00:00\",\"description\":\"Pakistan vizesi duyurular\u0131 hakk\u0131nda g\u00fcncel haberler i\u00e7in ileti\u015fime ge\u00e7in. Pakistan vizesi COVID-19 duyurular\u0131.\",\"breadcrumb\":{\"@id\":\"https:\/\/www.myvize.com.tr\/pakistan\/duyurular\/#breadcrumb\"},\"inLanguage\":\"tr\",\"potentialAction\":[{\"@type\":\"ReadAction\",\"target\":[\"https:\/\/www.myvize.com.tr\/pakistan\/duyurular\/\"]}]},{\"@type\":\"BreadcrumbList\",\"@id\":\"https:\/\/www.myvize.com.tr\/pakistan\/duyurular\/#breadcrumb\",\"itemListElement\":[{\"@type\":\"ListItem\",\"position\":1,\"name\":\"Anasayfa\",\"item\":\"https:\/\/www.myvize.com.tr\/pakistan\/\"},{\"@type\":\"ListItem\",\"position\":2,\"name\":\"DUYURULAR\"}]},{\"@type\":\"WebSite\",\"@id\":\"https:\/\/www.myvize.com.tr\/pakistan\/#website\",\"url\":\"https:\/\/www.myvize.com.tr\/pakistan\/\",\"name\":\"Pakistan Vizesi\",\"description\":\"\",\"potentialAction\":[{\"@type\":\"SearchAction\",\"target\":{\"@type\":\"EntryPoint\",\"urlTemplate\":\"https:\/\/www.myvize.com.tr\/pakistan\/?s={search_term_string}\"},\"query-input\":{\"@type\":\"PropertyValueSpecification\",\"valueRequired\":true,\"valueName\":\"search_term_string\"}}],\"inLanguage\":\"tr\"}]}<\/script>\n<!-- \/ Yoast SEO plugin. -->","yoast_head_json":{"title":"Pakistan Konsoloslu\u011fu Duyurular\u0131 Hakk\u0131nda - MyVize","description":"Pakistan vizesi duyurular\u0131 hakk\u0131nda g\u00fcncel haberler i\u00e7in ileti\u015fime ge\u00e7in. Pakistan vizesi COVID-19 duyurular\u0131.","robots":{"index":"index","follow":"follow","max-snippet":"max-snippet:-1","max-image-preview":"max-image-preview:large","max-video-preview":"max-video-preview:-1"},"canonical":"https:\/\/www.myvize.com.tr\/pakistan\/duyurular\/","og_locale":"tr_TR","og_type":"article","og_title":"Pakistan Konsoloslu\u011fu Duyurular\u0131 Hakk\u0131nda - MyVize","og_description":"Pakistan vizesi duyurular\u0131 hakk\u0131nda g\u00fcncel haberler i\u00e7in ileti\u015fime ge\u00e7in. Pakistan vizesi COVID-19 duyurular\u0131.","og_url":"https:\/\/www.myvize.com.tr\/pakistan\/duyurular\/","og_site_name":"Pakistan Vizesi","article_modified_time":"2022-04-30T12:06:52+00:00","twitter_card":"summary_large_image","twitter_misc":{"Tahmini okuma s\u00fcresi":"2 dakika"},"schema":{"@context":"https:\/\/schema.org","@graph":[{"@type":"WebPage","@id":"https:\/\/www.myvize.com.tr\/pakistan\/duyurular\/","url":"https:\/\/www.myvize.com.tr\/pakistan\/duyurular\/","name":"Pakistan Konsoloslu\u011fu Duyurular\u0131 Hakk\u0131nda - MyVize","isPartOf":{"@id":"https:\/\/www.myvize.com.tr\/pakistan\/#website"},"datePublished":"2021-06-17T09:00:22+00:00","dateModified":"2022-04-30T12:06:52+00:00","description":"Pakistan vizesi duyurular\u0131 hakk\u0131nda g\u00fcncel haberler i\u00e7in ileti\u015fime ge\u00e7in. Pakistan vizesi COVID-19 duyurular\u0131.","breadcrumb":{"@id":"https:\/\/www.myvize.com.tr\/pakistan\/duyurular\/#breadcrumb"},"inLanguage":"tr","potentialAction":[{"@type":"ReadAction","target":["https:\/\/www.myvize.com.tr\/pakistan\/duyurular\/"]}]},{"@type":"BreadcrumbList","@id":"https:\/\/www.myvize.com.tr\/pakistan\/duyurular\/#breadcrumb","itemListElement":[{"@type":"ListItem","position":1,"name":"Anasayfa","item":"https:\/\/www.myvize.com.tr\/pakistan\/"},{"@type":"ListItem","position":2,"name":"DUYURULAR"}]},{"@type":"WebSite","@id":"https:\/\/www.myvize.com.tr\/pakistan\/#website","url":"https:\/\/www.myvize.com.tr\/pakistan\/","name":"Pakistan Vizesi","description":"","potentialAction":[{"@type":"SearchAction","target":{"@type":"EntryPoint","urlTemplate":"https:\/\/www.myvize.com.tr\/pakistan\/?s={search_term_string}"},"query-input":{"@type":"PropertyValueSpecification","valueRequired":true,"valueName":"search_term_string"}}],"inLanguage":"tr"}]}},"_links":{"self":[{"href":"https:\/\/www.myvize.com.tr\/pakistan\/wp-json\/wp\/v2\/pages\/170","targetHints":{"allow":["GET"]}}],"collection":[{"href":"https:\/\/www.myvize.com.tr\/pakistan\/wp-json\/wp\/v2\/pages"}],"about":[{"href":"https:\/\/www.myvize.com.tr\/pakistan\/wp-json\/wp\/v2\/types\/page"}],"author":[{"embeddable":true,"href":"https:\/\/www.myvize.com.tr\/pakistan\/wp-json\/wp\/v2\/users\/1"}],"replies":[{"embeddable":true,"href":"https:\/\/www.myvize.com.tr\/pakistan\/wp-json\/wp\/v2\/comments?post=170"}],"version-history":[{"count":5,"href":"https:\/\/www.myvize.com.tr\/pakistan\/wp-json\/wp\/v2\/pages\/170\/revisions"}],"predecessor-version":[{"id":660,"href":"https:\/\/www.myvize.com.tr\/pakistan\/wp-json\/wp\/v2\/pages\/170\/revisions\/660"}],"wp:attachment":[{"href":"https:\/\/www.myvize.com.tr\/pakistan\/wp-json\/wp\/v2\/media?parent=170"}],"curies":[{"name":"wp","href":"https:\/\/api.w.org\/{rel}","templated":true}]}}