{"id":18,"date":"2020-11-30T08:50:13","date_gmt":"2020-11-30T05:50:13","guid":{"rendered":"https:\/\/www.myvize.com.tr\/pakistan\/?page_id=18"},"modified":"2022-04-30T12:24:59","modified_gmt":"2022-04-30T09:24:59","slug":"vize-islemleri","status":"publish","type":"page","link":"https:\/\/www.myvize.com.tr\/pakistan\/vize-islemleri\/","title":{"rendered":"V\u0130ZE \u0130\u015eLEMLER\u0130"},"content":{"rendered":"<p><span style=\"font-family: Roboto;\"><\/span><\/p>\r\n<h2><span style=\"font-family: Roboto; font-size: 27px;\"><strong>Pakistan Vizesi Nas\u0131l Al\u0131n\u0131r?<\/strong><\/span><\/h2>\r\n<p><span style=\"font-family: Roboto; font-size: 14px;\">\r\n\r\n<\/span><\/p>\r\n<p><span style=\"font-family: Roboto; font-size: 14px;\">Pakistan \u0130slam Cumhuriyeti\u2019ne seyahat etmeyi d\u00fc\u015f\u00fcnen T\u00fcrkiye Cumhuriyeti vatanda\u015flar\u0131n\u0131n umumi yani bordo pasaporta sahip ise <strong>vize ba\u015fvurusu<\/strong> yapma zorunlulu\u011fu bulunmaktad\u0131r. Hizmet (Gri), Diplomatik (Siyah) ve Hususi (Ye\u015fil) pasaport sahibi olan T\u00fcrk vatanda\u015flar\u0131 ise bir y\u0131l i\u00e7inde 90 g\u00fcn\u00fc ge\u00e7memi\u015f seyahat planlamalar\u0131na dair ayr\u0131 bir \u015fekilde vize almalar\u0131na gerek bulunmamaktad\u0131r. Ancak bu muafiyetlik durumu Pakistan seyahatinin ard\u0131ndan pasaportlardaki ge\u00e7erlilik s\u00fcreleri en az alt\u0131 ay olan siyah, gri ve ye\u015fil pasaport sahipleri T.C. vatanda\u015flar\u0131 a\u00e7\u0131s\u0131ndan ge\u00e7erli bir durumdur. Pakistan vize t\u00fcrleri nedenlerine g\u00f6re farkl\u0131 kategorilerde de\u011ferlendirilmektedir.<strong> Pakistan Konsoloslu\u011fu<\/strong> <span style=\"color: #2acec2;\"><strong><a style=\"color: #2acec2;\" href=\"https:\/\/www.myvize.com.tr\/pakistan\/vize-islemleri\/\" target=\"_blank\" rel=\"noopener\">vize i\u015flemleri<\/a><\/strong><\/span> bak\u0131m\u0131ndan herhangi bir dan\u0131\u015fmanl\u0131k hizmeti vermemektedir. Ek olacak \u015fekilde Pakistan \u0130slam Cumhuriyeti, T.C. vatanda\u015flar\u0131na \u00f6zel kap\u0131da vize uygulamas\u0131 hizmeti sa\u011flamaktad\u0131r.<\/span><\/p>\r\n<p><span style=\"font-family: Roboto; font-size: 14px;\">\r\n\r\n<\/span><\/p>\r\n<h2><span style=\"font-family: Roboto; font-size: 27px;\"><strong>Pakistan Vize Ba\u015fvurusu Nas\u0131l Yap\u0131l\u0131r?<\/strong><\/span><\/h2>\r\n<p><span style=\"font-family: Roboto; font-size: 14px;\">\r\n\r\n<\/span><\/p>\r\n<p><span style=\"font-family: Roboto; font-size: 14px;\"><strong>T\u00fcrkiye Cumhuriyeti vatanda\u015f\u0131<\/strong> olanlar Pakistan \u0130slam Cumhuriyetine seyahat etmeyi d\u00fc\u015f\u00fcn\u00fcyor ise direkt bir \u015fekilde Ankara\u2019da yer alan <strong>Pakistan B\u00fcy\u00fckel\u00e7ili\u011fi<\/strong> ve ya \u0130stanbul\u2019da bulunan Pakistan Ba\u015fkonsoloslu\u011fu\u2019na talep edilen evraklar ile beraber vize i\u015flemlerini yapt\u0131rmak \u00fczere ba\u015fvuruda bulunabilir. Zorunlu olmasa da \u00fclkeye ziyaret yap\u0131laca\u011f\u0131 s\u0131rada Hepatit- A ve Tifo a\u015f\u0131lar\u0131n\u0131n da yapt\u0131r\u0131lmas\u0131 T.C. Sa\u011fl\u0131k Bakanl\u0131\u011f\u0131\u2019nca \u00f6nerilmektedir.<\/span><\/p>\r\n<p><span style=\"font-family: Roboto; font-size: 14px;\"> <img decoding=\"async\" src=\"https:\/\/www.myvize.com.tr\/pakistan\/wp-content\/uploads\/2021\/10\/2.jpg\" \/> <\/span><\/p>\r\n<h2><span style=\"font-family: Roboto; font-size: 27px;\"><strong>Pakistan Vize Ba\u015fvurusu i\u00e7in Gerekli Evraklar<\/strong><\/span><\/h2>\r\n<p><span style=\"font-family: Roboto; font-size: 14px;\">\r\n\r\n<\/span><\/p>\r\n<p><span style=\"font-family: Roboto; font-size: 14px;\">l \u00a0<\/span><span style=\"font-family: Roboto; font-size: 14px;\">En g\u00fcncel halinizin yans\u0131t\u0131ld\u0131\u011f\u0131 ve en fazla 6 ay \u00f6ncesinde \u00e7ekilmi\u015f 2 adet biometrik konumda arkas\u0131 beyaz ve desensiz olacak \u015fekilde 35 mm geni\u015fli\u011finde ve 45 mm y\u00fcksekli\u011fine sahip foto\u011fraf olmal\u0131d\u0131r.<\/span><\/p>\r\n<p><span style=\"font-family: Roboto; font-size: 14px;\">\r\n\r\n<\/span><\/p>\r\n<p><span style=\"font-family: Roboto; font-size: 14px;\">\r\n\r\n<\/span><\/p>\r\n<p><span style=\"font-family: Roboto; font-size: 14px;\">l \u00a0<\/span><span style=\"font-family: Roboto; font-size: 14px;\"><strong>Vize ba\u015fvurusu<\/strong> i\u00e7in kullan\u0131lacak pasaport en ge\u00e7 10 y\u0131l i\u00e7erisinde al\u0131nmas\u0131 gerekmektedir. Ayn\u0131 zamanda 6 ay ge\u00e7erlili\u011fe sahip olmas\u0131, vize onay yap\u0131labilmesi i\u00e7inde pasaport i\u00e7erisine en az kar\u015f\u0131l\u0131kl\u0131 iki adet bo\u015f sayfan\u0131n zorunlulu\u011fu vard\u0131r.<\/span><\/p>\r\n<p><span style=\"font-family: Roboto; font-size: 14px;\">\r\n\r\n<\/span><\/p>\r\n<p><span style=\"font-family: Roboto; font-size: 14px;\">\r\n\r\n<\/span><\/p>\r\n<p><span style=\"font-family: Roboto; font-size: 14px;\">l \u00a0<\/span><span style=\"font-family: Roboto; font-size: 14px;\">Aile birle\u015fimi, ticari a\u00e7\u0131dan vize ile \u00e7al\u0131\u015fma ve gazeteci vizesi al\u0131nacak ise davet mektubu haz\u0131rlanmas\u0131 gerekir. Davet mektubu i\u00e7erisinde ise davet eden ki\u015fiye ait kimlik bilgilerine ait verilerde yer almal\u0131d\u0131r.<\/span><\/p>\r\n<p><span style=\"font-family: Roboto; font-size: 14px;\">\r\n\r\n<\/span><\/p>\r\n<p><span style=\"font-family: Roboto; font-size: 14px;\">\r\n\r\n<\/span><\/p>\r\n<p><span style=\"font-family: Roboto; font-size: 14px;\">l \u00a0<\/span><span style=\"font-family: Roboto; font-size: 14px;\">T\u00fcrkiye Cumhuriyeti vatanda\u015f\u0131 taraf\u0131ndan sahip olan i\u015f seyahatinin finanse edilmesini sa\u011flayacak kadar bakiye g\u00f6steren banka hesap d\u00f6k\u00fcm\u00fc al\u0131nmal\u0131d\u0131r.<\/span><\/p>\r\n<p><span style=\"font-family: Roboto; font-size: 14px;\">\r\n\r\n<\/span><\/p>\r\n<p><span style=\"font-family: Roboto; font-size: 14px;\">\r\n\r\n<\/span><\/p>\r\n<p><span style=\"font-family: Roboto; font-size: 14px;\">l \u00a0<\/span><span style=\"font-family: Roboto; font-size: 14px;\">Ticari ve <strong>\u00e7al\u0131\u015fma vizesi<\/strong> al\u0131nacak ise onayl\u0131 bir \u015fekilde i\u015f yeri belgeleri al\u0131nmal\u0131d\u0131r.<\/span><\/p>\r\n<p><span style=\"font-family: Roboto; font-size: 14px;\">\r\n\r\n<\/span><\/p>\r\n<p><span style=\"font-family: Roboto; font-size: 14px;\">\r\n\r\n<\/span><\/p>\r\n<p><span style=\"font-family: Roboto; font-size: 14px;\">T\u00fcm bu evraklar\u0131n teslimat\u0131ndan sonra 7 i\u015f g\u00fcn\u00fc i\u00e7erisinde gerekli vize i\u015flemlerine dair cevap verilmektedir.<\/span><\/p>\r\n<h2><span style=\"font-family: Roboto; font-size: 27px;\"><strong>Pakistan Vize \u0130\u015flemleri Nas\u0131l Yap\u0131l\u0131r?<\/strong><\/span><\/h2>\r\n<p><span style=\"font-family: Roboto; font-size: 14px;\"><strong>Pakistan vize<\/strong>, Pakistan seyahatinde bulunan T\u00fcrkiye Cumhuriyeti vatanda\u015f\u0131 i\u00e7in zorunlu olan uygulamad\u0131r. \u0130ki \u00fclke aras\u0131nda yap\u0131lan anla\u015fma neticesinde Pakistan vizesi muafiyeti 2 \u00fclke resmi pasaport sahibini kapsarken, T\u00fcrkiye Cumhuriyeti vatanda\u015flar\u0131 ye\u015fil pasaport, gri pasaport ile k\u0131rm\u0131z\u0131 pasaport ba\u015fvuru sahibi Pakistan vizesi i\u015flemine bulunmas\u0131 gerekmemektedir.<\/span><br \/><span style=\"font-family: Roboto; font-size: 14px;\"><strong>Pakistan Ba\u015fkonsolosluklar\u0131<\/strong> ve Pakistan Konsoloslu\u011fu <strong>Pakistan vize ba\u015fvuru<\/strong> i\u015flemi i\u00e7in Konsolosluk randevu al\u0131m\u0131 zorunlu bulunmamaktad\u0131r. Pakistan Ba\u015fkonsolosluklar\u0131 baz\u0131 d\u00f6nem <span style=\"color: #2acec2;\"><strong><a style=\"color: #2acec2;\" href=\"https:\/\/www.myvize.com.tr\/pakistan\/vize-islemleri\/pakistan-turistik-vize\/\" target=\"_blank\" rel=\"noopener\">Pakistan turistik vize<\/a><\/strong><\/span> ba\u015fvurusu ise kabul etmemektedir. <strong>Pakistan turist vizesi<\/strong> i\u015fleminde bulunacak T\u00fcrkiye Cumhuriyeti vatanda\u015f\u0131 Pakistan Konsoloslu\u011fuyla ileti\u015fim kurarak s\u00f6z konusu durumu hakk\u0131nda g\u00fcvenilir bilgilere ula\u015fabilir.<\/span><br \/><span style=\"font-family: Roboto; font-size: 14px;\"><span style=\"color: #2acec2;\"><strong><a style=\"color: #2acec2;\" href=\"https:\/\/www.myvize.com.tr\/pakistan\/vize-islemleri\/pakistan-ticari-vize\/\" target=\"_blank\" rel=\"noopener\">Pakistan ticari vize<\/a><\/strong><\/span> i\u015fleminde bulunacak T\u00fcrkiye Cumhuriyeti vatanda\u015f\u0131 i\u00e7in zorunlu bir di\u011fer uygulamaysa Pakistan&#8217;dan gelen davetiye yaz\u0131s\u0131n\u0131n Pakistan ticaret odas\u0131 onay\u0131nda ge\u00e7mesi gereklidir. Pakistan Ticaret odas\u0131 onay\u0131n\u0131 bulunmayan davetiye yaz\u0131s\u0131yla yap\u0131lan Pakistan ticari vizesi ba\u015fvurusu kabul edilmeyecektir.<\/span><br \/><span style=\"font-family: Roboto; font-size: 14px;\"><strong>Pakistan ziyaret vizesi<\/strong> i\u015flemi i\u00e7in zorunlu olan uygulamaysa Pakistan&#8217;a g\u00f6nderilen davetiye yaz\u0131s\u0131 Pakistan noter onay\u0131 olmas\u0131n\u0131n gereklilidir.<\/span><br \/><span style=\"font-family: Roboto; font-size: 14px;\">Pakistan Ba\u015fkonsolosluklar\u0131 yapm\u0131\u015f olan Pakistan vizesi ba\u015fvuru i\u015flemini maksimum 5 i\u015f g\u00fcn\u00fc i\u00e7inde neticelendirirken Pakistan Ba\u015fkonsoloslu\u011fu vermi\u015f oldu\u011fu vize 3 ayl\u0131k olup 1 ay ikametli olacakt\u0131r.<\/span><\/p>\r\n<p><img decoding=\"async\" src=\"https:\/\/www.myvize.com.tr\/pakistan\/wp-content\/uploads\/2021\/10\/4.jpg\" \/><\/p>\r\n<h3><span style=\"font-family: Roboto; font-size: 24px;\"><strong>Pakistan Vize \u0130\u015flemleri Hakk\u0131nda Bilgi<\/strong><\/span><\/h3>\r\n<p><span style=\"font-family: Roboto; font-size: 14px;\">Pakistan seyahati yapacak olanlar i\u00e7in\u00a0<strong>Pakistan vize i\u015flemleri<\/strong>\u00a0zorunlu bir uygulamad\u0131r. Bu uygulama esnas\u0131nda yap\u0131lacak olan seyahatin amac\u0131na uygun olarak vize al\u0131nmas\u0131 gerekir. Farkl\u0131 vizelerle i\u015flem yapmaya \u00e7al\u0131\u015fan ki\u015filer bu durumdan dolay\u0131 ceza alabilirler. Dolay\u0131s\u0131yla do\u011fru olan vize t\u00fcr\u00fcn\u00fcn al\u0131nmas\u0131 son derece \u00f6nemli bir konudur. Aksi takdirde ortaya \u00e7\u0131kacak sorunlarla ilgilenmek gerekebilir.<\/span><\/p>\r\n<p><span style=\"font-family: Roboto; font-size: 14px;\">Diplomatik, hizmet ya da hususi pasaportu olanlar 90 g\u00fcnden az olan seyahatleri i\u00e7in, vize almak zorunda de\u011fillerdir. Fakat bu g\u00fcnlerin \u00fczerindeki seyahatler i\u00e7in mutlaka vize al\u0131nmas\u0131 gerekir.<\/span><\/p>\r\n<p><span style=\"font-family: Roboto; font-size: 14px;\"><strong>Vize i\u015flemlerini<\/strong> yapacak olanlar\u0131n ilk olarak hangi t\u00fcr vizeye ihtiya\u00e7 duyduklar\u0131n\u0131 belirlemesi gerekir. Sonras\u0131nda amac\u0131na uygun olan vizenin ba\u015fvurusu yap\u0131labilir. B\u00f6ylelikle vize almak i\u00e7in hak sahibi olunabilir. <strong>Vizenin olumlu<\/strong> yan\u0131tlanabilmesi i\u00e7in vizenin t\u00fcr\u00fc kadar, belgelerin eksiksiz olmas\u0131 da \u00e7ok \u00f6nemlidir. Belgeleri eksik olan ki\u015filerin vizeleri olumsuz olarak geri d\u00f6nebilir. Bu da seyahate \u00e7\u0131k\u0131lmak i\u00e7in planlanan s\u00fcrenin uzamas\u0131na neden olabilir. Bunun i\u00e7in dikkatli olunmal\u0131 ve belgeler en do\u011fru \u015fekilde haz\u0131rlanmal\u0131d\u0131r. Konuyla alakal\u0131 gerekli konuya hakim olmayanlar bu konuda uzman olan ki\u015filerden yard\u0131m alabilirler.<\/span><\/p>\r\n<p><span style=\"font-family: Roboto;\"><\/span><\/p>","protected":false},"excerpt":{"rendered":"<p>Pakistan Vizesi Nas\u0131l Al\u0131n\u0131r? Pakistan \u0130slam Cumhuriyeti\u2019ne seyahat etmeyi d\u00fc\u015f\u00fcnen T\u00fcrkiye Cumhuriyeti vatanda\u015flar\u0131n\u0131n umumi yani bordo pasaporta sahip ise vize ba\u015fvurusu yapma zorunlulu\u011fu bulunmaktad\u0131r. Hizmet (Gri), Diplomatik (Siyah) ve Hususi (Ye\u015fil) pasaport sahibi olan T\u00fcrk vatanda\u015flar\u0131 ise bir y\u0131l i\u00e7inde 90 g\u00fcn\u00fc ge\u00e7memi\u015f seyahat planlamalar\u0131na dair ayr\u0131 bir \u015fekilde vize almalar\u0131na gerek bulunmamaktad\u0131r. Ancak bu<\/p>\n","protected":false},"author":1,"featured_media":0,"parent":0,"menu_order":0,"comment_status":"open","ping_status":"closed","template":"","meta":{"footnotes":""},"class_list":["post-18","page","type-page","status-publish","hentry"],"yoast_head":"<!-- This site is optimized with the Yoast SEO plugin v24.0 - https:\/\/yoast.com\/wordpress\/plugins\/seo\/ -->\n<title>Pakistan Vize i\u015flemleri - Pakistan Vize Randevusu - MyVize<\/title>\n<meta name=\"description\" content=\"Pakistan vize i\u015flemleri gerekli evraklar g\u00fcncel. Pakistan vize i\u015flemleri randevu al\u0131m\u0131 ve i\u015flem s\u00fcreci g\u00f6rsel anlat\u0131m.\" \/>\n<meta name=\"robots\" content=\"index, follow, max-snippet:-1, max-image-preview:large, max-video-preview:-1\" \/>\n<link rel=\"canonical\" href=\"https:\/\/www.myvize.com.tr\/pakistan\/vize-islemleri\/\" \/>\n<meta property=\"og:locale\" content=\"tr_TR\" \/>\n<meta property=\"og:type\" content=\"article\" \/>\n<meta property=\"og:title\" content=\"Pakistan Vize i\u015flemleri - Pakistan Vize Randevusu - MyVize\" \/>\n<meta property=\"og:description\" content=\"Pakistan vize i\u015flemleri gerekli evraklar g\u00fcncel. Pakistan vize i\u015flemleri randevu al\u0131m\u0131 ve i\u015flem s\u00fcreci g\u00f6rsel anlat\u0131m.\" \/>\n<meta property=\"og:url\" content=\"https:\/\/www.myvize.com.tr\/pakistan\/vize-islemleri\/\" \/>\n<meta property=\"og:site_name\" content=\"Pakistan Vizesi\" \/>\n<meta property=\"article:modified_time\" content=\"2022-04-30T09:24:59+00:00\" \/>\n<meta property=\"og:image\" content=\"https:\/\/www.myvize.com.tr\/pakistan\/wp-content\/uploads\/2021\/10\/2.jpg\" \/>\n<meta name=\"twitter:card\" content=\"summary_large_image\" \/>\n<meta name=\"twitter:label1\" content=\"Tahmini okuma s\u00fcresi\" \/>\n\t<meta name=\"twitter:data1\" content=\"4 dakika\" \/>\n<script type=\"application\/ld+json\" class=\"yoast-schema-graph\">{\"@context\":\"https:\/\/schema.org\",\"@graph\":[{\"@type\":\"WebPage\",\"@id\":\"https:\/\/www.myvize.com.tr\/pakistan\/vize-islemleri\/\",\"url\":\"https:\/\/www.myvize.com.tr\/pakistan\/vize-islemleri\/\",\"name\":\"Pakistan Vize i\u015flemleri - Pakistan Vize Randevusu - MyVize\",\"isPartOf\":{\"@id\":\"https:\/\/www.myvize.com.tr\/pakistan\/#website\"},\"primaryImageOfPage\":{\"@id\":\"https:\/\/www.myvize.com.tr\/pakistan\/vize-islemleri\/#primaryimage\"},\"image\":{\"@id\":\"https:\/\/www.myvize.com.tr\/pakistan\/vize-islemleri\/#primaryimage\"},\"thumbnailUrl\":\"https:\/\/www.myvize.com.tr\/pakistan\/wp-content\/uploads\/2021\/10\/2.jpg\",\"datePublished\":\"2020-11-30T05:50:13+00:00\",\"dateModified\":\"2022-04-30T09:24:59+00:00\",\"description\":\"Pakistan vize i\u015flemleri gerekli evraklar g\u00fcncel. Pakistan vize i\u015flemleri randevu al\u0131m\u0131 ve i\u015flem s\u00fcreci g\u00f6rsel anlat\u0131m.\",\"breadcrumb\":{\"@id\":\"https:\/\/www.myvize.com.tr\/pakistan\/vize-islemleri\/#breadcrumb\"},\"inLanguage\":\"tr\",\"potentialAction\":[{\"@type\":\"ReadAction\",\"target\":[\"https:\/\/www.myvize.com.tr\/pakistan\/vize-islemleri\/\"]}]},{\"@type\":\"ImageObject\",\"inLanguage\":\"tr\",\"@id\":\"https:\/\/www.myvize.com.tr\/pakistan\/vize-islemleri\/#primaryimage\",\"url\":\"https:\/\/www.myvize.com.tr\/pakistan\/wp-content\/uploads\/2021\/10\/2.jpg\",\"contentUrl\":\"https:\/\/www.myvize.com.tr\/pakistan\/wp-content\/uploads\/2021\/10\/2.jpg\",\"width\":800,\"height\":500,\"caption\":\"Pakistan Vize \u0130\u015flemleri\"},{\"@type\":\"BreadcrumbList\",\"@id\":\"https:\/\/www.myvize.com.tr\/pakistan\/vize-islemleri\/#breadcrumb\",\"itemListElement\":[{\"@type\":\"ListItem\",\"position\":1,\"name\":\"Anasayfa\",\"item\":\"https:\/\/www.myvize.com.tr\/pakistan\/\"},{\"@type\":\"ListItem\",\"position\":2,\"name\":\"V\u0130ZE \u0130\u015eLEMLER\u0130\"}]},{\"@type\":\"WebSite\",\"@id\":\"https:\/\/www.myvize.com.tr\/pakistan\/#website\",\"url\":\"https:\/\/www.myvize.com.tr\/pakistan\/\",\"name\":\"Pakistan Vizesi\",\"description\":\"\",\"potentialAction\":[{\"@type\":\"SearchAction\",\"target\":{\"@type\":\"EntryPoint\",\"urlTemplate\":\"https:\/\/www.myvize.com.tr\/pakistan\/?s={search_term_string}\"},\"query-input\":{\"@type\":\"PropertyValueSpecification\",\"valueRequired\":true,\"valueName\":\"search_term_string\"}}],\"inLanguage\":\"tr\"}]}<\/script>\n<!-- \/ Yoast SEO plugin. -->","yoast_head_json":{"title":"Pakistan Vize i\u015flemleri - Pakistan Vize Randevusu - MyVize","description":"Pakistan vize i\u015flemleri gerekli evraklar g\u00fcncel. Pakistan vize i\u015flemleri randevu al\u0131m\u0131 ve i\u015flem s\u00fcreci g\u00f6rsel anlat\u0131m.","robots":{"index":"index","follow":"follow","max-snippet":"max-snippet:-1","max-image-preview":"max-image-preview:large","max-video-preview":"max-video-preview:-1"},"canonical":"https:\/\/www.myvize.com.tr\/pakistan\/vize-islemleri\/","og_locale":"tr_TR","og_type":"article","og_title":"Pakistan Vize i\u015flemleri - Pakistan Vize Randevusu - MyVize","og_description":"Pakistan vize i\u015flemleri gerekli evraklar g\u00fcncel. Pakistan vize i\u015flemleri randevu al\u0131m\u0131 ve i\u015flem s\u00fcreci g\u00f6rsel anlat\u0131m.","og_url":"https:\/\/www.myvize.com.tr\/pakistan\/vize-islemleri\/","og_site_name":"Pakistan Vizesi","article_modified_time":"2022-04-30T09:24:59+00:00","og_image":[{"url":"https:\/\/www.myvize.com.tr\/pakistan\/wp-content\/uploads\/2021\/10\/2.jpg","type":"","width":"","height":""}],"twitter_card":"summary_large_image","twitter_misc":{"Tahmini okuma s\u00fcresi":"4 dakika"},"schema":{"@context":"https:\/\/schema.org","@graph":[{"@type":"WebPage","@id":"https:\/\/www.myvize.com.tr\/pakistan\/vize-islemleri\/","url":"https:\/\/www.myvize.com.tr\/pakistan\/vize-islemleri\/","name":"Pakistan Vize i\u015flemleri - Pakistan Vize Randevusu - MyVize","isPartOf":{"@id":"https:\/\/www.myvize.com.tr\/pakistan\/#website"},"primaryImageOfPage":{"@id":"https:\/\/www.myvize.com.tr\/pakistan\/vize-islemleri\/#primaryimage"},"image":{"@id":"https:\/\/www.myvize.com.tr\/pakistan\/vize-islemleri\/#primaryimage"},"thumbnailUrl":"https:\/\/www.myvize.com.tr\/pakistan\/wp-content\/uploads\/2021\/10\/2.jpg","datePublished":"2020-11-30T05:50:13+00:00","dateModified":"2022-04-30T09:24:59+00:00","description":"Pakistan vize i\u015flemleri gerekli evraklar g\u00fcncel. Pakistan vize i\u015flemleri randevu al\u0131m\u0131 ve i\u015flem s\u00fcreci g\u00f6rsel anlat\u0131m.","breadcrumb":{"@id":"https:\/\/www.myvize.com.tr\/pakistan\/vize-islemleri\/#breadcrumb"},"inLanguage":"tr","potentialAction":[{"@type":"ReadAction","target":["https:\/\/www.myvize.com.tr\/pakistan\/vize-islemleri\/"]}]},{"@type":"ImageObject","inLanguage":"tr","@id":"https:\/\/www.myvize.com.tr\/pakistan\/vize-islemleri\/#primaryimage","url":"https:\/\/www.myvize.com.tr\/pakistan\/wp-content\/uploads\/2021\/10\/2.jpg","contentUrl":"https:\/\/www.myvize.com.tr\/pakistan\/wp-content\/uploads\/2021\/10\/2.jpg","width":800,"height":500,"caption":"Pakistan Vize \u0130\u015flemleri"},{"@type":"BreadcrumbList","@id":"https:\/\/www.myvize.com.tr\/pakistan\/vize-islemleri\/#breadcrumb","itemListElement":[{"@type":"ListItem","position":1,"name":"Anasayfa","item":"https:\/\/www.myvize.com.tr\/pakistan\/"},{"@type":"ListItem","position":2,"name":"V\u0130ZE \u0130\u015eLEMLER\u0130"}]},{"@type":"WebSite","@id":"https:\/\/www.myvize.com.tr\/pakistan\/#website","url":"https:\/\/www.myvize.com.tr\/pakistan\/","name":"Pakistan Vizesi","description":"","potentialAction":[{"@type":"SearchAction","target":{"@type":"EntryPoint","urlTemplate":"https:\/\/www.myvize.com.tr\/pakistan\/?s={search_term_string}"},"query-input":{"@type":"PropertyValueSpecification","valueRequired":true,"valueName":"search_term_string"}}],"inLanguage":"tr"}]}},"_links":{"self":[{"href":"https:\/\/www.myvize.com.tr\/pakistan\/wp-json\/wp\/v2\/pages\/18","targetHints":{"allow":["GET"]}}],"collection":[{"href":"https:\/\/www.myvize.com.tr\/pakistan\/wp-json\/wp\/v2\/pages"}],"about":[{"href":"https:\/\/www.myvize.com.tr\/pakistan\/wp-json\/wp\/v2\/types\/page"}],"author":[{"embeddable":true,"href":"https:\/\/www.myvize.com.tr\/pakistan\/wp-json\/wp\/v2\/users\/1"}],"replies":[{"embeddable":true,"href":"https:\/\/www.myvize.com.tr\/pakistan\/wp-json\/wp\/v2\/comments?post=18"}],"version-history":[{"count":5,"href":"https:\/\/www.myvize.com.tr\/pakistan\/wp-json\/wp\/v2\/pages\/18\/revisions"}],"predecessor-version":[{"id":621,"href":"https:\/\/www.myvize.com.tr\/pakistan\/wp-json\/wp\/v2\/pages\/18\/revisions\/621"}],"wp:attachment":[{"href":"https:\/\/www.myvize.com.tr\/pakistan\/wp-json\/wp\/v2\/media?parent=18"}],"curies":[{"name":"wp","href":"https:\/\/api.w.org\/{rel}","templated":true}]}}