{"id":180,"date":"2020-12-29T12:20:47","date_gmt":"2020-12-29T09:20:47","guid":{"rendered":"https:\/\/www.myvize.com.tr\/pakistan\/?page_id=180"},"modified":"2022-04-30T13:15:15","modified_gmt":"2022-04-30T10:15:15","slug":"turistik-vize-dilekce-ornegi","status":"publish","type":"page","link":"https:\/\/www.myvize.com.tr\/pakistan\/form-ve-dilekce\/turistik-vize-dilekce-ornegi\/","title":{"rendered":"Pakistan Turistik Vize Dilek\u00e7e \u00d6rne\u011fi"},"content":{"rendered":"<h2><span style=\"font-size: 27px; font-family: Roboto;\"><strong>Pakistan Turistik Vize \u0130\u015flemleri<\/strong><\/span><\/h2>\n<p><span style=\"font-size: 14px; font-family: Roboto;\">Pakistan\u2019a seyahat edecek olan ki\u015filerin seyahatlerini yasal olarak ger\u00e7ekle\u015ftirebilmek i\u00e7in <strong>Pakistan turistik vize ba\u015fvurusu<\/strong> yapmas\u0131 gerekmektedir. <strong>Pakistan turistik vizesi<\/strong> alacak olan ki\u015filer vize i\u015flemlerinin nas\u0131l yap\u0131laca\u011f\u0131n\u0131 merak etmektedir. Bu yaz\u0131da Pakistan turistik vize ba\u015fvurusu yapacak olan ki\u015filer i\u00e7in<strong> Pakistan turistik vize<\/strong> i\u015flemleri hakk\u0131nda bilgi verilmi\u015ftir.<\/span><\/p>\n<ul>\n<li><span style=\"font-size: 14px; font-family: Roboto;\">Pakistan turistik vize ba\u015fvurusu yapacak olan ki\u015filer, ba\u015fvurular\u0131n\u0131 T\u00fcrkiye\u2019de bulunan Pakistan vize ba\u015fvuru merkezlerine, Pakistan Ankara B\u00fcy\u00fckel\u00e7ili\u011fi ve Pakistan \u0130stanbul Ba\u015fkonsoloslu\u011fu\u2019na yapabilir. Pakistan vize ba\u015fvurusu online olarak da yap\u0131labilir.<\/span><\/li>\n<li><span style=\"font-size: 14px; font-family: Roboto;\">Online ba\u015fvuru yapacak olan ki\u015filer \u00f6ncelikle <span style=\"color: #2acec2;\"><strong><a style=\"color: #2acec2;\" href=\"https:\/\/www.myvize.com.tr\/pakistan\/konsolosluklar\/ankara-buyukelciligi\/\" target=\"_blank\" rel=\"noopener\">Pakistan Ankara B\u00fcy\u00fckel\u00e7ili\u011fi<\/a><\/strong><\/span> resmi internet sitesinde yer alan vize ba\u015fvuru formu \u0130ngilizce ya da T\u00fcrk\u00e7e olarak doldurulmal\u0131d\u0131r. Form doldurulduktan sonra gerekli olan Pakistan turistik vize evraklar\u0131 sisteme y\u00fcklenmelidir.<\/span><\/li>\n<li><span style=\"font-size: 14px; font-family: Roboto;\">Ba\u015fvurusunu direk olarak Pakistan Ankara B\u00fcy\u00fckel\u00e7ili\u011fi\u2019ne yapacak olan ki\u015filer ba\u015fvurular\u0131 i\u00e7in randevu almal\u0131d\u0131r. Randevu tarihine kadar <strong>Pakistan vizesi<\/strong> i\u00e7in gerekli olan vize evraklar\u0131n\u0131 eksiksiz olarak haz\u0131rlamal\u0131d\u0131r.<\/span><\/li>\n<li><span style=\"font-size: 14px; font-family: Roboto;\">Haz\u0131rlanan Pakistan turistik vize evraklar\u0131 <strong>Pakistan turistik vize ba\u015fvurusu<\/strong> yap\u0131lacak olan yere teslim edilmelidir.<\/span><\/li>\n<\/ul>\n<p><span style=\"font-size: 14px; font-family: Roboto;\">Pakistan turistik vize i\u015flemleri yukar\u0131daki \u015fekilde yap\u0131labilmektedir. Ba\u015fvuru yapacak olan ki\u015filerin ba\u015fvurular\u0131 ortalama olarak 1 hafta i\u00e7erisinde sonu\u00e7lanmaktad\u0131r.<\/span><\/p>\n<h2><span style=\"font-size: 27px; font-family: Roboto;\"><strong>Pakistan Turistik Vize Dilek\u00e7esi Yaz\u0131l\u0131rken Dikkat Edilmesi Gerekenler<\/strong><\/span><\/h2>\n<p><span style=\"font-size: 14px; font-family: Roboto;\">Pakistan\u2019a turistik olarak seyahat edecek olan ki\u015filer <span style=\"color: #2acec2;\"><strong><a style=\"color: #2acec2;\" href=\"https:\/\/www.myvize.com.tr\/pakistan\/pakistan-vize-basvurusu\/\" target=\"_blank\" rel=\"noopener\">Pakistan vize ba\u015fvurusu<\/a><\/strong><\/span> i\u00e7in gerekli olan evraklar\u0131 haz\u0131rlamal\u0131d\u0131r. Pakistan turistik vize ba\u015fvurusu yapacak olan ki\u015filerin haz\u0131rlamas\u0131 gereken evraklardan birisi de Pakistan turistik vize dilek\u00e7esidir. <strong>Pakistan turistik vize<\/strong> dilek\u00e7esi yazacak olan ki\u015filer, dilek\u00e7eyi yazarken nelere dikkat etmesi gerekti\u011fini merak etmektedir. Bu yaz\u0131da Pakistan turistik vize dilek\u00e7esi yaz\u0131l\u0131rken dikkat edilmesi gerekenler verilmi\u015ftir.<\/span><\/p>\n<ul>\n<li><span style=\"font-size: 14px; font-family: Roboto;\"><strong>Pakistan turistik vize ba\u015fvurusu<\/strong> yapacak olan ki\u015filer seyahat amac\u0131n\u0131 net bir \u015fekilde belirtmelidir.<\/span><\/li>\n<li><span style=\"font-size: 14px; font-family: Roboto;\">Pakistan turistik vize dilek\u00e7esinde seyahat tarihleri a\u00e7\u0131k ve kesin bir \u015fekilde belirtilmelidir.<\/span><\/li>\n<li><span style=\"font-size: 14px; font-family: Roboto;\">Seyahat masraflar\u0131n\u0131n nas\u0131l kar\u015f\u0131lanaca\u011f\u0131 Pakistan turistik vize dilek\u00e7esinde belirtilmelidir.<\/span><\/li>\n<li><span style=\"font-size: 14px; font-family: Roboto;\">Pakistan turistik vize ba\u015fvurusu yapacak olan ki\u015filer, dilek\u00e7ede yer alan bilgileri vize ba\u015fvurusu s\u0131ras\u0131nda teslim edilecek olan di\u011fer belgeler ile desteklemelidir.<\/span><\/li>\n<li><span style=\"font-size: 14px; font-family: Roboto;\"><strong>Pakistan turistik vize dilek\u00e7esi<\/strong> \u0130ngilizce ya da T\u00fcrk\u00e7e olarak doldurulmal\u0131d\u0131r.<\/span><\/li>\n<li><span style=\"font-size: 14px; font-family: Roboto;\">Pakistan turistik vize dilek\u00e7esinde <strong>Pakistan turistik vize s\u00fcresi<\/strong> bitmeden \u00f6nce \u00fclkeden ayr\u0131laca\u011f\u0131n\u0131 net bir \u015fekilde belirtmelidir.<\/span><\/li>\n<li><span style=\"font-size: 14px; font-family: Roboto;\">Ba\u015fvuru yapacak olan ki\u015filer dilek\u00e7eyi Pakistan Ankara B\u00fcy\u00fckel\u00e7ili\u011fi\u2019ne hitaben yazmal\u0131d\u0131r.<\/span><\/li>\n<li><span style=\"font-size: 14px; font-family: Roboto;\">Pakistan turistik vize ba\u015fvurusu yapacak olan ki\u015filer dilek\u00e7eye tarih yazmal\u0131 ve imza atmal\u0131d\u0131r.<\/span><\/li>\n<li><span style=\"font-size: 14px; font-family: Roboto;\">Pakistan\u2019da konaklanacak yer belirtilmelidir.<\/span><\/li>\n<\/ul>\n<h2><span style=\"font-size: 27px; font-family: Roboto;\"><strong>Pakistan Turistik Vize Dilek\u00e7e \u00d6rne\u011fi<\/strong><\/span><\/h2>\n<p><span style=\"font-size: 14px; font-family: Roboto;\">Turistik ama\u00e7l\u0131 olarak Pakistan\u2019a seyahat edecek olan ki\u015filer seyahatlerini yasal olarak ger\u00e7ekle\u015ftirebilmek i\u00e7in Pakistan turistik vize almas\u0131 gerekmektedir. <strong>Pakistan turistik vize ba\u015fvurusu<\/strong> yapacak olan ki\u015filer Pakistan vize ba\u015fvurusu i\u00e7in gerekli olan evraklar\u0131 haz\u0131rlamal\u0131d\u0131r. Bu evraklardan birisi de Pakistan turistik vize dilek\u00e7esidir. Turistik vize dilek\u00e7esi yazacak olan ki\u015filer, turistik vize dilek\u00e7esi \u00f6rne\u011fi aramaktad\u0131r. A\u015fa\u011f\u0131da turistik vize dilek\u00e7e \u00f6rne\u011fi verilmi\u015ftir.<\/span><\/p>\n<p><span style=\"font-size: 14px; font-family: Roboto;\"><strong>Pakistan turistik vize dilek\u00e7esi \u00f6rne\u011fi<\/strong><\/span><\/p>\n<p><span style=\"font-size: 14px; font-family: Roboto;\">Pakistan B\u00fcy\u00fckel\u00e7ili\u011fi<\/span><\/p>\n<p><span style=\"font-size: 14px; font-family: Roboto;\">Ankara<\/span><\/p>\n<p><span style=\"font-size: 14px; font-family: Roboto;\">Konsolosluk B\u00f6l\u00fcm\u00fc\u00a0\u00a0\u00a0\u00a0\u00a0\u00a0\u00a0\u00a0\u00a0\u00a0\u00a0\u00a0\u00a0\u00a0\u00a0\u00a0\u00a0\u00a0\u00a0\u00a0\u00a0\u00a0\u00a0\u00a0\u00a0\u00a0\u00a0\u00a0\u00a0\u00a0\u00a0\u00a0\u00a0\u00a0\u00a0\u00a0\u00a0\u00a0\u00a0\u00a0\u00a0\u00a0\u00a0\u00a0\u00a0\u00a0\u00a0\u00a0\u00a0\u00a0\u00a0\u00a0\u00a0\u00a0\u00a0\u00a0\u00a0\u00a0\u00a0\u00a0\u00a0\u00a0\u00a0\u00a0\u00a0\u00a0\u00a0\u00a0\u00a0\u00a0\u00a0\u00a0\u00a0\u00a0\u00a0\u00a0\u00a0\u00a0\u00a0\u00a0\u00a0\u00a0\u00a0\u00a0\u00a0\u00a0\u00a0\u00a0\u00a0\u00a0\u00a0\u00a0\u00a0\u00a0 30.12.2021<\/span><\/p>\n<p><span style=\"font-size: 14px; font-family: Roboto;\">Ben Ali \u00d6zdemir, 15.01.2022 ile 15.03.2022 tarihleri aras\u0131nda Pakistan\u2019a turistik seyahatte bulunaca\u011f\u0131m. Pakistan\u2019da bulundu\u011fum s\u00fcre boyunca Karachi\u2019de bulunan Hotel Pearl Continental Karachi konaklayaca\u011f\u0131m. Otel rezervasyon bilgilerim EK 1\u2019de verilmi\u015ftir. Pakistan\u2019da bulundu\u011fum s\u00fcre boyunca ge\u00e7erli olan seyahat sa\u011fl\u0131k sigortas\u0131 poli\u00e7esi EK 2\u2019de verilmi\u015ftir.<\/span><\/p>\n<p><span style=\"font-size: 14px; font-family: Roboto;\">Pakistan\u2019da bulundu\u011fum s\u00fcre boyunca gidi\u015f-d\u00f6n\u00fc\u015f ve Pakistan konaklama masraflar\u0131m\u0131 kendim kar\u015f\u0131layaca\u011f\u0131m. Masraflar\u0131m\u0131 kar\u015f\u0131layaca\u011f\u0131m banka hesab\u0131m EK 3\u2019te verilmi\u015ftir. Ayr\u0131ca Pakistan\u2019da bulundu\u011fum s\u00fcre boyunca herhangi bir su\u00e7a kar\u0131\u015fmayaca\u011f\u0131m\u0131 ve Pakistan vize s\u00fcresini a\u015fmayaca\u011f\u0131m\u0131 garanti edebilir.<\/span><\/p>\n<p><span style=\"font-size: 14px; font-family: Roboto;\">Pakistan\u2019a turistik ama\u00e7l\u0131 olarak seyahat etmem i\u00e7in gerekli olan Pakistan turistik vizesinin verilmesini rica ederim.<\/span><\/p>\n<p><span style=\"font-size: 14px; font-family: Roboto;\">Ali \u00d6zdemir<\/span><\/p>\n<p><span style=\"font-size: 14px; font-family: Roboto;\">\u0130mza<\/span><\/p>\n<p>&nbsp;<\/p>\n<p><span style=\"font-size: 16px; font-family: Roboto;\"><img loading=\"lazy\" decoding=\"async\" src=\"..\/..\/..\/romanya\/wp-content\/uploads\/2021\/07\/aDOBE-LOGO-1.png\" width=\"75\" height=\"75\" \/><span style=\"font-size: 18px;\"><strong> \u00a0 Pakistan Turistik Vize Dilek\u00e7e \u00d6rne\u011fi\u00a0 <span style=\"color: #2acec2;\"><a style=\"color: #2acec2;\" href=\"https:\/\/www.myvize.com.tr\/pakistan\/wp-content\/uploads\/2021\/12\/Pakistan-turistik-Dilekce-Ornek-Ankara.pdf\" target=\"_blank\" rel=\"noreferrer noopener\">(\u0130ndirmek \u0130\u00e7in T\u0131klay\u0131n\u0131z!!)<\/a><\/span><\/strong><\/span><\/span><\/p>\n","protected":false},"excerpt":{"rendered":"<p>Pakistan Turistik Vize \u0130\u015flemleri Pakistan\u2019a seyahat edecek olan ki\u015filerin seyahatlerini yasal olarak ger\u00e7ekle\u015ftirebilmek i\u00e7in Pakistan turistik vize ba\u015fvurusu yapmas\u0131 gerekmektedir. Pakistan turistik vizesi alacak olan ki\u015filer vize i\u015flemlerinin nas\u0131l yap\u0131laca\u011f\u0131n\u0131 merak etmektedir. Bu yaz\u0131da Pakistan turistik vize ba\u015fvurusu yapacak olan ki\u015filer i\u00e7in Pakistan turistik vize i\u015flemleri hakk\u0131nda bilgi verilmi\u015ftir. Pakistan turistik vize ba\u015fvurusu yapacak olan<\/p>\n","protected":false},"author":1,"featured_media":0,"parent":167,"menu_order":0,"comment_status":"open","ping_status":"closed","template":"","meta":{"footnotes":""},"class_list":["post-180","page","type-page","status-publish","hentry"],"yoast_head":"<!-- This site is optimized with the Yoast SEO plugin v24.0 - https:\/\/yoast.com\/wordpress\/plugins\/seo\/ -->\n<title>Pakistan Turistik Vize Dilek\u00e7esi - Turistik Vize - MyVize<\/title>\n<meta name=\"description\" content=\"Pakistan turistik vize dilek\u00e7e \u00f6rnekleri g\u00fcncel 2022 g\u00f6rselleri. Pakistan turistik vize dilek\u00e7e \u00f6rnekleri nas\u0131l yaz\u0131l\u0131r?\" \/>\n<meta name=\"robots\" content=\"index, follow, max-snippet:-1, max-image-preview:large, max-video-preview:-1\" \/>\n<link rel=\"canonical\" href=\"https:\/\/www.myvize.com.tr\/pakistan\/form-ve-dilekce\/turistik-vize-dilekce-ornegi\/\" \/>\n<meta property=\"og:locale\" content=\"tr_TR\" \/>\n<meta property=\"og:type\" content=\"article\" \/>\n<meta property=\"og:title\" content=\"Pakistan Turistik Vize Dilek\u00e7esi - Turistik Vize - MyVize\" \/>\n<meta property=\"og:description\" content=\"Pakistan turistik vize dilek\u00e7e \u00f6rnekleri g\u00fcncel 2022 g\u00f6rselleri. Pakistan turistik vize dilek\u00e7e \u00f6rnekleri nas\u0131l yaz\u0131l\u0131r?\" \/>\n<meta property=\"og:url\" content=\"https:\/\/www.myvize.com.tr\/pakistan\/form-ve-dilekce\/turistik-vize-dilekce-ornegi\/\" \/>\n<meta property=\"og:site_name\" content=\"Pakistan Vizesi\" \/>\n<meta property=\"article:modified_time\" content=\"2022-04-30T10:15:15+00:00\" \/>\n<meta name=\"twitter:card\" content=\"summary_large_image\" \/>\n<meta name=\"twitter:label1\" content=\"Tahmini okuma s\u00fcresi\" \/>\n\t<meta name=\"twitter:data1\" content=\"3 dakika\" \/>\n<script type=\"application\/ld+json\" class=\"yoast-schema-graph\">{\"@context\":\"https:\/\/schema.org\",\"@graph\":[{\"@type\":\"WebPage\",\"@id\":\"https:\/\/www.myvize.com.tr\/pakistan\/form-ve-dilekce\/turistik-vize-dilekce-ornegi\/\",\"url\":\"https:\/\/www.myvize.com.tr\/pakistan\/form-ve-dilekce\/turistik-vize-dilekce-ornegi\/\",\"name\":\"Pakistan Turistik Vize Dilek\u00e7esi - Turistik Vize - MyVize\",\"isPartOf\":{\"@id\":\"https:\/\/www.myvize.com.tr\/pakistan\/#website\"},\"datePublished\":\"2020-12-29T09:20:47+00:00\",\"dateModified\":\"2022-04-30T10:15:15+00:00\",\"description\":\"Pakistan turistik vize dilek\u00e7e \u00f6rnekleri g\u00fcncel 2022 g\u00f6rselleri. Pakistan turistik vize dilek\u00e7e \u00f6rnekleri nas\u0131l yaz\u0131l\u0131r?\",\"breadcrumb\":{\"@id\":\"https:\/\/www.myvize.com.tr\/pakistan\/form-ve-dilekce\/turistik-vize-dilekce-ornegi\/#breadcrumb\"},\"inLanguage\":\"tr\",\"potentialAction\":[{\"@type\":\"ReadAction\",\"target\":[\"https:\/\/www.myvize.com.tr\/pakistan\/form-ve-dilekce\/turistik-vize-dilekce-ornegi\/\"]}]},{\"@type\":\"BreadcrumbList\",\"@id\":\"https:\/\/www.myvize.com.tr\/pakistan\/form-ve-dilekce\/turistik-vize-dilekce-ornegi\/#breadcrumb\",\"itemListElement\":[{\"@type\":\"ListItem\",\"position\":1,\"name\":\"Anasayfa\",\"item\":\"https:\/\/www.myvize.com.tr\/pakistan\/\"},{\"@type\":\"ListItem\",\"position\":2,\"name\":\"FORM VE D\u0130LEK\u00c7E\",\"item\":\"https:\/\/www.myvize.com.tr\/pakistan\/form-ve-dilekce\/\"},{\"@type\":\"ListItem\",\"position\":3,\"name\":\"Pakistan Turistik Vize Dilek\u00e7e \u00d6rne\u011fi\"}]},{\"@type\":\"WebSite\",\"@id\":\"https:\/\/www.myvize.com.tr\/pakistan\/#website\",\"url\":\"https:\/\/www.myvize.com.tr\/pakistan\/\",\"name\":\"Pakistan Vizesi\",\"description\":\"\",\"potentialAction\":[{\"@type\":\"SearchAction\",\"target\":{\"@type\":\"EntryPoint\",\"urlTemplate\":\"https:\/\/www.myvize.com.tr\/pakistan\/?s={search_term_string}\"},\"query-input\":{\"@type\":\"PropertyValueSpecification\",\"valueRequired\":true,\"valueName\":\"search_term_string\"}}],\"inLanguage\":\"tr\"}]}<\/script>\n<!-- \/ Yoast SEO plugin. -->","yoast_head_json":{"title":"Pakistan Turistik Vize Dilek\u00e7esi - Turistik Vize - MyVize","description":"Pakistan turistik vize dilek\u00e7e \u00f6rnekleri g\u00fcncel 2022 g\u00f6rselleri. Pakistan turistik vize dilek\u00e7e \u00f6rnekleri nas\u0131l yaz\u0131l\u0131r?","robots":{"index":"index","follow":"follow","max-snippet":"max-snippet:-1","max-image-preview":"max-image-preview:large","max-video-preview":"max-video-preview:-1"},"canonical":"https:\/\/www.myvize.com.tr\/pakistan\/form-ve-dilekce\/turistik-vize-dilekce-ornegi\/","og_locale":"tr_TR","og_type":"article","og_title":"Pakistan Turistik Vize Dilek\u00e7esi - Turistik Vize - MyVize","og_description":"Pakistan turistik vize dilek\u00e7e \u00f6rnekleri g\u00fcncel 2022 g\u00f6rselleri. Pakistan turistik vize dilek\u00e7e \u00f6rnekleri nas\u0131l yaz\u0131l\u0131r?","og_url":"https:\/\/www.myvize.com.tr\/pakistan\/form-ve-dilekce\/turistik-vize-dilekce-ornegi\/","og_site_name":"Pakistan Vizesi","article_modified_time":"2022-04-30T10:15:15+00:00","twitter_card":"summary_large_image","twitter_misc":{"Tahmini okuma s\u00fcresi":"3 dakika"},"schema":{"@context":"https:\/\/schema.org","@graph":[{"@type":"WebPage","@id":"https:\/\/www.myvize.com.tr\/pakistan\/form-ve-dilekce\/turistik-vize-dilekce-ornegi\/","url":"https:\/\/www.myvize.com.tr\/pakistan\/form-ve-dilekce\/turistik-vize-dilekce-ornegi\/","name":"Pakistan Turistik Vize Dilek\u00e7esi - Turistik Vize - MyVize","isPartOf":{"@id":"https:\/\/www.myvize.com.tr\/pakistan\/#website"},"datePublished":"2020-12-29T09:20:47+00:00","dateModified":"2022-04-30T10:15:15+00:00","description":"Pakistan turistik vize dilek\u00e7e \u00f6rnekleri g\u00fcncel 2022 g\u00f6rselleri. Pakistan turistik vize dilek\u00e7e \u00f6rnekleri nas\u0131l yaz\u0131l\u0131r?","breadcrumb":{"@id":"https:\/\/www.myvize.com.tr\/pakistan\/form-ve-dilekce\/turistik-vize-dilekce-ornegi\/#breadcrumb"},"inLanguage":"tr","potentialAction":[{"@type":"ReadAction","target":["https:\/\/www.myvize.com.tr\/pakistan\/form-ve-dilekce\/turistik-vize-dilekce-ornegi\/"]}]},{"@type":"BreadcrumbList","@id":"https:\/\/www.myvize.com.tr\/pakistan\/form-ve-dilekce\/turistik-vize-dilekce-ornegi\/#breadcrumb","itemListElement":[{"@type":"ListItem","position":1,"name":"Anasayfa","item":"https:\/\/www.myvize.com.tr\/pakistan\/"},{"@type":"ListItem","position":2,"name":"FORM VE D\u0130LEK\u00c7E","item":"https:\/\/www.myvize.com.tr\/pakistan\/form-ve-dilekce\/"},{"@type":"ListItem","position":3,"name":"Pakistan Turistik Vize Dilek\u00e7e \u00d6rne\u011fi"}]},{"@type":"WebSite","@id":"https:\/\/www.myvize.com.tr\/pakistan\/#website","url":"https:\/\/www.myvize.com.tr\/pakistan\/","name":"Pakistan Vizesi","description":"","potentialAction":[{"@type":"SearchAction","target":{"@type":"EntryPoint","urlTemplate":"https:\/\/www.myvize.com.tr\/pakistan\/?s={search_term_string}"},"query-input":{"@type":"PropertyValueSpecification","valueRequired":true,"valueName":"search_term_string"}}],"inLanguage":"tr"}]}},"_links":{"self":[{"href":"https:\/\/www.myvize.com.tr\/pakistan\/wp-json\/wp\/v2\/pages\/180","targetHints":{"allow":["GET"]}}],"collection":[{"href":"https:\/\/www.myvize.com.tr\/pakistan\/wp-json\/wp\/v2\/pages"}],"about":[{"href":"https:\/\/www.myvize.com.tr\/pakistan\/wp-json\/wp\/v2\/types\/page"}],"author":[{"embeddable":true,"href":"https:\/\/www.myvize.com.tr\/pakistan\/wp-json\/wp\/v2\/users\/1"}],"replies":[{"embeddable":true,"href":"https:\/\/www.myvize.com.tr\/pakistan\/wp-json\/wp\/v2\/comments?post=180"}],"version-history":[{"count":7,"href":"https:\/\/www.myvize.com.tr\/pakistan\/wp-json\/wp\/v2\/pages\/180\/revisions"}],"predecessor-version":[{"id":580,"href":"https:\/\/www.myvize.com.tr\/pakistan\/wp-json\/wp\/v2\/pages\/180\/revisions\/580"}],"up":[{"embeddable":true,"href":"https:\/\/www.myvize.com.tr\/pakistan\/wp-json\/wp\/v2\/pages\/167"}],"wp:attachment":[{"href":"https:\/\/www.myvize.com.tr\/pakistan\/wp-json\/wp\/v2\/media?parent=180"}],"curies":[{"name":"wp","href":"https:\/\/api.w.org\/{rel}","templated":true}]}}