{"id":182,"date":"2020-12-29T12:21:12","date_gmt":"2020-12-29T09:21:12","guid":{"rendered":"https:\/\/www.myvize.com.tr\/pakistan\/?page_id=182"},"modified":"2022-04-30T13:16:13","modified_gmt":"2022-04-30T10:16:13","slug":"ticari-vize-dilekce-ornegi","status":"publish","type":"page","link":"https:\/\/www.myvize.com.tr\/pakistan\/form-ve-dilekce\/ticari-vize-dilekce-ornegi\/","title":{"rendered":"Pakistan Ticari Vize Dilek\u00e7e \u00d6rne\u011fi"},"content":{"rendered":"<h2><strong><span style=\"font-family: Roboto; font-size: 27px;\">Pakistan Ticari Vize \u0130\u015flemleri<\/span><\/strong><\/h2>\n<p><span style=\"font-family: Roboto; font-size: 14px;\"><strong><span style=\"color: #2acec2;\"><a style=\"color: #2acec2;\" href=\"https:\/\/www.myvize.com.tr\/pakistan\/vize-islemleri\/pakistan-ticari-vize\/\" target=\"_blank\" rel=\"noopener\">Pakistan ticari vize<\/a><\/span>,<\/strong> Pakistan Konsoloslu\u011fu taraf\u0131nda haz\u0131rlanm\u0131\u015f olan bir <strong>Pakistan vize<\/strong> kategorisidir. Pakistan ticari vize ile Pakistan&#8217;da ticari faaliyetde bulunabilir, Pakistan fuar\u0131n\u0131 ziyaret edebilir, Pakistan&#8217;da i\u015f g\u00f6r\u00fc\u015fmeleri, toplant\u0131 ve seminere kat\u0131labilirsiniz. Pakistan ticari vizesi i\u015flemleri i\u00e7in en \u00f6nemli prosed\u00fcrler ise; Pakistan&#8217;da ziyaret edilcek olan firmadan al\u0131nmas\u0131 gereken davetiye yaz\u0131s\u0131. Pakistan&#8217;dan gelcek olan bu davetiye yaz\u0131s\u0131 Pakistan Ticaret Odas\u0131n\u0131n onay\u0131 olmal\u0131d\u0131r. Davetiye yaz\u0131s\u0131 olmamas\u0131 durumunda ise; <strong>Pakistan ticari vize al\u0131m\u0131<\/strong> m\u00fcmk\u00fcn de\u011fil. Vatanda\u015f\u0131m\u0131z Pakistan&#8217;a ticari bir faaliyet i\u00e7in gitmesi halinde bu bilgisi g\u00f6z \u00f6n\u00fcnde bulundurmas\u0131 daima yarar sa\u011flayacakd\u0131r. Pakistan ticari vizesi ile Pakistan&#8217;da \u00e7al\u0131\u015fmaz, Pakistan&#8217;da i\u015f ba\u015fvurusu da bulunmaz ve Pakistan&#8217;da i\u015f yeri a\u00e7amaz. <strong>Pakistan ticari vizesi,<\/strong> k\u0131sa s\u00fcre bir vize t\u00fcr\u00fc ve <span style=\"color: #2acec2;\"><strong><a style=\"color: #2acec2;\" href=\"https:\/\/www.myvize.com.tr\/pakistan\/vize-islemleri\/pakistan-vizesi\/\" target=\"_blank\" rel=\"noopener\">Pakistan vizesi<\/a><\/strong><\/span> s\u00fcreniz sona ermeden \u00f6nce \u00fclke toprak\u0131ndan ayr\u0131lmak gerekmektedir.<\/span><br \/>\n<span style=\"font-family: Roboto; font-size: 14px;\">Faaliyet alan\u0131 farkl\u0131 olan \u015firketin i\u015f g\u00f6r\u00fc\u015fmesine dair ayr\u0131nt\u0131 Pakistan ticari vizesi davetiyesinde ve Pakistan vizesi talep dilek\u00e7esine ayr\u0131nt\u0131l\u0131 \u015fekilde yer almal\u0131.<\/span><\/p>\n<h2><strong><span style=\"font-family: Roboto; font-size: 27px;\">Pakistan Ticari Vize Dilek\u00e7esi Yaz\u0131l\u0131rken Dikkat Edilmesi Gerekenler<\/span><\/strong><\/h2>\n<p><span style=\"font-family: Roboto; font-size: 14px;\">Pakistan \u00fclkesine Ticari ama\u00e7la seyahat eden ki\u015finin yapaca\u011f\u0131 seyahat ile ilgili Pakistan \u0130stanbul Ba\u015fkonsoloslu\u011funa hitaben <strong>Pakistan Ticari Vize talep dilek\u00e7esi<\/strong> sunmas\u0131 gereklidir.<strong> Pakistan Ticari vize talep dilek\u00e7esi<\/strong> yazarken a\u015fa\u011f\u0131daki hususa dikkat edilmelidir.<\/span><br \/>\n<span style=\"font-family: Roboto; font-size: 14px;\">Pakistan Ticari Vize talep dilek\u00e7esi personeli i\u015f seyahatine g\u00f6ndercek \u015firketin yetkilisi taraf\u0131ndan \u015firket antet ka\u011f\u0131d\u0131na yaz\u0131lmas\u0131 ve \u015firket yetkilisi ka\u015fesi ve imzas\u0131 ta\u015f\u0131mal\u0131d\u0131r.<\/span><br \/>\n<span style=\"font-family: Roboto; font-size: 14px;\">Pakistan Ticari Vize talep dilek\u00e7esine seyahatin amac\u0131 a\u00e7\u0131k\u00e7a yaz\u0131lmal\u0131. \u00d6rne\u011fin; ki\u015fi \u015firket i\u015f orta\u011f\u0131 ba\u015fka bir \u015firket toplant\u0131 yapmak \u00fczere seyahat edecek ise Pakistan&#8217;da ki \u015firket ile ilgili bilgiye yer verilmesidir. Ki\u015fi i\u015f konferans\u0131 kat\u0131lacaksa Pakistan Ticari Vize talep dilek\u00e7esinde konferans ile ilgili bilgiler olmal\u0131d\u0131r.<\/span><br \/>\n<span style=\"font-family: Roboto; font-size: 14px;\"><strong>Pakistan Ticari Vize talep<\/strong> dilek\u00e7esinde seyahat \u00e7\u0131kacak ki\u015filerin firmadaki g\u00f6revleri ( Sat\u0131\u015f M\u00fcd\u00fcr\u00fc, Kurumsal \u0130leti\u015fim Uzman vb.) a\u00e7\u0131k\u00e7a ifade edilmeli.<\/span><br \/>\n<span style=\"font-family: Roboto; font-size: 14px;\">Pakistan&#8217;a seyahat edecek ki\u015filerin seyahatinin ba\u015flang\u0131\u00e7 ile biti\u015f tarihi ile varsa ek seyahatler hakk\u0131nda Pakistan Ticari Vize talep dilek\u00e7esine net bilgi verilmelidir.<\/span><br \/>\n<span style=\"font-family: Roboto; font-size: 14px;\">Pakistan Konsoloslu\u011funa Ticari Vizesi talep dilek\u00e7esi haz\u0131rlarken seyahat edecek ki\u015filerin seyahat s\u00fcresi olu\u015facak (konaklamak, transfer, hastal\u0131k, kaza, vb.) masraf\u0131n\u0131n nas\u0131l kar\u015f\u0131lanacaklar\u0131 bilgileri yer almal\u0131d\u0131r.<\/span><br \/>\n<span style=\"font-family: Roboto; font-size: 14px;\"><strong>Pakistan Ticari Vizeleri<\/strong> talep dilek\u00e7esinde yer alan bilgi dosyaya konulan evrakla desteklenmelidir. \u00a0<\/span><br \/>\n<span style=\"font-family: Roboto; font-size: 14px;\">NOT: Pakistan ticari vizesi ile Pakistan&#8217;da \u00e7al\u0131\u015fmaz, Pakistan&#8217;da i\u015f ba\u015fvurusu da bulunmaz ve Pakistan&#8217;da i\u015f yeri a\u00e7amaz.\u00a0Davetiye yaz\u0131s\u0131 olmamas\u0131 durumunda ise; Pakistan ticari vize al\u0131m\u0131 m\u00fcmk\u00fcn de\u011fil.<\/span><\/p>\n<h2><strong><span style=\"font-family: Roboto; font-size: 27px;\">Pakistan Ticari Vize Dilek\u00e7e \u00d6rne\u011fi<\/span><\/strong><\/h2>\n<p><span style=\"font-family: Roboto; font-size: 14px;\">&#8230;&#8230;.\/ &#8230;&#8230;&#8230;\/ &#8230;&#8230;.<\/span><br \/>\n<span style=\"font-family: Roboto; font-size: 14px;\">\u0130lgili Makama;<\/span><br \/>\n<span style=\"font-family: Roboto; font-size: 14px;\">Vize B\u00f6l\u00fcm\u00fc Dikkatlerine,<\/span><br \/>\n<span style=\"font-family: Roboto; font-size: 14px;\">&#8230;&#8230;&#8230;.\/ &#8230;&#8230;&#8230;.\/ &#8230;&#8230;&#8230;.. ile \u00a0&#8230;&#8230;&#8230;.\/. &#8230;&#8230;&#8230;\/ &#8230;&#8230;&#8230;. \u00a0tarihi aras\u0131nda \u00a0\u00fclkenize TUR\u0130ST ama\u00e7l\u0131 seyahat etmeyi planl\u0131yorum.<\/span><br \/>\n<span style=\"font-family: Roboto; font-size: 14px;\">\u00a0 \u00a0 \u00a0 \u00a0 \u00a0 \u00a0Seyahat s\u00fcresi meydana gelebilecek t\u00fcm masraf taraf\u0131mdan<\/span><br \/>\n<span style=\"font-family: Roboto; font-size: 14px;\">kar\u015f\u0131lanacak olup, verilen vize s\u00fcresi d\u0131\u015f\u0131nda \u00fclkenizde ve Schengen \u00dclkesinde kalmayaca\u011f\u0131m\u0131 taahh\u00fct ederim.\u00a0<\/span><br \/>\n<span style=\"font-family: Roboto; font-size: 14px;\">\u00a0 \u00a0 \u00a0 \u00a0 \u00a0 \u00a0Ger\u00e7ekle\u015ftirce\u011fim turistik seyahat i\u00e7in taraf\u0131ma gerekli olan uzun s\u00fcre ve \u00e7ok giri\u015f vize verilmesi rica ederim.<\/span><br \/>\n<span style=\"font-family: Roboto; font-size: 14px;\">\u00a0 \u00a0Sayg\u0131lar\u0131mla,\u00a0<\/span><br \/>\n<span style=\"font-family: Roboto; font-size: 14px;\">&#8230;&#8230;&#8230;&#8230;&#8230;&#8230;&#8230;&#8230;&#8230;&#8230;&#8230;.. ( isim soy isim)\u00a0<\/span><br \/>\n<span style=\"font-family: Roboto; font-size: 14px;\">&#8230;&#8230;&#8230;&#8230;&#8230;&#8230;&#8230;&#8230;&#8230;&#8230;&#8230;.. (\u0130mza)<\/span><br \/>\n<span style=\"font-family: Roboto; font-size: 14px;\">\u0130rt. No : (BO\u015eLUK)<\/span><br \/>\n<span style=\"font-family: Roboto; font-size: 14px;\">Ev Adresi : .(BO\u015eLUK)<\/span><br \/>\n<span style=\"font-family: Roboto; font-size: 14px;\">Ki\u015fisel Bilgisi<\/span><br \/>\n<span style=\"font-family: Roboto; font-size: 14px;\">Ad\u0131 ve Soyad \u00a0 \u00a0 \u00a0 \u00a0 \u00a0 \u00a0 \u00a0 \u00a0 \u00a0:\u00a0\u00a0(BO\u015eLUK)<\/span><br \/>\n<span style=\"font-family: Roboto; font-size: 14px;\">T.C. Kimlik No \u00a0 \u00a0 \u00a0 \u00a0 \u00a0 \u00a0 \u00a0 \u00a0 : _________(BO\u015eLUK)________<\/span><br \/>\n<span style=\"font-family: Roboto; font-size: 14px;\">\u0130rtibat Numara \u00a0 \u00a0 :\u00a0 ________(BO\u015eLUK)______<\/span><br \/>\n<span style=\"font-family: Roboto; font-size: 14px;\">Meslek Bilgisi<\/span><br \/>\n<span style=\"font-family: Roboto; font-size: 14px;\">Firmadaki G\u00f6revleri \u00a0 \u00a0 :\u00a0 ____________(BO\u015eLUK)_______<\/span><br \/>\n<span style=\"font-family: Roboto; font-size: 14px;\">Seyahat Bilgisi\u00a0<\/span><br \/>\n<span style=\"font-family: Roboto; font-size: 14px;\">Y\u0131ll\u0131k \u0130zinli Oldu\u011fu Tarih \u00a0 \u00a0: \u00a0 \u00a0 \u00a0 ..____.\/___(BO\u015eLUK)__\/ ____\u00a0 \u00a0 \u00a0&#8211; \u00a0 \u00a0&#8230;&#8230;..\/ &#8230;(BO\u015eLUK)&#8230;&#8230;\/ &#8230;&#8230;.<\/span><\/p>\n","protected":false},"excerpt":{"rendered":"<p>Pakistan Ticari Vize \u0130\u015flemleri Pakistan ticari vize, Pakistan Konsoloslu\u011fu taraf\u0131nda haz\u0131rlanm\u0131\u015f olan bir Pakistan vize kategorisidir. Pakistan ticari vize ile Pakistan&#8217;da ticari faaliyetde bulunabilir, Pakistan fuar\u0131n\u0131 ziyaret edebilir, Pakistan&#8217;da i\u015f g\u00f6r\u00fc\u015fmeleri, toplant\u0131 ve seminere kat\u0131labilirsiniz. Pakistan ticari vizesi i\u015flemleri i\u00e7in en \u00f6nemli prosed\u00fcrler ise; Pakistan&#8217;da ziyaret edilcek olan firmadan al\u0131nmas\u0131 gereken davetiye yaz\u0131s\u0131. Pakistan&#8217;dan gelcek<\/p>\n","protected":false},"author":1,"featured_media":0,"parent":167,"menu_order":0,"comment_status":"open","ping_status":"closed","template":"","meta":{"footnotes":""},"class_list":["post-182","page","type-page","status-publish","hentry"],"yoast_head":"<!-- This site is optimized with the Yoast SEO plugin v24.0 - https:\/\/yoast.com\/wordpress\/plugins\/seo\/ -->\n<title>Pakistan Ticari Vize Dilek\u00e7e \u00d6rne\u011fi - MyVize<\/title>\n<meta name=\"description\" content=\"Pakistan ticari vize dilek\u00e7e \u00f6rnekleri g\u00fcncel 2022 g\u00f6rselleri. Pakistan ticari vize dilek\u00e7e \u00f6rnekleri nas\u0131l yaz\u0131l\u0131r?\" \/>\n<meta name=\"robots\" content=\"index, follow, max-snippet:-1, max-image-preview:large, max-video-preview:-1\" \/>\n<link rel=\"canonical\" href=\"https:\/\/www.myvize.com.tr\/pakistan\/form-ve-dilekce\/ticari-vize-dilekce-ornegi\/\" \/>\n<meta property=\"og:locale\" content=\"tr_TR\" \/>\n<meta property=\"og:type\" content=\"article\" \/>\n<meta property=\"og:title\" content=\"Pakistan Ticari Vize Dilek\u00e7e \u00d6rne\u011fi - MyVize\" \/>\n<meta property=\"og:description\" content=\"Pakistan ticari vize dilek\u00e7e \u00f6rnekleri g\u00fcncel 2022 g\u00f6rselleri. Pakistan ticari vize dilek\u00e7e \u00f6rnekleri nas\u0131l yaz\u0131l\u0131r?\" \/>\n<meta property=\"og:url\" content=\"https:\/\/www.myvize.com.tr\/pakistan\/form-ve-dilekce\/ticari-vize-dilekce-ornegi\/\" \/>\n<meta property=\"og:site_name\" content=\"Pakistan Vizesi\" \/>\n<meta property=\"article:modified_time\" content=\"2022-04-30T10:16:13+00:00\" \/>\n<meta name=\"twitter:card\" content=\"summary_large_image\" \/>\n<meta name=\"twitter:label1\" content=\"Tahmini okuma s\u00fcresi\" \/>\n\t<meta name=\"twitter:data1\" content=\"2 dakika\" \/>\n<script type=\"application\/ld+json\" class=\"yoast-schema-graph\">{\"@context\":\"https:\/\/schema.org\",\"@graph\":[{\"@type\":\"WebPage\",\"@id\":\"https:\/\/www.myvize.com.tr\/pakistan\/form-ve-dilekce\/ticari-vize-dilekce-ornegi\/\",\"url\":\"https:\/\/www.myvize.com.tr\/pakistan\/form-ve-dilekce\/ticari-vize-dilekce-ornegi\/\",\"name\":\"Pakistan Ticari Vize Dilek\u00e7e \u00d6rne\u011fi - MyVize\",\"isPartOf\":{\"@id\":\"https:\/\/www.myvize.com.tr\/pakistan\/#website\"},\"datePublished\":\"2020-12-29T09:21:12+00:00\",\"dateModified\":\"2022-04-30T10:16:13+00:00\",\"description\":\"Pakistan ticari vize dilek\u00e7e \u00f6rnekleri g\u00fcncel 2022 g\u00f6rselleri. Pakistan ticari vize dilek\u00e7e \u00f6rnekleri nas\u0131l yaz\u0131l\u0131r?\",\"breadcrumb\":{\"@id\":\"https:\/\/www.myvize.com.tr\/pakistan\/form-ve-dilekce\/ticari-vize-dilekce-ornegi\/#breadcrumb\"},\"inLanguage\":\"tr\",\"potentialAction\":[{\"@type\":\"ReadAction\",\"target\":[\"https:\/\/www.myvize.com.tr\/pakistan\/form-ve-dilekce\/ticari-vize-dilekce-ornegi\/\"]}]},{\"@type\":\"BreadcrumbList\",\"@id\":\"https:\/\/www.myvize.com.tr\/pakistan\/form-ve-dilekce\/ticari-vize-dilekce-ornegi\/#breadcrumb\",\"itemListElement\":[{\"@type\":\"ListItem\",\"position\":1,\"name\":\"Anasayfa\",\"item\":\"https:\/\/www.myvize.com.tr\/pakistan\/\"},{\"@type\":\"ListItem\",\"position\":2,\"name\":\"FORM VE D\u0130LEK\u00c7E\",\"item\":\"https:\/\/www.myvize.com.tr\/pakistan\/form-ve-dilekce\/\"},{\"@type\":\"ListItem\",\"position\":3,\"name\":\"Pakistan Ticari Vize Dilek\u00e7e \u00d6rne\u011fi\"}]},{\"@type\":\"WebSite\",\"@id\":\"https:\/\/www.myvize.com.tr\/pakistan\/#website\",\"url\":\"https:\/\/www.myvize.com.tr\/pakistan\/\",\"name\":\"Pakistan Vizesi\",\"description\":\"\",\"potentialAction\":[{\"@type\":\"SearchAction\",\"target\":{\"@type\":\"EntryPoint\",\"urlTemplate\":\"https:\/\/www.myvize.com.tr\/pakistan\/?s={search_term_string}\"},\"query-input\":{\"@type\":\"PropertyValueSpecification\",\"valueRequired\":true,\"valueName\":\"search_term_string\"}}],\"inLanguage\":\"tr\"}]}<\/script>\n<!-- \/ Yoast SEO plugin. -->","yoast_head_json":{"title":"Pakistan Ticari Vize Dilek\u00e7e \u00d6rne\u011fi - MyVize","description":"Pakistan ticari vize dilek\u00e7e \u00f6rnekleri g\u00fcncel 2022 g\u00f6rselleri. Pakistan ticari vize dilek\u00e7e \u00f6rnekleri nas\u0131l yaz\u0131l\u0131r?","robots":{"index":"index","follow":"follow","max-snippet":"max-snippet:-1","max-image-preview":"max-image-preview:large","max-video-preview":"max-video-preview:-1"},"canonical":"https:\/\/www.myvize.com.tr\/pakistan\/form-ve-dilekce\/ticari-vize-dilekce-ornegi\/","og_locale":"tr_TR","og_type":"article","og_title":"Pakistan Ticari Vize Dilek\u00e7e \u00d6rne\u011fi - MyVize","og_description":"Pakistan ticari vize dilek\u00e7e \u00f6rnekleri g\u00fcncel 2022 g\u00f6rselleri. Pakistan ticari vize dilek\u00e7e \u00f6rnekleri nas\u0131l yaz\u0131l\u0131r?","og_url":"https:\/\/www.myvize.com.tr\/pakistan\/form-ve-dilekce\/ticari-vize-dilekce-ornegi\/","og_site_name":"Pakistan Vizesi","article_modified_time":"2022-04-30T10:16:13+00:00","twitter_card":"summary_large_image","twitter_misc":{"Tahmini okuma s\u00fcresi":"2 dakika"},"schema":{"@context":"https:\/\/schema.org","@graph":[{"@type":"WebPage","@id":"https:\/\/www.myvize.com.tr\/pakistan\/form-ve-dilekce\/ticari-vize-dilekce-ornegi\/","url":"https:\/\/www.myvize.com.tr\/pakistan\/form-ve-dilekce\/ticari-vize-dilekce-ornegi\/","name":"Pakistan Ticari Vize Dilek\u00e7e \u00d6rne\u011fi - MyVize","isPartOf":{"@id":"https:\/\/www.myvize.com.tr\/pakistan\/#website"},"datePublished":"2020-12-29T09:21:12+00:00","dateModified":"2022-04-30T10:16:13+00:00","description":"Pakistan ticari vize dilek\u00e7e \u00f6rnekleri g\u00fcncel 2022 g\u00f6rselleri. Pakistan ticari vize dilek\u00e7e \u00f6rnekleri nas\u0131l yaz\u0131l\u0131r?","breadcrumb":{"@id":"https:\/\/www.myvize.com.tr\/pakistan\/form-ve-dilekce\/ticari-vize-dilekce-ornegi\/#breadcrumb"},"inLanguage":"tr","potentialAction":[{"@type":"ReadAction","target":["https:\/\/www.myvize.com.tr\/pakistan\/form-ve-dilekce\/ticari-vize-dilekce-ornegi\/"]}]},{"@type":"BreadcrumbList","@id":"https:\/\/www.myvize.com.tr\/pakistan\/form-ve-dilekce\/ticari-vize-dilekce-ornegi\/#breadcrumb","itemListElement":[{"@type":"ListItem","position":1,"name":"Anasayfa","item":"https:\/\/www.myvize.com.tr\/pakistan\/"},{"@type":"ListItem","position":2,"name":"FORM VE D\u0130LEK\u00c7E","item":"https:\/\/www.myvize.com.tr\/pakistan\/form-ve-dilekce\/"},{"@type":"ListItem","position":3,"name":"Pakistan Ticari Vize Dilek\u00e7e \u00d6rne\u011fi"}]},{"@type":"WebSite","@id":"https:\/\/www.myvize.com.tr\/pakistan\/#website","url":"https:\/\/www.myvize.com.tr\/pakistan\/","name":"Pakistan Vizesi","description":"","potentialAction":[{"@type":"SearchAction","target":{"@type":"EntryPoint","urlTemplate":"https:\/\/www.myvize.com.tr\/pakistan\/?s={search_term_string}"},"query-input":{"@type":"PropertyValueSpecification","valueRequired":true,"valueName":"search_term_string"}}],"inLanguage":"tr"}]}},"_links":{"self":[{"href":"https:\/\/www.myvize.com.tr\/pakistan\/wp-json\/wp\/v2\/pages\/182","targetHints":{"allow":["GET"]}}],"collection":[{"href":"https:\/\/www.myvize.com.tr\/pakistan\/wp-json\/wp\/v2\/pages"}],"about":[{"href":"https:\/\/www.myvize.com.tr\/pakistan\/wp-json\/wp\/v2\/types\/page"}],"author":[{"embeddable":true,"href":"https:\/\/www.myvize.com.tr\/pakistan\/wp-json\/wp\/v2\/users\/1"}],"replies":[{"embeddable":true,"href":"https:\/\/www.myvize.com.tr\/pakistan\/wp-json\/wp\/v2\/comments?post=182"}],"version-history":[{"count":5,"href":"https:\/\/www.myvize.com.tr\/pakistan\/wp-json\/wp\/v2\/pages\/182\/revisions"}],"predecessor-version":[{"id":646,"href":"https:\/\/www.myvize.com.tr\/pakistan\/wp-json\/wp\/v2\/pages\/182\/revisions\/646"}],"up":[{"embeddable":true,"href":"https:\/\/www.myvize.com.tr\/pakistan\/wp-json\/wp\/v2\/pages\/167"}],"wp:attachment":[{"href":"https:\/\/www.myvize.com.tr\/pakistan\/wp-json\/wp\/v2\/media?parent=182"}],"curies":[{"name":"wp","href":"https:\/\/api.w.org\/{rel}","templated":true}]}}