{"id":208,"date":"2020-12-29T12:25:24","date_gmt":"2020-12-29T09:25:24","guid":{"rendered":"https:\/\/www.myvize.com.tr\/pakistan\/?page_id=208"},"modified":"2022-04-30T15:11:31","modified_gmt":"2022-04-30T12:11:31","slug":"ankara","status":"publish","type":"page","link":"https:\/\/www.myvize.com.tr\/pakistan\/subelerimiz\/ankara\/","title":{"rendered":"Pakistan Vizesi , Ankara"},"content":{"rendered":"<p><span style=\"font-family: Roboto;\"><\/span><\/p>\r\n<p><span style=\"font-family: Roboto; font-size: 14px;\"><strong>Pakistan Ankara vize merkezi\u00a0<\/strong>ofisimize ho\u015f geldiniz.<\/span><\/p>\r\n<p><span style=\"font-family: Roboto; font-size: 14px;\">\r\n\r\n<\/span><\/p>\r\n<p><span style=\"font-family: Roboto; font-size: 14px;\">K\u0131ymetli ziyaret\u00e7imiz\u00a0<strong>Pakistan Ankara vize merkezi\u00a0<\/strong>ofisimiz sizin ad\u0131n\u0131za vize i\u015flemlerinizi kolay ve h\u0131zl\u0131 bir \u015fekilde halletmemiz i\u00e7in olu\u015fturulmu\u015ftur. Merkezimize \u015fahsen gelmeden vize i\u015flemlerinizi yapabilirsiniz. Sitemizi ayr\u0131nt\u0131l\u0131 bir \u015fekilde inceledikten sonra bize mail, telefon ya da adresimizden rahatl\u0131kla ula\u015fabilirsiniz.\u00a0<strong>Pakistan Ankara vize merkezi\u00a0<\/strong>olarak size uzman ekibimizle birlikte kaliteli bir hizmet sunmak isteriz.<\/span><\/p>\r\n<p><span style=\"font-family: Roboto; font-size: 14px;\">\r\n\r\n<\/span><\/p>\r\n<p><span style=\"font-family: Roboto; font-size: 14px;\"><strong>Pakistan Ankara vize merkezi\u00a0<\/strong>ofisimiz size vize i\u015flemlerinin her ad\u0131m\u0131n\u0131 takip eder ve size gerekli bilgilendirmeyi yapar. Pakistan vize i\u015flemlerinizi seyahatinizden en az 15 g\u00fcn \u00f6nce ba\u015flatman\u0131z gerekmektedir. Vize ba\u015fvuru incelemelerini Pakistan B\u00fcy\u00fck El\u00e7ili\u011fi taraf\u0131ndan yap\u0131ld\u0131\u011f\u0131 i\u00e7in El\u00e7ili\u011fin kapal\u0131 oldu\u011fu g\u00fcnler ve yo\u011funluk oran\u0131 da d\u00fc\u015f\u00fcn\u00fclerek ba\u015fvuru yap\u0131lmal\u0131d\u0131r.<\/span><\/p>\r\n<p><span style=\"font-family: Roboto; font-size: 14px;\">\r\n\r\n<\/span><\/p>\r\n<h2 class=\"wp-block-heading\"><span style=\"font-family: Roboto; font-size: 27px;\"><strong>PAK\u0130STAN V\u0130ZE \u0130\u015eLEMLER\u0130<\/strong><\/span><\/h2>\r\n<p><span style=\"font-family: Roboto; font-size: 14px;\">\r\n\r\n<\/span><\/p>\r\n<p><span style=\"font-family: Roboto; font-size: 14px;\"><strong>Pakistan Ankara vize merkezi\u00a0<\/strong>sizin ad\u0131n\u0131za ba\u015fvuru yapt\u0131ktan sonra Pakistan B\u00fcy\u00fck El\u00e7ili\u011fi taraf\u0131ndan aranabilirsiniz. Bu ender rastlanan bir durumdur bunun nedeni ise B\u00fcy\u00fck El\u00e7ilik sizi daha yak\u0131ndan tan\u0131mak ve sizin hakk\u0131n\u0131zda daha \u00e7ok bilgi edinmek isteyebilir.<\/span><\/p>\r\n<p><span style=\"font-family: Roboto;\"><\/span><\/p>","protected":false},"excerpt":{"rendered":"<p>Pakistan Ankara vize merkezi\u00a0ofisimize ho\u015f geldiniz. K\u0131ymetli ziyaret\u00e7imiz\u00a0Pakistan Ankara vize merkezi\u00a0ofisimiz sizin ad\u0131n\u0131za vize i\u015flemlerinizi kolay ve h\u0131zl\u0131 bir \u015fekilde halletmemiz i\u00e7in olu\u015fturulmu\u015ftur. Merkezimize \u015fahsen gelmeden vize i\u015flemlerinizi yapabilirsiniz. Sitemizi ayr\u0131nt\u0131l\u0131 bir \u015fekilde inceledikten sonra bize mail, telefon ya da adresimizden rahatl\u0131kla ula\u015fabilirsiniz.\u00a0Pakistan Ankara vize merkezi\u00a0olarak size uzman ekibimizle birlikte kaliteli bir hizmet sunmak isteriz.<\/p>\n","protected":false},"author":1,"featured_media":0,"parent":173,"menu_order":0,"comment_status":"open","ping_status":"closed","template":"","meta":{"footnotes":""},"class_list":["post-208","page","type-page","status-publish","hentry"],"yoast_head":"<!-- This site is optimized with the Yoast SEO plugin v24.0 - https:\/\/yoast.com\/wordpress\/plugins\/seo\/ -->\n<title>Pakistan Vize Ba\u015fvuru Merkezimiz Ankara - MyVize<\/title>\n<meta name=\"description\" content=\"Pakistan vizesi Ankara ofisimiz, hangi \u00fclkeye seyahat etmek isterseniz gerekli b\u00fct\u00fcn bilgilere ula\u015fabilirsiniz: 0850 346 84 93\" \/>\n<meta name=\"robots\" content=\"index, follow, max-snippet:-1, max-image-preview:large, max-video-preview:-1\" \/>\n<link rel=\"canonical\" href=\"https:\/\/www.myvize.com.tr\/pakistan\/subelerimiz\/ankara\/\" \/>\n<meta property=\"og:locale\" content=\"tr_TR\" \/>\n<meta property=\"og:type\" content=\"article\" \/>\n<meta property=\"og:title\" content=\"Pakistan Vize Ba\u015fvuru Merkezimiz Ankara - MyVize\" \/>\n<meta property=\"og:description\" content=\"Pakistan vizesi Ankara ofisimiz, hangi \u00fclkeye seyahat etmek isterseniz gerekli b\u00fct\u00fcn bilgilere ula\u015fabilirsiniz: 0850 346 84 93\" \/>\n<meta property=\"og:url\" content=\"https:\/\/www.myvize.com.tr\/pakistan\/subelerimiz\/ankara\/\" \/>\n<meta property=\"og:site_name\" content=\"Pakistan Vizesi\" \/>\n<meta property=\"article:modified_time\" content=\"2022-04-30T12:11:31+00:00\" \/>\n<meta name=\"twitter:card\" content=\"summary_large_image\" \/>\n<meta name=\"twitter:label1\" content=\"Tahmini okuma s\u00fcresi\" \/>\n\t<meta name=\"twitter:data1\" content=\"1 dakika\" \/>\n<script type=\"application\/ld+json\" class=\"yoast-schema-graph\">{\"@context\":\"https:\/\/schema.org\",\"@graph\":[{\"@type\":\"WebPage\",\"@id\":\"https:\/\/www.myvize.com.tr\/pakistan\/subelerimiz\/ankara\/\",\"url\":\"https:\/\/www.myvize.com.tr\/pakistan\/subelerimiz\/ankara\/\",\"name\":\"Pakistan Vize Ba\u015fvuru Merkezimiz Ankara - MyVize\",\"isPartOf\":{\"@id\":\"https:\/\/www.myvize.com.tr\/pakistan\/#website\"},\"datePublished\":\"2020-12-29T09:25:24+00:00\",\"dateModified\":\"2022-04-30T12:11:31+00:00\",\"description\":\"Pakistan vizesi Ankara ofisimiz, hangi \u00fclkeye seyahat etmek isterseniz gerekli b\u00fct\u00fcn bilgilere ula\u015fabilirsiniz: 0850 346 84 93\",\"breadcrumb\":{\"@id\":\"https:\/\/www.myvize.com.tr\/pakistan\/subelerimiz\/ankara\/#breadcrumb\"},\"inLanguage\":\"tr\",\"potentialAction\":[{\"@type\":\"ReadAction\",\"target\":[\"https:\/\/www.myvize.com.tr\/pakistan\/subelerimiz\/ankara\/\"]}]},{\"@type\":\"BreadcrumbList\",\"@id\":\"https:\/\/www.myvize.com.tr\/pakistan\/subelerimiz\/ankara\/#breadcrumb\",\"itemListElement\":[{\"@type\":\"ListItem\",\"position\":1,\"name\":\"Anasayfa\",\"item\":\"https:\/\/www.myvize.com.tr\/pakistan\/\"},{\"@type\":\"ListItem\",\"position\":2,\"name\":\"\u015eUBELER\u0130M\u0130Z\",\"item\":\"https:\/\/www.myvize.com.tr\/pakistan\/subelerimiz\/\"},{\"@type\":\"ListItem\",\"position\":3,\"name\":\"Pakistan Vizesi , Ankara\"}]},{\"@type\":\"WebSite\",\"@id\":\"https:\/\/www.myvize.com.tr\/pakistan\/#website\",\"url\":\"https:\/\/www.myvize.com.tr\/pakistan\/\",\"name\":\"Pakistan Vizesi\",\"description\":\"\",\"potentialAction\":[{\"@type\":\"SearchAction\",\"target\":{\"@type\":\"EntryPoint\",\"urlTemplate\":\"https:\/\/www.myvize.com.tr\/pakistan\/?s={search_term_string}\"},\"query-input\":{\"@type\":\"PropertyValueSpecification\",\"valueRequired\":true,\"valueName\":\"search_term_string\"}}],\"inLanguage\":\"tr\"}]}<\/script>\n<!-- \/ Yoast SEO plugin. -->","yoast_head_json":{"title":"Pakistan Vize Ba\u015fvuru Merkezimiz Ankara - MyVize","description":"Pakistan vizesi Ankara ofisimiz, hangi \u00fclkeye seyahat etmek isterseniz gerekli b\u00fct\u00fcn bilgilere ula\u015fabilirsiniz: 0850 346 84 93","robots":{"index":"index","follow":"follow","max-snippet":"max-snippet:-1","max-image-preview":"max-image-preview:large","max-video-preview":"max-video-preview:-1"},"canonical":"https:\/\/www.myvize.com.tr\/pakistan\/subelerimiz\/ankara\/","og_locale":"tr_TR","og_type":"article","og_title":"Pakistan Vize Ba\u015fvuru Merkezimiz Ankara - MyVize","og_description":"Pakistan vizesi Ankara ofisimiz, hangi \u00fclkeye seyahat etmek isterseniz gerekli b\u00fct\u00fcn bilgilere ula\u015fabilirsiniz: 0850 346 84 93","og_url":"https:\/\/www.myvize.com.tr\/pakistan\/subelerimiz\/ankara\/","og_site_name":"Pakistan Vizesi","article_modified_time":"2022-04-30T12:11:31+00:00","twitter_card":"summary_large_image","twitter_misc":{"Tahmini okuma s\u00fcresi":"1 dakika"},"schema":{"@context":"https:\/\/schema.org","@graph":[{"@type":"WebPage","@id":"https:\/\/www.myvize.com.tr\/pakistan\/subelerimiz\/ankara\/","url":"https:\/\/www.myvize.com.tr\/pakistan\/subelerimiz\/ankara\/","name":"Pakistan Vize Ba\u015fvuru Merkezimiz Ankara - MyVize","isPartOf":{"@id":"https:\/\/www.myvize.com.tr\/pakistan\/#website"},"datePublished":"2020-12-29T09:25:24+00:00","dateModified":"2022-04-30T12:11:31+00:00","description":"Pakistan vizesi Ankara ofisimiz, hangi \u00fclkeye seyahat etmek isterseniz gerekli b\u00fct\u00fcn bilgilere ula\u015fabilirsiniz: 0850 346 84 93","breadcrumb":{"@id":"https:\/\/www.myvize.com.tr\/pakistan\/subelerimiz\/ankara\/#breadcrumb"},"inLanguage":"tr","potentialAction":[{"@type":"ReadAction","target":["https:\/\/www.myvize.com.tr\/pakistan\/subelerimiz\/ankara\/"]}]},{"@type":"BreadcrumbList","@id":"https:\/\/www.myvize.com.tr\/pakistan\/subelerimiz\/ankara\/#breadcrumb","itemListElement":[{"@type":"ListItem","position":1,"name":"Anasayfa","item":"https:\/\/www.myvize.com.tr\/pakistan\/"},{"@type":"ListItem","position":2,"name":"\u015eUBELER\u0130M\u0130Z","item":"https:\/\/www.myvize.com.tr\/pakistan\/subelerimiz\/"},{"@type":"ListItem","position":3,"name":"Pakistan Vizesi , Ankara"}]},{"@type":"WebSite","@id":"https:\/\/www.myvize.com.tr\/pakistan\/#website","url":"https:\/\/www.myvize.com.tr\/pakistan\/","name":"Pakistan Vizesi","description":"","potentialAction":[{"@type":"SearchAction","target":{"@type":"EntryPoint","urlTemplate":"https:\/\/www.myvize.com.tr\/pakistan\/?s={search_term_string}"},"query-input":{"@type":"PropertyValueSpecification","valueRequired":true,"valueName":"search_term_string"}}],"inLanguage":"tr"}]}},"_links":{"self":[{"href":"https:\/\/www.myvize.com.tr\/pakistan\/wp-json\/wp\/v2\/pages\/208","targetHints":{"allow":["GET"]}}],"collection":[{"href":"https:\/\/www.myvize.com.tr\/pakistan\/wp-json\/wp\/v2\/pages"}],"about":[{"href":"https:\/\/www.myvize.com.tr\/pakistan\/wp-json\/wp\/v2\/types\/page"}],"author":[{"embeddable":true,"href":"https:\/\/www.myvize.com.tr\/pakistan\/wp-json\/wp\/v2\/users\/1"}],"replies":[{"embeddable":true,"href":"https:\/\/www.myvize.com.tr\/pakistan\/wp-json\/wp\/v2\/comments?post=208"}],"version-history":[{"count":5,"href":"https:\/\/www.myvize.com.tr\/pakistan\/wp-json\/wp\/v2\/pages\/208\/revisions"}],"predecessor-version":[{"id":663,"href":"https:\/\/www.myvize.com.tr\/pakistan\/wp-json\/wp\/v2\/pages\/208\/revisions\/663"}],"up":[{"embeddable":true,"href":"https:\/\/www.myvize.com.tr\/pakistan\/wp-json\/wp\/v2\/pages\/173"}],"wp:attachment":[{"href":"https:\/\/www.myvize.com.tr\/pakistan\/wp-json\/wp\/v2\/media?parent=208"}],"curies":[{"name":"wp","href":"https:\/\/api.w.org\/{rel}","templated":true}]}}