{"id":263,"date":"2021-03-30T21:48:08","date_gmt":"2021-03-30T18:48:08","guid":{"rendered":"https:\/\/www.myvize.com.tr\/pakistan\/?page_id=263"},"modified":"2022-04-30T12:54:16","modified_gmt":"2022-04-30T09:54:16","slug":"pakistan-vize-ucreti","status":"publish","type":"page","link":"https:\/\/www.myvize.com.tr\/pakistan\/pakistan-vize-ucreti\/","title":{"rendered":"Pakistan Vize \u00dccreti"},"content":{"rendered":"<p><span style=\"font-family: Roboto;\"><\/span><\/p>\r\n<p><span style=\"font-family: Roboto; font-size: 14px;\">Pakistan\u2019a seyahat edecek olan T\u00fcrk vatanda\u015flar\u0131n\u0131n vize alma \u015fart\u0131 bulunmaktad\u0131r. <span style=\"color: #2acec2;\"><strong><a style=\"color: #2acec2;\" href=\"https:\/\/www.myvize.com.tr\/pakistan\/vize-islemleri\/\" target=\"_blank\" rel=\"noopener\">Vize i\u015flemleri <\/a><\/strong><\/span>s\u0131ras\u0131nda ki\u015filerin kar\u015f\u0131la\u015faca\u011f\u0131 bir tak\u0131m \u00fccretler olacakt\u0131r. Bu \u00fccretlerin \u00f6denmesi konusunda belirli kurumlardan hizmet al\u0131nmaktad\u0131r.<\/span><\/p>\r\n<p><span style=\"font-family: Roboto; font-size: 14px;\">\r\n\r\n<\/span><\/p>\r\n<p><span style=\"font-family: Roboto; font-size: 14px;\"><strong>Pakistan vize \u00fccretleri<\/strong> konusunda her sene g\u00fcncelleme yap\u0131ld\u0131\u011f\u0131 i\u00e7in do\u011fru tutarlar \u00fczerinden yat\u0131r\u0131m yap\u0131lmas\u0131 \u00f6nemlidir. Bununla birlikte ki\u015filerin vize \u00fccretlerini yat\u0131rd\u0131ktan sonra mutlaka bir dekont almas\u0131 da aran\u0131lan kriterler aras\u0131ndad\u0131r. <strong>Pakistan vize \u00fccretleri<\/strong> b\u00fcy\u00fckel\u00e7ilik ve ba\u015fkonsolosluklar taraf\u0131ndan belirlenmektedir. Bu nedenle yanl\u0131\u015f yat\u0131r\u0131lan vize \u00fccretlerinin geri teslim edilmemesi de kar\u015f\u0131la\u015fabilece\u011finiz durumlar aras\u0131ndad\u0131r.<\/span><\/p>\r\n<p><span style=\"font-family: Roboto; font-size: 14px;\">\r\n\r\n<\/span><\/p>\r\n<h2><span style=\"font-family: Roboto; font-size: 27px;\"><strong>Pakistan Vizesi Nas\u0131l Al\u0131n\u0131r?<\/strong><\/span><\/h2>\r\n<p><span style=\"font-family: Roboto; font-size: 14px;\">\r\n\r\n<\/span><\/p>\r\n<p><span style=\"font-family: Roboto; font-size: 14px;\">Pakistan vizesinin al\u0131nabilmesi i\u00e7in ki\u015filerin \u00f6ncelikle evraklar\u0131n\u0131 haz\u0131rlamas\u0131 gerekmektedir. E\u011fer bir pasaportunuz yoksa mutlaka pasaport alman\u0131z gerekmektedir. Pasaportunuzu 6 ayl\u0131k ve 10 y\u0131ll\u0131k aras\u0131nda bir s\u00fcre\u00e7te alabilirsiniz. 6 ayl\u0131k pasaport i\u00e7in yat\u0131rman\u0131z gereken \u00fccret 407,20 TL\u2019dir.<\/span><\/p>\r\n<p><span style=\"font-family: Roboto; font-size: 14px;\">\r\n\r\n<\/span><\/p>\r\n<p><span style=\"font-family: Roboto; font-size: 14px;\">10 y\u0131ll\u0131k pasaport almak isterseniz ise 1265,40 TL \u00f6demeniz gerekmektedir. Pasaportlar 10 y\u0131ldan daha fazla bir s\u00fcre i\u00e7in al\u0131namamaktad\u0131r. Pasaport i\u015flemlerinizi tamamlad\u0131ktan sonra ba\u015fvuru formu ve dilek\u00e7e gibi evraklar\u0131n\u0131z da haz\u0131rlaman\u0131z gerekiyor. Bu evraklar i\u00e7erisinde en \u00f6nemlisi <span style=\"color: #2acec2;\"><strong><a style=\"color: #2acec2;\" href=\"https:\/\/www.myvize.com.tr\/pakistan\/vize-islemleri\/pakistan-vize-basvuru-formu\/\" target=\"_blank\" rel=\"noopener\">Pakistan vize ba\u015fvuru formu<\/a><\/strong><\/span> ve dilek\u00e7e gibi seyahatinizin t\u00fcm amac\u0131n\u0131 ortaya koyan evraklard\u0131r.<\/span><\/p>\r\n<p><span style=\"font-family: Roboto; font-size: 14px;\">\r\n\r\n<\/span><\/p>\r\n<p><span style=\"font-family: Roboto; font-size: 14px;\">Ba\u015fvuru formunu ve dilek\u00e7eyi mutlaka istenilen diye kriterlerine uygun bir \u015fekilde haz\u0131rlamal\u0131s\u0131n\u0131z. Bununla birlikte bize evraklar\u0131n\u0131z\u0131n hepsini tamamlad\u0131ktan sonra \u00fccretlerin yat\u0131r\u0131lmas\u0131n\u0131 ger\u00e7ekle\u015ftirebilir ve bu \u00fccretler kar\u015f\u0131l\u0131\u011f\u0131nda ald\u0131\u011f\u0131n\u0131z dekontu da dosyan\u0131z\u0131 eklemeniz gerekir.<\/span><\/p>\r\n<p><span style=\"font-family: Roboto; font-size: 14px;\"> <img decoding=\"async\" src=\"https:\/\/www.myvize.com.tr\/pakistan\/wp-content\/uploads\/2021\/10\/15.jpg\" \/> <\/span><\/p>\r\n<h2><span style=\"font-family: Roboto; font-size: 27px;\"><strong>Pakistan Vize \u00dccreti Ne Kadar?<\/strong><\/span><\/h2>\r\n<p><span style=\"font-family: Roboto; font-size: 14px;\">\r\n\r\n<\/span><\/p>\r\n<p><span style=\"font-family: Roboto; font-size: 14px;\">Pakistan\u2019a seyahat edecek olan vatanda\u015flar\u0131n \u00f6demesi gereken vize \u00fccretleri vizenin t\u00fcr\u00fcne g\u00f6re de\u011fi\u015fmektedir. Bu vize \u00fccretleri e\u011fer <strong>ticari vize<\/strong> al\u0131nacak ise 205 Euro \u00f6denmesi gerekiyor. Ancak alaca\u011f\u0131n\u0131z vize turistik vize ise 170 Euro \u00f6demek yeterlidir. Ayn\u0131 zamanda mutlaka 30000 Euro teminatl\u0131 seyahat sa\u011fl\u0131k sigortas\u0131 yapt\u0131rman\u0131z gerekiyor. Sigorta \u00fccreti acenteye g\u00f6re farkl\u0131l\u0131k g\u00f6sterebilir.<\/span><\/p>\r\n<h2><span style=\"font-family: Roboto; font-size: 27px;\"><strong>Pakistan Vize \u00dccreti 2022<\/strong><\/span><\/h2>\r\n<p><span style=\"font-family: Roboto; font-size: 14px;\">Pakistan Cumhuriyeti&#8217;ne seyahat edecek olan T\u00fcrkiye Cumhuriyeti vatanda\u015f\u0131 Umumi bordo, pasaporta sahipse vize ba\u015fvurusu yapmak zorundad\u0131r. Hususi ye\u015fil, Hizmet gri ve Diplomatik siyah pasaport sahibi T\u00fcrkiye vatanda\u015f\u0131n\u0131n 1 y\u0131l i\u00e7inde 3 ay\u0131 ge\u00e7meyen seyahat plan\u0131nda ayr\u0131ca vize alman\u0131za gerek yoktur. Fakat muafiyet, Pakistan seyahat sonras\u0131 pasaportun ge\u00e7erlilik s\u00fcreleri en az 6 ay olan Ye\u015fil, Gri veya Siyah pasaport sahibi olan T\u00fcrkiye Cumhuriyeti vatanda\u015f\u0131 i\u00e7in ge\u00e7erlidir.<span style=\"color: #2acec2;\"><strong><a style=\"color: #2acec2;\" href=\"https:\/\/www.myvize.com.tr\/pakistan\/vize-islemleri\/pakistan-vizesi\/\" target=\"_blank\" rel=\"noopener\"> Pakistan vizesi<\/a><\/strong><\/span> t\u00fcrleri Pakistan Cumhuriyeti vize t\u00fcr\u00fc seyahat sebeplerine g\u00f6re kategorilendirilmi\u015ftir. <strong>Pakistan Konsoloslu\u011fu<\/strong> vize i\u015flemi i\u00e7in dan\u0131\u015fmanl\u0131k hizmeti bulunmamaktad\u0131r. Buna ek olarak Pakistan Cumhuriyeti, T\u00fcrkiye Cumhuriyeti vatanda\u015f\u0131na kap\u0131da vize uygulama hizmeti vermemektedir.<\/span><br \/><span style=\"font-family: Roboto; font-size: 14px;\">Pakistan Vize \u00fccretleri ise \u015f\u00f6yledir:<\/span><br \/><span style=\"font-family: Roboto; font-size: 14px;\">3 Ay-30 G\u00fcn Turistik 1 Giri\u015f 170 $.<\/span><br \/><span style=\"font-family: Roboto; font-size: 14px;\">3 Ay-30 G\u00fcn Ticari 1 Giri\u015f 205 $.<\/span><br \/><span style=\"font-family: Roboto; font-size: 14px;\">3 Ay-30 G\u00fcn \u00c7al\u0131\u015fma 1 Giri\u015f 205 $.<\/span><br \/><span style=\"font-family: Roboto; font-size: 14px;\">3 Ay-30 G\u00fcn \u00d6zel Ziyaret 1 Giri\u015f 170 $.<\/span><br \/><span style=\"font-family: Roboto; font-size: 14px;\">3 Ay-30 G\u00fcn E\u011fitim 1 Giri\u015f 170 $.<\/span><br \/><span style=\"font-family: Roboto; font-size: 14px;\">1 Y\u0131l Ticari \u00c7ok Giri\u015f 520 $.<\/span><br \/><span style=\"font-family: Roboto; font-size: 14px;\">1 Y\u0131l \u00c7al\u0131\u015fma \u00c7ok Giri\u015f 520 $.<\/span><\/p>\r\n<p><span style=\"font-family: Roboto;\"><\/span><\/p>","protected":false},"excerpt":{"rendered":"<p>Pakistan\u2019a seyahat edecek olan T\u00fcrk vatanda\u015flar\u0131n\u0131n vize alma \u015fart\u0131 bulunmaktad\u0131r. Vize i\u015flemleri s\u0131ras\u0131nda ki\u015filerin kar\u015f\u0131la\u015faca\u011f\u0131 bir tak\u0131m \u00fccretler olacakt\u0131r. Bu \u00fccretlerin \u00f6denmesi konusunda belirli kurumlardan hizmet al\u0131nmaktad\u0131r. Pakistan vize \u00fccretleri konusunda her sene g\u00fcncelleme yap\u0131ld\u0131\u011f\u0131 i\u00e7in do\u011fru tutarlar \u00fczerinden yat\u0131r\u0131m yap\u0131lmas\u0131 \u00f6nemlidir. Bununla birlikte ki\u015filerin vize \u00fccretlerini yat\u0131rd\u0131ktan sonra mutlaka bir dekont almas\u0131 da aran\u0131lan<\/p>\n","protected":false},"author":1,"featured_media":0,"parent":0,"menu_order":0,"comment_status":"open","ping_status":"closed","template":"","meta":{"footnotes":""},"class_list":["post-263","page","type-page","status-publish","hentry"],"yoast_head":"<!-- This site is optimized with the Yoast SEO plugin v24.0 - https:\/\/yoast.com\/wordpress\/plugins\/seo\/ -->\n<title>Pakistan Vize \u00dccreti - Pakistan Vizesi - MyVize<\/title>\n<meta name=\"description\" content=\"Pakistan vizesi \u00fccreti hakk\u0131nda bilgi i\u00e7in ileti\u015fime ge\u00e7ebilirsiniz. Pakistan vize \u00fccreti vize tipine g\u00f6re de\u011fi\u015fiklik g\u00f6sterebilir.\" \/>\n<meta name=\"robots\" content=\"index, follow, max-snippet:-1, max-image-preview:large, max-video-preview:-1\" \/>\n<link rel=\"canonical\" href=\"https:\/\/www.myvize.com.tr\/pakistan\/pakistan-vize-ucreti\/\" \/>\n<meta property=\"og:locale\" content=\"tr_TR\" \/>\n<meta property=\"og:type\" content=\"article\" \/>\n<meta property=\"og:title\" content=\"Pakistan Vize \u00dccreti - Pakistan Vizesi - MyVize\" \/>\n<meta property=\"og:description\" content=\"Pakistan vizesi \u00fccreti hakk\u0131nda bilgi i\u00e7in ileti\u015fime ge\u00e7ebilirsiniz. Pakistan vize \u00fccreti vize tipine g\u00f6re de\u011fi\u015fiklik g\u00f6sterebilir.\" \/>\n<meta property=\"og:url\" content=\"https:\/\/www.myvize.com.tr\/pakistan\/pakistan-vize-ucreti\/\" \/>\n<meta property=\"og:site_name\" content=\"Pakistan Vizesi\" \/>\n<meta property=\"article:modified_time\" content=\"2022-04-30T09:54:16+00:00\" \/>\n<meta property=\"og:image\" content=\"https:\/\/www.myvize.com.tr\/pakistan\/wp-content\/uploads\/2021\/10\/15.jpg\" \/>\n<meta name=\"twitter:card\" content=\"summary_large_image\" \/>\n<meta name=\"twitter:label1\" content=\"Tahmini okuma s\u00fcresi\" \/>\n\t<meta name=\"twitter:data1\" content=\"3 dakika\" \/>\n<script type=\"application\/ld+json\" class=\"yoast-schema-graph\">{\"@context\":\"https:\/\/schema.org\",\"@graph\":[{\"@type\":\"WebPage\",\"@id\":\"https:\/\/www.myvize.com.tr\/pakistan\/pakistan-vize-ucreti\/\",\"url\":\"https:\/\/www.myvize.com.tr\/pakistan\/pakistan-vize-ucreti\/\",\"name\":\"Pakistan Vize \u00dccreti - Pakistan Vizesi - MyVize\",\"isPartOf\":{\"@id\":\"https:\/\/www.myvize.com.tr\/pakistan\/#website\"},\"primaryImageOfPage\":{\"@id\":\"https:\/\/www.myvize.com.tr\/pakistan\/pakistan-vize-ucreti\/#primaryimage\"},\"image\":{\"@id\":\"https:\/\/www.myvize.com.tr\/pakistan\/pakistan-vize-ucreti\/#primaryimage\"},\"thumbnailUrl\":\"https:\/\/www.myvize.com.tr\/pakistan\/wp-content\/uploads\/2021\/10\/15.jpg\",\"datePublished\":\"2021-03-30T18:48:08+00:00\",\"dateModified\":\"2022-04-30T09:54:16+00:00\",\"description\":\"Pakistan vizesi \u00fccreti hakk\u0131nda bilgi i\u00e7in ileti\u015fime ge\u00e7ebilirsiniz. Pakistan vize \u00fccreti vize tipine g\u00f6re de\u011fi\u015fiklik g\u00f6sterebilir.\",\"breadcrumb\":{\"@id\":\"https:\/\/www.myvize.com.tr\/pakistan\/pakistan-vize-ucreti\/#breadcrumb\"},\"inLanguage\":\"tr\",\"potentialAction\":[{\"@type\":\"ReadAction\",\"target\":[\"https:\/\/www.myvize.com.tr\/pakistan\/pakistan-vize-ucreti\/\"]}]},{\"@type\":\"ImageObject\",\"inLanguage\":\"tr\",\"@id\":\"https:\/\/www.myvize.com.tr\/pakistan\/pakistan-vize-ucreti\/#primaryimage\",\"url\":\"https:\/\/www.myvize.com.tr\/pakistan\/wp-content\/uploads\/2021\/10\/15.jpg\",\"contentUrl\":\"https:\/\/www.myvize.com.tr\/pakistan\/wp-content\/uploads\/2021\/10\/15.jpg\",\"width\":800,\"height\":500,\"caption\":\"Pakistan Vize \u00dccreti\"},{\"@type\":\"BreadcrumbList\",\"@id\":\"https:\/\/www.myvize.com.tr\/pakistan\/pakistan-vize-ucreti\/#breadcrumb\",\"itemListElement\":[{\"@type\":\"ListItem\",\"position\":1,\"name\":\"Anasayfa\",\"item\":\"https:\/\/www.myvize.com.tr\/pakistan\/\"},{\"@type\":\"ListItem\",\"position\":2,\"name\":\"Pakistan Vize \u00dccreti\"}]},{\"@type\":\"WebSite\",\"@id\":\"https:\/\/www.myvize.com.tr\/pakistan\/#website\",\"url\":\"https:\/\/www.myvize.com.tr\/pakistan\/\",\"name\":\"Pakistan Vizesi\",\"description\":\"\",\"potentialAction\":[{\"@type\":\"SearchAction\",\"target\":{\"@type\":\"EntryPoint\",\"urlTemplate\":\"https:\/\/www.myvize.com.tr\/pakistan\/?s={search_term_string}\"},\"query-input\":{\"@type\":\"PropertyValueSpecification\",\"valueRequired\":true,\"valueName\":\"search_term_string\"}}],\"inLanguage\":\"tr\"}]}<\/script>\n<!-- \/ Yoast SEO plugin. -->","yoast_head_json":{"title":"Pakistan Vize \u00dccreti - Pakistan Vizesi - MyVize","description":"Pakistan vizesi \u00fccreti hakk\u0131nda bilgi i\u00e7in ileti\u015fime ge\u00e7ebilirsiniz. Pakistan vize \u00fccreti vize tipine g\u00f6re de\u011fi\u015fiklik g\u00f6sterebilir.","robots":{"index":"index","follow":"follow","max-snippet":"max-snippet:-1","max-image-preview":"max-image-preview:large","max-video-preview":"max-video-preview:-1"},"canonical":"https:\/\/www.myvize.com.tr\/pakistan\/pakistan-vize-ucreti\/","og_locale":"tr_TR","og_type":"article","og_title":"Pakistan Vize \u00dccreti - Pakistan Vizesi - MyVize","og_description":"Pakistan vizesi \u00fccreti hakk\u0131nda bilgi i\u00e7in ileti\u015fime ge\u00e7ebilirsiniz. Pakistan vize \u00fccreti vize tipine g\u00f6re de\u011fi\u015fiklik g\u00f6sterebilir.","og_url":"https:\/\/www.myvize.com.tr\/pakistan\/pakistan-vize-ucreti\/","og_site_name":"Pakistan Vizesi","article_modified_time":"2022-04-30T09:54:16+00:00","og_image":[{"url":"https:\/\/www.myvize.com.tr\/pakistan\/wp-content\/uploads\/2021\/10\/15.jpg","type":"","width":"","height":""}],"twitter_card":"summary_large_image","twitter_misc":{"Tahmini okuma s\u00fcresi":"3 dakika"},"schema":{"@context":"https:\/\/schema.org","@graph":[{"@type":"WebPage","@id":"https:\/\/www.myvize.com.tr\/pakistan\/pakistan-vize-ucreti\/","url":"https:\/\/www.myvize.com.tr\/pakistan\/pakistan-vize-ucreti\/","name":"Pakistan Vize \u00dccreti - Pakistan Vizesi - MyVize","isPartOf":{"@id":"https:\/\/www.myvize.com.tr\/pakistan\/#website"},"primaryImageOfPage":{"@id":"https:\/\/www.myvize.com.tr\/pakistan\/pakistan-vize-ucreti\/#primaryimage"},"image":{"@id":"https:\/\/www.myvize.com.tr\/pakistan\/pakistan-vize-ucreti\/#primaryimage"},"thumbnailUrl":"https:\/\/www.myvize.com.tr\/pakistan\/wp-content\/uploads\/2021\/10\/15.jpg","datePublished":"2021-03-30T18:48:08+00:00","dateModified":"2022-04-30T09:54:16+00:00","description":"Pakistan vizesi \u00fccreti hakk\u0131nda bilgi i\u00e7in ileti\u015fime ge\u00e7ebilirsiniz. Pakistan vize \u00fccreti vize tipine g\u00f6re de\u011fi\u015fiklik g\u00f6sterebilir.","breadcrumb":{"@id":"https:\/\/www.myvize.com.tr\/pakistan\/pakistan-vize-ucreti\/#breadcrumb"},"inLanguage":"tr","potentialAction":[{"@type":"ReadAction","target":["https:\/\/www.myvize.com.tr\/pakistan\/pakistan-vize-ucreti\/"]}]},{"@type":"ImageObject","inLanguage":"tr","@id":"https:\/\/www.myvize.com.tr\/pakistan\/pakistan-vize-ucreti\/#primaryimage","url":"https:\/\/www.myvize.com.tr\/pakistan\/wp-content\/uploads\/2021\/10\/15.jpg","contentUrl":"https:\/\/www.myvize.com.tr\/pakistan\/wp-content\/uploads\/2021\/10\/15.jpg","width":800,"height":500,"caption":"Pakistan Vize \u00dccreti"},{"@type":"BreadcrumbList","@id":"https:\/\/www.myvize.com.tr\/pakistan\/pakistan-vize-ucreti\/#breadcrumb","itemListElement":[{"@type":"ListItem","position":1,"name":"Anasayfa","item":"https:\/\/www.myvize.com.tr\/pakistan\/"},{"@type":"ListItem","position":2,"name":"Pakistan Vize \u00dccreti"}]},{"@type":"WebSite","@id":"https:\/\/www.myvize.com.tr\/pakistan\/#website","url":"https:\/\/www.myvize.com.tr\/pakistan\/","name":"Pakistan Vizesi","description":"","potentialAction":[{"@type":"SearchAction","target":{"@type":"EntryPoint","urlTemplate":"https:\/\/www.myvize.com.tr\/pakistan\/?s={search_term_string}"},"query-input":{"@type":"PropertyValueSpecification","valueRequired":true,"valueName":"search_term_string"}}],"inLanguage":"tr"}]}},"_links":{"self":[{"href":"https:\/\/www.myvize.com.tr\/pakistan\/wp-json\/wp\/v2\/pages\/263","targetHints":{"allow":["GET"]}}],"collection":[{"href":"https:\/\/www.myvize.com.tr\/pakistan\/wp-json\/wp\/v2\/pages"}],"about":[{"href":"https:\/\/www.myvize.com.tr\/pakistan\/wp-json\/wp\/v2\/types\/page"}],"author":[{"embeddable":true,"href":"https:\/\/www.myvize.com.tr\/pakistan\/wp-json\/wp\/v2\/users\/1"}],"replies":[{"embeddable":true,"href":"https:\/\/www.myvize.com.tr\/pakistan\/wp-json\/wp\/v2\/comments?post=263"}],"version-history":[{"count":5,"href":"https:\/\/www.myvize.com.tr\/pakistan\/wp-json\/wp\/v2\/pages\/263\/revisions"}],"predecessor-version":[{"id":630,"href":"https:\/\/www.myvize.com.tr\/pakistan\/wp-json\/wp\/v2\/pages\/263\/revisions\/630"}],"wp:attachment":[{"href":"https:\/\/www.myvize.com.tr\/pakistan\/wp-json\/wp\/v2\/media?parent=263"}],"curies":[{"name":"wp","href":"https:\/\/api.w.org\/{rel}","templated":true}]}}