{"id":379,"date":"2021-09-27T10:34:48","date_gmt":"2021-09-27T07:34:48","guid":{"rendered":"https:\/\/www.myvize.com.tr\/pakistan\/?page_id=379"},"modified":"2022-04-30T13:14:34","modified_gmt":"2022-04-30T10:14:34","slug":"pakistan-vize-islem-takip-belgesi","status":"publish","type":"page","link":"https:\/\/www.myvize.com.tr\/pakistan\/pakistan-vize-islem-takip-belgesi\/","title":{"rendered":"Pakistan Vize \u0130\u015flem Takip Belgesi"},"content":{"rendered":"<h2><strong><span style=\"font-size: 27px; font-family: Roboto;\">Pakistan Vize \u0130\u015flem Takip Belgesi Hakk\u0131nda<\/span><\/strong><\/h2>\n<p><span style=\"font-family: Roboto; font-size: 14px;\">Pakistan\u2019a seyahat edebilmek i\u00e7in<strong> Pakistan vize<\/strong> i\u015flemlerinin yap\u0131lmas\u0131 \u00f6nemlidir. Umuma Mahsus Pasaport sahibi olan T\u00fcrk vatanda\u015flar\u0131n\u0131n vize i\u015flemi yapt\u0131rmas\u0131 zorunludur. Ancak Umuma Mahsus Pasaport sahipleri, <strong>Pakistan e-vizesi<\/strong> alabilmektedir. Hizmet, Diplomatik ve Hususi Pasaport sahiplerinin k\u0131sa s\u00fcreli vize almas\u0131na gerek bulunmamaktad\u0131r. <strong>Pakistan vize muafiyeti<\/strong> olan ki\u015filer, seyahat s\u00fcreleri sona erdikten sonra mutlaka Pakistan\u2019dan ayr\u0131lmal\u0131d\u0131r.<\/span><\/p>\n<p><span style=\"font-family: Roboto; font-size: 14px;\"><strong>Pakistan vize<\/strong> ba\u015fvurusunda bulunacak olan ki\u015filer, <strong>Pakistan vize i\u015flemleri<\/strong> evrak ve ba\u015fvuru s\u00fcreci takibi yapmal\u0131d\u0131r. Pakistan vize ba\u015fvurular\u0131n\u0131n olumlu sonu\u00e7lanmas\u0131 i\u00e7in t\u00fcm prosed\u00fcrleri yerine getirmelisiniz. <span style=\"color: #2acec2;\"><strong><a style=\"color: #2acec2;\" href=\"https:\/\/www.myvize.com.tr\/pakistan\/vize-islemleri\/\" target=\"_blank\" rel=\"noopener\">Pakistan vize i\u015flemleri<\/a><\/strong><\/span> i\u00e7in takip edilmesi gereken ve doldurulmas\u0131 gereken baz\u0131 evraklar vard\u0131r. Bunlardan birisi de Pakistan vize i\u015flem takip belgesidir. Pakistan vize i\u015flem takip belgesi doldurulurken bilgiler eksiksiz girilmelidir.<\/span><\/p>\n<p><span style=\"font-family: Roboto; font-size: 14px;\"><strong>Pakistan vize i\u015flem<\/strong> takip belgesi doldurulma s\u0131ras\u0131nda, t\u00fcm bilgilerin do\u011fru oldu\u011funa dikkat etmelisiniz. Bunun yan\u0131nda <strong>Pakistan vize<\/strong> i\u015flemlerinin takip edilmesi i\u00e7in bu belgenin zaman\u0131nda teslim edilmesi gerekmektedir. Bu form ile <strong>Pakistan konsoloslu\u011fu<\/strong> taraf\u0131ndan ek belge istenmesi, y\u00fcz y\u00fcze g\u00f6r\u00fc\u015fme istenmesi, <strong>Pakistan vize ba\u015fvurusu<\/strong> s\u0131ras\u0131nda bir sorun ile kar\u015f\u0131la\u015f\u0131lmas\u0131 durumunda bilgilerin, <strong>Pakistan vize ba\u015fvuru<\/strong> sahibine iletilmesini sa\u011flamaktad\u0131r.<\/span><\/p>\n<p><span style=\"font-family: Roboto; font-size: 14px;\"><span style=\"color: #2acec2;\"><strong><a style=\"color: #2acec2;\" href=\"https:\/\/www.myvize.com.tr\/pakistan\/vize-islemleri\/pakistan-vatandaslik-islemleri\/\" target=\"_blank\" rel=\"noopener\">Pakistan Vatanda\u015fl\u0131k \u0130\u015flemleri<\/a><\/strong><\/span> ile ilgili bilgi almak i\u00e7in bizi aray\u0131n.<\/span><\/p>\n<h2><strong><span style=\"font-family: Roboto; font-size: 27px;\">Pakistan Vize \u0130\u015flem Takip Belgesi Nedir?<\/span><\/strong><\/h2>\n<p><span style=\"font-family: Roboto; font-size: 14px;\"><strong>Pakistan vize ba\u015fvurusu<\/strong> yapacak olan ki\u015filerin ba\u015fvuru i\u015flemlerini takip edebilmek i\u00e7in Pakistan vize i\u015flem takip belgesi doldurmas\u0131 gerekmektedir. Pakistan vize i\u015flem takip belgesi dolduracak olan ki\u015filer, Pakistan vize i\u015flem belgesinin ne oldu\u011funu merak etmektedir. BU yaz\u0131da Pakistan vize ba\u015fvurusu yapacak olan ki\u015filer i\u00e7in bu yaz\u0131da \u201cPakistan vize i\u015flem takip belgesi nedir?\u201d sorusunun cevab\u0131 verilmi\u015ftir.<\/span><\/p>\n<p><span style=\"font-family: Roboto; font-size: 14px;\"><strong>Pakistan vize i\u015flem takip belgesi,<\/strong> Pakistan vize ba\u015fvurusunda bulunacak olan ki\u015filerin evrak ve ba\u015fvuru s\u00fcreci takibi yapmas\u0131n\u0131 sa\u011flamaktad\u0131r. Bu takibin yap\u0131lmas\u0131 i\u00e7in gerekli olan evraklardan birisidir.<\/span><\/p>\n<p><span style=\"font-family: Roboto; font-size: 14px;\">Litvanya vize i\u015flem takip belgesi dolduracak olan ki\u015filer, t\u00fcm bilgileri do\u011fru girdi\u011finden emin olmal\u0131d\u0131r. Ba\u015fvuru yapacak olan ki\u015filerden belge talep edilmesi gibi durumlarda bu belge ile ba\u015fvuru sahibine bilgi verilmektedir.<\/span><\/p>\n<h2><strong><span style=\"font-family: Roboto; font-size: 27px;\">Pakistan Vize \u0130\u015flem Takip Belgesi Nas\u0131l Doldurulur?<\/span><\/strong><\/h2>\n<p><span style=\"font-family: Roboto; font-size: 14px;\"><strong>Pakistan vize ba\u015fvurusu<\/strong> yapacak olan ki\u015filer ve bu ba\u015fvurular\u0131 takip etmek isteyen ki\u015filer, <strong>Pakistan vize i\u015flem takip belgesi<\/strong> doldurmal\u0131d\u0131r. Pakistan vize i\u015flem takip belgesi dolduracak olan ki\u015filer bu belgenin nas\u0131l doldurulaca\u011f\u0131n\u0131 merak etmektedir. Bu yaz\u0131da Pakistan vize ba\u015fvurusu yapacak olan ve vize i\u015flem takip belgesi dolduracak olan ki\u015filer i\u00e7in \u201cPakistan vize i\u015flem takip belgesi nas\u0131l doldurulur?\u201d sorusunun cevab\u0131 verilmi\u015ftir.<\/span><\/p>\n<p><span style=\"font-family: Roboto; font-size: 14px;\">Bu form ba\u015fvuru s\u0131ras\u0131nda doldurulabilir. Formun eksiksiz ve g\u00fcncel \u015fekilde doldurulmas\u0131 gerekmektedir. El ile doldurulaca\u011f\u0131ndan dolay\u0131 girilen bilgilerin eksiksiz olmas\u0131 gerekmektedir. Ba\u015fvuru yapan ki\u015filer ile ba\u015fvurusu s\u0131ras\u0131nda ya\u015fanan bir durum i\u00e7in bu evrak ile ileti\u015fim kurulmaktad\u0131r. Bu nedenle doldururken \u00e7ok dikkatli olunmal\u0131d\u0131r.<\/span><\/p>\n<h2><strong><span style=\"font-family: Roboto; font-size: 27px;\">Pakistan Vize \u0130\u015flem Takip Belgesi Doldurulurken Dikkat Edilmesi Gerekenler<\/span><\/strong><\/h2>\n<p><span style=\"font-family: Roboto; font-size: 14px;\">Pakistan\u2019a seyahat edecek olan ki\u015filer, <strong>Pakistan seyahatleri<\/strong> i\u00e7in vize almal\u0131d\u0131r. Pakistan vize ba\u015fvurusunun hangi a\u015famada oldu\u011funu takip etmek isteyen ki\u015filerin Pakistan vize i\u015flem takip belgesi doldurmas\u0131 gerekmektedir. Ba\u015fvuru yapacak olan ki\u015filer, bu formu doldururken dikkat edilmesi gerekenler hakk\u0131nda ara\u015ft\u0131rma yapmaktad\u0131r. Bu yaz\u0131da Pakistan vize ba\u015fvurusu yapacak olan ki\u015filer i\u00e7in Pakistan vize i\u015flem takip belgesi doldurulurken dikkat edilmesi gerekenler hakk\u0131nda bilgi verilmi\u015ftir.<\/span><\/p>\n<ul>\n<li><span style=\"font-family: Roboto; font-size: 14px;\"><strong>Pakistan vize i\u015flem takip belgesi<\/strong> doldurulurken belgeye yaz\u0131lan bilgilerin do\u011fru ve g\u00fcncel olmas\u0131 gerekmektedir.<\/span><\/li>\n<li><span style=\"font-family: Roboto; font-size: 14px;\">Ba\u015fvuru yapacak olan ki\u015filer, formu Pakistan konsoloslu\u011funun istedi\u011fi \u015fekilde doldurmas\u0131 gerekmektedir.<\/span><\/li>\n<li><span style=\"font-family: Roboto; font-size: 14px;\">Ba\u015fvuru yapacak olan ki\u015filer, Pakistan vize i\u015flem takip belgesindeki bilgilerin okunur olmas\u0131 gerekmektedir.<\/span><\/li>\n<\/ul>\n<h3><strong><span style=\"font-family: Roboto; font-size: 24px;\">Pakistan Vize \u0130\u015flem Takip Belgesi \u00d6rne\u011fi<\/span><\/strong><\/h3>\n<p><span style=\"font-family: Roboto; font-size: 14px;\">Pakistan\u2019a seyahat edecek olan ki\u015filer, <strong>Pakistan vize ba\u015fvurusu<\/strong> yapmal\u0131d\u0131r. Pakistan vize ba\u015fvurusu yapacak olan ki\u015filer vize ba\u015fvurusunu nas\u0131l takip edece\u011fini merak etmektedir. Pakistan vize ba\u015fvurusu yapan ki\u015filer ba\u015fvurular\u0131n\u0131 <strong>Pakistan vize i\u015flem takip belgesi<\/strong> ile takip edebilir. Ba\u015fvuru yapacak olan ki\u015filer, <strong>Pakistan vize i\u015flem takip belgesi<\/strong> \u00f6rne\u011fi ara\u015ft\u0131rmaktad\u0131r. Bu yaz\u0131da Pakistan vize ba\u015fvurusu yapacak olan ki\u015filer i\u00e7in Pakistan vize i\u015flem takip belgesi hakk\u0131nda bilgi verilmi\u015ftir.<\/span><\/p>\n<p><span style=\"font-family: Roboto; font-size: 14px;\"><strong>Pakistan vize ba\u015fvurusu<\/strong> yapacak olan ki\u015filer, ba\u015fvurular\u0131n\u0131 takip edebilmek i\u00e7in bu belgeyi doldurmal\u0131d\u0131r. Pakistan vize i\u015flem takip belgesinde yer alan kay\u0131t numaras\u0131 ile konsolosluk ile ileti\u015fime ge\u00e7erek ba\u015fvurunuzun durumu hakk\u0131nda bilgi alabilirsiniz. <strong>Pakistan vize i\u015flem takip belgesi<\/strong>, ba\u015fvuru s\u0131ras\u0131nda doldurulmal\u0131d\u0131r.<\/span><\/p>\n<p>&nbsp;<\/p>\n","protected":false},"excerpt":{"rendered":"<p>Pakistan Vize \u0130\u015flem Takip Belgesi Hakk\u0131nda Pakistan\u2019a seyahat edebilmek i\u00e7in Pakistan vize i\u015flemlerinin yap\u0131lmas\u0131 \u00f6nemlidir. Umuma Mahsus Pasaport sahibi olan T\u00fcrk vatanda\u015flar\u0131n\u0131n vize i\u015flemi yapt\u0131rmas\u0131 zorunludur. Ancak Umuma Mahsus Pasaport sahipleri, Pakistan e-vizesi alabilmektedir. Hizmet, Diplomatik ve Hususi Pasaport sahiplerinin k\u0131sa s\u00fcreli vize almas\u0131na gerek bulunmamaktad\u0131r. Pakistan vize muafiyeti olan ki\u015filer, seyahat s\u00fcreleri sona erdikten<\/p>\n","protected":false},"author":1,"featured_media":0,"parent":0,"menu_order":0,"comment_status":"closed","ping_status":"closed","template":"","meta":{"footnotes":""},"class_list":["post-379","page","type-page","status-publish","hentry"],"yoast_head":"<!-- This site is optimized with the Yoast SEO plugin v24.0 - https:\/\/yoast.com\/wordpress\/plugins\/seo\/ -->\n<title>Pakistan Vize \u0130\u015flem Takip Belgesi - Pakistan Vize - MyVize<\/title>\n<meta name=\"description\" content=\"Pakistan Vize \u0130\u015flem Takip Belgesi Nas\u0131l Yaz\u0131l\u0131r? Pakistan Vize \u0130\u015flem Takip Belgesi Ne \u0130\u015fe Yarar? Bilgi \u0130\u00e7in Hemen Aray\u0131n: 0850 346 84 93\" \/>\n<meta name=\"robots\" content=\"index, follow, max-snippet:-1, max-image-preview:large, max-video-preview:-1\" \/>\n<link rel=\"canonical\" href=\"https:\/\/www.myvize.com.tr\/pakistan\/pakistan-vize-islem-takip-belgesi\/\" \/>\n<meta property=\"og:locale\" content=\"tr_TR\" \/>\n<meta property=\"og:type\" content=\"article\" \/>\n<meta property=\"og:title\" content=\"Pakistan Vize \u0130\u015flem Takip Belgesi - Pakistan Vize - MyVize\" \/>\n<meta property=\"og:description\" content=\"Pakistan Vize \u0130\u015flem Takip Belgesi Nas\u0131l Yaz\u0131l\u0131r? Pakistan Vize \u0130\u015flem Takip Belgesi Ne \u0130\u015fe Yarar? Bilgi \u0130\u00e7in Hemen Aray\u0131n: 0850 346 84 93\" \/>\n<meta property=\"og:url\" content=\"https:\/\/www.myvize.com.tr\/pakistan\/pakistan-vize-islem-takip-belgesi\/\" \/>\n<meta property=\"og:site_name\" content=\"Pakistan Vizesi\" \/>\n<meta property=\"article:modified_time\" content=\"2022-04-30T10:14:34+00:00\" \/>\n<meta name=\"twitter:card\" content=\"summary_large_image\" \/>\n<meta name=\"twitter:label1\" content=\"Tahmini okuma s\u00fcresi\" \/>\n\t<meta name=\"twitter:data1\" content=\"3 dakika\" \/>\n<script type=\"application\/ld+json\" class=\"yoast-schema-graph\">{\"@context\":\"https:\/\/schema.org\",\"@graph\":[{\"@type\":\"WebPage\",\"@id\":\"https:\/\/www.myvize.com.tr\/pakistan\/pakistan-vize-islem-takip-belgesi\/\",\"url\":\"https:\/\/www.myvize.com.tr\/pakistan\/pakistan-vize-islem-takip-belgesi\/\",\"name\":\"Pakistan Vize \u0130\u015flem Takip Belgesi - Pakistan Vize - MyVize\",\"isPartOf\":{\"@id\":\"https:\/\/www.myvize.com.tr\/pakistan\/#website\"},\"datePublished\":\"2021-09-27T07:34:48+00:00\",\"dateModified\":\"2022-04-30T10:14:34+00:00\",\"description\":\"Pakistan Vize \u0130\u015flem Takip Belgesi Nas\u0131l Yaz\u0131l\u0131r? Pakistan Vize \u0130\u015flem Takip Belgesi Ne \u0130\u015fe Yarar? Bilgi \u0130\u00e7in Hemen Aray\u0131n: 0850 346 84 93\",\"breadcrumb\":{\"@id\":\"https:\/\/www.myvize.com.tr\/pakistan\/pakistan-vize-islem-takip-belgesi\/#breadcrumb\"},\"inLanguage\":\"tr\",\"potentialAction\":[{\"@type\":\"ReadAction\",\"target\":[\"https:\/\/www.myvize.com.tr\/pakistan\/pakistan-vize-islem-takip-belgesi\/\"]}]},{\"@type\":\"BreadcrumbList\",\"@id\":\"https:\/\/www.myvize.com.tr\/pakistan\/pakistan-vize-islem-takip-belgesi\/#breadcrumb\",\"itemListElement\":[{\"@type\":\"ListItem\",\"position\":1,\"name\":\"Anasayfa\",\"item\":\"https:\/\/www.myvize.com.tr\/pakistan\/\"},{\"@type\":\"ListItem\",\"position\":2,\"name\":\"Pakistan Vize \u0130\u015flem Takip Belgesi\"}]},{\"@type\":\"WebSite\",\"@id\":\"https:\/\/www.myvize.com.tr\/pakistan\/#website\",\"url\":\"https:\/\/www.myvize.com.tr\/pakistan\/\",\"name\":\"Pakistan Vizesi\",\"description\":\"\",\"potentialAction\":[{\"@type\":\"SearchAction\",\"target\":{\"@type\":\"EntryPoint\",\"urlTemplate\":\"https:\/\/www.myvize.com.tr\/pakistan\/?s={search_term_string}\"},\"query-input\":{\"@type\":\"PropertyValueSpecification\",\"valueRequired\":true,\"valueName\":\"search_term_string\"}}],\"inLanguage\":\"tr\"}]}<\/script>\n<!-- \/ Yoast SEO plugin. -->","yoast_head_json":{"title":"Pakistan Vize \u0130\u015flem Takip Belgesi - Pakistan Vize - MyVize","description":"Pakistan Vize \u0130\u015flem Takip Belgesi Nas\u0131l Yaz\u0131l\u0131r? Pakistan Vize \u0130\u015flem Takip Belgesi Ne \u0130\u015fe Yarar? Bilgi \u0130\u00e7in Hemen Aray\u0131n: 0850 346 84 93","robots":{"index":"index","follow":"follow","max-snippet":"max-snippet:-1","max-image-preview":"max-image-preview:large","max-video-preview":"max-video-preview:-1"},"canonical":"https:\/\/www.myvize.com.tr\/pakistan\/pakistan-vize-islem-takip-belgesi\/","og_locale":"tr_TR","og_type":"article","og_title":"Pakistan Vize \u0130\u015flem Takip Belgesi - Pakistan Vize - MyVize","og_description":"Pakistan Vize \u0130\u015flem Takip Belgesi Nas\u0131l Yaz\u0131l\u0131r? Pakistan Vize \u0130\u015flem Takip Belgesi Ne \u0130\u015fe Yarar? Bilgi \u0130\u00e7in Hemen Aray\u0131n: 0850 346 84 93","og_url":"https:\/\/www.myvize.com.tr\/pakistan\/pakistan-vize-islem-takip-belgesi\/","og_site_name":"Pakistan Vizesi","article_modified_time":"2022-04-30T10:14:34+00:00","twitter_card":"summary_large_image","twitter_misc":{"Tahmini okuma s\u00fcresi":"3 dakika"},"schema":{"@context":"https:\/\/schema.org","@graph":[{"@type":"WebPage","@id":"https:\/\/www.myvize.com.tr\/pakistan\/pakistan-vize-islem-takip-belgesi\/","url":"https:\/\/www.myvize.com.tr\/pakistan\/pakistan-vize-islem-takip-belgesi\/","name":"Pakistan Vize \u0130\u015flem Takip Belgesi - Pakistan Vize - MyVize","isPartOf":{"@id":"https:\/\/www.myvize.com.tr\/pakistan\/#website"},"datePublished":"2021-09-27T07:34:48+00:00","dateModified":"2022-04-30T10:14:34+00:00","description":"Pakistan Vize \u0130\u015flem Takip Belgesi Nas\u0131l Yaz\u0131l\u0131r? Pakistan Vize \u0130\u015flem Takip Belgesi Ne \u0130\u015fe Yarar? Bilgi \u0130\u00e7in Hemen Aray\u0131n: 0850 346 84 93","breadcrumb":{"@id":"https:\/\/www.myvize.com.tr\/pakistan\/pakistan-vize-islem-takip-belgesi\/#breadcrumb"},"inLanguage":"tr","potentialAction":[{"@type":"ReadAction","target":["https:\/\/www.myvize.com.tr\/pakistan\/pakistan-vize-islem-takip-belgesi\/"]}]},{"@type":"BreadcrumbList","@id":"https:\/\/www.myvize.com.tr\/pakistan\/pakistan-vize-islem-takip-belgesi\/#breadcrumb","itemListElement":[{"@type":"ListItem","position":1,"name":"Anasayfa","item":"https:\/\/www.myvize.com.tr\/pakistan\/"},{"@type":"ListItem","position":2,"name":"Pakistan Vize \u0130\u015flem Takip Belgesi"}]},{"@type":"WebSite","@id":"https:\/\/www.myvize.com.tr\/pakistan\/#website","url":"https:\/\/www.myvize.com.tr\/pakistan\/","name":"Pakistan Vizesi","description":"","potentialAction":[{"@type":"SearchAction","target":{"@type":"EntryPoint","urlTemplate":"https:\/\/www.myvize.com.tr\/pakistan\/?s={search_term_string}"},"query-input":{"@type":"PropertyValueSpecification","valueRequired":true,"valueName":"search_term_string"}}],"inLanguage":"tr"}]}},"_links":{"self":[{"href":"https:\/\/www.myvize.com.tr\/pakistan\/wp-json\/wp\/v2\/pages\/379","targetHints":{"allow":["GET"]}}],"collection":[{"href":"https:\/\/www.myvize.com.tr\/pakistan\/wp-json\/wp\/v2\/pages"}],"about":[{"href":"https:\/\/www.myvize.com.tr\/pakistan\/wp-json\/wp\/v2\/types\/page"}],"author":[{"embeddable":true,"href":"https:\/\/www.myvize.com.tr\/pakistan\/wp-json\/wp\/v2\/users\/1"}],"replies":[{"embeddable":true,"href":"https:\/\/www.myvize.com.tr\/pakistan\/wp-json\/wp\/v2\/comments?post=379"}],"version-history":[{"count":4,"href":"https:\/\/www.myvize.com.tr\/pakistan\/wp-json\/wp\/v2\/pages\/379\/revisions"}],"predecessor-version":[{"id":644,"href":"https:\/\/www.myvize.com.tr\/pakistan\/wp-json\/wp\/v2\/pages\/379\/revisions\/644"}],"wp:attachment":[{"href":"https:\/\/www.myvize.com.tr\/pakistan\/wp-json\/wp\/v2\/media?parent=379"}],"curies":[{"name":"wp","href":"https:\/\/api.w.org\/{rel}","templated":true}]}}