{"id":383,"date":"2021-09-27T10:38:37","date_gmt":"2021-09-27T07:38:37","guid":{"rendered":"https:\/\/www.myvize.com.tr\/pakistan\/?page_id=383"},"modified":"2022-08-26T13:59:46","modified_gmt":"2022-08-26T10:59:46","slug":"pakistan-vize-bilgi-formu","status":"publish","type":"page","link":"https:\/\/www.myvize.com.tr\/pakistan\/pakistan-vize-bilgi-formu\/","title":{"rendered":"Pakistan Vize Bilgi Formu"},"content":{"rendered":"<h2><strong><span style=\"font-size: 27px; font-family: Roboto;\">Pakistan Vize Bilgi Formu Hakk\u0131nda<\/span><\/strong><\/h2>\n<p><span style=\"font-family: Roboto; font-size: 14px;\"><strong>Pakistan vize bilgi formu,<\/strong> Pakistan vize ba\u015fvurusu s\u0131ras\u0131nda doldurman\u0131z gereken bir formdur. Bu formda kimlik, pasaport, seyahat bilgileriniz yer almal\u0131d\u0131r. Formun eksiksiz ve do\u011fru olarak doldurulmas\u0131 vize ba\u015fvurunuzun sonu\u00e7lanmas\u0131na b\u00fcy\u00fck etki etmektedir. Pakistan vize bilgi formu ile<span style=\"color: #2acec2;\"><strong><a style=\"color: #2acec2;\" href=\"https:\/\/www.myvize.com.tr\/pakistan\/vize-islemleri\/pakistan-vizesi\/\" target=\"_blank\" rel=\"noopener\"> Pakistan vizesi <\/a><\/strong><\/span>ba\u015fvurunuzun incelenmesi s\u0131ras\u0131nda hakk\u0131n\u0131zda detayl\u0131 bilgi edinilmesini sa\u011flamaktad\u0131r.<\/span><\/p>\n<p><span style=\"font-family: Roboto; font-size: 14px;\"><strong>Pakistan vize bilgi formu<\/strong>, Pakistan Konsoloslu\u011fu taraf\u0131ndan vize ba\u015fvurular\u0131 s\u0131ras\u0131nda istenmektedir. Bu formda bulunan bilgiler, Pakistan Konsoloslu\u011fu taraf\u0131ndan incelenmektedir. Ayr\u0131ca vize ba\u015fvurusu s\u0131ras\u0131nda teslim edilen di\u011fer belgelerde bulunan bilgiler ile kar\u015f\u0131la\u015ft\u0131r\u0131lmaktad\u0131r.<\/span><\/p>\n<p><span style=\"font-family: Roboto; font-size: 14px;\">Formun istenmesindeki ama\u00e7; Pakistan Konsoloslu\u011fu\u2019nun sizin, ailenizin, seyahat amac\u0131n\u0131z hakk\u0131nda bilgi edinmektedir. Pakistan i\u00e7i\u015fleri kar\u0131\u015f\u0131k bir \u00fclke oldu\u011fundan dolay\u0131, \u00fclkesine gelecek olan yabanc\u0131lar\u0131 daha yak\u0131ndan tan\u0131y\u0131p, Pakistan i\u00e7in tehlike olu\u015fturup olu\u015fturmayaca\u011f\u0131n\u0131 bilmek istemektedir.<\/span><\/p>\n<p><span style=\"font-family: Roboto; font-size: 14px;\"><strong>Pakistan vize bilgi formu<\/strong>, vize ba\u015fvurusu s\u0131ras\u0131nda teslim edilen di\u011fer belgeler ile desteklenmelidir. Bu \u015fekilde formun g\u00fcvenilirli\u011fi artmaktad\u0131r. <strong>Pakistan vize bilgi formu<\/strong>, ayr\u0131ca vize ba\u015fvurunuz sonu\u00e7land\u0131\u011f\u0131nda sizinle ileti\u015fim kurulmas\u0131n\u0131 sa\u011flar. Bu forma girdi\u011finiz ileti\u015fim bilgileri ile ba\u015fvuru s\u00fcreciniz hakk\u0131nda bilgi verilir. Ba\u015fvuru s\u0131ras\u0131nda bir olumsuzluk ya\u015fan\u0131rsa ya da ek belge talep edilirse <strong>Pakistan vize<\/strong> bilgi formunda yaz\u0131lan bilgiler ile ileti\u015fim kurulmaktad\u0131r.<\/span><\/p>\n<p><span style=\"font-family: Roboto; font-size: 14px;\"><span style=\"color: #2acec2;\"><strong><a style=\"color: #2acec2;\" href=\"https:\/\/www.myvize.com.tr\/pakistan\/vize-islemleri\/pakistan-vize-reddi\/\" target=\"_blank\" rel=\"noopener\">Pakistan Vize Reddi<\/a><\/strong><\/span> ile ilgili bilgi almak i\u00e7in bizi aray\u0131n.<\/span><\/p>\n<h2><strong><span style=\"font-family: Roboto; font-size: 27px;\">Pakistan Vize Bilgi Formu Nedir?<\/span><\/strong><\/h2>\n<p><span style=\"font-family: Roboto; font-size: 14px;\"><strong>Pakistan vizesi almak<\/strong> isteyenlerin baz\u0131 formlar\u0131 haz\u0131rlamalar\u0131 gerekmektedir. G\u00fcncel evraklara ula\u015fmak ve haz\u0131rlarken nelere dikkat edece\u011finizi \u00f6\u011frenmek i\u00e7in profesyonel adreslerimize ba\u015fvuru yapabilirsiniz. Pakistan vizesini alman\u0131z i\u00e7in yetkilendirilmi\u015f ofislerimiz arac\u0131l\u0131\u011f\u0131yla vize bilgi formu ve di\u011fer evraklar\u0131n i\u00e7eriklerini \u00f6\u011frenebileceksiniz. Kimlik, pasaport, seyahat bilgileri gibi \u00e7e\u015fitli detaylar\u0131n yer almas\u0131 gereken bu forma ula\u015fmak ve \u00f6rneklerini incelemek i\u00e7in web sitemizi ziyaret edebilirsiniz.\u00a0<strong>Pakistan Vize Bilgi Formu Nedir?<\/strong> Sorusunun yan\u0131t\u0131n\u0131 alabilece\u011finizin alt\u0131n\u0131 \u00e7izmekteyiz. Sizler de detaylara hemen eri\u015febilmek i\u00e7in sitemizdeki bilgilere ula\u015fabilirsiniz. Telefonlar arac\u0131l\u0131\u011f\u0131yla bu t\u00fcr detaylara eri\u015febilece\u011finizin de alt\u0131n\u0131 \u00e7izmekteyiz. Gerekli incelemelerin ekiplerimiz taraf\u0131ndan yap\u0131laca\u011f\u0131n\u0131 aktarmaktay\u0131z. Sizler de aileniz veya kendiniz ad\u0131na ba\u015fvuru yaparken dikkat edilmesi gereken hususlar\u0131 net bi\u00e7imde g\u00f6rm\u00fc\u015f olacaks\u0131n\u0131z.T\u00fcm risklerden kurtulabilmek i\u00e7in i\u00e7eri\u011fin nas\u0131l olmas\u0131 gerekti\u011fini sizler i\u00e7in a\u00e7\u0131kl\u0131yoruz. Bu sayede ba\u015fvurular\u0131n\u0131z\u0131 g\u00f6n\u00fcl rahatl\u0131\u011f\u0131yla ger\u00e7ekle\u015ftirece\u011finizi de vurgulamaktay\u0131z.<\/span><\/p>\n<h2><strong><span style=\"font-family: Roboto; font-size: 27px;\">Pakistan Vize Bilgi Formu Nas\u0131l Doldurulur?<\/span><\/strong><\/h2>\n<p><span style=\"font-family: Roboto; font-size: 14px;\"><strong>T\u00fcrk\u00e7e veya \u0130ngilizce<\/strong> dillerinde haz\u0131rlanabilen\u00a0<strong>Pakistan Vize Bilgi Formu Nas\u0131l Doldurulur?<\/strong>\u00a0Sorusuna yan\u0131t bulmu\u015f olacaks\u0131n\u0131z. Vize i\u015flemlerini ba\u015flatabilmek i\u00e7in ekiplerimizle ileti\u015fime ge\u00e7ebilece\u011finizi aktar\u0131yoruz. Web sitemizi ziyaret etmeniz halinde hemen ula\u015faca\u011f\u0131n\u0131z evraklar\u0131 linklerden indirebileceksiniz. Bilgi formunu haz\u0131rlarken bilgilerinizde herhangi bir eksiklik olmamas\u0131na \u00f6zen g\u00f6stermelisiniz. Dan\u0131\u015fmanl\u0131k hizmetlerini sunan merkezimiz arac\u0131l\u0131\u011f\u0131yla bu belgeleri temin etmi\u015f olacaks\u0131n\u0131z. Sizler de web sitesinde yer alan ileti\u015fim bilgileri \u00fczerinden indirece\u011finiz formlar\u0131 h\u0131zl\u0131 ve sorunsuz bi\u00e7imde doldurabileceksiniz. Destekleyici belgelerle birlikte sunaca\u011f\u0131n\u0131z bu evraktaki bilgilerin do\u011fru olmamas\u0131 sizler i\u00e7in vakit kayb\u0131 anlam\u0131na gelecektir. Vize reddi gibi bir yan\u0131t\u0131 almamak i\u00e7in nelere dikkat edece\u011finizi de bu sayede g\u00f6rm\u00fc\u015f olacaks\u0131n\u0131z. Dan\u0131\u015fmanl\u0131k merkezimiz taraf\u0131ndan alaca\u011f\u0131n\u0131z hizmetler sayesinde \u015fahsen ba\u015fvuruda bulunmak zorunda kalmayacaks\u0131n\u0131z. Buna g\u00f6re vize bilgi formunun ve di\u011fer evraklar\u0131n da bulundurulmas\u0131 halinde i\u015flemlerinizin b\u00fcy\u00fck oranda olumlu ilerleyece\u011fini net bi\u00e7imde g\u00f6rebileceksiniz.<\/span><\/p>\n<h2><span style=\"font-family: Roboto; font-size: 27px;\"><strong>Pakistan Vize Bilgi Formu Doldurma<\/strong><\/span><\/h2>\n<p><span style=\"font-family: Roboto; font-size: 14px;\"><strong>Pakistan vize bilgi formu<\/strong> nas\u0131l doldurulur sorusunun yan\u0131t\u0131 ile kar\u015f\u0131n\u0131za gelmi\u015f bulunuyoruz. E\u011fer siz de Pakistan\u2019a gitmek istiyorsan\u0131z TC vatanda\u015f\u0131 olarak vize alman\u0131z gerekti\u011fini duymu\u015fsunuzdur. Pakistan vize bilgi formunu ise eksiksiz halde doldurman\u0131z \u00e7ok \u00f6nemlidir. \u00c7\u00fcnk\u00fc bu formda yer alan bilgileri inceleyen <strong>Pakistan Konsoloslu\u011fu<\/strong> size vize verip vermeme konusunda karara varmaktad\u0131r. Pakistan vize bilgi formunu doldururken dilerseniz e\u011fer Pakistan Konsoloslu\u011fu\u2019nun yetki vermi\u015f oldu\u011fu vize merkezlerinden de bizzat yard\u0131m alabilirsiniz. Alaca\u011f\u0131n\u0131z bu yard\u0131m sayesinde de en k\u0131sa zaman i\u00e7erisinde bahsi ge\u00e7en formu ba\u015far\u0131l\u0131 bir \u015fekilde noksans\u0131z olarak doldurmu\u015f olursunuz, i\u00e7iniz de rahat eder. Her bak\u0131mdan sorunsuz bir Pakistan vize ba\u015fvuru s\u00fcreci ge\u00e7irmeniz a\u00e7\u0131s\u0131ndan Pakistan vize bilgi formunu d\u00fczg\u00fcn bi\u00e7imde doldurman\u0131z \u00e7ok \u00f6nemlidir. Yanl\u0131\u015f bilgilerle bu formu dolduracak olursan\u0131z yasal d\u00fczenlemeler yap\u0131labilir. Bu y\u00fczden her daim do\u011fru bilgileri sunmaya \u00f6zen g\u00f6stermelisiniz. Ancak bu \u015fekilde bir problem \u00e7\u0131kmadan her \u015fey hallolur. Sizden istenen belgelerle beraber sunaca\u011f\u0131n\u0131z bu bilgi formunda her \u015fey yerli yerinde olmak zorundad\u0131r, bunu da unutmay\u0131n deriz\u2026<\/span><\/p>\n<h3><strong><span style=\"font-family: Roboto; font-size: 24px;\">Pakistan Vize Bilgi Formu Doldurulurken Dikkat Edilmesi Gerekenler<\/span><\/strong><\/h3>\n<p><span style=\"font-family: Roboto; font-size: 14px;\">\u0130ki \u00fclke aras\u0131ndaki vize protokol\u00fcne g\u00f6re<strong> Pakistan Vize Bilgi Formu<\/strong> doldurulurken dikkat edilmesi gerekenler hakk\u0131nda bilgi alabileceksiniz. Sizler de ceza almamak i\u00e7in vize i\u015flemlerini profesyonel ekiplerin deste\u011fini alarak ger\u00e7ekle\u015ftirebilirsiniz. Di\u011fer yandan ise giri\u015flerinizi garanti edebilecek ad\u0131mlar\u0131 atm\u0131\u015f olacaks\u0131n\u0131z. S\u0131n\u0131r g\u00f6revlilerinin sorumlulu\u011funda olan belgeleri elde edebilece\u011finizi aktarmaktay\u0131z. Bu belgelerdeki bilgilerin ger\u00e7e\u011fe uyumlu olmas\u0131 gerekmektedir. Aksi halde vize ba\u015fvurular\u0131n\u0131zdan olumlu sonu\u00e7lar\u0131 alman\u0131z m\u00fcmk\u00fcn olmayacakt\u0131r. Amac\u0131na uygun \u015fekilde doldurulacak bilgi formundaki bilgilerin sahte olmas\u0131 halinde su\u00e7 unsuru te\u015fkil edece\u011fini belirtmekteyiz. Bu gibi aksiliklerle kar\u015f\u0131la\u015fmamak i\u00e7in sizleri bekleyen dan\u0131\u015fmanlar\u0131m\u0131z\u0131 aramaya ba\u015flayabilirsiniz. Birka\u00e7 dakika i\u00e7erisinde Pakistan vizesine dair pek \u00e7ok detaya eri\u015fmi\u015f olacaks\u0131n\u0131z. Bu formlara ili\u015fkin \u00f6rnekleri incelemek i\u00e7in web sitemiz \u00fczerinden eri\u015fim sa\u011flaman\u0131z\u0131n faydal\u0131 olaca\u011f\u0131n\u0131 belirtiyoruz. Vize reddine yol a\u00e7abilecek unsurlar\u0131n bu sayede ortadan kald\u0131r\u0131laca\u011f\u0131n\u0131 da belirtmekteyiz. \u0130\u015flemlerinizi hemen tamamlayarak vize sonu\u00e7lar\u0131n\u0131 elde edebilirsiniz.<\/span><\/p>\n<h3><span style=\"font-family: Roboto; font-size: 24px;\"><strong>Pakistan Vize Bilgi Formu Doldurulurken Nelere Dikkat Edilir?<\/strong><\/span><\/h3>\n<p><span style=\"font-family: Roboto; font-size: 14px;\">Pakistan vize bilgi formu doldurulurken dikkat edilmesi gerekenler konusunda sizlere bilgi sunmak ad\u0131na buraday\u0131z bug\u00fcn! Pakistan\u2019a seyahat etmek isteyen her TC vatanda\u015f\u0131 vize almak zorundad\u0131r. Vize almak i\u00e7in de Pakistan vize bilgi formunun dikkatle doldurulmas\u0131 gerekir. Bu formu doldururken kesinlikle hi\u00e7bir bilgiyi eksik ya da yanl\u0131\u015f girmedi\u011finizden emin olmal\u0131s\u0131n\u0131z. Ancak bu \u015fekilde Pakistan Konsoloslu\u011fu\u2019ndan <strong>Pakistan vizesi almak<\/strong> i\u00e7in onay alabilirsiniz. Sizden Pakistan Konsoloslu\u011fu\u2019nun talep etmekte oldu\u011fu her belgeyi orijinal ve do\u011fru halde teslim etmelisiniz. Herhangi bir eksiklik bile Pakistan vize bilgi formunuzu tamamen ge\u00e7ersiz k\u0131labilir. Bu da vize reddi alman\u0131za neden olarak Pakistan\u2019a gidi\u015f s\u00fcrecinizi uzatt\u0131k\u00e7a uzat\u0131r. Bunun olmamas\u0131 i\u00e7in daha titiz davranman\u0131z gerekti\u011fini de bildirmek isteriz. Dikkatli olmak her a\u00e7\u0131dan size iyi gelecek olan bir durumdur. Pakistan vize bilgi formunu dolduraca\u011f\u0131n\u0131z zaman dikkat etmeniz gereken bir di\u011fer durum ise bu evrak\u0131n ne zaman teslim edilece\u011fi ile alakal\u0131d\u0131r. Teslim tarihini g\u00f6z \u00f6n\u00fcne al\u0131n. Ayr\u0131ca bu forma tarih ve imza atmay\u0131 da sak\u0131n unutmay\u0131n.<\/span><\/p>\n<h3><strong><span style=\"font-family: Roboto; font-size: 24px;\">Pakistan Vize Bilgi Formu \u00d6rne\u011fi<\/span><\/strong><\/h3>\n<p><span style=\"font-family: Roboto; font-size: 14px;\">\u0130nternet arac\u0131l\u0131\u011f\u0131yla online olarak ula\u015fabilece\u011finiz\u00a0<strong>Pakistan Bilgi Formu \u00f6rne\u011fi<\/strong>\u00a0ve doldurulmas\u0131 hakk\u0131nda fikir sahibi olabileceksiniz. \u0130leti\u015fim bilgileri \u00fczerinden ula\u015faca\u011f\u0131n\u0131z ekiplerden canl\u0131 destekleri alabilece\u011finizi hat\u0131rlat\u0131yoruz. Sizler de herhangi bir olumsuzlukla kar\u015f\u0131la\u015fmamak ve ek belge talebinde bulunmas\u0131n\u0131 engellemek amac\u0131yla g\u00fcvenli ad\u0131mlar\u0131 ataca\u011f\u0131n\u0131z yetkili ofislerimiz ile tan\u0131\u015fabilirsiniz. Bulundu\u011funuz il ve il\u00e7ede yetkili olan ve g\u00f6rev b\u00f6lgesi i\u00e7erisinde hizmetlerini h\u0131zl\u0131 bi\u00e7imde s\u00fcrd\u00fcren ekiplerimiz arac\u0131l\u0131\u011f\u0131yla \u00f6rneklere ula\u015fm\u0131\u015f olacaks\u0131n\u0131z. Birka\u00e7 t\u0131kla hemen cihazlar\u0131n\u0131za indirmek isteyece\u011finiz bu form \u00f6rnekleri sayesinde vakit kazanacaks\u0131n\u0131z. G\u00fcnlerce beklemek zorunda kalmadan h\u0131zl\u0131 ve kesin \u00e7\u00f6z\u00fcmleri elde edebilece\u011finizi aktarmaktay\u0131z. Sizler de ba\u015fvuru s\u0131ras\u0131nda ibraz etmeniz gereken di\u011fer evraklar\u0131 da \u00f6\u011frenebilecek ve vize bilgi formu hakk\u0131nda kapsaml\u0131 sonu\u00e7lar\u0131 yakalayabileceksiniz. Seyahat ama\u00e7lar\u0131n\u0131z\u0131 ve tarihleri net bi\u00e7imde aktarabilece\u011finiz belgelerden birisi olacakt\u0131r. H\u0131zl\u0131 ve sorunsuz deneyimleri ya\u015faman\u0131z\u0131 sa\u011flayacak olan bu form sayesinde memnun kalaca\u011f\u0131n\u0131z sonu\u00e7lar\u0131 elde etmeniz de kolayla\u015facakt\u0131r.<\/span><\/p>\n<h4><span style=\"font-family: Roboto; font-size: 22px;\"><strong>Pakistan Vize Bilgi Formu \u00d6rne\u011fi 2022<\/strong><\/span><\/h4>\n<p><span style=\"font-family: Roboto; font-size: 14px;\">Pakistan vize bilgi formu \u00f6rne\u011fi ile ilerlemek her a\u00e7\u0131dan sizin i\u015finizi kolayla\u015ft\u0131racak olan bir durumdur diyebiliriz. Bu y\u00fczden internet ortam\u0131ndan \u00f6rnek bir Pakistan vize bilgi formu bularak her bir ad\u0131m\u0131 buna en uygun bi\u00e7imde tamamlayabilirsiniz. Bu sayede her \u015fey bir anda yoluna girer ve Pakistan vizesi i\u00e7in olan ba\u015fvurunuzu en k\u0131sa zamanda tamamlaman\u0131n hafifli\u011fini ya\u015fars\u0131n\u0131z. Kendinize daha \u00e7ok zaman\u0131n\u0131z kal\u0131r; her a\u00e7\u0131dan sorunsuz bir Pakistan vize ba\u015fvurusu evresi ge\u00e7irmenin keyfini ya\u015fam\u0131\u015f olursunuz. G\u00fcn\u00fcm\u00fczde pek \u00e7ok ki\u015fi Pakistan vize bilgi formunu dolduraca\u011f\u0131 zaman Pakistan Konsoloslu\u011fu taraf\u0131ndan yetkilendirilen vize merkezi acentelerinden yard\u0131m hizmeti al\u0131r. E\u011fer siz de bu hizmeti almak istiyorsan\u0131z hemen size en yak\u0131n konumda olan vize merkezine bizzat m\u00fcracaat ederek t\u00fcm i\u015flemlerinizi bir \u00e7\u0131rp\u0131da tamamlaman\u0131n huzurunu ya\u015fayabilirsiniz. B\u00f6ylece Pakistan vizesi almaya daha da yakla\u015f\u0131r ve sorunsuz bir s\u00fcre\u00e7 ge\u00e7irerek zamandan tasarruf edersiniz. Art\u0131k bir\u00e7ok ki\u015fi bu y\u00f6ntemi uyguluyor ve vize merkezlerinden hizmet al\u0131yor. Siz de bu y\u00f6ntemi uygulayarak emin ad\u0131mlar atabilece\u011finizi bilin isteriz.<\/span><\/p>\n","protected":false},"excerpt":{"rendered":"<p>Pakistan Vize Bilgi Formu Hakk\u0131nda Pakistan vize bilgi formu, Pakistan vize ba\u015fvurusu s\u0131ras\u0131nda doldurman\u0131z gereken bir formdur. Bu formda kimlik, pasaport, seyahat bilgileriniz yer almal\u0131d\u0131r. Formun eksiksiz ve do\u011fru olarak doldurulmas\u0131 vize ba\u015fvurunuzun sonu\u00e7lanmas\u0131na b\u00fcy\u00fck etki etmektedir. Pakistan vize bilgi formu ile Pakistan vizesi ba\u015fvurunuzun incelenmesi s\u0131ras\u0131nda hakk\u0131n\u0131zda detayl\u0131 bilgi edinilmesini sa\u011flamaktad\u0131r. Pakistan vize bilgi<\/p>\n","protected":false},"author":1,"featured_media":0,"parent":0,"menu_order":0,"comment_status":"closed","ping_status":"closed","template":"","meta":{"footnotes":""},"class_list":["post-383","page","type-page","status-publish","hentry"],"yoast_head":"<!-- This site is optimized with the Yoast SEO plugin v24.0 - https:\/\/yoast.com\/wordpress\/plugins\/seo\/ -->\n<title>Pakistan Vize Bilgi Formu - Pakistan Vize - MyVize<\/title>\n<meta name=\"description\" content=\"Pakistan Vize Bilgi Formu Nas\u0131l Doldurulur? Pakistan Vize Bilgi Formu Yaz\u0131lan Bilgiler Neler? Bilgi \u0130\u00e7in Hemen Bizi Aray\u0131n: 0850 346 84 93\" \/>\n<meta name=\"robots\" content=\"index, follow, max-snippet:-1, max-image-preview:large, max-video-preview:-1\" \/>\n<link rel=\"canonical\" href=\"https:\/\/www.myvize.com.tr\/pakistan\/pakistan-vize-bilgi-formu\/\" \/>\n<meta property=\"og:locale\" content=\"tr_TR\" \/>\n<meta property=\"og:type\" content=\"article\" \/>\n<meta property=\"og:title\" content=\"Pakistan Vize Bilgi Formu - Pakistan Vize - MyVize\" \/>\n<meta property=\"og:description\" content=\"Pakistan Vize Bilgi Formu Nas\u0131l Doldurulur? Pakistan Vize Bilgi Formu Yaz\u0131lan Bilgiler Neler? Bilgi \u0130\u00e7in Hemen Bizi Aray\u0131n: 0850 346 84 93\" \/>\n<meta property=\"og:url\" content=\"https:\/\/www.myvize.com.tr\/pakistan\/pakistan-vize-bilgi-formu\/\" \/>\n<meta property=\"og:site_name\" content=\"Pakistan Vizesi\" \/>\n<meta property=\"article:modified_time\" content=\"2022-08-26T10:59:46+00:00\" \/>\n<meta name=\"twitter:card\" content=\"summary_large_image\" \/>\n<meta name=\"twitter:label1\" content=\"Tahmini okuma s\u00fcresi\" \/>\n\t<meta name=\"twitter:data1\" content=\"6 dakika\" \/>\n<script type=\"application\/ld+json\" class=\"yoast-schema-graph\">{\"@context\":\"https:\/\/schema.org\",\"@graph\":[{\"@type\":\"WebPage\",\"@id\":\"https:\/\/www.myvize.com.tr\/pakistan\/pakistan-vize-bilgi-formu\/\",\"url\":\"https:\/\/www.myvize.com.tr\/pakistan\/pakistan-vize-bilgi-formu\/\",\"name\":\"Pakistan Vize Bilgi Formu - Pakistan Vize - MyVize\",\"isPartOf\":{\"@id\":\"https:\/\/www.myvize.com.tr\/pakistan\/#website\"},\"datePublished\":\"2021-09-27T07:38:37+00:00\",\"dateModified\":\"2022-08-26T10:59:46+00:00\",\"description\":\"Pakistan Vize Bilgi Formu Nas\u0131l Doldurulur? Pakistan Vize Bilgi Formu Yaz\u0131lan Bilgiler Neler? Bilgi \u0130\u00e7in Hemen Bizi Aray\u0131n: 0850 346 84 93\",\"breadcrumb\":{\"@id\":\"https:\/\/www.myvize.com.tr\/pakistan\/pakistan-vize-bilgi-formu\/#breadcrumb\"},\"inLanguage\":\"tr\",\"potentialAction\":[{\"@type\":\"ReadAction\",\"target\":[\"https:\/\/www.myvize.com.tr\/pakistan\/pakistan-vize-bilgi-formu\/\"]}]},{\"@type\":\"BreadcrumbList\",\"@id\":\"https:\/\/www.myvize.com.tr\/pakistan\/pakistan-vize-bilgi-formu\/#breadcrumb\",\"itemListElement\":[{\"@type\":\"ListItem\",\"position\":1,\"name\":\"Anasayfa\",\"item\":\"https:\/\/www.myvize.com.tr\/pakistan\/\"},{\"@type\":\"ListItem\",\"position\":2,\"name\":\"Pakistan Vize Bilgi Formu\"}]},{\"@type\":\"WebSite\",\"@id\":\"https:\/\/www.myvize.com.tr\/pakistan\/#website\",\"url\":\"https:\/\/www.myvize.com.tr\/pakistan\/\",\"name\":\"Pakistan Vizesi\",\"description\":\"\",\"potentialAction\":[{\"@type\":\"SearchAction\",\"target\":{\"@type\":\"EntryPoint\",\"urlTemplate\":\"https:\/\/www.myvize.com.tr\/pakistan\/?s={search_term_string}\"},\"query-input\":{\"@type\":\"PropertyValueSpecification\",\"valueRequired\":true,\"valueName\":\"search_term_string\"}}],\"inLanguage\":\"tr\"}]}<\/script>\n<!-- \/ Yoast SEO plugin. -->","yoast_head_json":{"title":"Pakistan Vize Bilgi Formu - Pakistan Vize - MyVize","description":"Pakistan Vize Bilgi Formu Nas\u0131l Doldurulur? Pakistan Vize Bilgi Formu Yaz\u0131lan Bilgiler Neler? Bilgi \u0130\u00e7in Hemen Bizi Aray\u0131n: 0850 346 84 93","robots":{"index":"index","follow":"follow","max-snippet":"max-snippet:-1","max-image-preview":"max-image-preview:large","max-video-preview":"max-video-preview:-1"},"canonical":"https:\/\/www.myvize.com.tr\/pakistan\/pakistan-vize-bilgi-formu\/","og_locale":"tr_TR","og_type":"article","og_title":"Pakistan Vize Bilgi Formu - Pakistan Vize - MyVize","og_description":"Pakistan Vize Bilgi Formu Nas\u0131l Doldurulur? Pakistan Vize Bilgi Formu Yaz\u0131lan Bilgiler Neler? Bilgi \u0130\u00e7in Hemen Bizi Aray\u0131n: 0850 346 84 93","og_url":"https:\/\/www.myvize.com.tr\/pakistan\/pakistan-vize-bilgi-formu\/","og_site_name":"Pakistan Vizesi","article_modified_time":"2022-08-26T10:59:46+00:00","twitter_card":"summary_large_image","twitter_misc":{"Tahmini okuma s\u00fcresi":"6 dakika"},"schema":{"@context":"https:\/\/schema.org","@graph":[{"@type":"WebPage","@id":"https:\/\/www.myvize.com.tr\/pakistan\/pakistan-vize-bilgi-formu\/","url":"https:\/\/www.myvize.com.tr\/pakistan\/pakistan-vize-bilgi-formu\/","name":"Pakistan Vize Bilgi Formu - Pakistan Vize - MyVize","isPartOf":{"@id":"https:\/\/www.myvize.com.tr\/pakistan\/#website"},"datePublished":"2021-09-27T07:38:37+00:00","dateModified":"2022-08-26T10:59:46+00:00","description":"Pakistan Vize Bilgi Formu Nas\u0131l Doldurulur? Pakistan Vize Bilgi Formu Yaz\u0131lan Bilgiler Neler? Bilgi \u0130\u00e7in Hemen Bizi Aray\u0131n: 0850 346 84 93","breadcrumb":{"@id":"https:\/\/www.myvize.com.tr\/pakistan\/pakistan-vize-bilgi-formu\/#breadcrumb"},"inLanguage":"tr","potentialAction":[{"@type":"ReadAction","target":["https:\/\/www.myvize.com.tr\/pakistan\/pakistan-vize-bilgi-formu\/"]}]},{"@type":"BreadcrumbList","@id":"https:\/\/www.myvize.com.tr\/pakistan\/pakistan-vize-bilgi-formu\/#breadcrumb","itemListElement":[{"@type":"ListItem","position":1,"name":"Anasayfa","item":"https:\/\/www.myvize.com.tr\/pakistan\/"},{"@type":"ListItem","position":2,"name":"Pakistan Vize Bilgi Formu"}]},{"@type":"WebSite","@id":"https:\/\/www.myvize.com.tr\/pakistan\/#website","url":"https:\/\/www.myvize.com.tr\/pakistan\/","name":"Pakistan Vizesi","description":"","potentialAction":[{"@type":"SearchAction","target":{"@type":"EntryPoint","urlTemplate":"https:\/\/www.myvize.com.tr\/pakistan\/?s={search_term_string}"},"query-input":{"@type":"PropertyValueSpecification","valueRequired":true,"valueName":"search_term_string"}}],"inLanguage":"tr"}]}},"_links":{"self":[{"href":"https:\/\/www.myvize.com.tr\/pakistan\/wp-json\/wp\/v2\/pages\/383","targetHints":{"allow":["GET"]}}],"collection":[{"href":"https:\/\/www.myvize.com.tr\/pakistan\/wp-json\/wp\/v2\/pages"}],"about":[{"href":"https:\/\/www.myvize.com.tr\/pakistan\/wp-json\/wp\/v2\/types\/page"}],"author":[{"embeddable":true,"href":"https:\/\/www.myvize.com.tr\/pakistan\/wp-json\/wp\/v2\/users\/1"}],"replies":[{"embeddable":true,"href":"https:\/\/www.myvize.com.tr\/pakistan\/wp-json\/wp\/v2\/comments?post=383"}],"version-history":[{"count":5,"href":"https:\/\/www.myvize.com.tr\/pakistan\/wp-json\/wp\/v2\/pages\/383\/revisions"}],"predecessor-version":[{"id":686,"href":"https:\/\/www.myvize.com.tr\/pakistan\/wp-json\/wp\/v2\/pages\/383\/revisions\/686"}],"wp:attachment":[{"href":"https:\/\/www.myvize.com.tr\/pakistan\/wp-json\/wp\/v2\/media?parent=383"}],"curies":[{"name":"wp","href":"https:\/\/api.w.org\/{rel}","templated":true}]}}