{"id":41,"date":"2020-11-30T12:46:51","date_gmt":"2020-11-30T09:46:51","guid":{"rendered":"https:\/\/www.myvize.com.tr\/pakistan\/?page_id=41"},"modified":"2022-04-30T13:01:12","modified_gmt":"2022-04-30T10:01:12","slug":"pakistan-dil-okulu-vizesi","status":"publish","type":"page","link":"https:\/\/www.myvize.com.tr\/pakistan\/vize-islemleri\/pakistan-dil-okulu-vizesi\/","title":{"rendered":"Pakistan Dil Okulu Vizesi"},"content":{"rendered":"<h2><span style=\"font-family: Roboto; font-size: 27px;\"><strong>Pakistan Dil Okulu Vizesi 2022<\/strong><\/span><\/h2>\n<p><span style=\"font-family: Roboto; font-size: 14px;\"><strong>Pakistan\u2019da e\u011fitim<\/strong> a\u00e7\u0131s\u0131ndan tercih edilen \u00fclkeler aras\u0131nda yer al\u0131yor. Bu \u00fclkeye e\u011fitim almak i\u00e7in giden bir\u00e7ok \u00f6\u011frenci bulunuyor. <strong>Pakistan dil okulu<\/strong> konusunda profesyonel olarak hizmet veren e\u011fitim her sene binlerce \u00f6\u011frenciye kap\u0131s\u0131n\u0131 aral\u0131yor. Bu okulda e\u011fitim alabilmek i\u00e7in \u00f6\u011frencilerin \u00e7e\u015fitli resmi ba\u015fvuru i\u015flemi yapmas\u0131 gerekiyor.<\/span><br \/>\n<span style=\"font-family: Roboto; font-size: 14px;\">E\u011fitim s\u00fcreci Pakistan dil okulunun avantaj\u0131ndan yararlanabilmek i\u00e7in \u00f6ncelikle ki\u015finin okul se\u00e7imine karar vermesi gerekmektedir. <strong>Pakistan dil e\u011fitimi<\/strong> konusunda tercih edilebilecek bir\u00e7ok okul bulunmaktad\u0131r. Bu okullar aras\u0131 devlet \u00fcniversitesi yan\u0131nda \u00f6zel e\u011fitim kurumu da bulunuyor.<\/span><br \/>\n<span style=\"font-family: Roboto; font-size: 14px;\"><strong>Pakistan dil okulu<\/strong> se\u00e7iminde bir\u00e7ok \u00f6nemli kriterler vard\u0131r. Bunlardan ilki \u00fcniversite mi? Yoksa \u00f6zel e\u011fitim kurumu oldu\u011funa karar vermektir. Bunlar i\u00e7in 2 hafta ile 47 hafta aras\u0131 de\u011fi\u015fen bir\u00e7ok kurs alternatifleri vard\u0131r. Bir de \u00f6zel olarak yabanc\u0131 dili en iyi \u015fekliyle \u00f6\u011freten ve akademik d\u00fczeyde e\u011fitim veren kurum vard\u0131r. \u00c7ocuklar i\u00e7in, gen\u00e7 ve yeti\u015fkin i\u00e7in farkl\u0131 dil kursu avantaj\u0131ndan yararlan\u0131labilir. Tam zaman ve yar\u0131 zamanl\u0131 kurs da tercih edilebilecek se\u00e7enekler aras\u0131ndad\u0131r.<\/span><\/p>\n<p><span style=\"font-family: Roboto; font-size: 14px;\"><span style=\"color: #2acec2;\"><strong><a style=\"color: #2acec2;\" href=\"https:\/\/www.myvize.com.tr\/pakistan\/vize-islemleri\/pakistan-universite-egitimi\/\" target=\"_blank\" rel=\"noopener\">Pakistan \u00dcniversite E\u011fitimi<\/a><\/strong><\/span> ile ilgili bilgi almak i\u00e7in bizi aray\u0131n.<\/span><\/p>\n<p><img decoding=\"async\" src=\"https:\/\/www.myvize.com.tr\/pakistan\/wp-content\/uploads\/2021\/10\/19.jpg\" \/><\/p>\n<h2><span style=\"font-family: Roboto; font-size: 27px;\"><strong>Pakistan Dil Okulu Vizesi Hakk\u0131nda<\/strong><\/span><\/h2>\n<p><span style=\"font-family: Roboto; font-size: 14px;\"><strong>\u0130nsanlar\u0131n \u00e7o\u011fu dil e\u011fitimi<\/strong> alabilmek i\u00e7in farkl\u0131 \u00fclkelere gitmek isterler. Dil e\u011fitimi almak isteyenlerin s\u0131kl\u0131kla tercih etti\u011fi yerlerden birisi Pakistan\u2019d\u0131r. <strong>Pakistan\u2019da dil e\u011fitimi<\/strong> almak isteyenlerin, <strong>dil okulu vizesi<\/strong> almas\u0131 gerekir.\u00a0<strong>Pakistan dil okulu vizesi<\/strong>\u00a0binlerce ki\u015finin dil e\u011fitimi alabilmesine imk\u00e2n tan\u0131r.<strong> Dil e\u011fitimi<\/strong> almak isteyenler bunun i\u00e7in kendilerine bir dil okulu se\u00e7melidir. Ba\u015far\u0131l\u0131 olabilmek ad\u0131na, se\u00e7ilecek olan dil okuluna \u00e7ok dikkat edilmesi gerekir.<\/span><\/p>\n<p><span style=\"font-family: Roboto; font-size: 14px;\">E\u011fitim al\u0131nacak kurumlar devlete ba\u011fl\u0131 olabilece\u011fi gibi, \u00f6zel de olabilirler. Kurslardaki e\u011fitim s\u00fcresinde de\u011fi\u015fiklikler olabilir. Kimileri 2 hafta boyunca e\u011fitim verirken, kimileri ise 47 g\u00fcne kadar e\u011fitim verebilirler. <strong>Dil okulu se\u00e7imi<\/strong> yap\u0131lmas\u0131n\u0131 etkileyen \u00e7ok fazla kriter vard\u0131r. Bu kriterlerden baz\u0131lar\u0131 \u015funlard\u0131r;<\/span><\/p>\n<ul>\n<li><span style=\"font-family: Roboto; font-size: 14px;\">Akademik d\u00fczeyde e\u011fitim verilmesi<\/span><\/li>\n<li><span style=\"font-family: Roboto; font-size: 14px;\">Tam zaman ya da yar\u0131 zamanl\u0131 kurslar<\/span><\/li>\n<li><span style=\"font-family: Roboto; font-size: 14px;\">Farkl\u0131 dil kursu se\u00e7enekleri gibi kriterler vard\u0131r.<\/span><\/li>\n<\/ul>\n<p><span style=\"font-family: Roboto; font-size: 14px;\">\u00a0Ki\u015filer dil okulu se\u00e7imlerine karar vermeden \u00f6nce bu detaylar\u0131 da incelemelidir. Bu \u015fekilde inceleme yap\u0131larak ba\u015far\u0131l\u0131 dil okulu se\u00e7imi yapan ve dili en iyi \u015fekilde \u00f6\u011frenen \u00e7ok fazla ki\u015fi vard\u0131r.<\/span><\/p>\n<p><span style=\"font-family: Roboto; font-size: 14px;\"><span style=\"color: #2acec2;\"><strong><a style=\"color: #2acec2;\" href=\"https:\/\/www.myvize.com.tr\/pakistan\/pakistan-vize-ucreti\/\" target=\"_blank\" rel=\"noopener\">Pakistan Vize \u00dccreti<\/a> <\/strong><\/span>ile ilgili bilgi almak i\u00e7in bizi aray\u0131n\u0131z.<\/span><\/p>\n","protected":false},"excerpt":{"rendered":"<p>Pakistan Dil Okulu Vizesi 2022 Pakistan\u2019da e\u011fitim a\u00e7\u0131s\u0131ndan tercih edilen \u00fclkeler aras\u0131nda yer al\u0131yor. Bu \u00fclkeye e\u011fitim almak i\u00e7in giden bir\u00e7ok \u00f6\u011frenci bulunuyor. Pakistan dil okulu konusunda profesyonel olarak hizmet veren e\u011fitim her sene binlerce \u00f6\u011frenciye kap\u0131s\u0131n\u0131 aral\u0131yor. Bu okulda e\u011fitim alabilmek i\u00e7in \u00f6\u011frencilerin \u00e7e\u015fitli resmi ba\u015fvuru i\u015flemi yapmas\u0131 gerekiyor. E\u011fitim s\u00fcreci Pakistan dil okulunun<\/p>\n","protected":false},"author":1,"featured_media":0,"parent":18,"menu_order":0,"comment_status":"open","ping_status":"closed","template":"","meta":{"footnotes":""},"class_list":["post-41","page","type-page","status-publish","hentry"],"yoast_head":"<!-- This site is optimized with the Yoast SEO plugin v24.0 - https:\/\/yoast.com\/wordpress\/plugins\/seo\/ -->\n<title>Pakistan Dil Okulu Vizesi - Pakistan Vizesi - MyVize<\/title>\n<meta name=\"description\" content=\"Pakistan dil okulu vizesi gerekli evraklar ve \u015fartlar\u0131 neler? Pakistan dil okulu vizesi i\u015flem s\u00fcreci ve ba\u015fvuruda dikkat edilmesi gerekenler.\" \/>\n<meta name=\"robots\" content=\"index, follow, max-snippet:-1, max-image-preview:large, max-video-preview:-1\" \/>\n<link rel=\"canonical\" href=\"https:\/\/www.myvize.com.tr\/pakistan\/vize-islemleri\/pakistan-dil-okulu-vizesi\/\" \/>\n<meta property=\"og:locale\" content=\"tr_TR\" \/>\n<meta property=\"og:type\" content=\"article\" \/>\n<meta property=\"og:title\" content=\"Pakistan Dil Okulu Vizesi - Pakistan Vizesi - MyVize\" \/>\n<meta property=\"og:description\" content=\"Pakistan dil okulu vizesi gerekli evraklar ve \u015fartlar\u0131 neler? Pakistan dil okulu vizesi i\u015flem s\u00fcreci ve ba\u015fvuruda dikkat edilmesi gerekenler.\" \/>\n<meta property=\"og:url\" content=\"https:\/\/www.myvize.com.tr\/pakistan\/vize-islemleri\/pakistan-dil-okulu-vizesi\/\" \/>\n<meta property=\"og:site_name\" content=\"Pakistan Vizesi\" \/>\n<meta property=\"article:modified_time\" content=\"2022-04-30T10:01:12+00:00\" \/>\n<meta property=\"og:image\" content=\"https:\/\/www.myvize.com.tr\/pakistan\/wp-content\/uploads\/2021\/10\/19.jpg\" \/>\n<meta name=\"twitter:card\" content=\"summary_large_image\" \/>\n<meta name=\"twitter:label1\" content=\"Tahmini okuma s\u00fcresi\" \/>\n\t<meta name=\"twitter:data1\" content=\"2 dakika\" \/>\n<script type=\"application\/ld+json\" class=\"yoast-schema-graph\">{\"@context\":\"https:\/\/schema.org\",\"@graph\":[{\"@type\":\"WebPage\",\"@id\":\"https:\/\/www.myvize.com.tr\/pakistan\/vize-islemleri\/pakistan-dil-okulu-vizesi\/\",\"url\":\"https:\/\/www.myvize.com.tr\/pakistan\/vize-islemleri\/pakistan-dil-okulu-vizesi\/\",\"name\":\"Pakistan Dil Okulu Vizesi - Pakistan Vizesi - MyVize\",\"isPartOf\":{\"@id\":\"https:\/\/www.myvize.com.tr\/pakistan\/#website\"},\"primaryImageOfPage\":{\"@id\":\"https:\/\/www.myvize.com.tr\/pakistan\/vize-islemleri\/pakistan-dil-okulu-vizesi\/#primaryimage\"},\"image\":{\"@id\":\"https:\/\/www.myvize.com.tr\/pakistan\/vize-islemleri\/pakistan-dil-okulu-vizesi\/#primaryimage\"},\"thumbnailUrl\":\"https:\/\/www.myvize.com.tr\/pakistan\/wp-content\/uploads\/2021\/10\/19.jpg\",\"datePublished\":\"2020-11-30T09:46:51+00:00\",\"dateModified\":\"2022-04-30T10:01:12+00:00\",\"description\":\"Pakistan dil okulu vizesi gerekli evraklar ve \u015fartlar\u0131 neler? Pakistan dil okulu vizesi i\u015flem s\u00fcreci ve ba\u015fvuruda dikkat edilmesi gerekenler.\",\"breadcrumb\":{\"@id\":\"https:\/\/www.myvize.com.tr\/pakistan\/vize-islemleri\/pakistan-dil-okulu-vizesi\/#breadcrumb\"},\"inLanguage\":\"tr\",\"potentialAction\":[{\"@type\":\"ReadAction\",\"target\":[\"https:\/\/www.myvize.com.tr\/pakistan\/vize-islemleri\/pakistan-dil-okulu-vizesi\/\"]}]},{\"@type\":\"ImageObject\",\"inLanguage\":\"tr\",\"@id\":\"https:\/\/www.myvize.com.tr\/pakistan\/vize-islemleri\/pakistan-dil-okulu-vizesi\/#primaryimage\",\"url\":\"https:\/\/www.myvize.com.tr\/pakistan\/wp-content\/uploads\/2021\/10\/19.jpg\",\"contentUrl\":\"https:\/\/www.myvize.com.tr\/pakistan\/wp-content\/uploads\/2021\/10\/19.jpg\",\"width\":800,\"height\":500,\"caption\":\"Pakistan Dil Okulu Vizesi\"},{\"@type\":\"BreadcrumbList\",\"@id\":\"https:\/\/www.myvize.com.tr\/pakistan\/vize-islemleri\/pakistan-dil-okulu-vizesi\/#breadcrumb\",\"itemListElement\":[{\"@type\":\"ListItem\",\"position\":1,\"name\":\"Anasayfa\",\"item\":\"https:\/\/www.myvize.com.tr\/pakistan\/\"},{\"@type\":\"ListItem\",\"position\":2,\"name\":\"V\u0130ZE \u0130\u015eLEMLER\u0130\",\"item\":\"https:\/\/www.myvize.com.tr\/pakistan\/vize-islemleri\/\"},{\"@type\":\"ListItem\",\"position\":3,\"name\":\"Pakistan Dil Okulu Vizesi\"}]},{\"@type\":\"WebSite\",\"@id\":\"https:\/\/www.myvize.com.tr\/pakistan\/#website\",\"url\":\"https:\/\/www.myvize.com.tr\/pakistan\/\",\"name\":\"Pakistan Vizesi\",\"description\":\"\",\"potentialAction\":[{\"@type\":\"SearchAction\",\"target\":{\"@type\":\"EntryPoint\",\"urlTemplate\":\"https:\/\/www.myvize.com.tr\/pakistan\/?s={search_term_string}\"},\"query-input\":{\"@type\":\"PropertyValueSpecification\",\"valueRequired\":true,\"valueName\":\"search_term_string\"}}],\"inLanguage\":\"tr\"}]}<\/script>\n<!-- \/ Yoast SEO plugin. -->","yoast_head_json":{"title":"Pakistan Dil Okulu Vizesi - Pakistan Vizesi - MyVize","description":"Pakistan dil okulu vizesi gerekli evraklar ve \u015fartlar\u0131 neler? Pakistan dil okulu vizesi i\u015flem s\u00fcreci ve ba\u015fvuruda dikkat edilmesi gerekenler.","robots":{"index":"index","follow":"follow","max-snippet":"max-snippet:-1","max-image-preview":"max-image-preview:large","max-video-preview":"max-video-preview:-1"},"canonical":"https:\/\/www.myvize.com.tr\/pakistan\/vize-islemleri\/pakistan-dil-okulu-vizesi\/","og_locale":"tr_TR","og_type":"article","og_title":"Pakistan Dil Okulu Vizesi - Pakistan Vizesi - MyVize","og_description":"Pakistan dil okulu vizesi gerekli evraklar ve \u015fartlar\u0131 neler? Pakistan dil okulu vizesi i\u015flem s\u00fcreci ve ba\u015fvuruda dikkat edilmesi gerekenler.","og_url":"https:\/\/www.myvize.com.tr\/pakistan\/vize-islemleri\/pakistan-dil-okulu-vizesi\/","og_site_name":"Pakistan Vizesi","article_modified_time":"2022-04-30T10:01:12+00:00","og_image":[{"url":"https:\/\/www.myvize.com.tr\/pakistan\/wp-content\/uploads\/2021\/10\/19.jpg","type":"","width":"","height":""}],"twitter_card":"summary_large_image","twitter_misc":{"Tahmini okuma s\u00fcresi":"2 dakika"},"schema":{"@context":"https:\/\/schema.org","@graph":[{"@type":"WebPage","@id":"https:\/\/www.myvize.com.tr\/pakistan\/vize-islemleri\/pakistan-dil-okulu-vizesi\/","url":"https:\/\/www.myvize.com.tr\/pakistan\/vize-islemleri\/pakistan-dil-okulu-vizesi\/","name":"Pakistan Dil Okulu Vizesi - Pakistan Vizesi - MyVize","isPartOf":{"@id":"https:\/\/www.myvize.com.tr\/pakistan\/#website"},"primaryImageOfPage":{"@id":"https:\/\/www.myvize.com.tr\/pakistan\/vize-islemleri\/pakistan-dil-okulu-vizesi\/#primaryimage"},"image":{"@id":"https:\/\/www.myvize.com.tr\/pakistan\/vize-islemleri\/pakistan-dil-okulu-vizesi\/#primaryimage"},"thumbnailUrl":"https:\/\/www.myvize.com.tr\/pakistan\/wp-content\/uploads\/2021\/10\/19.jpg","datePublished":"2020-11-30T09:46:51+00:00","dateModified":"2022-04-30T10:01:12+00:00","description":"Pakistan dil okulu vizesi gerekli evraklar ve \u015fartlar\u0131 neler? Pakistan dil okulu vizesi i\u015flem s\u00fcreci ve ba\u015fvuruda dikkat edilmesi gerekenler.","breadcrumb":{"@id":"https:\/\/www.myvize.com.tr\/pakistan\/vize-islemleri\/pakistan-dil-okulu-vizesi\/#breadcrumb"},"inLanguage":"tr","potentialAction":[{"@type":"ReadAction","target":["https:\/\/www.myvize.com.tr\/pakistan\/vize-islemleri\/pakistan-dil-okulu-vizesi\/"]}]},{"@type":"ImageObject","inLanguage":"tr","@id":"https:\/\/www.myvize.com.tr\/pakistan\/vize-islemleri\/pakistan-dil-okulu-vizesi\/#primaryimage","url":"https:\/\/www.myvize.com.tr\/pakistan\/wp-content\/uploads\/2021\/10\/19.jpg","contentUrl":"https:\/\/www.myvize.com.tr\/pakistan\/wp-content\/uploads\/2021\/10\/19.jpg","width":800,"height":500,"caption":"Pakistan Dil Okulu Vizesi"},{"@type":"BreadcrumbList","@id":"https:\/\/www.myvize.com.tr\/pakistan\/vize-islemleri\/pakistan-dil-okulu-vizesi\/#breadcrumb","itemListElement":[{"@type":"ListItem","position":1,"name":"Anasayfa","item":"https:\/\/www.myvize.com.tr\/pakistan\/"},{"@type":"ListItem","position":2,"name":"V\u0130ZE \u0130\u015eLEMLER\u0130","item":"https:\/\/www.myvize.com.tr\/pakistan\/vize-islemleri\/"},{"@type":"ListItem","position":3,"name":"Pakistan Dil Okulu Vizesi"}]},{"@type":"WebSite","@id":"https:\/\/www.myvize.com.tr\/pakistan\/#website","url":"https:\/\/www.myvize.com.tr\/pakistan\/","name":"Pakistan Vizesi","description":"","potentialAction":[{"@type":"SearchAction","target":{"@type":"EntryPoint","urlTemplate":"https:\/\/www.myvize.com.tr\/pakistan\/?s={search_term_string}"},"query-input":{"@type":"PropertyValueSpecification","valueRequired":true,"valueName":"search_term_string"}}],"inLanguage":"tr"}]}},"_links":{"self":[{"href":"https:\/\/www.myvize.com.tr\/pakistan\/wp-json\/wp\/v2\/pages\/41","targetHints":{"allow":["GET"]}}],"collection":[{"href":"https:\/\/www.myvize.com.tr\/pakistan\/wp-json\/wp\/v2\/pages"}],"about":[{"href":"https:\/\/www.myvize.com.tr\/pakistan\/wp-json\/wp\/v2\/types\/page"}],"author":[{"embeddable":true,"href":"https:\/\/www.myvize.com.tr\/pakistan\/wp-json\/wp\/v2\/users\/1"}],"replies":[{"embeddable":true,"href":"https:\/\/www.myvize.com.tr\/pakistan\/wp-json\/wp\/v2\/comments?post=41"}],"version-history":[{"count":7,"href":"https:\/\/www.myvize.com.tr\/pakistan\/wp-json\/wp\/v2\/pages\/41\/revisions"}],"predecessor-version":[{"id":525,"href":"https:\/\/www.myvize.com.tr\/pakistan\/wp-json\/wp\/v2\/pages\/41\/revisions\/525"}],"up":[{"embeddable":true,"href":"https:\/\/www.myvize.com.tr\/pakistan\/wp-json\/wp\/v2\/pages\/18"}],"wp:attachment":[{"href":"https:\/\/www.myvize.com.tr\/pakistan\/wp-json\/wp\/v2\/media?parent=41"}],"curies":[{"name":"wp","href":"https:\/\/api.w.org\/{rel}","templated":true}]}}