{"id":45,"date":"2020-11-30T12:47:57","date_gmt":"2020-11-30T09:47:57","guid":{"rendered":"https:\/\/www.myvize.com.tr\/pakistan\/?page_id=45"},"modified":"2022-08-22T12:56:59","modified_gmt":"2022-08-22T09:56:59","slug":"pakistan-oturum-izni","status":"publish","type":"page","link":"https:\/\/www.myvize.com.tr\/pakistan\/vize-islemleri\/pakistan-oturum-izni\/","title":{"rendered":"Pakistan Oturum \u0130zni"},"content":{"rendered":"<h2><span style=\"font-family: Roboto; font-size: 27px;\"><strong>Pakistan Oturum \u0130zni Hakk\u0131nda<\/strong><\/span><\/h2>\n<p><span style=\"font-family: Roboto; font-size: 14px;\">Farkl\u0131 \u00fclkelerdeki oturum izinleri farkl\u0131 nedenlerden dolay\u0131 al\u0131nabilir.\u00a0\u00a0<strong>Pakistan oturum izni<\/strong>,\u00a0 k\u0131sa s\u00fcreli oturum izni, \u00f6\u011frenci oturum izni ya da insani oturum izni gibi nedenlerden dolay\u0131 al\u0131nabilir.\u00a0 Ge\u00e7erli bir oturum izni olanlar, Pakistan\u2019a kap\u0131dan vizesi olmadan ge\u00e7i\u015f yapabilirler. Bunun \u00f6ncesinde ise, <strong>Pakistan oturum izni<\/strong> evraklar\u0131n\u0131n haz\u0131rlanmas\u0131 gerekir. Pasaport, foto\u011fraf, do\u011fum belgeleri, oturum izni ba\u015fvuru formu haz\u0131rlanmas\u0131 gereken evraklardan baz\u0131lar\u0131d\u0131r.<\/span><\/p>\n<p><span style=\"font-family: Roboto; font-size: 14px;\">Yabanc\u0131lar\u0131n Pakistan vizesinin sonu\u00e7lanabilmesi i\u00e7in belli bir s\u00fcre beklemesi gerekir. Bu s\u00fcre genellikle 4 ya da 6 hafta \u015feklindedir.\u00a0 Oturum izni formlar\u0131n\u0131n eksiksiz olarak doldurulmas\u0131 \u00e7ok \u00f6nemlidir. Bas\u0131n mensubu olan ki\u015filer, farkl\u0131 bir ba\u015fvuru formu doldurmal\u0131d\u0131r.<\/span><\/p>\n<p><span style=\"font-family: Roboto; font-size: 14px;\">Pakistan\u2019a ilk kez gidecek olanlar\u0131n sicili kontrol edilir. Bu kontrol i\u00e7erisinde Pakistan\u2019a girilip girilmedi\u011fi kontrol edilir. Oturum izinleri iki \u00e7e\u015fittir. Birisi kal\u0131c\u0131 di\u011feri ise ge\u00e7ici oturum izinleridir. Oturum izni ba\u015fvurular\u0131n\u0131, <strong>Pakistan G\u00f6\u00e7menlik ofisi<\/strong> haz\u0131rlar. Oturum izni alacak olan vatanda\u015flar\u0131n, <strong>Pakistan vatanda\u015f\u0131yla evli<\/strong> olmas\u0131, birinci dereceden akrabas\u0131n\u0131n olmas\u0131 ya da Pakistanl\u0131 biri taraf\u0131ndan evlat edinilmi\u015f olmas\u0131 gerekir. Bu \u015fekilde oturum izni alabilmek m\u00fcmk\u00fcnd\u00fcr.<\/span><\/p>\n<h2><span style=\"font-family: Roboto; font-size: 27px;\"><strong>Pakistan\u2019 a Yerle\u015fmek \u0130stiyorum<\/strong><\/span><\/h2>\n<p><span style=\"font-family: Roboto; font-size: 14px;\">Pakistan 1947 y\u0131l\u0131nda o zamanlar \u0130ngiliz s\u00f6m\u00fcrgesi olarak y\u00f6netilen Hindistan\u2019dan ayr\u0131larak ba\u011f\u0131ms\u0131zl\u0131\u011f\u0131n\u0131 ilan etmi\u015ftir ve Asya K\u0131tas\u0131n\u0131n Afrika K\u0131tas\u0131na yak\u0131n g\u00fcney k\u0131sm\u0131na kurulmu\u015ftur. S\u0131n\u0131r kom\u015fular\u0131 kuzeybat\u0131 taraf\u0131nda Afganistan ve \u0130ran, kuzeyinde \u00c7in ve do\u011fu taraf\u0131nda ise Hindistan ile kom\u015fudur.<\/span><\/p>\n<p><span style=\"font-family: Roboto; font-size: 14px;\">Genel olarak da\u011fl\u0131k alanlardan olu\u015fan Pakistan Himalaya Da\u011flar\u0131\u2019n\u0131n bir b\u00f6l\u00fcm\u00fcn\u00fc de s\u0131n\u0131rlar\u0131 i\u00e7erisinde yer al\u0131r. Da\u011fl\u0131k olan b\u00f6l\u00fcmler yarl\u0131 ve so\u011fuk bir havaya sahip olsa da \u00fclkenin geneli \u0131l\u0131man ve tropikal iklimle birlikte genellikle y\u0131l\u0131n b\u00fcy\u00fck bir b\u00f6l\u00fcm\u00fc kurak ve s\u0131cak ge\u00e7mektedir. Kuzey k\u0131s\u0131mlar\u0131 ise so\u011fuk ve ya\u011fmurlu olur. Pakistan\u2019 da bir seyahat planl\u0131yorsan\u0131z bu seyahat i\u00e7in y\u0131l i\u00e7erisinde en uygun zaman olarak ilkbahar ve sonbahar mevsimleri se\u00e7ilmelidir.<\/span><\/p>\n<p><span style=\"font-family: Roboto; font-size: 14px;\">Pakistan sahip oldu\u011fu n\u00fcfusu ile D\u00fcnya\u2019 n\u0131n en kalabal\u0131k 3. \u00fclkesidir. N\u00fcfusun %70 k\u0131sm\u0131 k\u0131rsal b\u00f6lgelerde kalan %30 luk k\u0131sm\u0131 ise \u015fehirlerde ya\u015famaktad\u0131r.<\/span><\/p>\n<h2><strong><span style=\"font-family: Roboto; font-size: 27px;\">Pakistan Oturum \u0130zni \u0130\u015flemleri<\/span><\/strong><\/h2>\n<p><span style=\"font-family: Roboto; font-size: 14px;\">Pakistan\u2019da i\u015f yapmak, \u00e7al\u0131\u015fma, e\u011fitim almak, evlenmek, aile birle\u015fimi yapmak gibi nedenler ile Pakistan oturum izni al\u0131nabilir. Pakistan oturum izni i\u00e7in ilk \u00f6nce Pakistan\u2019a giri\u015f yap\u0131p yapmad\u0131\u011f\u0131n\u0131z, kendi devletiniz taraf\u0131ndan vatanda\u015fl\u0131ktan \u00e7\u0131kar\u0131l\u0131p \u00e7\u0131kar\u0131lmad\u0131\u011f\u0131n\u0131z ve adli sicil kayd\u0131n\u0131z kontrol edilir.<\/span><\/p>\n<p><span style=\"font-family: Roboto; font-size: 14px;\"><strong>Pakistan oturum izni<\/strong> \u015fartlar\u0131 duruma g\u00f6re farkl\u0131l\u0131k g\u00f6stermektedir. <strong>Pakistan oturum izni<\/strong> ge\u00e7ici ve kal\u0131c\u0131 olarak verilebilmektedir. Pakistan oturum izni ald\u0131ktan sonra belirli \u015fartlar\u0131 yerine getirmeniz durumunda Pakistan vatanda\u015fl\u0131\u011f\u0131 alabilirsiniz. 18 ya\u015f alt\u0131 \u00e7ocuklar\u0131n ebeveynlerinden birisi Pakistan oturum izni alm\u0131\u015f ise \u00e7ocuklar\u0131 da bu hatan yararlanabilir.<\/span><\/p>\n<p><span style=\"font-family: Roboto; font-size: 14px;\"><strong>Pakistan oturum izni ba\u015fvurusu<\/strong> <span style=\"color: #2acec2;\"><strong><a style=\"color: #2acec2;\" href=\"https:\/\/www.myvize.com.tr\/pakistan\/konsolosluklar\/ankara-buyukelciligi\/\" target=\"_blank\" rel=\"noopener\">Pakistan Ankara B\u00fcy\u00fckel\u00e7ili\u011fi<\/a><\/strong><\/span> ya da Pakistan \u0130stanbul Ba\u015fkonsoloslu\u011fu\u2019na yap\u0131lmal\u0131d\u0131r. Pakistan oturum izni ba\u015fvurusunda bulunacak olan ki\u015filerin \u015fahsen ba\u015fvuru yapmas\u0131na gerek bulunmamaktad\u0131r. Ba\u015fvurular vize ba\u015fvuru merkezi ve seyahat acenteleri arac\u0131l\u0131\u011f\u0131 ile de yap\u0131labilmektedir.<\/span><\/p>\n<p><span style=\"font-family: Roboto; font-size: 14px;\"><strong>Pakistan oturum izni<\/strong> ba\u015fvurusu i\u00e7in \u00f6ncelikle <strong>Pakistan oturum izni<\/strong> formu doldurulmal\u0131d\u0131r. Ard\u0131ndan ise Pakistan oturum izni ba\u015fvurusu i\u00e7in gerekli olan belgeler haz\u0131rlanmal\u0131d\u0131r. Bu belgeler y\u0131pranmam\u0131\u015f ve g\u00fcncel olmal\u0131d\u0131r. Belgeler ile oturum izni talep nedeninizi kan\u0131tlamal\u0131s\u0131n\u0131z. <strong>Pakistan oturum izni<\/strong> ba\u015fvurular\u0131 ortalama olarak 15 g\u00fcn i\u00e7erisinde sonu\u00e7lanmaktad\u0131r.<\/span><\/p>\n<h2><span style=\"font-family: Roboto; font-size: 27px;\"><strong>Pakistan Oturum \u0130zni Alma<\/strong><\/span><\/h2>\n<p><span style=\"font-family: Roboto; font-size: 14px;\">Yabanc\u0131 i\u00e7in<a href=\"https:\/\/www.myvize.com.tr\/pakistan\/vize-islemleri\/pakistan-vizesi\/\" target=\"_blank\" rel=\"noopener\"><span style=\"color: #2acec2;\"><strong> Pakistan vizesi<\/strong> <\/span><\/a>sonu\u00e7lanma s\u00fcresi ortalama olarak 5-6 hafta aras\u0131nda de\u011fi\u015fmektedir.<strong> Pakistan oturum izni<\/strong> ba\u015fvuru formu eksiksiz doldurulmal\u0131d\u0131r. Bas\u0131n mensuplar\u0131n\u0131n doldurmas\u0131 gereken ba\u015fvuru formlar\u0131 farkl\u0131d\u0131r. Pakistan\u2019da uzun s\u00fcre konaklama, i\u015f yapma, \u00f6\u011frenim g\u00f6rme, evlilik nedeni ile aile birle\u015fimi gibi sebepten oturum izni ba\u015fvurusu yap\u0131labilir. Pakistan yasas\u0131na g\u00f6re Pakistan oturum izin i\u00e7in ba\u015fvuru sahibinin ilk olarak Pakistan giri\u015f yapmad\u0131\u011f\u0131 ve sicil kayd\u0131n\u0131 kontrol edilir. <strong>Pakistan oturum izini<\/strong> ge\u00e7ici ve kal\u0131c\u0131 olarak iki kategoriye ayr\u0131lmaktad\u0131r. <strong>Pakistan oturum izni<\/strong> sahip yabanc\u0131 Pakistan vize prosed\u00fcr\u00fcnde muaf tutulur ve oturum izni s\u00fcre dahili Pakistan\u2019a \u00e7oklu giri\u015fi hakk\u0131na sahiptir. Pakistan oturum izin ba\u015fvurusu Pakistan G\u00f6\u00e7menlik ofisi taraf\u0131 d\u00fczenlenmektedir. <strong>Pakistan oturum izin<\/strong> i\u00e7in ba\u015fvuru sahibi Pakistan vatanda\u015f\u0131 ile evli olmas\u0131, 1. Derecede akrabal\u0131k ba\u011f\u0131 bulunma; Pakistan vatanda\u015f\u0131 taraf\u0131ndan evlat edinilme olmas\u0131 ya da Pakistan\u2019da yat\u0131r\u0131m yapm\u0131\u015f olmas\u0131 gereklidir.<strong> Pakistan oturum izni<\/strong> i\u00e7in Pakistan oturma izni sahibi ki\u015fi yaln\u0131zca 18 ya\u015f\u0131 doldurmam\u0131\u015f \u00e7ocuklar ba\u015fvuruda bulunabilmektedir.<\/span><\/p>\n<h2><span style=\"font-family: Roboto; font-size: 27px;\"><strong>Pakistan Oturum \u0130zni Nas\u0131l Al\u0131n\u0131r?<\/strong><\/span><\/h2>\n<p><span style=\"font-family: Roboto; font-size: 14px;\"><strong>Pakistan oturum izni ba\u015fvuru i\u015flemleri<\/strong> Pakistan G\u00f6\u00e7menlik ofisinde ger\u00e7ekle\u015ftirilebilmektedir. Pakistan oturum iznine ba\u015fvuruda bulunurken ilk olarak Pakistan vatanda\u015f\u0131yla evli olmas\u0131, Pakistan vatanda\u015f\u0131 biriyle yak\u0131n akrabal\u0131k ba\u011f\u0131n\u0131n olmas\u0131, Pakistanl\u0131 biri taraf\u0131ndan evlat edinilmesi ya da Pakistan\u2019 a yat\u0131r\u0131m yap\u0131lmas\u0131 \u015fartlar\u0131ndan birinin yerine getirilmesi gerekmektedir. \u0130stenilen \u015fartlardan biri ger\u00e7ekle\u015fti\u011finde ba\u015fvuruda bulunabilmek i\u00e7in a\u015fa\u011f\u0131da belirtilen evrak listesi haz\u0131rlanmal\u0131d\u0131r.<\/span><\/p>\n<ul>\n<li><span style=\"font-family: Roboto; font-size: 14px;\">10 y\u0131ldan eski olmayan ve bo\u015f sayfalar\u0131 bulunan bir pasaport<\/span><\/li>\n<li><span style=\"font-family: Roboto; font-size: 14px;\">5 adet biyometrik \u00f6zelliklerde \u00e7ekilmi\u015f foto\u011fraf<\/span><\/li>\n<li><span style=\"font-family: Roboto; font-size: 14px;\">Aile birle\u015fimi ile oturum izni al\u0131nacaksa di\u011fer aile bireylerinin n\u00fcfus c\u00fczdan\u0131 fotokopileri ve n\u00fcfus kay\u0131t belgeleri<\/span><\/li>\n<li><span style=\"font-family: Roboto; font-size: 14px;\">Evlilik olanlar i\u00e7in evlilik c\u00fczdan\u0131<\/span><\/li>\n<li><span style=\"font-family: Roboto; font-size: 14px;\">\u00c7ocuklar i\u00e7in do\u011fum belgeleri<\/span><\/li>\n<li><span style=\"font-family: Roboto; font-size: 14px;\">\u00c7ocuklar i\u00e7in d\u00fczenlenmi\u015f olan n\u00fcfus kay\u0131t belgeleri<\/span><\/li>\n<li><span style=\"font-family: Roboto; font-size: 14px;\">Oturum izni i\u00e7in doldurulan ba\u015fvuru formu<\/span><\/li>\n<li><span style=\"font-family: Roboto; font-size: 14px;\">T\u00fcrkiye\u2019 deki ikamet ve adres kay\u0131t belgeleri<\/span><\/li>\n<li><span style=\"font-family: Roboto; font-size: 14px;\">Uluslararas\u0131 do\u011fumlu olarak belirtilen ki\u015filer verilen i\u00e7in Uluslararas\u0131 Do\u011fum Sertifikas\u0131<\/span><\/li>\n<\/ul>\n<p><span style=\"font-family: Roboto; font-size: 14px;\"><span style=\"color: #2acec2;\"><strong><a style=\"color: #2acec2;\" href=\"https:\/\/www.myvize.com.tr\/pakistan\/pakistan-vize-ucreti\/\" target=\"_blank\" rel=\"noopener\">Pakistan Vize \u00dccreti<\/a><\/strong><\/span> ile ilgili bilgi almak i\u00e7in bizi aray\u0131n.<\/span><\/p>\n<p><img decoding=\"async\" src=\"https:\/\/www.myvize.com.tr\/pakistan\/wp-content\/uploads\/2021\/10\/21.jpg\" \/><\/p>\n<h3><span style=\"font-family: Roboto; font-size: 24px;\"><strong>Pakistan Oturum \u0130zni Ba\u015fvurusu<\/strong><\/span><\/h3>\n<p><span style=\"font-family: Roboto; font-size: 14px;\">Pakistan oturum izni ba\u015fvurular\u0131 Pakistan\u2019 da uzun s\u00fcreli konaklama yap\u0131lmas\u0131 gereken durumlar\u0131n \u00f6ncesinde \u00fclkeye yasal yollarla giri\u015f yapt\u0131ktan sonra devlet taraf\u0131ndan gerekli g\u00f6r\u00fclen bir i\u015flemdir. Oturum izni ba\u015fvurular\u0131 Pakistan\u2019 da bulunan g\u00f6\u00e7menlik ofislerinden yap\u0131labilmektedir.<\/span><\/p>\n<p><span style=\"font-family: Roboto; font-size: 14px;\"><strong>Pakistan oturum izinleri<\/strong> ge\u00e7ici oturum izni ve kal\u0131c\u0131 oturum izni olarak iki ba\u015fl\u0131k alt\u0131nda toplanmaktad\u0131r. Ge\u00e7ici oturum izinlerinde oturum izninin s\u00fcresinin bitiminde \u015fartlar hala sa\u011flan\u0131yorsa tekrar oturum iznine ba\u015fvuruda bulunulabilir ve oturum izni al\u0131nabilir. Kal\u0131c\u0131 oturum izinlerinde ise oturum izni bir defa al\u0131nd\u0131ktan sonra oturum iznini bir daha yenilemeye veya uzatmaya gerek olmaz. Her iki oturum izninde de \u00fclkeye \u00e7oklu olarak giri\u015f hakk\u0131 elde edilmi\u015f olunur, yap\u0131lan seyahatlerde bir vize problemi ya\u015fanmaz.<\/span><\/p>\n<p><span style=\"font-family: Roboto; font-size: 14px;\">Pakistan oturum iznine ba\u015fvuruda bulunan birinin oturum izni ba\u015fvurusunun olumlu olarak sonu\u00e7lanabilmesi i\u00e7in, bir Pakistan vatanda\u015f\u0131yla evli olmas\u0131, Pakistan vatanda\u015f\u0131 biriyle yak\u0131n akrabal\u0131k ba\u011f\u0131n\u0131n olmas\u0131, Pakistanl\u0131 biri taraf\u0131ndan evlat edinilmesi ya da <strong>Pakistan\u2019 a yat\u0131r\u0131m<\/strong> yapmas\u0131 \u015fart\u0131 aranmaktad\u0131r.<\/span><\/p>\n<h3><span style=\"font-family: Roboto; font-size: 24px;\"><strong>Pakistan Oturum \u0130zni \u015eartlar\u0131<\/strong><\/span><\/h3>\n<p><span style=\"font-family: Roboto; font-size: 14px;\"><strong>Pakistan oturum izni,<\/strong> Pakistan\u2019 da uzun s\u00fcreli olarak konaklamak, ticari olarak i\u015f yapmak, e\u011fitim almak ya da evlilik dolay\u0131s\u0131yla aile birle\u015fimi gibi ge\u00e7erli sebeplerden dolay\u0131 yap\u0131lan ba\u015fvurular ile al\u0131nan bir izindir. Pakistan Devleti\u2019 nin koydu\u011fu kanunlara g\u00f6re oturum iznine ba\u015fvurularda \u00f6ncelikli olarak bak\u0131lan \u015fartlar \u015f\u00f6yledir; Pakistan\u2019 a yasal yollar ile mi giri\u015f yap\u0131lm\u0131\u015f, daha \u00f6nce gelinmi\u015f mi ve adli sicilinde bir su\u00e7 kayd\u0131 var m\u0131 bunlar\u0131n kontrol edilmesidir.<\/span><\/p>\n<p><span style=\"font-family: Roboto; font-size: 14px;\">Pakistan oturum izinleri kendi i\u00e7erisinde ge\u00e7ici oturum izni ve kal\u0131c\u0131 oturum izni olmak \u00fczere ikiye ayr\u0131lmaktad\u0131r. Pakistan oturum izinlerinden birine sahip olundu\u011fu zaman ayr\u0131 bir vize al\u0131nmas\u0131na gerek olmamakla birlikte vize muafiyeti kapsam\u0131na al\u0131n\u0131rlar ve ge\u00e7ici oturum izinlerinde oturum izni s\u00fcresi bitene kadar \u00fclkeye \u00e7oklu olarak giri\u015f yapabilirler.<\/span><\/p>\n<p><span style=\"font-family: Roboto; font-size: 14px;\">Pakistan oturum izni ba\u015fvuru i\u015flemleri Pakistan G\u00f6\u00e7menlik ofisinde yap\u0131lmaktad\u0131r. Pakistan oturum iznine ba\u015fvuruda bulunan birinin oturum izni ba\u015fvurusunun olumlu olarak sonu\u00e7lanabilmesi i\u00e7in, bir Pakistan vatanda\u015f\u0131yla evli olmas\u0131, Pakistan vatanda\u015f\u0131 biriyle yak\u0131n akrabal\u0131k ba\u011f\u0131n\u0131n olmas\u0131, Pakistanl\u0131 biri taraf\u0131ndan evlat edinilmesi ya da Pakistan\u2019 a yat\u0131r\u0131m yapmas\u0131 \u015fart\u0131 aranmaktad\u0131r.<\/span><\/p>\n<p><img decoding=\"async\" src=\"https:\/\/www.myvize.com.tr\/pakistan\/wp-content\/uploads\/2021\/10\/22.jpg\" \/><\/p>\n","protected":false},"excerpt":{"rendered":"<p>Pakistan Oturum \u0130zni Hakk\u0131nda Farkl\u0131 \u00fclkelerdeki oturum izinleri farkl\u0131 nedenlerden dolay\u0131 al\u0131nabilir.\u00a0\u00a0Pakistan oturum izni,\u00a0 k\u0131sa s\u00fcreli oturum izni, \u00f6\u011frenci oturum izni ya da insani oturum izni gibi nedenlerden dolay\u0131 al\u0131nabilir.\u00a0 Ge\u00e7erli bir oturum izni olanlar, Pakistan\u2019a kap\u0131dan vizesi olmadan ge\u00e7i\u015f yapabilirler. Bunun \u00f6ncesinde ise, Pakistan oturum izni evraklar\u0131n\u0131n haz\u0131rlanmas\u0131 gerekir. Pasaport, foto\u011fraf, do\u011fum belgeleri, oturum<\/p>\n","protected":false},"author":1,"featured_media":0,"parent":18,"menu_order":0,"comment_status":"open","ping_status":"closed","template":"","meta":{"footnotes":""},"class_list":["post-45","page","type-page","status-publish","hentry"],"yoast_head":"<!-- This site is optimized with the Yoast SEO plugin v24.0 - https:\/\/yoast.com\/wordpress\/plugins\/seo\/ -->\n<title>Pakistan Oturum \u0130zni Vizesi - Pakistan Vize - MyVize<\/title>\n<meta name=\"description\" content=\"Pakistan oturum vizesi gerekli evrak listesi 2022. Pakistan oturum vizesi nas\u0131l al\u0131n\u0131r? Pakistan oturum vizesine dair her \u015fey.\" \/>\n<meta name=\"robots\" content=\"index, follow, max-snippet:-1, max-image-preview:large, max-video-preview:-1\" \/>\n<link rel=\"canonical\" href=\"https:\/\/www.myvize.com.tr\/pakistan\/vize-islemleri\/pakistan-oturum-izni\/\" \/>\n<meta property=\"og:locale\" content=\"tr_TR\" \/>\n<meta property=\"og:type\" content=\"article\" \/>\n<meta property=\"og:title\" content=\"Pakistan Oturum \u0130zni Vizesi - Pakistan Vize - MyVize\" \/>\n<meta property=\"og:description\" content=\"Pakistan oturum vizesi gerekli evrak listesi 2022. Pakistan oturum vizesi nas\u0131l al\u0131n\u0131r? Pakistan oturum vizesine dair her \u015fey.\" \/>\n<meta property=\"og:url\" content=\"https:\/\/www.myvize.com.tr\/pakistan\/vize-islemleri\/pakistan-oturum-izni\/\" \/>\n<meta property=\"og:site_name\" content=\"Pakistan Vizesi\" \/>\n<meta property=\"article:modified_time\" content=\"2022-08-22T09:56:59+00:00\" \/>\n<meta property=\"og:image\" content=\"https:\/\/www.myvize.com.tr\/pakistan\/wp-content\/uploads\/2021\/10\/21.jpg\" \/>\n<meta name=\"twitter:card\" content=\"summary_large_image\" \/>\n<meta name=\"twitter:label1\" content=\"Tahmini okuma s\u00fcresi\" \/>\n\t<meta name=\"twitter:data1\" content=\"6 dakika\" \/>\n<script type=\"application\/ld+json\" class=\"yoast-schema-graph\">{\"@context\":\"https:\/\/schema.org\",\"@graph\":[{\"@type\":\"WebPage\",\"@id\":\"https:\/\/www.myvize.com.tr\/pakistan\/vize-islemleri\/pakistan-oturum-izni\/\",\"url\":\"https:\/\/www.myvize.com.tr\/pakistan\/vize-islemleri\/pakistan-oturum-izni\/\",\"name\":\"Pakistan Oturum \u0130zni Vizesi - Pakistan Vize - MyVize\",\"isPartOf\":{\"@id\":\"https:\/\/www.myvize.com.tr\/pakistan\/#website\"},\"primaryImageOfPage\":{\"@id\":\"https:\/\/www.myvize.com.tr\/pakistan\/vize-islemleri\/pakistan-oturum-izni\/#primaryimage\"},\"image\":{\"@id\":\"https:\/\/www.myvize.com.tr\/pakistan\/vize-islemleri\/pakistan-oturum-izni\/#primaryimage\"},\"thumbnailUrl\":\"https:\/\/www.myvize.com.tr\/pakistan\/wp-content\/uploads\/2021\/10\/21.jpg\",\"datePublished\":\"2020-11-30T09:47:57+00:00\",\"dateModified\":\"2022-08-22T09:56:59+00:00\",\"description\":\"Pakistan oturum vizesi gerekli evrak listesi 2022. Pakistan oturum vizesi nas\u0131l al\u0131n\u0131r? Pakistan oturum vizesine dair her \u015fey.\",\"breadcrumb\":{\"@id\":\"https:\/\/www.myvize.com.tr\/pakistan\/vize-islemleri\/pakistan-oturum-izni\/#breadcrumb\"},\"inLanguage\":\"tr\",\"potentialAction\":[{\"@type\":\"ReadAction\",\"target\":[\"https:\/\/www.myvize.com.tr\/pakistan\/vize-islemleri\/pakistan-oturum-izni\/\"]}]},{\"@type\":\"ImageObject\",\"inLanguage\":\"tr\",\"@id\":\"https:\/\/www.myvize.com.tr\/pakistan\/vize-islemleri\/pakistan-oturum-izni\/#primaryimage\",\"url\":\"https:\/\/www.myvize.com.tr\/pakistan\/wp-content\/uploads\/2021\/10\/21.jpg\",\"contentUrl\":\"https:\/\/www.myvize.com.tr\/pakistan\/wp-content\/uploads\/2021\/10\/21.jpg\",\"width\":800,\"height\":500,\"caption\":\"Pakistan Oturum \u0130zni\"},{\"@type\":\"BreadcrumbList\",\"@id\":\"https:\/\/www.myvize.com.tr\/pakistan\/vize-islemleri\/pakistan-oturum-izni\/#breadcrumb\",\"itemListElement\":[{\"@type\":\"ListItem\",\"position\":1,\"name\":\"Anasayfa\",\"item\":\"https:\/\/www.myvize.com.tr\/pakistan\/\"},{\"@type\":\"ListItem\",\"position\":2,\"name\":\"V\u0130ZE \u0130\u015eLEMLER\u0130\",\"item\":\"https:\/\/www.myvize.com.tr\/pakistan\/vize-islemleri\/\"},{\"@type\":\"ListItem\",\"position\":3,\"name\":\"Pakistan Oturum \u0130zni\"}]},{\"@type\":\"WebSite\",\"@id\":\"https:\/\/www.myvize.com.tr\/pakistan\/#website\",\"url\":\"https:\/\/www.myvize.com.tr\/pakistan\/\",\"name\":\"Pakistan Vizesi\",\"description\":\"\",\"potentialAction\":[{\"@type\":\"SearchAction\",\"target\":{\"@type\":\"EntryPoint\",\"urlTemplate\":\"https:\/\/www.myvize.com.tr\/pakistan\/?s={search_term_string}\"},\"query-input\":{\"@type\":\"PropertyValueSpecification\",\"valueRequired\":true,\"valueName\":\"search_term_string\"}}],\"inLanguage\":\"tr\"}]}<\/script>\n<!-- \/ Yoast SEO plugin. -->","yoast_head_json":{"title":"Pakistan Oturum \u0130zni Vizesi - Pakistan Vize - MyVize","description":"Pakistan oturum vizesi gerekli evrak listesi 2022. Pakistan oturum vizesi nas\u0131l al\u0131n\u0131r? Pakistan oturum vizesine dair her \u015fey.","robots":{"index":"index","follow":"follow","max-snippet":"max-snippet:-1","max-image-preview":"max-image-preview:large","max-video-preview":"max-video-preview:-1"},"canonical":"https:\/\/www.myvize.com.tr\/pakistan\/vize-islemleri\/pakistan-oturum-izni\/","og_locale":"tr_TR","og_type":"article","og_title":"Pakistan Oturum \u0130zni Vizesi - Pakistan Vize - MyVize","og_description":"Pakistan oturum vizesi gerekli evrak listesi 2022. Pakistan oturum vizesi nas\u0131l al\u0131n\u0131r? Pakistan oturum vizesine dair her \u015fey.","og_url":"https:\/\/www.myvize.com.tr\/pakistan\/vize-islemleri\/pakistan-oturum-izni\/","og_site_name":"Pakistan Vizesi","article_modified_time":"2022-08-22T09:56:59+00:00","og_image":[{"url":"https:\/\/www.myvize.com.tr\/pakistan\/wp-content\/uploads\/2021\/10\/21.jpg","type":"","width":"","height":""}],"twitter_card":"summary_large_image","twitter_misc":{"Tahmini okuma s\u00fcresi":"6 dakika"},"schema":{"@context":"https:\/\/schema.org","@graph":[{"@type":"WebPage","@id":"https:\/\/www.myvize.com.tr\/pakistan\/vize-islemleri\/pakistan-oturum-izni\/","url":"https:\/\/www.myvize.com.tr\/pakistan\/vize-islemleri\/pakistan-oturum-izni\/","name":"Pakistan Oturum \u0130zni Vizesi - Pakistan Vize - MyVize","isPartOf":{"@id":"https:\/\/www.myvize.com.tr\/pakistan\/#website"},"primaryImageOfPage":{"@id":"https:\/\/www.myvize.com.tr\/pakistan\/vize-islemleri\/pakistan-oturum-izni\/#primaryimage"},"image":{"@id":"https:\/\/www.myvize.com.tr\/pakistan\/vize-islemleri\/pakistan-oturum-izni\/#primaryimage"},"thumbnailUrl":"https:\/\/www.myvize.com.tr\/pakistan\/wp-content\/uploads\/2021\/10\/21.jpg","datePublished":"2020-11-30T09:47:57+00:00","dateModified":"2022-08-22T09:56:59+00:00","description":"Pakistan oturum vizesi gerekli evrak listesi 2022. Pakistan oturum vizesi nas\u0131l al\u0131n\u0131r? Pakistan oturum vizesine dair her \u015fey.","breadcrumb":{"@id":"https:\/\/www.myvize.com.tr\/pakistan\/vize-islemleri\/pakistan-oturum-izni\/#breadcrumb"},"inLanguage":"tr","potentialAction":[{"@type":"ReadAction","target":["https:\/\/www.myvize.com.tr\/pakistan\/vize-islemleri\/pakistan-oturum-izni\/"]}]},{"@type":"ImageObject","inLanguage":"tr","@id":"https:\/\/www.myvize.com.tr\/pakistan\/vize-islemleri\/pakistan-oturum-izni\/#primaryimage","url":"https:\/\/www.myvize.com.tr\/pakistan\/wp-content\/uploads\/2021\/10\/21.jpg","contentUrl":"https:\/\/www.myvize.com.tr\/pakistan\/wp-content\/uploads\/2021\/10\/21.jpg","width":800,"height":500,"caption":"Pakistan Oturum \u0130zni"},{"@type":"BreadcrumbList","@id":"https:\/\/www.myvize.com.tr\/pakistan\/vize-islemleri\/pakistan-oturum-izni\/#breadcrumb","itemListElement":[{"@type":"ListItem","position":1,"name":"Anasayfa","item":"https:\/\/www.myvize.com.tr\/pakistan\/"},{"@type":"ListItem","position":2,"name":"V\u0130ZE \u0130\u015eLEMLER\u0130","item":"https:\/\/www.myvize.com.tr\/pakistan\/vize-islemleri\/"},{"@type":"ListItem","position":3,"name":"Pakistan Oturum \u0130zni"}]},{"@type":"WebSite","@id":"https:\/\/www.myvize.com.tr\/pakistan\/#website","url":"https:\/\/www.myvize.com.tr\/pakistan\/","name":"Pakistan Vizesi","description":"","potentialAction":[{"@type":"SearchAction","target":{"@type":"EntryPoint","urlTemplate":"https:\/\/www.myvize.com.tr\/pakistan\/?s={search_term_string}"},"query-input":{"@type":"PropertyValueSpecification","valueRequired":true,"valueName":"search_term_string"}}],"inLanguage":"tr"}]}},"_links":{"self":[{"href":"https:\/\/www.myvize.com.tr\/pakistan\/wp-json\/wp\/v2\/pages\/45","targetHints":{"allow":["GET"]}}],"collection":[{"href":"https:\/\/www.myvize.com.tr\/pakistan\/wp-json\/wp\/v2\/pages"}],"about":[{"href":"https:\/\/www.myvize.com.tr\/pakistan\/wp-json\/wp\/v2\/types\/page"}],"author":[{"embeddable":true,"href":"https:\/\/www.myvize.com.tr\/pakistan\/wp-json\/wp\/v2\/users\/1"}],"replies":[{"embeddable":true,"href":"https:\/\/www.myvize.com.tr\/pakistan\/wp-json\/wp\/v2\/comments?post=45"}],"version-history":[{"count":9,"href":"https:\/\/www.myvize.com.tr\/pakistan\/wp-json\/wp\/v2\/pages\/45\/revisions"}],"predecessor-version":[{"id":672,"href":"https:\/\/www.myvize.com.tr\/pakistan\/wp-json\/wp\/v2\/pages\/45\/revisions\/672"}],"up":[{"embeddable":true,"href":"https:\/\/www.myvize.com.tr\/pakistan\/wp-json\/wp\/v2\/pages\/18"}],"wp:attachment":[{"href":"https:\/\/www.myvize.com.tr\/pakistan\/wp-json\/wp\/v2\/media?parent=45"}],"curies":[{"name":"wp","href":"https:\/\/api.w.org\/{rel}","templated":true}]}}