{"id":47,"date":"2020-11-30T12:48:28","date_gmt":"2020-11-30T09:48:28","guid":{"rendered":"https:\/\/www.myvize.com.tr\/pakistan\/?page_id=47"},"modified":"2022-04-30T13:07:22","modified_gmt":"2022-04-30T10:07:22","slug":"pakistan-vize-basvuru-formu","status":"publish","type":"page","link":"https:\/\/www.myvize.com.tr\/pakistan\/vize-islemleri\/pakistan-vize-basvuru-formu\/","title":{"rendered":"Pakistan Vize Ba\u015fvuru Formu"},"content":{"rendered":"<h2><span style=\"font-family: Roboto; font-size: 27px;\"><strong>Pakistan Vize Ba\u015fvuru Formu 2022<\/strong><\/span><\/h2>\n<p><span style=\"font-family: Roboto; font-size: 14px;\"><strong>Pakistan vize ba\u015fvuru formu<\/strong>, Pakistan Konsolosluklar\u0131 taraf\u0131ndan haz\u0131rlanm\u0131\u015f, konsoloslu\u011fun <strong>Pakistan vize<\/strong> talebinde bulunan ki\u015fi hakk\u0131nda bilgi edinilebilmesi sa\u011flanmaktad\u0131r. Pakistan Konsolosluklar\u0131n\u0131n haz\u0131rlam\u0131\u015f oldu\u011fu ba\u015fvuru formu doldurmas\u0131 zorunludur ve Pakistan vize ba\u015fvuru i\u015fleminin ilk ad\u0131m\u0131n\u0131 <span style=\"color: #2acec2;\"><strong><a style=\"color: #2acec2;\" href=\"https:\/\/www.myvize.com.tr\/pakistan\/vize-islemleri\/pakistan-vizesi\/\" target=\"_blank\" rel=\"noopener\">Pakistan vizesi<\/a><\/strong><\/span> ba\u015fvuru formu olu\u015fturacakt\u0131r.<\/span><br \/>\n<span style=\"font-family: Roboto; font-size: 14px;\">Pakistan vizesi ba\u015fvuru formu, eksiksiz ve ger\u00e7e\u011fe uygun olan bilgiyle doldurularak ba\u015fvuru evrak\u0131n\u0131z aras\u0131nda bulundurmal\u0131s\u0131n\u0131z. Pakistan Konsoloslu\u011fu vizesi ba\u015fvuru sahibi hakk\u0131nda detayl\u0131 bilgiye ba\u015fvuru form arac\u0131l\u0131\u011f\u0131yla ula\u015f\u0131rken,<strong> Pakistan vizesi ba\u015fvuru formu<\/strong> eksiksiz ve ger\u00e7e\u011fe uygun bilgiler verilmelidir. <strong>Pakistan vizesi<\/strong> ba\u015fvuru formunda vermi\u015f olunan bilginin, ba\u015fvuru evrak\u0131nda bulunan bilginizi desteklemesi ise Pakistan Konsoloslu\u011fu g\u00f6z \u00f6n\u00fcnde bulunduraca\u011f\u0131 konudur. <strong>Pakistan Konsoloslu\u011fu<\/strong> vizesi ba\u015fvuru form ve ba\u015fvuru evrak\u0131 aras\u0131nda beyan etti\u011finiz bilgiyi dikkate alacak, uyumsuz ve ger\u00e7e\u011fe uygunlu\u011fu olmayan bilginizle kar\u015f\u0131la\u015fmas\u0131 durumunda vize ba\u015fvuru i\u015fleminizi reddedebilecektir. Ret edilen ba\u015fvurular i\u00e7in konsolosluktan tekrar vize ba\u015fvurusunda bulunman\u0131z gerekecektir.<\/span><br \/>\n<span style=\"font-family: Roboto; font-size: 14px;\"><strong>Pakistan vizesi<\/strong> ba\u015fvuru form uluslararas\u0131 prosed\u00fcrde kullan\u0131lan resm\u00ee belgedir. Amac\u0131na ve ger\u00e7e\u011fe uygun \u015fekilde doldurulmal\u0131, verilen sahte bilginin su\u00e7 unsuru ta\u015f\u0131yaca\u011f\u0131 dikkat edilmelidir.<\/span><\/p>\n<p><img decoding=\"async\" src=\"https:\/\/www.myvize.com.tr\/pakistan\/wp-content\/uploads\/2021\/10\/3.jpg\" \/><\/p>\n<h2><strong><span style=\"font-family: Roboto; font-size: 27px;\">Pakistan Vizesi Ba\u015fvuru Formu Hakk\u0131nda<\/span><\/strong><\/h2>\n<p><span style=\"font-family: Roboto; font-size: 14px;\">Pakistan\u2019a belirli bir ama\u00e7 ile seyahat edecek olan T\u00fcrk vatanda\u015flar\u0131n\u0131n, <strong>Pakistan vizesi<\/strong> almas\u0131 gerekmektedir. Diplomatik, Hizmet ve Hususi pasaport sahiplerinin 90 g\u00fcn\u00fc ge\u00e7meyen seyahatlerinde <strong>Pakistan vizesi<\/strong> almas\u0131na gerek bulunmamaktad\u0131r.<\/span><\/p>\n<p><span style=\"font-family: Roboto; font-size: 14px;\">Pakistan vize ba\u015fvurular\u0131 i\u00e7in ilk olarak<strong> Pakistan vize ba\u015fvuru formu<\/strong> doldurulmal\u0131d\u0131r. Bu formun doldurulmas\u0131 \u00e7ok \u00f6nemlidir.<strong> Pakistan vize ba\u015fvuru formu<\/strong> olmadan, <strong>Pakistan vize<\/strong> ba\u015fvurusunda bulunmazs\u0131n\u0131z.<\/span><\/p>\n<p><span style=\"font-family: Roboto; font-size: 14px;\">Bu form doldurulurken \u00e7ok dikkatli olunmal\u0131d\u0131r. Bunun nedeni Pakistan Konsoloslu\u011fu\u2019nun ba\u015fvuru sahibini bu form ile tan\u0131mas\u0131d\u0131r. Pakistan vize ba\u015fvuru formunda, kimlik bilgileri, pasaport bilgileri, ki\u015fisel bilgiler, seyahat tarihler, Pakistan\u2019a giri\u015f ve \u00e7\u0131k\u0131\u015f tarihleri, seyahat amac\u0131, seyahat plan\u0131 gibi bilgiler almal\u0131d\u0131r. Bu formda ayr\u0131ca e\u011fitim durumunuz, \u00e7al\u0131\u015fma durumunuz, aile bilgileriniz gibi bilgiler de yer almal\u0131d\u0131r.<\/span><\/p>\n<p><span style=\"font-family: Roboto; font-size: 14px;\"><strong>Pakistan vize ba\u015fvuru formu<\/strong> \u0130ngilizce ve T\u00fcrk\u00e7e olarak doldurulabilir. Form doldurulduktan sonra ba\u015fvuru sahibi taraf\u0131ndan tarih at\u0131l\u0131p imzalanmal\u0131d\u0131r. Formun \u00fczerinde bulunan foto\u011fraf alan\u0131na 35X45 mm boyutunda biyometrik foto\u011fraf yap\u0131\u015ft\u0131rmal\u0131s\u0131n\u0131z.<strong> Pakistan vize<\/strong> ba\u015fvuru formuna, Pakistan Konsoloslu\u011fu resmi internet sitesinden ula\u015fabilirsiniz. Ayr\u0131ca <strong>Pakistan vize ba\u015fvuru<\/strong> merkezlerinden bu formu temin edebilirsiniz. <strong>Pakistan vize ba\u015fvuru<\/strong> formunda hi\u00e7bir bo\u015f alan bulundurmamal\u0131s\u0131n\u0131z.<\/span><\/p>\n<p><span style=\"font-family: Roboto; font-size: 14px;\"><span style=\"color: #2acec2;\"><strong><a style=\"color: #2acec2;\" href=\"https:\/\/www.myvize.com.tr\/pakistan\/vize-islemleri\/pakistan-vize-reddi\/\" target=\"_blank\" rel=\"noopener\">Pakistan Vize Reddi <\/a><\/strong><\/span>ile ilgili bilgi almak i\u00e7in bizi aray\u0131n.<\/span><\/p>\n<p><img decoding=\"async\" src=\"https:\/\/www.myvize.com.tr\/pakistan\/wp-content\/uploads\/2021\/10\/23.jpg\" \/><\/p>\n<h2><span style=\"font-family: Roboto; font-size: 27px;\"><strong>Pakistan Vize Ba\u015fvuru Formu \u0130le \u0130lgili<\/strong><\/span><\/h2>\n<p><span style=\"font-family: Roboto; font-size: 14px;\"><strong>Pakistan Konsoloslu\u011fu<\/strong> taraf\u0131ndan haz\u0131rlanan vize ba\u015fvuru formu, do\u011fru ve eksiksiz bilgilerle doldurulmal\u0131d\u0131r.\u00a0<strong>Pakistan vize ba\u015fvuru formu<\/strong> haz\u0131rlamak, vize almak i\u00e7in gerekli olan ad\u0131mlardan ilkidir. <strong>Pakistan Vize Ba\u015fvuru formu<\/strong> uluslararas\u0131 prosed\u00fcrde ge\u00e7erli olan bir belgedir. Bilgilerin do\u011fru olmas\u0131 vizenin olumlu sonu\u00e7lanabilmesinin yan\u0131 s\u0131ra, su\u00e7 unsuru olmamas\u0131 a\u00e7\u0131s\u0131ndan da \u00f6nemlidir. Verilen bilgiler bu nedenle do\u011fru olmal\u0131d\u0131r.<\/span><\/p>\n<p><span style=\"font-family: Roboto; font-size: 14px;\">Vize i\u015flemlerinin yanmamas\u0131 i\u00e7in,<strong> vize ba\u015fvurusu<\/strong> yapacak olanlar dikkat etmelidir. \u00c7\u00fcnk\u00fc ba\u015fvurunun yanmas\u0131 fazladan masraf olu\u015fmas\u0131na da neden olur. Nu da ki\u015finin ekonomisini sarsaca\u011f\u0131 i\u00e7in dikkat edilmelidir. Ceza almamak i\u00e7inde dikkatli olarak yap\u0131lmal\u0131d\u0131r. Yanl\u0131\u015f ya da hatal\u0131 olabilecek durumlar g\u00f6z \u00f6n\u00fcnde bulundurularak konu hakk\u0131nda bilgili olan ki\u015filerden bilgi al\u0131nabilir.<\/span><\/p>\n<p><span style=\"font-family: Roboto; font-size: 14px;\">Vize ba\u015fvuru formlar\u0131 <strong>T\u00fcrk\u00e7e<\/strong> ve <strong>\u0130ngilizce<\/strong> olarak doldurulmal\u0131d\u0131r. Ayr\u0131ca b\u00fcy\u00fck harflerle yaz\u0131lmal\u0131 ve t\u00fckenmez kalem kullan\u0131lmal\u0131d\u0131r. Doldurulan bilgilerin ba\u015fvuru evraklar\u0131n\u0131 da desteklemesi gerekir. Form doldurma i\u015flemi tamamland\u0131ktan sonra, formun \u00fcst k\u0131sm\u0131na biometrik foto\u011fraf\u0131n yap\u0131\u015ft\u0131r\u0131lmas\u0131 gerekir. Formun alt k\u0131sm\u0131nda yer alan b\u00f6l\u00fcme imza at\u0131ld\u0131ktan sonra<strong> vize ba\u015fvuru formu<\/strong> doldurma i\u015flem tamamlanabilir.<\/span><\/p>\n<p><span style=\"font-size: 18px;\"><span style=\"font-family: Roboto;\"><img loading=\"lazy\" decoding=\"async\" src=\"..\/..\/..\/romanya\/wp-content\/uploads\/2021\/07\/aDOBE-LOGO-1.png\" width=\"75\" height=\"75\" \/><strong>\u00a0\u00a0<\/strong><\/span><strong><span style=\"font-family: Roboto;\"> Pakistan Vizesi Ba\u015fvuru Formunu\u00a0 <a href=\"https:\/\/www.myvize.com.tr\/pakistan\/wp-content\/uploads\/2021\/12\/Pakistan-Basvuru-Formu.pdf\" target=\"_blank\" rel=\"noreferrer noopener\">(\u0130ndirmek \u0130\u00e7in T\u0131klay\u0131n\u0131z!!)<\/a><\/span><\/strong><\/span><\/p>\n","protected":false},"excerpt":{"rendered":"<p>Pakistan Vize Ba\u015fvuru Formu 2022 Pakistan vize ba\u015fvuru formu, Pakistan Konsolosluklar\u0131 taraf\u0131ndan haz\u0131rlanm\u0131\u015f, konsoloslu\u011fun Pakistan vize talebinde bulunan ki\u015fi hakk\u0131nda bilgi edinilebilmesi sa\u011flanmaktad\u0131r. Pakistan Konsolosluklar\u0131n\u0131n haz\u0131rlam\u0131\u015f oldu\u011fu ba\u015fvuru formu doldurmas\u0131 zorunludur ve Pakistan vize ba\u015fvuru i\u015fleminin ilk ad\u0131m\u0131n\u0131 Pakistan vizesi ba\u015fvuru formu olu\u015fturacakt\u0131r. Pakistan vizesi ba\u015fvuru formu, eksiksiz ve ger\u00e7e\u011fe uygun olan bilgiyle doldurularak ba\u015fvuru<\/p>\n","protected":false},"author":1,"featured_media":0,"parent":18,"menu_order":0,"comment_status":"open","ping_status":"closed","template":"","meta":{"footnotes":""},"class_list":["post-47","page","type-page","status-publish","hentry"],"yoast_head":"<!-- This site is optimized with the Yoast SEO plugin v24.0 - https:\/\/yoast.com\/wordpress\/plugins\/seo\/ -->\n<title>Pakistan Vizesi Ba\u015fvuru Formu - Pakistan Vize - MyVize<\/title>\n<meta name=\"description\" content=\"Pakistan ba\u015fvuru formuna dair g\u00fcncel veriler. Pakistan ba\u015fvuru formu detayl\u0131 g\u00f6rsel anlat\u0131m. Pakistan ba\u015fvuru formu i\u00e7in ileti\u015fime ge\u00e7iniz.\" \/>\n<meta name=\"robots\" content=\"index, follow, max-snippet:-1, max-image-preview:large, max-video-preview:-1\" \/>\n<link rel=\"canonical\" href=\"https:\/\/www.myvize.com.tr\/pakistan\/vize-islemleri\/pakistan-vize-basvuru-formu\/\" \/>\n<meta property=\"og:locale\" content=\"tr_TR\" \/>\n<meta property=\"og:type\" content=\"article\" \/>\n<meta property=\"og:title\" content=\"Pakistan Vizesi Ba\u015fvuru Formu - Pakistan Vize - MyVize\" \/>\n<meta property=\"og:description\" content=\"Pakistan ba\u015fvuru formuna dair g\u00fcncel veriler. Pakistan ba\u015fvuru formu detayl\u0131 g\u00f6rsel anlat\u0131m. Pakistan ba\u015fvuru formu i\u00e7in ileti\u015fime ge\u00e7iniz.\" \/>\n<meta property=\"og:url\" content=\"https:\/\/www.myvize.com.tr\/pakistan\/vize-islemleri\/pakistan-vize-basvuru-formu\/\" \/>\n<meta property=\"og:site_name\" content=\"Pakistan Vizesi\" \/>\n<meta property=\"article:modified_time\" content=\"2022-04-30T10:07:22+00:00\" \/>\n<meta property=\"og:image\" content=\"https:\/\/www.myvize.com.tr\/pakistan\/wp-content\/uploads\/2021\/10\/3.jpg\" \/>\n<meta name=\"twitter:card\" content=\"summary_large_image\" \/>\n<meta name=\"twitter:label1\" content=\"Tahmini okuma s\u00fcresi\" \/>\n\t<meta name=\"twitter:data1\" content=\"3 dakika\" \/>\n<script type=\"application\/ld+json\" class=\"yoast-schema-graph\">{\"@context\":\"https:\/\/schema.org\",\"@graph\":[{\"@type\":\"WebPage\",\"@id\":\"https:\/\/www.myvize.com.tr\/pakistan\/vize-islemleri\/pakistan-vize-basvuru-formu\/\",\"url\":\"https:\/\/www.myvize.com.tr\/pakistan\/vize-islemleri\/pakistan-vize-basvuru-formu\/\",\"name\":\"Pakistan Vizesi Ba\u015fvuru Formu - Pakistan Vize - MyVize\",\"isPartOf\":{\"@id\":\"https:\/\/www.myvize.com.tr\/pakistan\/#website\"},\"primaryImageOfPage\":{\"@id\":\"https:\/\/www.myvize.com.tr\/pakistan\/vize-islemleri\/pakistan-vize-basvuru-formu\/#primaryimage\"},\"image\":{\"@id\":\"https:\/\/www.myvize.com.tr\/pakistan\/vize-islemleri\/pakistan-vize-basvuru-formu\/#primaryimage\"},\"thumbnailUrl\":\"https:\/\/www.myvize.com.tr\/pakistan\/wp-content\/uploads\/2021\/10\/3.jpg\",\"datePublished\":\"2020-11-30T09:48:28+00:00\",\"dateModified\":\"2022-04-30T10:07:22+00:00\",\"description\":\"Pakistan ba\u015fvuru formuna dair g\u00fcncel veriler. Pakistan ba\u015fvuru formu detayl\u0131 g\u00f6rsel anlat\u0131m. Pakistan ba\u015fvuru formu i\u00e7in ileti\u015fime ge\u00e7iniz.\",\"breadcrumb\":{\"@id\":\"https:\/\/www.myvize.com.tr\/pakistan\/vize-islemleri\/pakistan-vize-basvuru-formu\/#breadcrumb\"},\"inLanguage\":\"tr\",\"potentialAction\":[{\"@type\":\"ReadAction\",\"target\":[\"https:\/\/www.myvize.com.tr\/pakistan\/vize-islemleri\/pakistan-vize-basvuru-formu\/\"]}]},{\"@type\":\"ImageObject\",\"inLanguage\":\"tr\",\"@id\":\"https:\/\/www.myvize.com.tr\/pakistan\/vize-islemleri\/pakistan-vize-basvuru-formu\/#primaryimage\",\"url\":\"https:\/\/www.myvize.com.tr\/pakistan\/wp-content\/uploads\/2021\/10\/3.jpg\",\"contentUrl\":\"https:\/\/www.myvize.com.tr\/pakistan\/wp-content\/uploads\/2021\/10\/3.jpg\",\"width\":800,\"height\":500,\"caption\":\"Pakistan Vize Ba\u015fvuru Formu\"},{\"@type\":\"BreadcrumbList\",\"@id\":\"https:\/\/www.myvize.com.tr\/pakistan\/vize-islemleri\/pakistan-vize-basvuru-formu\/#breadcrumb\",\"itemListElement\":[{\"@type\":\"ListItem\",\"position\":1,\"name\":\"Anasayfa\",\"item\":\"https:\/\/www.myvize.com.tr\/pakistan\/\"},{\"@type\":\"ListItem\",\"position\":2,\"name\":\"V\u0130ZE \u0130\u015eLEMLER\u0130\",\"item\":\"https:\/\/www.myvize.com.tr\/pakistan\/vize-islemleri\/\"},{\"@type\":\"ListItem\",\"position\":3,\"name\":\"Pakistan Vize Ba\u015fvuru Formu\"}]},{\"@type\":\"WebSite\",\"@id\":\"https:\/\/www.myvize.com.tr\/pakistan\/#website\",\"url\":\"https:\/\/www.myvize.com.tr\/pakistan\/\",\"name\":\"Pakistan Vizesi\",\"description\":\"\",\"potentialAction\":[{\"@type\":\"SearchAction\",\"target\":{\"@type\":\"EntryPoint\",\"urlTemplate\":\"https:\/\/www.myvize.com.tr\/pakistan\/?s={search_term_string}\"},\"query-input\":{\"@type\":\"PropertyValueSpecification\",\"valueRequired\":true,\"valueName\":\"search_term_string\"}}],\"inLanguage\":\"tr\"}]}<\/script>\n<!-- \/ Yoast SEO plugin. -->","yoast_head_json":{"title":"Pakistan Vizesi Ba\u015fvuru Formu - Pakistan Vize - MyVize","description":"Pakistan ba\u015fvuru formuna dair g\u00fcncel veriler. Pakistan ba\u015fvuru formu detayl\u0131 g\u00f6rsel anlat\u0131m. Pakistan ba\u015fvuru formu i\u00e7in ileti\u015fime ge\u00e7iniz.","robots":{"index":"index","follow":"follow","max-snippet":"max-snippet:-1","max-image-preview":"max-image-preview:large","max-video-preview":"max-video-preview:-1"},"canonical":"https:\/\/www.myvize.com.tr\/pakistan\/vize-islemleri\/pakistan-vize-basvuru-formu\/","og_locale":"tr_TR","og_type":"article","og_title":"Pakistan Vizesi Ba\u015fvuru Formu - Pakistan Vize - MyVize","og_description":"Pakistan ba\u015fvuru formuna dair g\u00fcncel veriler. Pakistan ba\u015fvuru formu detayl\u0131 g\u00f6rsel anlat\u0131m. Pakistan ba\u015fvuru formu i\u00e7in ileti\u015fime ge\u00e7iniz.","og_url":"https:\/\/www.myvize.com.tr\/pakistan\/vize-islemleri\/pakistan-vize-basvuru-formu\/","og_site_name":"Pakistan Vizesi","article_modified_time":"2022-04-30T10:07:22+00:00","og_image":[{"url":"https:\/\/www.myvize.com.tr\/pakistan\/wp-content\/uploads\/2021\/10\/3.jpg","type":"","width":"","height":""}],"twitter_card":"summary_large_image","twitter_misc":{"Tahmini okuma s\u00fcresi":"3 dakika"},"schema":{"@context":"https:\/\/schema.org","@graph":[{"@type":"WebPage","@id":"https:\/\/www.myvize.com.tr\/pakistan\/vize-islemleri\/pakistan-vize-basvuru-formu\/","url":"https:\/\/www.myvize.com.tr\/pakistan\/vize-islemleri\/pakistan-vize-basvuru-formu\/","name":"Pakistan Vizesi Ba\u015fvuru Formu - Pakistan Vize - MyVize","isPartOf":{"@id":"https:\/\/www.myvize.com.tr\/pakistan\/#website"},"primaryImageOfPage":{"@id":"https:\/\/www.myvize.com.tr\/pakistan\/vize-islemleri\/pakistan-vize-basvuru-formu\/#primaryimage"},"image":{"@id":"https:\/\/www.myvize.com.tr\/pakistan\/vize-islemleri\/pakistan-vize-basvuru-formu\/#primaryimage"},"thumbnailUrl":"https:\/\/www.myvize.com.tr\/pakistan\/wp-content\/uploads\/2021\/10\/3.jpg","datePublished":"2020-11-30T09:48:28+00:00","dateModified":"2022-04-30T10:07:22+00:00","description":"Pakistan ba\u015fvuru formuna dair g\u00fcncel veriler. Pakistan ba\u015fvuru formu detayl\u0131 g\u00f6rsel anlat\u0131m. Pakistan ba\u015fvuru formu i\u00e7in ileti\u015fime ge\u00e7iniz.","breadcrumb":{"@id":"https:\/\/www.myvize.com.tr\/pakistan\/vize-islemleri\/pakistan-vize-basvuru-formu\/#breadcrumb"},"inLanguage":"tr","potentialAction":[{"@type":"ReadAction","target":["https:\/\/www.myvize.com.tr\/pakistan\/vize-islemleri\/pakistan-vize-basvuru-formu\/"]}]},{"@type":"ImageObject","inLanguage":"tr","@id":"https:\/\/www.myvize.com.tr\/pakistan\/vize-islemleri\/pakistan-vize-basvuru-formu\/#primaryimage","url":"https:\/\/www.myvize.com.tr\/pakistan\/wp-content\/uploads\/2021\/10\/3.jpg","contentUrl":"https:\/\/www.myvize.com.tr\/pakistan\/wp-content\/uploads\/2021\/10\/3.jpg","width":800,"height":500,"caption":"Pakistan Vize Ba\u015fvuru Formu"},{"@type":"BreadcrumbList","@id":"https:\/\/www.myvize.com.tr\/pakistan\/vize-islemleri\/pakistan-vize-basvuru-formu\/#breadcrumb","itemListElement":[{"@type":"ListItem","position":1,"name":"Anasayfa","item":"https:\/\/www.myvize.com.tr\/pakistan\/"},{"@type":"ListItem","position":2,"name":"V\u0130ZE \u0130\u015eLEMLER\u0130","item":"https:\/\/www.myvize.com.tr\/pakistan\/vize-islemleri\/"},{"@type":"ListItem","position":3,"name":"Pakistan Vize Ba\u015fvuru Formu"}]},{"@type":"WebSite","@id":"https:\/\/www.myvize.com.tr\/pakistan\/#website","url":"https:\/\/www.myvize.com.tr\/pakistan\/","name":"Pakistan Vizesi","description":"","potentialAction":[{"@type":"SearchAction","target":{"@type":"EntryPoint","urlTemplate":"https:\/\/www.myvize.com.tr\/pakistan\/?s={search_term_string}"},"query-input":{"@type":"PropertyValueSpecification","valueRequired":true,"valueName":"search_term_string"}}],"inLanguage":"tr"}]}},"_links":{"self":[{"href":"https:\/\/www.myvize.com.tr\/pakistan\/wp-json\/wp\/v2\/pages\/47","targetHints":{"allow":["GET"]}}],"collection":[{"href":"https:\/\/www.myvize.com.tr\/pakistan\/wp-json\/wp\/v2\/pages"}],"about":[{"href":"https:\/\/www.myvize.com.tr\/pakistan\/wp-json\/wp\/v2\/types\/page"}],"author":[{"embeddable":true,"href":"https:\/\/www.myvize.com.tr\/pakistan\/wp-json\/wp\/v2\/users\/1"}],"replies":[{"embeddable":true,"href":"https:\/\/www.myvize.com.tr\/pakistan\/wp-json\/wp\/v2\/comments?post=47"}],"version-history":[{"count":11,"href":"https:\/\/www.myvize.com.tr\/pakistan\/wp-json\/wp\/v2\/pages\/47\/revisions"}],"predecessor-version":[{"id":635,"href":"https:\/\/www.myvize.com.tr\/pakistan\/wp-json\/wp\/v2\/pages\/47\/revisions\/635"}],"up":[{"embeddable":true,"href":"https:\/\/www.myvize.com.tr\/pakistan\/wp-json\/wp\/v2\/pages\/18"}],"wp:attachment":[{"href":"https:\/\/www.myvize.com.tr\/pakistan\/wp-json\/wp\/v2\/media?parent=47"}],"curies":[{"name":"wp","href":"https:\/\/api.w.org\/{rel}","templated":true}]}}