{"id":49,"date":"2020-11-30T12:48:56","date_gmt":"2020-11-30T09:48:56","guid":{"rendered":"https:\/\/www.myvize.com.tr\/pakistan\/?page_id=49"},"modified":"2022-04-30T13:07:51","modified_gmt":"2022-04-30T10:07:51","slug":"pakistan-vize-reddi","status":"publish","type":"page","link":"https:\/\/www.myvize.com.tr\/pakistan\/vize-islemleri\/pakistan-vize-reddi\/","title":{"rendered":"Pakistan Vize Reddi"},"content":{"rendered":"<h2><span style=\"font-family: Roboto; font-size: 27px;\"><strong>Pakistan Vize Reddi 2022<\/strong><\/span><\/h2>\n<p><span style=\"font-family: Roboto; font-size: 14px;\"><strong>Pakistan vize<\/strong> ba\u015fvurunuzun onaylanmas\u0131nda ya da reddedilmesinde tek yetkili kurum <strong>Pakistan el\u00e7ili\u011fi<\/strong> veya konsoloslu\u011fudur.<\/span><br \/>\n<span style=\"font-family: Roboto; font-size: 14px;\"><strong>Pakistan vize reddi<\/strong>, eksik belge, hatal\u0131 belge, sahte belge, seyahat sa\u011fl\u0131k sigortas\u0131 yap\u0131lmam\u0131\u015f olmas\u0131, tutars\u0131z banka hesab\u0131 hareketi gibi nedenden dolay\u0131 reddedilebilir. Vize reddedilmemesi i\u00e7in vize reddedilme nedenlerini inceleyebilir ba\u015fvurunuzu o do\u011frultuda da yapabilirsiniz.<\/span><br \/>\n<span style=\"font-family: Roboto; font-size: 14px;\">Vize ba\u015fvurusu yaparken <strong>Pakistan konsoloslu\u011fu<\/strong> ya da b\u00fcy\u00fckel\u00e7ili\u011fi istedi\u011fi evrak\u0131 hatas\u0131z, eksiksiz, do\u011fru \u015fekilde toplaman\u0131z gerekmektedir.<\/span><br \/>\n<span style=\"font-family: Roboto; font-size: 14px;\">Ziyaret nedenini konsoloslu\u011fa kan\u0131tlamal\u0131s\u0131n\u0131z. Bunun i\u00e7in \u00f6ncelikle <span style=\"color: #2acec2;\"><strong><a style=\"color: #2acec2;\" href=\"https:\/\/www.myvize.com.tr\/pakistan\/vize-islemleri\/pakistan-vizesi\/\" target=\"_blank\" rel=\"noopener\">Pakistan vizesi<\/a><\/strong><\/span> dilek\u00e7esi ile yapmal\u0131s\u0131n\u0131z. Bu dilek\u00e7ede ziyaret amac\u0131 ve \u015fart\u0131n\u0131 belirtmelisiniz. Di\u011fer evrak ile bunu desteklemelisiniz.<\/span><br \/>\n<span style=\"font-family: Roboto; font-size: 14px;\">Pakistan konsoloslu\u011fu ya da b\u00fcy\u00fckel\u00e7ili\u011fine ekonomik durumu kan\u0131tlamal\u0131s\u0131n\u0131z. Bunun sebebi seyahat masraf\u0131n\u0131z\u0131 kar\u015f\u0131lay\u0131p kar\u015f\u0131layamayaca\u011f\u0131 kan\u0131tlamal\u0131s\u0131n\u0131z.<\/span><br \/>\n<span style=\"font-family: Roboto; font-size: 14px;\">Daha \u00f6nce ba\u015fka \u00fclkeye yapt\u0131\u011f\u0131n\u0131z ziyaretinizde bir olaya kar\u0131\u015fmam\u0131\u015f olman\u0131z gereklidir. Ayr\u0131ca \u00fclkede de a\u011f\u0131r sab\u0131ka kayd\u0131n\u0131z olmamal\u0131d\u0131r.<\/span><br \/>\n<span style=\"font-family: Roboto; font-size: 14px;\">Pakistan\u2019a \u00f6nce gitmi\u015f, vize s\u00fcreniz bitmi\u015f, ancak d\u00f6nmemi\u015f akraban\u0131z bulunmamal\u0131d\u0131r. Bu durum sizin de vize alman\u0131z\u0131 engelleyebilir.<\/span><br \/>\n<span style=\"font-family: Roboto; font-size: 14px;\">Vize ba\u015fvuru \u00f6ncesi seyahat sa\u011fl\u0131k sigortas\u0131n\u0131 yapt\u0131rmal\u0131s\u0131n\u0131z. Bu sigorta seyahat s\u00fcresi kapsamal\u0131. Bunun sebebi ya\u015fanacak acil durumda masraf\u0131n kar\u015f\u0131lanmas\u0131 i\u00e7indir.<\/span><\/p>\n<p><img decoding=\"async\" src=\"https:\/\/www.myvize.com.tr\/pakistan\/wp-content\/uploads\/2021\/10\/24.jpg\" \/><\/p>\n<h2><span style=\"font-family: Roboto; font-size: 27px;\"><strong>Pakistan Vize Reddi Hakk\u0131nda<\/strong><\/span><\/h2>\n<p><span style=\"font-family: Roboto; font-size: 14px;\">Farkl\u0131 \u00fclkelere yap\u0131lacak olan seyahatlerde, seyahat t\u00fcr\u00fcne uygun olan vizelerin al\u0131nmas\u0131 gerekir. Al\u0131nmak istenen vizeler baz\u0131 durumlarda reddedilebilir. Bunun olmamas\u0131 i\u00e7in,<strong> vize ba\u015fvurusu<\/strong> esnas\u0131nda \u00e7ok dikkatli olunmas\u0131 gerekir. Vize \u015fartlar\u0131n\u0131 <span style=\"color: #2acec2;\"><strong><a style=\"color: #2acec2;\" href=\"https:\/\/www.myvize.com.tr\/pakistan\/konsolosluklar\/ankara-buyukelciligi\/\" target=\"_blank\" rel=\"noopener\">Pakistan Ankara B\u00fcy\u00fckel\u00e7ili\u011fi<\/a><\/strong><\/span> belirler ve bu \u015fartlar uygun olunmas\u0131 gerekir. Aksi takdirde reddedilmesi durumu daha olas\u0131d\u0131r. <strong>Vize reddi<\/strong> ald\u0131\u011f\u0131n\u0131zda yap\u0131lan \u00f6demeleri geri alamazs\u0131n\u0131z.\u00a0<strong>Pakistan vize reddi<\/strong>\u00a0olu\u015fmas\u0131n\u0131n birden fazla nedeni vard\u0131r. Bu nedenlerden baz\u0131lar\u0131 \u015funlard\u0131r;<\/span><\/p>\n<ul>\n<li><span style=\"font-family: Roboto; font-size: 14px;\">Eksik, sahte ya da hatal\u0131 evrak<\/span><\/li>\n<li><span style=\"font-family: Roboto; font-size: 14px;\">Ekonomik yeterlili\u011fin kan\u0131tlanamamas\u0131<\/span><\/li>\n<li><span style=\"font-family: Roboto; font-size: 14px;\">Vize amac\u0131n\u0131n kan\u0131tlanamamas\u0131<\/span><\/li>\n<li><span style=\"font-family: Roboto; font-size: 14px;\">Kamu d\u00fczenini tehlikeye sokacak durumlar\u0131n olmas\u0131<\/span><\/li>\n<li><span style=\"font-family: Roboto; font-size: 14px;\">\u00dclkeye geri d\u00f6n\u00fclece\u011finin kan\u0131tlanamam\u0131\u015f olmas\u0131 gibi nedenlerden dolay\u0131 vize reddi s\u00f6z konusu olabilir.<\/span><\/li>\n<\/ul>\n<p><span style=\"font-family: Roboto; font-size: 14px;\">Ba\u015fvuru sahipleri farkl\u0131 nedenlerden dolay\u0131 reddedilen vize ba\u015fvurular\u0131n\u0131n reddine itiraz edebilirler. Vize reddinin yap\u0131labilmesi i\u00e7in, ilk olarak <strong>vize reddi dilek\u00e7esinin<\/strong> yaz\u0131lmas\u0131 gerekir. Daha sonra eksik ya da hatal\u0131 evrak varsa bunlar d\u00fczenlenmelidir. Bu i\u015flemler yap\u0131ld\u0131ktan sonra vize ba\u015fvurusunun yeniden de\u011ferlendirilmesi talep edilebilir. Yap\u0131lan itiraz sonras\u0131 d\u00fczenlemeler ile vizenin olumlu sonu\u00e7lanmas\u0131 sa\u011flanabilir. Bu \u015fekilde <strong>vize ba\u015fvurusu<\/strong> yenilebilir ve <strong>Pakistan seyahati<\/strong> ger\u00e7ekle\u015ftirilebilir.<\/span><\/p>\n","protected":false},"excerpt":{"rendered":"<p>Pakistan Vize Reddi 2022 Pakistan vize ba\u015fvurunuzun onaylanmas\u0131nda ya da reddedilmesinde tek yetkili kurum Pakistan el\u00e7ili\u011fi veya konsoloslu\u011fudur. Pakistan vize reddi, eksik belge, hatal\u0131 belge, sahte belge, seyahat sa\u011fl\u0131k sigortas\u0131 yap\u0131lmam\u0131\u015f olmas\u0131, tutars\u0131z banka hesab\u0131 hareketi gibi nedenden dolay\u0131 reddedilebilir. Vize reddedilmemesi i\u00e7in vize reddedilme nedenlerini inceleyebilir ba\u015fvurunuzu o do\u011frultuda da yapabilirsiniz. Vize ba\u015fvurusu yaparken<\/p>\n","protected":false},"author":1,"featured_media":0,"parent":18,"menu_order":0,"comment_status":"open","ping_status":"closed","template":"","meta":{"footnotes":""},"class_list":["post-49","page","type-page","status-publish","hentry"],"yoast_head":"<!-- This site is optimized with the Yoast SEO plugin v24.0 - https:\/\/yoast.com\/wordpress\/plugins\/seo\/ -->\n<title>Pakistan Vize Reddi - Pakistan Vize Red Nedeni - MyVize<\/title>\n<meta name=\"description\" content=\"Pakistan vizesi reddi alman\u0131zda ki sebepler neler? Pakistan vize reddi i\u00e7in detayl\u0131 itiraz dilek\u00e7esi i\u00e7in ileti\u015fime ge\u00e7ebilirsiniz.\" \/>\n<meta name=\"robots\" content=\"index, follow, max-snippet:-1, max-image-preview:large, max-video-preview:-1\" \/>\n<link rel=\"canonical\" href=\"https:\/\/www.myvize.com.tr\/pakistan\/vize-islemleri\/pakistan-vize-reddi\/\" \/>\n<meta property=\"og:locale\" content=\"tr_TR\" \/>\n<meta property=\"og:type\" content=\"article\" \/>\n<meta property=\"og:title\" content=\"Pakistan Vize Reddi - Pakistan Vize Red Nedeni - MyVize\" \/>\n<meta property=\"og:description\" content=\"Pakistan vizesi reddi alman\u0131zda ki sebepler neler? Pakistan vize reddi i\u00e7in detayl\u0131 itiraz dilek\u00e7esi i\u00e7in ileti\u015fime ge\u00e7ebilirsiniz.\" \/>\n<meta property=\"og:url\" content=\"https:\/\/www.myvize.com.tr\/pakistan\/vize-islemleri\/pakistan-vize-reddi\/\" \/>\n<meta property=\"og:site_name\" content=\"Pakistan Vizesi\" \/>\n<meta property=\"article:modified_time\" content=\"2022-04-30T10:07:51+00:00\" \/>\n<meta property=\"og:image\" content=\"https:\/\/www.myvize.com.tr\/pakistan\/wp-content\/uploads\/2021\/10\/24.jpg\" \/>\n<meta name=\"twitter:card\" content=\"summary_large_image\" \/>\n<meta name=\"twitter:label1\" content=\"Tahmini okuma s\u00fcresi\" \/>\n\t<meta name=\"twitter:data1\" content=\"2 dakika\" \/>\n<script type=\"application\/ld+json\" class=\"yoast-schema-graph\">{\"@context\":\"https:\/\/schema.org\",\"@graph\":[{\"@type\":\"WebPage\",\"@id\":\"https:\/\/www.myvize.com.tr\/pakistan\/vize-islemleri\/pakistan-vize-reddi\/\",\"url\":\"https:\/\/www.myvize.com.tr\/pakistan\/vize-islemleri\/pakistan-vize-reddi\/\",\"name\":\"Pakistan Vize Reddi - Pakistan Vize Red Nedeni - MyVize\",\"isPartOf\":{\"@id\":\"https:\/\/www.myvize.com.tr\/pakistan\/#website\"},\"primaryImageOfPage\":{\"@id\":\"https:\/\/www.myvize.com.tr\/pakistan\/vize-islemleri\/pakistan-vize-reddi\/#primaryimage\"},\"image\":{\"@id\":\"https:\/\/www.myvize.com.tr\/pakistan\/vize-islemleri\/pakistan-vize-reddi\/#primaryimage\"},\"thumbnailUrl\":\"https:\/\/www.myvize.com.tr\/pakistan\/wp-content\/uploads\/2021\/10\/24.jpg\",\"datePublished\":\"2020-11-30T09:48:56+00:00\",\"dateModified\":\"2022-04-30T10:07:51+00:00\",\"description\":\"Pakistan vizesi reddi alman\u0131zda ki sebepler neler? Pakistan vize reddi i\u00e7in detayl\u0131 itiraz dilek\u00e7esi i\u00e7in ileti\u015fime ge\u00e7ebilirsiniz.\",\"breadcrumb\":{\"@id\":\"https:\/\/www.myvize.com.tr\/pakistan\/vize-islemleri\/pakistan-vize-reddi\/#breadcrumb\"},\"inLanguage\":\"tr\",\"potentialAction\":[{\"@type\":\"ReadAction\",\"target\":[\"https:\/\/www.myvize.com.tr\/pakistan\/vize-islemleri\/pakistan-vize-reddi\/\"]}]},{\"@type\":\"ImageObject\",\"inLanguage\":\"tr\",\"@id\":\"https:\/\/www.myvize.com.tr\/pakistan\/vize-islemleri\/pakistan-vize-reddi\/#primaryimage\",\"url\":\"https:\/\/www.myvize.com.tr\/pakistan\/wp-content\/uploads\/2021\/10\/24.jpg\",\"contentUrl\":\"https:\/\/www.myvize.com.tr\/pakistan\/wp-content\/uploads\/2021\/10\/24.jpg\",\"width\":800,\"height\":500,\"caption\":\"Pakistan Vize Reddi\"},{\"@type\":\"BreadcrumbList\",\"@id\":\"https:\/\/www.myvize.com.tr\/pakistan\/vize-islemleri\/pakistan-vize-reddi\/#breadcrumb\",\"itemListElement\":[{\"@type\":\"ListItem\",\"position\":1,\"name\":\"Anasayfa\",\"item\":\"https:\/\/www.myvize.com.tr\/pakistan\/\"},{\"@type\":\"ListItem\",\"position\":2,\"name\":\"V\u0130ZE \u0130\u015eLEMLER\u0130\",\"item\":\"https:\/\/www.myvize.com.tr\/pakistan\/vize-islemleri\/\"},{\"@type\":\"ListItem\",\"position\":3,\"name\":\"Pakistan Vize Reddi\"}]},{\"@type\":\"WebSite\",\"@id\":\"https:\/\/www.myvize.com.tr\/pakistan\/#website\",\"url\":\"https:\/\/www.myvize.com.tr\/pakistan\/\",\"name\":\"Pakistan Vizesi\",\"description\":\"\",\"potentialAction\":[{\"@type\":\"SearchAction\",\"target\":{\"@type\":\"EntryPoint\",\"urlTemplate\":\"https:\/\/www.myvize.com.tr\/pakistan\/?s={search_term_string}\"},\"query-input\":{\"@type\":\"PropertyValueSpecification\",\"valueRequired\":true,\"valueName\":\"search_term_string\"}}],\"inLanguage\":\"tr\"}]}<\/script>\n<!-- \/ Yoast SEO plugin. -->","yoast_head_json":{"title":"Pakistan Vize Reddi - Pakistan Vize Red Nedeni - MyVize","description":"Pakistan vizesi reddi alman\u0131zda ki sebepler neler? Pakistan vize reddi i\u00e7in detayl\u0131 itiraz dilek\u00e7esi i\u00e7in ileti\u015fime ge\u00e7ebilirsiniz.","robots":{"index":"index","follow":"follow","max-snippet":"max-snippet:-1","max-image-preview":"max-image-preview:large","max-video-preview":"max-video-preview:-1"},"canonical":"https:\/\/www.myvize.com.tr\/pakistan\/vize-islemleri\/pakistan-vize-reddi\/","og_locale":"tr_TR","og_type":"article","og_title":"Pakistan Vize Reddi - Pakistan Vize Red Nedeni - MyVize","og_description":"Pakistan vizesi reddi alman\u0131zda ki sebepler neler? Pakistan vize reddi i\u00e7in detayl\u0131 itiraz dilek\u00e7esi i\u00e7in ileti\u015fime ge\u00e7ebilirsiniz.","og_url":"https:\/\/www.myvize.com.tr\/pakistan\/vize-islemleri\/pakistan-vize-reddi\/","og_site_name":"Pakistan Vizesi","article_modified_time":"2022-04-30T10:07:51+00:00","og_image":[{"url":"https:\/\/www.myvize.com.tr\/pakistan\/wp-content\/uploads\/2021\/10\/24.jpg","type":"","width":"","height":""}],"twitter_card":"summary_large_image","twitter_misc":{"Tahmini okuma s\u00fcresi":"2 dakika"},"schema":{"@context":"https:\/\/schema.org","@graph":[{"@type":"WebPage","@id":"https:\/\/www.myvize.com.tr\/pakistan\/vize-islemleri\/pakistan-vize-reddi\/","url":"https:\/\/www.myvize.com.tr\/pakistan\/vize-islemleri\/pakistan-vize-reddi\/","name":"Pakistan Vize Reddi - Pakistan Vize Red Nedeni - MyVize","isPartOf":{"@id":"https:\/\/www.myvize.com.tr\/pakistan\/#website"},"primaryImageOfPage":{"@id":"https:\/\/www.myvize.com.tr\/pakistan\/vize-islemleri\/pakistan-vize-reddi\/#primaryimage"},"image":{"@id":"https:\/\/www.myvize.com.tr\/pakistan\/vize-islemleri\/pakistan-vize-reddi\/#primaryimage"},"thumbnailUrl":"https:\/\/www.myvize.com.tr\/pakistan\/wp-content\/uploads\/2021\/10\/24.jpg","datePublished":"2020-11-30T09:48:56+00:00","dateModified":"2022-04-30T10:07:51+00:00","description":"Pakistan vizesi reddi alman\u0131zda ki sebepler neler? Pakistan vize reddi i\u00e7in detayl\u0131 itiraz dilek\u00e7esi i\u00e7in ileti\u015fime ge\u00e7ebilirsiniz.","breadcrumb":{"@id":"https:\/\/www.myvize.com.tr\/pakistan\/vize-islemleri\/pakistan-vize-reddi\/#breadcrumb"},"inLanguage":"tr","potentialAction":[{"@type":"ReadAction","target":["https:\/\/www.myvize.com.tr\/pakistan\/vize-islemleri\/pakistan-vize-reddi\/"]}]},{"@type":"ImageObject","inLanguage":"tr","@id":"https:\/\/www.myvize.com.tr\/pakistan\/vize-islemleri\/pakistan-vize-reddi\/#primaryimage","url":"https:\/\/www.myvize.com.tr\/pakistan\/wp-content\/uploads\/2021\/10\/24.jpg","contentUrl":"https:\/\/www.myvize.com.tr\/pakistan\/wp-content\/uploads\/2021\/10\/24.jpg","width":800,"height":500,"caption":"Pakistan Vize Reddi"},{"@type":"BreadcrumbList","@id":"https:\/\/www.myvize.com.tr\/pakistan\/vize-islemleri\/pakistan-vize-reddi\/#breadcrumb","itemListElement":[{"@type":"ListItem","position":1,"name":"Anasayfa","item":"https:\/\/www.myvize.com.tr\/pakistan\/"},{"@type":"ListItem","position":2,"name":"V\u0130ZE \u0130\u015eLEMLER\u0130","item":"https:\/\/www.myvize.com.tr\/pakistan\/vize-islemleri\/"},{"@type":"ListItem","position":3,"name":"Pakistan Vize Reddi"}]},{"@type":"WebSite","@id":"https:\/\/www.myvize.com.tr\/pakistan\/#website","url":"https:\/\/www.myvize.com.tr\/pakistan\/","name":"Pakistan Vizesi","description":"","potentialAction":[{"@type":"SearchAction","target":{"@type":"EntryPoint","urlTemplate":"https:\/\/www.myvize.com.tr\/pakistan\/?s={search_term_string}"},"query-input":{"@type":"PropertyValueSpecification","valueRequired":true,"valueName":"search_term_string"}}],"inLanguage":"tr"}]}},"_links":{"self":[{"href":"https:\/\/www.myvize.com.tr\/pakistan\/wp-json\/wp\/v2\/pages\/49","targetHints":{"allow":["GET"]}}],"collection":[{"href":"https:\/\/www.myvize.com.tr\/pakistan\/wp-json\/wp\/v2\/pages"}],"about":[{"href":"https:\/\/www.myvize.com.tr\/pakistan\/wp-json\/wp\/v2\/types\/page"}],"author":[{"embeddable":true,"href":"https:\/\/www.myvize.com.tr\/pakistan\/wp-json\/wp\/v2\/users\/1"}],"replies":[{"embeddable":true,"href":"https:\/\/www.myvize.com.tr\/pakistan\/wp-json\/wp\/v2\/comments?post=49"}],"version-history":[{"count":6,"href":"https:\/\/www.myvize.com.tr\/pakistan\/wp-json\/wp\/v2\/pages\/49\/revisions"}],"predecessor-version":[{"id":528,"href":"https:\/\/www.myvize.com.tr\/pakistan\/wp-json\/wp\/v2\/pages\/49\/revisions\/528"}],"up":[{"embeddable":true,"href":"https:\/\/www.myvize.com.tr\/pakistan\/wp-json\/wp\/v2\/pages\/18"}],"wp:attachment":[{"href":"https:\/\/www.myvize.com.tr\/pakistan\/wp-json\/wp\/v2\/media?parent=49"}],"curies":[{"name":"wp","href":"https:\/\/api.w.org\/{rel}","templated":true}]}}