{"id":576,"date":"2021-12-18T15:16:46","date_gmt":"2021-12-18T12:16:46","guid":{"rendered":"https:\/\/www.myvize.com.tr\/pakistan\/?page_id=576"},"modified":"2022-08-25T13:35:25","modified_gmt":"2022-08-25T10:35:25","slug":"pakistan-vize-basvurusu","status":"publish","type":"page","link":"https:\/\/www.myvize.com.tr\/pakistan\/pakistan-vize-basvurusu\/","title":{"rendered":"Pakistan Vize Ba\u015fvurusu"},"content":{"rendered":"<h2><span style=\"font-family: Roboto; font-size: 27px;\"><strong>Pakistan Vize Ba\u015fvurusu Nas\u0131l Yap\u0131l\u0131r?<\/strong><\/span><\/h2>\n<p><span style=\"font-family: Roboto; font-size: 14px;\"><strong>Pakistan vize ba\u015fvurusu<\/strong> nas\u0131l yap\u0131l\u0131r sorusunun cevab\u0131 ile geldik bug\u00fcn sizlerin kar\u015f\u0131s\u0131na. Pakistan vize ba\u015fvurusu Pakistan Konsoloslu\u011fu\u2019ndan yap\u0131labilir. Fakat <strong>Pakistan Konsoloslu\u011fu<\/strong> taraf\u0131ndan bizzat tam yetki verilen vize merkezlerinden de bu ba\u015fvuruyu bizzat siz yapabilirsiniz. Pakistan \u00fclkesine gitmek isteyen T\u00fcrkiye Cumhuriyeti ki\u015filerinin vize almas\u0131 zorunludur. Pakistan vizesi umuma mahsus pasaportu olan TC vatanda\u015flar\u0131 i\u00e7in zorunludur. Fakat TC resmi pasaport sahibi olan ki\u015filerin seyahat s\u00fcresine g\u00f6re vize almas\u0131na gerek yoktur. Hizmet, diplomatik ve hususi pasaport sahibi olan ki\u015filer 180 g\u00fcnde 90 g\u00fcn\u00fc ge\u00e7memek \u015fart\u0131 ile<strong> Pakistan vizes<\/strong>i i\u015flemlerinden tamamen muaf tutulur. Ama bu pasaportlara sahip olan ki\u015filerin Pakistan\u2019a yapt\u0131\u011f\u0131 yolculuklardan evvel pasaportlar\u0131n\u0131n ge\u00e7erlilik s\u00fcresi Pakistan seyahatinden sonra en az 6 ay olmak zorundad\u0131r. Ki\u015filer Pakistan vizelerini Pakistan B\u00fcy\u00fckel\u00e7ili\u011fi Ankara, Pakistan Ba\u015fkonsoloslu\u011fu \u0130stanbul merkezlerinden alabilmektedir. \u015eimdiden kolay gelsin.<\/span><\/p>\n<h2><span style=\"font-family: Roboto; font-size: 27px;\"><strong>Pakistan Vize Ba\u015fvurusu Nereden Yap\u0131l\u0131r?<\/strong><\/span><\/h2>\n<p><span style=\"font-family: Roboto; font-size: 14px;\"><strong>Pakistan vize ba\u015fvurusu<\/strong> nereden yap\u0131l\u0131r sorusunu s\u0131k duyar olduk. Bu y\u00fczden de cevaplamak konusunda bir hayli hevesliyiz. E\u011fer siz de Pakistan \u00fclkesine seyahat etmek istiyorsan\u0131z vize alman\u0131z gerekti\u011fini biliyorsunuzdur. Pakistan Konsoloslu\u011fu\u2019na ya da konsoloslu\u011fun bizzat yetki verdi\u011fi vize merkezlerine giderek Pakistan vize ba\u015fvurunuzu kendiniz tamamlayabilirsiniz. Size <span style=\"color: #2acec2;\"><strong><a style=\"color: #2acec2;\" href=\"https:\/\/www.myvize.com.tr\/pakistan\/vize-islemleri\/pakistan-vize-basvuru-formu\/\" target=\"_blank\" rel=\"noopener\">Pakistan vize ba\u015fvuru formu<\/a><\/strong><\/span> verilir ve bunu doldurman\u0131z istenir. Ard\u0131ndan randevu al\u0131r ve randevu g\u00fcn\u00fcnde sizden istenen \u00f6teki belgeleri de getirir m\u00fclakata girersiniz. Sonucunuz ise en ge\u00e7 20 i\u015f g\u00fcn\u00fc i\u00e7erisinde taraf\u0131n\u0131za bildirilir. B\u00f6ylece hi\u00e7bir sorun \u00e7\u0131kmadan rahatl\u0131kla bu s\u00fcreci ge\u00e7irmi\u015f olursunuz. Pakistan vize ba\u015fvurunuz esnas\u0131nda orijinal ve hatas\u0131z belgeler teslim etmeye de \u00f6zen g\u00f6steriniz. Ancak bu bi\u00e7imde ba\u015fvurunuza vize reddi almazs\u0131n\u0131z. Aksi halde vize reddi durumu ile kar\u015f\u0131la\u015fmak her \u015feyi mahvedebilir. Dikkatli olmakta her zaman i\u00e7in fayda vard\u0131r diye d\u00fc\u015f\u00fcnmekteyiz.<\/span><\/p>\n<h2><span style=\"font-family: Roboto; font-size: 27px;\"><strong>Pakistan Vize Ba\u015fvuru \u015eartlar\u0131<\/strong><\/span><\/h2>\n<p><span style=\"font-family: Roboto; font-size: 14px;\"><strong>Pakistan vize ba\u015fvuru \u015fartlar\u0131<\/strong> hakk\u0131nda bilgi sa\u011flayaca\u011f\u0131z. Biliyorsunuz ki her \u00fclkenin vize ba\u015fvuru \u015fartlar\u0131 kendi nezdinde de\u011fi\u015fmektedir. O nedenle Pakistan\u2019\u0131n \u015fartlar\u0131n\u0131 da sizlere a\u00e7\u0131klamak istedik. <strong>Pakistan vize i\u015flemleri<\/strong> hususunda laz\u0131m olan belgeler, Pakistan Konsoloslu\u011fu\u2019nun ek evrak talebinde bulunma hakk\u0131n\u0131 sakl\u0131 tutar. Pakistan vize i\u015flemlerine yenilenen bir pasaportla ba\u015flamal\u0131s\u0131n\u0131z. \u0130lk \u015fart her daim bu olmaktad\u0131r. On seneden daha eski olan bir pasaportla ba\u015fvuru yaparsan\u0131z <strong>Pakistan Konsoloslu\u011fu<\/strong> bunu kabul etmez. Hasar g\u00f6ren ve y\u0131rt\u0131k olan bir pasaportla da ba\u015fvuru onay s\u00fcrecine girememektedir. Bu tarz bir durumda Pakistan Konsoloslu\u011fu vize ba\u015fvuru i\u015flemlerinize onay verse de \u00fclkeye giri\u015finiz orada yer alan s\u0131n\u0131r g\u00f6revlilerinin inisiyatifinde olacak demektir. Bizce b\u00f6yle bir riski g\u00f6ze almak yerine pasaportunuzu yeniletmeniz ve o \u015fekilde Pakistan vize \u00e7e\u015fitlerinden birine ba\u015fvurman\u0131z en mant\u0131kl\u0131 karar olur diye d\u00fc\u015f\u00fcn\u00fcyoruz.<\/span><\/p>\n<h3><span style=\"font-family: Roboto; font-size: 24px;\"><strong>Pakistan Vize Ba\u015fvurusu i\u00e7in Gerekli Evraklar<\/strong><\/span><\/h3>\n<p><span style=\"font-family: Roboto; font-size: 14px;\"><strong>Pakistan vize ba\u015fvurusu i\u00e7in gerekli evraklar<\/strong> \u015fu \u015fekildedir: Pakistan vizesi ba\u015fvuru formu, biyometrik g\u00f6rsel, u\u00e7ak bileti rezervasyonu, otel rezervasyonu ya da kal\u0131nacak yerin a\u00e7\u0131k adresi, kimlik fotokopisi, en az iki sayfas\u0131 bo\u015f olan bir yeni pasaport, i\u015f ama\u00e7l\u0131 gidiliyorsa davetiye mektubu, aile yan\u0131na gidiliyorsa orada ya\u015fayan aile \u00fcyelerinin bilgileri gibi bir\u00e7ok belge Pakistan Konsoloslu\u011fu taraf\u0131ndan sizden istenir. Sizden istenen t\u00fcm bu belgeleri tamamen noksans\u0131z \u015fekilde teslim etmezseniz vize reddi alabilirsiniz. Vize reddi almasan\u0131z bile ba\u015fvurunuz i\u015fleme konmaz. Bu da size b\u00fcy\u00fck bir vakit kayb\u0131 ya\u015fat\u0131r. O y\u00fczden temkinli \u015fekilde hareket etmeli ve buna uygun bir yol izlemeniz gerekti\u011fini de bizzat bilmelisiniz. Sanc\u0131l\u0131 bir s\u00fcre\u00e7 gibi g\u00f6r\u00fcnse de asl\u0131nda dikkatli oldu\u011funuz s\u00fcrece <strong>Pakistan vize ba\u015fvuru s\u00fcreci<\/strong> son derece keyifli bir s\u00fcrece d\u00f6n\u00fc\u015febilir. Her \u015fey sizin elinizdedir.<\/span><\/p>\n<p><strong><span style=\"font-family: Roboto; font-size: 14px;\"><img loading=\"lazy\" decoding=\"async\" src=\"..\/..\/..\/romanya\/wp-content\/uploads\/2021\/07\/aDOBE-LOGO-1.png\" width=\"75\" height=\"75\" \/><span style=\"font-size: 16px;\">\u00a0\u00a0<\/span><\/span><span style=\"font-family: Roboto; font-size: 16px;\"> Pakistan Vizesi Ba\u015fvuru Formunu\u00a0 <span style=\"color: #2acec2;\"><a style=\"color: #2acec2;\" href=\"https:\/\/www.myvize.com.tr\/pakistan\/wp-content\/uploads\/2021\/12\/Pakistan-Basvuru-Formu.pdf\" target=\"_blank\" rel=\"noreferrer noopener\">(\u0130ndirmek \u0130\u00e7in T\u0131klay\u0131n\u0131z!!)<\/a><\/span><\/span><\/strong><\/p>\n","protected":false},"excerpt":{"rendered":"<p>Pakistan Vize Ba\u015fvurusu Nas\u0131l Yap\u0131l\u0131r? Pakistan vize ba\u015fvurusu nas\u0131l yap\u0131l\u0131r sorusunun cevab\u0131 ile geldik bug\u00fcn sizlerin kar\u015f\u0131s\u0131na. Pakistan vize ba\u015fvurusu Pakistan Konsoloslu\u011fu\u2019ndan yap\u0131labilir. Fakat Pakistan Konsoloslu\u011fu taraf\u0131ndan bizzat tam yetki verilen vize merkezlerinden de bu ba\u015fvuruyu bizzat siz yapabilirsiniz. Pakistan \u00fclkesine gitmek isteyen T\u00fcrkiye Cumhuriyeti ki\u015filerinin vize almas\u0131 zorunludur. Pakistan vizesi umuma mahsus pasaportu olan<\/p>\n","protected":false},"author":1,"featured_media":0,"parent":0,"menu_order":0,"comment_status":"closed","ping_status":"closed","template":"","meta":{"footnotes":""},"class_list":["post-576","page","type-page","status-publish","hentry"],"yoast_head":"<!-- This site is optimized with the Yoast SEO plugin v24.0 - https:\/\/yoast.com\/wordpress\/plugins\/seo\/ -->\n<title>Pakistan Vize Ba\u015fvurusu - Pakistan Vizesi - MyVize<\/title>\n<meta name=\"description\" content=\"Pakistan Vize Ba\u015fvurusu nas\u0131l yap\u0131l\u0131r? Pakistan Vize Ba\u015fvuru \u0130\u015flemleri nelerdir? Bilgi \u0130\u00e7in Vize Uzmanlar\u0131m\u0131z\u0131 Aray\u0131n: 0850 346 84 93\" \/>\n<meta name=\"robots\" content=\"index, follow, max-snippet:-1, max-image-preview:large, max-video-preview:-1\" \/>\n<link rel=\"canonical\" href=\"https:\/\/www.myvize.com.tr\/pakistan\/pakistan-vize-basvurusu\/\" \/>\n<meta property=\"og:locale\" content=\"tr_TR\" \/>\n<meta property=\"og:type\" content=\"article\" \/>\n<meta property=\"og:title\" content=\"Pakistan Vize Ba\u015fvurusu - Pakistan Vizesi - MyVize\" \/>\n<meta property=\"og:description\" content=\"Pakistan Vize Ba\u015fvurusu nas\u0131l yap\u0131l\u0131r? Pakistan Vize Ba\u015fvuru \u0130\u015flemleri nelerdir? Bilgi \u0130\u00e7in Vize Uzmanlar\u0131m\u0131z\u0131 Aray\u0131n: 0850 346 84 93\" \/>\n<meta property=\"og:url\" content=\"https:\/\/www.myvize.com.tr\/pakistan\/pakistan-vize-basvurusu\/\" \/>\n<meta property=\"og:site_name\" content=\"Pakistan Vizesi\" \/>\n<meta property=\"article:modified_time\" content=\"2022-08-25T10:35:25+00:00\" \/>\n<meta name=\"twitter:card\" content=\"summary_large_image\" \/>\n<meta name=\"twitter:label1\" content=\"Tahmini okuma s\u00fcresi\" \/>\n\t<meta name=\"twitter:data1\" content=\"3 dakika\" \/>\n<script type=\"application\/ld+json\" class=\"yoast-schema-graph\">{\"@context\":\"https:\/\/schema.org\",\"@graph\":[{\"@type\":\"WebPage\",\"@id\":\"https:\/\/www.myvize.com.tr\/pakistan\/pakistan-vize-basvurusu\/\",\"url\":\"https:\/\/www.myvize.com.tr\/pakistan\/pakistan-vize-basvurusu\/\",\"name\":\"Pakistan Vize Ba\u015fvurusu - Pakistan Vizesi - MyVize\",\"isPartOf\":{\"@id\":\"https:\/\/www.myvize.com.tr\/pakistan\/#website\"},\"datePublished\":\"2021-12-18T12:16:46+00:00\",\"dateModified\":\"2022-08-25T10:35:25+00:00\",\"description\":\"Pakistan Vize Ba\u015fvurusu nas\u0131l yap\u0131l\u0131r? Pakistan Vize Ba\u015fvuru \u0130\u015flemleri nelerdir? Bilgi \u0130\u00e7in Vize Uzmanlar\u0131m\u0131z\u0131 Aray\u0131n: 0850 346 84 93\",\"breadcrumb\":{\"@id\":\"https:\/\/www.myvize.com.tr\/pakistan\/pakistan-vize-basvurusu\/#breadcrumb\"},\"inLanguage\":\"tr\",\"potentialAction\":[{\"@type\":\"ReadAction\",\"target\":[\"https:\/\/www.myvize.com.tr\/pakistan\/pakistan-vize-basvurusu\/\"]}]},{\"@type\":\"BreadcrumbList\",\"@id\":\"https:\/\/www.myvize.com.tr\/pakistan\/pakistan-vize-basvurusu\/#breadcrumb\",\"itemListElement\":[{\"@type\":\"ListItem\",\"position\":1,\"name\":\"Anasayfa\",\"item\":\"https:\/\/www.myvize.com.tr\/pakistan\/\"},{\"@type\":\"ListItem\",\"position\":2,\"name\":\"Pakistan Vize Ba\u015fvurusu\"}]},{\"@type\":\"WebSite\",\"@id\":\"https:\/\/www.myvize.com.tr\/pakistan\/#website\",\"url\":\"https:\/\/www.myvize.com.tr\/pakistan\/\",\"name\":\"Pakistan Vizesi\",\"description\":\"\",\"potentialAction\":[{\"@type\":\"SearchAction\",\"target\":{\"@type\":\"EntryPoint\",\"urlTemplate\":\"https:\/\/www.myvize.com.tr\/pakistan\/?s={search_term_string}\"},\"query-input\":{\"@type\":\"PropertyValueSpecification\",\"valueRequired\":true,\"valueName\":\"search_term_string\"}}],\"inLanguage\":\"tr\"}]}<\/script>\n<!-- \/ Yoast SEO plugin. -->","yoast_head_json":{"title":"Pakistan Vize Ba\u015fvurusu - Pakistan Vizesi - MyVize","description":"Pakistan Vize Ba\u015fvurusu nas\u0131l yap\u0131l\u0131r? Pakistan Vize Ba\u015fvuru \u0130\u015flemleri nelerdir? Bilgi \u0130\u00e7in Vize Uzmanlar\u0131m\u0131z\u0131 Aray\u0131n: 0850 346 84 93","robots":{"index":"index","follow":"follow","max-snippet":"max-snippet:-1","max-image-preview":"max-image-preview:large","max-video-preview":"max-video-preview:-1"},"canonical":"https:\/\/www.myvize.com.tr\/pakistan\/pakistan-vize-basvurusu\/","og_locale":"tr_TR","og_type":"article","og_title":"Pakistan Vize Ba\u015fvurusu - Pakistan Vizesi - MyVize","og_description":"Pakistan Vize Ba\u015fvurusu nas\u0131l yap\u0131l\u0131r? Pakistan Vize Ba\u015fvuru \u0130\u015flemleri nelerdir? Bilgi \u0130\u00e7in Vize Uzmanlar\u0131m\u0131z\u0131 Aray\u0131n: 0850 346 84 93","og_url":"https:\/\/www.myvize.com.tr\/pakistan\/pakistan-vize-basvurusu\/","og_site_name":"Pakistan Vizesi","article_modified_time":"2022-08-25T10:35:25+00:00","twitter_card":"summary_large_image","twitter_misc":{"Tahmini okuma s\u00fcresi":"3 dakika"},"schema":{"@context":"https:\/\/schema.org","@graph":[{"@type":"WebPage","@id":"https:\/\/www.myvize.com.tr\/pakistan\/pakistan-vize-basvurusu\/","url":"https:\/\/www.myvize.com.tr\/pakistan\/pakistan-vize-basvurusu\/","name":"Pakistan Vize Ba\u015fvurusu - Pakistan Vizesi - MyVize","isPartOf":{"@id":"https:\/\/www.myvize.com.tr\/pakistan\/#website"},"datePublished":"2021-12-18T12:16:46+00:00","dateModified":"2022-08-25T10:35:25+00:00","description":"Pakistan Vize Ba\u015fvurusu nas\u0131l yap\u0131l\u0131r? Pakistan Vize Ba\u015fvuru \u0130\u015flemleri nelerdir? Bilgi \u0130\u00e7in Vize Uzmanlar\u0131m\u0131z\u0131 Aray\u0131n: 0850 346 84 93","breadcrumb":{"@id":"https:\/\/www.myvize.com.tr\/pakistan\/pakistan-vize-basvurusu\/#breadcrumb"},"inLanguage":"tr","potentialAction":[{"@type":"ReadAction","target":["https:\/\/www.myvize.com.tr\/pakistan\/pakistan-vize-basvurusu\/"]}]},{"@type":"BreadcrumbList","@id":"https:\/\/www.myvize.com.tr\/pakistan\/pakistan-vize-basvurusu\/#breadcrumb","itemListElement":[{"@type":"ListItem","position":1,"name":"Anasayfa","item":"https:\/\/www.myvize.com.tr\/pakistan\/"},{"@type":"ListItem","position":2,"name":"Pakistan Vize Ba\u015fvurusu"}]},{"@type":"WebSite","@id":"https:\/\/www.myvize.com.tr\/pakistan\/#website","url":"https:\/\/www.myvize.com.tr\/pakistan\/","name":"Pakistan Vizesi","description":"","potentialAction":[{"@type":"SearchAction","target":{"@type":"EntryPoint","urlTemplate":"https:\/\/www.myvize.com.tr\/pakistan\/?s={search_term_string}"},"query-input":{"@type":"PropertyValueSpecification","valueRequired":true,"valueName":"search_term_string"}}],"inLanguage":"tr"}]}},"_links":{"self":[{"href":"https:\/\/www.myvize.com.tr\/pakistan\/wp-json\/wp\/v2\/pages\/576","targetHints":{"allow":["GET"]}}],"collection":[{"href":"https:\/\/www.myvize.com.tr\/pakistan\/wp-json\/wp\/v2\/pages"}],"about":[{"href":"https:\/\/www.myvize.com.tr\/pakistan\/wp-json\/wp\/v2\/types\/page"}],"author":[{"embeddable":true,"href":"https:\/\/www.myvize.com.tr\/pakistan\/wp-json\/wp\/v2\/users\/1"}],"replies":[{"embeddable":true,"href":"https:\/\/www.myvize.com.tr\/pakistan\/wp-json\/wp\/v2\/comments?post=576"}],"version-history":[{"count":3,"href":"https:\/\/www.myvize.com.tr\/pakistan\/wp-json\/wp\/v2\/pages\/576\/revisions"}],"predecessor-version":[{"id":685,"href":"https:\/\/www.myvize.com.tr\/pakistan\/wp-json\/wp\/v2\/pages\/576\/revisions\/685"}],"wp:attachment":[{"href":"https:\/\/www.myvize.com.tr\/pakistan\/wp-json\/wp\/v2\/media?parent=576"}],"curies":[{"name":"wp","href":"https:\/\/api.w.org\/{rel}","templated":true}]}}