{"id":69,"date":"2020-11-30T12:54:37","date_gmt":"2020-11-30T09:54:37","guid":{"rendered":"https:\/\/www.myvize.com.tr\/pakistan\/?page_id=69"},"modified":"2022-04-30T13:18:13","modified_gmt":"2022-04-30T10:18:13","slug":"konsolosluklar","status":"publish","type":"page","link":"https:\/\/www.myvize.com.tr\/pakistan\/konsolosluklar\/","title":{"rendered":"KONSOLOSLUKLAR"},"content":{"rendered":"<h2><strong><span style=\"font-family: Roboto; font-size: 27px;\">T\u00fcrkiye Pakistan Konsolosluklar\u0131<\/span><\/strong><\/h2>\n<p><span style=\"font-family: Roboto; font-size: 14px;\">Pakistan\u2019\u0131n T\u00fcrkiye\u2019de bulunan temsilcilikleri, T\u00fcrkiye ve Pakistan aras\u0131ndaki ikili ili\u015fkileri olumlu y\u00f6nde geli\u015ftirmeyi ama\u00e7lamaktad\u0131r. T\u00fcrkiye\u2019de bulunan <strong>Pakistan vatanda\u015flar\u0131na,<\/strong> vatanda\u015fl\u0131k haklar\u0131n\u0131 sa\u011flamaktad\u0131r. Pakistan vatanda\u015flar\u0131n\u0131n konsolosluk i\u015flemlerini yapmakta, se\u00e7im, vergi ve askerlik hakk\u0131nda bilgilendirmektedir. T\u00fcrkiye vatanda\u015flar\u0131na ise <strong>Pakistan seyahatleri<\/strong> i\u00e7in vize hizmeti vermektedir.<\/span><\/p>\n<p><span style=\"color: #2acec2;\"><strong><a style=\"color: #2acec2;\" href=\"https:\/\/www.myvize.com.tr\/pakistan\/konsolosluklar\/ankara-buyukelciligi\/\" target=\"_blank\" rel=\"noopener\"><span style=\"font-family: Roboto; font-size: 14px;\">Pakistan Ankara B\u00fcy\u00fckel\u00e7ili\u011fi<\/span><\/a><\/strong><\/span><\/p>\n<p><span style=\"font-family: Roboto; font-size: 14px;\">Adres: Gaziosmanpa\u015fa Mahallesi, \u0130ran Caddesi, No:37, PK: 06700 \u00c7ankaya\/Ankara<\/span><\/p>\n<p><span style=\"font-family: Roboto; font-size: 14px;\">\u00c7al\u0131\u015fma Saatleri: hafta i\u00e7i her g\u00fcn 10.00 ile 16.00 aras\u0131nda hizmet vermektedir.<\/span><\/p>\n<p><span style=\"color: #2acec2;\"><strong><a style=\"color: #2acec2;\" href=\"https:\/\/www.myvize.com.tr\/pakistan\/konsolosluklar\/pakistan-istanbul-fahri-konsoloslugu\/\" target=\"_blank\" rel=\"noopener\"><span style=\"font-family: Roboto; font-size: 14px;\">Pakistan \u0130stanbul Ba\u015fkonsoloslu\u011fu<\/span><\/a><\/strong><\/span><\/p>\n<p><span style=\"font-family: Roboto; font-size: 14px;\">Adres: Konaklar Mahallesi, Aka\u011fa\u00e7 Soka\u011f\u0131, No:2, PK: 34330, Be\u015fikta\u015f\/\u0130stanbul<\/span><\/p>\n<p><span style=\"font-family: Roboto; font-size: 14px;\"><strong>Pakistan \u0130zmir Fahri Konsoloslu\u011fu<\/strong><\/span><\/p>\n<p><span style=\"font-family: Roboto; font-size: 14px;\">Adres: Buca Organize Sanayi B\u00f6lgesi, Mersinli Mahallesi, 2823. Sokak, 133\/A, PK: 35170 Buca Konak\/\u0130zmir<\/span><\/p>\n<h2><span style=\"font-family: Roboto; font-size: 27px;\"><strong>Pakistan Konsolosluklar\u0131<\/strong><\/span><\/h2>\n<p><span style=\"font-family: Roboto; font-size: 14px;\">Pakistan seyahati ger\u00e7ekle\u015ftirecek olanlar, seyahat ama\u00e7lar\u0131na g\u00f6re vize t\u00fcr\u00fcn\u00fc almal\u0131d\u0131rlar. Ankara ve \u00e7evresinde ikamet eden ki\u015filer<strong>, Pakistan Konsolosluklar\u0131<\/strong>\u00a0arac\u0131l\u0131\u011f\u0131yla vizelerini alabilirler. Vize alacak olan ki\u015filerin, vize i\u015flemlerini yapabilmesi i\u00e7in, g\u00fcncel evrak listesini kontrol etmesi gerekir. Evrak listesinde zaman zaman de\u011fi\u015fiklikler olabilece\u011fi g\u00f6z \u00f6n\u00fcnde bulundurulmal\u0131 ve buna g\u00f6re hareket edilmelidir.<\/span><\/p>\n<p><span style=\"font-family: Roboto; font-size: 14px;\"><span style=\"color: #2acec2;\"><strong><a style=\"color: #2acec2;\" href=\"https:\/\/www.myvize.com.tr\/pakistan\/vize-islemleri\/\" target=\"_blank\" rel=\"noopener\">Vize i\u015flemleri <\/a><\/strong><\/span>kadar pasaport i\u015flemleri de olduk\u00e7a \u00f6nemlidir. Baz\u0131 ki\u015filerin pasaportlar\u0131n\u0131n zaman zaman s\u00fcreleri dolabilir. <strong>Pakistan \u0130stanbul Ba\u015fkonsolosluklar\u0131<\/strong> pasaport yenileme i\u015flemlerini yapar. B\u00f6ylece pasaportlar\u0131 yenilenmesi gerekenler i\u015flemlerini sorunsuz olarak buradan y\u00fcr\u00fctebilirler. Bunun d\u0131\u015f\u0131nda vize alacak olanlar\u0131n dikkat etmesi gereken bir di\u011fer nokta ise, vize \u00fccretleridir. Seyahat amac\u0131na ve vize t\u00fcr\u00fcne g\u00f6re vize \u00fccretlerinde de\u011fi\u015fiklikler olabilir.<\/span><\/p>\n<p><span style=\"font-family: Roboto; font-size: 14px;\"><strong>Pakistan konsolosluklar\u0131<\/strong> arac\u0131l\u0131\u011f\u0131yla al\u0131nabilecek olan \u00e7ok farkl\u0131 vize t\u00fcrleri vard\u0131r. Bu vize t\u00fcrlerinden baz\u0131lar\u0131 \u015funlard\u0131r;<\/span><\/p>\n<ul>\n<li><span style=\"font-family: Roboto; font-size: 14px;\">K\u0131sa s\u00fcreli \u00f6\u011frenim ve staj vizesi<\/span><\/li>\n<li><span style=\"font-family: Roboto; font-size: 14px;\">Uzun s\u00fcreli vize<\/span><\/li>\n<li><span style=\"font-family: Roboto; font-size: 14px;\">Transit vizesi gibi vizeler vard\u0131r.<\/span><\/li>\n<\/ul>\n<p><span style=\"font-family: Roboto; font-size: 14px;\">Bu vizeleri alacak olan ki\u015filerin vize \u015fartlar\u0131n\u0131 yerine getirmesi gerekir. \u015eartlar\u0131 yerine getirmeyen ki\u015filer vize alamaz ve Pakistan\u2019a seyahat edemezler.<\/span><\/p>\n","protected":false},"excerpt":{"rendered":"<p>T\u00fcrkiye Pakistan Konsolosluklar\u0131 Pakistan\u2019\u0131n T\u00fcrkiye\u2019de bulunan temsilcilikleri, T\u00fcrkiye ve Pakistan aras\u0131ndaki ikili ili\u015fkileri olumlu y\u00f6nde geli\u015ftirmeyi ama\u00e7lamaktad\u0131r. T\u00fcrkiye\u2019de bulunan Pakistan vatanda\u015flar\u0131na, vatanda\u015fl\u0131k haklar\u0131n\u0131 sa\u011flamaktad\u0131r. Pakistan vatanda\u015flar\u0131n\u0131n konsolosluk i\u015flemlerini yapmakta, se\u00e7im, vergi ve askerlik hakk\u0131nda bilgilendirmektedir. T\u00fcrkiye vatanda\u015flar\u0131na ise Pakistan seyahatleri i\u00e7in vize hizmeti vermektedir. Pakistan Ankara B\u00fcy\u00fckel\u00e7ili\u011fi Adres: Gaziosmanpa\u015fa Mahallesi, \u0130ran Caddesi, No:37, PK: 06700<\/p>\n","protected":false},"author":1,"featured_media":0,"parent":0,"menu_order":0,"comment_status":"closed","ping_status":"closed","template":"","meta":{"footnotes":""},"class_list":["post-69","page","type-page","status-publish","hentry"],"yoast_head":"<!-- This site is optimized with the Yoast SEO plugin v24.0 - https:\/\/yoast.com\/wordpress\/plugins\/seo\/ -->\n<title>Pakistan Konsolosluklar\u0131 Vize Ba\u015fvurular\u0131 - MyVize<\/title>\n<meta name=\"description\" content=\"Pakistan Konsolosluklar\u0131n harital\u0131 a\u00e7\u0131k adresleri, Pakistan Konsolosluklar ve El\u00e7ilik listeleri. Pakistan Konsolosluklar ve yetki alanlar\u0131.\" \/>\n<meta name=\"robots\" content=\"index, follow, max-snippet:-1, max-image-preview:large, max-video-preview:-1\" \/>\n<link rel=\"canonical\" href=\"https:\/\/www.myvize.com.tr\/pakistan\/konsolosluklar\/\" \/>\n<meta property=\"og:locale\" content=\"tr_TR\" \/>\n<meta property=\"og:type\" content=\"article\" \/>\n<meta property=\"og:title\" content=\"Pakistan Konsolosluklar\u0131 Vize Ba\u015fvurular\u0131 - MyVize\" \/>\n<meta property=\"og:description\" content=\"Pakistan Konsolosluklar\u0131n harital\u0131 a\u00e7\u0131k adresleri, Pakistan Konsolosluklar ve El\u00e7ilik listeleri. Pakistan Konsolosluklar ve yetki alanlar\u0131.\" \/>\n<meta property=\"og:url\" content=\"https:\/\/www.myvize.com.tr\/pakistan\/konsolosluklar\/\" \/>\n<meta property=\"og:site_name\" content=\"Pakistan Vizesi\" \/>\n<meta property=\"article:modified_time\" content=\"2022-04-30T10:18:13+00:00\" \/>\n<meta name=\"twitter:card\" content=\"summary_large_image\" \/>\n<meta name=\"twitter:label1\" content=\"Tahmini okuma s\u00fcresi\" \/>\n\t<meta name=\"twitter:data1\" content=\"2 dakika\" \/>\n<script type=\"application\/ld+json\" class=\"yoast-schema-graph\">{\"@context\":\"https:\/\/schema.org\",\"@graph\":[{\"@type\":\"WebPage\",\"@id\":\"https:\/\/www.myvize.com.tr\/pakistan\/konsolosluklar\/\",\"url\":\"https:\/\/www.myvize.com.tr\/pakistan\/konsolosluklar\/\",\"name\":\"Pakistan Konsolosluklar\u0131 Vize Ba\u015fvurular\u0131 - MyVize\",\"isPartOf\":{\"@id\":\"https:\/\/www.myvize.com.tr\/pakistan\/#website\"},\"datePublished\":\"2020-11-30T09:54:37+00:00\",\"dateModified\":\"2022-04-30T10:18:13+00:00\",\"description\":\"Pakistan Konsolosluklar\u0131n harital\u0131 a\u00e7\u0131k adresleri, Pakistan Konsolosluklar ve El\u00e7ilik listeleri. Pakistan Konsolosluklar ve yetki alanlar\u0131.\",\"breadcrumb\":{\"@id\":\"https:\/\/www.myvize.com.tr\/pakistan\/konsolosluklar\/#breadcrumb\"},\"inLanguage\":\"tr\",\"potentialAction\":[{\"@type\":\"ReadAction\",\"target\":[\"https:\/\/www.myvize.com.tr\/pakistan\/konsolosluklar\/\"]}]},{\"@type\":\"BreadcrumbList\",\"@id\":\"https:\/\/www.myvize.com.tr\/pakistan\/konsolosluklar\/#breadcrumb\",\"itemListElement\":[{\"@type\":\"ListItem\",\"position\":1,\"name\":\"Anasayfa\",\"item\":\"https:\/\/www.myvize.com.tr\/pakistan\/\"},{\"@type\":\"ListItem\",\"position\":2,\"name\":\"KONSOLOSLUKLAR\"}]},{\"@type\":\"WebSite\",\"@id\":\"https:\/\/www.myvize.com.tr\/pakistan\/#website\",\"url\":\"https:\/\/www.myvize.com.tr\/pakistan\/\",\"name\":\"Pakistan Vizesi\",\"description\":\"\",\"potentialAction\":[{\"@type\":\"SearchAction\",\"target\":{\"@type\":\"EntryPoint\",\"urlTemplate\":\"https:\/\/www.myvize.com.tr\/pakistan\/?s={search_term_string}\"},\"query-input\":{\"@type\":\"PropertyValueSpecification\",\"valueRequired\":true,\"valueName\":\"search_term_string\"}}],\"inLanguage\":\"tr\"}]}<\/script>\n<!-- \/ Yoast SEO plugin. -->","yoast_head_json":{"title":"Pakistan Konsolosluklar\u0131 Vize Ba\u015fvurular\u0131 - MyVize","description":"Pakistan Konsolosluklar\u0131n harital\u0131 a\u00e7\u0131k adresleri, Pakistan Konsolosluklar ve El\u00e7ilik listeleri. Pakistan Konsolosluklar ve yetki alanlar\u0131.","robots":{"index":"index","follow":"follow","max-snippet":"max-snippet:-1","max-image-preview":"max-image-preview:large","max-video-preview":"max-video-preview:-1"},"canonical":"https:\/\/www.myvize.com.tr\/pakistan\/konsolosluklar\/","og_locale":"tr_TR","og_type":"article","og_title":"Pakistan Konsolosluklar\u0131 Vize Ba\u015fvurular\u0131 - MyVize","og_description":"Pakistan Konsolosluklar\u0131n harital\u0131 a\u00e7\u0131k adresleri, Pakistan Konsolosluklar ve El\u00e7ilik listeleri. Pakistan Konsolosluklar ve yetki alanlar\u0131.","og_url":"https:\/\/www.myvize.com.tr\/pakistan\/konsolosluklar\/","og_site_name":"Pakistan Vizesi","article_modified_time":"2022-04-30T10:18:13+00:00","twitter_card":"summary_large_image","twitter_misc":{"Tahmini okuma s\u00fcresi":"2 dakika"},"schema":{"@context":"https:\/\/schema.org","@graph":[{"@type":"WebPage","@id":"https:\/\/www.myvize.com.tr\/pakistan\/konsolosluklar\/","url":"https:\/\/www.myvize.com.tr\/pakistan\/konsolosluklar\/","name":"Pakistan Konsolosluklar\u0131 Vize Ba\u015fvurular\u0131 - MyVize","isPartOf":{"@id":"https:\/\/www.myvize.com.tr\/pakistan\/#website"},"datePublished":"2020-11-30T09:54:37+00:00","dateModified":"2022-04-30T10:18:13+00:00","description":"Pakistan Konsolosluklar\u0131n harital\u0131 a\u00e7\u0131k adresleri, Pakistan Konsolosluklar ve El\u00e7ilik listeleri. Pakistan Konsolosluklar ve yetki alanlar\u0131.","breadcrumb":{"@id":"https:\/\/www.myvize.com.tr\/pakistan\/konsolosluklar\/#breadcrumb"},"inLanguage":"tr","potentialAction":[{"@type":"ReadAction","target":["https:\/\/www.myvize.com.tr\/pakistan\/konsolosluklar\/"]}]},{"@type":"BreadcrumbList","@id":"https:\/\/www.myvize.com.tr\/pakistan\/konsolosluklar\/#breadcrumb","itemListElement":[{"@type":"ListItem","position":1,"name":"Anasayfa","item":"https:\/\/www.myvize.com.tr\/pakistan\/"},{"@type":"ListItem","position":2,"name":"KONSOLOSLUKLAR"}]},{"@type":"WebSite","@id":"https:\/\/www.myvize.com.tr\/pakistan\/#website","url":"https:\/\/www.myvize.com.tr\/pakistan\/","name":"Pakistan Vizesi","description":"","potentialAction":[{"@type":"SearchAction","target":{"@type":"EntryPoint","urlTemplate":"https:\/\/www.myvize.com.tr\/pakistan\/?s={search_term_string}"},"query-input":{"@type":"PropertyValueSpecification","valueRequired":true,"valueName":"search_term_string"}}],"inLanguage":"tr"}]}},"_links":{"self":[{"href":"https:\/\/www.myvize.com.tr\/pakistan\/wp-json\/wp\/v2\/pages\/69","targetHints":{"allow":["GET"]}}],"collection":[{"href":"https:\/\/www.myvize.com.tr\/pakistan\/wp-json\/wp\/v2\/pages"}],"about":[{"href":"https:\/\/www.myvize.com.tr\/pakistan\/wp-json\/wp\/v2\/types\/page"}],"author":[{"embeddable":true,"href":"https:\/\/www.myvize.com.tr\/pakistan\/wp-json\/wp\/v2\/users\/1"}],"replies":[{"embeddable":true,"href":"https:\/\/www.myvize.com.tr\/pakistan\/wp-json\/wp\/v2\/comments?post=69"}],"version-history":[{"count":5,"href":"https:\/\/www.myvize.com.tr\/pakistan\/wp-json\/wp\/v2\/pages\/69\/revisions"}],"predecessor-version":[{"id":647,"href":"https:\/\/www.myvize.com.tr\/pakistan\/wp-json\/wp\/v2\/pages\/69\/revisions\/647"}],"wp:attachment":[{"href":"https:\/\/www.myvize.com.tr\/pakistan\/wp-json\/wp\/v2\/media?parent=69"}],"curies":[{"name":"wp","href":"https:\/\/api.w.org\/{rel}","templated":true}]}}