{"id":72,"date":"2020-11-30T12:59:09","date_gmt":"2020-11-30T09:59:09","guid":{"rendered":"https:\/\/www.myvize.com.tr\/pakistan\/?page_id=72"},"modified":"2022-04-30T13:21:05","modified_gmt":"2022-04-30T10:21:05","slug":"ankara-buyukelciligi","status":"publish","type":"page","link":"https:\/\/www.myvize.com.tr\/pakistan\/konsolosluklar\/ankara-buyukelciligi\/","title":{"rendered":"Pakistan Ankara B\u00fcy\u00fckel\u00e7ili\u011fi"},"content":{"rendered":"<p><span style=\"font-family: Roboto;\"><\/span><\/p>\r\n<figure class=\"wp-block-table\"><span style=\"font-family: Roboto; font-size: 14px;\"><strong>Pakistan Ankara Konsoloslu\u011fu G\u00f6rev B\u00f6lgesi:\u00a0<span style=\"color: #2acec2;\"><a style=\"color: #2acec2;\" href=\"https:\/\/www.myvize.com.tr\/pakistan\/subelerimiz\/ankara\/\" target=\"_blank\" rel=\"noopener\">Ankara<\/a><\/span><\/strong> ve \u00e7evre illerde ikametg\u00e2h\u0131 olan T\u00fcrkiye Cumhuriyeti vatanda\u015flar\u0131, vize i\u015flemlerini Pakistan Ankara Konsoloslu\u011fu\u2019ndan yapabilirler.<\/span><br \/><span style=\"font-family: Roboto; font-size: 14px;\"><strong>Pakistan Ankara Konsoloslu\u011fu \u00c7al\u0131\u015fma Saatleri:<\/strong>\u00a0Hafta i\u00e7i memuriyet saatleriyle \u00e7al\u0131\u015fma saatleri ayn\u0131d\u0131r. Pazartesi-Cuma g\u00fcnleri 09.00-17.00 aras\u0131 konsolosluk i\u015flemleri ger\u00e7ekle\u015ftirilebilir.<\/span><br \/><span style=\"font-family: Roboto; font-size: 14px;\"><strong>Pakistan Ankara Konsoloslu\u011fundan Yap\u0131lacak \u0130\u015flemleri Nelerdir?<\/strong><\/span><br \/><span style=\"font-family: Roboto; font-size: 14px;\">Pakistan Ankara Konsoloslu\u011fu ve di\u011fer Pakistan Konsolosluklar\u0131 faaliyet alanlar\u0131nda ve yak\u0131n b\u00f6lgelerde ikametg\u00e2h\u0131 olan ki\u015filerin<strong> Pakistan Vizesi<\/strong> veya noterlik i\u015flemleri, evlilik belgesi, do\u011fum belgesi, \u00f6l\u00fcm belgesi gibi i\u015flemlerde Pakistan Konsoloslu\u011fu yetkilidir.<\/span><br \/><span style=\"font-family: Roboto; font-size: 14px;\"><strong>Pakistan Ankara Konsoloslu\u011fundan Vize Ba\u015fvurusu Nas\u0131l Yap\u0131l\u0131r?<\/strong><\/span><br \/><span style=\"font-family: Roboto; font-size: 14px;\"><strong>Pakistan Ankara Konsoloslu\u011fu<\/strong> vize b\u00f6l\u00fcm\u00fc y\u00fcz y\u00fcze \u00e7al\u0131\u015fmaktad\u0131r. Randevulu ba\u015fvurularda i\u015flemler kabul edilmemektedir. Pakistan Ankara Konsoloslu\u011fu&#8217;na vize ba\u015fvurusu yapan ki\u015filer eksiksiz doldurulmu\u015f <span style=\"color: #2acec2;\"><strong><a style=\"color: #2acec2;\" href=\"https:\/\/www.myvize.com.tr\/pakistan\/vize-islemleri\/pakistan-vize-basvuru-formu\/\" target=\"_blank\" rel=\"noopener\">Pakistan vize ba\u015fvuru formu<\/a><\/strong><\/span> ile ba\u015fvuru yapacaklard\u0131r. <span style=\"color: #2acec2;\"><strong><a style=\"color: #2acec2;\" href=\"https:\/\/www.myvize.com.tr\/pakistan\/vize-islemleri\/pakistan-vizesi\/\" target=\"_blank\" rel=\"noopener\">Pakistan vizesi <\/a><\/strong><\/span>\u00e7e\u015fitli kategorilere ayr\u0131lmaktad\u0131r. Her bir \u00e7e\u015fit kategorinin vize s\u00fcresi ve vize t\u00fcr\u00fc farkl\u0131d\u0131r. Bu nedenle vize har\u00e7 \u00fccretleri bu durumlara g\u00f6re de\u011fi\u015fkenlik g\u00f6stermektedir.<\/span><\/figure>\r\n<h2><strong><span style=\"font-family: Roboto; font-size: 27px;\">Pakistan Ankara B\u00fcy\u00fckel\u00e7ili\u011fi Hakk\u0131nda<\/span><\/strong><\/h2>\r\n<p><span style=\"font-family: Roboto; font-size: 14px;\"><strong>Pakistan Ankara B\u00fcy\u00fckel\u00e7ili\u011fi<\/strong>, Pakistan\u2019\u0131n T\u00fcrkiye i\u00e7erisinde bulunan temsilciliklerinden en yetkili olan temsilciliktir. T\u00fcrkiye ve Pakistan aras\u0131ndaki ba\u011flar\u0131 geli\u015ftirmek ama\u00e7lar\u0131 aras\u0131ndad\u0131r. Ankara\u2019da bulunan Pakistan Ankara B\u00fcy\u00fckel\u00e7ili\u011fi\u2019nin \u015fu \u015fekildedir;<\/span><\/p>\r\n<ul>\r\n<li><span style=\"font-family: Roboto; font-size: 14px;\">Pakistan\u2019\u0131n ve Pakistan vatanda\u015flar\u0131n\u0131n T\u00fcrkiye\u2019deki haklar\u0131n\u0131 T\u00fcrkiye hukukuna, Pakistan hukukuna ve uluslararas\u0131 hukuka ba\u011fl\u0131 olarak korumaktad\u0131r.<\/span><\/li>\r\n<li><span style=\"font-family: Roboto; font-size: 14px;\">Ankara\u2019da bulunan <strong>Pakistan B\u00fcy\u00fckel\u00e7ili\u011fi,<\/strong> T\u00fcrkiye ile Pakistan aras\u0131ndaki ili\u015fkileri ve m\u00fczakereleri y\u00fcr\u00fctmek ve y\u00f6netmektedir.<\/span><\/li>\r\n<li><span style=\"font-family: Roboto; font-size: 14px;\">Ankara\u2019daki Pakistan B\u00fcy\u00fckel\u00e7ili\u011fi, T\u00fcrkiye ile Pakistan aras\u0131ndaki dostluk ili\u015fkileri kurmay\u0131, Pakistan\u2019\u0131n T\u00fcrkiye ile aras\u0131nda bulunan sosyal, k\u00fclt\u00fcrel ve diplomatik ili\u015fkileri geli\u015ftirmektedir.<\/span><\/li>\r\n<li><span style=\"font-family: Roboto; font-size: 14px;\"><strong>Pakistan Ankara B\u00fcy\u00fckel\u00e7ili\u011fi<\/strong>, T\u00fcrkiye\u2019deki geli\u015fmeleri yak\u0131ndan takip ederek, Pakistan kamuoyunu bilgilendirmektedir. T\u00fcrk kamuoyunu ise Pakistan g\u00fcndemi hakk\u0131nda bilgilendirmektedir.<\/span><\/li>\r\n<li><span style=\"font-family: Roboto; font-size: 14px;\">T\u00fcrkiye\u2019de bulunan Pakistan vatanda\u015flar\u0131na konsolosluk ve noter hizmeti vermektedir.<\/span><\/li>\r\n<li><span style=\"font-family: Roboto; font-size: 14px;\">Pakistan\u2019a seyahat etmek isteyen\u00a0T\u00fcrkiye cumhuriyeti vatanda\u015flar\u0131na Pakistan vize hizmeti vermektedir.\u00a0<\/span><\/li>\r\n<\/ul>\r\n<h2><span style=\"font-family: Roboto; font-size: 27px;\"><strong>Pakistan Ankara B\u00fcy\u00fckel\u00e7ili\u011fi \u00c7al\u0131\u015fma Saatleri<\/strong><\/span><\/h2>\r\n<p><span style=\"font-family: Roboto; font-size: 14px;\"><strong>Pakistan Ankara B\u00fcy\u00fckel\u00e7ili\u011fi,<\/strong> hafta i\u00e7i saat 10.00 ile 16.00 aras\u0131nda \u00e7al\u0131\u015fmaktad\u0131r.<\/span><\/p>\r\n<h2><span style=\"font-family: Roboto; font-size: 27px;\"><strong>Pakistan Ankara B\u00fcy\u00fckel\u00e7ili\u011fi Adresi<\/strong><\/span><\/h2>\r\n<p><span style=\"font-family: Roboto; font-size: 14px;\">Adres: Gaziosmanpa\u015fa Mahallesi, \u0130ran Caddesi, No:37, PK: 06700 \u00c7ankaya\/Ankara<\/span><\/p>\r\n<p><span style=\"font-family: Roboto;\"><\/span><\/p>","protected":false},"excerpt":{"rendered":"<p>Pakistan Ankara Konsoloslu\u011fu G\u00f6rev B\u00f6lgesi:\u00a0Ankara ve \u00e7evre illerde ikametg\u00e2h\u0131 olan T\u00fcrkiye Cumhuriyeti vatanda\u015flar\u0131, vize i\u015flemlerini Pakistan Ankara Konsoloslu\u011fu\u2019ndan yapabilirler.Pakistan Ankara Konsoloslu\u011fu \u00c7al\u0131\u015fma Saatleri:\u00a0Hafta i\u00e7i memuriyet saatleriyle \u00e7al\u0131\u015fma saatleri ayn\u0131d\u0131r. Pazartesi-Cuma g\u00fcnleri 09.00-17.00 aras\u0131 konsolosluk i\u015flemleri ger\u00e7ekle\u015ftirilebilir.Pakistan Ankara Konsoloslu\u011fundan Yap\u0131lacak \u0130\u015flemleri Nelerdir?Pakistan Ankara Konsoloslu\u011fu ve di\u011fer Pakistan Konsolosluklar\u0131 faaliyet alanlar\u0131nda ve yak\u0131n b\u00f6lgelerde ikametg\u00e2h\u0131 olan ki\u015filerin<\/p>\n","protected":false},"author":1,"featured_media":0,"parent":69,"menu_order":0,"comment_status":"open","ping_status":"closed","template":"","meta":{"footnotes":""},"class_list":["post-72","page","type-page","status-publish","hentry"],"yoast_head":"<!-- This site is optimized with the Yoast SEO plugin v24.0 - https:\/\/yoast.com\/wordpress\/plugins\/seo\/ -->\n<title>Pakistan Ankara B\u00fcy\u00fckel\u00e7ili\u011fi Vize \u0130\u015flemleri - MyVize<\/title>\n<meta name=\"description\" content=\"Pakistan B\u00fcy\u00fckel\u00e7ili\u011fi Ankara \u00e7al\u0131\u015fma saatleri. Pakistan B\u00fcy\u00fckel\u00e7ili\u011fi Ankara ula\u015f\u0131m, ileti\u015fim bilgileri ve faaliyet alan\u0131.\" \/>\n<meta name=\"robots\" content=\"index, follow, max-snippet:-1, max-image-preview:large, max-video-preview:-1\" \/>\n<link rel=\"canonical\" href=\"https:\/\/www.myvize.com.tr\/pakistan\/konsolosluklar\/ankara-buyukelciligi\/\" \/>\n<meta property=\"og:locale\" content=\"tr_TR\" \/>\n<meta property=\"og:type\" content=\"article\" \/>\n<meta property=\"og:title\" content=\"Pakistan Ankara B\u00fcy\u00fckel\u00e7ili\u011fi Vize \u0130\u015flemleri - MyVize\" \/>\n<meta property=\"og:description\" content=\"Pakistan B\u00fcy\u00fckel\u00e7ili\u011fi Ankara \u00e7al\u0131\u015fma saatleri. Pakistan B\u00fcy\u00fckel\u00e7ili\u011fi Ankara ula\u015f\u0131m, ileti\u015fim bilgileri ve faaliyet alan\u0131.\" \/>\n<meta property=\"og:url\" content=\"https:\/\/www.myvize.com.tr\/pakistan\/konsolosluklar\/ankara-buyukelciligi\/\" \/>\n<meta property=\"og:site_name\" content=\"Pakistan Vizesi\" \/>\n<meta property=\"article:modified_time\" content=\"2022-04-30T10:21:05+00:00\" \/>\n<meta name=\"twitter:card\" content=\"summary_large_image\" \/>\n<meta name=\"twitter:label1\" content=\"Tahmini okuma s\u00fcresi\" \/>\n\t<meta name=\"twitter:data1\" content=\"2 dakika\" \/>\n<script type=\"application\/ld+json\" class=\"yoast-schema-graph\">{\"@context\":\"https:\/\/schema.org\",\"@graph\":[{\"@type\":\"WebPage\",\"@id\":\"https:\/\/www.myvize.com.tr\/pakistan\/konsolosluklar\/ankara-buyukelciligi\/\",\"url\":\"https:\/\/www.myvize.com.tr\/pakistan\/konsolosluklar\/ankara-buyukelciligi\/\",\"name\":\"Pakistan Ankara B\u00fcy\u00fckel\u00e7ili\u011fi Vize \u0130\u015flemleri - MyVize\",\"isPartOf\":{\"@id\":\"https:\/\/www.myvize.com.tr\/pakistan\/#website\"},\"datePublished\":\"2020-11-30T09:59:09+00:00\",\"dateModified\":\"2022-04-30T10:21:05+00:00\",\"description\":\"Pakistan B\u00fcy\u00fckel\u00e7ili\u011fi Ankara \u00e7al\u0131\u015fma saatleri. Pakistan B\u00fcy\u00fckel\u00e7ili\u011fi Ankara ula\u015f\u0131m, ileti\u015fim bilgileri ve faaliyet alan\u0131.\",\"breadcrumb\":{\"@id\":\"https:\/\/www.myvize.com.tr\/pakistan\/konsolosluklar\/ankara-buyukelciligi\/#breadcrumb\"},\"inLanguage\":\"tr\",\"potentialAction\":[{\"@type\":\"ReadAction\",\"target\":[\"https:\/\/www.myvize.com.tr\/pakistan\/konsolosluklar\/ankara-buyukelciligi\/\"]}]},{\"@type\":\"BreadcrumbList\",\"@id\":\"https:\/\/www.myvize.com.tr\/pakistan\/konsolosluklar\/ankara-buyukelciligi\/#breadcrumb\",\"itemListElement\":[{\"@type\":\"ListItem\",\"position\":1,\"name\":\"Anasayfa\",\"item\":\"https:\/\/www.myvize.com.tr\/pakistan\/\"},{\"@type\":\"ListItem\",\"position\":2,\"name\":\"KONSOLOSLUKLAR\",\"item\":\"https:\/\/www.myvize.com.tr\/pakistan\/konsolosluklar\/\"},{\"@type\":\"ListItem\",\"position\":3,\"name\":\"Pakistan Ankara B\u00fcy\u00fckel\u00e7ili\u011fi\"}]},{\"@type\":\"WebSite\",\"@id\":\"https:\/\/www.myvize.com.tr\/pakistan\/#website\",\"url\":\"https:\/\/www.myvize.com.tr\/pakistan\/\",\"name\":\"Pakistan Vizesi\",\"description\":\"\",\"potentialAction\":[{\"@type\":\"SearchAction\",\"target\":{\"@type\":\"EntryPoint\",\"urlTemplate\":\"https:\/\/www.myvize.com.tr\/pakistan\/?s={search_term_string}\"},\"query-input\":{\"@type\":\"PropertyValueSpecification\",\"valueRequired\":true,\"valueName\":\"search_term_string\"}}],\"inLanguage\":\"tr\"}]}<\/script>\n<!-- \/ Yoast SEO plugin. -->","yoast_head_json":{"title":"Pakistan Ankara B\u00fcy\u00fckel\u00e7ili\u011fi Vize \u0130\u015flemleri - MyVize","description":"Pakistan B\u00fcy\u00fckel\u00e7ili\u011fi Ankara \u00e7al\u0131\u015fma saatleri. Pakistan B\u00fcy\u00fckel\u00e7ili\u011fi Ankara ula\u015f\u0131m, ileti\u015fim bilgileri ve faaliyet alan\u0131.","robots":{"index":"index","follow":"follow","max-snippet":"max-snippet:-1","max-image-preview":"max-image-preview:large","max-video-preview":"max-video-preview:-1"},"canonical":"https:\/\/www.myvize.com.tr\/pakistan\/konsolosluklar\/ankara-buyukelciligi\/","og_locale":"tr_TR","og_type":"article","og_title":"Pakistan Ankara B\u00fcy\u00fckel\u00e7ili\u011fi Vize \u0130\u015flemleri - MyVize","og_description":"Pakistan B\u00fcy\u00fckel\u00e7ili\u011fi Ankara \u00e7al\u0131\u015fma saatleri. Pakistan B\u00fcy\u00fckel\u00e7ili\u011fi Ankara ula\u015f\u0131m, ileti\u015fim bilgileri ve faaliyet alan\u0131.","og_url":"https:\/\/www.myvize.com.tr\/pakistan\/konsolosluklar\/ankara-buyukelciligi\/","og_site_name":"Pakistan Vizesi","article_modified_time":"2022-04-30T10:21:05+00:00","twitter_card":"summary_large_image","twitter_misc":{"Tahmini okuma s\u00fcresi":"2 dakika"},"schema":{"@context":"https:\/\/schema.org","@graph":[{"@type":"WebPage","@id":"https:\/\/www.myvize.com.tr\/pakistan\/konsolosluklar\/ankara-buyukelciligi\/","url":"https:\/\/www.myvize.com.tr\/pakistan\/konsolosluklar\/ankara-buyukelciligi\/","name":"Pakistan Ankara B\u00fcy\u00fckel\u00e7ili\u011fi Vize \u0130\u015flemleri - MyVize","isPartOf":{"@id":"https:\/\/www.myvize.com.tr\/pakistan\/#website"},"datePublished":"2020-11-30T09:59:09+00:00","dateModified":"2022-04-30T10:21:05+00:00","description":"Pakistan B\u00fcy\u00fckel\u00e7ili\u011fi Ankara \u00e7al\u0131\u015fma saatleri. Pakistan B\u00fcy\u00fckel\u00e7ili\u011fi Ankara ula\u015f\u0131m, ileti\u015fim bilgileri ve faaliyet alan\u0131.","breadcrumb":{"@id":"https:\/\/www.myvize.com.tr\/pakistan\/konsolosluklar\/ankara-buyukelciligi\/#breadcrumb"},"inLanguage":"tr","potentialAction":[{"@type":"ReadAction","target":["https:\/\/www.myvize.com.tr\/pakistan\/konsolosluklar\/ankara-buyukelciligi\/"]}]},{"@type":"BreadcrumbList","@id":"https:\/\/www.myvize.com.tr\/pakistan\/konsolosluklar\/ankara-buyukelciligi\/#breadcrumb","itemListElement":[{"@type":"ListItem","position":1,"name":"Anasayfa","item":"https:\/\/www.myvize.com.tr\/pakistan\/"},{"@type":"ListItem","position":2,"name":"KONSOLOSLUKLAR","item":"https:\/\/www.myvize.com.tr\/pakistan\/konsolosluklar\/"},{"@type":"ListItem","position":3,"name":"Pakistan Ankara B\u00fcy\u00fckel\u00e7ili\u011fi"}]},{"@type":"WebSite","@id":"https:\/\/www.myvize.com.tr\/pakistan\/#website","url":"https:\/\/www.myvize.com.tr\/pakistan\/","name":"Pakistan Vizesi","description":"","potentialAction":[{"@type":"SearchAction","target":{"@type":"EntryPoint","urlTemplate":"https:\/\/www.myvize.com.tr\/pakistan\/?s={search_term_string}"},"query-input":{"@type":"PropertyValueSpecification","valueRequired":true,"valueName":"search_term_string"}}],"inLanguage":"tr"}]}},"_links":{"self":[{"href":"https:\/\/www.myvize.com.tr\/pakistan\/wp-json\/wp\/v2\/pages\/72","targetHints":{"allow":["GET"]}}],"collection":[{"href":"https:\/\/www.myvize.com.tr\/pakistan\/wp-json\/wp\/v2\/pages"}],"about":[{"href":"https:\/\/www.myvize.com.tr\/pakistan\/wp-json\/wp\/v2\/types\/page"}],"author":[{"embeddable":true,"href":"https:\/\/www.myvize.com.tr\/pakistan\/wp-json\/wp\/v2\/users\/1"}],"replies":[{"embeddable":true,"href":"https:\/\/www.myvize.com.tr\/pakistan\/wp-json\/wp\/v2\/comments?post=72"}],"version-history":[{"count":5,"href":"https:\/\/www.myvize.com.tr\/pakistan\/wp-json\/wp\/v2\/pages\/72\/revisions"}],"predecessor-version":[{"id":648,"href":"https:\/\/www.myvize.com.tr\/pakistan\/wp-json\/wp\/v2\/pages\/72\/revisions\/648"}],"up":[{"embeddable":true,"href":"https:\/\/www.myvize.com.tr\/pakistan\/wp-json\/wp\/v2\/pages\/69"}],"wp:attachment":[{"href":"https:\/\/www.myvize.com.tr\/pakistan\/wp-json\/wp\/v2\/media?parent=72"}],"curies":[{"name":"wp","href":"https:\/\/api.w.org\/{rel}","templated":true}]}}